{"id":25996,"date":"2025-02-05T18:57:33","date_gmt":"2025-02-05T17:57:33","guid":{"rendered":"https:\/\/wellnesspatince.sk\/szallas-csomagok\/rodinnepobyty\/"},"modified":"2026-03-16T06:17:36","modified_gmt":"2026-03-16T05:17:36","slug":"csaladiszallas","status":"publish","type":"page","link":"https:\/\/wellnesspatince.sk\/hu\/szallas-csomagok\/csaladiszallas\/","title":{"rendered":"Csal\u00e1di tart\u00f3zkod\u00e1s &#8211; Gyermekek 12 \u00e9ves korig ingyenesek"},"content":{"rendered":"<p>[vc_row row_content_width=&#8221;grid&#8221; css=&#8221;.vc_custom_1494578109812{padding-top: 110px !important;padding-bottom: 75px !important;}&#8221;][vc_column]<div class=\"mkdf-section-title-holder  mkdf-st-elegant  mkdf-st-title-left mkdf-st-normal-space \" >\n\t<div class=\"mkdf-st-inner\">\n\t\t\t\t\t<h6 class=\"mkdf-st-subtitle\" >\n\t\t\t\tGyermekek 12 \u00e9vig ingyenesen\t\t\t<\/h6>\n\t\t\t\t\t\t\t<h2 class=\"mkdf-st-title\" style=\"font-weight: 500;color: #04adaa\">\n\t\t\t\tCSAL\u00c1DI TART\u00d3ZKOD\u00c1S - GYERMEKEK 12 \u00c9VES KORIG INGYENESEK\t\t\t\t\t\t\t\t\t<span class=\"mkdf-st-e-separator\" ><\/span>\n\t\t\t\t\t\t\t<\/h2>\n\t\t\t\t\t\t\t\t\t<span class=\"mkdf-st-text\" style=\"line-height:30px;margin-top:15px\">\n\t\t\t\tN\u00e1lunk mindig a gyermekes csal\u00e1dok az els\u0151k, ez\u00e9rt is nagy \u00f6r\u00f6m\u00fcnkre szolg\u00e1lunk ezzel a k\u00fcl\u00f6nleges kedvezm\u00e9nnyel. Ezen k\u00edv\u00fcl 6 \u00e9ven aluliak sz\u00e1m\u00e1ra a tart\u00f3zkod\u00e1s teljesen ingyenes! Hagyja, hogy a gyerekek k\u00e9nyeztessenek el magukkal \u00e9s pihenjenek egy\u00fctt \u00d6nnel a Wellness Hotel Patince kellemes l\u00e9gk\u00f6r\u00e9ben. Csal\u00e1di l\u00e1tnival\u00f3k v\u00e1rnak minden alkalommal. A Wellness Hotel Patince rengeteg sz\u00f3rakoz\u00e1st \u00e9s kalandot k\u00edn\u00e1l az eg\u00e9sz csal\u00e1dnak\t\t\t<\/span>\n\t\t\t<\/div>\n<\/div>[vc_separator]<div class=\"mkdf-image-gallery  mkdf-ig-grid-type  mkdf-image-behavior-zoom \">\n\t<div class=\"mkdf-ig-inner mkdf-ig-grid mkdf-ig-four-columns mkdf-ig-small-space\">\n\t\t\t\t\t<div class=\"mkdf-ig-image\">\n\t\t\t\t<div class=\"mkdf-ig-image-inner\">\n\t\t\t\t\t\t\t\t\t\t\t<img loading=\"lazy\" decoding=\"async\" src=\"https:\/\/wellnesspatince.sk\/wp-content\/uploads\/2023\/10\/WH_Patince_Panorama_1920_26-1920x1080.jpg\" alt=\"\" width=\"1920\" height=\"1080\" \/>\t\t\t\t\t\t\t\t\t<\/div>\n\t\t\t<\/div>\n\t\t\t\t\t<div class=\"mkdf-ig-image\">\n\t\t\t\t<div class=\"mkdf-ig-image-inner\">\n\t\t\t\t\t\t\t\t\t\t\t<img loading=\"lazy\" decoding=\"async\" src=\"https:\/\/wellnesspatince.sk\/wp-content\/uploads\/2025\/06\/patince_slider-1920x1080.jpeg\" alt=\"\" width=\"1920\" height=\"1080\" \/>\t\t\t\t\t\t\t\t\t<\/div>\n\t\t\t<\/div>\n\t\t\t\t\t<div class=\"mkdf-ig-image\">\n\t\t\t\t<div class=\"mkdf-ig-image-inner\">\n\t\t\t\t\t\t\t\t\t\t\t<img loading=\"lazy\" decoding=\"async\" src=\"https:\/\/wellnesspatince.sk\/wp-content\/uploads\/2023\/07\/Wellness_Hotel_Patince_2023_Detsky_kutik_LQ_21-1920x1080.jpg\" alt=\"\" width=\"1920\" height=\"1080\" \/>\t\t\t\t\t\t\t\t\t<\/div>\n\t\t\t<\/div>\n\t\t\t\t\t<div class=\"mkdf-ig-image\">\n\t\t\t\t<div class=\"mkdf-ig-image-inner\">\n\t\t\t\t\t\t\t\t\t\t\t<img loading=\"lazy\" decoding=\"async\" src=\"https:\/\/wellnesspatince.sk\/wp-content\/uploads\/2023\/10\/WH_Patince_Panorama_1920_21-1920x1080.jpg\" alt=\"\" width=\"1920\" height=\"1080\" \/>\t\t\t\t\t\t\t\t\t<\/div>\n\t\t\t<\/div>\n\t\t\t<\/div>\n<\/div><div class=\"mkdf-section-title-holder  mkdf-st-elegant  mkdf-st-title-left mkdf-st-normal-space \" >\n\t<div class=\"mkdf-st-inner\">\n\t\t\t\t\t<h6 class=\"mkdf-st-subtitle\" style=\"margin-bottom:2px\">\n\t\t\t\tA sz\u00e1ll\u00e1s tartalmazza:\t\t\t<\/h6>\n\t\t\t\t\t\t\t\t\t\t\t<span class=\"mkdf-st-text\" style=\"line-height:30px;margin-top:15px\">\n\t\t\t\t\u2022 Sz\u00e1ll\u00e1s Standard szob\u00e1kban (12 \u00e9ves korig ingyenes sz\u00e1ll\u00e1s p\u00f3t\u00e1gyon)<br \/>\n\u2022 F\u00e9lpanzi\u00f3 - sv\u00e9dasztalos reggeli \u00e9s vacsora vagy 4 fog\u00e1sos men\u00fc v\u00e1laszt\u00e1sa (italok n\u00e9lk\u00fcl)<br \/>\n\u2022 Korl\u00e1tlan bel\u00e9p\u0151 a Term\u00e1lparkba: nagy relax\u00e1ci\u00f3s medence, relax\u00e1ci\u00f3s medence, pezsg\u0151f\u00fcrd\u0151, gyermekmedence cs\u00faszd\u00e1val<br \/>\n\u2022 Korl\u00e1tlan hozz\u00e1f\u00e9r\u00e9s a wellnessk\u00f6zponthoz: finn, sv\u00e9d, gy\u00f3gyn\u00f6v\u00e9ny, g\u0151z- \u00e9s infraszauna, pezsg\u0151f\u00fcrd\u0151, h\u0171t\u0151medence, j\u00e9gpihen\u0151 \u00e9s relax\u00e1ci\u00f3s szoba.<br \/>\n\u2022 Bel\u00e9p\u00e9s a fitneszk\u00f6zpontba<br \/>\n\u2022 H\u00e9tv\u00e9gi anim\u00e1ci\u00f3s programok \u00e9s tev\u00e9kenys\u00e9gek, gyermekj\u00e1tsz\u00f3terek<br \/>\n\u2022 Ingyenes Wi-Fi kapcsolat<br \/>\n\u2022 Parkol\u00e1si lehet\u0151s\u00e9g\t\t\t<\/span>\n\t\t\t<\/div>\n<\/div>[vc_empty_space height=&#8221;20px&#8221;][vc_empty_space height=&#8221;20px&#8221;][vc_separator][vc_gallery type=&#8221;image_grid&#8221; images=&#8221;27082,27127,27084,27085,27086&#8243; img_size=&#8221;medium&#8221; css_animation=&#8221;bounceInLeft&#8221;][vc_separator]<div class=\"mkdf-section-title-holder  mkdf-st-elegant  mkdf-st-title-left mkdf-st-normal-space \" >\n\t<div class=\"mkdf-st-inner\">\n\t\t\t\t\t<h6 class=\"mkdf-st-subtitle\" style=\"margin-bottom:2px\">\n\t\t\t\tA tart\u00f3zkod\u00e1s felt\u00e9telei \u00e9s \u00e1rkalkul\u00e1ci\u00f3\t\t\t<\/h6>\n\t\t\t\t\t\t\t\t\t\t\t<span class=\"mkdf-st-text\" style=\"line-height:30px;margin-top:15px\">\n\t\t\t\t\u2022 K\u00fcl\u00f6nleges tart\u00f3zkod\u00e1s gyermekeknek 12 \u00e9ves korig p\u00f3t\u00e1gyon. A szob\u00e1k sz\u00e1ma \u00e9s az akci\u00f3 korl\u00e1tozott. Gyermekek 6 \u00e9ves korig ingyenesen, \u00e1gy n\u00e9lk\u00fcl. Az akci\u00f3 szob\u00e1nk\u00e9nt 1 p\u00f3t\u00e1gyra \u00e9rv\u00e9nyes. Fel\u00e1r ellen\u00e9ben magasabb kateg\u00f3ri\u00e1j\u00fa szob\u00e1kban val\u00f3 elhelyez\u00e9s.<br \/>\n\u2022 A tart\u00f3zkod\u00e1s 2026. j\u00fanius 30-ig foglalhat\u00f3, kiv\u00e9ve a h\u00fasv\u00e9ti id\u0151szakot 2026. \u00e1prilis 2\u20136. k\u00f6z\u00f6tt.<br \/>\n\u2022 Foglaljon sz\u00e1ll\u00e1st a rezervacie@wellnesspatince.sk e-mail c\u00edmen. Az akci\u00f3 nem \u00e9rv\u00e9nyes online foglal\u00e1s eset\u00e9n.<br \/>\n\u2022 M\u00e1s szobakateg\u00f3ri\u00e1k eset\u00e9n k\u00e9rj\u00fck, vegye fel vel\u00fcnk a kapcsolatot. Helyi illet\u00e9k: 1,00 \u20ac\/feln\u0151tt.\t\t\t<\/span>\n\t\t\t<\/div>\n<\/div>[\/vc_column][\/vc_row][vc_row row_content_width=&#8221;grid&#8221; css=&#8221;.vc_custom_1494246094601{padding-top: 20px !important;padding-bottom: 50px !important;}&#8221;][vc_column offset=&#8221;vc_col-lg-4 vc_col-md-12&#8243;]<div class=\"mkdf-iwt clearfix  mkdf-iwt-icon-left mkdf-iwt-icon-tiny mkdf-iwt-has-separator\">\n\t<div class=\"mkdf-iwt-icon\">\n\t\t\t\t\t<a itemprop=\"url\" href=\"https:\/\/wellnesspatince.sk\/informacie\/\" target=\"_blank\">\n\t\t\t\t\t\t\t\t\t    <span class=\"mkdf-icon-shortcode mkdf-circle   mkdf-icon-tiny\" style=\"background-color: #333132\" data-hover-background-color=\"#c59d5f\">\n                    <i class=\"mkdf-icon-font-awesome fa fa-info mkdf-icon-element\" style=\"\" ><\/i>            <\/span>\n\t\t\t\t\t\t\t\t<\/a>\n\t\t\t<\/div>\n\t<div class=\"mkdf-iwt-content\" style=\"padding: 0px 50px 0 16px\">\n\t\t\t\t\t<h5 class=\"mkdf-iwt-title\" style=\"margin-top:12px\">\n\t\t\t\t\t\t\t\t\t<a itemprop=\"url\" href=\"https:\/\/wellnesspatince.sk\/informacie\/\" target=\"_blank\">\n\t\t\t\t\t\t\t\t<span class=\"mkdf-iwt-title-text\">A TART\u00d3ZKOD\u00c1SSAL KAPCSOLATOS INFORM\u00c1CI\u00d3K<\/span>\n\t\t\t\t\t\t\t\t\t<\/a>\n\t\t\t\t\t\t\t\t\t\t\t\t\t<span class=\"mkdf-iwt-small-separator\" ><\/span>\n\t\t\t\t\t\t\t<\/h5>\n\t\t\t\t\t\t\t\t\t<p class=\"mkdf-iwt-text\" >A legfontosabb inform\u00e1ci\u00f3k a sz\u00e1llod\u00e1nkban val\u00f3 tart\u00f3zkod\u00e1s\u00e1hoz.<\/p>\n\t\t\t\t\t\t\t<a itemprop=\"url\" href=\"https:\/\/wellnesspatince.sk\/informacie\/\" target=\"_blank\" class=\"mkdf-iwt-link-text mkdf-btn mkdf-btn-simple\">\n\t\t\t\t<span class=\"mkdf-btn-text\">Tov\u00e1bbi inform\u00e1ci\u00f3k<\/span>\n\t\t\t<\/a>\n\t\t\t<\/div>\n<\/div>[\/vc_column][vc_column offset=&#8221;vc_col-lg-4 vc_col-md-12&#8243;]<div class=\"mkdf-iwt clearfix  mkdf-iwt-icon-left mkdf-iwt-icon-tiny mkdf-iwt-has-separator\">\n\t<div class=\"mkdf-iwt-icon\">\n\t\t\t\t\t\t\t\t\t    <span class=\"mkdf-icon-shortcode mkdf-circle   mkdf-icon-tiny\" style=\"background-color: #333132\" data-hover-background-color=\"#c59d5f\">\n                    <i class=\"mkdf-icon-linear-icon lnr lnr-phone mkdf-icon-element\" style=\"\" ><\/i>            <\/span>\n\t\t\t\t\t\t<\/div>\n\t<div class=\"mkdf-iwt-content\" style=\"padding: 0px 50px 0 16px\">\n\t\t\t\t\t<h5 class=\"mkdf-iwt-title\" style=\"margin-top:12px\">\n\t\t\t\t\t\t\t\t<span class=\"mkdf-iwt-title-text\">Tart\u00f3zkod\u00e1s foglal\u00e1sa<\/span>\n\t\t\t\t\t\t\t\t\t\t\t\t\t<span class=\"mkdf-iwt-small-separator\" ><\/span>\n\t\t\t\t\t\t\t<\/h5>\n\t\t\t\t\t\t\t\t\t<p class=\"mkdf-iwt-text\" >Email : rezervacie@wellnesspatince.sk Mobil: +421 917 654 875<\/p>\n\t\t\t\t\t<\/div>\n<\/div>[\/vc_column][vc_column offset=&#8221;vc_col-lg-4 vc_col-md-12&#8243;]<div class=\"mkdf-iwt clearfix  mkdf-iwt-icon-left mkdf-iwt-icon-tiny mkdf-iwt-has-separator\">\n\t<div class=\"mkdf-iwt-icon\">\n\t\t\t\t\t\t\t\t\t    <span class=\"mkdf-icon-shortcode mkdf-circle   mkdf-icon-tiny\" style=\"background-color: #333132\" data-hover-background-color=\"#c59d5f\">\n                    <i class=\"mkdf-icon-font-awesome fa fa-calendar mkdf-icon-element\" style=\"\" ><\/i>            <\/span>\n\t\t\t\t\t\t<\/div>\n\t<div class=\"mkdf-iwt-content\" style=\"padding: 0 50px 0 16px\">\n\t\t\t\t\t<h5 class=\"mkdf-iwt-title\" style=\"margin-top:12px\">\n\t\t\t\t\t\t\t\t<span class=\"mkdf-iwt-title-text\">A tart\u00f3zkod\u00e1s \u00e9rv\u00e9nyess\u00e9ge<\/span>\n\t\t\t\t\t\t\t\t\t\t\t\t\t<span class=\"mkdf-iwt-small-separator\" ><\/span>\n\t\t\t\t\t\t\t<\/h5>\n\t\t\t\t\t\t\t\t\t<p class=\"mkdf-iwt-text\" >A tart\u00f3zkod\u00e1s 2026. j\u00fanius 30-ig foglalhat\u00f3, kiv\u00e9ve a h\u00fasv\u00e9ti id\u0151szakot 2026. \u00e1prilis 2\u20136. k\u00f6z\u00f6tt.<\/p>\n\t\t\t\t\t<\/div>\n<\/div>[\/vc_column][\/vc_row][vc_row row_content_width=&#8221;grid&#8221; simple_background_color=&#8221;#04adaa&#8221; css=&#8221;.vc_custom_1676018120294{padding-top: 70px !important;padding-bottom: 70px !important;background-color: #04adaa !important;}&#8221;][vc_column]<div class=\"mkdf-call-to-action-holder  mkdf-normal-layout  mkdf-three-quarters-columns\">\n\t<div class=\"mkdf-cta-inner \">\n\t\t<div class=\"mkdf-cta-text-holder\">\n\t\t\t<div class=\"mkdf-cta-text\"><em><span style=\"color: #ffffff;\">Csal\u00e1di tart\u00f3zkod\u00e1s csak a rezervacie@wellnesspatince.sk e-mail c\u00edmen kereszt\u00fcl foglalhat\u00f3, m\u00e1s csomagok online foglalhat\u00f3k.<\/span><\/em><\/p>\n<h3><span style=\"color: #ffffff;\">\u00dcD\u00dcL\u00c9SI CSOMAGOK ONLINE FOGLAL\u00c1SA<\/span><\/h3>\n<\/div>\n\t\t<\/div>\n\t\t<div class=\"mkdf-cta-button-holder\" >\n\t\t\t<div class=\"mkdf-cta-button\"><a itemprop=\"url\" href=\"https:\/\/rezervacie.wellnesspatince.sk\/\" target=\"_blank\"  class=\"mkdf-btn mkdf-btn-medium mkdf-btn-solid mkdf-btn-custom-hover-bg mkdf-btn-custom-hover-color mkdf-btn-icon\" data-hover-color=\"#333132\" data-hover-bg-color=\"#ffffff\" >    <span class=\"mkdf-btn-text\">Sz\u00e1ll\u00e1shely foglal\u00e1s itt<\/span>    <i class=\"mkdf-icon-linear-icon lnr lnr-arrow-right \" ><\/i><\/a><\/div>\n\t\t<\/div>\n\t<\/div>\n<\/div>[\/vc_column][\/vc_row]<\/p>\n","protected":false},"excerpt":{"rendered":"<p>[vc_row row_content_width=&#8221;grid&#8221; css=&#8221;.vc_custom_1494578109812{padding-top: 110px !important;padding-bottom: 75px !important;}&#8221;][vc_column][vc_separator][vc_empty_space height=&#8221;20px&#8221;][vc_empty_space height=&#8221;20px&#8221;][vc_separator][vc_gallery type=&#8221;image_grid&#8221; images=&#8221;27082,27127,27084,27085,27086&#8243; img_size=&#8221;medium&#8221; css_animation=&#8221;bounceInLeft&#8221;][vc_separator][\/vc_column][\/vc_row][vc_row row_content_width=&#8221;grid&#8221; css=&#8221;.vc_custom_1494246094601{padding-top: 20px !important;padding-bottom: 50px !important;}&#8221;][vc_column offset=&#8221;vc_col-lg-4 vc_col-md-12&#8243;][\/vc_column][vc_column offset=&#8221;vc_col-lg-4 vc_col-md-12&#8243;][\/vc_column][vc_column offset=&#8221;vc_col-lg-4 vc_col-md-12&#8243;][\/vc_column][\/vc_row][vc_row row_content_width=&#8221;grid&#8221; simple_background_color=&#8221;#04adaa&#8221; css=&#8221;.vc_custom_1676018120294{padding-top: 70px !important;padding-bottom: 70px !important;background-color: #04adaa !important;}&#8221;][vc_column][\/vc_column][\/vc_row]<\/p>\n","protected":false},"author":2,"featured_media":0,"parent":21443,"menu_order":0,"comment_status":"closed","ping_status":"closed","template":"full-width.php","meta":{"inline_featured_image":false,"footnotes":"","_wp_rev_ctl_limit":""},"class_list":["post-25996","page","type-page","status-publish","hentry"],"_links":{"self":[{"href":"https:\/\/wellnesspatince.sk\/hu\/wp-json\/wp\/v2\/pages\/25996","targetHints":{"allow":["GET"]}}],"collection":[{"href":"https:\/\/wellnesspatince.sk\/hu\/wp-json\/wp\/v2\/pages"}],"about":[{"href":"https:\/\/wellnesspatince.sk\/hu\/wp-json\/wp\/v2\/types\/page"}],"author":[{"embeddable":true,"href":"https:\/\/wellnesspatince.sk\/hu\/wp-json\/wp\/v2\/users\/2"}],"replies":[{"embeddable":true,"href":"https:\/\/wellnesspatince.sk\/hu\/wp-json\/wp\/v2\/comments?post=25996"}],"version-history":[{"count":15,"href":"https:\/\/wellnesspatince.sk\/hu\/wp-json\/wp\/v2\/pages\/25996\/revisions"}],"predecessor-version":[{"id":27144,"href":"https:\/\/wellnesspatince.sk\/hu\/wp-json\/wp\/v2\/pages\/25996\/revisions\/27144"}],"up":[{"embeddable":true,"href":"https:\/\/wellnesspatince.sk\/hu\/wp-json\/wp\/v2\/pages\/21443"}],"wp:attachment":[{"href":"https:\/\/wellnesspatince.sk\/hu\/wp-json\/wp\/v2\/media?parent=25996"}],"curies":[{"name":"wp","href":"https:\/\/api.w.org\/{rel}","templated":true}]}}