{"id":22753,"date":"2023-10-01T08:24:07","date_gmt":"2023-10-01T06:24:07","guid":{"rendered":"https:\/\/wellnesspatince.sk\/panorama-restaurant-bar\/"},"modified":"2025-05-02T15:35:03","modified_gmt":"2025-05-02T13:35:03","slug":"panorama-restaurant-bar","status":"publish","type":"page","link":"https:\/\/wellnesspatince.sk\/hu\/panorama-restaurant-bar\/","title":{"rendered":"Panorama Restaurant &#038; Bar"},"content":{"rendered":"<p>[vc_row css=&#8221;.vc_custom_1514288437790{padding-top: 50px !important;padding-bottom: 50px !important;}&#8221;][vc_column][vc_empty_space]<div class=\"mkdf-section-title-holder  mkdf-st-standard mkdf-st-ha-center mkdf-st-title-left mkdf-st-normal-space \" style=\"text-align: center\">\n\t<div class=\"mkdf-st-inner\">\n\t\t\t\t\t\t\t<h1 class=\"mkdf-st-title\" >\n\t\t\t\tPANORAMA RESTAURANT &amp; BAR\t\t\t\t\t\t\t<\/h1>\n\t\t\t\t\t\t\t<div class=\"mkdf-st-separator\" style=\"background-color: #c59d5f\"><\/div>\n\t\t\t\t\t<\/div>\n<\/div>[\/vc_column][\/vc_row][vc_row equal_height=&#8221;yes&#8221; css=&#8221;.vc_custom_1493379978370{background-color: #fbf9f9 !important;}&#8221;][vc_column css=&#8221;.vc_custom_1696141663450{padding-top: 28% !important;padding-bottom: 28% !important;background-image: url(https:\/\/wellnesspatince.sk\/wp-content\/uploads\/2023\/10\/image00001-1.jpeg?id=22721) !important;background-position: center !important;background-repeat: no-repeat !important;background-size: cover !important;}&#8221; offset=&#8221;vc_col-lg-offset-0 vc_col-lg-6 vc_col-md-12 vc_col-sm-offset-0&#8243;][\/vc_column][vc_column offset=&#8221;vc_col-lg-offset-0 vc_col-lg-6 vc_col-md-12 vc_col-sm-offset-0&#8243;]<div class=\"mkdf-elements-holder   mkdf-one-column  mkdf-responsive-mode-768 \" ><div class=\"mkdf-eh-item    \"  data-item-class=\"mkdf-eh-custom-5411\" data-1024-1280=\"13% 13% 20% 13%\" data-768-1024=\"5% 15% 0% 12%\" data-680-768=\"5% 16% 0% 9%\" data-680=\"5% 5% 0% 6%\">\n\t<div class=\"mkdf-eh-item-inner\">\n\t\t<div class=\"mkdf-eh-item-content mkdf-eh-custom-5411\" style=\"padding: 15% 17% 19% 18%\">\n\t\t\t<div class=\"mkdf-section-title-holder  mkdf-st-elegant  mkdf-st-title-left mkdf-st-normal-space \" >\n\t<div class=\"mkdf-st-inner\">\n\t\t\t\t\t\t\t<h2 class=\"mkdf-st-title\" style=\"color: #04adaa\">\n\t\t\t\tPANORAMA RESTAURANT &amp; BAR\t\t\t\t\t\t\t\t\t<span class=\"mkdf-st-e-separator\" ><\/span>\n\t\t\t\t\t\t\t<\/h2>\n\t\t\t\t\t\t\t\t\t<span class=\"mkdf-st-text\" style=\"line-height:30px;margin-top:15px\">\n\t\t\t\tPanor\u00e1ma \u00e9tterm\u00fcnk olyan \u00e9telek sz\u00e9les v\u00e1laszt\u00e9k\u00e1t k\u00edn\u00e1lja, amelyek minden \u00ednyencet kiel\u00e9g\u00edtenek. K\u00fcl\u00f6nf\u00e9le f\u0151\u00e9teleket, desszerteket \u00e9s a s\u00e9fek specialit\u00e1sait k\u00edn\u00e1ljuk. Az \u00e9telek mellett egy cs\u00e9sze finom k\u00e1v\u00e9t is fogyaszthat, vagy v\u00e1laszthat italaink sz\u00e9les v\u00e1laszt\u00e9k\u00e1b\u00f3l, bele\u00e9rtve a friss\u00edt\u0151 kokt\u00e9lokat is. Ez a t\u00f6k\u00e9letes m\u00f3dja annak, hogy egy kellemes pihen\u00e9ssel k\u00e9nyeztesse mag\u00e1t \u00fasz\u00e1s vagy a medence melletti pihen\u00e9s ut\u00e1n. Az \u00e9tterem 14:00 \u00f3r\u00e1ig szolg\u00e1l fel eb\u00e9det. Fiatalabb vend\u00e9geink sz\u00e1m\u00e1ra k\u00f6zvetlen\u00fcl az \u00e9tterem mellett tal\u00e1lhat\u00f3 a Flippy's Park nev\u0171 j\u00e1tsz\u00f3t\u00e9r. Ott a gyerekek j\u00e1tszhatnak, felfedezhetnek \u00e9s felejthetetlen pillanatokat szerezhetnek. Szombatonk\u00e9nt s\u00fct\u0151\/f\u0151z\u0151 iskola is m\u0171k\u00f6dik, ahol gyermekei kipr\u00f3b\u00e1lhatj\u00e1k kulin\u00e1ris k\u00e9pess\u00e9geiket, sz\u00f3rakozhatnak anim\u00e1torainkkal, \u00e9s a v\u00e9g\u00e9n egy\u00fctt fogyaszthatnak el egy nagyszer\u0171 pizz\u00e1t vagy s\u00fctem\u00e9nyt.\t\t\t<\/span>\n\t\t\t<\/div>\n<\/div>[vc_empty_space]<a itemprop=\"url\" href=\"https:\/\/wellnesspatince.sk\/wp-content\/uploads\/2025\/05\/Menu_Restaurant_tabula_2024_2300x900mm_opos_TLAC.pdf\" target=\"_blank\" style=\"color: #ffffff;background-color: #04adaa;border-color: #04adaa\" class=\"mkdf-btn mkdf-btn-medium mkdf-btn-solid mkdf-btn-custom-hover-bg mkdf-btn-custom-border-hover mkdf-btn-custom-hover-color mkdf-btn-icon\" data-hover-color=\"#ffffff\" data-hover-bg-color=\"#333132\" data-hover-border-color=\"#333132\" >\n    <span class=\"mkdf-btn-text\">Tekintse meg a men\u00fct<\/span>\n    <i class=\"mkdf-icon-linear-icon lnr lnr-arrow-right \" ><\/i><\/a>\t\t<\/div>\n\t<\/div>\n<\/div><\/div>[\/vc_column][\/vc_row][vc_row row_content_width=&#8221;grid&#8221; content_text_aligment=&#8221;center&#8221; css=&#8221;.vc_custom_1493383119559{padding-top: 120px !important;padding-bottom: 85px !important;}&#8221;][vc_column width=&#8221;1\/2&#8243; offset=&#8221;vc_col-lg-3 vc_col-md-6&#8243;]<div class=\"mkdf-iwt clearfix  mkdf-iwt-icon-top mkdf-iwt-icon-medium mkdf-iwt-has-separator\">\n\t<div class=\"mkdf-iwt-icon\">\n\t\t\t\t\t<a itemprop=\"url\" href=\"#\" target=\"_self\">\n\t\t\t\t\t\t\t\t\t    <span class=\"mkdf-icon-shortcode mkdf-normal   mkdf-icon-medium\"  data-hover-color=\"#333132\" data-color=\"#c59d5f\">\n                    <i class=\"mkdf-icon-linea-icon icon-basic-rss mkdf-icon-element\" style=\"color: #c59d5f;font-size:60px\" ><\/i>            <\/span>\n\t\t\t\t\t\t\t\t<\/a>\n\t\t\t<\/div>\n\t<div class=\"mkdf-iwt-content\" >\n\t\t\t\t\t<h5 class=\"mkdf-iwt-title\" style=\"margin-top:25px\">\n\t\t\t\t\t\t\t\t\t<a itemprop=\"url\" href=\"#\" target=\"_self\">\n\t\t\t\t\t\t\t\t<span class=\"mkdf-iwt-title-text\">Wifi<\/span>\n\t\t\t\t\t\t\t\t\t<\/a>\n\t\t\t\t\t\t\t\t\t\t\t<\/h5>\n\t\t\t\t\t\t\t<div class=\"mkdf-iwt-separator\" ><\/div>\n\t\t\t\t\t\t\t<p class=\"mkdf-iwt-text\" >Ingyenes internetes wifi csatlakoz\u00e1s.<\/p>\n\t\t\t\t\t<\/div>\n<\/div>[vc_empty_space height=&#8221;50px&#8221;][\/vc_column][vc_column width=&#8221;1\/2&#8243; offset=&#8221;vc_col-lg-3 vc_col-md-6&#8243;]<div class=\"mkdf-iwt clearfix  mkdf-iwt-icon-top mkdf-iwt-icon-medium mkdf-iwt-has-separator\">\n\t<div class=\"mkdf-iwt-icon\">\n\t\t\t\t\t<a itemprop=\"url\" href=\"#\" target=\"_self\">\n\t\t\t\t\t\t\t\t\t    <span class=\"mkdf-icon-shortcode mkdf-normal   mkdf-icon-medium\"  data-hover-color=\"#333132\" data-color=\"#c59d5f\">\n                    <i class=\"mkdf-icon-font-awesome fa fa-spoon mkdf-icon-element\" style=\"color: #c59d5f;font-size:60px\" ><\/i>            <\/span>\n\t\t\t\t\t\t\t\t<\/a>\n\t\t\t<\/div>\n\t<div class=\"mkdf-iwt-content\" >\n\t\t\t\t\t<h5 class=\"mkdf-iwt-title\" style=\"margin-top:25px\">\n\t\t\t\t\t\t\t\t\t<a itemprop=\"url\" href=\"#\" target=\"_self\">\n\t\t\t\t\t\t\t\t<span class=\"mkdf-iwt-title-text\">Eg\u00e9szs\u00e9ges konyha<\/span>\n\t\t\t\t\t\t\t\t\t<\/a>\n\t\t\t\t\t\t\t\t\t\t\t<\/h5>\n\t\t\t\t\t\t\t<div class=\"mkdf-iwt-separator\" ><\/div>\n\t\t\t\t\t\t\t<p class=\"mkdf-iwt-text\" >\u00c9rdekl\u0151d\u00e9s eset\u00e9n k\u00e9sz\u00edt\u00fcnk \u00d6nnek glut\u00e9nmentes, lakt\u00f3zmentes, veget\u00e1ri\u00e1nus vagy veg\u00e1n \u00e9teleket is.<\/p>\n\t\t\t\t\t<\/div>\n<\/div>[vc_empty_space height=&#8221;50px&#8221;][\/vc_column][vc_column width=&#8221;1\/2&#8243; offset=&#8221;vc_col-lg-3 vc_col-md-6&#8243;]<div class=\"mkdf-iwt clearfix  mkdf-iwt-icon-top mkdf-iwt-icon-medium mkdf-iwt-has-separator\">\n\t<div class=\"mkdf-iwt-icon\">\n\t\t\t\t\t<a itemprop=\"url\" href=\"#\" target=\"_self\">\n\t\t\t\t\t\t\t\t\t    <span class=\"mkdf-icon-shortcode mkdf-normal   mkdf-icon-medium\"  data-hover-color=\"#333132\" data-color=\"#c59d5f\">\n                    <i class=\"mkdf-icon-linea-icon icon-basic-star mkdf-icon-element\" style=\"color: #c59d5f;font-size:60px\" ><\/i>            <\/span>\n\t\t\t\t\t\t\t\t<\/a>\n\t\t\t<\/div>\n\t<div class=\"mkdf-iwt-content\" >\n\t\t\t\t\t<h5 class=\"mkdf-iwt-title\" style=\"margin-top:25px\">\n\t\t\t\t\t\t\t\t\t<a itemprop=\"url\" href=\"#\" target=\"_self\">\n\t\t\t\t\t\t\t\t<span class=\"mkdf-iwt-title-text\">Modern gasztron\u00f3mia<\/span>\n\t\t\t\t\t\t\t\t\t<\/a>\n\t\t\t\t\t\t\t\t\t\t\t<\/h5>\n\t\t\t\t\t\t\t<div class=\"mkdf-iwt-separator\" ><\/div>\n\t\t\t\t\t\t\t<p class=\"mkdf-iwt-text\" >Kit\u0171n\u0151 konyha, kellemes \u00fcld\u00f6g\u00e9l\u00e9s a t\u00e1gas \u00e9tteremben, ahol gasztron\u00f3miai specialit\u00e1sok gazdag v\u00e1laszt\u00e9ka v\u00e1rja.<\/p>\n\t\t\t\t\t<\/div>\n<\/div>[vc_empty_space height=&#8221;50px&#8221;][\/vc_column][vc_column width=&#8221;1\/2&#8243; offset=&#8221;vc_col-lg-3 vc_col-md-6&#8243;]<div class=\"mkdf-iwt clearfix  mkdf-iwt-icon-top mkdf-iwt-icon-medium mkdf-iwt-has-separator\">\n\t<div class=\"mkdf-iwt-icon\">\n\t\t\t\t\t<a itemprop=\"url\" href=\"#\" target=\"_self\">\n\t\t\t\t\t\t\t\t\t    <span class=\"mkdf-icon-shortcode mkdf-normal   mkdf-icon-medium\"  data-hover-color=\"#333132\" data-color=\"#c59d5f\">\n                    <i class=\"mkdf-icon-font-awesome fa fa-magic mkdf-icon-element\" style=\"color: #c59d5f;font-size:60px\" ><\/i>            <\/span>\n\t\t\t\t\t\t\t\t<\/a>\n\t\t\t<\/div>\n\t<div class=\"mkdf-iwt-content\" >\n\t\t\t\t\t<h5 class=\"mkdf-iwt-title\" style=\"margin-top:25px\">\n\t\t\t\t\t\t\t\t\t<a itemprop=\"url\" href=\"#\" target=\"_self\">\n\t\t\t\t\t\t\t\t<span class=\"mkdf-iwt-title-text\">Gyermek sarok<\/span>\n\t\t\t\t\t\t\t\t\t<\/a>\n\t\t\t\t\t\t\t\t\t\t\t<\/h5>\n\t\t\t\t\t\t\t<div class=\"mkdf-iwt-separator\" ><\/div>\n\t\t\t\t\t\t\t<p class=\"mkdf-iwt-text\" >K\u00f6zvetlen\u00fcl az \u00e9tterem mellett tal\u00e1lhat\u00f3 egy j\u00e1tsz\u00f3sarok, ahol h\u00e9tv\u00e9g\u00e9nk\u00e9nt anim\u00e1ci\u00f3kat tartanak.<\/p>\n\t\t\t\t\t<\/div>\n<\/div>[vc_empty_space height=&#8221;50px&#8221;][\/vc_column][\/vc_row][vc_row][vc_column][vc_widget_sidebar sidebar_id=&#8221;content-bottom&#8221;][\/vc_column][\/vc_row]<\/p>\n","protected":false},"excerpt":{"rendered":"<p>[vc_row css=&#8221;.vc_custom_1514288437790{padding-top: 50px !important;padding-bottom: 50px !important;}&#8221;][vc_column][vc_empty_space][\/vc_column][\/vc_row][vc_row equal_height=&#8221;yes&#8221; css=&#8221;.vc_custom_1493379978370{background-color: #fbf9f9 !important;}&#8221;][vc_column css=&#8221;.vc_custom_1696141663450{padding-top: 28% !important;padding-bottom: 28% !important;background-image: url(https:\/\/wellnesspatince.sk\/wp-content\/uploads\/2023\/10\/image00001-1.jpeg?id=22721) !important;background-position: center !important;background-repeat: no-repeat !important;background-size: cover !important;}&#8221; offset=&#8221;vc_col-lg-offset-0 vc_col-lg-6 vc_col-md-12 vc_col-sm-offset-0&#8243;][\/vc_column][vc_column offset=&#8221;vc_col-lg-offset-0 vc_col-lg-6 vc_col-md-12 vc_col-sm-offset-0&#8243;][\/vc_column][\/vc_row][vc_row row_content_width=&#8221;grid&#8221; content_text_aligment=&#8221;center&#8221; css=&#8221;.vc_custom_1493383119559{padding-top: 120px !important;padding-bottom: 85px !important;}&#8221;][vc_column width=&#8221;1\/2&#8243; offset=&#8221;vc_col-lg-3 [&hellip;]<\/p>\n","protected":false},"author":2,"featured_media":0,"parent":0,"menu_order":0,"comment_status":"closed","ping_status":"closed","template":"full-width.php","meta":{"inline_featured_image":false,"footnotes":"","_wp_rev_ctl_limit":""},"class_list":["post-22753","page","type-page","status-publish","hentry"],"_links":{"self":[{"href":"https:\/\/wellnesspatince.sk\/hu\/wp-json\/wp\/v2\/pages\/22753","targetHints":{"allow":["GET"]}}],"collection":[{"href":"https:\/\/wellnesspatince.sk\/hu\/wp-json\/wp\/v2\/pages"}],"about":[{"href":"https:\/\/wellnesspatince.sk\/hu\/wp-json\/wp\/v2\/types\/page"}],"author":[{"embeddable":true,"href":"https:\/\/wellnesspatince.sk\/hu\/wp-json\/wp\/v2\/users\/2"}],"replies":[{"embeddable":true,"href":"https:\/\/wellnesspatince.sk\/hu\/wp-json\/wp\/v2\/comments?post=22753"}],"version-history":[{"count":8,"href":"https:\/\/wellnesspatince.sk\/hu\/wp-json\/wp\/v2\/pages\/22753\/revisions"}],"predecessor-version":[{"id":25572,"href":"https:\/\/wellnesspatince.sk\/hu\/wp-json\/wp\/v2\/pages\/22753\/revisions\/25572"}],"wp:attachment":[{"href":"https:\/\/wellnesspatince.sk\/hu\/wp-json\/wp\/v2\/media?parent=22753"}],"curies":[{"name":"wp","href":"https:\/\/api.w.org\/{rel}","templated":true}]}}