{"id":21690,"date":"2023-03-14T11:17:21","date_gmt":"2023-03-14T10:17:21","guid":{"rendered":"https:\/\/wellnesspatince.sk\/skolskyvylet\/"},"modified":"2025-08-01T08:41:10","modified_gmt":"2025-08-01T06:41:10","slug":"iskolai-kirandulas","status":"publish","type":"page","link":"https:\/\/wellnesspatince.sk\/hu\/iskolai-kirandulas\/","title":{"rendered":"ISKOLAI KIR\u00c1NDUL\u00c1S"},"content":{"rendered":"<p>[vc_row][vc_column][vc_column_text]<\/p>\n<h2><span style=\"color: #00b1b0;\"><strong>ISKOLAI KIR\u00c1NDUL\u00c1S<\/strong><\/span><\/h2>\n<h2><span style=\"color: #04adaa;\"><strong>\u00a0<\/strong><\/span><\/h2>\n<p>\u00c9lvezze a nagyszer\u0171 pillanatokat \u00e9s a szokatlan \u00e9lm\u00e9nyeket az iskolai kir\u00e1ndul\u00e1s sor\u00e1n a Wellness Hotel Patince**** term\u00e1lmedenc\u00e9iben a v\u00edzi attrakci\u00f3kkal.<\/p>\n<h4><strong>BEL\u00c9P\u0150 A BELT\u00c9RI THERMAL PARKBA:<br \/>\n<\/strong><\/h4>\n<ul>\n<li><strong>Nagy relax\u00e1ci\u00f3s medence<\/strong> amely a legnagyobb fedett medence Szlov\u00e1ki\u00e1ban, max. 30\u00b0C-os v\u00edzh\u0151m\u00e9rs\u00e9klettel \u00e9s 1,2 m m\u00e9lys\u00e9ggel. Itt k\u00fcl\u00f6nb\u00f6z\u0151 attrakci\u00f3kat haszn\u00e1lhat, mint p\u00e9ld\u00e1ul massz\u00e1zs v\u00edz\u00e1gyak \u00e9s \u00e1gy\u00fak, f\u00fav\u00f3k\u00e1k, v\u00edzsugarak, csobog\u00f3k, vad foly\u00f3 \u00e9s barlang.<\/li>\n<li><strong>Gyermek medence\u00a0<\/strong>34\u00b0C-os v\u00edzh\u0151m\u00e9rs\u00e9klet \u00e9s 70 cm-es v\u00edzm\u00e9lys\u00e9g mellett. Ezt egy gyermekcs\u00faszda eg\u00e9sz\u00edti ki, amelyet a gyerekek im\u00e1dnak.<\/li>\n<li>10 szem\u00e9lyes pezsg\u0151f\u00fcrd\u0151 36\u00b0C-os v\u00edzh\u0151m\u00e9rs\u00e9klettel \u00e9s \u00fcl\u0151 relax\u00e1ci\u00f3s medence 36\u00b0C-os v\u00edzh\u0151m\u00e9rs\u00e9klettel.<\/li>\n<li>K\u00fcls\u0151 medenc\u00e9k (ny\u00e1ri szezonban) gyermek k\u00fcls\u0151 medenc\u00e9k cs\u00faszd\u00e1kkal \u00e9s attrakci\u00f3kkal, \u00fcl\u0151medence, sportmedence, nagy pihen\u0151medence, cs\u00faszdavil\u00e1g, j\u00e1tsz\u00f3terek \u00e9s sportp\u00e1ly\u00e1k<\/li>\n<li>A sz\u00e1lloda <strong>saj\u00e1t haj\u00f3ja<\/strong>, a Wellness 1, amely rendszeres id\u0151k\u00f6z\u00f6nk\u00e9nt k\u00f6zlekedik, szerves r\u00e9sz\u00e9t k\u00e9pezi. A haj\u00f3 a Marina kik\u00f6t\u0151j\u00e9ben, az 1 752. folyamkilom\u00e9tern\u00e9l horgonyoz, gy\u00f6ny\u00f6r\u0171 term\u00e9szet \u00e9s a k\u00f6zeli \u00e1rt\u00e9ri erd\u0151k vagy a Kormor\u00e1n-sziget k\u00f6r\u00fcl. A haj\u00f3utak f\u0151k\u00e9nt a Patince &#8211; Dunamocs \u00e9s vissza \u00fatvonalon k\u00f6zlekednek, a haj\u00f3\u00fat hossza 1 \u00f3ra.<\/li>\n<\/ul>\n<p>[\/vc_column_text][vc_empty_space height=&#8221;60px&#8221;][\/vc_column][\/vc_row][vc_row][vc_column]<div class=\"mkdf-image-gallery  mkdf-ig-grid-type  mkdf-image-behavior-zoom \">\n\t<div class=\"mkdf-ig-inner mkdf-ig-grid mkdf-ig-four-columns mkdf-ig-normal-space\">\n\t\t\t\t\t<div class=\"mkdf-ig-image\">\n\t\t\t\t<div class=\"mkdf-ig-image-inner\">\n\t\t\t\t\t\t\t\t\t\t\t<img loading=\"lazy\" decoding=\"async\" width=\"2560\" height=\"1707\" src=\"https:\/\/wellnesspatince.sk\/wp-content\/uploads\/2023\/01\/DSC_9423-scaled.jpg\" class=\"attachment-full size-full\" alt=\"\" srcset=\"https:\/\/wellnesspatince.sk\/wp-content\/uploads\/2023\/01\/DSC_9423-scaled.jpg 2560w, https:\/\/wellnesspatince.sk\/wp-content\/uploads\/2023\/01\/DSC_9423-300x200.jpg 300w, https:\/\/wellnesspatince.sk\/wp-content\/uploads\/2023\/01\/DSC_9423-1024x683.jpg 1024w, https:\/\/wellnesspatince.sk\/wp-content\/uploads\/2023\/01\/DSC_9423-768x512.jpg 768w, https:\/\/wellnesspatince.sk\/wp-content\/uploads\/2023\/01\/DSC_9423-1536x1024.jpg 1536w, https:\/\/wellnesspatince.sk\/wp-content\/uploads\/2023\/01\/DSC_9423-1320x880.jpg 1320w, https:\/\/wellnesspatince.sk\/wp-content\/uploads\/2023\/01\/DSC_9423-600x400.jpg 600w\" sizes=\"auto, (max-width: 2560px) 100vw, 2560px\" \/>\t\t\t\t\t\t\t\t\t<\/div>\n\t\t\t<\/div>\n\t\t\t\t\t<div class=\"mkdf-ig-image\">\n\t\t\t\t<div class=\"mkdf-ig-image-inner\">\n\t\t\t\t\t\t\t\t\t\t\t<img loading=\"lazy\" decoding=\"async\" width=\"1920\" height=\"1275\" src=\"https:\/\/wellnesspatince.sk\/wp-content\/uploads\/2023\/10\/WH_Patince_Panorama_1920_21.jpg\" class=\"attachment-full size-full\" alt=\"\" srcset=\"https:\/\/wellnesspatince.sk\/wp-content\/uploads\/2023\/10\/WH_Patince_Panorama_1920_21.jpg 1920w, https:\/\/wellnesspatince.sk\/wp-content\/uploads\/2023\/10\/WH_Patince_Panorama_1920_21-300x199.jpg 300w, https:\/\/wellnesspatince.sk\/wp-content\/uploads\/2023\/10\/WH_Patince_Panorama_1920_21-1024x680.jpg 1024w, https:\/\/wellnesspatince.sk\/wp-content\/uploads\/2023\/10\/WH_Patince_Panorama_1920_21-768x510.jpg 768w, https:\/\/wellnesspatince.sk\/wp-content\/uploads\/2023\/10\/WH_Patince_Panorama_1920_21-1536x1020.jpg 1536w, https:\/\/wellnesspatince.sk\/wp-content\/uploads\/2023\/10\/WH_Patince_Panorama_1920_21-1320x877.jpg 1320w, https:\/\/wellnesspatince.sk\/wp-content\/uploads\/2023\/10\/WH_Patince_Panorama_1920_21-600x398.jpg 600w\" sizes=\"auto, (max-width: 1920px) 100vw, 1920px\" \/>\t\t\t\t\t\t\t\t\t<\/div>\n\t\t\t<\/div>\n\t\t\t\t\t<div class=\"mkdf-ig-image\">\n\t\t\t\t<div class=\"mkdf-ig-image-inner\">\n\t\t\t\t\t\t\t\t\t\t\t<img loading=\"lazy\" decoding=\"async\" width=\"1920\" height=\"1280\" src=\"https:\/\/wellnesspatince.sk\/wp-content\/uploads\/2023\/07\/Wellness_Hotel_Patince_2013_1920px_32.jpg\" class=\"attachment-full size-full\" alt=\"\" srcset=\"https:\/\/wellnesspatince.sk\/wp-content\/uploads\/2023\/07\/Wellness_Hotel_Patince_2013_1920px_32.jpg 1920w, https:\/\/wellnesspatince.sk\/wp-content\/uploads\/2023\/07\/Wellness_Hotel_Patince_2013_1920px_32-300x200.jpg 300w, https:\/\/wellnesspatince.sk\/wp-content\/uploads\/2023\/07\/Wellness_Hotel_Patince_2013_1920px_32-1024x683.jpg 1024w, https:\/\/wellnesspatince.sk\/wp-content\/uploads\/2023\/07\/Wellness_Hotel_Patince_2013_1920px_32-768x512.jpg 768w, https:\/\/wellnesspatince.sk\/wp-content\/uploads\/2023\/07\/Wellness_Hotel_Patince_2013_1920px_32-1536x1024.jpg 1536w, https:\/\/wellnesspatince.sk\/wp-content\/uploads\/2023\/07\/Wellness_Hotel_Patince_2013_1920px_32-1320x880.jpg 1320w, https:\/\/wellnesspatince.sk\/wp-content\/uploads\/2023\/07\/Wellness_Hotel_Patince_2013_1920px_32-600x400.jpg 600w\" sizes=\"auto, (max-width: 1920px) 100vw, 1920px\" \/>\t\t\t\t\t\t\t\t\t<\/div>\n\t\t\t<\/div>\n\t\t\t\t\t<div class=\"mkdf-ig-image\">\n\t\t\t\t<div class=\"mkdf-ig-image-inner\">\n\t\t\t\t\t\t\t\t\t\t\t<img loading=\"lazy\" decoding=\"async\" width=\"1920\" height=\"1275\" src=\"https:\/\/wellnesspatince.sk\/wp-content\/uploads\/2023\/10\/WH_Patince_Panorama_1920_09.jpg\" class=\"attachment-full size-full\" alt=\"\" srcset=\"https:\/\/wellnesspatince.sk\/wp-content\/uploads\/2023\/10\/WH_Patince_Panorama_1920_09.jpg 1920w, https:\/\/wellnesspatince.sk\/wp-content\/uploads\/2023\/10\/WH_Patince_Panorama_1920_09-300x199.jpg 300w, https:\/\/wellnesspatince.sk\/wp-content\/uploads\/2023\/10\/WH_Patince_Panorama_1920_09-1024x680.jpg 1024w, https:\/\/wellnesspatince.sk\/wp-content\/uploads\/2023\/10\/WH_Patince_Panorama_1920_09-768x510.jpg 768w, https:\/\/wellnesspatince.sk\/wp-content\/uploads\/2023\/10\/WH_Patince_Panorama_1920_09-1536x1020.jpg 1536w, https:\/\/wellnesspatince.sk\/wp-content\/uploads\/2023\/10\/WH_Patince_Panorama_1920_09-1320x877.jpg 1320w, https:\/\/wellnesspatince.sk\/wp-content\/uploads\/2023\/10\/WH_Patince_Panorama_1920_09-600x398.jpg 600w\" sizes=\"auto, (max-width: 1920px) 100vw, 1920px\" \/>\t\t\t\t\t\t\t\t\t<\/div>\n\t\t\t<\/div>\n\t\t\t<\/div>\n<\/div>[vc_column_text]<\/p>\n<h4><strong>AZ AKCI\u00d3 FELT\u00c9TELEI:<\/strong><\/h4>\n<ul>\n<li>Az akci\u00f3 alapiskol\u00e1k vagy k\u00f6z\u00e9piskol\u00e1k legal\u00e1bb 10 gyermekb\u0151l \u00e1ll\u00f3 szervezett csoportjaira vonatkozik (gyermekt\u00e1borok, term\u00e9szeti iskol\u00e1k. gyermekotthonok, szabadid\u0151-k\u00f6zpontok stb.)<\/li>\n<li>Feln\u0151tt fel\u00fcgyelet (1 szem\u00e9ly) 10 tanul\u00f3ra vagy di\u00e1kra, a bel\u00e9p\u0151 csak 1 \u20ac. A fel\u00fcgyelet tov\u00e1bbi tagjainak a bel\u00e9p\u0151 10\u20ac (max. 5 szem\u00e9ly csoportonk\u00e9nt)<\/li>\n<li>Online v\u00e1s\u00e1rl\u00e1s legal\u00e1bb 1 nappal el\u0151re a shop.wellnesspatince.sk oldalon vagy rendeljen legal\u00e1bb 1 nappal el\u0151re a +421\u00a0918\u00a0243\u00a0284 tel. sz\u00e1mon.<\/li>\n<\/ul>\n<p>[\/vc_column_text][vc_separator][vc_column_text]<\/p>\n<h4><b>ISKOLAI KIR\u00c1NDUL\u00c1S \u00c1RLIST\u00c1JA<br \/>\n<\/b><\/h4>\n<p>[\/vc_column_text][\/vc_column][\/vc_row][vc_row][vc_column][vc_raw_html el_class=&#8221;school-trip&#8221;]JTNDdGFibGUlMjBib3JkZXIlM0UlMEElMjAlMjAlMjAlMjAlMjAlMjAlM0N0aGVhZCUyMHN0eWxlJTNEJTIyYmFja2dyb3VuZCUzQSUyMzA0YWRhYSUzQiUyMiUzRSUwQSUyMCUyMCUyMCUyMCUyMCUyMCUyMCUyMCUzQ3RyJTNFJTBBJTIwJTIwJTIwJTIwJTIwJTIwJTIwJTIwJTIwJTIwJTNDdGglMjByb3dzcGFuJTNEJTIyMiUyMiUyMHN0eWxlJTNEJTIyYm9yZGVyLXJpZ2h0JTNBJTIwMXB4JTIwc29saWQlMjAlMjM3ZWMyYzElM0IlMjIlM0UlM0MlMkZ0aCUzRSUwQSUyMCUyMCUyMCUyMCUyMCUyMCUyMCUyMCUyMCUyMCUzQ3RoJTIwY29sc3BhbiUzRCUyMjIlMjIlM0VJc2tvbGFpJTIwa2lyJUMzJUExbmR1bCVDMyVBMXMlM0MlMkZ0aCUzRSUwQSUyMCUyMCUyMCUyMCUyMCUyMCUyMCUyMCUzQ3RyJTNFJTBBJTIwJTIwJTIwJTIwJTIwJTIwJTIwJTIwJTIwJTIwJTNDdGglM0VPbmxpbmUlMjB2JUMzJUExc2FybCVDMyVBMXMlMjAxJTIwbmFwcGFsJTIwaGFtYXIlQzMlQTliYiUzQyUyRnRoJTNFJTBBJTIwJTIwJTIwJTIwJTIwJTIwJTIwJTIwJTIwJTIwJTNDdGglM0VBcXVhJTIwcCVDMyVBOW56dCVDMyVBMXIlM0MlMkZ0aCUzRSUwQSUyMCUyMCUyMCUyMCUyMCUyMCUyMCUyMCUzQyUyRnRyJTNFJTBBJTNDJTJGdGhlYWQlM0UlMEElMjAlMjAlMjAlMjAlMjAlMjAlMjAlMjAlM0N0Ym9keSUzRSUwQSUyMCUyMCUyMCUyMCUyMCUyMCUyMCUyMCUyMCUyMCUzQ3RyJTNFJTBBJTIwJTIwJTIwJTIwJTIwJTIwJTIwJTIwJTIwJTIwJTIwJTIwJTNDdGQlM0VFZyVDMyVBOXNzem5hcG9zJTIwYmVsJUMzJUE5cCVDNSU5MSUyMCUyRiUyMGRpJUMzJUExayUyMCUzQ2JyJTNFJTIwMTglMjAlQzMlQTl2ZXMlMjBrb3JpZyUzQyUyRnRkJTNFJTIwJTIwJTIwJTIwJTIwJTIwJTIwJTIwJTIwJTIwJTIwJTIwJTBBJTNDdGQlMjAlM0UlMEElM0NhJTIwaHJlZiUzRCUyMmh0dHBzJTNBJTJGJTJGc2hvcC53ZWxsbmVzc3BhdGluY2Uuc2slMkZwcm9kdWt0JTJGc2tvbHNreS12eWxldCUyRiUyMiUyMHN0eWxlJTNEJTIybWFyZ2luJTNBNXB4JTIwNXB4JTIwMCUyMDAlM0IlMjBkaXNwbGF5JTNBZmxleCUzQiUyMGFsaWduLWl0ZW1zJTNBY2VudGVyJTNCJTIwanVzdGlmeS1jb250ZW50JTNBY2VudGVyJTNCJTIwZ2FwJTNBMTBweCUzQiUyMiUyMHRhcmdldCUzRF9ibGFuayUzRSUwQSUyMCUyMCUyMCUyMCUyMCUyMCUyMCUyMCUyMCUyMCUyMCUyMCUzQ3N2ZyUyMHhtbG5zJTNEJTIyaHR0cCUzQSUyRiUyRnd3dy53My5vcmclMkYyMDAwJTJGc3ZnJTIyJTIwY2xhc3MlM0QlMjJpY29uJTIwaWNvbi10YWJsZXIlMjBpY29uLXRhYmxlci1zaG9wcGluZy1jYXJ0JTIyJTIwd2lkdGglM0QlMjIyNCUyMiUyMGhlaWdodCUzRCUyMjI0JTIyJTIwdmlld0JveCUzRCUyMjAlMjAwJTIwMjQlMjAyNCUyMiUyMHN0cm9rZS13aWR0aCUzRCUyMjIlMjIlMjBzdHJva2UlM0QlMjJjdXJyZW50Q29sb3IlMjIlMjBmaWxsJTNEJTIybm9uZSUyMiUyMHN0cm9rZS1saW5lY2FwJTNEJTIycm91bmQlMjIlMjBzdHJva2UtbGluZWpvaW4lM0QlMjJyb3VuZCUyMiUzRSUwQSUwOSUwOSUzQ3BhdGglMjBzdHJva2UlM0QlMjJub25lJTIyJTIwZCUzRCUyMk0wJTIwMGgyNHYyNEgweiUyMiUyMGZpbGwlM0QlMjJub25lJTIyJTNFJTNDJTJGcGF0aCUzRSUwQSUwOSUwOSUzQ2NpcmNsZSUyMGN4JTNEJTIyNiUyMiUyMGN5JTNEJTIyMTklMjIlMjByJTNEJTIyMiUyMiUzRSUzQyUyRmNpcmNsZSUzRSUwQSUwOSUwOSUzQ2NpcmNsZSUyMGN4JTNEJTIyMTclMjIlMjBjeSUzRCUyMjE5JTIyJTIwciUzRCUyMjIlMjIlM0UlM0MlMkZjaXJjbGUlM0UlMEElMDklMDklM0NwYXRoJTIwZCUzRCUyMk0xNyUyMDE3aC0xMXYtMTRoLTIlMjIlM0UlM0MlMkZwYXRoJTNFJTBBJTA5JTA5JTNDcGF0aCUyMGQlM0QlMjJNNiUyMDVsMTQlMjAxbC0xJTIwN2gtMTMlMjIlM0UlM0MlMkZwYXRoJTNFJTBBJTA5JTIwJTIwJTIwJTIwJTNDJTJGc3ZnJTNFJTBBJTIwJTIwJTIwJTIwJTIwJTIwJTIwJTIwJTIwJTIwJTIwJTIwJTNDcCUzRTEwJTIwJUUyJTgyJUFDJTNDJTJGcCUzRSUwQSUzQyUyRmElM0UlMEElMjAlMjAlMjAlMjAlMjAlMjAlMjAlMjAlMjAlMjAlMjAlMjAlM0MlMkZ0ZCUzRSUwQSUyMCUyMCUyMCUyMCUyMCUyMCUyMCUyMCUyMCUyMCUyMCUyMCUzQ3RkJTNFMTIlMjAlRTIlODIlQUMlM0MlMkZ0ZCUzRSUwQSUyMCUyMCUyMCUyMCUyMCUyMCUyMCUyMCUyMCUyMCUyMCUyMCUwQSUyMCUyMCUyMCUyMCUyMCUyMCUyMCUyMCUyMCUyMCUzQ3RyJTNFJTBBJTIwJTIwJTIwJTIwJTIwJTIwJTIwJTIwJTIwJTIwJTIwJTIwJTNDdGQlM0VFZyVDMyVBOXNzem5hcG9zJTIwYmVsJUMzJUE5cCVDNSU5MSUyMGZlbG4lQzUlOTF0dCUyMGZlbCVDMyVCQ2d5ZWxldCUyMCUyMCUzQ2JyJTNFJTI4MSUyMGZlbG4lQzUlOTF0dCUyMC0xMCUyMGd5ZXJtZWtyZSUyOSUzQyUyRnRkJTNFJTBBJTIwJTIwJTIwJTIwJTIwJTIwJTIwJTIwJTIwJTIwJTIwJTNDdGQlMjAlM0UlMEElM0NhJTIwaHJlZiUzRCUyMmh0dHBzJTNBJTJGJTJGc2hvcC53ZWxsbmVzc3BhdGluY2Uuc2slMkZwcm9kdWt0JTJGc2tvbHNreS12eWxldCUyRiUyMiUyMHN0eWxlJTNEJTIybWFyZ2luJTNBNXB4JTIwNXB4JTIwMCUyMDAlM0IlMjBkaXNwbGF5JTNBZmxleCUzQiUyMGFsaWduLWl0ZW1zJTNBY2VudGVyJTNCJTIwanVzdGlmeS1jb250ZW50JTNBY2VudGVyJTNCJTIwZ2FwJTNBMTBweCUzQiUyMiUyMHRhcmdldCUzRF9ibGFuayUzRSUwQSUyMCUyMCUyMCUyMCUyMCUyMCUyMCUyMCUyMCUyMCUyMCUyMCUzQ3N2ZyUyMHhtbG5zJTNEJTIyaHR0cCUzQSUyRiUyRnd3dy53My5vcmclMkYyMDAwJTJGc3ZnJTIyJTIwY2xhc3MlM0QlMjJpY29uJTIwaWNvbi10YWJsZXIlMjBpY29uLXRhYmxlci1zaG9wcGluZy1jYXJ0JTIyJTIwd2lkdGglM0QlMjIyNCUyMiUyMGhlaWdodCUzRCUyMjI0JTIyJTIwdmlld0JveCUzRCUyMjAlMjAwJTIwMjQlMjAyNCUyMiUyMHN0cm9rZS13aWR0aCUzRCUyMjIlMjIlMjBzdHJva2UlM0QlMjJjdXJyZW50Q29sb3IlMjIlMjBmaWxsJTNEJTIybm9uZSUyMiUyMHN0cm9rZS1saW5lY2FwJTNEJTIycm91bmQlMjIlMjBzdHJva2UtbGluZWpvaW4lM0QlMjJyb3VuZCUyMiUzRSUwQSUwOSUwOSUzQ3BhdGglMjBzdHJva2UlM0QlMjJub25lJTIyJTIwZCUzRCUyMk0wJTIwMGgyNHYyNEgweiUyMiUyMGZpbGwlM0QlMjJub25lJTIyJTNFJTNDJTJGcGF0aCUzRSUwQSUwOSUwOSUzQ2NpcmNsZSUyMGN4JTNEJTIyNiUyMiUyMGN5JTNEJTIyMTklMjIlMjByJTNEJTIyMiUyMiUzRSUzQyUyRmNpcmNsZSUzRSUwQSUwOSUwOSUzQ2NpcmNsZSUyMGN4JTNEJTIyMTclMjIlMjBjeSUzRCUyMjE5JTIyJTIwciUzRCUyMjIlMjIlM0UlM0MlMkZjaXJjbGUlM0UlMEElMDklMDklM0NwYXRoJTIwZCUzRCUyMk0xNyUyMDE3aC0xMXYtMTRoLTIlMjIlM0UlM0MlMkZwYXRoJTNFJTBBJTA5JTA5JTNDcGF0aCUyMGQlM0QlMjJNNiUyMDVsMTQlMjAxbC0xJTIwN2gtMTMlMjIlM0UlM0MlMkZwYXRoJTNFJTBBJTA5JTIwJTIwJTIwJTIwJTNDJTJGc3ZnJTNFJTBBJTIwJTIwJTIwJTIwJTIwJTIwJTIwJTIwJTIwJTIwJTIwJTIwJTNDcCUzRTElMjAlRTIlODIlQUMlM0MlMkZwJTNFJTBBJTNDJTJGYSUzRSUwQSUyMCUyMCUyMCUyMCUyMCUyMCUyMCUyMCUyMCUyMCUyMCUyMCUzQyUyRnRkJTNFJTBBJTIwJTIwJTIwJTIwJTIwJTIwJTIwJTIwJTIwJTIwJTIwJTIwJTNDdGQlM0UxJTIwJUUyJTgyJUFDJTNDJTJGdGQlM0UlMEElMjAlMjAlMjAlMjAlMjAlMjAlMjAlMjAlMjAlMjAlM0N0ciUzRSUwQSUyMCUyMCUyMCUyMCUyMCUyMCUyMCUyMCUyMCUyMCUyMCUyMCUzQ3RkJTNFRWclQzMlQTlzc3puYXBvcyUyMGJlbCVDMyVBOXAlQzUlOTElMjB0JUMzJUI2YmJpJTIwZmVsbiVDNSU5MXR0bmVrJTIwJTNDYnIlM0UlMjhmZWwlQzMlQkNneWVsZXQlMjB0YWdqYWluYWslMjklM0NiciUzRSUyMCUwQSUyMCUyMCUyMCUyMCUyMCUyMCUyMCUyMCUyMCUyMCUyMCUyMCUzQ3RkJTIwJTNFJTBBJTNDYSUyMGhyZWYlM0QlMjJodHRwcyUzQSUyRiUyRnNob3Aud2VsbG5lc3NwYXRpbmNlLnNrJTJGcHJvZHVrdCUyRnNrb2xza3ktdnlsZXQlMkYlMjIlMjBzdHlsZSUzRCUyMm1hcmdpbiUzQTVweCUyMDVweCUyMDAlMjAwJTNCJTIwZGlzcGxheSUzQWZsZXglM0IlMjBhbGlnbi1pdGVtcyUzQWNlbnRlciUzQiUyMGp1c3RpZnktY29udGVudCUzQWNlbnRlciUzQiUyMGdhcCUzQTEwcHglM0IlMjIlMjB0YXJnZXQlM0RfYmxhbmslM0UlMEElMjAlMjAlMjAlMjAlMjAlMjAlMjAlMjAlMjAlMjAlMjAlMjAlM0NzdmclMjB4bWxucyUzRCUyMmh0dHAlM0ElMkYlMkZ3d3cudzMub3JnJTJGMjAwMCUyRnN2ZyUyMiUyMGNsYXNzJTNEJTIyaWNvbiUyMGljb24tdGFibGVyJTIwaWNvbi10YWJsZXItc2hvcHBpbmctY2FydCUyMiUyMHdpZHRoJTNEJTIyMjQlMjIlMjBoZWlnaHQlM0QlMjIyNCUyMiUyMHZpZXdCb3glM0QlMjIwJTIwMCUyMDI0JTIwMjQlMjIlMjBzdHJva2Utd2lkdGglM0QlMjIyJTIyJTIwc3Ryb2tlJTNEJTIyY3VycmVudENvbG9yJTIyJTIwZmlsbCUzRCUyMm5vbmUlMjIlMjBzdHJva2UtbGluZWNhcCUzRCUyMnJvdW5kJTIyJTIwc3Ryb2tlLWxpbmVqb2luJTNEJTIycm91bmQlMjIlM0UlMEElMDklMDklM0NwYXRoJTIwc3Ryb2tlJTNEJTIybm9uZSUyMiUyMGQlM0QlMjJNMCUyMDBoMjR2MjRIMHolMjIlMjBmaWxsJTNEJTIybm9uZSUyMiUzRSUzQyUyRnBhdGglM0UlMEElMDklMDklM0NjaXJjbGUlMjBjeCUzRCUyMjYlMjIlMjBjeSUzRCUyMjE5JTIyJTIwciUzRCUyMjIlMjIlM0UlM0MlMkZjaXJjbGUlM0UlMEElMDklMDklM0NjaXJjbGUlMjBjeCUzRCUyMjE3JTIyJTIwY3klM0QlMjIxOSUyMiUyMHIlM0QlMjIyJTIyJTNFJTNDJTJGY2lyY2xlJTNFJTBBJTA5JTA5JTNDcGF0aCUyMGQlM0QlMjJNMTclMjAxN2gtMTF2LTE0aC0yJTIyJTNFJTNDJTJGcGF0aCUzRSUwQSUwOSUwOSUzQ3BhdGglMjBkJTNEJTIyTTYlMjA1bDE0JTIwMWwtMSUyMDdoLTEzJTIyJTNFJTNDJTJGcGF0aCUzRSUwQSUwOSUyMCUyMCUyMCUyMCUzQyUyRnN2ZyUzRSUwQSUyMCUyMCUyMCUyMCUyMCUyMCUyMCUyMCUyMCUyMCUyMCUyMCUzQ3AlM0UxMCUyMCVFMiU4MiVBQyUzQyUyRnAlM0UlMEElM0MlMkZhJTNFJTBBJTIwJTIwJTIwJTIwJTIwJTIwJTIwJTIwJTIwJTIwJTIwJTIwJTNDJTJGdGQlM0UlMEElMjAlMjAlMjAlMjAlMjAlMjAlMjAlMjAlMjAlMjAlMjAlMjAlM0N0ZCUzRTEyJTIwJUUyJTgyJUFDJTNDJTJGdGQlM0UlMEElMjAlMjAlMjAlMjAlMjAlMjAlMjAlMjAlMjAlMjAlM0N0ciUzRSUwQSUyMCUyMCUyMCUyMCUyMCUyMCUyMCUyMCUyMCUyMCUzQyUyRnRyJTNFJTBBJTIwJTIwJTIwJTIwJTIwJTIwJTIwJTIwJTNDJTJGdGJvZHklM0UlMEElMjAlMjAlMjAlM0N0ZCUzRUViJUMzJUE5ZCUyMG1lbiVDMyVCQyUzQ2JyJTNFJTNDYnIlM0UlMjAlMEElMjAlMjAlMjAlMjAlMjAlMjAlMjAlMjAlMjAlMjAlMjAlMjAlM0N0ZCUyMCUzRSUwQSUzQ2ElMjBocmVmJTNEJTIyaHR0cHMlM0ElMkYlMkZzaG9wLndlbGxuZXNzcGF0aW5jZS5zayUyRnByb2R1a3QlMkZza29sc2t5LXZ5bGV0JTJGJTIyJTIwc3R5bGUlM0QlMjJtYXJnaW4lM0E1cHglMjA1cHglMjAwJTIwMCUzQiUyMGRpc3BsYXklM0FmbGV4JTNCJTIwYWxpZ24taXRlbXMlM0FjZW50ZXIlM0IlMjBqdXN0aWZ5LWNvbnRlbnQlM0FjZW50ZXIlM0IlMjBnYXAlM0ExMHB4JTNCJTIyJTIwdGFyZ2V0JTNEX2JsYW5rJTNFJTBBJTIwJTIwJTIwJTIwJTIwJTIwJTIwJTIwJTIwJTIwJTIwJTIwJTNDc3ZnJTIweG1sbnMlM0QlMjJodHRwJTNBJTJGJTJGd3d3LnczLm9yZyUyRjIwMDAlMkZzdmclMjIlMjBjbGFzcyUzRCUyMmljb24lMjBpY29uLXRhYmxlciUyMGljb24tdGFibGVyLXNob3BwaW5nLWNhcnQlMjIlMjB3aWR0aCUzRCUyMjI0JTIyJTIwaGVpZ2h0JTNEJTIyMjQlMjIlMjB2aWV3Qm94JTNEJTIyMCUyMDAlMjAyNCUyMDI0JTIyJTIwc3Ryb2tlLXdpZHRoJTNEJTIyMiUyMiUyMHN0cm9rZSUzRCUyMmN1cnJlbnRDb2xvciUyMiUyMGZpbGwlM0QlMjJub25lJTIyJTIwc3Ryb2tlLWxpbmVjYXAlM0QlMjJyb3VuZCUyMiUyMHN0cm9rZS1saW5lam9pbiUzRCUyMnJvdW5kJTIyJTNFJTBBJTA5JTA5JTNDcGF0aCUyMHN0cm9rZSUzRCUyMm5vbmUlMjIlMjBkJTNEJTIyTTAlMjAwaDI0djI0SDB6JTIyJTIwZmlsbCUzRCUyMm5vbmUlMjIlM0UlM0MlMkZwYXRoJTNFJTBBJTA5JTA5JTNDY2lyY2xlJTIwY3glM0QlMjI2JTIyJTIwY3klM0QlMjIxOSUyMiUyMHIlM0QlMjIyJTIyJTNFJTNDJTJGY2lyY2xlJTNFJTBBJTA5JTA5JTNDY2lyY2xlJTIwY3glM0QlMjIxNyUyMiUyMGN5JTNEJTIyMTklMjIlMjByJTNEJTIyMiUyMiUzRSUzQyUyRmNpcmNsZSUzRSUwQSUwOSUwOSUzQ3BhdGglMjBkJTNEJTIyTTE3JTIwMTdoLTExdi0xNGgtMiUyMiUzRSUzQyUyRnBhdGglM0UlMEElMDklMDklM0NwYXRoJTIwZCUzRCUyMk02JTIwNWwxNCUyMDFsLTElMjA3aC0xMyUyMiUzRSUzQyUyRnBhdGglM0UlMEElMDklMjAlMjAlMjAlMjAlM0MlMkZzdmclM0UlMEElMjAlMjAlMjAlMjAlMjAlMjAlMjAlMjAlMjAlMjAlMjAlMjAlM0NwJTNFNiUyMCVFMiU4MiVBQyUzQyUyRnAlM0UlMEElM0MlMkZhJTNFJTBBJTIwJTIwJTIwJTIwJTIwJTIwJTIwJTIwJTIwJTIwJTIwJTIwJTNDJTJGdGQlM0UlMEElMjAlMjAlMjAlMjAlMjAlMjAlMjAlMjAlMjAlMjAlMjAlMjAlM0N0ZCUzRTYlMjAlRTIlODIlQUMlM0MlMkZ0ZCUzRSUwQSUyMCUyMCUyMCUyMCUyMCUyMCUyMCUyMCUyMCUyMCUzQ3RyJTNFJTBBJTIwJTIwJTIwJTIwJTIwJTIwJTIwJTIwJTIwJTIwJTNDJTJGdHIlM0UlMEElMjAlMjAlMjAlMjAlMjAlMjAlMjAlMjAlM0MlMkZ0Ym9keSUzRSUwQSUyMCUyMCUyMCUyMCUyMCUyMCUwQSUyMCUyMCUyMCUyMCUzQyUyRnRhYmxlJTNF[\/vc_raw_html][\/vc_column][\/vc_row][vc_row][vc_column][vc_separator][vc_empty_space height=&#8221;60px&#8221;][\/vc_column][\/vc_row][vc_column width=&#8221;1\/2&#8243; offset=&#8221;vc_col-lg-3 vc_col-md-6&#8243;]<div class=\"mkdf-iwt clearfix  mkdf-iwt-icon-top mkdf-iwt-icon-medium mkdf-iwt-has-separator\">\n\t<div class=\"mkdf-iwt-icon\">\n\t\t\t\t\t<a itemprop=\"url\" href=\"https:\/\/wellnesspatince.sk\/otvaracie-hodiny-a-oznamy\/\" target=\"_blank\">\n\t\t\t\t\t\t\t\t\t    <span class=\"mkdf-icon-shortcode mkdf-normal   mkdf-icon-medium\"  data-hover-color=\"#333132\" data-color=\"#04adaa\">\n                    <i class=\"mkdf-icon-font-awesome fa fa-clock-o mkdf-icon-element\" style=\"color: #04adaa;font-size:60px\" ><\/i>            <\/span>\n\t\t\t\t\t\t\t\t<\/a>\n\t\t\t<\/div>\n\t<div class=\"mkdf-iwt-content\" >\n\t\t\t\t\t<h5 class=\"mkdf-iwt-title\" style=\"margin-top:25px\">\n\t\t\t\t\t\t\t\t\t<a itemprop=\"url\" href=\"https:\/\/wellnesspatince.sk\/otvaracie-hodiny-a-oznamy\/\" target=\"_blank\">\n\t\t\t\t\t\t\t\t<span class=\"mkdf-iwt-title-text\">Nyitrvatart\u00e1si id\u0151<\/span>\n\t\t\t\t\t\t\t\t\t<\/a>\n\t\t\t\t\t\t\t\t\t\t\t<\/h5>\n\t\t\t\t\t\t\t<div class=\"mkdf-iwt-separator\" ><\/div>\n\t\t\t\t\t\t\t<p class=\"mkdf-iwt-text\" >Nyitvatart\u00e1si id\u0151 \u00e9s a m\u0171k\u00f6d\u00e9si k\u00f6zlem\u00e9nyek.<\/p>\n\t\t\t\t\t\t\t<a itemprop=\"url\" href=\"https:\/\/wellnesspatince.sk\/otvaracie-hodiny-a-oznamy\/\" target=\"_blank\" class=\"mkdf-iwt-link-text mkdf-btn mkdf-btn-simple\">\n\t\t\t\t<span class=\"mkdf-btn-text\">Tov\u00e1bbi inform\u00e1ci\u00f3k<\/span>\n\t\t\t<\/a>\n\t\t\t<\/div>\n<\/div>[vc_empty_space height=&#8221;50px&#8221;][\/vc_column][vc_column width=&#8221;1\/2&#8243; offset=&#8221;vc_col-lg-3 vc_col-md-6&#8243;]<div class=\"mkdf-iwt clearfix  mkdf-iwt-icon-top mkdf-iwt-icon-medium mkdf-iwt-has-separator\">\n\t<div class=\"mkdf-iwt-icon\">\n\t\t\t\t\t<a itemprop=\"url\" href=\"https:\/\/shop.wellnesspatince.sk\/\" target=\"_blank\">\n\t\t\t\t\t\t\t\t\t    <span class=\"mkdf-icon-shortcode mkdf-normal   mkdf-icon-medium\"  data-hover-color=\"#333132\" data-color=\"#04adaa\">\n                    <i class=\"mkdf-icon-linea-icon icon-ecommerce-gift mkdf-icon-element\" style=\"color: #04adaa;font-size:60px\" ><\/i>            <\/span>\n\t\t\t\t\t\t\t\t<\/a>\n\t\t\t<\/div>\n\t<div class=\"mkdf-iwt-content\" >\n\t\t\t\t\t<h5 class=\"mkdf-iwt-title\" style=\"margin-top:25px\">\n\t\t\t\t\t\t\t\t\t<a itemprop=\"url\" href=\"https:\/\/shop.wellnesspatince.sk\/\" target=\"_blank\">\n\t\t\t\t\t\t\t\t<span class=\"mkdf-iwt-title-text\">Eshop - Online v\u00e1sarl\u00e1s<\/span>\n\t\t\t\t\t\t\t\t\t<\/a>\n\t\t\t\t\t\t\t\t\t\t\t<\/h5>\n\t\t\t\t\t\t\t<div class=\"mkdf-iwt-separator\" ><\/div>\n\t\t\t\t\t\t\t<p class=\"mkdf-iwt-text\" >Aj\u00e1nd\u00e9kutalv\u00e1nyok \u00e9s jegyek vend\u00e9gek sz\u00e1m\u00e1ra kedvez\u0151bb \u00e1rakon az eshopunkban.<\/p>\n\t\t\t\t\t\t\t<a itemprop=\"url\" href=\"https:\/\/shop.wellnesspatince.sk\/\" target=\"_blank\" class=\"mkdf-iwt-link-text mkdf-btn mkdf-btn-simple\">\n\t\t\t\t<span class=\"mkdf-btn-text\">Tov\u00e1bbi inform\u00e1ci\u00f3k<\/span>\n\t\t\t<\/a>\n\t\t\t<\/div>\n<\/div>[vc_empty_space height=&#8221;50px&#8221;][\/vc_column][vc_column width=&#8221;1\/2&#8243; offset=&#8221;vc_col-lg-3 vc_col-md-6&#8243;]<div class=\"mkdf-iwt clearfix  mkdf-iwt-icon-top mkdf-iwt-icon-medium mkdf-iwt-has-separator\">\n\t<div class=\"mkdf-iwt-icon\">\n\t\t\t\t\t<a itemprop=\"url\" href=\"https:\/\/wellnesspatince.sk\/hu\/arlista\/\" target=\"_blank\">\n\t\t\t\t\t\t\t\t\t    <span class=\"mkdf-icon-shortcode mkdf-normal   mkdf-icon-medium\"  data-hover-color=\"#333132\" data-color=\"#04adaa\">\n                    <i class=\"mkdf-icon-linea-icon icon-ecommerce-receipt-euro mkdf-icon-element\" style=\"color: #04adaa;font-size:60px\" ><\/i>            <\/span>\n\t\t\t\t\t\t\t\t<\/a>\n\t\t\t<\/div>\n\t<div class=\"mkdf-iwt-content\" >\n\t\t\t\t\t<h5 class=\"mkdf-iwt-title\" style=\"margin-top:25px\">\n\t\t\t\t\t\t\t\t\t<a itemprop=\"url\" href=\"https:\/\/wellnesspatince.sk\/hu\/arlista\/\" target=\"_blank\">\n\t\t\t\t\t\t\t\t<span class=\"mkdf-iwt-title-text\">\u00c1RLISTA<\/span>\n\t\t\t\t\t\t\t\t\t<\/a>\n\t\t\t\t\t\t\t\t\t\t\t<\/h5>\n\t\t\t\t\t\t\t<div class=\"mkdf-iwt-separator\" ><\/div>\n\t\t\t\t\t\t\t<p class=\"mkdf-iwt-text\" >\u00c1rlista a Therm\u00e1l parkba.<\/p>\n\t\t\t\t\t\t\t<a itemprop=\"url\" href=\"https:\/\/wellnesspatince.sk\/hu\/arlista\/\" target=\"_blank\" class=\"mkdf-iwt-link-text mkdf-btn mkdf-btn-simple\">\n\t\t\t\t<span class=\"mkdf-btn-text\">Tov\u00e1bbi inform\u00e1ci\u00f3k<\/span>\n\t\t\t<\/a>\n\t\t\t<\/div>\n<\/div>[vc_empty_space height=&#8221;50px&#8221;][\/vc_column][vc_column width=&#8221;1\/2&#8243; offset=&#8221;vc_col-lg-3 vc_col-md-6&#8243;]<div class=\"mkdf-iwt clearfix  mkdf-iwt-icon-top mkdf-iwt-icon-medium mkdf-iwt-has-separator\">\n\t<div class=\"mkdf-iwt-icon\">\n\t\t\t\t\t<a itemprop=\"url\" href=\"https:\/\/wellnesspatince.sk\/kontakt\/\" target=\"_blank\">\n\t\t\t\t\t\t\t\t\t    <span class=\"mkdf-icon-shortcode mkdf-normal   mkdf-icon-medium\"  data-hover-color=\"#333132\" data-color=\"#04adaa\">\n                    <i class=\"mkdf-icon-linea-icon icon-basic-mail mkdf-icon-element\" style=\"color: #04adaa;font-size:60px\" ><\/i>            <\/span>\n\t\t\t\t\t\t\t\t<\/a>\n\t\t\t<\/div>\n\t<div class=\"mkdf-iwt-content\" >\n\t\t\t\t\t<h5 class=\"mkdf-iwt-title\" style=\"margin-top:25px\">\n\t\t\t\t\t\t\t\t\t<a itemprop=\"url\" href=\"https:\/\/wellnesspatince.sk\/kontakt\/\" target=\"_blank\">\n\t\t\t\t\t\t\t\t<span class=\"mkdf-iwt-title-text\">Kapcsolat<\/span>\n\t\t\t\t\t\t\t\t\t<\/a>\n\t\t\t\t\t\t\t\t\t\t\t<\/h5>\n\t\t\t\t\t\t\t<div class=\"mkdf-iwt-separator\" ><\/div>\n\t\t\t\t\t\t\t<p class=\"mkdf-iwt-text\" >E-mail : info@wellnesspatince.sk<\/p>\n\t\t\t\t\t\t\t<a itemprop=\"url\" href=\"https:\/\/wellnesspatince.sk\/kontakt\/\" target=\"_blank\" class=\"mkdf-iwt-link-text mkdf-btn mkdf-btn-simple\">\n\t\t\t\t<span class=\"mkdf-btn-text\">Tob\u00e1bbi inform\u00e1ci\u00f3k<\/span>\n\t\t\t<\/a>\n\t\t\t<\/div>\n<\/div>[vc_empty_space height=&#8221;50px&#8221;][\/vc_column]<\/p>\n","protected":false},"excerpt":{"rendered":"<p>[vc_row][vc_column][vc_column_text] ISKOLAI KIR\u00c1NDUL\u00c1S \u00a0 \u00c9lvezze a nagyszer\u0171 pillanatokat \u00e9s a szokatlan \u00e9lm\u00e9nyeket az iskolai kir\u00e1ndul\u00e1s sor\u00e1n a Wellness Hotel Patince**** term\u00e1lmedenc\u00e9iben a v\u00edzi attrakci\u00f3kkal. BEL\u00c9P\u0150 A BELT\u00c9RI THERMAL PARKBA: Nagy relax\u00e1ci\u00f3s medence amely a legnagyobb fedett medence Szlov\u00e1ki\u00e1ban, max. 30\u00b0C-os [&hellip;]<\/p>\n","protected":false},"author":2,"featured_media":0,"parent":0,"menu_order":0,"comment_status":"closed","ping_status":"closed","template":"","meta":{"inline_featured_image":false,"footnotes":"","_wp_rev_ctl_limit":""},"class_list":["post-21690","page","type-page","status-publish","hentry"],"_links":{"self":[{"href":"https:\/\/wellnesspatince.sk\/hu\/wp-json\/wp\/v2\/pages\/21690","targetHints":{"allow":["GET"]}}],"collection":[{"href":"https:\/\/wellnesspatince.sk\/hu\/wp-json\/wp\/v2\/pages"}],"about":[{"href":"https:\/\/wellnesspatince.sk\/hu\/wp-json\/wp\/v2\/types\/page"}],"author":[{"embeddable":true,"href":"https:\/\/wellnesspatince.sk\/hu\/wp-json\/wp\/v2\/users\/2"}],"replies":[{"embeddable":true,"href":"https:\/\/wellnesspatince.sk\/hu\/wp-json\/wp\/v2\/comments?post=21690"}],"version-history":[{"count":8,"href":"https:\/\/wellnesspatince.sk\/hu\/wp-json\/wp\/v2\/pages\/21690\/revisions"}],"predecessor-version":[{"id":26093,"href":"https:\/\/wellnesspatince.sk\/hu\/wp-json\/wp\/v2\/pages\/21690\/revisions\/26093"}],"wp:attachment":[{"href":"https:\/\/wellnesspatince.sk\/hu\/wp-json\/wp\/v2\/media?parent=21690"}],"curies":[{"name":"wp","href":"https:\/\/api.w.org\/{rel}","templated":true}]}}