{"id":21543,"date":"2023-02-16T06:15:57","date_gmt":"2023-02-16T05:15:57","guid":{"rendered":"https:\/\/wellnesspatince.sk\/akcie_partneri\/"},"modified":"2024-06-29T08:24:38","modified_gmt":"2024-06-29T06:24:38","slug":"akciok-es-partnereink","status":"publish","type":"page","link":"https:\/\/wellnesspatince.sk\/hu\/akciok-es-partnereink\/","title":{"rendered":"AKCI\u00d3K \u00c9S PARTNEREINK"},"content":{"rendered":"<p>[vc_row][vc_column css=&#8221;.vc_custom_1493886957095{padding-right: 13px !important;}&#8221;]<div class=\"mkdf-elements-holder   mkdf-three-columns  mkdf-responsive-mode-768 \" ><div class=\"mkdf-eh-item    \"  data-item-class=\"mkdf-eh-custom-5876\">\n\t<div class=\"mkdf-eh-item-inner\">\n\t\t<div class=\"mkdf-eh-item-content mkdf-eh-custom-5876\" style=\"padding: 0 0 0 0\">\n\t\t\t<div class=\"mkdf-banner-holder  mkdf-visible-on-default mkdf-banner-info-default\">\n    <div class=\"mkdf-banner-image\">\n        <img loading=\"lazy\" decoding=\"async\" width=\"800\" height=\"545\" src=\"https:\/\/wellnesspatince.sk\/wp-content\/uploads\/2023\/03\/Patince_800x545_Senior.jpg\" class=\"attachment-full size-full\" alt=\"\" srcset=\"https:\/\/wellnesspatince.sk\/wp-content\/uploads\/2023\/03\/Patince_800x545_Senior.jpg 800w, https:\/\/wellnesspatince.sk\/wp-content\/uploads\/2023\/03\/Patince_800x545_Senior-300x204.jpg 300w, https:\/\/wellnesspatince.sk\/wp-content\/uploads\/2023\/03\/Patince_800x545_Senior-768x523.jpg 768w, https:\/\/wellnesspatince.sk\/wp-content\/uploads\/2023\/03\/Patince_800x545_Senior-600x409.jpg 600w\" sizes=\"auto, (max-width: 800px) 100vw, 800px\" \/>    <\/div>\n    <div class=\"mkdf-banner-text-holder\" >\n\t    <div class=\"mkdf-banner-text-outer\">\n\t\t    <div class=\"mkdf-banner-text-inner\">\n\t\t        \t\t        \t\t            <h2 class=\"mkdf-banner-title\" >\n\t\t                SZERINOR KIR\u00c1NDUL\u00c1S\t                <\/h2>\n\t\t        \t\t\t    \t\t\t\t    <p class=\"mkdf-banner-text\" >K\u00fcl\u00f6nleges aj\u00e1nlat id\u0151sek csoportjainak 10 f\u0151t\u0151l bel\u00e9p\u0151 csak 9 \u20ac-\u00e9rt<\/p>\n\t\t\t\t\t\t\t\t\t\t            <a itemprop=\"url\" href=\"https:\/\/wellnesspatince.sk\/kaufland-card\/\" target=\"_blank\" class=\"mkdf-banner-link-text mkdf-btn mkdf-btn-solid mkdf-btn-medium mkdf-btn-icon\" >\n\t\t\t            <span class=\"mkdf-btn-text\">Tov\u00e1bbi inform\u00e1ci\u00f3k<\/span>\n\t\t\t            <span class=\"mkdf-btn-icon lnr lnr-arrow-right\"><\/span>\n\t\t            <\/a>\n\t\t        \t\t\t<\/div>\n\t\t<\/div>\n\t<\/div>\n\t        <a itemprop=\"url\" class=\"mkdf-banner-link\" href=\"https:\/\/wellnesspatince.sk\/kaufland-card\/\" target=\"_blank\"><\/a>\n    <\/div>\t\t<\/div>\n\t<\/div>\n<\/div><div class=\"mkdf-eh-item    \"  data-item-class=\"mkdf-eh-custom-2677\">\n\t<div class=\"mkdf-eh-item-inner\">\n\t\t<div class=\"mkdf-eh-item-content mkdf-eh-custom-2677\" style=\"padding: 0 0 0 0\">\n\t\t\t<div class=\"mkdf-banner-holder  mkdf-visible-on-default mkdf-banner-info-default\">\n    <div class=\"mkdf-banner-image\">\n        <img loading=\"lazy\" decoding=\"async\" width=\"800\" height=\"545\" src=\"https:\/\/wellnesspatince.sk\/wp-content\/uploads\/2023\/03\/Patince_800x545_Deti.jpg\" class=\"attachment-full size-full\" alt=\"\" srcset=\"https:\/\/wellnesspatince.sk\/wp-content\/uploads\/2023\/03\/Patince_800x545_Deti.jpg 800w, https:\/\/wellnesspatince.sk\/wp-content\/uploads\/2023\/03\/Patince_800x545_Deti-300x204.jpg 300w, https:\/\/wellnesspatince.sk\/wp-content\/uploads\/2023\/03\/Patince_800x545_Deti-768x523.jpg 768w, https:\/\/wellnesspatince.sk\/wp-content\/uploads\/2023\/03\/Patince_800x545_Deti-600x409.jpg 600w\" sizes=\"auto, (max-width: 800px) 100vw, 800px\" \/>    <\/div>\n    <div class=\"mkdf-banner-text-holder\" >\n\t    <div class=\"mkdf-banner-text-outer\">\n\t\t    <div class=\"mkdf-banner-text-inner\">\n\t\t        \t\t        \t\t            <h2 class=\"mkdf-banner-title\" >\n\t\t                ISKOLAI KIR\u00c1NDUL\u00c1S\t                <\/h2>\n\t\t        \t\t\t    \t\t\t\t    <p class=\"mkdf-banner-text\" >K\u00fcl\u00f6nleges aj\u00e1nlat iskolai kir\u00e1ndul\u00e1sok \u00e9s gyermek- \u00e9s di\u00e1kcsoportok sz\u00e1m\u00e1ra 10 f\u0151t\u0151l csak 9 \u20ac-\u00e9rt<\/p>\n\t\t\t\t\t\t\t\t\t\t            <a itemprop=\"url\" href=\"https:\/\/wellnesspatince.sk\/skolskyvylet\/\" target=\"_blank\" class=\"mkdf-banner-link-text mkdf-btn mkdf-btn-solid mkdf-btn-medium mkdf-btn-icon\" >\n\t\t\t            <span class=\"mkdf-btn-text\">Tov\u00e1bbi inform\u00e1ci\u00f3k<\/span>\n\t\t\t            <span class=\"mkdf-btn-icon lnr lnr-arrow-right\"><\/span>\n\t\t            <\/a>\n\t\t        \t\t\t<\/div>\n\t\t<\/div>\n\t<\/div>\n\t        <a itemprop=\"url\" class=\"mkdf-banner-link\" href=\"https:\/\/wellnesspatince.sk\/skolskyvylet\/\" target=\"_blank\"><\/a>\n    <\/div>\t\t<\/div>\n\t<\/div>\n<\/div><div class=\"mkdf-eh-item    \"  data-item-class=\"mkdf-eh-custom-8510\">\n\t<div class=\"mkdf-eh-item-inner\">\n\t\t<div class=\"mkdf-eh-item-content mkdf-eh-custom-8510\" style=\"padding: 0 0 0 0\">\n\t\t\t<div class=\"mkdf-banner-holder  mkdf-visible-on-default mkdf-banner-info-default\">\n    <div class=\"mkdf-banner-image\">\n        <img loading=\"lazy\" decoding=\"async\" width=\"800\" height=\"545\" src=\"https:\/\/wellnesspatince.sk\/wp-content\/uploads\/2023\/03\/Patince_800x545_A.jpg\" class=\"attachment-full size-full\" alt=\"\" srcset=\"https:\/\/wellnesspatince.sk\/wp-content\/uploads\/2023\/03\/Patince_800x545_A.jpg 800w, https:\/\/wellnesspatince.sk\/wp-content\/uploads\/2023\/03\/Patince_800x545_A-300x204.jpg 300w, https:\/\/wellnesspatince.sk\/wp-content\/uploads\/2023\/03\/Patince_800x545_A-768x523.jpg 768w, https:\/\/wellnesspatince.sk\/wp-content\/uploads\/2023\/03\/Patince_800x545_A-600x409.jpg 600w\" sizes=\"auto, (max-width: 800px) 100vw, 800px\" \/>    <\/div>\n    <div class=\"mkdf-banner-text-holder\" >\n\t    <div class=\"mkdf-banner-text-outer\">\n\t\t    <div class=\"mkdf-banner-text-inner\">\n\t\t        \t\t        \t\t            <h2 class=\"mkdf-banner-title\" >\n\t\t                Di\u00e1k kedvezm\u00e9nyek\t                <\/h2>\n\t\t        \t\t\t    \t\t\t\t    <p class=\"mkdf-banner-text\" >ISIC, ITIC, EURO 26 di\u00e1k kedvezm\u00e9nyek<\/p>\n\t\t\t\t\t\t\t\t\t\t            <a itemprop=\"url\" href=\"https:\/\/wellnesspatince.sk\/cennik-vstupov\/\" target=\"_blank\" class=\"mkdf-banner-link-text mkdf-btn mkdf-btn-solid mkdf-btn-medium mkdf-btn-icon\" >\n\t\t\t            <span class=\"mkdf-btn-text\">Tov\u00e1bbi inform\u00e1ci\u00f3k<\/span>\n\t\t\t            <span class=\"mkdf-btn-icon lnr lnr-arrow-right\"><\/span>\n\t\t            <\/a>\n\t\t        \t\t\t<\/div>\n\t\t<\/div>\n\t<\/div>\n\t        <a itemprop=\"url\" class=\"mkdf-banner-link\" href=\"https:\/\/wellnesspatince.sk\/cennik-vstupov\/\" target=\"_blank\"><\/a>\n    <\/div>\t\t<\/div>\n\t<\/div>\n<\/div><\/div>[\/vc_column][\/vc_row]<\/p>\n","protected":false},"excerpt":{"rendered":"<p>[vc_row][vc_column css=&#8221;.vc_custom_1493886957095{padding-right: 13px !important;}&#8221;][\/vc_column][\/vc_row]<\/p>\n","protected":false},"author":2,"featured_media":0,"parent":0,"menu_order":0,"comment_status":"closed","ping_status":"closed","template":"full-width.php","meta":{"inline_featured_image":false,"footnotes":"","_wp_rev_ctl_limit":""},"class_list":["post-21543","page","type-page","status-publish","hentry"],"_links":{"self":[{"href":"https:\/\/wellnesspatince.sk\/hu\/wp-json\/wp\/v2\/pages\/21543","targetHints":{"allow":["GET"]}}],"collection":[{"href":"https:\/\/wellnesspatince.sk\/hu\/wp-json\/wp\/v2\/pages"}],"about":[{"href":"https:\/\/wellnesspatince.sk\/hu\/wp-json\/wp\/v2\/types\/page"}],"author":[{"embeddable":true,"href":"https:\/\/wellnesspatince.sk\/hu\/wp-json\/wp\/v2\/users\/2"}],"replies":[{"embeddable":true,"href":"https:\/\/wellnesspatince.sk\/hu\/wp-json\/wp\/v2\/comments?post=21543"}],"version-history":[{"count":7,"href":"https:\/\/wellnesspatince.sk\/hu\/wp-json\/wp\/v2\/pages\/21543\/revisions"}],"predecessor-version":[{"id":24156,"href":"https:\/\/wellnesspatince.sk\/hu\/wp-json\/wp\/v2\/pages\/21543\/revisions\/24156"}],"wp:attachment":[{"href":"https:\/\/wellnesspatince.sk\/hu\/wp-json\/wp\/v2\/media?parent=21543"}],"curies":[{"name":"wp","href":"https:\/\/api.w.org\/{rel}","templated":true}]}}