{"id":21510,"date":"2022-08-02T12:26:35","date_gmt":"2022-08-02T10:26:35","guid":{"rendered":"https:\/\/wellnesspatince.sk\/szallas-csomagok\/rekreacne-poukazy\/"},"modified":"2023-03-14T16:35:38","modified_gmt":"2023-03-14T15:35:38","slug":"udulesi-utalvanyok","status":"publish","type":"page","link":"https:\/\/wellnesspatince.sk\/hu\/szallas-csomagok\/udulesi-utalvanyok\/","title":{"rendered":"\u00dcD\u00dcL\u00c9SI UTALV\u00c1NYOK"},"content":{"rendered":"<p>[vc_row row_content_width=&#8221;grid&#8221; css=&#8221;.vc_custom_1494578109812{padding-top: 110px !important;padding-bottom: 75px !important;}&#8221;][vc_column]<div class=\"mkdf-section-title-holder  mkdf-st-elegant  mkdf-st-title-left mkdf-st-normal-space \" >\n\t<div class=\"mkdf-st-inner\">\n\t\t\t\t\t\t\t<h2 class=\"mkdf-st-title\" style=\"font-weight: 500;color: #04adaa\">\n\t\t\t\t\u00fcd\u00fcl\u00e9si utalv\u00e1nyok\t\t\t\t\t\t\t\t\t<span class=\"mkdf-st-e-separator\" ><\/span>\n\t\t\t\t\t\t\t<\/h2>\n\t\t\t\t\t\t\t\t\t<span class=\"mkdf-st-text\" style=\"line-height:30px;margin-top:15px\">\n\t\t\t\tHaszn\u00e1lja ki a munk\u00e1ltat\u00f3i pihen\u00e9si t\u00e1mogat\u00e1st, \u00e9s foglaljon sz\u00e1ll\u00e1st a Wellness Hotel Patince-ban. Sz\u00e1llod\u00e1nkban val\u00f3 tart\u00f3zkod\u00e1s\u00e1t az \u00d6n ig\u00e9nyeihez \u00e9s \u00e9rdekl\u0151d\u00e9si k\u00f6r\u00e9hez igaz\u00edthatja. Relax\u00e1ci\u00f3s, sz\u00e9ps\u00e9g\u00e1pol\u00e1si \u00e9s wellness szolg\u00e1ltat\u00e1sok sz\u00e9les v\u00e1laszt\u00e9ka.\t\t\t<\/span>\n\t\t\t<\/div>\n<\/div>[vc_separator][vc_empty_space height=&#8221;20px&#8221;]<div class=\"mkdf-image-gallery  mkdf-ig-grid-type  mkdf-image-behavior-lightbox \">\n\t<div class=\"mkdf-ig-inner mkdf-ig-grid mkdf-ig-four-columns mkdf-ig-small-space\">\n\t\t\t\t\t<div class=\"mkdf-ig-image\">\n\t\t\t\t<div class=\"mkdf-ig-image-inner\">\n\t\t\t\t\t\t\t\t\t\t\t<a itemprop=\"image\" class=\"mkdf-ig-lightbox\" href=\"https:\/\/wellnesspatince.sk\/wp-content\/uploads\/2023\/02\/Wellness_Hotel_Patince_033.jpg\" data-rel=\"prettyPhoto[image_gallery_pretty_photo-420]\" title=\"Wellness_Hotel_Patince_033\">\n\t\t\t\t\t\t\t\t\t\t\t<img loading=\"lazy\" decoding=\"async\" width=\"1920\" height=\"1080\" src=\"https:\/\/wellnesspatince.sk\/wp-content\/uploads\/2023\/02\/Wellness_Hotel_Patince_033.jpg\" class=\"attachment-full size-full\" alt=\"\" srcset=\"https:\/\/wellnesspatince.sk\/wp-content\/uploads\/2023\/02\/Wellness_Hotel_Patince_033.jpg 1920w, https:\/\/wellnesspatince.sk\/wp-content\/uploads\/2023\/02\/Wellness_Hotel_Patince_033-300x169.jpg 300w, https:\/\/wellnesspatince.sk\/wp-content\/uploads\/2023\/02\/Wellness_Hotel_Patince_033-1024x576.jpg 1024w, https:\/\/wellnesspatince.sk\/wp-content\/uploads\/2023\/02\/Wellness_Hotel_Patince_033-768x432.jpg 768w, https:\/\/wellnesspatince.sk\/wp-content\/uploads\/2023\/02\/Wellness_Hotel_Patince_033-1536x864.jpg 1536w, https:\/\/wellnesspatince.sk\/wp-content\/uploads\/2023\/02\/Wellness_Hotel_Patince_033-1320x743.jpg 1320w, https:\/\/wellnesspatince.sk\/wp-content\/uploads\/2023\/02\/Wellness_Hotel_Patince_033-600x338.jpg 600w\" sizes=\"auto, (max-width: 1920px) 100vw, 1920px\" \/>\t\t\t\t\t\t\t\t\t\t\t<\/a>\n\t\t\t\t\t\t\t\t\t<\/div>\n\t\t\t<\/div>\n\t\t\t\t\t<div class=\"mkdf-ig-image\">\n\t\t\t\t<div class=\"mkdf-ig-image-inner\">\n\t\t\t\t\t\t\t\t\t\t\t<a itemprop=\"image\" class=\"mkdf-ig-lightbox\" href=\"https:\/\/wellnesspatince.sk\/wp-content\/uploads\/2023\/02\/Wellness_Hotel_Patince_1920x1080_22.jpg\" data-rel=\"prettyPhoto[image_gallery_pretty_photo-420]\" title=\"Wellness_Hotel_Patince_1920x1080_22\">\n\t\t\t\t\t\t\t\t\t\t\t<img loading=\"lazy\" decoding=\"async\" width=\"1920\" height=\"1080\" src=\"https:\/\/wellnesspatince.sk\/wp-content\/uploads\/2023\/02\/Wellness_Hotel_Patince_1920x1080_22.jpg\" class=\"attachment-full size-full\" alt=\"\" srcset=\"https:\/\/wellnesspatince.sk\/wp-content\/uploads\/2023\/02\/Wellness_Hotel_Patince_1920x1080_22.jpg 1920w, https:\/\/wellnesspatince.sk\/wp-content\/uploads\/2023\/02\/Wellness_Hotel_Patince_1920x1080_22-300x169.jpg 300w, https:\/\/wellnesspatince.sk\/wp-content\/uploads\/2023\/02\/Wellness_Hotel_Patince_1920x1080_22-1024x576.jpg 1024w, https:\/\/wellnesspatince.sk\/wp-content\/uploads\/2023\/02\/Wellness_Hotel_Patince_1920x1080_22-768x432.jpg 768w, https:\/\/wellnesspatince.sk\/wp-content\/uploads\/2023\/02\/Wellness_Hotel_Patince_1920x1080_22-1536x864.jpg 1536w, https:\/\/wellnesspatince.sk\/wp-content\/uploads\/2023\/02\/Wellness_Hotel_Patince_1920x1080_22-1320x743.jpg 1320w, https:\/\/wellnesspatince.sk\/wp-content\/uploads\/2023\/02\/Wellness_Hotel_Patince_1920x1080_22-600x338.jpg 600w\" sizes=\"auto, (max-width: 1920px) 100vw, 1920px\" \/>\t\t\t\t\t\t\t\t\t\t\t<\/a>\n\t\t\t\t\t\t\t\t\t<\/div>\n\t\t\t<\/div>\n\t\t\t\t\t<div class=\"mkdf-ig-image\">\n\t\t\t\t<div class=\"mkdf-ig-image-inner\">\n\t\t\t\t\t\t\t\t\t\t\t<a itemprop=\"image\" class=\"mkdf-ig-lightbox\" href=\"https:\/\/wellnesspatince.sk\/wp-content\/uploads\/2023\/02\/Wellness_Hotel_Patince_136.jpg\" data-rel=\"prettyPhoto[image_gallery_pretty_photo-420]\" title=\"Wellness_Hotel_Patince_136\">\n\t\t\t\t\t\t\t\t\t\t\t<img loading=\"lazy\" decoding=\"async\" width=\"1920\" height=\"1080\" src=\"https:\/\/wellnesspatince.sk\/wp-content\/uploads\/2023\/02\/Wellness_Hotel_Patince_136.jpg\" class=\"attachment-full size-full\" alt=\"\" srcset=\"https:\/\/wellnesspatince.sk\/wp-content\/uploads\/2023\/02\/Wellness_Hotel_Patince_136.jpg 1920w, https:\/\/wellnesspatince.sk\/wp-content\/uploads\/2023\/02\/Wellness_Hotel_Patince_136-300x169.jpg 300w, https:\/\/wellnesspatince.sk\/wp-content\/uploads\/2023\/02\/Wellness_Hotel_Patince_136-1024x576.jpg 1024w, https:\/\/wellnesspatince.sk\/wp-content\/uploads\/2023\/02\/Wellness_Hotel_Patince_136-768x432.jpg 768w, https:\/\/wellnesspatince.sk\/wp-content\/uploads\/2023\/02\/Wellness_Hotel_Patince_136-1536x864.jpg 1536w, https:\/\/wellnesspatince.sk\/wp-content\/uploads\/2023\/02\/Wellness_Hotel_Patince_136-1320x743.jpg 1320w, https:\/\/wellnesspatince.sk\/wp-content\/uploads\/2023\/02\/Wellness_Hotel_Patince_136-600x338.jpg 600w\" sizes=\"auto, (max-width: 1920px) 100vw, 1920px\" \/>\t\t\t\t\t\t\t\t\t\t\t<\/a>\n\t\t\t\t\t\t\t\t\t<\/div>\n\t\t\t<\/div>\n\t\t\t\t\t<div class=\"mkdf-ig-image\">\n\t\t\t\t<div class=\"mkdf-ig-image-inner\">\n\t\t\t\t\t\t\t\t\t\t\t<a itemprop=\"image\" class=\"mkdf-ig-lightbox\" href=\"https:\/\/wellnesspatince.sk\/wp-content\/uploads\/2023\/02\/Wellness_Hotel_Patince_124.jpg\" data-rel=\"prettyPhoto[image_gallery_pretty_photo-420]\" title=\"Wellness_Hotel_Patince_124\">\n\t\t\t\t\t\t\t\t\t\t\t<img loading=\"lazy\" decoding=\"async\" width=\"1920\" height=\"1080\" src=\"https:\/\/wellnesspatince.sk\/wp-content\/uploads\/2023\/02\/Wellness_Hotel_Patince_124.jpg\" class=\"attachment-full size-full\" alt=\"\" srcset=\"https:\/\/wellnesspatince.sk\/wp-content\/uploads\/2023\/02\/Wellness_Hotel_Patince_124.jpg 1920w, https:\/\/wellnesspatince.sk\/wp-content\/uploads\/2023\/02\/Wellness_Hotel_Patince_124-300x169.jpg 300w, https:\/\/wellnesspatince.sk\/wp-content\/uploads\/2023\/02\/Wellness_Hotel_Patince_124-1024x576.jpg 1024w, https:\/\/wellnesspatince.sk\/wp-content\/uploads\/2023\/02\/Wellness_Hotel_Patince_124-768x432.jpg 768w, https:\/\/wellnesspatince.sk\/wp-content\/uploads\/2023\/02\/Wellness_Hotel_Patince_124-1536x864.jpg 1536w, https:\/\/wellnesspatince.sk\/wp-content\/uploads\/2023\/02\/Wellness_Hotel_Patince_124-1320x743.jpg 1320w, https:\/\/wellnesspatince.sk\/wp-content\/uploads\/2023\/02\/Wellness_Hotel_Patince_124-600x338.jpg 600w\" sizes=\"auto, (max-width: 1920px) 100vw, 1920px\" \/>\t\t\t\t\t\t\t\t\t\t\t<\/a>\n\t\t\t\t\t\t\t\t\t<\/div>\n\t\t\t<\/div>\n\t\t\t<\/div>\n<\/div><div class=\"mkdf-section-title-holder  mkdf-st-elegant  mkdf-st-title-left mkdf-st-normal-space \" >\n\t<div class=\"mkdf-st-inner\">\n\t\t\t\t\t<h6 class=\"mkdf-st-subtitle\" style=\"margin-bottom:2px\">\n\t\t\t\tSz\u00e1ll\u00e1s csomag tartalma:\t\t\t<\/h6>\n\t\t\t\t\t\t\t\t\t\t\t<span class=\"mkdf-st-text\" style=\"line-height:30px;margin-top:15px\">\n\t\t\t\t\u2022 Sz\u00e1ll\u00e1s 2 \u00e9jszak\u00e1ra Standard szob\u00e1kban vagy apartmanokban<br \/>\n\u2022 F\u00e9lpanzi\u00f3 - sv\u00e9dasztalos reggeli \u00e9s vacsora vagy 4 fog\u00e1sos men\u00fc v\u00e1laszt\u00e1sa (italok n\u00e9lk\u00fcl)<br \/>\n\u2022 Korl\u00e1tlan bel\u00e9p\u0151 a Term\u00e1lparkba: nagy relax\u00e1ci\u00f3s medence, relax\u00e1ci\u00f3s medence, pezsg\u0151f\u00fcrd\u0151, gyermekmedence cs\u00faszd\u00e1val<br \/>\n\u2022 Korl\u00e1tlan bel\u00e9p\u0151 a Wellnessk\u00f6zpontba: finn, sv\u00e9d, gy\u00f3gyn\u00f6v\u00e9ny, g\u0151z \u00e9s infraszauna, pezsg\u0151f\u00fcrd\u0151, jegesmedence, \u00e9s relax\u00e1ci\u00f3s szoba.<br \/>\n\u2022 Korl\u00e1tlan bel\u00e9p\u0151 a Fitneszk\u00f6zpontba<br \/>\n\u2022 H\u00e9tv\u00e9gi anim\u00e1ci\u00f3s programok \u00e9s tev\u00e9kenys\u00e9gek, gyermek sarkak<br \/>\n\u2022 Ingyenes Wi-Fi<br \/>\n\u2022 Ingyenes parkol\u00e1s\t\t\t<\/span>\n\t\t\t<\/div>\n<\/div>[vc_empty_space height=&#8221;20px&#8221;][vc_separator]<div class=\"mkdf-section-title-holder  mkdf-st-elegant  mkdf-st-title-left mkdf-st-normal-space \" >\n\t<div class=\"mkdf-st-inner\">\n\t\t\t\t\t<h6 class=\"mkdf-st-subtitle\" style=\"margin-bottom:2px\">\n\t\t\t\tAz \u00fcd\u00fcl\u00e9si utalv\u00e1nyok felhaszn\u00e1l\u00e1sa\t\t\t<\/h6>\n\t\t\t\t\t\t\t\t\t\t\t<span class=\"mkdf-st-text\" style=\"line-height:30px;margin-top:15px\">\n\t\t\t\t\u2022 Melyik v\u00e1llalat bocs\u00e1t ki \u00fcd\u00fcl\u00e9si utalv\u00e1nyokat<br \/>\nA k\u00f6telezetts\u00e9g a 49-n\u00e9l t\u00f6bb alkalmazottat foglalkoztat\u00f3 v\u00e1llalatokra \u00e9s c\u00e9gekre vonatkozik. A rekre\u00e1ci\u00f3s t\u00e1mogat\u00e1st k\u00f6zvetlen\u00fcl a munk\u00e1ltat\u00f3 fizeti ki, k\u00e9tf\u00e9le form\u00e1ban:<br \/>\n- Elektronikus utalv\u00e1ny \u00fcd\u00fcl\u00e9si hitelk\u00e1rtya form\u00e1tumban<br \/>\n- A sz\u00e1mla k\u00f6zvetlen kifizet\u00e9se a sz\u00e1ll\u00e1shelyen \u00e9s a sz\u00e1mla k\u00e9s\u0151bbi megt\u00e9r\u00edt\u00e9se a munk\u00e1ltat\u00f3 \u00e1ltal.<br \/>\nFigyelem! Miel\u0151tt megl\u00e1togatja a l\u00e9tes\u00edtm\u00e9nyt, t\u00e1j\u00e9koz\u00f3djon arr\u00f3l, hogy az \u00d6n c\u00e9ge milyen k\u00f6lts\u00e9gt\u00e9r\u00edt\u00e9si form\u00e1t v\u00e1laszt.<br \/>\n\u2022 Ki haszn\u00e1lhatja fel az \u00fcd\u00fcl\u00e9si utalv\u00e1nyokat?<br \/>\nAz \u00fcd\u00fcl\u00e9si csekk felhaszn\u00e1l\u00e1s\u00e1hoz legal\u00e1bb 2 \u00e9ve kell a v\u00e1llalatn\u00e1l dolgoznia. Ez az \u00d6n munkaszerz\u0151d\u00e9s\u00e9n alapul. Az utalv\u00e1nyt a k\u00f6ztisztvisel\u0151k \u00e9s a k\u00f6z\u00e9rdek\u0171 munkak\u00f6rben dolgoz\u00f3k is ig\u00e9nybe vehetik.<br \/>\nHa jelenleg sz\u00fcl\u0151i szabads\u00e1gon van, akkor is felhaszn\u00e1lhatja a szabads\u00e1gutalv\u00e1nyt! Felt\u00e9tel, hogy munkaviszonya a szabads\u00e1g kezdetekor m\u00e1r 2 \u00e9ve fenn\u00e1lljon.<br \/>\n\u2022 Mi a helyzet a csal\u00e1dtagjaiddal?<br \/>\n\u00d6r\u00fclni fogtok ennek a h\u00edrnek. Az \u00d6n munk\u00e1ltat\u00f3ja a h\u00e1zast\u00e1rsa, \u00e9lett\u00e1rsa, az egy\u00fctt\u00e9l\u0151 sz\u00fcl\u0151k \u00e9s term\u00e9szetesen a gyermekek \u00fcd\u00fcl\u00e9si k\u00f6lts\u00e9geinek 55%-\u00e1t is megt\u00e9r\u00edti. Ha gyermekei \u00e1ltal\u00e1nos iskol\u00e1ba vagy nyolc \u00e9vfolyamos gimn\u00e1ziumba j\u00e1rnak (4. \u00e9vfolyamig), akkor a sz\u00fcnid\u0151ben nappali vagy bentlak\u00e1sos t\u00e1borokra is felhaszn\u00e1lhatja a t\u00e1mogat\u00e1st.<br \/>\nHa \u00d6n \u00f6n\u00e1ll\u00f3 v\u00e1llalkoz\u00f3, a nyaral\u00e1s valamennyi k\u00f6lts\u00e9g\u00e9t levonhatja az ad\u00f3j\u00e1b\u00f3l.<br \/>\n\u2022 Mekkora a juttat\u00e1s \u00f6sszege?<br \/>\nEgyszer\u0171en fogalmazva, a v\u00e1llalat a k\u00f6lts\u00e9gek 55%-\u00e1t t\u00e9r\u00edti meg \u00d6nnek, \u00e9vente legfeljebb 275 eur\u00f3ig. A kisebbik r\u00e9szt, 45%-ot, azaz 225 eur\u00f3t \u00d6n fizeti. Az \u00fcd\u00fcl\u00e9si csekk maxim\u00e1lis k\u00f6lts\u00e9ge legfeljebb 500 \u20ac lehet. Ez azt jelenti, hogy ha a munkav\u00e1llal\u00f3 \u00e9vente 500 \u20ac-t vagy ann\u00e1l t\u00f6bbet k\u00f6lt pihen\u00e9sre, a munk\u00e1ltat\u00f3 legfeljebb 275 \u20ac-val j\u00e1rul hozz\u00e1. Ha a munkav\u00e1llal\u00f3 enn\u00e9l alacsonyabb \u00f6sszeget k\u00f6lt \u00fcd\u00fcl\u00e9sre, a munk\u00e1ltat\u00f3 a t\u00e1mogathat\u00f3 k\u00f6lts\u00e9gek 55%-\u00e1hoz j\u00e1rul hozz\u00e1.<br \/>\nAz \u00fcd\u00fcl\u00e9si utalv\u00e1nyok ig\u00e9nyl\u00e9s\u00e9nek folyamata<br \/>\n\u2022 Milyen szolg\u00e1ltat\u00e1sokra haszn\u00e1lhatja fel az utalv\u00e1nyt?<br \/>\nAz \u00fcd\u00fcl\u00e9si utalv\u00e1nyt k\u00fcl\u00f6nb\u00f6z\u0151 szlov\u00e1kiai \u00fcd\u00fcl\u0151helyeken haszn\u00e1lhatja fel, amelyek sz\u00e1ll\u00e1st, \u00e9tkez\u00e9st, wellness- vagy egy\u00e9b, pihen\u00e9ssel \u00e9s kikapcsol\u00f3d\u00e1ssal kapcsolatos szolg\u00e1ltat\u00e1sokat ny\u00fajtanak. Felt\u00e9tel, hogy legal\u00e1bb k\u00e9t \u00e9jszak\u00e1t t\u00f6lts\u00f6n a l\u00e9tes\u00edtm\u00e9nyben.<br \/>\n\u2022 Ha r\u00e9szletesebb inform\u00e1ci\u00f3t szeretne, k\u00e9rj\u00fck, l\u00e1togasson el a http:\/\/rekreacnepoukazy.sk\/ weboldalra.<br \/>\nA Wellness Hotel Patince egy\u00fcttm\u0171k\u00f6dik olyan c\u00e9gekkel, mint a Benefit Plus, Doxx, Edenred, Gusto card, valamint a Nemzeti Turisztikai Rendszer. V\u00e1lassza ki a Wellness Hotel Patince k\u00edn\u00e1lat\u00e1b\u00f3l b\u00e1rmelyik \u00fcd\u00fcl\u00e9st, \u00e9s foglal\u00e1si oszt\u00e1lyunk seg\u00edt kisz\u00e1m\u00edtani az \u00fcd\u00fcl\u00e9s \u00e1r\u00e1t, \u00e9s kiv\u00e1lasztani az \u00d6n sz\u00e1m\u00e1ra ide\u00e1lis \u00fcd\u00fcl\u00e9st.\t\t\t<\/span>\n\t\t\t<\/div>\n<\/div>[\/vc_column][\/vc_row][vc_row row_content_width=&#8221;grid&#8221; css=&#8221;.vc_custom_1494246094601{padding-top: 20px !important;padding-bottom: 50px !important;}&#8221;][vc_column offset=&#8221;vc_col-lg-4 vc_col-md-12&#8243;]<div class=\"mkdf-iwt clearfix  mkdf-iwt-icon-left mkdf-iwt-icon-tiny mkdf-iwt-has-separator\">\n\t<div class=\"mkdf-iwt-icon\">\n\t\t\t\t\t<a itemprop=\"url\" href=\"https:\/\/wellnesspatince.sk\/informacie\/\" target=\"_blank\">\n\t\t\t\t\t\t\t\t\t    <span class=\"mkdf-icon-shortcode mkdf-circle   mkdf-icon-tiny\" style=\"background-color: #333132\" data-hover-background-color=\"#c59d5f\">\n                    <i class=\"mkdf-icon-font-awesome fa fa-info mkdf-icon-element\" style=\"\" ><\/i>            <\/span>\n\t\t\t\t\t\t\t\t<\/a>\n\t\t\t<\/div>\n\t<div class=\"mkdf-iwt-content\" style=\"padding: 0px 50px 0 16px\">\n\t\t\t\t\t<h5 class=\"mkdf-iwt-title\" style=\"margin-top:12px\">\n\t\t\t\t\t\t\t\t\t<a itemprop=\"url\" href=\"https:\/\/wellnesspatince.sk\/informacie\/\" target=\"_blank\">\n\t\t\t\t\t\t\t\t<span class=\"mkdf-iwt-title-text\">INFORM\u00c1CI\u00d3 AZ \u00d6N TART\u00d3ZKOD\u00c1S\u00c1HOZ<\/span>\n\t\t\t\t\t\t\t\t\t<\/a>\n\t\t\t\t\t\t\t\t\t\t\t\t\t<span class=\"mkdf-iwt-small-separator\" ><\/span>\n\t\t\t\t\t\t\t<\/h5>\n\t\t\t\t\t\t\t\t\t<p class=\"mkdf-iwt-text\" >A legfontosabb inform\u00e1ci\u00f3k a sz\u00e1llod\u00e1nkban val\u00f3 tart\u00f3zkod\u00e1s\u00e1hoz.<\/p>\n\t\t\t\t\t\t\t<a itemprop=\"url\" href=\"https:\/\/wellnesspatince.sk\/informacie\/\" target=\"_blank\" class=\"mkdf-iwt-link-text mkdf-btn mkdf-btn-simple\">\n\t\t\t\t<span class=\"mkdf-btn-text\">Tov\u00e1bbi inform\u00e1ci\u00f3k<\/span>\n\t\t\t<\/a>\n\t\t\t<\/div>\n<\/div>[\/vc_column][vc_column offset=&#8221;vc_col-lg-4 vc_col-md-12&#8243;]<div class=\"mkdf-iwt clearfix  mkdf-iwt-icon-left mkdf-iwt-icon-tiny mkdf-iwt-has-separator\">\n\t<div class=\"mkdf-iwt-icon\">\n\t\t\t\t\t<a itemprop=\"url\" href=\"https:\/\/rezervacie.wellnesspatince.sk\/\" target=\"_blank\">\n\t\t\t\t\t\t\t\t\t    <span class=\"mkdf-icon-shortcode mkdf-circle   mkdf-icon-tiny\" style=\"background-color: #333132\" data-hover-background-color=\"#c59d5f\">\n                    <i class=\"mkdf-icon-linear-icon lnr lnr-phone mkdf-icon-element\" style=\"\" ><\/i>            <\/span>\n\t\t\t\t\t\t\t\t<\/a>\n\t\t\t<\/div>\n\t<div class=\"mkdf-iwt-content\" style=\"padding: 0px 50px 0 16px\">\n\t\t\t\t\t<h5 class=\"mkdf-iwt-title\" style=\"margin-top:12px\">\n\t\t\t\t\t\t\t\t\t<a itemprop=\"url\" href=\"https:\/\/rezervacie.wellnesspatince.sk\/\" target=\"_blank\">\n\t\t\t\t\t\t\t\t<span class=\"mkdf-iwt-title-text\">Foglal\u00e1s<\/span>\n\t\t\t\t\t\t\t\t\t<\/a>\n\t\t\t\t\t\t\t\t\t\t\t\t\t<span class=\"mkdf-iwt-small-separator\" ><\/span>\n\t\t\t\t\t\t\t<\/h5>\n\t\t\t\t\t\t\t\t\t<p class=\"mkdf-iwt-text\" >Email : rezervacie@wellnesspatince.sk,Tel. : +421 917 654 875<\/p>\n\t\t\t\t\t\t\t<a itemprop=\"url\" href=\"https:\/\/rezervacie.wellnesspatince.sk\/\" target=\"_blank\" class=\"mkdf-iwt-link-text mkdf-btn mkdf-btn-simple\">\n\t\t\t\t<span class=\"mkdf-btn-text\">Online foglal\u00e1s itt<\/span>\n\t\t\t<\/a>\n\t\t\t<\/div>\n<\/div>[\/vc_column][vc_column offset=&#8221;vc_col-lg-4 vc_col-md-12&#8243;]<div class=\"mkdf-iwt clearfix  mkdf-iwt-icon-left mkdf-iwt-icon-tiny mkdf-iwt-has-separator\">\n\t<div class=\"mkdf-iwt-icon\">\n\t\t\t\t\t\t\t\t\t    <span class=\"mkdf-icon-shortcode mkdf-circle   mkdf-icon-tiny\" style=\"background-color: #333132\" data-hover-background-color=\"#c59d5f\">\n                    <i class=\"mkdf-icon-font-awesome fa fa-calendar mkdf-icon-element\" style=\"\" ><\/i>            <\/span>\n\t\t\t\t\t\t<\/div>\n\t<div class=\"mkdf-iwt-content\" style=\"padding: 0 50px 0 16px\">\n\t\t\t\t\t<h5 class=\"mkdf-iwt-title\" style=\"margin-top:12px\">\n\t\t\t\t\t\t\t\t<span class=\"mkdf-iwt-title-text\">Az utalv\u00e1ny \u00e9rvenyess\u00e9ge<\/span>\n\t\t\t\t\t\t\t\t\t\t\t\t\t<span class=\"mkdf-iwt-small-separator\" ><\/span>\n\t\t\t\t\t\t\t<\/h5>\n\t\t\t\t\t\t\t\t\t<p class=\"mkdf-iwt-text\" >2023 \u00e9v v\u00e9g\u00e9ig.<\/p>\n\t\t\t\t\t<\/div>\n<\/div>[\/vc_column][\/vc_row][vc_row row_content_width=&#8221;grid&#8221; simple_background_color=&#8221;#04adaa&#8221; css=&#8221;.vc_custom_1676018120294{padding-top: 70px !important;padding-bottom: 70px !important;background-color: #04adaa !important;}&#8221;][vc_column]<div class=\"mkdf-call-to-action-holder  mkdf-normal-layout  mkdf-three-quarters-columns\">\n\t<div class=\"mkdf-cta-inner \">\n\t\t<div class=\"mkdf-cta-text-holder\">\n\t\t\t<div class=\"mkdf-cta-text\"><em><span style=\"color: #ffffff;\">Rezervujte online<\/span><\/em><\/p>\n<h3><span style=\"color: #ffffff;\">ONLINE REZERV\u00c1CIA<\/span><\/h3>\n<\/div>\n\t\t<\/div>\n\t\t<div class=\"mkdf-cta-button-holder\" >\n\t\t\t<div class=\"mkdf-cta-button\"><a itemprop=\"url\" href=\"https:\/\/rezervacie.wellnesspatince.sk\/\" target=\"_blank\"  class=\"mkdf-btn mkdf-btn-medium mkdf-btn-solid mkdf-btn-custom-hover-bg mkdf-btn-custom-hover-color mkdf-btn-icon\" data-hover-color=\"#333132\" data-hover-bg-color=\"#ffffff\" >    <span class=\"mkdf-btn-text\">Foglal\u00e1s itt<\/span>    <i class=\"mkdf-icon-linear-icon lnr lnr-arrow-right \" ><\/i><\/a><\/div>\n\t\t<\/div>\n\t<\/div>\n<\/div>[\/vc_column][\/vc_row]<\/p>\n","protected":false},"excerpt":{"rendered":"<p>[vc_row row_content_width=&#8221;grid&#8221; css=&#8221;.vc_custom_1494578109812{padding-top: 110px !important;padding-bottom: 75px !important;}&#8221;][vc_column][vc_separator][vc_empty_space height=&#8221;20px&#8221;][vc_empty_space height=&#8221;20px&#8221;][vc_separator][\/vc_column][\/vc_row][vc_row row_content_width=&#8221;grid&#8221; css=&#8221;.vc_custom_1494246094601{padding-top: 20px !important;padding-bottom: 50px !important;}&#8221;][vc_column offset=&#8221;vc_col-lg-4 vc_col-md-12&#8243;][\/vc_column][vc_column offset=&#8221;vc_col-lg-4 vc_col-md-12&#8243;][\/vc_column][vc_column offset=&#8221;vc_col-lg-4 vc_col-md-12&#8243;][\/vc_column][\/vc_row][vc_row row_content_width=&#8221;grid&#8221; simple_background_color=&#8221;#04adaa&#8221; css=&#8221;.vc_custom_1676018120294{padding-top: 70px !important;padding-bottom: 70px !important;background-color: #04adaa !important;}&#8221;][vc_column][\/vc_column][\/vc_row]<\/p>\n","protected":false},"author":2,"featured_media":0,"parent":21443,"menu_order":0,"comment_status":"closed","ping_status":"closed","template":"full-width.php","meta":{"inline_featured_image":false,"footnotes":"","_wp_rev_ctl_limit":""},"class_list":["post-21510","page","type-page","status-publish","hentry"],"_links":{"self":[{"href":"https:\/\/wellnesspatince.sk\/hu\/wp-json\/wp\/v2\/pages\/21510","targetHints":{"allow":["GET"]}}],"collection":[{"href":"https:\/\/wellnesspatince.sk\/hu\/wp-json\/wp\/v2\/pages"}],"about":[{"href":"https:\/\/wellnesspatince.sk\/hu\/wp-json\/wp\/v2\/types\/page"}],"author":[{"embeddable":true,"href":"https:\/\/wellnesspatince.sk\/hu\/wp-json\/wp\/v2\/users\/2"}],"replies":[{"embeddable":true,"href":"https:\/\/wellnesspatince.sk\/hu\/wp-json\/wp\/v2\/comments?post=21510"}],"version-history":[{"count":5,"href":"https:\/\/wellnesspatince.sk\/hu\/wp-json\/wp\/v2\/pages\/21510\/revisions"}],"predecessor-version":[{"id":21516,"href":"https:\/\/wellnesspatince.sk\/hu\/wp-json\/wp\/v2\/pages\/21510\/revisions\/21516"}],"up":[{"embeddable":true,"href":"https:\/\/wellnesspatince.sk\/hu\/wp-json\/wp\/v2\/pages\/21443"}],"wp:attachment":[{"href":"https:\/\/wellnesspatince.sk\/hu\/wp-json\/wp\/v2\/media?parent=21510"}],"curies":[{"name":"wp","href":"https:\/\/api.w.org\/{rel}","templated":true}]}}