{"id":21485,"date":"2021-05-06T09:19:11","date_gmt":"2021-05-06T07:19:11","guid":{"rendered":"https:\/\/wellnesspatince.sk\/szallas-csomagok\/wellness-pobyt\/"},"modified":"2026-03-27T11:28:39","modified_gmt":"2026-03-27T10:28:39","slug":"nyari-tartozkodas","status":"publish","type":"page","link":"https:\/\/wellnesspatince.sk\/hu\/szallas-csomagok\/nyari-tartozkodas\/","title":{"rendered":"FIRST MINUTE NY\u00c1RI TART\u00d3ZKOD\u00c1S \u2013 4 \u00c9JSZAKA 3 \u00c9JSZAKA \u00c1R\u00c1\u00c9RT"},"content":{"rendered":"<p>[vc_row row_content_width=&#8221;grid&#8221; css=&#8221;.vc_custom_1494578109812{padding-top: 110px !important;padding-bottom: 75px !important;}&#8221;][vc_column]<div class=\"mkdf-section-title-holder  mkdf-st-elegant  mkdf-st-title-left mkdf-st-normal-space \" >\n\t<div class=\"mkdf-st-inner\">\n\t\t\t\t\t<h6 class=\"mkdf-st-subtitle\" >\n\t\t\t\tFoglalja le most first minute tart\u00f3zkod\u00e1s\u00e1t a legkedvez\u0151bb \u00e1ron, \u00e9s takar\u00edtson meg ak\u00e1r 25%-ot.\t\t\t<\/h6>\n\t\t\t\t\t\t\t<h2 class=\"mkdf-st-title\" style=\"font-weight: 500;color: #04adaa\">\n\t\t\t\tNY\u00c1RI FIRST MINUTE TART\u00d3ZKOD\u00c1S \u2013 4 \u00e9jszaka 3 \u00e9jszaka \u00e1r\u00e1\u00e9rt\t\t\t\t\t\t\t\t\t<span class=\"mkdf-st-e-separator\" ><\/span>\n\t\t\t\t\t\t\t<\/h2>\n\t\t\t\t\t\t\t\t\t<span class=\"mkdf-st-text\" style=\"line-height:30px;margin-top:15px\">\n\t\t\t\tTervezze meg ny\u00e1ri pihen\u00e9s\u00e9t a Wellness Hotel Patince sz\u00e1llod\u00e1ban el\u0151re, \u00e9s \u00e9lvezze a t\u00f6bb kikapcsol\u00f3d\u00e1st kedvez\u0151bb \u00e1ron. A First Minute akci\u00f3 keret\u00e9ben 3 \u00e9jszak\u00e1s foglal\u00e1s eset\u00e9n 1 \u00e9jszak\u00e1t aj\u00e1nd\u00e9kba adunk, fel\u00e1r n\u00e9lk\u00fcl. Az aj\u00e1nlat a 2026. j\u00fanius 29. \u00e9s augusztus 31. k\u00f6z\u00f6tti tart\u00f3zkod\u00e1sokra \u00e9rv\u00e9nyes, amennyiben a foglal\u00e1s 2026. \u00e1pr\u00edlis 30-ig megt\u00f6rt\u00e9nik. \u00c9lvezzen ak\u00e1r 4 nap pihen\u00e9st h\u00e1rom \u00e9jszaka \u00e1r\u00e1\u00e9rt, \u00e9s t\u00f6ltse a nyarat teljes kikapcsol\u00f3d\u00e1ssal.<br \/>\nNyolc medence, v\u00edzi attrakci\u00f3k, cs\u00faszd\u00e1k, mindennapos anim\u00e1ci\u00f3s programok \u00e9s tematikus h\u00e9tv\u00e9g\u00e9k v\u00e1rj\u00e1k a vend\u00e9geket. A csal\u00e1dok sz\u00e1m\u00e1ra k\u00fcl\u00f6n \u00f6r\u00f6m, hogy a 6 \u00e9v alatti gyermekek sz\u00e1ll\u00e1sa ingyenes. A ny\u00e1ri hangulathoz hozz\u00e1tartoznak a dunai s\u00e9tahaj\u00f3z\u00e1sok, az eg\u00e9sz napos anim\u00e1ci\u00f3s programok \u00e9s a h\u00e9tv\u00e9gi rendezv\u00e9nyek, amelyek felejthetetlen \u00e9lm\u00e9nny\u00e9 teszik a nyaral\u00e1st.\t\t\t<\/span>\n\t\t\t<\/div>\n<\/div>[vc_separator][vc_empty_space height=&#8221;20px&#8221;]<div class=\"mkdf-image-gallery  mkdf-ig-grid-type  mkdf-image-behavior-zoom \">\n\t<div class=\"mkdf-ig-inner mkdf-ig-grid mkdf-ig-four-columns mkdf-ig-small-space\">\n\t\t\t\t\t<div class=\"mkdf-ig-image\">\n\t\t\t\t<div class=\"mkdf-ig-image-inner\">\n\t\t\t\t\t\t\t\t\t\t\t<img loading=\"lazy\" decoding=\"async\" src=\"https:\/\/wellnesspatince.sk\/wp-content\/uploads\/2023\/02\/Wellness_Hotel_Patince_043-1-1920x1080.jpg\" alt=\"\" width=\"1920\" height=\"1080\" \/>\t\t\t\t\t\t\t\t\t<\/div>\n\t\t\t<\/div>\n\t\t\t\t\t<div class=\"mkdf-ig-image\">\n\t\t\t\t<div class=\"mkdf-ig-image-inner\">\n\t\t\t\t\t\t\t\t\t\t\t<img loading=\"lazy\" decoding=\"async\" src=\"https:\/\/wellnesspatince.sk\/wp-content\/uploads\/2023\/10\/WH_Patince_Panorama_1920_26-1920x1080.jpg\" alt=\"\" width=\"1920\" height=\"1080\" \/>\t\t\t\t\t\t\t\t\t<\/div>\n\t\t\t<\/div>\n\t\t\t\t\t<div class=\"mkdf-ig-image\">\n\t\t\t\t<div class=\"mkdf-ig-image-inner\">\n\t\t\t\t\t\t\t\t\t\t\t<img loading=\"lazy\" decoding=\"async\" src=\"https:\/\/wellnesspatince.sk\/wp-content\/uploads\/2023\/10\/Wellness_Hotel_Patince_Vodne_bicykle_WEB_00-1920x1080.jpg\" alt=\"\" width=\"1920\" height=\"1080\" \/>\t\t\t\t\t\t\t\t\t<\/div>\n\t\t\t<\/div>\n\t\t\t\t\t<div class=\"mkdf-ig-image\">\n\t\t\t\t<div class=\"mkdf-ig-image-inner\">\n\t\t\t\t\t\t\t\t\t\t\t<img loading=\"lazy\" decoding=\"async\" src=\"https:\/\/wellnesspatince.sk\/wp-content\/uploads\/2023\/07\/Wellness_Hotel_Patince_2013_1920px_32-1920x1080.jpg\" alt=\"\" width=\"1920\" height=\"1080\" \/>\t\t\t\t\t\t\t\t\t<\/div>\n\t\t\t<\/div>\n\t\t\t<\/div>\n<\/div><div class=\"mkdf-section-title-holder  mkdf-st-elegant  mkdf-st-title-left mkdf-st-normal-space \" >\n\t<div class=\"mkdf-st-inner\">\n\t\t\t\t\t<h6 class=\"mkdf-st-subtitle\" style=\"margin-bottom:2px\">\n\t\t\t\tSz\u00e1ll\u00e1s csomag tartlama:\t\t\t<\/h6>\n\t\t\t\t\t\t\t\t\t\t\t<span class=\"mkdf-st-text\" style=\"line-height:30px;margin-top:15px\">\n\t\t\t\t\u2022 Sz\u00e1ll\u00e1s 3 \u00e9jszak\u00e1ra Standard szob\u00e1kban vagy apartmanokban<br \/>\n\u2022 F\u00e9lpanzi\u00f3 - sv\u00e9dasztalos reggeli \u00e9s vacsora vagy 4 fog\u00e1sos men\u00fc v\u00e1laszt\u00e1sa (italok n\u00e9lk\u00fcl)<br \/>\n\u2022 Korl\u00e1tlan hozz\u00e1f\u00e9r\u00e9s a Term\u00e1lparkba : belt\u00e9ri term\u00e1lmedenc\u00e9k: nagy relax\u00e1ci\u00f3s medence, relax\u00e1ci\u00f3s medence, pezsg\u0151f\u00fcrd\u0151, gyermekmedence cs\u00faszd\u00e1val, k\u00fclt\u00e9ri medenc\u00e9k (a ny\u00e1ri szezonban) k\u00fclt\u00e9ri medence cs\u00faszd\u00e1val \u00e9s attrakci\u00f3kkal, gyermekmedence,<br \/>\n\u2022 2025.6.27-t\u0151l korl\u00e1tlan bel\u00e9p\u00e9s a patin\u00e1s ny\u00e1ri term\u00e1lf\u00fcrd\u0151be: \u00fcl\u0151medence, szabadid\u0151s medence, sportmedence, v\u00edzics\u00faszd\u00e1k, j\u00e1tsz\u00f3terek \u00e9s sportp\u00e1ly\u00e1k.<br \/>\n\u2022 Korl\u00e1tlan hozz\u00e1f\u00e9r\u00e9s a Wellness k\u00f6zponthoz: finn, sv\u00e9d, gy\u00f3gyn\u00f6v\u00e9ny, g\u0151z- \u00e9s infraszauna, pezsg\u0151f\u00fcrd\u0151, h\u0171t\u0151medence, j\u00e9gpihen\u0151 \u00e9s relax\u00e1ci\u00f3s szoba.<br \/>\n\u2022 Eg\u00e9sz napos anim\u00e1ci\u00f3s programok gyermekeknek \u00e9s feln\u0151tteknek minden nap 2026. j\u00fanius 29. \u00e9s augusztus 31. k\u00f6z\u00f6tt<br \/>\n\u2022 Ny\u00e1ri programok minden h\u00e9tv\u00e9g\u00e9n 2026. j\u00fanius 29. \u00e9s augusztus 31. k\u00f6z\u00f6tt \u2013 mes\u00e9s gyermekprogramok, koncertek, gyermekel\u0151ad\u00e1sok<br \/>\n\u2022 Bel\u00e9p\u00e9s a Fitnesz k\u00f6zpontba<br \/>\n\u2022 Ingyenes Wi-Fi kapcsolat<br \/>\n\u2022 Ingyenes parkol\u00e1s\t\t\t<\/span>\n\t\t\t<\/div>\n<\/div>[vc_separator]<div class=\"mkdf-section-title-holder  mkdf-st-elegant  mkdf-st-title-left mkdf-st-normal-space \" >\n\t<div class=\"mkdf-st-inner\">\n\t\t\t\t\t<h6 class=\"mkdf-st-subtitle\" style=\"margin-bottom:2px\">\n\t\t\t\tNy\u00e1ri tev\u00e9kenys\u00e9gek:\t\t\t<\/h6>\n\t\t\t\t\t\t\t\t\t\t\t<span class=\"mkdf-st-text\" style=\"line-height:30px;margin-top:15px\">\n\t\t\t\t\u2022 Eg\u00e9sz napos anim\u00e1ci\u00f3s programok \u00e9s tev\u00e9kenys\u00e9gek, j\u00e1tsz\u00f3terek a gyermekek sz\u00e1m\u00e1ra<br \/>\n\u2022 Minden szombaton mese programok gyermekes csal\u00e1doknak<br \/>\n\u2022 Habshow minden vas\u00e1rnap<br \/>\n\u2022 V\u00e1rosn\u00e9z\u0151 haj\u00f3kir\u00e1ndul\u00e1sok a Dun\u00e1n - h\u00e9tf\u0151n, szerd\u00e1n \u00e9s szombaton (fel\u00e1r ellen\u00e9ben)<br \/>\n\u2022 Ingyenes bel\u00e9p\u00e9s a Term\u00e1lparkba \u00e9s a Patince Ny\u00e1ri Uszod\u00e1ba - check - out ut\u00e1n\t\t\t<\/span>\n\t\t\t<\/div>\n<\/div><div class=\"mkdf-image-gallery  mkdf-ig-masonry-type  mkdf-image-behavior-lightbox \">\n\t<div class=\"mkdf-ig-inner mkdf-ig-masonry mkdf-ig-two-columns mkdf-ig-small-space\">\n\t\t<div class=\"mkdf-ig-grid-sizer\"><\/div>\n\t\t<div class=\"mkdf-ig-grid-gutter\"><\/div>\n\t\t\t<\/div>\n<\/div>[vc_separator]<div class=\"mkdf-section-title-holder  mkdf-st-elegant  mkdf-st-title-left mkdf-st-normal-space \" >\n\t<div class=\"mkdf-st-inner\">\n\t\t\t\t\t<h6 class=\"mkdf-st-subtitle\" style=\"margin-bottom:2px\">\n\t\t\t\tFelt\u00e9telek \u00e9s \u00e1rkalkul\u00e1ci\u00f3k:\t\t\t<\/h6>\n\t\t\t\t\t\t\t\t\t\t\t<span class=\"mkdf-st-text\" style=\"line-height:30px;margin-top:15px\">\n\t\t\t\t*Az akci\u00f3 a recepci\u00f3n vagy online foglal\u00e1si rendszer\u00fcnk\u00f6n kereszt\u00fcl leadott foglal\u00e1sok eset\u00e9n \u00e9rv\u00e9nyes, a 2026. j\u00fanius 29. \u00e9s augusztus 31. k\u00f6z\u00f6tti tart\u00f3zkod\u00e1sokra, amennyiben a foglal\u00e1s 2026. \u00e1pr\u00edlis 30-ig megt\u00f6rt\u00e9nik. Foglaljon 3+1 \u00e9jszak\u00e1s csomagot, \u00e9s 1 \u00e9jszak\u00e1t aj\u00e1nd\u00e9kba adunk. Fel\u00e1r ellen\u00e9ben magasabb kateg\u00f3ri\u00e1j\u00fa szob\u00e1kban val\u00f3 elhelyez\u00e9s.<br \/>\n\u2022 A csomag r\u00e9szek\u00e9nt az elutaz\u00e1s napj\u00e1n eg\u00e9sz napos bel\u00e9p\u00e9st biztos\u00edtunk a Thermal parkba \u00e9s a Ny\u00e1ri f\u00fcrd\u0151be. L\u00e9pjen kapcsolatba vel\u00fcnk a rezervacie@wellnesspatince.sk<br \/>\ne-mail c\u00edmen.<br \/>\n\u2022 Sz\u00e1llod\u00e1nk rugalmas \u00e1rk\u00e9pz\u00e9st alkalmaz \u2013 min\u00e9l kor\u00e1bban foglal, ann\u00e1l t\u00f6bbet takar\u00edt meg. A 6 \u00e9v alatti gyermekek sz\u00e1m\u00e1ra a sz\u00e1ll\u00e1s ingyenes, k\u00fcl\u00f6n \u00e1gy ig\u00e9nyl\u00e9se n\u00e9lk\u00fcl.<br \/>\n\u2022 P\u00f3t\u00e1gy \u2013 \u00e1ra 50 \u20ac \/ \u00e9jszaka. Idegenforgalmi ad\u00f3 1 \u20ac \/ \u00e9jszaka \/ feln\u0151tt.\t\t\t<\/span>\n\t\t\t<\/div>\n<\/div>[vc_separator][\/vc_column][\/vc_row][vc_row row_content_width=&#8221;grid&#8221; css=&#8221;.vc_custom_1494246094601{padding-top: 20px !important;padding-bottom: 50px !important;}&#8221;][vc_column offset=&#8221;vc_col-lg-4 vc_col-md-12&#8243;]<div class=\"mkdf-iwt clearfix  mkdf-iwt-icon-left mkdf-iwt-icon-tiny mkdf-iwt-has-separator\">\n\t<div class=\"mkdf-iwt-icon\">\n\t\t\t\t\t<a itemprop=\"url\" href=\"https:\/\/wellnesspatince.sk\/hu\/fontos-informacio\/\" target=\"_blank\">\n\t\t\t\t\t\t\t\t\t    <span class=\"mkdf-icon-shortcode mkdf-circle   mkdf-icon-tiny\" style=\"background-color: #333132\" data-hover-background-color=\"#c59d5f\">\n                    <i class=\"mkdf-icon-font-awesome fa fa-info mkdf-icon-element\" style=\"\" ><\/i>            <\/span>\n\t\t\t\t\t\t\t\t<\/a>\n\t\t\t<\/div>\n\t<div class=\"mkdf-iwt-content\" style=\"padding: 0px 50px 0 16px\">\n\t\t\t\t\t<h5 class=\"mkdf-iwt-title\" style=\"margin-top:12px\">\n\t\t\t\t\t\t\t\t\t<a itemprop=\"url\" href=\"https:\/\/wellnesspatince.sk\/hu\/fontos-informacio\/\" target=\"_blank\">\n\t\t\t\t\t\t\t\t<span class=\"mkdf-iwt-title-text\">INFORM\u00c1CI\u00d3 AZ \u00d6N TART\u00d3ZKOD\u00c1S\u00c1HOZ<\/span>\n\t\t\t\t\t\t\t\t\t<\/a>\n\t\t\t\t\t\t\t\t\t\t\t\t\t<span class=\"mkdf-iwt-small-separator\" ><\/span>\n\t\t\t\t\t\t\t<\/h5>\n\t\t\t\t\t\t\t\t\t<p class=\"mkdf-iwt-text\" >A legfontosabb inform\u00e1ci\u00f3k a sz\u00e1llod\u00e1nkban val\u00f3 tart\u00f3zkod\u00e1s\u00e1hoz.<\/p>\n\t\t\t\t\t\t\t<a itemprop=\"url\" href=\"https:\/\/wellnesspatince.sk\/hu\/fontos-informacio\/\" target=\"_blank\" class=\"mkdf-iwt-link-text mkdf-btn mkdf-btn-simple\">\n\t\t\t\t<span class=\"mkdf-btn-text\">Tov\u00e1bbi inform\u00e1ci\u00f3k<\/span>\n\t\t\t<\/a>\n\t\t\t<\/div>\n<\/div>[\/vc_column][vc_column offset=&#8221;vc_col-lg-4 vc_col-md-12&#8243;]<div class=\"mkdf-iwt clearfix  mkdf-iwt-icon-left mkdf-iwt-icon-tiny mkdf-iwt-has-separator\">\n\t<div class=\"mkdf-iwt-icon\">\n\t\t\t\t\t<a itemprop=\"url\" href=\"https:\/\/rezervacie.wellnesspatince.sk\/hu\/\" target=\"_blank\">\n\t\t\t\t\t\t\t\t\t    <span class=\"mkdf-icon-shortcode mkdf-circle   mkdf-icon-tiny\" style=\"background-color: #333132\" data-hover-background-color=\"#c59d5f\">\n                    <i class=\"mkdf-icon-linear-icon lnr lnr-phone mkdf-icon-element\" style=\"\" ><\/i>            <\/span>\n\t\t\t\t\t\t\t\t<\/a>\n\t\t\t<\/div>\n\t<div class=\"mkdf-iwt-content\" style=\"padding: 0px 50px 0 16px\">\n\t\t\t\t\t<h5 class=\"mkdf-iwt-title\" style=\"margin-top:12px\">\n\t\t\t\t\t\t\t\t\t<a itemprop=\"url\" href=\"https:\/\/rezervacie.wellnesspatince.sk\/hu\/\" target=\"_blank\">\n\t\t\t\t\t\t\t\t<span class=\"mkdf-iwt-title-text\">Foglal\u00e1s<\/span>\n\t\t\t\t\t\t\t\t\t<\/a>\n\t\t\t\t\t\t\t\t\t\t\t\t\t<span class=\"mkdf-iwt-small-separator\" ><\/span>\n\t\t\t\t\t\t\t<\/h5>\n\t\t\t\t\t\t\t\t\t<p class=\"mkdf-iwt-text\" >Email : rezervacie@wellnesspatince.sk Tel. : +421 917 654 875<\/p>\n\t\t\t\t\t\t\t<a itemprop=\"url\" href=\"https:\/\/rezervacie.wellnesspatince.sk\/hu\/\" target=\"_blank\" class=\"mkdf-iwt-link-text mkdf-btn mkdf-btn-simple\">\n\t\t\t\t<span class=\"mkdf-btn-text\">Online foglal\u00e1s itt<\/span>\n\t\t\t<\/a>\n\t\t\t<\/div>\n<\/div>[\/vc_column][vc_column offset=&#8221;vc_col-lg-4 vc_col-md-12&#8243;]<div class=\"mkdf-iwt clearfix  mkdf-iwt-icon-left mkdf-iwt-icon-tiny mkdf-iwt-has-separator\">\n\t<div class=\"mkdf-iwt-icon\">\n\t\t\t\t\t\t\t\t\t    <span class=\"mkdf-icon-shortcode mkdf-circle   mkdf-icon-tiny\" style=\"background-color: #333132\" data-hover-background-color=\"#c59d5f\">\n                    <i class=\"mkdf-icon-font-awesome fa fa-calendar mkdf-icon-element\" style=\"\" ><\/i>            <\/span>\n\t\t\t\t\t\t<\/div>\n\t<div class=\"mkdf-iwt-content\" style=\"padding: 0 50px 0 16px\">\n\t\t\t\t\t<h5 class=\"mkdf-iwt-title\" style=\"margin-top:12px\">\n\t\t\t\t\t\t\t\t<span class=\"mkdf-iwt-title-text\">A tart\u00f3zkod\u00e1s \u00e9rv\u00e9nyess\u00e9ge<\/span>\n\t\t\t\t\t\t\t\t\t\t\t\t\t<span class=\"mkdf-iwt-small-separator\" ><\/span>\n\t\t\t\t\t\t\t<\/h5>\n\t\t\t\t\t\t\t\t\t<p class=\"mkdf-iwt-text\" >Az aj\u00e1nlat a 2026. j\u00fanius 29. \u00e9s augusztus 31. k\u00f6z\u00f6tti tart\u00f3zkod\u00e1sokra \u00e9rv\u00e9nyes, amennyiben a foglal\u00e1s 2026. \u00e1pr\u00edlis 30-ig megt\u00f6rt\u00e9nik.<\/p>\n\t\t\t\t\t<\/div>\n<\/div>[\/vc_column][\/vc_row][vc_row row_content_width=&#8221;grid&#8221; simple_background_color=&#8221;#04adaa&#8221; css=&#8221;.vc_custom_1676018120294{padding-top: 70px !important;padding-bottom: 70px !important;background-color: #04adaa !important;}&#8221;][vc_column]<div class=\"mkdf-call-to-action-holder  mkdf-normal-layout  mkdf-three-quarters-columns\">\n\t<div class=\"mkdf-cta-inner \">\n\t\t<div class=\"mkdf-cta-text-holder\">\n\t\t\t<div class=\"mkdf-cta-text\"><em><span style=\"color: #ffffff;\">Foglal\u00e1s itt<\/span><\/em><\/p>\n<h3><span style=\"color: #ffffff;\">SZ\u00c1LLODAI TART\u00d3ZKOD\u00c1S<\/span><\/h3>\n<\/div>\n\t\t<\/div>\n\t\t<div class=\"mkdf-cta-button-holder\" >\n\t\t\t<div class=\"mkdf-cta-button\"><a itemprop=\"url\" href=\"https:\/\/rezervacie.wellnesspatince.sk\/hu\/\" target=\"_blank\"  class=\"mkdf-btn mkdf-btn-medium mkdf-btn-solid mkdf-btn-custom-hover-bg mkdf-btn-custom-hover-color mkdf-btn-icon\" data-hover-color=\"#333132\" data-hover-bg-color=\"#ffffff\" >    <span class=\"mkdf-btn-text\">Foglal\u00e1s itt<\/span>    <i class=\"mkdf-icon-linear-icon lnr lnr-arrow-right \" ><\/i><\/a><\/div>\n\t\t<\/div>\n\t<\/div>\n<\/div>[\/vc_column][\/vc_row]<\/p>\n","protected":false},"excerpt":{"rendered":"<p>[vc_row row_content_width=&#8221;grid&#8221; css=&#8221;.vc_custom_1494578109812{padding-top: 110px !important;padding-bottom: 75px !important;}&#8221;][vc_column][vc_separator][vc_empty_space height=&#8221;20px&#8221;][vc_separator][vc_separator][vc_separator][\/vc_column][\/vc_row][vc_row row_content_width=&#8221;grid&#8221; css=&#8221;.vc_custom_1494246094601{padding-top: 20px !important;padding-bottom: 50px !important;}&#8221;][vc_column offset=&#8221;vc_col-lg-4 vc_col-md-12&#8243;][\/vc_column][vc_column offset=&#8221;vc_col-lg-4 vc_col-md-12&#8243;][\/vc_column][vc_column offset=&#8221;vc_col-lg-4 vc_col-md-12&#8243;][\/vc_column][\/vc_row][vc_row row_content_width=&#8221;grid&#8221; simple_background_color=&#8221;#04adaa&#8221; css=&#8221;.vc_custom_1676018120294{padding-top: 70px !important;padding-bottom: 70px !important;background-color: #04adaa !important;}&#8221;][vc_column][\/vc_column][\/vc_row]<\/p>\n","protected":false},"author":8,"featured_media":0,"parent":21443,"menu_order":0,"comment_status":"closed","ping_status":"closed","template":"full-width.php","meta":{"inline_featured_image":false,"footnotes":"","_wp_rev_ctl_limit":""},"class_list":["post-21485","page","type-page","status-publish","hentry"],"_links":{"self":[{"href":"https:\/\/wellnesspatince.sk\/hu\/wp-json\/wp\/v2\/pages\/21485","targetHints":{"allow":["GET"]}}],"collection":[{"href":"https:\/\/wellnesspatince.sk\/hu\/wp-json\/wp\/v2\/pages"}],"about":[{"href":"https:\/\/wellnesspatince.sk\/hu\/wp-json\/wp\/v2\/types\/page"}],"author":[{"embeddable":true,"href":"https:\/\/wellnesspatince.sk\/hu\/wp-json\/wp\/v2\/users\/8"}],"replies":[{"embeddable":true,"href":"https:\/\/wellnesspatince.sk\/hu\/wp-json\/wp\/v2\/comments?post=21485"}],"version-history":[{"count":50,"href":"https:\/\/wellnesspatince.sk\/hu\/wp-json\/wp\/v2\/pages\/21485\/revisions"}],"predecessor-version":[{"id":27223,"href":"https:\/\/wellnesspatince.sk\/hu\/wp-json\/wp\/v2\/pages\/21485\/revisions\/27223"}],"up":[{"embeddable":true,"href":"https:\/\/wellnesspatince.sk\/hu\/wp-json\/wp\/v2\/pages\/21443"}],"wp:attachment":[{"href":"https:\/\/wellnesspatince.sk\/hu\/wp-json\/wp\/v2\/media?parent=21485"}],"curies":[{"name":"wp","href":"https:\/\/api.w.org\/{rel}","templated":true}]}}