{"id":21472,"date":"2023-02-23T07:16:55","date_gmt":"2023-02-23T06:16:55","guid":{"rendered":"https:\/\/wellnesspatince.sk\/szallas-csomagok\/velkonocny-pobyt\/"},"modified":"2026-03-16T06:05:55","modified_gmt":"2026-03-16T05:05:55","slug":"husveti-szallas-csomag","status":"publish","type":"page","link":"https:\/\/wellnesspatince.sk\/hu\/szallas-csomagok\/husveti-szallas-csomag\/","title":{"rendered":"H\u00daSVETI SZ\u00c1LLAS CSOMAG"},"content":{"rendered":"<p>[vc_row row_content_width=&#8221;grid&#8221; css=&#8221;.vc_custom_1494578109812{padding-top: 110px !important;padding-bottom: 75px !important;}&#8221;][vc_column]<div class=\"mkdf-section-title-holder  mkdf-st-elegant  mkdf-st-title-left mkdf-st-normal-space \" >\n\t<div class=\"mkdf-st-inner\">\n\t\t\t\t\t<h6 class=\"mkdf-st-subtitle\" >\n\t\t\t\tH\u00fasv\u00e9ti tart\u00f3zkod\u00e1s gazdag programmal gyermekek \u00e9s feln\u0151ttek sz\u00e1m\u00e1ra\t\t\t<\/h6>\n\t\t\t\t\t\t\t<h2 class=\"mkdf-st-title\" style=\"font-weight: 500;color: #04adaa\">\n\t\t\t\tH\u00fasveti sz\u00e1ll\u00e1s csomag\t\t\t\t\t\t\t\t\t<span class=\"mkdf-st-e-separator\" ><\/span>\n\t\t\t\t\t\t\t<\/h2>\n\t\t\t\t\t\t\t\t\t<span class=\"mkdf-st-text\" style=\"line-height:30px;margin-top:15px\">\n\t\t\t\tT\u00f6ltse a h\u00fasv\u00e9tot a Wellness Hotel Patince sz\u00e1llod\u00e1ban a pihen\u00e9s, a hagyom\u00e1nyok \u00e9s a k\u00f6z\u00f6s \u00e9lm\u00e9nyek jegy\u00e9ben. K\u00e9nyelmes sz\u00e1ll\u00e1s, term\u00e1lmedenc\u00e9kben val\u00f3 kikapcsol\u00f3d\u00e1s \u00e9s sz\u00ednes program v\u00e1rja az eg\u00e9sz csal\u00e1dot. A gyermekeket tematikus anim\u00e1ci\u00f3k, k\u00e9zm\u0171ves foglalkoz\u00e1sok, versenyek \u00e9s h\u00fasv\u00e9ti meglepet\u00e9sek keres\u00e9se v\u00e1rja. A feln\u0151ttek a wellness k\u00f6zpontban pihenhetnek, vagy \u00e9lvezhetik az \u00fcnnepi hangulatot a k\u00eds\u00e9r\u0151 programokon. A hagyom\u00e1nyos h\u00fasv\u00e9ti szok\u00e1sok \u00e9s tov\u00e1bbi meglepet\u00e9sek sem maradnak el, \u00edgy az \u00fcnnepet gondtalanul, sok \u00f6r\u00f6mmel \u00e9s felt\u00f6lt\u0151d\u00e9ssel \u00e9lhetik \u00e1t.\t\t\t<\/span>\n\t\t\t<\/div>\n<\/div>[vc_separator][vc_empty_space height=&#8221;20px&#8221;]<div class=\"mkdf-image-gallery  mkdf-ig-grid-type  mkdf-image-behavior-zoom \">\n\t<div class=\"mkdf-ig-inner mkdf-ig-grid mkdf-ig-four-columns mkdf-ig-small-space\">\n\t\t\t\t\t<div class=\"mkdf-ig-image\">\n\t\t\t\t<div class=\"mkdf-ig-image-inner\">\n\t\t\t\t\t\t\t\t\t\t\t<img loading=\"lazy\" decoding=\"async\" width=\"800\" height=\"545\" src=\"https:\/\/wellnesspatince.sk\/wp-content\/uploads\/2024\/03\/Patince_2.jpg\" class=\"attachment-full size-full\" alt=\"\" srcset=\"https:\/\/wellnesspatince.sk\/wp-content\/uploads\/2024\/03\/Patince_2.jpg 800w, https:\/\/wellnesspatince.sk\/wp-content\/uploads\/2024\/03\/Patince_2-300x204.jpg 300w, https:\/\/wellnesspatince.sk\/wp-content\/uploads\/2024\/03\/Patince_2-768x523.jpg 768w, https:\/\/wellnesspatince.sk\/wp-content\/uploads\/2024\/03\/Patince_2-600x409.jpg 600w\" sizes=\"auto, (max-width: 800px) 100vw, 800px\" \/>\t\t\t\t\t\t\t\t\t<\/div>\n\t\t\t<\/div>\n\t\t\t\t\t<div class=\"mkdf-ig-image\">\n\t\t\t\t<div class=\"mkdf-ig-image-inner\">\n\t\t\t\t\t\t\t\t\t\t\t<img loading=\"lazy\" decoding=\"async\" width=\"1920\" height=\"1275\" src=\"https:\/\/wellnesspatince.sk\/wp-content\/uploads\/2023\/10\/WH_Patince_Panorama_1920_45.jpg\" class=\"attachment-full size-full\" alt=\"\" srcset=\"https:\/\/wellnesspatince.sk\/wp-content\/uploads\/2023\/10\/WH_Patince_Panorama_1920_45.jpg 1920w, https:\/\/wellnesspatince.sk\/wp-content\/uploads\/2023\/10\/WH_Patince_Panorama_1920_45-300x199.jpg 300w, https:\/\/wellnesspatince.sk\/wp-content\/uploads\/2023\/10\/WH_Patince_Panorama_1920_45-1024x680.jpg 1024w, https:\/\/wellnesspatince.sk\/wp-content\/uploads\/2023\/10\/WH_Patince_Panorama_1920_45-768x510.jpg 768w, https:\/\/wellnesspatince.sk\/wp-content\/uploads\/2023\/10\/WH_Patince_Panorama_1920_45-1536x1020.jpg 1536w, https:\/\/wellnesspatince.sk\/wp-content\/uploads\/2023\/10\/WH_Patince_Panorama_1920_45-1320x877.jpg 1320w, https:\/\/wellnesspatince.sk\/wp-content\/uploads\/2023\/10\/WH_Patince_Panorama_1920_45-600x398.jpg 600w\" sizes=\"auto, (max-width: 1920px) 100vw, 1920px\" \/>\t\t\t\t\t\t\t\t\t<\/div>\n\t\t\t<\/div>\n\t\t\t\t\t<div class=\"mkdf-ig-image\">\n\t\t\t\t<div class=\"mkdf-ig-image-inner\">\n\t\t\t\t\t\t\t\t\t\t\t<img loading=\"lazy\" decoding=\"async\" width=\"1920\" height=\"1275\" src=\"https:\/\/wellnesspatince.sk\/wp-content\/uploads\/2023\/10\/WH_Patince_Panorama_1920_21.jpg\" class=\"attachment-full size-full\" alt=\"\" srcset=\"https:\/\/wellnesspatince.sk\/wp-content\/uploads\/2023\/10\/WH_Patince_Panorama_1920_21.jpg 1920w, https:\/\/wellnesspatince.sk\/wp-content\/uploads\/2023\/10\/WH_Patince_Panorama_1920_21-300x199.jpg 300w, https:\/\/wellnesspatince.sk\/wp-content\/uploads\/2023\/10\/WH_Patince_Panorama_1920_21-1024x680.jpg 1024w, https:\/\/wellnesspatince.sk\/wp-content\/uploads\/2023\/10\/WH_Patince_Panorama_1920_21-768x510.jpg 768w, https:\/\/wellnesspatince.sk\/wp-content\/uploads\/2023\/10\/WH_Patince_Panorama_1920_21-1536x1020.jpg 1536w, https:\/\/wellnesspatince.sk\/wp-content\/uploads\/2023\/10\/WH_Patince_Panorama_1920_21-1320x877.jpg 1320w, https:\/\/wellnesspatince.sk\/wp-content\/uploads\/2023\/10\/WH_Patince_Panorama_1920_21-600x398.jpg 600w\" sizes=\"auto, (max-width: 1920px) 100vw, 1920px\" \/>\t\t\t\t\t\t\t\t\t<\/div>\n\t\t\t<\/div>\n\t\t\t\t\t<div class=\"mkdf-ig-image\">\n\t\t\t\t<div class=\"mkdf-ig-image-inner\">\n\t\t\t\t\t\t\t\t\t\t\t<img loading=\"lazy\" decoding=\"async\" width=\"1920\" height=\"1275\" src=\"https:\/\/wellnesspatince.sk\/wp-content\/uploads\/2023\/10\/WH_Patince_Panorama_1920_07.jpg\" class=\"attachment-full size-full\" alt=\"\" srcset=\"https:\/\/wellnesspatince.sk\/wp-content\/uploads\/2023\/10\/WH_Patince_Panorama_1920_07.jpg 1920w, https:\/\/wellnesspatince.sk\/wp-content\/uploads\/2023\/10\/WH_Patince_Panorama_1920_07-300x199.jpg 300w, https:\/\/wellnesspatince.sk\/wp-content\/uploads\/2023\/10\/WH_Patince_Panorama_1920_07-1024x680.jpg 1024w, https:\/\/wellnesspatince.sk\/wp-content\/uploads\/2023\/10\/WH_Patince_Panorama_1920_07-768x510.jpg 768w, https:\/\/wellnesspatince.sk\/wp-content\/uploads\/2023\/10\/WH_Patince_Panorama_1920_07-1536x1020.jpg 1536w, https:\/\/wellnesspatince.sk\/wp-content\/uploads\/2023\/10\/WH_Patince_Panorama_1920_07-1320x877.jpg 1320w, https:\/\/wellnesspatince.sk\/wp-content\/uploads\/2023\/10\/WH_Patince_Panorama_1920_07-600x398.jpg 600w\" sizes=\"auto, (max-width: 1920px) 100vw, 1920px\" \/>\t\t\t\t\t\t\t\t\t<\/div>\n\t\t\t<\/div>\n\t\t\t<\/div>\n<\/div><div class=\"mkdf-section-title-holder  mkdf-st-elegant  mkdf-st-title-left mkdf-st-normal-space \" >\n\t<div class=\"mkdf-st-inner\">\n\t\t\t\t\t<h6 class=\"mkdf-st-subtitle\" style=\"margin-bottom:2px\">\n\t\t\t\tA tart\u00f3zkod\u00e1s tartalmazza:\t\t\t<\/h6>\n\t\t\t\t\t\t\t\t\t\t\t<span class=\"mkdf-st-text\" style=\"line-height:30px;margin-top:15px\">\n\t\t\t\t\u2022 Sz\u00e1ll\u00e1s szob\u00e1kban vagy apartmanokban<br \/>\n\u2022 F\u00e9lpanzi\u00f3 - sv\u00e9dasztalos reggeli \u00e9s vacsora vagy 4 fog\u00e1sos men\u00fc v\u00e1laszt\u00e1sa (italok n\u00e9lk\u00fcl)<br \/>\n\u2022 Korl\u00e1tlan bel\u00e9p\u0151 a Term\u00e1lparkba: nagy relax\u00e1ci\u00f3s medence, relax\u00e1ci\u00f3s medence, pezsg\u0151f\u00fcrd\u0151, gyermekmedence cs\u00faszd\u00e1val<br \/>\n\u2022 Korl\u00e1tlan bel\u00e9p\u0151 a Wellnessk\u00f6zpontba: finn, sv\u00e9d, gy\u00f3gyn\u00f6v\u00e9ny, g\u0151z \u00e9s infraszauna, pezsg\u0151f\u00fcrd\u0151, jegesmedence, \u00e9s relax\u00e1ci\u00f3s szoba.<br \/>\n\u2022 Korl\u00e1tlan bel\u00e9p\u0151 a Fitneszk\u00f6zpontba<br \/>\n\u2022 H\u00e9tv\u00e9gi anim\u00e1ci\u00f3s programok \u00e9s tev\u00e9kenys\u00e9gek, gyermek sarkak<br \/>\n\u2022 Ingyenes Wi-Fi<br \/>\n\u2022 Ingyenes parkol\u00e1s\t\t\t<\/span>\n\t\t\t<\/div>\n<\/div>[vc_separator][vc_empty_space height=&#8221;20px&#8221;]<div class=\"mkdf-section-title-holder  mkdf-st-elegant  mkdf-st-title-left mkdf-st-normal-space \" >\n\t<div class=\"mkdf-st-inner\">\n\t\t\t\t\t<h6 class=\"mkdf-st-subtitle\" style=\"margin-bottom:2px\">\n\t\t\t\tFelt\u00e9telek \u00e9s \u00e1rkalkul\u00e1ci\u00f3:\t\t\t<\/h6>\n\t\t\t\t\t\t\t\t\t\t\t<span class=\"mkdf-st-text\" style=\"line-height:30px;margin-top:15px\">\n\t\t\t\t*Az aj\u00e1nlat a lista\u00e1ras foglal\u00e1sokra \u00e9rv\u00e9nyes (sz\u00e1ll\u00e1s f\u00e9lpanzi\u00f3val), \u00e9s nem vonatkozik a csomagaj\u00e1nlatokra.<br \/>\n*Fel\u00e1r ellen\u00e9ben magasabb kateg\u00f3ri\u00e1j\u00fa szob\u00e1kban val\u00f3 elhelyez\u00e9s.<br \/>\n*Idegenforgalmi ad\u00f3: 1,00 \u20ac \/ feln\u0151tt szem\u00e9ly.\t\t\t<\/span>\n\t\t\t<\/div>\n<\/div>[vc_empty_space height=&#8221;20px&#8221;]<a itemprop=\"url\" href=\"https:\/\/wellnesspatince.sk\/wp-content\/uploads\/2026\/03\/Patince_Animacie_Velka_Noc_2026_A4-4-scaled.jpg\" target=\"_blank\" style=\"background-color: #04adaa\" class=\"mkdf-btn mkdf-btn-medium mkdf-btn-solid\"  >\n    <span class=\"mkdf-btn-text\">H\u00fasv\u00e9ti anim\u00e1ci\u00f3s program<\/span>\n    <\/a>[\/vc_column][\/vc_row][vc_row row_content_width=&#8221;grid&#8221; css=&#8221;.vc_custom_1494246094601{padding-top: 20px !important;padding-bottom: 50px !important;}&#8221;][vc_column offset=&#8221;vc_col-lg-4 vc_col-md-12&#8243;]<div class=\"mkdf-iwt clearfix  mkdf-iwt-icon-left mkdf-iwt-icon-tiny mkdf-iwt-has-separator\">\n\t<div class=\"mkdf-iwt-icon\">\n\t\t\t\t\t<a itemprop=\"url\" href=\"https:\/\/wellnesspatince.sk\/hu\/fontos-informacio\/\" target=\"_blank\">\n\t\t\t\t\t\t\t\t\t    <span class=\"mkdf-icon-shortcode mkdf-circle   mkdf-icon-tiny\" style=\"background-color: #333132\" data-hover-background-color=\"#c59d5f\">\n                    <i class=\"mkdf-icon-font-awesome fa fa-info mkdf-icon-element\" style=\"\" ><\/i>            <\/span>\n\t\t\t\t\t\t\t\t<\/a>\n\t\t\t<\/div>\n\t<div class=\"mkdf-iwt-content\" style=\"padding: 0px 50px 0 16px\">\n\t\t\t\t\t<h5 class=\"mkdf-iwt-title\" style=\"margin-top:12px\">\n\t\t\t\t\t\t\t\t\t<a itemprop=\"url\" href=\"https:\/\/wellnesspatince.sk\/hu\/fontos-informacio\/\" target=\"_blank\">\n\t\t\t\t\t\t\t\t<span class=\"mkdf-iwt-title-text\">INFORM\u00c1CI\u00d3 AZ \u00d6N TART\u00d3ZKOD\u00c1S\u00c1HOZ<\/span>\n\t\t\t\t\t\t\t\t\t<\/a>\n\t\t\t\t\t\t\t\t\t\t\t\t\t<span class=\"mkdf-iwt-small-separator\" ><\/span>\n\t\t\t\t\t\t\t<\/h5>\n\t\t\t\t\t\t\t\t\t<p class=\"mkdf-iwt-text\" >A legfontosabb inform\u00e1ci\u00f3k a sz\u00e1llod\u00e1nkban val\u00f3 tart\u00f3zkod\u00e1s\u00e1hoz.<\/p>\n\t\t\t\t\t\t\t<a itemprop=\"url\" href=\"https:\/\/wellnesspatince.sk\/hu\/fontos-informacio\/\" target=\"_blank\" class=\"mkdf-iwt-link-text mkdf-btn mkdf-btn-simple\">\n\t\t\t\t<span class=\"mkdf-btn-text\">Tov\u00e1bbi inform\u00e1ci\u00f3k<\/span>\n\t\t\t<\/a>\n\t\t\t<\/div>\n<\/div>[\/vc_column][vc_column offset=&#8221;vc_col-lg-4 vc_col-md-12&#8243;]<div class=\"mkdf-iwt clearfix  mkdf-iwt-icon-left mkdf-iwt-icon-tiny mkdf-iwt-has-separator\">\n\t<div class=\"mkdf-iwt-icon\">\n\t\t\t\t\t<a itemprop=\"url\" href=\"https:\/\/rezervacie.wellnesspatince.sk\/hu\/\" target=\"_blank\">\n\t\t\t\t\t\t\t\t\t    <span class=\"mkdf-icon-shortcode mkdf-circle   mkdf-icon-tiny\" style=\"background-color: #333132\" data-hover-background-color=\"#c59d5f\">\n                    <i class=\"mkdf-icon-linear-icon lnr lnr-phone mkdf-icon-element\" style=\"\" ><\/i>            <\/span>\n\t\t\t\t\t\t\t\t<\/a>\n\t\t\t<\/div>\n\t<div class=\"mkdf-iwt-content\" style=\"padding: 0px 50px 0 16px\">\n\t\t\t\t\t<h5 class=\"mkdf-iwt-title\" style=\"margin-top:12px\">\n\t\t\t\t\t\t\t\t\t<a itemprop=\"url\" href=\"https:\/\/rezervacie.wellnesspatince.sk\/hu\/\" target=\"_blank\">\n\t\t\t\t\t\t\t\t<span class=\"mkdf-iwt-title-text\">Foglal\u00e1s<\/span>\n\t\t\t\t\t\t\t\t\t<\/a>\n\t\t\t\t\t\t\t\t\t\t\t\t\t<span class=\"mkdf-iwt-small-separator\" ><\/span>\n\t\t\t\t\t\t\t<\/h5>\n\t\t\t\t\t\t\t\t\t<p class=\"mkdf-iwt-text\" >Email : rezervacie@wellnesspatince.sk Tel.: +421 917 654 875<\/p>\n\t\t\t\t\t\t\t<a itemprop=\"url\" href=\"https:\/\/rezervacie.wellnesspatince.sk\/hu\/\" target=\"_blank\" class=\"mkdf-iwt-link-text mkdf-btn mkdf-btn-simple\">\n\t\t\t\t<span class=\"mkdf-btn-text\">Online folal\u00e1s itt<\/span>\n\t\t\t<\/a>\n\t\t\t<\/div>\n<\/div>[\/vc_column][vc_column offset=&#8221;vc_col-lg-4 vc_col-md-12&#8243;]<div class=\"mkdf-iwt clearfix  mkdf-iwt-icon-left mkdf-iwt-icon-tiny mkdf-iwt-has-separator\">\n\t<div class=\"mkdf-iwt-icon\">\n\t\t\t\t\t\t\t\t\t    <span class=\"mkdf-icon-shortcode mkdf-circle   mkdf-icon-tiny\" style=\"background-color: #333132\" data-hover-background-color=\"#c59d5f\">\n                    <i class=\"mkdf-icon-font-awesome fa fa-calendar mkdf-icon-element\" style=\"\" ><\/i>            <\/span>\n\t\t\t\t\t\t<\/div>\n\t<div class=\"mkdf-iwt-content\" style=\"padding: 0 50px 0 16px\">\n\t\t\t\t\t<h5 class=\"mkdf-iwt-title\" style=\"margin-top:12px\">\n\t\t\t\t\t\t\t\t<span class=\"mkdf-iwt-title-text\">A tart\u00f3zkod\u00e1s \u00e9rv\u00e9nyess\u00e9ge<\/span>\n\t\t\t\t\t\t\t\t\t\t\t\t\t<span class=\"mkdf-iwt-small-separator\" ><\/span>\n\t\t\t\t\t\t\t<\/h5>\n\t\t\t\t\t\t\t\t\t<p class=\"mkdf-iwt-text\" >Az akci\u00f3 csak a H\u00fasveti \u00fcnnepek alatt \u00e9rv\u00e9nyes.<\/p>\n\t\t\t\t\t<\/div>\n<\/div>[\/vc_column][\/vc_row][vc_row row_content_width=&#8221;grid&#8221; simple_background_color=&#8221;#04adaa&#8221; css=&#8221;.vc_custom_1676018120294{padding-top: 70px !important;padding-bottom: 70px !important;background-color: #04adaa !important;}&#8221;][vc_column]<div class=\"mkdf-call-to-action-holder  mkdf-normal-layout  mkdf-three-quarters-columns\">\n\t<div class=\"mkdf-cta-inner \">\n\t\t<div class=\"mkdf-cta-text-holder\">\n\t\t\t<div class=\"mkdf-cta-text\"><em><span style=\"color: #ffffff;\">Foglal\u00e1s itt<\/span><\/em><\/p>\n<h3><span style=\"color: #ffffff;\">SZ\u00c1LLODAI TART\u00d3ZKOD\u00c1S<\/span><\/h3>\n<\/div>\n\t\t<\/div>\n\t\t<div class=\"mkdf-cta-button-holder\" >\n\t\t\t<div class=\"mkdf-cta-button\"><a itemprop=\"url\" href=\"https:\/\/rezervacie.wellnesspatince.sk\/hu\/\" target=\"_blank\"  class=\"mkdf-btn mkdf-btn-medium mkdf-btn-solid mkdf-btn-custom-hover-bg mkdf-btn-custom-hover-color mkdf-btn-icon\" data-hover-color=\"#333132\" data-hover-bg-color=\"#ffffff\" >    <span class=\"mkdf-btn-text\">Foglal\u00e1s itt<\/span>    <i class=\"mkdf-icon-linear-icon lnr lnr-arrow-right \" ><\/i><\/a><\/div>\n\t\t<\/div>\n\t<\/div>\n<\/div>[\/vc_column][\/vc_row]<\/p>\n","protected":false},"excerpt":{"rendered":"<p>[vc_row row_content_width=&#8221;grid&#8221; css=&#8221;.vc_custom_1494578109812{padding-top: 110px !important;padding-bottom: 75px !important;}&#8221;][vc_column][vc_separator][vc_empty_space height=&#8221;20px&#8221;][vc_separator][vc_empty_space height=&#8221;20px&#8221;][vc_empty_space height=&#8221;20px&#8221;][\/vc_column][\/vc_row][vc_row row_content_width=&#8221;grid&#8221; css=&#8221;.vc_custom_1494246094601{padding-top: 20px !important;padding-bottom: 50px !important;}&#8221;][vc_column offset=&#8221;vc_col-lg-4 vc_col-md-12&#8243;][\/vc_column][vc_column offset=&#8221;vc_col-lg-4 vc_col-md-12&#8243;][\/vc_column][vc_column offset=&#8221;vc_col-lg-4 vc_col-md-12&#8243;][\/vc_column][\/vc_row][vc_row row_content_width=&#8221;grid&#8221; simple_background_color=&#8221;#04adaa&#8221; css=&#8221;.vc_custom_1676018120294{padding-top: 70px !important;padding-bottom: 70px !important;background-color: #04adaa !important;}&#8221;][vc_column][\/vc_column][\/vc_row]<\/p>\n","protected":false},"author":2,"featured_media":0,"parent":21443,"menu_order":0,"comment_status":"closed","ping_status":"closed","template":"full-width.php","meta":{"inline_featured_image":false,"footnotes":"","_wp_rev_ctl_limit":""},"class_list":["post-21472","page","type-page","status-publish","hentry"],"_links":{"self":[{"href":"https:\/\/wellnesspatince.sk\/hu\/wp-json\/wp\/v2\/pages\/21472","targetHints":{"allow":["GET"]}}],"collection":[{"href":"https:\/\/wellnesspatince.sk\/hu\/wp-json\/wp\/v2\/pages"}],"about":[{"href":"https:\/\/wellnesspatince.sk\/hu\/wp-json\/wp\/v2\/types\/page"}],"author":[{"embeddable":true,"href":"https:\/\/wellnesspatince.sk\/hu\/wp-json\/wp\/v2\/users\/2"}],"replies":[{"embeddable":true,"href":"https:\/\/wellnesspatince.sk\/hu\/wp-json\/wp\/v2\/comments?post=21472"}],"version-history":[{"count":15,"href":"https:\/\/wellnesspatince.sk\/hu\/wp-json\/wp\/v2\/pages\/21472\/revisions"}],"predecessor-version":[{"id":27131,"href":"https:\/\/wellnesspatince.sk\/hu\/wp-json\/wp\/v2\/pages\/21472\/revisions\/27131"}],"up":[{"embeddable":true,"href":"https:\/\/wellnesspatince.sk\/hu\/wp-json\/wp\/v2\/pages\/21443"}],"wp:attachment":[{"href":"https:\/\/wellnesspatince.sk\/hu\/wp-json\/wp\/v2\/media?parent=21472"}],"curies":[{"name":"wp","href":"https:\/\/api.w.org\/{rel}","templated":true}]}}