{"id":21456,"date":"2022-10-24T21:53:25","date_gmt":"2022-10-24T19:53:25","guid":{"rendered":"https:\/\/wellnesspatince.sk\/szallas-csomagok\/seniorsky-pobyt\/"},"modified":"2026-03-09T11:16:45","modified_gmt":"2026-03-09T10:16:45","slug":"szenior-szallas-csomag","status":"publish","type":"page","link":"https:\/\/wellnesspatince.sk\/hu\/szallas-csomagok\/szenior-szallas-csomag\/","title":{"rendered":"Szenior sz\u00e1ll\u00e1s"},"content":{"rendered":"<p>[vc_row row_content_width=&#8221;grid&#8221; css=&#8221;.vc_custom_1494578109812{padding-top: 110px !important;padding-bottom: 75px !important;}&#8221;][vc_column]<div class=\"mkdf-section-title-holder  mkdf-st-elegant  mkdf-st-title-left mkdf-st-normal-space \" >\n\t<div class=\"mkdf-st-inner\">\n\t\t\t\t\t<h6 class=\"mkdf-st-subtitle\" >\n\t\t\t\tKiv\u00e9teles kezel\u00e9sek id\u0151sek sz\u00e1m\u00e1ra\t\t\t<\/h6>\n\t\t\t\t\t\t\t<h2 class=\"mkdf-st-title\" style=\"font-weight: 500;color: #04adaa\">\n\t\t\t\tSZENIOR SZ\u00c1LL\u00c1S\t\t\t\t\t\t\t\t\t<span class=\"mkdf-st-e-separator\" ><\/span>\n\t\t\t\t\t\t\t<\/h2>\n\t\t\t\t\t\t\t\t\t<span class=\"mkdf-st-text\" style=\"line-height:30px;margin-top:15px\">\n\t\t\t\tMaradjon 4 \u00e9jszak\u00e1t 3 \u00e9jszaka \u00e1r\u00e1\u00e9rt vagy 7 \u00e9jszak\u00e1t 5 \u00e9jszaka \u00e1r\u00e1\u00e9rt. Regener\u00e1lja test\u00e9t, t\u00f6ltse fel energi\u00e1val a term\u00e1lv\u00edznek k\u00f6sz\u00f6nhet\u0151en, amely j\u00f3t\u00e9konyan hat a mozg\u00e1sszervekre, \u00e9s nyugtat\u00f3an hat az eg\u00e9sz szervezetre.\t\t\t<\/span>\n\t\t\t<\/div>\n<\/div>[vc_separator][vc_empty_space height=&#8221;20px&#8221;]<div class=\"mkdf-image-gallery  mkdf-ig-grid-type  mkdf-image-behavior-zoom \">\n\t<div class=\"mkdf-ig-inner mkdf-ig-grid mkdf-ig-four-columns mkdf-ig-small-space\">\n\t\t\t\t\t<div class=\"mkdf-ig-image\">\n\t\t\t\t<div class=\"mkdf-ig-image-inner\">\n\t\t\t\t\t\t\t\t\t\t\t<img loading=\"lazy\" decoding=\"async\" width=\"1920\" height=\"1275\" src=\"https:\/\/wellnesspatince.sk\/wp-content\/uploads\/2023\/10\/WH_Patince_Panorama_1920_15.jpg\" class=\"attachment-full size-full\" alt=\"\" srcset=\"https:\/\/wellnesspatince.sk\/wp-content\/uploads\/2023\/10\/WH_Patince_Panorama_1920_15.jpg 1920w, https:\/\/wellnesspatince.sk\/wp-content\/uploads\/2023\/10\/WH_Patince_Panorama_1920_15-300x199.jpg 300w, https:\/\/wellnesspatince.sk\/wp-content\/uploads\/2023\/10\/WH_Patince_Panorama_1920_15-1024x680.jpg 1024w, https:\/\/wellnesspatince.sk\/wp-content\/uploads\/2023\/10\/WH_Patince_Panorama_1920_15-768x510.jpg 768w, https:\/\/wellnesspatince.sk\/wp-content\/uploads\/2023\/10\/WH_Patince_Panorama_1920_15-1536x1020.jpg 1536w, https:\/\/wellnesspatince.sk\/wp-content\/uploads\/2023\/10\/WH_Patince_Panorama_1920_15-1320x877.jpg 1320w, https:\/\/wellnesspatince.sk\/wp-content\/uploads\/2023\/10\/WH_Patince_Panorama_1920_15-600x398.jpg 600w\" sizes=\"auto, (max-width: 1920px) 100vw, 1920px\" \/>\t\t\t\t\t\t\t\t\t<\/div>\n\t\t\t<\/div>\n\t\t\t\t\t<div class=\"mkdf-ig-image\">\n\t\t\t\t<div class=\"mkdf-ig-image-inner\">\n\t\t\t\t\t\t\t\t\t\t\t<img loading=\"lazy\" decoding=\"async\" width=\"1920\" height=\"1275\" src=\"https:\/\/wellnesspatince.sk\/wp-content\/uploads\/2023\/07\/Wellness_Hotel_Patince_2023_Wellness_LQ_03.jpg\" class=\"attachment-full size-full\" alt=\"\" srcset=\"https:\/\/wellnesspatince.sk\/wp-content\/uploads\/2023\/07\/Wellness_Hotel_Patince_2023_Wellness_LQ_03.jpg 1920w, https:\/\/wellnesspatince.sk\/wp-content\/uploads\/2023\/07\/Wellness_Hotel_Patince_2023_Wellness_LQ_03-300x199.jpg 300w, https:\/\/wellnesspatince.sk\/wp-content\/uploads\/2023\/07\/Wellness_Hotel_Patince_2023_Wellness_LQ_03-1024x680.jpg 1024w, https:\/\/wellnesspatince.sk\/wp-content\/uploads\/2023\/07\/Wellness_Hotel_Patince_2023_Wellness_LQ_03-768x510.jpg 768w, https:\/\/wellnesspatince.sk\/wp-content\/uploads\/2023\/07\/Wellness_Hotel_Patince_2023_Wellness_LQ_03-1536x1020.jpg 1536w, https:\/\/wellnesspatince.sk\/wp-content\/uploads\/2023\/07\/Wellness_Hotel_Patince_2023_Wellness_LQ_03-1320x877.jpg 1320w, https:\/\/wellnesspatince.sk\/wp-content\/uploads\/2023\/07\/Wellness_Hotel_Patince_2023_Wellness_LQ_03-600x398.jpg 600w\" sizes=\"auto, (max-width: 1920px) 100vw, 1920px\" \/>\t\t\t\t\t\t\t\t\t<\/div>\n\t\t\t<\/div>\n\t\t\t\t\t<div class=\"mkdf-ig-image\">\n\t\t\t\t<div class=\"mkdf-ig-image-inner\">\n\t\t\t\t\t\t\t\t\t\t\t<img loading=\"lazy\" decoding=\"async\" width=\"1920\" height=\"1275\" src=\"https:\/\/wellnesspatince.sk\/wp-content\/uploads\/2023\/10\/WH_Patince_Panorama_1920_06.jpg\" class=\"attachment-full size-full\" alt=\"\" srcset=\"https:\/\/wellnesspatince.sk\/wp-content\/uploads\/2023\/10\/WH_Patince_Panorama_1920_06.jpg 1920w, https:\/\/wellnesspatince.sk\/wp-content\/uploads\/2023\/10\/WH_Patince_Panorama_1920_06-300x199.jpg 300w, https:\/\/wellnesspatince.sk\/wp-content\/uploads\/2023\/10\/WH_Patince_Panorama_1920_06-1024x680.jpg 1024w, https:\/\/wellnesspatince.sk\/wp-content\/uploads\/2023\/10\/WH_Patince_Panorama_1920_06-768x510.jpg 768w, https:\/\/wellnesspatince.sk\/wp-content\/uploads\/2023\/10\/WH_Patince_Panorama_1920_06-1536x1020.jpg 1536w, https:\/\/wellnesspatince.sk\/wp-content\/uploads\/2023\/10\/WH_Patince_Panorama_1920_06-1320x877.jpg 1320w, https:\/\/wellnesspatince.sk\/wp-content\/uploads\/2023\/10\/WH_Patince_Panorama_1920_06-600x398.jpg 600w\" sizes=\"auto, (max-width: 1920px) 100vw, 1920px\" \/>\t\t\t\t\t\t\t\t\t<\/div>\n\t\t\t<\/div>\n\t\t\t\t\t<div class=\"mkdf-ig-image\">\n\t\t\t\t<div class=\"mkdf-ig-image-inner\">\n\t\t\t\t\t\t\t\t\t\t\t<img loading=\"lazy\" decoding=\"async\" width=\"1920\" height=\"1275\" src=\"https:\/\/wellnesspatince.sk\/wp-content\/uploads\/2024\/09\/Wellness_Hotel_Patince_2023_Wellness_LQ_10.jpg\" class=\"attachment-full size-full\" alt=\"\" srcset=\"https:\/\/wellnesspatince.sk\/wp-content\/uploads\/2024\/09\/Wellness_Hotel_Patince_2023_Wellness_LQ_10.jpg 1920w, https:\/\/wellnesspatince.sk\/wp-content\/uploads\/2024\/09\/Wellness_Hotel_Patince_2023_Wellness_LQ_10-300x199.jpg 300w, https:\/\/wellnesspatince.sk\/wp-content\/uploads\/2024\/09\/Wellness_Hotel_Patince_2023_Wellness_LQ_10-1024x680.jpg 1024w, https:\/\/wellnesspatince.sk\/wp-content\/uploads\/2024\/09\/Wellness_Hotel_Patince_2023_Wellness_LQ_10-768x510.jpg 768w, https:\/\/wellnesspatince.sk\/wp-content\/uploads\/2024\/09\/Wellness_Hotel_Patince_2023_Wellness_LQ_10-1536x1020.jpg 1536w, https:\/\/wellnesspatince.sk\/wp-content\/uploads\/2024\/09\/Wellness_Hotel_Patince_2023_Wellness_LQ_10-1320x877.jpg 1320w, https:\/\/wellnesspatince.sk\/wp-content\/uploads\/2024\/09\/Wellness_Hotel_Patince_2023_Wellness_LQ_10-600x398.jpg 600w\" sizes=\"auto, (max-width: 1920px) 100vw, 1920px\" \/>\t\t\t\t\t\t\t\t\t<\/div>\n\t\t\t<\/div>\n\t\t\t<\/div>\n<\/div><div class=\"mkdf-section-title-holder  mkdf-st-elegant  mkdf-st-title-left mkdf-st-normal-space \" >\n\t<div class=\"mkdf-st-inner\">\n\t\t\t\t\t<h6 class=\"mkdf-st-subtitle\" style=\"margin-bottom:2px\">\n\t\t\t\tSz\u00e1llascsomag tartalma:\t\t\t<\/h6>\n\t\t\t\t\t\t\t\t\t\t\t<span class=\"mkdf-st-text\" style=\"line-height:30px;margin-top:15px\">\n\t\t\t\t\u2022 Sz\u00e1ll\u00e1s standard szob\u00e1kban vagy apartmanokban<br \/>\n\u2022 F\u00e9lpanzi\u00f3 - sv\u00e9dasztalos reggeli \u00e9s vacsora vagy 4 fog\u00e1sos men\u00fc v\u00e1laszt\u00e1sa (italok n\u00e9lk\u00fcl)<br \/>\n\u2022 Korl\u00e1tlan bel\u00e9p\u0151 a Term\u00e1lparkba: nagy relax\u00e1ci\u00f3s medence, relax\u00e1ci\u00f3s medence, pezsg\u0151f\u00fcrd\u0151, gyermekmedence cs\u00faszd\u00e1val<br \/>\n\u2022 K\u00fcls\u0151 medenc\u00e9k (ny\u00e1ri szezonban) gyermek k\u00fcls\u0151 medenc\u00e9k cs\u00faszd\u00e1kkal \u00e9s attrakci\u00f3kkal, \u00fcl\u0151medence, sportmedence, nagy pihen\u0151medence, cs\u00faszdavil\u00e1g, j\u00e1tsz\u00f3terek \u00e9s sportp\u00e1ly\u00e1k<br \/>\n\u2022 Korl\u00e1tlan bel\u00e9p\u0151 a Wellnessk\u00f6zpontba: finn, sv\u00e9d, gy\u00f3gyn\u00f6v\u00e9ny-, g\u0151z- \u00e9s infraszauna, pezsg\u0151f\u00fcrd\u0151, h\u0171s\u00edt\u0151medence, j\u00e9gy v\u00f6dr\u00f6k \u00e9s relax\u00e1ci\u00f3s szoba.<br \/>\n\u2022 Korl\u00e1tlan bel\u00e9p\u0151 a Fitneszk\u00f6zpontba<br \/>\n\u2022 H\u00e9tv\u00e9gi anim\u00e1ci\u00f3s programok \u00e9s tev\u00e9kenys\u00e9gek, gyermek sarkak<br \/>\n\u2022 Ingyenes Wi-Fi<br \/>\n\u2022 Ingyenes parkol\u00e1s\t\t\t<\/span>\n\t\t\t<\/div>\n<\/div>[vc_separator]<div class=\"mkdf-section-title-holder  mkdf-st-elegant  mkdf-st-title-left mkdf-st-normal-space \" >\n\t<div class=\"mkdf-st-inner\">\n\t\t\t\t\t<h6 class=\"mkdf-st-subtitle\" style=\"margin-bottom:2px\">\n\t\t\t\tBonuszok:\t\t\t<\/h6>\n\t\t\t\t\t\t\t\t\t\t\t<span class=\"mkdf-st-text\" style=\"line-height:30px;margin-top:15px\">\n\t\t\t\t\u2022 1x bel\u00e9p\u0151 a kom\u00e1romi ``Er\u0151d`` nemzeti kultur\u00e1lis m\u0171eml\u00e9kbe Kom\u00e1romba (SK) \/f\u0151<br \/>\n\u2022 1x nordic walking botok 1 \u00f3rara (a rendelkez\u00e9sre \u00e1ll\u00e1s f\u00fcggv\u00e9ny\u00e9ben) \/f\u0151<br \/>\n\u2022 asztaltenisz, gyermek sarkak, anim\u00e1ci\u00f3s program gyermekeknek \u00e9s sz\u00fcl\u0151knek h\u00e9tv\u00e9g\u00e9n<br \/>\n\u2022 aqua zumba \/ aqua gym fenntartott napokon<br \/>\n\u2022 reggeli \u00fasz\u00e1s szombaton \u00e9s vas\u00e1rnap 09:00 \u00f3r\u00e1t\u00f3l\t\t\t<\/span>\n\t\t\t<\/div>\n<\/div>[vc_empty_space height=&#8221;20px&#8221;][vc_separator]<div class=\"mkdf-section-title-holder  mkdf-st-elegant  mkdf-st-title-left mkdf-st-normal-space \" >\n\t<div class=\"mkdf-st-inner\">\n\t\t\t\t\t<h6 class=\"mkdf-st-subtitle\" style=\"margin-bottom:2px\">\n\t\t\t\tWellness \u00e9s spa kezel\u00e9sek:\t\t\t<\/h6>\n\t\t\t\t\t\t\t\t\t\t\t<span class=\"mkdf-st-text\" style=\"line-height:30px;margin-top:15px\">\n\t\t\t\t\u2022 Wellness \u00e9s spa kezel\u00e9sek - 4 \u00e9jszak\u00e1s tart\u00f3zkod\u00e1s: 1x Szenior testdiagnosztika (5 perc)\/feln\u0151tt, 1x Szenior magn\u00e9zium f\u00fcrd\u0151 (20 perc)\/feln\u0151tt, 1x Szenior magn\u00e9zium f\u00fcrd\u0151 (20 perc)\/feln\u0151tt.<br \/>\n\u2022 Wellness \u00e9s spa kezel\u00e9sek - 7 \u00e9jszak\u00e1s tart\u00f3zkod\u00e1s: 1x Szenior testdiagnosztika (20 perc)\/feln\u0151tt, 1x Szenior magn\u00e9ziumf\u00fcrd\u0151 (20 perc)\/feln\u0151tt, 1x Szenior massz\u00e1zs (25 perc)\/feln\u0151tt.\t\t\t<\/span>\n\t\t\t<\/div>\n<\/div>[vc_separator]<div class=\"mkdf-section-title-holder  mkdf-st-elegant  mkdf-st-title-left mkdf-st-normal-space \" >\n\t<div class=\"mkdf-st-inner\">\n\t\t\t\t\t<h6 class=\"mkdf-st-subtitle\" style=\"margin-bottom:2px\">\n\t\t\t\tFelt\u00e9telek \u00e9s \u00e1rak::\t\t\t<\/h6>\n\t\t\t\t\t\t\t\t\t\t\t<span class=\"mkdf-st-text\" style=\"line-height:30px;margin-top:15px\">\n\t\t\t\t*Az aj\u00e1nlat 2025.12.21-ig legal\u00e1bb 4 \u00e9jszak\u00e1s tart\u00f3zkod\u00e1sra \u00e9rv\u00e9nyes, a h\u00e9t b\u00e1rmely napj\u00e1t\u00f3l kezd\u0151d\u0151en kiv\u00e9ve 2026.04.2.-04.06. H\u00fasv\u00e9t, 2026. 07.01. - 08. 31. Ny\u00e1ri szezon, 2026.10.-11.01. Halloween.<br \/>\n*Az \u00e1r a Standard k\u00e9t\u00e1gyas szoba teljes ig\u00e9nybev\u00e9tel\u00e9re vonatkozik. Maradjon 4 \u00e9jszak\u00e1t 3 helyett = 495 \u20ac, vagy 7 \u00e9jszak\u00e1t 5 helyett = 798 \u20ac \/ 2 f\u0151 r\u00e9sz\u00e9re.<br \/>\n*Fel\u00e1r ellen\u00e9ben magasabb kateg\u00f3ri\u00e1j\u00fa szob\u00e1kban val\u00f3 elhelyez\u00e9s. P\u00f3t\u00e1gy - a p\u00f3t\u00e1gy \u00e1ra 50 \u20ac \/ \u00e9jszaka.<br \/>\n*Helyi illet\u00e9k: 1,00 \u20ac\/feln\u0151tt.\t\t\t<\/span>\n\t\t\t<\/div>\n<\/div>[vc_separator][\/vc_column][\/vc_row][vc_row row_content_width=&#8221;grid&#8221; css=&#8221;.vc_custom_1494246094601{padding-top: 20px !important;padding-bottom: 50px !important;}&#8221;][vc_column offset=&#8221;vc_col-lg-4 vc_col-md-12&#8243;]<div class=\"mkdf-iwt clearfix  mkdf-iwt-icon-left mkdf-iwt-icon-tiny mkdf-iwt-has-separator\">\n\t<div class=\"mkdf-iwt-icon\">\n\t\t\t\t\t<a itemprop=\"url\" href=\"https:\/\/wellnesspatince.sk\/hu\/fontos-informacio\/\" target=\"_blank\">\n\t\t\t\t\t\t\t\t\t    <span class=\"mkdf-icon-shortcode mkdf-circle   mkdf-icon-tiny\" style=\"background-color: #333132\" data-hover-background-color=\"#c59d5f\">\n                    <i class=\"mkdf-icon-font-awesome fa fa-info mkdf-icon-element\" style=\"\" ><\/i>            <\/span>\n\t\t\t\t\t\t\t\t<\/a>\n\t\t\t<\/div>\n\t<div class=\"mkdf-iwt-content\" style=\"padding: 0px 50px 0 16px\">\n\t\t\t\t\t<h5 class=\"mkdf-iwt-title\" style=\"margin-top:12px\">\n\t\t\t\t\t\t\t\t\t<a itemprop=\"url\" href=\"https:\/\/wellnesspatince.sk\/hu\/fontos-informacio\/\" target=\"_blank\">\n\t\t\t\t\t\t\t\t<span class=\"mkdf-iwt-title-text\">INFORM\u00c1CI\u00d3 AZ \u00d6N TART\u00d3ZKOD\u00c1S\u00c1HOZ<\/span>\n\t\t\t\t\t\t\t\t\t<\/a>\n\t\t\t\t\t\t\t\t\t\t\t\t\t<span class=\"mkdf-iwt-small-separator\" ><\/span>\n\t\t\t\t\t\t\t<\/h5>\n\t\t\t\t\t\t\t\t\t<p class=\"mkdf-iwt-text\" >A legfontosabb inform\u00e1ci\u00f3k a sz\u00e1llod\u00e1nkban val\u00f3 tart\u00f3zkod\u00e1s\u00e1hoz.<\/p>\n\t\t\t\t\t\t\t<a itemprop=\"url\" href=\"https:\/\/wellnesspatince.sk\/hu\/fontos-informacio\/\" target=\"_blank\" class=\"mkdf-iwt-link-text mkdf-btn mkdf-btn-simple\">\n\t\t\t\t<span class=\"mkdf-btn-text\">Tov\u00e1bbi inform\u00e1ci\u00f3k<\/span>\n\t\t\t<\/a>\n\t\t\t<\/div>\n<\/div>[\/vc_column][vc_column offset=&#8221;vc_col-lg-4 vc_col-md-12&#8243;]<div class=\"mkdf-iwt clearfix  mkdf-iwt-icon-left mkdf-iwt-icon-tiny mkdf-iwt-has-separator\">\n\t<div class=\"mkdf-iwt-icon\">\n\t\t\t\t\t<a itemprop=\"url\" href=\"https:\/\/rezervacie.wellnesspatince.sk\/hu\/\" target=\"_blank\">\n\t\t\t\t\t\t\t\t\t    <span class=\"mkdf-icon-shortcode mkdf-circle   mkdf-icon-tiny\" style=\"background-color: #333132\" data-hover-background-color=\"#c59d5f\">\n                    <i class=\"mkdf-icon-linear-icon lnr lnr-phone mkdf-icon-element\" style=\"\" ><\/i>            <\/span>\n\t\t\t\t\t\t\t\t<\/a>\n\t\t\t<\/div>\n\t<div class=\"mkdf-iwt-content\" style=\"padding: 0px 50px 0 16px\">\n\t\t\t\t\t<h5 class=\"mkdf-iwt-title\" style=\"margin-top:12px\">\n\t\t\t\t\t\t\t\t\t<a itemprop=\"url\" href=\"https:\/\/rezervacie.wellnesspatince.sk\/hu\/\" target=\"_blank\">\n\t\t\t\t\t\t\t\t<span class=\"mkdf-iwt-title-text\">Foglal\u00e1s<\/span>\n\t\t\t\t\t\t\t\t\t<\/a>\n\t\t\t\t\t\t\t\t\t\t\t\t\t<span class=\"mkdf-iwt-small-separator\" ><\/span>\n\t\t\t\t\t\t\t<\/h5>\n\t\t\t\t\t\t\t\t\t<p class=\"mkdf-iwt-text\" >Email : rezervacie@wellnesspatince.sk Tel.: +421 917 654 875<\/p>\n\t\t\t\t\t\t\t<a itemprop=\"url\" href=\"https:\/\/rezervacie.wellnesspatince.sk\/hu\/\" target=\"_blank\" class=\"mkdf-iwt-link-text mkdf-btn mkdf-btn-simple\">\n\t\t\t\t<span class=\"mkdf-btn-text\">Online foglal\u00e1s itt<\/span>\n\t\t\t<\/a>\n\t\t\t<\/div>\n<\/div>[\/vc_column][vc_column offset=&#8221;vc_col-lg-4 vc_col-md-12&#8243;]<div class=\"mkdf-iwt clearfix  mkdf-iwt-icon-left mkdf-iwt-icon-tiny mkdf-iwt-has-separator\">\n\t<div class=\"mkdf-iwt-icon\">\n\t\t\t\t\t\t\t\t\t    <span class=\"mkdf-icon-shortcode mkdf-circle   mkdf-icon-tiny\" style=\"background-color: #333132\" data-hover-background-color=\"#c59d5f\">\n                    <i class=\"mkdf-icon-font-awesome fa fa-calendar mkdf-icon-element\" style=\"\" ><\/i>            <\/span>\n\t\t\t\t\t\t<\/div>\n\t<div class=\"mkdf-iwt-content\" style=\"padding: 0 50px 0 16px\">\n\t\t\t\t\t<h5 class=\"mkdf-iwt-title\" style=\"margin-top:12px\">\n\t\t\t\t\t\t\t\t<span class=\"mkdf-iwt-title-text\">A tart\u00f3zkod\u00e1s \u00e9rv\u00e9nyess\u00e9ge<\/span>\n\t\t\t\t\t\t\t\t\t\t\t\t\t<span class=\"mkdf-iwt-small-separator\" ><\/span>\n\t\t\t\t\t\t\t<\/h5>\n\t\t\t\t\t\t\t\t\t<p class=\"mkdf-iwt-text\" >A csomag 2026.12.21-ig \u00e9rv\u00e9nyes.<\/p>\n\t\t\t\t\t<\/div>\n<\/div>[\/vc_column][\/vc_row][vc_row row_content_width=&#8221;grid&#8221; simple_background_color=&#8221;#04adaa&#8221; css=&#8221;.vc_custom_1676018120294{padding-top: 70px !important;padding-bottom: 70px !important;background-color: #04adaa !important;}&#8221;][vc_column]<div class=\"mkdf-call-to-action-holder  mkdf-normal-layout  mkdf-three-quarters-columns\">\n\t<div class=\"mkdf-cta-inner \">\n\t\t<div class=\"mkdf-cta-text-holder\">\n\t\t\t<div class=\"mkdf-cta-text\"><em><span style=\"color: #ffffff;\">Online v\u00e1s\u00e1rl\u00e1s<br \/>\n<\/span><\/em><\/p>\n<h3><span style=\"color: #ffffff;\">ONLINE FOGLAL\u00c1S<\/span><\/h3>\n<\/div>\n\t\t<\/div>\n\t\t<div class=\"mkdf-cta-button-holder\" >\n\t\t\t<div class=\"mkdf-cta-button\"><a itemprop=\"url\" href=\"https:\/\/rezervacie.wellnesspatince.sk\/hu\/\" target=\"_blank\"  class=\"mkdf-btn mkdf-btn-medium mkdf-btn-solid mkdf-btn-custom-hover-bg mkdf-btn-custom-hover-color mkdf-btn-icon\" data-hover-color=\"#333132\" data-hover-bg-color=\"#ffffff\" >    <span class=\"mkdf-btn-text\">Foglal\u00e1s itt<\/span>    <i class=\"mkdf-icon-linear-icon lnr lnr-arrow-right \" ><\/i><\/a><\/div>\n\t\t<\/div>\n\t<\/div>\n<\/div>[\/vc_column][\/vc_row]<\/p>\n","protected":false},"excerpt":{"rendered":"<p>[vc_row row_content_width=&#8221;grid&#8221; css=&#8221;.vc_custom_1494578109812{padding-top: 110px !important;padding-bottom: 75px !important;}&#8221;][vc_column][vc_separator][vc_empty_space height=&#8221;20px&#8221;][vc_separator][vc_empty_space height=&#8221;20px&#8221;][vc_separator][vc_separator][vc_separator][\/vc_column][\/vc_row][vc_row row_content_width=&#8221;grid&#8221; css=&#8221;.vc_custom_1494246094601{padding-top: 20px !important;padding-bottom: 50px !important;}&#8221;][vc_column offset=&#8221;vc_col-lg-4 vc_col-md-12&#8243;][\/vc_column][vc_column offset=&#8221;vc_col-lg-4 vc_col-md-12&#8243;][\/vc_column][vc_column offset=&#8221;vc_col-lg-4 vc_col-md-12&#8243;][\/vc_column][\/vc_row][vc_row row_content_width=&#8221;grid&#8221; simple_background_color=&#8221;#04adaa&#8221; css=&#8221;.vc_custom_1676018120294{padding-top: 70px !important;padding-bottom: 70px !important;background-color: #04adaa !important;}&#8221;][vc_column][\/vc_column][\/vc_row]<\/p>\n","protected":false},"author":2,"featured_media":0,"parent":21443,"menu_order":0,"comment_status":"closed","ping_status":"closed","template":"full-width.php","meta":{"inline_featured_image":false,"footnotes":"","_wp_rev_ctl_limit":""},"class_list":["post-21456","page","type-page","status-publish","hentry"],"_links":{"self":[{"href":"https:\/\/wellnesspatince.sk\/hu\/wp-json\/wp\/v2\/pages\/21456","targetHints":{"allow":["GET"]}}],"collection":[{"href":"https:\/\/wellnesspatince.sk\/hu\/wp-json\/wp\/v2\/pages"}],"about":[{"href":"https:\/\/wellnesspatince.sk\/hu\/wp-json\/wp\/v2\/types\/page"}],"author":[{"embeddable":true,"href":"https:\/\/wellnesspatince.sk\/hu\/wp-json\/wp\/v2\/users\/2"}],"replies":[{"embeddable":true,"href":"https:\/\/wellnesspatince.sk\/hu\/wp-json\/wp\/v2\/comments?post=21456"}],"version-history":[{"count":31,"href":"https:\/\/wellnesspatince.sk\/hu\/wp-json\/wp\/v2\/pages\/21456\/revisions"}],"predecessor-version":[{"id":27080,"href":"https:\/\/wellnesspatince.sk\/hu\/wp-json\/wp\/v2\/pages\/21456\/revisions\/27080"}],"up":[{"embeddable":true,"href":"https:\/\/wellnesspatince.sk\/hu\/wp-json\/wp\/v2\/pages\/21443"}],"wp:attachment":[{"href":"https:\/\/wellnesspatince.sk\/hu\/wp-json\/wp\/v2\/media?parent=21456"}],"curies":[{"name":"wp","href":"https:\/\/api.w.org\/{rel}","templated":true}]}}