{"id":21413,"date":"2023-02-27T05:46:00","date_gmt":"2023-02-27T04:46:00","guid":{"rendered":"https:\/\/wellnesspatince.sk\/thermal-park\/"},"modified":"2025-09-02T12:20:32","modified_gmt":"2025-09-02T10:20:32","slug":"thermal-park","status":"publish","type":"page","link":"https:\/\/wellnesspatince.sk\/hu\/thermal-park\/","title":{"rendered":"Thermal park \u00e9s Strandf\u00fcrd\u0151"},"content":{"rendered":"<p>[vc_row][vc_column][vc_column_text]<\/p>\n<h2><span style=\"color: #04adaa;\"><strong>BELT\u00c9RI MEDENC\u00c9K<br \/>\n<\/strong><\/span><\/h2>\n<p>[\/vc_column_text][vc_column_text css_animation=&#8221;none&#8221;]A term\u00e1lpark n\u00e9gy fedett medenc\u00e9j\u00e9ben megtal\u00e1lja a pihen\u00e9s \u00e9s a regener\u00e1ci\u00f3 megfelel\u0151 kombin\u00e1ci\u00f3j\u00e1t. Ezeket H\u00e9v\u00edz saj\u00e1t, 27 \u00b0C-os term\u00e1lforr\u00e1s\u00e1b\u00f3l sz\u00e1rmaz\u00f3 v\u00edzzel t\u00f6ltik fel, amely 200 m m\u00e9lyr\u0151l ered. A pati term\u00e1lvizet magas bikarbon\u00e1t-, kalcium-, magn\u00e9zium- \u00e9s szulf\u00e1ttartalma jellemzi, ez\u00e9rt nagyon j\u00f3t\u00e9konyan hat a mozg\u00e1sszervekre \u00e9s azok betegs\u00e9gei ellen.[\/vc_column_text][\/vc_column][\/vc_row][vc_row content_text_aligment=&#8221;center&#8221; css=&#8221;.vc_custom_1494232305593{padding-top: 80px !important;padding-bottom: 30px !important;}&#8221;][vc_column width=&#8221;1\/2&#8243; offset=&#8221;vc_col-md-6&#8243;]<div class=\"mkdf-image-with-text-holder   mkdf-image-behavior-zoom\">\n    <div class=\"mkdf-iwt-image\">\n                                    <img loading=\"lazy\" decoding=\"async\" src=\"https:\/\/wellnesspatince.sk\/wp-content\/uploads\/2023\/10\/WH_Patince_Panorama_1920_22-1920x1080.jpg\" alt=\"\" width=\"1920\" height=\"1080\" \/>                        <\/div>\n    <div class=\"mkdf-iwt-text-holder\">\n        \n                    <h5 class=\"mkdf-iwt-title\" >NAGY RELAX\u00c1CI\u00d3S MEDENCE<\/h5>\n        \n        \n\t\t            <p class=\"mkdf-iwt-text\" >A Thermal Parkban tal\u00e1lhat\u00f3 Szlov\u00e1kia legnagyobb fedett relax\u00e1ci\u00f3s medenc\u00e9je is, amelynek v\u00edzm\u00e9lys\u00e9ge 1,2 m, v\u00edzh\u0151m\u00e9rs\u00e9klete pedig max. 30\u00b0C. A medence sz\u00e1mos attrakci\u00f3val is rendelkezik, mint p\u00e9ld\u00e1ul massz\u00e1zs v\u00edz\u00e1gyak \u00e9s \u00e1gy\u00fak, v\u00edzsugarak, v\u00edzk\u00f6p\u0151k, vad foly\u00f3 \u00e9s barlang.<\/p>\n            <\/div>\n<\/div>[vc_empty_space height=&#8221;40px&#8221;][\/vc_column][vc_column width=&#8221;1\/2&#8243; offset=&#8221;vc_col-md-6&#8243;]<div class=\"mkdf-image-with-text-holder   mkdf-image-behavior-zoom\">\n    <div class=\"mkdf-iwt-image\">\n                                    <img loading=\"lazy\" decoding=\"async\" src=\"https:\/\/wellnesspatince.sk\/wp-content\/uploads\/2023\/10\/WH_Patince_Panorama_1920_29-1920x1080.jpg\" alt=\"\" width=\"1920\" height=\"1080\" \/>                        <\/div>\n    <div class=\"mkdf-iwt-text-holder\">\n        \n                    <h5 class=\"mkdf-iwt-title\" >PIHEN\u0150 MEDENCE<\/h5>\n        \n        \n\t\t            <p class=\"mkdf-iwt-text\" >Ide\u00e1lis hely a pihen\u00e9sre. A medence vize kellemes 36\u00b0C-os, \u00e9s j\u00f3t\u00e9kony hat\u00e1ssal van a mozg\u00e1sszervekre \u00e9s azok betegs\u00e9geire.<\/p>\n            <\/div>\n<\/div>[vc_empty_space height=&#8221;40px&#8221;][\/vc_column][\/vc_row][vc_row content_text_aligment=&#8221;center&#8221; css=&#8221;.vc_custom_1494232305593{padding-top: 80px !important;padding-bottom: 30px !important;}&#8221;][vc_column width=&#8221;1\/2&#8243; offset=&#8221;vc_col-md-6&#8243;]<div class=\"mkdf-image-with-text-holder   mkdf-image-behavior-zoom\">\n    <div class=\"mkdf-iwt-image\">\n                                    <img loading=\"lazy\" decoding=\"async\" src=\"https:\/\/wellnesspatince.sk\/wp-content\/uploads\/2023\/10\/WH_Patince_Panorama_1920_15-1920x1080.jpg\" alt=\"\" width=\"1920\" height=\"1080\" \/>                        <\/div>\n    <div class=\"mkdf-iwt-text-holder\">\n        \n                    <h5 class=\"mkdf-iwt-title\" >PEZSG\u0150F\u00dcRD\u0150<\/h5>\n        \n        \n\t\t            <p class=\"mkdf-iwt-text\" >Ha szeretn\u00e9 aktiv\u00e1lni teste \u00f6ngy\u00f3gy\u00edt\u00f3 erej\u00e9t, ne felejtse el megl\u00e1togatni a t\u00edz\u00fcl\u00e9ses pezsg\u0151f\u00fcrd\u0151t. A benne l\u00e9v\u0151 v\u00edz h\u0151m\u00e9rs\u00e9klete el\u00e9ri a 35\u00b0C-ot. A benne val\u00f3 tart\u00f3zkod\u00e1s rendk\u00edv\u00fcl j\u00f3t\u00e9kony hat\u00e1ssal van az emberi szervezetre \u00e9s a relax\u00e1ci\u00f3ra.<\/p>\n            <\/div>\n<\/div>[vc_empty_space height=&#8221;40px&#8221;][\/vc_column][vc_column width=&#8221;1\/2&#8243; offset=&#8221;vc_col-md-6&#8243;]<div class=\"mkdf-image-with-text-holder   mkdf-image-behavior-zoom\">\n    <div class=\"mkdf-iwt-image\">\n                                    <img loading=\"lazy\" decoding=\"async\" src=\"https:\/\/wellnesspatince.sk\/wp-content\/uploads\/2023\/10\/WH_Patince_Panorama_1920_21-1920x1080.jpg\" alt=\"\" width=\"1920\" height=\"1080\" \/>                        <\/div>\n    <div class=\"mkdf-iwt-text-holder\">\n        \n                    <h5 class=\"mkdf-iwt-title\" >GYERMEK MEDENCE CS\u00daSZD\u00c1VAL<\/h5>\n        \n        \n\t\t            <p class=\"mkdf-iwt-text\" >A gyerekek j\u00f3l fogj\u00e1k \u00e9rezni magukat a cs\u00faszd\u00e1s medenc\u00e9ben, ahol a v\u00edz kellemesen meleg - 34 \u00b0C-os - \u00e9s mind\u00f6ssze 70 cm m\u00e9ly v\u00edzben cs\u00faszd\u00e1zhatnak.<\/p>\n            <\/div>\n<\/div>[vc_empty_space height=&#8221;40px&#8221;][\/vc_column][\/vc_row][vc_row content_text_aligment=&#8221;center&#8221; css=&#8221;.vc_custom_1494232305593{padding-top: 80px !important;padding-bottom: 30px !important;}&#8221;][vc_column width=&#8221;1\/2&#8243; offset=&#8221;vc_col-md-6&#8243;]<div class=\"mkdf-image-with-text-holder   mkdf-image-behavior-zoom\">\n    <div class=\"mkdf-iwt-image\">\n                                    <img loading=\"lazy\" decoding=\"async\" width=\"1920\" height=\"1080\" src=\"https:\/\/wellnesspatince.sk\/wp-content\/uploads\/2023\/01\/Wellness_Hotel_Patince_083-1.jpg\" class=\"attachment-full size-full\" alt=\"\" srcset=\"https:\/\/wellnesspatince.sk\/wp-content\/uploads\/2023\/01\/Wellness_Hotel_Patince_083-1.jpg 1920w, https:\/\/wellnesspatince.sk\/wp-content\/uploads\/2023\/01\/Wellness_Hotel_Patince_083-1-300x169.jpg 300w, https:\/\/wellnesspatince.sk\/wp-content\/uploads\/2023\/01\/Wellness_Hotel_Patince_083-1-1024x576.jpg 1024w, https:\/\/wellnesspatince.sk\/wp-content\/uploads\/2023\/01\/Wellness_Hotel_Patince_083-1-768x432.jpg 768w, https:\/\/wellnesspatince.sk\/wp-content\/uploads\/2023\/01\/Wellness_Hotel_Patince_083-1-1536x864.jpg 1536w, https:\/\/wellnesspatince.sk\/wp-content\/uploads\/2023\/01\/Wellness_Hotel_Patince_083-1-1320x743.jpg 1320w, https:\/\/wellnesspatince.sk\/wp-content\/uploads\/2023\/01\/Wellness_Hotel_Patince_083-1-600x338.jpg 600w\" sizes=\"auto, (max-width: 1920px) 100vw, 1920px\" \/>                        <\/div>\n    <div class=\"mkdf-iwt-text-holder\">\n        \n                    <h5 class=\"mkdf-iwt-title\" >R\u00d3MAI ISZAPF\u00dcRD\u0150<\/h5>\n        \n        \n\t\t            <p class=\"mkdf-iwt-text\" >Egy k\u00fcl\u00f6nleges relax\u00e1ci\u00f3s f\u00fcrd\u0151 tal\u00e1lhat\u00f3 k\u00f6zvetlen\u00fcl a term\u00e1l t\u00f3n\u00e1l. Bele lehet \u00fclni, \u00e9s hagyni, hogy a term\u00e1lv\u00edz j\u00f3t\u00e9konyan hasson az \u00edz\u00fcletekre \u00e9s izmokra.<\/p>\n            <\/div>\n<\/div>[vc_empty_space height=&#8221;40px&#8221;][\/vc_column][\/vc_row][vc_row][vc_column][vc_column_text]<\/p>\n<h2><span style=\"color: #04adaa;\"><strong>K\u00dcLT\u00c9RI MEDENC\u00c9K<\/strong><\/span><\/h2>\n<p>[\/vc_column_text][vc_column_text css_animation=&#8221;none&#8221;]A szabadt\u00e9ri medenc\u00e9k a ny\u00e1ri szezonban, j\u00faliusban \u00e9s augusztusban naponta nyitva vannak.<\/p>\n<p><strong>\u00a0<\/strong>[\/vc_column_text][\/vc_column][\/vc_row][vc_row content_text_aligment=&#8221;center&#8221; css=&#8221;.vc_custom_1494232305593{padding-top: 80px !important;padding-bottom: 30px !important;}&#8221;][vc_column width=&#8221;1\/2&#8243; offset=&#8221;vc_col-md-6&#8243;]<div class=\"mkdf-image-with-text-holder   mkdf-image-behavior-zoom\">\n    <div class=\"mkdf-iwt-image\">\n                                    <img loading=\"lazy\" decoding=\"async\" src=\"https:\/\/wellnesspatince.sk\/wp-content\/uploads\/2023\/07\/Wellness_Hotel_Patince_2013_1920px_22-1920x1080.jpg\" alt=\"\" width=\"1920\" height=\"1080\" \/>                        <\/div>\n    <div class=\"mkdf-iwt-text-holder\">\n        \n                    <h5 class=\"mkdf-iwt-title\" >GYERMEKMEDENCE CS\u00daSZD\u00c1VAL<\/h5>\n        \n        \n\t\t            <p class=\"mkdf-iwt-text\" >A gyerekek a cs\u00faszd\u00e1val \u00e9s sz\u00f6k\u0151k\u00fattal ell\u00e1tott szabadt\u00e9ri medenc\u00e9ben is sz\u00f3rakozhatnak. A v\u00edzm\u00e9lys\u00e9g mind\u00f6ssze 40 cm, a h\u0151m\u00e9rs\u00e9klet pedig 30 \u00b0C.<\/p>\n            <\/div>\n<\/div>[vc_empty_space height=&#8221;40px&#8221;][\/vc_column][vc_column width=&#8221;1\/2&#8243; offset=&#8221;vc_col-md-6&#8243;]<div class=\"mkdf-image-with-text-holder   mkdf-image-behavior-zoom\">\n    <div class=\"mkdf-iwt-image\">\n                                    <img loading=\"lazy\" decoding=\"async\" src=\"https:\/\/wellnesspatince.sk\/wp-content\/uploads\/2023\/07\/Wellness_Hotel_Patince_2013_1920px_35-1920x1080.jpg\" alt=\"\" width=\"1920\" height=\"1080\" \/>                        <\/div>\n    <div class=\"mkdf-iwt-text-holder\">\n        \n                    <h5 class=\"mkdf-iwt-title\" >NY\u00c1RI MEDENCE CS\u00daSZD\u00c1VAL<\/h5>\n        \n        \n\t\t            <p class=\"mkdf-iwt-text\" >A ny\u00e1ri szabadt\u00e9ri medence k\u00fcl\u00f6nlegess\u00e9ge, hogy nemcsak cs\u00faszd\u00e1val, hanem m\u00e1sz\u00f3fallal is rendelkezik. A medence ter\u00fclete t\u00f6bb mint 600 m2.<\/p>\n            <\/div>\n<\/div>[vc_empty_space height=&#8221;40px&#8221;][\/vc_column][\/vc_row][vc_row content_text_aligment=&#8221;center&#8221; css=&#8221;.vc_custom_1494232305593{padding-top: 80px !important;padding-bottom: 30px !important;}&#8221;][vc_column width=&#8221;1\/2&#8243; offset=&#8221;vc_col-md-6&#8243;]<div class=\"mkdf-image-with-text-holder   mkdf-image-behavior-zoom\">\n    <div class=\"mkdf-iwt-image\">\n                                    <img loading=\"lazy\" decoding=\"async\" width=\"1920\" height=\"1080\" src=\"https:\/\/wellnesspatince.sk\/wp-content\/uploads\/2023\/02\/Wellness_Hotel_Patince_068-1.jpg\" class=\"attachment-full size-full\" alt=\"\" srcset=\"https:\/\/wellnesspatince.sk\/wp-content\/uploads\/2023\/02\/Wellness_Hotel_Patince_068-1.jpg 1920w, https:\/\/wellnesspatince.sk\/wp-content\/uploads\/2023\/02\/Wellness_Hotel_Patince_068-1-300x169.jpg 300w, https:\/\/wellnesspatince.sk\/wp-content\/uploads\/2023\/02\/Wellness_Hotel_Patince_068-1-1024x576.jpg 1024w, https:\/\/wellnesspatince.sk\/wp-content\/uploads\/2023\/02\/Wellness_Hotel_Patince_068-1-768x432.jpg 768w, https:\/\/wellnesspatince.sk\/wp-content\/uploads\/2023\/02\/Wellness_Hotel_Patince_068-1-1536x864.jpg 1536w, https:\/\/wellnesspatince.sk\/wp-content\/uploads\/2023\/02\/Wellness_Hotel_Patince_068-1-1320x743.jpg 1320w, https:\/\/wellnesspatince.sk\/wp-content\/uploads\/2023\/02\/Wellness_Hotel_Patince_068-1-600x338.jpg 600w\" sizes=\"auto, (max-width: 1920px) 100vw, 1920px\" \/>                        <\/div>\n    <div class=\"mkdf-iwt-text-holder\">\n        \n                    <h5 class=\"mkdf-iwt-title\" >CS\u00daSZDA VIL\u00c1G<\/h5>\n        \n        \n\t\t            <p class=\"mkdf-iwt-text\" >Patince ny\u00e1ron sem szenved hi\u00e1nyt a sz\u00f3rakoz\u00e1sban. Egyed\u00fcl\u00e1ll\u00f3 l\u00e1tv\u00e1nyoss\u00e1got \u00e9lvezhet a t\u00e1gas messzi k\u00f6rnyezetben! A 150 m hossz\u00fa sz\u00e1nk\u00f3vil\u00e1g sok adrenalinf\u00fcgg\u0151nek okoz \u00f6r\u00f6met. A sz\u00e1nk\u00f3vil\u00e1gban tal\u00e1lhat\u00f3 a leghosszabb Anakonda, a legmeredekebb Kamikaze \u00e9s a legsz\u00e9lesebb Family-szupercs\u00faszda.<\/p>\n            <\/div>\n<\/div>[vc_empty_space height=&#8221;40px&#8221;][\/vc_column][vc_column width=&#8221;1\/2&#8243; offset=&#8221;vc_col-md-6&#8243;]<div class=\"mkdf-image-with-text-holder   mkdf-image-behavior-zoom\">\n    <div class=\"mkdf-iwt-image\">\n                                    <img loading=\"lazy\" decoding=\"async\" src=\"https:\/\/wellnesspatince.sk\/wp-content\/uploads\/2023\/07\/Wellness_Hotel_Patince_2013_1920px_32-1920x1080.jpg\" alt=\"\" width=\"1920\" height=\"1080\" \/>                        <\/div>\n    <div class=\"mkdf-iwt-text-holder\">\n        \n                    <h5 class=\"mkdf-iwt-title\" >REKRE\u00c1CI\u00d3S GYERMEKMEDENCE<\/h5>\n        \n        \n\t\t            <p class=\"mkdf-iwt-text\" >Alkalmas a nem \u00fasz\u00f3k sz\u00e1m\u00e1ra, de a nagyobb gyerekek sz\u00e1m\u00e1ra is sz\u00f3rakoz\u00e1st ny\u00fajt. A rekre\u00e1ci\u00f3s gyermekmedence v\u00edzh\u0151m\u00e9rs\u00e9klete 27-28 \u00b0C, m\u00e9retei pedig 18 m x 17 m-esek. A v\u00edzm\u00e9lys\u00e9g 60 cm \u00e9s 100 cm k\u00f6z\u00f6tt van.<\/p>\n            <\/div>\n<\/div>[vc_empty_space height=&#8221;40px&#8221;][\/vc_column][\/vc_row][vc_row content_text_aligment=&#8221;center&#8221; css=&#8221;.vc_custom_1494232305593{padding-top: 80px !important;padding-bottom: 30px !important;}&#8221;][vc_column width=&#8221;1\/2&#8243; offset=&#8221;vc_col-md-6&#8243;]<div class=\"mkdf-image-with-text-holder   mkdf-image-behavior-zoom\">\n    <div class=\"mkdf-iwt-image\">\n                                    <img loading=\"lazy\" decoding=\"async\" src=\"https:\/\/wellnesspatince.sk\/wp-content\/uploads\/2024\/07\/Wellness_Hotel_Patince_2013_1920px_00-1920x1080.jpg\" alt=\"\" width=\"1920\" height=\"1080\" \/>                        <\/div>\n    <div class=\"mkdf-iwt-text-holder\">\n        \n                    <h5 class=\"mkdf-iwt-title\" >SPORTMEDENCE<\/h5>\n        \n        \n\t\t            <p class=\"mkdf-iwt-text\" >Ha csak szabadid\u0151s \u00fasz\u00f3k\u00e9nt \u00faszik, ez a medence az \u00d6n sz\u00e1m\u00e1ra k\u00e9sz\u00fclt. A p\u00e1lya hossz\u00e1t tekintve kev\u00e9sb\u00e9 megterhel\u0151. A v\u00edzm\u00e9lys\u00e9g 150-160 cm. M\u00e9retek: 18 m x 12 m.<\/p>\n            <\/div>\n<\/div>[vc_empty_space height=&#8221;40px&#8221;][\/vc_column][vc_column width=&#8221;1\/2&#8243; offset=&#8221;vc_col-md-6&#8243;]<div class=\"mkdf-image-with-text-holder   mkdf-image-behavior-zoom\">\n    <div class=\"mkdf-iwt-image\">\n                                    <img loading=\"lazy\" decoding=\"async\" src=\"https:\/\/wellnesspatince.sk\/wp-content\/uploads\/2024\/07\/Wellness_Hotel_Patince_2013_1920px_05-1920x1080.jpg\" alt=\"\" width=\"1920\" height=\"1080\" \/>                        <\/div>\n    <div class=\"mkdf-iwt-text-holder\">\n        \n                    <h5 class=\"mkdf-iwt-title\" >PIHEN\u0150 MEDENCE<\/h5>\n        \n        \n\t\t            <p class=\"mkdf-iwt-text\" >Az \u00fcl\u0151medenc\u00e9ben pihenve j\u00f3 adag energi\u00e1t nyerhetsz. A term\u00e1lv\u00edz h\u0151m\u00e9rs\u00e9klete 27 - 29 \u00b0C, medence m\u00e9retei 18 m x 16 m \u00e9s a v\u00edzm\u00e9lys\u00e9ge 95 cm.<\/p>\n            <\/div>\n<\/div>[vc_empty_space height=&#8221;40px&#8221;][\/vc_column][\/vc_row][vc_row content_text_aligment=&#8221;center&#8221; css=&#8221;.vc_custom_1494232305593{padding-top: 80px !important;padding-bottom: 30px !important;}&#8221;][vc_column width=&#8221;1\/2&#8243; offset=&#8221;vc_col-md-6&#8243;][\/vc_column][vc_column width=&#8221;1\/2&#8243; offset=&#8221;vc_col-md-6&#8243;][\/vc_column][\/vc_row][vc_row row_content_width=&#8221;grid&#8221; content_text_aligment=&#8221;center&#8221; css=&#8221;.vc_custom_1493383119559{padding-top: 120px !important;padding-bottom: 85px !important;}&#8221;][vc_column width=&#8221;1\/2&#8243; offset=&#8221;vc_col-lg-3 vc_col-md-6&#8243;]<div class=\"mkdf-iwt clearfix  mkdf-iwt-icon-top mkdf-iwt-icon-medium mkdf-iwt-has-separator\">\n\t<div class=\"mkdf-iwt-icon\">\n\t\t\t\t\t<a itemprop=\"url\" href=\"https:\/\/wellnesspatince.sk\/hu\/nyitvatartasi-ido-es-ertesitesek\/\" target=\"_blank\">\n\t\t\t\t\t\t\t\t\t    <span class=\"mkdf-icon-shortcode mkdf-normal   mkdf-icon-medium\"  data-hover-color=\"#333132\" data-color=\"#c59d5f\">\n                    <i class=\"mkdf-icon-font-awesome fa fa-clock-o mkdf-icon-element\" style=\"color: #c59d5f;font-size:60px\" ><\/i>            <\/span>\n\t\t\t\t\t\t\t\t<\/a>\n\t\t\t<\/div>\n\t<div class=\"mkdf-iwt-content\" >\n\t\t\t\t\t<h5 class=\"mkdf-iwt-title\" style=\"margin-top:25px\">\n\t\t\t\t\t\t\t\t\t<a itemprop=\"url\" href=\"https:\/\/wellnesspatince.sk\/hu\/nyitvatartasi-ido-es-ertesitesek\/\" target=\"_blank\">\n\t\t\t\t\t\t\t\t<span class=\"mkdf-iwt-title-text\">Nyitvatart\u00e1s<\/span>\n\t\t\t\t\t\t\t\t\t<\/a>\n\t\t\t\t\t\t\t\t\t\t\t<\/h5>\n\t\t\t\t\t\t\t<div class=\"mkdf-iwt-separator\" ><\/div>\n\t\t\t\t\t\t\t<p class=\"mkdf-iwt-text\" >Nyitvatart\u00e1si id\u0151 \u00e9s a m\u0171k\u00f6d\u00e9si k\u00f6zlem\u00e9nyek.<\/p>\n\t\t\t\t\t\t\t<a itemprop=\"url\" href=\"https:\/\/wellnesspatince.sk\/hu\/nyitvatartasi-ido-es-ertesitesek\/\" target=\"_blank\" class=\"mkdf-iwt-link-text mkdf-btn mkdf-btn-simple\">\n\t\t\t\t<span class=\"mkdf-btn-text\">Tov\u00e1bbi inform\u00e1ci\u00f3k<\/span>\n\t\t\t<\/a>\n\t\t\t<\/div>\n<\/div>[vc_empty_space height=&#8221;50px&#8221;][\/vc_column][vc_column width=&#8221;1\/2&#8243; offset=&#8221;vc_col-lg-3 vc_col-md-6&#8243;]<div class=\"mkdf-iwt clearfix  mkdf-iwt-icon-top mkdf-iwt-icon-medium mkdf-iwt-has-separator\">\n\t<div class=\"mkdf-iwt-icon\">\n\t\t\t\t\t<a itemprop=\"url\" href=\"https:\/\/shop.wellnesspatince.sk\/hu\/\" target=\"_blank\">\n\t\t\t\t\t\t\t\t\t    <span class=\"mkdf-icon-shortcode mkdf-normal   mkdf-icon-medium\"  data-hover-color=\"#333132\" data-color=\"#c59d5f\">\n                    <i class=\"mkdf-icon-linea-icon icon-ecommerce-gift mkdf-icon-element\" style=\"color: #c59d5f;font-size:60px\" ><\/i>            <\/span>\n\t\t\t\t\t\t\t\t<\/a>\n\t\t\t<\/div>\n\t<div class=\"mkdf-iwt-content\" >\n\t\t\t\t\t<h5 class=\"mkdf-iwt-title\" style=\"margin-top:25px\">\n\t\t\t\t\t\t\t\t\t<a itemprop=\"url\" href=\"https:\/\/shop.wellnesspatince.sk\/hu\/\" target=\"_blank\">\n\t\t\t\t\t\t\t\t<span class=\"mkdf-iwt-title-text\">Eshop - Online v\u00e1sarl\u00e1s<\/span>\n\t\t\t\t\t\t\t\t\t<\/a>\n\t\t\t\t\t\t\t\t\t\t\t<\/h5>\n\t\t\t\t\t\t\t<div class=\"mkdf-iwt-separator\" ><\/div>\n\t\t\t\t\t\t\t<p class=\"mkdf-iwt-text\" >Aj\u00e1nd\u00e9kutalv\u00e1nyok \u00e9s jegyek k\u00fcls\u0151 vend\u00e9gek sz\u00e1m\u00e1ra kedvez\u0151bb \u00e1rakon a eshopunkban.<\/p>\n\t\t\t\t\t\t\t<a itemprop=\"url\" href=\"https:\/\/shop.wellnesspatince.sk\/hu\/\" target=\"_blank\" class=\"mkdf-iwt-link-text mkdf-btn mkdf-btn-simple\">\n\t\t\t\t<span class=\"mkdf-btn-text\">Tov\u00e1bbi inform\u00e1ci\u00f3k<\/span>\n\t\t\t<\/a>\n\t\t\t<\/div>\n<\/div>[vc_empty_space height=&#8221;50px&#8221;][\/vc_column][vc_column width=&#8221;1\/2&#8243; offset=&#8221;vc_col-lg-3 vc_col-md-6&#8243;]<div class=\"mkdf-iwt clearfix  mkdf-iwt-icon-top mkdf-iwt-icon-medium mkdf-iwt-has-separator\">\n\t<div class=\"mkdf-iwt-icon\">\n\t\t\t\t\t<a itemprop=\"url\" href=\"https:\/\/wellnesspatince.sk\/hu\/arlista\/\" target=\"_blank\">\n\t\t\t\t\t\t\t\t\t    <span class=\"mkdf-icon-shortcode mkdf-normal   mkdf-icon-medium\"  data-hover-color=\"#333132\" data-color=\"#c59d5f\">\n                    <i class=\"mkdf-icon-linea-icon icon-ecommerce-receipt-euro mkdf-icon-element\" style=\"color: #c59d5f;font-size:60px\" ><\/i>            <\/span>\n\t\t\t\t\t\t\t\t<\/a>\n\t\t\t<\/div>\n\t<div class=\"mkdf-iwt-content\" >\n\t\t\t\t\t<h5 class=\"mkdf-iwt-title\" style=\"margin-top:25px\">\n\t\t\t\t\t\t\t\t\t<a itemprop=\"url\" href=\"https:\/\/wellnesspatince.sk\/hu\/arlista\/\" target=\"_blank\">\n\t\t\t\t\t\t\t\t<span class=\"mkdf-iwt-title-text\">\u00c1RLISTA<\/span>\n\t\t\t\t\t\t\t\t\t<\/a>\n\t\t\t\t\t\t\t\t\t\t\t<\/h5>\n\t\t\t\t\t\t\t<div class=\"mkdf-iwt-separator\" ><\/div>\n\t\t\t\t\t\t\t<p class=\"mkdf-iwt-text\" >\u00c1rlista a Thermal parkba (medence vil\u00e1gba).<\/p>\n\t\t\t\t\t\t\t<a itemprop=\"url\" href=\"https:\/\/wellnesspatince.sk\/hu\/arlista\/\" target=\"_blank\" class=\"mkdf-iwt-link-text mkdf-btn mkdf-btn-simple\">\n\t\t\t\t<span class=\"mkdf-btn-text\">Tov\u00e1bbi inform\u00e1ci\u00f3k<\/span>\n\t\t\t<\/a>\n\t\t\t<\/div>\n<\/div>[vc_empty_space height=&#8221;50px&#8221;][\/vc_column][vc_column width=&#8221;1\/2&#8243; offset=&#8221;vc_col-lg-3 vc_col-md-6&#8243;]<div class=\"mkdf-iwt clearfix  mkdf-iwt-icon-top mkdf-iwt-icon-medium mkdf-iwt-has-separator\">\n\t<div class=\"mkdf-iwt-icon\">\n\t\t\t\t\t<a itemprop=\"url\" href=\"https:\/\/wellnesspatince.sk\/hu\/elerhetosegek\/\" target=\"_blank\">\n\t\t\t\t\t\t\t\t\t    <span class=\"mkdf-icon-shortcode mkdf-normal   mkdf-icon-medium\"  data-hover-color=\"#333132\" data-color=\"#c59d5f\">\n                    <i class=\"mkdf-icon-linea-icon icon-basic-mail mkdf-icon-element\" style=\"color: #c59d5f;font-size:60px\" ><\/i>            <\/span>\n\t\t\t\t\t\t\t\t<\/a>\n\t\t\t<\/div>\n\t<div class=\"mkdf-iwt-content\" >\n\t\t\t\t\t<h5 class=\"mkdf-iwt-title\" style=\"margin-top:25px\">\n\t\t\t\t\t\t\t\t\t<a itemprop=\"url\" href=\"https:\/\/wellnesspatince.sk\/hu\/elerhetosegek\/\" target=\"_blank\">\n\t\t\t\t\t\t\t\t<span class=\"mkdf-iwt-title-text\">Kapcsolat<\/span>\n\t\t\t\t\t\t\t\t\t<\/a>\n\t\t\t\t\t\t\t\t\t\t\t<\/h5>\n\t\t\t\t\t\t\t<div class=\"mkdf-iwt-separator\" ><\/div>\n\t\t\t\t\t\t\t<p class=\"mkdf-iwt-text\" >E-mail : recepcia@wellnesspatince.sk,Tel.: +421 918 886 715<\/p>\n\t\t\t\t\t\t\t<a itemprop=\"url\" href=\"https:\/\/wellnesspatince.sk\/hu\/elerhetosegek\/\" target=\"_blank\" class=\"mkdf-iwt-link-text mkdf-btn mkdf-btn-simple\">\n\t\t\t\t<span class=\"mkdf-btn-text\">Tov\u00e1bbi inform\u00e1ci\u00f3k<\/span>\n\t\t\t<\/a>\n\t\t\t<\/div>\n<\/div>[vc_empty_space height=&#8221;50px&#8221;][\/vc_column][\/vc_row]<\/p>\n","protected":false},"excerpt":{"rendered":"<p>[vc_row][vc_column][vc_column_text] BELT\u00c9RI MEDENC\u00c9K [\/vc_column_text][vc_column_text css_animation=&#8221;none&#8221;]A term\u00e1lpark n\u00e9gy fedett medenc\u00e9j\u00e9ben megtal\u00e1lja a pihen\u00e9s \u00e9s a regener\u00e1ci\u00f3 megfelel\u0151 kombin\u00e1ci\u00f3j\u00e1t. Ezeket H\u00e9v\u00edz saj\u00e1t, 27 \u00b0C-os term\u00e1lforr\u00e1s\u00e1b\u00f3l sz\u00e1rmaz\u00f3 v\u00edzzel t\u00f6ltik fel, amely 200 m m\u00e9lyr\u0151l ered. A pati term\u00e1lvizet magas bikarbon\u00e1t-, kalcium-, magn\u00e9zium- \u00e9s [&hellip;]<\/p>\n","protected":false},"author":2,"featured_media":0,"parent":0,"menu_order":0,"comment_status":"closed","ping_status":"closed","template":"","meta":{"inline_featured_image":false,"footnotes":"","_wp_rev_ctl_limit":""},"class_list":["post-21413","page","type-page","status-publish","hentry"],"_links":{"self":[{"href":"https:\/\/wellnesspatince.sk\/hu\/wp-json\/wp\/v2\/pages\/21413","targetHints":{"allow":["GET"]}}],"collection":[{"href":"https:\/\/wellnesspatince.sk\/hu\/wp-json\/wp\/v2\/pages"}],"about":[{"href":"https:\/\/wellnesspatince.sk\/hu\/wp-json\/wp\/v2\/types\/page"}],"author":[{"embeddable":true,"href":"https:\/\/wellnesspatince.sk\/hu\/wp-json\/wp\/v2\/users\/2"}],"replies":[{"embeddable":true,"href":"https:\/\/wellnesspatince.sk\/hu\/wp-json\/wp\/v2\/comments?post=21413"}],"version-history":[{"count":19,"href":"https:\/\/wellnesspatince.sk\/hu\/wp-json\/wp\/v2\/pages\/21413\/revisions"}],"predecessor-version":[{"id":26348,"href":"https:\/\/wellnesspatince.sk\/hu\/wp-json\/wp\/v2\/pages\/21413\/revisions\/26348"}],"wp:attachment":[{"href":"https:\/\/wellnesspatince.sk\/hu\/wp-json\/wp\/v2\/media?parent=21413"}],"curies":[{"name":"wp","href":"https:\/\/api.w.org\/{rel}","templated":true}]}}