{"id":21222,"date":"2022-08-21T20:52:25","date_gmt":"2022-08-21T18:52:25","guid":{"rendered":"https:\/\/wellnesspatince.sk\/aktivity-v-hoteli\/"},"modified":"2026-04-09T13:13:56","modified_gmt":"2026-04-09T11:13:56","slug":"aktivity-v-hoteli","status":"publish","type":"page","link":"https:\/\/wellnesspatince.sk\/hu\/aktivity-v-hoteli\/","title":{"rendered":"Tev\u00e9kenys\u00e9gek a sz\u00e1llod\u00e1ban"},"content":{"rendered":"<p>[vc_row][vc_column][vc_column_text]<\/p>\n<h2 id=\"scroll-in\"><span style=\"color: #04adaa;\"><strong>TEV\u00c9KENYS\u00c9GEK A SZ\u00c1LLOD\u00c1BAN \/ SZABADT\u00c9RI<\/strong><\/span><\/h2>\n<p>[\/vc_column_text][vc_column_text]<\/p>\n<p id=\"scroll-in\">Sz\u00e1llod\u00e1nkban mindenki megtal\u00e1lja a hobbij\u00e1t, \u00e9s biztosan nem fog unatkozni az itt tart\u00f3zkod\u00e1s alatt. Eg\u00e9sz \u00e9vben tov\u00e1bbi belt\u00e9ri tev\u00e9kenys\u00e9geket k\u00edn\u00e1lunk minden koroszt\u00e1ly sz\u00e1m\u00e1ra. Minden id\u0151j\u00e1r\u00e1s eset\u00e9n \u00e1tadhatja mag\u00e1t a sz\u00f3rakoz\u00e1s pillanatainak, valamint a sport- \u00e9s adrenalin\u00e9lm\u00e9nyeknek.<\/p>\n<p>[\/vc_column_text][\/vc_column][\/vc_row][vc_row content_text_aligment=&#8221;center&#8221; css=&#8221;.vc_custom_1494232305593{padding-top: 80px !important;padding-bottom: 30px !important;}&#8221;][vc_column width=&#8221;1\/2&#8243; offset=&#8221;vc_col-md-6&#8243;]<div class=\"mkdf-image-with-text-holder  mkdf-has-shadow mkdf-image-behavior-zoom\">\n    <div class=\"mkdf-iwt-image\">\n                                    <img loading=\"lazy\" decoding=\"async\" src=\"https:\/\/wellnesspatince.sk\/wp-content\/uploads\/2023\/10\/WH_Patince_Panorama_1920_31-1920x1080.jpg\" alt=\"\" width=\"1920\" height=\"1080\" \/>                        <\/div>\n    <div class=\"mkdf-iwt-text-holder\">\n        \n                    <h5 class=\"mkdf-iwt-title\" >ANIM\u00c1CI\u00d3S PROGRAM<\/h5>\n        \n        \n\t\t            <p class=\"mkdf-iwt-text\" >Hogy gyermekei ne unatkozzanak tart\u00f3zkod\u00e1suk alatt, anim\u00e1ci\u00f3s programokkal k\u00e9sz\u00fclt\u00fcnk sz\u00e1mukra. T\u00e1ncolhatnak a mini-diszk\u00f3ban, vagy megmutathatj\u00e1k \u00fcgyess\u00e9g\u00fcket, kreativit\u00e1sukat \u00e9s m\u0171v\u00e9szi szellem\u00fcket a kreat\u00edv m\u0171helyekben. Az anim\u00e1ci\u00f3s programok r\u00e9szek\u00e9nt lufibemutat\u00f3val, aqua gymmel is k\u00e9sz\u00fcl\u00fcnk k\u00f6zvetlen\u00fcl a medenc\u00e9kben. Term\u00e9szetesen k\u00fcl\u00f6nb\u00f6z\u0151 versenyek \u00e9s esti vet\u00e9lked\u0151k is vannak. Nefeledj\u00e9k el a kabalafigur\u00e1nkat Flippy, akit a gyerekek im\u00e1dnak.<\/p>\n            <\/div>\n<\/div>[vc_empty_space height=&#8221;40px&#8221;]<a itemprop=\"url\" href=\"https:\/\/wellnesspatince.sk\/wp-content\/uploads\/2026\/04\/Patince_Animacie_mimosezona_2026_A4_TLAC.pdf\" target=\"_self\" style=\"background-color: #04adaa\" class=\"mkdf-btn mkdf-btn-medium mkdf-btn-solid\"  >\n    <span class=\"mkdf-btn-text\">Anim\u00e1ci\u00f3s program<\/span>\n    <\/a>[\/vc_column][vc_column width=&#8221;1\/2&#8243; offset=&#8221;vc_col-md-6&#8243;]<div class=\"mkdf-image-with-text-holder  mkdf-has-shadow mkdf-image-behavior-zoom\">\n    <div class=\"mkdf-iwt-image\">\n                                    <img loading=\"lazy\" decoding=\"async\" src=\"https:\/\/wellnesspatince.sk\/wp-content\/uploads\/2023\/07\/Wellness_Hotel_Patince_2023_Detsky_kutik_LQ_10-1920x1080.jpg\" alt=\"\" width=\"1920\" height=\"1080\" \/>                        <\/div>\n    <div class=\"mkdf-iwt-text-holder\">\n        \n                    <h5 class=\"mkdf-iwt-title\" >GYERMEK SARKAK<\/h5>\n        \n        \n\t\t            <p class=\"mkdf-iwt-text\" >Goly\u00f3s medence, pl\u00fcssj\u00e1t\u00e9kok \u00e9s csocs\u00f3asztal \u2013 sz\u00e1llod\u00e1nk k\u00e9t teljesen felszerelt gyereksarkot k\u00edn\u00e1l. A kisebb gyermekeknek sz\u00e1nt j\u00e1tsz\u00f3sarok a Lobby b\u00e1r mellett tal\u00e1lhat\u00f3. A m\u00e1sik gyereksarok a Term\u00e1lparkban, a Panorama \u00e9tterem k\u00f6zel\u00e9ben helyezkedik el.<\/p>\n            <\/div>\n<\/div>[vc_empty_space height=&#8221;40px&#8221;][\/vc_column][\/vc_row][vc_row content_text_aligment=&#8221;center&#8221; css=&#8221;.vc_custom_1494232305593{padding-top: 80px !important;padding-bottom: 30px !important;}&#8221;][vc_column width=&#8221;1\/2&#8243; offset=&#8221;vc_col-md-6&#8243;]<div class=\"mkdf-image-with-text-holder  mkdf-has-shadow mkdf-image-behavior-zoom\">\n    <div class=\"mkdf-iwt-image\">\n                                    <img loading=\"lazy\" decoding=\"async\" src=\"https:\/\/wellnesspatince.sk\/wp-content\/uploads\/2023\/02\/Wellness_Hotel_Patince_1920x1080_19-1920x1080.jpg\" alt=\"\" width=\"1920\" height=\"1080\" \/>                        <\/div>\n    <div class=\"mkdf-iwt-text-holder\">\n        \n                    <h5 class=\"mkdf-iwt-title\" >AQUA GYM \/ AQUA ZUMBA<\/h5>\n        \n        \n\t\t            <p class=\"mkdf-iwt-text\" >Az aqua torna egy viszonylag fiatal sport\u00e1g, amely az aerobicot \u00e9s a v\u00edzi k\u00f6rnyezetet \u00f6tv\u00f6zi. C\u00e9lja a fizikai er\u0151nl\u00e9t n\u00f6vel\u00e9se, a tests\u00faly cs\u00f6kkent\u00e9se \u00e9s a test form\u00e1l\u00e1sa. H\u00e9tk\u00f6zben a kiv\u00e1lasztott napokon aqua zumba vagy aqua gym -et gyakorolhatnak a nagy relax\u00e1ci\u00f3s medenc\u00e9kbe.<\/p>\n            <\/div>\n<\/div>[vc_empty_space height=&#8221;40px&#8221;][\/vc_column][vc_column width=&#8221;1\/2&#8243; offset=&#8221;vc_col-md-6&#8243;]<div class=\"mkdf-image-with-text-holder  mkdf-has-shadow mkdf-image-behavior-zoom\">\n    <div class=\"mkdf-iwt-image\">\n                                    <img loading=\"lazy\" decoding=\"async\" src=\"https:\/\/wellnesspatince.sk\/wp-content\/uploads\/2023\/02\/Wellness_Hotel_Patince_020-1920x1080.jpg\" alt=\"\" width=\"1920\" height=\"1080\" \/>                        <\/div>\n    <div class=\"mkdf-iwt-text-holder\">\n        \n                    <h5 class=\"mkdf-iwt-title\" >Bowling, biliard, darts, asztali foci<\/h5>\n        \n        \n\t\t            <p class=\"mkdf-iwt-text\" >K\u00e9t bowlingp\u00e1lya, bili\u00e1rd, darts \u00e9s asztali foci szolg\u00e1lja az akt\u00edv kikapcsol\u00f3d\u00e1st. A p\u00e1ly\u00e1k a sz\u00e1lloda recepci\u00f3j\u00e1n foglalhat\u00f3k.<\/p>\n            <\/div>\n<\/div>[vc_empty_space height=&#8221;40px&#8221;][\/vc_column][\/vc_row][vc_row content_text_aligment=&#8221;center&#8221; css=&#8221;.vc_custom_1494232305593{padding-top: 80px !important;padding-bottom: 30px !important;}&#8221;][vc_column width=&#8221;1\/2&#8243; offset=&#8221;vc_col-md-6&#8243;]<div class=\"mkdf-image-with-text-holder  mkdf-has-shadow mkdf-image-behavior-zoom\">\n    <div class=\"mkdf-iwt-image\">\n                                    <img loading=\"lazy\" decoding=\"async\" src=\"https:\/\/wellnesspatince.sk\/wp-content\/uploads\/2023\/02\/Wellness_Hotel_Patince_1920x1080_56-1920x1080.jpg\" alt=\"\" width=\"1920\" height=\"1080\" \/>                        <\/div>\n    <div class=\"mkdf-iwt-text-holder\">\n        \n                    <h5 class=\"mkdf-iwt-title\" >FITNESS CENTRUM<\/h5>\n        \n        \n\t\t            <p class=\"mkdf-iwt-text\" >Szeretne fitten lenni az itt tart\u00f3zkod\u00e1sa alatt? Ebben is tudunk seg\u00edteni. A sz\u00e1lloda felszerelts\u00e9g\u00e9hez egy modern edz\u0151terem is tartozik. A sz\u00e1lloda vend\u00e9gei korl\u00e1tlanul \u00e9s ingyenesen haszn\u00e1lhatj\u00e1k a fitneszk\u00f6zpontot.<\/p>\n            <\/div>\n<\/div>[vc_empty_space height=&#8221;40px&#8221;][\/vc_column][vc_column width=&#8221;1\/2&#8243; offset=&#8221;vc_col-md-6&#8243;]<div class=\"mkdf-image-with-text-holder  mkdf-has-shadow mkdf-image-behavior-zoom\">\n    <div class=\"mkdf-iwt-image\">\n                                    <img loading=\"lazy\" decoding=\"async\" src=\"https:\/\/wellnesspatince.sk\/wp-content\/uploads\/2023\/02\/Wellness_Hotel_Patince_1920x1080_31-1920x1080.jpg\" alt=\"\" width=\"1920\" height=\"1080\" \/>                        <\/div>\n    <div class=\"mkdf-iwt-text-holder\">\n        \n                    <h5 class=\"mkdf-iwt-title\" >POWER JOGA<\/h5>\n        \n        \n\t\t            <p class=\"mkdf-iwt-text\" >Power j\u00f3g\u00e1nkkal is kikapcsol\u00f3dhat \u00e9s edzhet egy j\u00f3t. A j\u00f3ga gyakorl\u00e1s\u00e1val megszabadulhat eg\u00e9szs\u00e9g\u00fcgyi probl\u00e9m\u00e1kt\u00f3l, n\u00f6velheti teste rugalmass\u00e1g\u00e1t \u00e9s mozg\u00e9konys\u00e1g\u00e1t, er\u0151s\u00edtheti immunrendszer\u00e9t \u00e9s jav\u00edthatja l\u00e9gz\u00e9s\u00e9t. A Powerj\u00f3ga egyre t\u00f6bb rajong\u00f3t szerez a vil\u00e1gon, ez\u00e9rt ne habozzon kipr\u00f3b\u00e1lni.<\/p>\n            <\/div>\n<\/div>[vc_empty_space height=&#8221;40px&#8221;][\/vc_column][\/vc_row][vc_row equal_height=&#8221;yes&#8221; content_placement=&#8221;top&#8221; enable_arrows_animation=&#8221;no&#8221; css=&#8221;.vc_custom_1614164314443{padding-top: 0px !important;padding-right: 0px !important;padding-bottom: 0px !important;padding-left: 0px !important;}&#8221;][\/vc_row][vc_row][vc_column][vc_column_text]<\/p>\n<h2 id=\"scroll-in\"><span style=\"color: #04adaa;\"><strong>TEV\u00c9KENYS\u00c9GEK A SZ\u00c1LLOD\u00c1BAN \/ SZABADT\u00c9RI<\/strong><\/span><\/h2>\n<p>[\/vc_column_text][vc_column_text]Are\u00e1l Wellness Hotela Patince je bohat\u00fd na z\u00e1\u017eitky a z\u00e1bavu. U n\u00e1s si svoje ob\u013e\u00faben\u00e9 aktivity v ka\u017edom po\u010das\u00ed n\u00e1jdu nielen deti, ale aj dospel\u00ed a seniori.[\/vc_column_text][\/vc_column][\/vc_row][vc_row content_text_aligment=&#8221;center&#8221; css=&#8221;.vc_custom_1494232305593{padding-top: 80px !important;padding-bottom: 30px !important;}&#8221;][vc_column width=&#8221;1\/2&#8243; offset=&#8221;vc_col-md-6&#8243;]<div class=\"mkdf-image-with-text-holder  mkdf-has-shadow mkdf-image-behavior-zoom\">\n    <div class=\"mkdf-iwt-image\">\n                                    <img loading=\"lazy\" decoding=\"async\" src=\"https:\/\/wellnesspatince.sk\/wp-content\/uploads\/2023\/02\/Wellness_Hotel_Patince_1920x1080_55-1920x1080.jpg\" alt=\"\" width=\"1920\" height=\"1080\" \/>                        <\/div>\n    <div class=\"mkdf-iwt-text-holder\">\n        \n                    <h5 class=\"mkdf-iwt-title\" >Ker\u00e9kp\u00e1roz\u00e1s<\/h5>\n        \n        \n\t\t            <p class=\"mkdf-iwt-text\" >Sz\u00e1llod\u00e1nk k\u00f6rny\u00e9k\u00e9n nincs unalom. A ker\u00e9kp\u00e1roz\u00e1s szerelmesei megtal\u00e1lj\u00e1k a maguk\u00e9t. A Duna Ker\u00e9kp\u00e1r\u00faton, amely region\u00e1lis tranzit\u00fatvonal, tekerhet k\u00e9t ker\u00e9ken. A Duna ment\u00e9n halad, \u00e9s az EuroVelo 6 h\u00e1l\u00f3zat hossz\u00fa t\u00e1v\u00fa ker\u00e9kp\u00e1ros \u00fatvonal\u00e1nak r\u00e9sze. A Duna menti r\u00e9szt Duna-ker\u00e9kp\u00e1r\u00fat n\u00e9ven is ismerik. A t\u00fara neh\u00e9zs\u00e9ge miatt gyermekek \u00e9s id\u0151sek sz\u00e1m\u00e1ra is alkalmas.<\/p>\n            <\/div>\n<\/div>[vc_empty_space height=&#8221;40px&#8221;][\/vc_column][vc_column width=&#8221;1\/2&#8243; offset=&#8221;vc_col-md-6&#8243;]<div class=\"mkdf-image-with-text-holder  mkdf-has-shadow mkdf-image-behavior-zoom\">\n    <div class=\"mkdf-iwt-image\">\n                                    <img loading=\"lazy\" decoding=\"async\" src=\"https:\/\/wellnesspatince.sk\/wp-content\/uploads\/2023\/02\/Wellness_Hotel_Patince_1920x1080_75-1920x1080.jpg\" alt=\"\" width=\"1920\" height=\"1080\" \/>                        <\/div>\n    <div class=\"mkdf-iwt-text-holder\">\n        \n                    <h5 class=\"mkdf-iwt-title\" >Nordic Walking<\/h5>\n        \n        \n\t\t            <p class=\"mkdf-iwt-text\" >A nordic walking az ut\u00f3bbi \u00e9vekben nagy fellend\u00fcl\u00e9sen ment kereszt\u00fcl. Azoknak a vend\u00e9geinknek, akik szeretn\u00e9k akt\u00edvan t\u00f6lteni a napjukat, s\u00e9tap\u00e1lc\u00e1val a kez\u00fckben, \u00e9s felfedezni a k\u00f6rnyezet\u00fcket, eg\u00e9sz \u00e9vben k\u00f6lcs\u00f6n\u00f6zhet\u0151ek s\u00e9tap\u00e1lc\u00e1ink. Azon vend\u00e9geink sz\u00e1m\u00e1ra, akik a napot sportol\u00e1ssal vagy a k\u00f6rny\u00e9k felfedez\u00e9s\u00e9vel szeretn\u00e9k t\u00f6lteni, nordic walking botok is b\u00e9relhet\u0151k.<\/p>\n            <\/div>\n<\/div>[vc_empty_space height=&#8221;40px&#8221;][\/vc_column][\/vc_row][vc_row content_text_aligment=&#8221;center&#8221; css=&#8221;.vc_custom_1494232305593{padding-top: 80px !important;padding-bottom: 30px !important;}&#8221;][vc_column width=&#8221;1\/2&#8243; offset=&#8221;vc_col-md-6&#8243;]<div class=\"mkdf-image-with-text-holder   mkdf-image-behavior-zoom\">\n    <div class=\"mkdf-iwt-image\">\n                                    <img loading=\"lazy\" decoding=\"async\" src=\"https:\/\/wellnesspatince.sk\/wp-content\/uploads\/2023\/07\/Wellness_Hotel_Patince_2013_1920px_15-1920x1080.jpg\" alt=\"\" width=\"1920\" height=\"1080\" \/>                        <\/div>\n    <div class=\"mkdf-iwt-text-holder\">\n        \n                    <h5 class=\"mkdf-iwt-title\" >Horg\u00e1szat, vizibicykli<\/h5>\n        \n        \n\t\t            <p class=\"mkdf-iwt-text\" >Sz\u00edvesen t\u00f6lti az id\u0151t a v\u00edzparton horg\u00e1szbottal a kez\u00e9ben? A Wellness Hotel Patince ter\u00fclet\u00e9n a horg\u00e1szat szerelmeseinek is k\u00edn\u00e1lnak elfoglalts\u00e1gokat. A sz\u00e1lloda tav\u00e1ban fens\u00e9ges, 12 \u00e9s t\u00f6bb kilogrammos pontyok \u00e9s csuk\u00e1k \u00e9lnek.&lt;\/p&gt;\n&lt;p&gt;A sz\u00e1lloda ter\u00fclet\u00e9n l\u00e9v\u0151 t\u00f3 k\u00fcl\u00f6nb\u00f6z\u0151 v\u00edzi sportok \u0171z\u00e9s\u00e9re is alkalmas. Ny\u00e1ri tart\u00f3zkod\u00e1sa alatt pr\u00f3b\u00e1lja ki a v\u00edzibicikliz\u00e9st..<\/p>\n            <\/div>\n<\/div>[vc_empty_space height=&#8221;40px&#8221;][\/vc_column][vc_column width=&#8221;1\/2&#8243; offset=&#8221;vc_col-md-6&#8243;]<div class=\"mkdf-image-with-text-holder  mkdf-has-shadow mkdf-image-behavior-zoom\">\n    <div class=\"mkdf-iwt-image\">\n                                    <img loading=\"lazy\" decoding=\"async\" src=\"https:\/\/wellnesspatince.sk\/wp-content\/uploads\/2023\/02\/Wellness_Hotel_Patince_1920x1080_70-1-1920x1080.jpg\" alt=\"\" width=\"1920\" height=\"1080\" \/>                        <\/div>\n    <div class=\"mkdf-iwt-text-holder\">\n        \n                    <h5 class=\"mkdf-iwt-title\" >Harcsa etet\u00e9s<\/h5>\n        \n        \n\t\t            <p class=\"mkdf-iwt-text\" >A term\u00e1ltavunkban \u00e9l\u0151 harcs\u00e1k etet\u00e9se rendszeresen szerepel anim\u00e1ci\u00f3s programunkban.<\/p>\n            <\/div>\n<\/div>[vc_empty_space height=&#8221;40px&#8221;][vc_tta_accordion][vc_tta_section title=&#8221;Ki az afrikai harcsa?&#8221; tab_id=&#8221;1677411882651-859983a0-fa71&#8243;][vc_column_text]AFRIKAI HARCSA (Clarias gariepinus) \u00e9rdekess\u00e9gek:<\/p>\n<ul>\n<li>Az afrikai harcsa csak olyan akv\u00e1riumban vagy t\u00f3ban tarthat\u00f3, ahol a v\u00edz 24 fokn\u00e1l melegebb, a halnak a k\u00f6rnyez\u0151 vizekben nincs es\u00e9lye a t\u00fal\u00e9l\u00e9sre,<\/li>\n<li>\u00c1zsi\u00e1ban, p\u00e9ld\u00e1ul Vietnamban vagy Kambodzs\u00e1ban a piacon kis harcs\u00e1kat lehet tal\u00e1lni, ahol az emberek h\u00e1zi\u00e1llatk\u00e9nt tartj\u00e1k \u0151ket a kertj\u00fckben, \u00e9s konyhai hullad\u00e9kkal etetik \u0151ket,az afrikai harcs\u00e1kat egyes helyeken S\u00e9tahalaknak nevezik, mert az uszonyaikra t\u00e1maszkodva k\u00f6nnyebben j\u00e1rnak, mint a l\u00e1bukon,<\/li>\n<li>Az afrikai harcs\u00e1k \u00fagy j\u00e1rnak, mint a varjak, amikor kij\u00f6nnek a v\u00edzb\u0151l.<\/li>\n<\/ul>\n<p>[\/vc_column_text][\/vc_tta_section][\/vc_tta_accordion][\/vc_column][\/vc_row][vc_row content_text_aligment=&#8221;center&#8221; css=&#8221;.vc_custom_1494232305593{padding-top: 80px !important;padding-bottom: 30px !important;}&#8221;][vc_column width=&#8221;1\/2&#8243; offset=&#8221;vc_col-md-6&#8243;]<div class=\"mkdf-image-with-text-holder  mkdf-has-shadow mkdf-image-behavior-zoom\">\n    <div class=\"mkdf-iwt-image\">\n                                    <img loading=\"lazy\" decoding=\"async\" src=\"https:\/\/wellnesspatince.sk\/wp-content\/uploads\/2023\/01\/Wellness_Hotel_Patince_071-1920x1080.jpg\" alt=\"\" width=\"1920\" height=\"1080\" \/>                        <\/div>\n    <div class=\"mkdf-iwt-text-holder\">\n        \n                    <h5 class=\"mkdf-iwt-title\" >Szabadt\u00e9ri l\u00e1tnival\u00f3k<\/h5>\n        \n        \n\t\t            <p class=\"mkdf-iwt-text\" >A gyerekek sz\u00e1mos l\u00e1tnival\u00f3t tal\u00e1lnak a sz\u00e1lloda ter\u00fclet\u00e9n. A szabadt\u00e9ri j\u00e1tsz\u00f3terek el\u00e9rhet\u0151ek - j\u00e1tsz\u00f3h\u00e1z cs\u00faszd\u00e1val, m\u00e1sz\u00f3h\u00e1l\u00f3val \u00e9s kis m\u00e1sz\u00f3fallal, hint\u00e1k, k\u00f6rhinta \u00e9s hint\u00e1z\u00f3 \u00e1llatok. Energi\u00e1jukat egy nagy 6 \u00fcl\u00e9ses gyermek trambulinon pattogtathatj\u00e1k.<\/p>\n            <\/div>\n<\/div>[vc_empty_space height=&#8221;40px&#8221;][\/vc_column][vc_column width=&#8221;1\/2&#8243; offset=&#8221;vc_col-md-6&#8243;]<div class=\"mkdf-image-with-text-holder  mkdf-has-shadow mkdf-image-behavior-zoom\">\n    <div class=\"mkdf-iwt-image\">\n                                    <img loading=\"lazy\" decoding=\"async\" src=\"https:\/\/wellnesspatince.sk\/wp-content\/uploads\/2023\/02\/Wellness_Hotel_Patince_008-1920x1080.jpg\" alt=\"\" width=\"1920\" height=\"1080\" \/>                        <\/div>\n    <div class=\"mkdf-iwt-text-holder\">\n        \n                    <h5 class=\"mkdf-iwt-title\" >Minigolf<\/h5>\n        \n        \n\t\t            <p class=\"mkdf-iwt-text\" >Ha kedvet kapott ahhoz, hogy bar\u00e1taival vagy csal\u00e1di k\u00f6rben versenyezzen a minigolf a megfelel\u0151 v\u00e1laszt\u00e1s. Ez egy mindenki sz\u00e1m\u00e1ra n\u00e9pszer\u0171 \u00e9s k\u00f6nny\u0171 sport. \u00c1prilist\u00f3l okt\u00f3berig el\u00e9rhet\u0151.<\/p>\n            <\/div>\n<\/div>[vc_empty_space height=&#8221;40px&#8221;][\/vc_column][\/vc_row][vc_row content_text_aligment=&#8221;center&#8221; css=&#8221;.vc_custom_1494232305593{padding-top: 80px !important;padding-bottom: 30px !important;}&#8221;][vc_column width=&#8221;1\/2&#8243; offset=&#8221;vc_col-md-6&#8243;]<div class=\"mkdf-image-with-text-holder  mkdf-has-shadow mkdf-image-behavior-zoom\">\n    <div class=\"mkdf-iwt-image\">\n                                    <img loading=\"lazy\" decoding=\"async\" src=\"https:\/\/wellnesspatince.sk\/wp-content\/uploads\/2023\/01\/Wellness_Hotel_Patince_061-1920x1080.jpg\" alt=\"\" width=\"1920\" height=\"1080\" \/>                        <\/div>\n    <div class=\"mkdf-iwt-text-holder\">\n        \n                    <h5 class=\"mkdf-iwt-title\" >Strandr\u00f6plabda, tenisz<\/h5>\n        \n        \n\t\t            <p class=\"mkdf-iwt-text\" >A sz\u00e1llod\u00e1nkban val\u00f3 tart\u00f3zkod\u00e1s sor\u00e1n sportol\u00e1sb\u00f3l sincs hi\u00e1ny. A ny\u00e1ri \u00fcd\u00fcl\u00e9sek sor\u00e1n a csoportok ingyenesen strandr\u00f6plabd\u00e1zhatnak k\u00f6zvetlen\u00fcl a medenc\u00e9k mellett. A pattog\u00f3 labd\u00e1k hangja \u00e9s a homlok\u00e1n v\u00e9gigfoly\u00f3 izzads\u00e1g. A sz\u00e1llod\u00e1t\u00f3l mintegy sz\u00e1z m\u00e9terre tal\u00e1lhat\u00f3 szabadt\u00e9ri m\u0171f\u00fcves p\u00e1lya, ahol \u00e1prilist\u00f3l okt\u00f3berig teniszezhet.<\/p>\n            <\/div>\n<\/div>[vc_empty_space height=&#8221;40px&#8221;][\/vc_column][\/vc_row][vc_column css=&#8221;.vc_custom_1614164333616{padding-top: 0px !important;padding-bottom: 0px !important;}&#8221; offset=&#8221;vc_col-lg-3 vc_col-md-12&#8243;][\/vc_column][vc_column_text][\/vc_column_text]<\/p>\n","protected":false},"excerpt":{"rendered":"<p>[vc_row][vc_column][vc_column_text] TEV\u00c9KENYS\u00c9GEK A SZ\u00c1LLOD\u00c1BAN \/ SZABADT\u00c9RI [\/vc_column_text][vc_column_text] Sz\u00e1llod\u00e1nkban mindenki megtal\u00e1lja a hobbij\u00e1t, \u00e9s biztosan nem fog unatkozni az itt tart\u00f3zkod\u00e1s alatt. Eg\u00e9sz \u00e9vben tov\u00e1bbi belt\u00e9ri tev\u00e9kenys\u00e9geket k\u00edn\u00e1lunk minden koroszt\u00e1ly sz\u00e1m\u00e1ra. Minden id\u0151j\u00e1r\u00e1s eset\u00e9n \u00e1tadhatja mag\u00e1t a sz\u00f3rakoz\u00e1s pillanatainak, valamint a [&hellip;]<\/p>\n","protected":false},"author":2,"featured_media":0,"parent":0,"menu_order":0,"comment_status":"closed","ping_status":"closed","template":"","meta":{"inline_featured_image":false,"footnotes":"","_wp_rev_ctl_limit":""},"class_list":["post-21222","page","type-page","status-publish","hentry"],"_links":{"self":[{"href":"https:\/\/wellnesspatince.sk\/hu\/wp-json\/wp\/v2\/pages\/21222","targetHints":{"allow":["GET"]}}],"collection":[{"href":"https:\/\/wellnesspatince.sk\/hu\/wp-json\/wp\/v2\/pages"}],"about":[{"href":"https:\/\/wellnesspatince.sk\/hu\/wp-json\/wp\/v2\/types\/page"}],"author":[{"embeddable":true,"href":"https:\/\/wellnesspatince.sk\/hu\/wp-json\/wp\/v2\/users\/2"}],"replies":[{"embeddable":true,"href":"https:\/\/wellnesspatince.sk\/hu\/wp-json\/wp\/v2\/comments?post=21222"}],"version-history":[{"count":15,"href":"https:\/\/wellnesspatince.sk\/hu\/wp-json\/wp\/v2\/pages\/21222\/revisions"}],"predecessor-version":[{"id":27277,"href":"https:\/\/wellnesspatince.sk\/hu\/wp-json\/wp\/v2\/pages\/21222\/revisions\/27277"}],"wp:attachment":[{"href":"https:\/\/wellnesspatince.sk\/hu\/wp-json\/wp\/v2\/media?parent=21222"}],"curies":[{"name":"wp","href":"https:\/\/api.w.org\/{rel}","templated":true}]}}