{"id":21141,"date":"2021-02-17T10:15:18","date_gmt":"2021-02-17T09:15:18","guid":{"rendered":"https:\/\/wellnesspatince.sk\/bowling-bar\/"},"modified":"2024-12-26T18:41:01","modified_gmt":"2024-12-26T17:41:01","slug":"bowling-bar","status":"publish","type":"page","link":"https:\/\/wellnesspatince.sk\/hu\/bowling-bar\/","title":{"rendered":"Bowling bar"},"content":{"rendered":"<p>[vc_row css=&#8221;.vc_custom_1514288437790{padding-top: 50px !important;padding-bottom: 50px !important;}&#8221;][vc_column][vc_empty_space]<div class=\"mkdf-section-title-holder  mkdf-st-standard mkdf-st-ha-center mkdf-st-title-left mkdf-st-normal-space \" style=\"text-align: center\">\n\t<div class=\"mkdf-st-inner\">\n\t\t\t\t\t\t\t<h1 class=\"mkdf-st-title\" >\n\t\t\t\tBOWLING BAR\t\t\t\t\t\t\t<\/h1>\n\t\t\t\t\t\t\t<div class=\"mkdf-st-separator\" style=\"background-color: #c59d5f\"><\/div>\n\t\t\t\t\t<\/div>\n<\/div>[\/vc_column][\/vc_row][vc_row equal_height=&#8221;yes&#8221; css=&#8221;.vc_custom_1493379978370{background-color: #fbf9f9 !important;}&#8221;][vc_column css=&#8221;.vc_custom_1677229317050{padding-top: 28% !important;padding-bottom: 28% !important;background-image: url(https:\/\/wellnesspatince.sk\/wp-content\/uploads\/2023\/02\/Wellness_Hotel_Patince_020-2.jpg?id=20312) !important;background-position: center !important;background-repeat: no-repeat !important;background-size: cover !important;}&#8221; offset=&#8221;vc_col-lg-offset-0 vc_col-lg-6 vc_col-md-12 vc_col-sm-offset-0&#8243;][\/vc_column][vc_column offset=&#8221;vc_col-lg-offset-0 vc_col-lg-6 vc_col-md-12 vc_col-sm-offset-0&#8243;]<div class=\"mkdf-elements-holder   mkdf-one-column  mkdf-responsive-mode-768 \" ><div class=\"mkdf-eh-item    \"  data-item-class=\"mkdf-eh-custom-3690\" data-1024-1280=\"13% 13% 20% 13%\" data-768-1024=\"5% 15% 0% 12%\" data-680-768=\"5% 16% 0% 9%\" data-680=\"5% 5% 0% 6%\">\n\t<div class=\"mkdf-eh-item-inner\">\n\t\t<div class=\"mkdf-eh-item-content mkdf-eh-custom-3690\" style=\"padding: 15% 17% 19% 18%\">\n\t\t\t<div class=\"mkdf-section-title-holder  mkdf-st-elegant  mkdf-st-title-left mkdf-st-normal-space \" >\n\t<div class=\"mkdf-st-inner\">\n\t\t\t\t\t\t\t<h2 class=\"mkdf-st-title\" style=\"color: #04adaa\">\n\t\t\t\tBOWLING BAR\t\t\t\t\t\t\t\t\t<span class=\"mkdf-st-e-separator\" ><\/span>\n\t\t\t\t\t\t\t<\/h2>\n\t\t\t\t\t\t\t\t\t<span class=\"mkdf-st-text\" style=\"line-height:30px;margin-top:15px\">\n\t\t\t\tHa a pihen\u00e9st sz\u00f3rakoztat\u00f3 tev\u00e9kenys\u00e9gekkel szeretn\u00e9 \u00f6sszekapcsolni, k\u00e9t bowlingp\u00e1lya, bili\u00e1rd, darts \u00e9s asztali foci \u00e1ll az \u00d6n rendelkez\u00e9s\u00e9re. Pultosunk \u00edzletes kevert italokkal teszi m\u00e9g \u00e9lvezetesebb\u00e9 a csal\u00e1dj\u00e1val vagy bar\u00e1taival val\u00f3 tart\u00f3zkod\u00e1st. Koll\u00e9g\u00e1ink sz\u00edvesen szerveznek bowlingbajnoks\u00e1got is, tov\u00e1bbi sz\u00f3rakoztat\u00f3, \u00e9rt\u00e9kel\u0151 vagy kultur\u00e1lis programmal. A p\u00e1ly\u00e1kat a sz\u00e1lloda recepci\u00f3j\u00e1n lehet lefoglalni.\t\t\t<\/span>\n\t\t\t<\/div>\n<\/div>[vc_empty_space]<a itemprop=\"url\" href=\"https:\/\/wellnesspatince.sk\/wp-content\/uploads\/2024\/12\/Bowling_NL_PATINCE_WHITE_2025_150x310_opos_TLAC.pdf\" target=\"_blank\" style=\"color: #ffffff;background-color: #04adaa;border-color: #04adaa\" class=\"mkdf-btn mkdf-btn-medium mkdf-btn-solid mkdf-btn-custom-hover-bg mkdf-btn-custom-border-hover mkdf-btn-custom-hover-color mkdf-btn-icon\" data-hover-color=\"#ffffff\" data-hover-bg-color=\"#333132\" data-hover-border-color=\"#333132\" >\n    <span class=\"mkdf-btn-text\">Itallap Bowling bar<\/span>\n    <i class=\"mkdf-icon-linear-icon lnr lnr-arrow-right \" ><\/i><\/a>\t\t<\/div>\n\t<\/div>\n<\/div><\/div>[\/vc_column][\/vc_row][vc_row row_content_width=&#8221;grid&#8221; content_text_aligment=&#8221;center&#8221; css=&#8221;.vc_custom_1493383119559{padding-top: 120px !important;padding-bottom: 85px !important;}&#8221;][vc_column width=&#8221;1\/2&#8243; offset=&#8221;vc_col-lg-3 vc_col-md-6&#8243;]<div class=\"mkdf-iwt clearfix  mkdf-iwt-icon-top mkdf-iwt-icon-medium mkdf-iwt-has-separator\">\n\t<div class=\"mkdf-iwt-icon\">\n\t\t\t\t\t<a itemprop=\"url\" href=\"#\" target=\"_self\">\n\t\t\t\t\t\t\t\t\t    <span class=\"mkdf-icon-shortcode mkdf-normal   mkdf-icon-medium\"  data-hover-color=\"#333132\" data-color=\"#c59d5f\">\n                    <i class=\"mkdf-icon-linea-icon icon-basic-rss mkdf-icon-element\" style=\"color: #c59d5f;font-size:60px\" ><\/i>            <\/span>\n\t\t\t\t\t\t\t\t<\/a>\n\t\t\t<\/div>\n\t<div class=\"mkdf-iwt-content\" >\n\t\t\t\t\t<h5 class=\"mkdf-iwt-title\" style=\"margin-top:25px\">\n\t\t\t\t\t\t\t\t\t<a itemprop=\"url\" href=\"#\" target=\"_self\">\n\t\t\t\t\t\t\t\t<span class=\"mkdf-iwt-title-text\">Wifi<\/span>\n\t\t\t\t\t\t\t\t\t<\/a>\n\t\t\t\t\t\t\t\t\t\t\t<\/h5>\n\t\t\t\t\t\t\t<div class=\"mkdf-iwt-separator\" ><\/div>\n\t\t\t\t\t\t\t<p class=\"mkdf-iwt-text\" >Ingyenes internet kapcsolat<\/p>\n\t\t\t\t\t<\/div>\n<\/div>[vc_empty_space height=&#8221;50px&#8221;][\/vc_column][vc_column width=&#8221;1\/2&#8243; offset=&#8221;vc_col-lg-3 vc_col-md-6&#8243;]<div class=\"mkdf-iwt clearfix  mkdf-iwt-icon-top mkdf-iwt-icon-medium mkdf-iwt-has-separator\">\n\t<div class=\"mkdf-iwt-icon\">\n\t\t\t\t\t<a itemprop=\"url\" href=\"#\" target=\"_self\">\n\t\t\t\t\t\t\t\t\t    <span class=\"mkdf-icon-shortcode mkdf-normal   mkdf-icon-medium\"  data-hover-color=\"#333132\" data-color=\"#c59d5f\">\n                    <i class=\"mkdf-icon-linea-icon icon-basic-clock mkdf-icon-element\" style=\"color: #c59d5f;font-size:60px\" ><\/i>            <\/span>\n\t\t\t\t\t\t\t\t<\/a>\n\t\t\t<\/div>\n\t<div class=\"mkdf-iwt-content\" >\n\t\t\t\t\t<h5 class=\"mkdf-iwt-title\" style=\"margin-top:25px\">\n\t\t\t\t\t\t\t\t\t<a itemprop=\"url\" href=\"#\" target=\"_self\">\n\t\t\t\t\t\t\t\t<span class=\"mkdf-iwt-title-text\">Nyitvatart\u00e1s<\/span>\n\t\t\t\t\t\t\t\t\t<\/a>\n\t\t\t\t\t\t\t\t\t\t\t<\/h5>\n\t\t\t\t\t\t\t<div class=\"mkdf-iwt-separator\" ><\/div>\n\t\t\t\t\t\t\t<p class=\"mkdf-iwt-text\" >Szerda - Vas\u00e1rnap 17:00 - 24:00 <\/p>\n\t\t\t\t\t<\/div>\n<\/div>[vc_empty_space height=&#8221;50px&#8221;][\/vc_column][vc_column width=&#8221;1\/2&#8243; offset=&#8221;vc_col-lg-3 vc_col-md-6&#8243;]<div class=\"mkdf-iwt clearfix  mkdf-iwt-icon-top mkdf-iwt-icon-medium mkdf-iwt-has-separator\">\n\t<div class=\"mkdf-iwt-icon\">\n\t\t\t\t\t<a itemprop=\"url\" href=\"#\" target=\"_self\">\n\t\t\t\t\t\t\t\t\t    <span class=\"mkdf-icon-shortcode mkdf-normal   mkdf-icon-medium\"  data-hover-color=\"#333132\" data-color=\"#c59d5f\">\n                    <i class=\"mkdf-icon-linea-icon icon-basic-star mkdf-icon-element\" style=\"color: #c59d5f;font-size:60px\" ><\/i>            <\/span>\n\t\t\t\t\t\t\t\t<\/a>\n\t\t\t<\/div>\n\t<div class=\"mkdf-iwt-content\" >\n\t\t\t\t\t<h5 class=\"mkdf-iwt-title\" style=\"margin-top:25px\">\n\t\t\t\t\t\t\t\t\t<a itemprop=\"url\" href=\"#\" target=\"_self\">\n\t\t\t\t\t\t\t\t<span class=\"mkdf-iwt-title-text\">AJ\u00c1NLAT<\/span>\n\t\t\t\t\t\t\t\t\t<\/a>\n\t\t\t\t\t\t\t\t\t\t\t<\/h5>\n\t\t\t\t\t\t\t<div class=\"mkdf-iwt-separator\" ><\/div>\n\t\t\t\t\t\t\t<p class=\"mkdf-iwt-text\" >Exkluz\u00edv italok, rumok \u00e9s konyakok sz\u00e9les v\u00e1laszt\u00e9ka<\/p>\n\t\t\t\t\t<\/div>\n<\/div>[vc_empty_space height=&#8221;50px&#8221;][\/vc_column][vc_column width=&#8221;1\/2&#8243; offset=&#8221;vc_col-lg-3 vc_col-md-6&#8243;]<div class=\"mkdf-iwt clearfix  mkdf-iwt-icon-top mkdf-iwt-icon-medium mkdf-iwt-has-separator\">\n\t<div class=\"mkdf-iwt-icon\">\n\t\t\t\t\t<a itemprop=\"url\" href=\"#\" target=\"_self\">\n\t\t\t\t\t\t\t\t\t    <span class=\"mkdf-icon-shortcode mkdf-normal   mkdf-icon-medium\"  data-hover-color=\"#333132\" data-color=\"#c59d5f\">\n                    <i class=\"mkdf-icon-linea-icon icon-basic-info mkdf-icon-element\" style=\"color: #c59d5f;font-size:60px\" ><\/i>            <\/span>\n\t\t\t\t\t\t\t\t<\/a>\n\t\t\t<\/div>\n\t<div class=\"mkdf-iwt-content\" >\n\t\t\t\t\t<h5 class=\"mkdf-iwt-title\" style=\"margin-top:25px\">\n\t\t\t\t\t\t\t\t\t<a itemprop=\"url\" href=\"#\" target=\"_self\">\n\t\t\t\t\t\t\t\t<span class=\"mkdf-iwt-title-text\">Sz\u00f3rakoz\u00e1s<\/span>\n\t\t\t\t\t\t\t\t\t<\/a>\n\t\t\t\t\t\t\t\t\t\t\t<\/h5>\n\t\t\t\t\t\t\t<div class=\"mkdf-iwt-separator\" ><\/div>\n\t\t\t\t\t\t\t<p class=\"mkdf-iwt-text\" >Bowling, bili\u00e1rd, darts, asztali foci<\/p>\n\t\t\t\t\t<\/div>\n<\/div>[vc_empty_space height=&#8221;50px&#8221;][\/vc_column][\/vc_row][vc_row][vc_column][vc_widget_sidebar sidebar_id=&#8221;content-bottom&#8221;]<div class=\"mkdf-image-gallery  mkdf-ig-carousel-type mkdf-has-shadow mkdf-image-behavior-lightbox \">\n\t<div class=\"mkdf-ig-slider mkdf-owl-slider\" data-number-of-items=\"4\" data-enable-loop=\"yes\" data-enable-autoplay=\"yes\" data-slider-speed=\"5000\" data-slider-speed-animation=\"600\" data-slider-padding=\"no\" data-enable-navigation=\"no\" data-enable-pagination=\"yes\">\n\t\t\t\t\t<div class=\"mkdf-ig-image\">\n\t\t\t\t\t\t\t\t\t<a itemprop=\"image\" class=\"mkdf-ig-lightbox mkdf-block-drag-link\" href=\"https:\/\/wellnesspatince.sk\/wp-content\/uploads\/2023\/02\/Wellness_Hotel_Patince_020-2.jpg\" data-rel=\"prettyPhoto[image_gallery_pretty_photo-104]\" title=\"Wellness_Hotel_Patince_020\">\n\t\t\t\t\t\t\t\t\t<img loading=\"lazy\" decoding=\"async\" width=\"1920\" height=\"1080\" src=\"https:\/\/wellnesspatince.sk\/wp-content\/uploads\/2023\/02\/Wellness_Hotel_Patince_020-2.jpg\" class=\"attachment-full size-full\" alt=\"\" srcset=\"https:\/\/wellnesspatince.sk\/wp-content\/uploads\/2023\/02\/Wellness_Hotel_Patince_020-2.jpg 1920w, https:\/\/wellnesspatince.sk\/wp-content\/uploads\/2023\/02\/Wellness_Hotel_Patince_020-2-300x169.jpg 300w, https:\/\/wellnesspatince.sk\/wp-content\/uploads\/2023\/02\/Wellness_Hotel_Patince_020-2-1024x576.jpg 1024w, https:\/\/wellnesspatince.sk\/wp-content\/uploads\/2023\/02\/Wellness_Hotel_Patince_020-2-768x432.jpg 768w, https:\/\/wellnesspatince.sk\/wp-content\/uploads\/2023\/02\/Wellness_Hotel_Patince_020-2-1536x864.jpg 1536w, https:\/\/wellnesspatince.sk\/wp-content\/uploads\/2023\/02\/Wellness_Hotel_Patince_020-2-1320x743.jpg 1320w, https:\/\/wellnesspatince.sk\/wp-content\/uploads\/2023\/02\/Wellness_Hotel_Patince_020-2-600x338.jpg 600w\" sizes=\"auto, (max-width: 1920px) 100vw, 1920px\" \/>\t\t\t\t\t\t\t\t\t<\/a>\n\t\t\t\t\t\t\t<\/div>\n\t\t\t\t\t<div class=\"mkdf-ig-image\">\n\t\t\t\t\t\t\t\t\t<a itemprop=\"image\" class=\"mkdf-ig-lightbox mkdf-block-drag-link\" href=\"https:\/\/wellnesspatince.sk\/wp-content\/uploads\/2023\/02\/Wellness_Hotel_Patince_hotel_1920x1080_72.jpg\" data-rel=\"prettyPhoto[image_gallery_pretty_photo-104]\" title=\"Wellness_Hotel_Patince_hotel_1920x1080_72\">\n\t\t\t\t\t\t\t\t\t<img loading=\"lazy\" decoding=\"async\" width=\"1920\" height=\"1080\" src=\"https:\/\/wellnesspatince.sk\/wp-content\/uploads\/2023\/02\/Wellness_Hotel_Patince_hotel_1920x1080_72.jpg\" class=\"attachment-full size-full\" alt=\"\" srcset=\"https:\/\/wellnesspatince.sk\/wp-content\/uploads\/2023\/02\/Wellness_Hotel_Patince_hotel_1920x1080_72.jpg 1920w, https:\/\/wellnesspatince.sk\/wp-content\/uploads\/2023\/02\/Wellness_Hotel_Patince_hotel_1920x1080_72-300x169.jpg 300w, https:\/\/wellnesspatince.sk\/wp-content\/uploads\/2023\/02\/Wellness_Hotel_Patince_hotel_1920x1080_72-1024x576.jpg 1024w, https:\/\/wellnesspatince.sk\/wp-content\/uploads\/2023\/02\/Wellness_Hotel_Patince_hotel_1920x1080_72-768x432.jpg 768w, https:\/\/wellnesspatince.sk\/wp-content\/uploads\/2023\/02\/Wellness_Hotel_Patince_hotel_1920x1080_72-1536x864.jpg 1536w, https:\/\/wellnesspatince.sk\/wp-content\/uploads\/2023\/02\/Wellness_Hotel_Patince_hotel_1920x1080_72-1320x743.jpg 1320w, https:\/\/wellnesspatince.sk\/wp-content\/uploads\/2023\/02\/Wellness_Hotel_Patince_hotel_1920x1080_72-600x338.jpg 600w\" sizes=\"auto, (max-width: 1920px) 100vw, 1920px\" \/>\t\t\t\t\t\t\t\t\t<\/a>\n\t\t\t\t\t\t\t<\/div>\n\t\t\t\t\t<div class=\"mkdf-ig-image\">\n\t\t\t\t\t\t\t\t\t<a itemprop=\"image\" class=\"mkdf-ig-lightbox mkdf-block-drag-link\" href=\"https:\/\/wellnesspatince.sk\/wp-content\/uploads\/2023\/02\/Wellness_Hotel_Patince_hotel_1920x1080_79-1.jpg\" data-rel=\"prettyPhoto[image_gallery_pretty_photo-104]\" title=\"Wellness_Hotel_Patince_hotel_1920x1080_79\">\n\t\t\t\t\t\t\t\t\t<img loading=\"lazy\" decoding=\"async\" width=\"1920\" height=\"1080\" src=\"https:\/\/wellnesspatince.sk\/wp-content\/uploads\/2023\/02\/Wellness_Hotel_Patince_hotel_1920x1080_79-1.jpg\" class=\"attachment-full size-full\" alt=\"\" srcset=\"https:\/\/wellnesspatince.sk\/wp-content\/uploads\/2023\/02\/Wellness_Hotel_Patince_hotel_1920x1080_79-1.jpg 1920w, https:\/\/wellnesspatince.sk\/wp-content\/uploads\/2023\/02\/Wellness_Hotel_Patince_hotel_1920x1080_79-1-300x169.jpg 300w, https:\/\/wellnesspatince.sk\/wp-content\/uploads\/2023\/02\/Wellness_Hotel_Patince_hotel_1920x1080_79-1-1024x576.jpg 1024w, https:\/\/wellnesspatince.sk\/wp-content\/uploads\/2023\/02\/Wellness_Hotel_Patince_hotel_1920x1080_79-1-768x432.jpg 768w, https:\/\/wellnesspatince.sk\/wp-content\/uploads\/2023\/02\/Wellness_Hotel_Patince_hotel_1920x1080_79-1-1536x864.jpg 1536w, https:\/\/wellnesspatince.sk\/wp-content\/uploads\/2023\/02\/Wellness_Hotel_Patince_hotel_1920x1080_79-1-1320x743.jpg 1320w, https:\/\/wellnesspatince.sk\/wp-content\/uploads\/2023\/02\/Wellness_Hotel_Patince_hotel_1920x1080_79-1-600x338.jpg 600w\" sizes=\"auto, (max-width: 1920px) 100vw, 1920px\" \/>\t\t\t\t\t\t\t\t\t<\/a>\n\t\t\t\t\t\t\t<\/div>\n\t\t\t\t\t<div class=\"mkdf-ig-image\">\n\t\t\t\t\t\t\t\t\t<a itemprop=\"image\" class=\"mkdf-ig-lightbox mkdf-block-drag-link\" href=\"https:\/\/wellnesspatince.sk\/wp-content\/uploads\/2023\/02\/Wellness_Hotel_Patince_hotel_1920x1080_81.jpg\" data-rel=\"prettyPhoto[image_gallery_pretty_photo-104]\" title=\"Wellness_Hotel_Patince_hotel_1920x1080_81\">\n\t\t\t\t\t\t\t\t\t<img loading=\"lazy\" decoding=\"async\" width=\"1920\" height=\"1080\" src=\"https:\/\/wellnesspatince.sk\/wp-content\/uploads\/2023\/02\/Wellness_Hotel_Patince_hotel_1920x1080_81.jpg\" class=\"attachment-full size-full\" alt=\"\" srcset=\"https:\/\/wellnesspatince.sk\/wp-content\/uploads\/2023\/02\/Wellness_Hotel_Patince_hotel_1920x1080_81.jpg 1920w, https:\/\/wellnesspatince.sk\/wp-content\/uploads\/2023\/02\/Wellness_Hotel_Patince_hotel_1920x1080_81-300x169.jpg 300w, https:\/\/wellnesspatince.sk\/wp-content\/uploads\/2023\/02\/Wellness_Hotel_Patince_hotel_1920x1080_81-1024x576.jpg 1024w, https:\/\/wellnesspatince.sk\/wp-content\/uploads\/2023\/02\/Wellness_Hotel_Patince_hotel_1920x1080_81-768x432.jpg 768w, https:\/\/wellnesspatince.sk\/wp-content\/uploads\/2023\/02\/Wellness_Hotel_Patince_hotel_1920x1080_81-1536x864.jpg 1536w, https:\/\/wellnesspatince.sk\/wp-content\/uploads\/2023\/02\/Wellness_Hotel_Patince_hotel_1920x1080_81-1320x743.jpg 1320w, https:\/\/wellnesspatince.sk\/wp-content\/uploads\/2023\/02\/Wellness_Hotel_Patince_hotel_1920x1080_81-600x338.jpg 600w\" sizes=\"auto, (max-width: 1920px) 100vw, 1920px\" \/>\t\t\t\t\t\t\t\t\t<\/a>\n\t\t\t\t\t\t\t<\/div>\n\t\t\t\t\t<div class=\"mkdf-ig-image\">\n\t\t\t\t\t\t\t\t\t<a itemprop=\"image\" class=\"mkdf-ig-lightbox mkdf-block-drag-link\" href=\"https:\/\/wellnesspatince.sk\/wp-content\/uploads\/2023\/02\/Wellness_Hotel_Patince_hotel_1920x1080_82-1.jpg\" data-rel=\"prettyPhoto[image_gallery_pretty_photo-104]\" title=\"Wellness_Hotel_Patince_hotel_1920x1080_82\">\n\t\t\t\t\t\t\t\t\t<img loading=\"lazy\" decoding=\"async\" width=\"1920\" height=\"1080\" src=\"https:\/\/wellnesspatince.sk\/wp-content\/uploads\/2023\/02\/Wellness_Hotel_Patince_hotel_1920x1080_82-1.jpg\" class=\"attachment-full size-full\" alt=\"\" srcset=\"https:\/\/wellnesspatince.sk\/wp-content\/uploads\/2023\/02\/Wellness_Hotel_Patince_hotel_1920x1080_82-1.jpg 1920w, https:\/\/wellnesspatince.sk\/wp-content\/uploads\/2023\/02\/Wellness_Hotel_Patince_hotel_1920x1080_82-1-300x169.jpg 300w, https:\/\/wellnesspatince.sk\/wp-content\/uploads\/2023\/02\/Wellness_Hotel_Patince_hotel_1920x1080_82-1-1024x576.jpg 1024w, https:\/\/wellnesspatince.sk\/wp-content\/uploads\/2023\/02\/Wellness_Hotel_Patince_hotel_1920x1080_82-1-768x432.jpg 768w, https:\/\/wellnesspatince.sk\/wp-content\/uploads\/2023\/02\/Wellness_Hotel_Patince_hotel_1920x1080_82-1-1536x864.jpg 1536w, https:\/\/wellnesspatince.sk\/wp-content\/uploads\/2023\/02\/Wellness_Hotel_Patince_hotel_1920x1080_82-1-1320x743.jpg 1320w, https:\/\/wellnesspatince.sk\/wp-content\/uploads\/2023\/02\/Wellness_Hotel_Patince_hotel_1920x1080_82-1-600x338.jpg 600w\" sizes=\"auto, (max-width: 1920px) 100vw, 1920px\" \/>\t\t\t\t\t\t\t\t\t<\/a>\n\t\t\t\t\t\t\t<\/div>\n\t\t\t\t\t<div class=\"mkdf-ig-image\">\n\t\t\t\t\t\t\t\t\t<a itemprop=\"image\" class=\"mkdf-ig-lightbox mkdf-block-drag-link\" href=\"https:\/\/wellnesspatince.sk\/wp-content\/uploads\/2023\/02\/Wellness_Hotel_Patince_hotel_1920x1080_76.jpg\" data-rel=\"prettyPhoto[image_gallery_pretty_photo-104]\" title=\"Wellness_Hotel_Patince_hotel_1920x1080_76\">\n\t\t\t\t\t\t\t\t\t<img loading=\"lazy\" decoding=\"async\" width=\"1920\" height=\"1080\" src=\"https:\/\/wellnesspatince.sk\/wp-content\/uploads\/2023\/02\/Wellness_Hotel_Patince_hotel_1920x1080_76.jpg\" class=\"attachment-full size-full\" alt=\"\" srcset=\"https:\/\/wellnesspatince.sk\/wp-content\/uploads\/2023\/02\/Wellness_Hotel_Patince_hotel_1920x1080_76.jpg 1920w, https:\/\/wellnesspatince.sk\/wp-content\/uploads\/2023\/02\/Wellness_Hotel_Patince_hotel_1920x1080_76-300x169.jpg 300w, https:\/\/wellnesspatince.sk\/wp-content\/uploads\/2023\/02\/Wellness_Hotel_Patince_hotel_1920x1080_76-1024x576.jpg 1024w, https:\/\/wellnesspatince.sk\/wp-content\/uploads\/2023\/02\/Wellness_Hotel_Patince_hotel_1920x1080_76-768x432.jpg 768w, https:\/\/wellnesspatince.sk\/wp-content\/uploads\/2023\/02\/Wellness_Hotel_Patince_hotel_1920x1080_76-1536x864.jpg 1536w, https:\/\/wellnesspatince.sk\/wp-content\/uploads\/2023\/02\/Wellness_Hotel_Patince_hotel_1920x1080_76-1320x743.jpg 1320w, https:\/\/wellnesspatince.sk\/wp-content\/uploads\/2023\/02\/Wellness_Hotel_Patince_hotel_1920x1080_76-600x338.jpg 600w\" sizes=\"auto, (max-width: 1920px) 100vw, 1920px\" \/>\t\t\t\t\t\t\t\t\t<\/a>\n\t\t\t\t\t\t\t<\/div>\n\t\t\t\t\t<div class=\"mkdf-ig-image\">\n\t\t\t\t\t\t\t\t\t<a itemprop=\"image\" class=\"mkdf-ig-lightbox mkdf-block-drag-link\" href=\"https:\/\/wellnesspatince.sk\/wp-content\/uploads\/2023\/02\/Wellness_Hotel_Patince_023-1.jpg\" data-rel=\"prettyPhoto[image_gallery_pretty_photo-104]\" title=\"Wellness_Hotel_Patince_023\">\n\t\t\t\t\t\t\t\t\t<img loading=\"lazy\" decoding=\"async\" width=\"1920\" height=\"1080\" src=\"https:\/\/wellnesspatince.sk\/wp-content\/uploads\/2023\/02\/Wellness_Hotel_Patince_023-1.jpg\" class=\"attachment-full size-full\" alt=\"\" srcset=\"https:\/\/wellnesspatince.sk\/wp-content\/uploads\/2023\/02\/Wellness_Hotel_Patince_023-1.jpg 1920w, https:\/\/wellnesspatince.sk\/wp-content\/uploads\/2023\/02\/Wellness_Hotel_Patince_023-1-300x169.jpg 300w, https:\/\/wellnesspatince.sk\/wp-content\/uploads\/2023\/02\/Wellness_Hotel_Patince_023-1-1024x576.jpg 1024w, https:\/\/wellnesspatince.sk\/wp-content\/uploads\/2023\/02\/Wellness_Hotel_Patince_023-1-768x432.jpg 768w, https:\/\/wellnesspatince.sk\/wp-content\/uploads\/2023\/02\/Wellness_Hotel_Patince_023-1-1536x864.jpg 1536w, https:\/\/wellnesspatince.sk\/wp-content\/uploads\/2023\/02\/Wellness_Hotel_Patince_023-1-1320x743.jpg 1320w, https:\/\/wellnesspatince.sk\/wp-content\/uploads\/2023\/02\/Wellness_Hotel_Patince_023-1-600x338.jpg 600w\" sizes=\"auto, (max-width: 1920px) 100vw, 1920px\" \/>\t\t\t\t\t\t\t\t\t<\/a>\n\t\t\t\t\t\t\t<\/div>\n\t\t\t\t\t<div class=\"mkdf-ig-image\">\n\t\t\t\t\t\t\t\t\t<a itemprop=\"image\" class=\"mkdf-ig-lightbox mkdf-block-drag-link\" href=\"https:\/\/wellnesspatince.sk\/wp-content\/uploads\/2023\/02\/Wellness_Hotel_Patince_026-1.jpg\" data-rel=\"prettyPhoto[image_gallery_pretty_photo-104]\" title=\"Wellness_Hotel_Patince_026\">\n\t\t\t\t\t\t\t\t\t<img loading=\"lazy\" decoding=\"async\" width=\"1920\" height=\"1080\" src=\"https:\/\/wellnesspatince.sk\/wp-content\/uploads\/2023\/02\/Wellness_Hotel_Patince_026-1.jpg\" class=\"attachment-full size-full\" alt=\"\" srcset=\"https:\/\/wellnesspatince.sk\/wp-content\/uploads\/2023\/02\/Wellness_Hotel_Patince_026-1.jpg 1920w, https:\/\/wellnesspatince.sk\/wp-content\/uploads\/2023\/02\/Wellness_Hotel_Patince_026-1-300x169.jpg 300w, https:\/\/wellnesspatince.sk\/wp-content\/uploads\/2023\/02\/Wellness_Hotel_Patince_026-1-1024x576.jpg 1024w, https:\/\/wellnesspatince.sk\/wp-content\/uploads\/2023\/02\/Wellness_Hotel_Patince_026-1-768x432.jpg 768w, https:\/\/wellnesspatince.sk\/wp-content\/uploads\/2023\/02\/Wellness_Hotel_Patince_026-1-1536x864.jpg 1536w, https:\/\/wellnesspatince.sk\/wp-content\/uploads\/2023\/02\/Wellness_Hotel_Patince_026-1-1320x743.jpg 1320w, https:\/\/wellnesspatince.sk\/wp-content\/uploads\/2023\/02\/Wellness_Hotel_Patince_026-1-600x338.jpg 600w\" sizes=\"auto, (max-width: 1920px) 100vw, 1920px\" \/>\t\t\t\t\t\t\t\t\t<\/a>\n\t\t\t\t\t\t\t<\/div>\n\t\t\t<\/div>\n<\/div>[\/vc_column][\/vc_row]<\/p>\n","protected":false},"excerpt":{"rendered":"<p>[vc_row css=&#8221;.vc_custom_1514288437790{padding-top: 50px !important;padding-bottom: 50px !important;}&#8221;][vc_column][vc_empty_space][\/vc_column][\/vc_row][vc_row equal_height=&#8221;yes&#8221; css=&#8221;.vc_custom_1493379978370{background-color: #fbf9f9 !important;}&#8221;][vc_column css=&#8221;.vc_custom_1677229317050{padding-top: 28% !important;padding-bottom: 28% !important;background-image: url(https:\/\/wellnesspatince.sk\/wp-content\/uploads\/2023\/02\/Wellness_Hotel_Patince_020-2.jpg?id=20312) !important;background-position: center !important;background-repeat: no-repeat !important;background-size: cover !important;}&#8221; offset=&#8221;vc_col-lg-offset-0 vc_col-lg-6 vc_col-md-12 vc_col-sm-offset-0&#8243;][\/vc_column][vc_column offset=&#8221;vc_col-lg-offset-0 vc_col-lg-6 vc_col-md-12 vc_col-sm-offset-0&#8243;][\/vc_column][\/vc_row][vc_row row_content_width=&#8221;grid&#8221; content_text_aligment=&#8221;center&#8221; css=&#8221;.vc_custom_1493383119559{padding-top: 120px !important;padding-bottom: 85px !important;}&#8221;][vc_column width=&#8221;1\/2&#8243; offset=&#8221;vc_col-lg-3 [&hellip;]<\/p>\n","protected":false},"author":2,"featured_media":0,"parent":0,"menu_order":0,"comment_status":"closed","ping_status":"closed","template":"full-width.php","meta":{"inline_featured_image":false,"footnotes":"","_wp_rev_ctl_limit":""},"class_list":["post-21141","page","type-page","status-publish","hentry"],"_links":{"self":[{"href":"https:\/\/wellnesspatince.sk\/hu\/wp-json\/wp\/v2\/pages\/21141","targetHints":{"allow":["GET"]}}],"collection":[{"href":"https:\/\/wellnesspatince.sk\/hu\/wp-json\/wp\/v2\/pages"}],"about":[{"href":"https:\/\/wellnesspatince.sk\/hu\/wp-json\/wp\/v2\/types\/page"}],"author":[{"embeddable":true,"href":"https:\/\/wellnesspatince.sk\/hu\/wp-json\/wp\/v2\/users\/2"}],"replies":[{"embeddable":true,"href":"https:\/\/wellnesspatince.sk\/hu\/wp-json\/wp\/v2\/comments?post=21141"}],"version-history":[{"count":7,"href":"https:\/\/wellnesspatince.sk\/hu\/wp-json\/wp\/v2\/pages\/21141\/revisions"}],"predecessor-version":[{"id":25032,"href":"https:\/\/wellnesspatince.sk\/hu\/wp-json\/wp\/v2\/pages\/21141\/revisions\/25032"}],"wp:attachment":[{"href":"https:\/\/wellnesspatince.sk\/hu\/wp-json\/wp\/v2\/media?parent=21141"}],"curies":[{"name":"wp","href":"https:\/\/api.w.org\/{rel}","templated":true}]}}