{"id":21122,"date":"2021-02-16T14:29:09","date_gmt":"2021-02-16T13:29:09","guid":{"rendered":"https:\/\/wellnesspatince.sk\/gastronomia\/"},"modified":"2023-10-01T19:58:03","modified_gmt":"2023-10-01T17:58:03","slug":"gastronomia","status":"publish","type":"page","link":"https:\/\/wellnesspatince.sk\/hu\/gastronomia\/","title":{"rendered":"Gasztron\u00f3mia"},"content":{"rendered":"<p>[vc_row css=&#8221;.vc_custom_1494232319573{padding-bottom: 70px !important;}&#8221;][vc_column]<div class=\"mkdf-elements-holder   mkdf-two-columns  mkdf-responsive-mode-680 \" ><div class=\"mkdf-eh-item    \" style=\"background-color: rgba(197,157,95,0.34)\" data-item-class=\"mkdf-eh-custom-3603\">\n\t<div class=\"mkdf-eh-item-inner\">\n\t\t<div class=\"mkdf-eh-item-content mkdf-eh-custom-3603\" style=\"padding: 30px 16% 50px\">\n\t\t\t<div class=\"mkdf-image-with-text-holder   mkdf-image-behavior-zoom\">\n    <div class=\"mkdf-iwt-image\">\n                                    <img loading=\"lazy\" decoding=\"async\" width=\"1920\" height=\"1080\" src=\"https:\/\/wellnesspatince.sk\/wp-content\/uploads\/2023\/02\/Wellness_Hotel_Patince_hotel_1920x1080_68.jpg\" class=\"attachment-full size-full\" alt=\"\" srcset=\"https:\/\/wellnesspatince.sk\/wp-content\/uploads\/2023\/02\/Wellness_Hotel_Patince_hotel_1920x1080_68.jpg 1920w, https:\/\/wellnesspatince.sk\/wp-content\/uploads\/2023\/02\/Wellness_Hotel_Patince_hotel_1920x1080_68-300x169.jpg 300w, https:\/\/wellnesspatince.sk\/wp-content\/uploads\/2023\/02\/Wellness_Hotel_Patince_hotel_1920x1080_68-1024x576.jpg 1024w, https:\/\/wellnesspatince.sk\/wp-content\/uploads\/2023\/02\/Wellness_Hotel_Patince_hotel_1920x1080_68-768x432.jpg 768w, https:\/\/wellnesspatince.sk\/wp-content\/uploads\/2023\/02\/Wellness_Hotel_Patince_hotel_1920x1080_68-1536x864.jpg 1536w, https:\/\/wellnesspatince.sk\/wp-content\/uploads\/2023\/02\/Wellness_Hotel_Patince_hotel_1920x1080_68-1320x743.jpg 1320w, https:\/\/wellnesspatince.sk\/wp-content\/uploads\/2023\/02\/Wellness_Hotel_Patince_hotel_1920x1080_68-600x338.jpg 600w\" sizes=\"auto, (max-width: 1920px) 100vw, 1920px\" \/>                        <\/div>\n    <div class=\"mkdf-iwt-text-holder\">\n        \n                    <h5 class=\"mkdf-iwt-title\" >\u00c9TTEREM<\/h5>\n        \n        \n\t\t            <p class=\"mkdf-iwt-text\" >\u00cdzlel\u0151bimb\u00f3i megtal\u00e1lj\u00e1k a sz\u00e1m\u00edt\u00e1sukat a hotel 80 szem\u00e9ly sz\u00e1m\u00e1ra alkalmas st\u00edlusos \u00e9tterm\u00e9ben.<\/p>\n            <\/div>\n<\/div>[vc_empty_space height=&#8221;20px&#8221;]<a itemprop=\"url\" href=\"https:\/\/wellnesspatince.sk\/hu\/etterem\/\" target=\"_blank\" style=\"color: #ffffff;border-color: #000000\" class=\"mkdf-btn mkdf-btn-medium mkdf-btn-solid mkdf-btn-custom-hover-bg mkdf-btn-custom-border-hover mkdf-btn-custom-hover-color mkdf-btn-icon\" data-hover-color=\"#ffffff\" data-hover-bg-color=\"#04adaa\" data-hover-border-color=\"#04adaa\" >\n    <span class=\"mkdf-btn-text\">Olvass t\u00f6bbet<\/span>\n    <i class=\"mkdf-icon-linear-icon lnr lnr-arrow-right \" ><\/i><\/a>\t\t<\/div>\n\t<\/div>\n<\/div><div class=\"mkdf-eh-item    \" style=\"background-color: rgba(197,157,95,0.18)\" data-item-class=\"mkdf-eh-custom-7929\">\n\t<div class=\"mkdf-eh-item-inner\">\n\t\t<div class=\"mkdf-eh-item-content mkdf-eh-custom-7929\" style=\"padding: 30px 16% 50px\">\n\t\t\t<div class=\"mkdf-image-with-text-holder   mkdf-image-behavior-zoom\">\n    <div class=\"mkdf-iwt-image\">\n                                    <img loading=\"lazy\" decoding=\"async\" width=\"1920\" height=\"1080\" src=\"https:\/\/wellnesspatince.sk\/wp-content\/uploads\/2023\/10\/image00001-1.jpeg\" class=\"attachment-full size-full\" alt=\"\" srcset=\"https:\/\/wellnesspatince.sk\/wp-content\/uploads\/2023\/10\/image00001-1.jpeg 1920w, https:\/\/wellnesspatince.sk\/wp-content\/uploads\/2023\/10\/image00001-1-300x169.jpeg 300w, https:\/\/wellnesspatince.sk\/wp-content\/uploads\/2023\/10\/image00001-1-1024x576.jpeg 1024w, https:\/\/wellnesspatince.sk\/wp-content\/uploads\/2023\/10\/image00001-1-768x432.jpeg 768w, https:\/\/wellnesspatince.sk\/wp-content\/uploads\/2023\/10\/image00001-1-1536x864.jpeg 1536w, https:\/\/wellnesspatince.sk\/wp-content\/uploads\/2023\/10\/image00001-1-1320x743.jpeg 1320w, https:\/\/wellnesspatince.sk\/wp-content\/uploads\/2023\/10\/image00001-1-600x338.jpeg 600w\" sizes=\"auto, (max-width: 1920px) 100vw, 1920px\" \/>                        <\/div>\n    <div class=\"mkdf-iwt-text-holder\">\n        \n                    <h5 class=\"mkdf-iwt-title\" >PANORAMA RESTAURANT &amp; BAR<\/h5>\n        \n        \n\t\t            <p class=\"mkdf-iwt-text\" >A Thermal Parkban tal\u00e1lhat\u00f3 \u00e9tterm\u00fcnk egy olyan hely, ahol a modern konyha tal\u00e1lkozik a term\u00e1lmedenc\u00e9k l\u00e9legzetel\u00e1ll\u00edt\u00f3 kil\u00e1t\u00e1s\u00e1val.<\/p>\n            <\/div>\n<\/div>[vc_empty_space height=&#8221;20px&#8221;]<a itemprop=\"url\" href=\"https:\/\/wellnesspatince.sk\/hu\/panorama-restaurant-bar\/\" target=\"_blank\" style=\"color: #ffffff;background-color: #c59d5f;border-color: #c59d5f\" class=\"mkdf-btn mkdf-btn-medium mkdf-btn-solid mkdf-btn-custom-hover-bg mkdf-btn-custom-border-hover mkdf-btn-custom-hover-color mkdf-btn-icon\" data-hover-color=\"#ffffff\" data-hover-bg-color=\"#333132\" data-hover-border-color=\"#333132\" >\n    <span class=\"mkdf-btn-text\">Olvass t\u00f6bbet<\/span>\n    <i class=\"mkdf-icon-linear-icon lnr lnr-arrow-right \" ><\/i><\/a>\t\t<\/div>\n\t<\/div>\n<\/div><\/div><div class=\"mkdf-elements-holder   mkdf-two-columns  mkdf-responsive-mode-680 \" ><div class=\"mkdf-eh-item    \" style=\"background-color: rgba(197,157,95,0.18)\" data-item-class=\"mkdf-eh-custom-7384\">\n\t<div class=\"mkdf-eh-item-inner\">\n\t\t<div class=\"mkdf-eh-item-content mkdf-eh-custom-7384\" style=\"padding: 30px 16% 50px\">\n\t\t\t<div class=\"mkdf-image-with-text-holder   mkdf-image-behavior-zoom\">\n    <div class=\"mkdf-iwt-image\">\n                                    <img loading=\"lazy\" decoding=\"async\" width=\"1920\" height=\"1080\" src=\"https:\/\/wellnesspatince.sk\/wp-content\/uploads\/2023\/02\/Wellness_Hotel_Patince_hotel_1920x1080_88.jpg\" class=\"attachment-full size-full\" alt=\"\" srcset=\"https:\/\/wellnesspatince.sk\/wp-content\/uploads\/2023\/02\/Wellness_Hotel_Patince_hotel_1920x1080_88.jpg 1920w, https:\/\/wellnesspatince.sk\/wp-content\/uploads\/2023\/02\/Wellness_Hotel_Patince_hotel_1920x1080_88-300x169.jpg 300w, https:\/\/wellnesspatince.sk\/wp-content\/uploads\/2023\/02\/Wellness_Hotel_Patince_hotel_1920x1080_88-1024x576.jpg 1024w, https:\/\/wellnesspatince.sk\/wp-content\/uploads\/2023\/02\/Wellness_Hotel_Patince_hotel_1920x1080_88-768x432.jpg 768w, https:\/\/wellnesspatince.sk\/wp-content\/uploads\/2023\/02\/Wellness_Hotel_Patince_hotel_1920x1080_88-1536x864.jpg 1536w, https:\/\/wellnesspatince.sk\/wp-content\/uploads\/2023\/02\/Wellness_Hotel_Patince_hotel_1920x1080_88-1320x743.jpg 1320w, https:\/\/wellnesspatince.sk\/wp-content\/uploads\/2023\/02\/Wellness_Hotel_Patince_hotel_1920x1080_88-600x338.jpg 600w\" sizes=\"auto, (max-width: 1920px) 100vw, 1920px\" \/>                        <\/div>\n    <div class=\"mkdf-iwt-text-holder\">\n        \n                    <h5 class=\"mkdf-iwt-title\" >LOBBY BAR<\/h5>\n        \n        \n\t\t            <p class=\"mkdf-iwt-text\" >\u00d6n is sz\u00edvesen kezdi a napot vagy pihen egyet nap k\u00f6zben egy cs\u00e9sze j\u00f3 k\u00e1v\u00e9 mellett? A Lobby b\u00e1rban, a recepci\u00f3 mellett megteheti.<\/p>\n            <\/div>\n<\/div>[vc_empty_space height=&#8221;20px&#8221;]<a itemprop=\"url\" href=\"https:\/\/wellnesspatince.sk\/hu\/lobby_bar\/\" target=\"_blank\" style=\"color: #ffffff;background-color: #c59d5f;border-color: #c59d5f\" class=\"mkdf-btn mkdf-btn-medium mkdf-btn-solid mkdf-btn-custom-hover-bg mkdf-btn-custom-border-hover mkdf-btn-custom-hover-color mkdf-btn-icon\" data-hover-color=\"#ffffff\" data-hover-bg-color=\"#333132\" data-hover-border-color=\"#333132\" >\n    <span class=\"mkdf-btn-text\">Olvass t\u00f6bbet<\/span>\n    <i class=\"mkdf-icon-linear-icon lnr lnr-arrow-right \" ><\/i><\/a>\t\t<\/div>\n\t<\/div>\n<\/div><div class=\"mkdf-eh-item    \" style=\"background-color: rgba(197,157,95,0.34)\" data-item-class=\"mkdf-eh-custom-7813\">\n\t<div class=\"mkdf-eh-item-inner\">\n\t\t<div class=\"mkdf-eh-item-content mkdf-eh-custom-7813\" style=\"padding: 30px 16% 50px\">\n\t\t\t<div class=\"mkdf-image-with-text-holder   mkdf-image-behavior-zoom\">\n    <div class=\"mkdf-iwt-image\">\n                                    <img loading=\"lazy\" decoding=\"async\" width=\"1920\" height=\"1080\" src=\"https:\/\/wellnesspatince.sk\/wp-content\/uploads\/2023\/02\/Wellness_Hotel_Patince_hotel_1920x1080_68.jpg\" class=\"attachment-full size-full\" alt=\"\" srcset=\"https:\/\/wellnesspatince.sk\/wp-content\/uploads\/2023\/02\/Wellness_Hotel_Patince_hotel_1920x1080_68.jpg 1920w, https:\/\/wellnesspatince.sk\/wp-content\/uploads\/2023\/02\/Wellness_Hotel_Patince_hotel_1920x1080_68-300x169.jpg 300w, https:\/\/wellnesspatince.sk\/wp-content\/uploads\/2023\/02\/Wellness_Hotel_Patince_hotel_1920x1080_68-1024x576.jpg 1024w, https:\/\/wellnesspatince.sk\/wp-content\/uploads\/2023\/02\/Wellness_Hotel_Patince_hotel_1920x1080_68-768x432.jpg 768w, https:\/\/wellnesspatince.sk\/wp-content\/uploads\/2023\/02\/Wellness_Hotel_Patince_hotel_1920x1080_68-1536x864.jpg 1536w, https:\/\/wellnesspatince.sk\/wp-content\/uploads\/2023\/02\/Wellness_Hotel_Patince_hotel_1920x1080_68-1320x743.jpg 1320w, https:\/\/wellnesspatince.sk\/wp-content\/uploads\/2023\/02\/Wellness_Hotel_Patince_hotel_1920x1080_68-600x338.jpg 600w\" sizes=\"auto, (max-width: 1920px) 100vw, 1920px\" \/>                        <\/div>\n    <div class=\"mkdf-iwt-text-holder\">\n        \n                    <h5 class=\"mkdf-iwt-title\" >\u00c9TTEREM<\/h5>\n        \n        \n\t\t            <p class=\"mkdf-iwt-text\" >\u00cdzlel\u0151bimb\u00f3i megtal\u00e1lj\u00e1k a sz\u00e1m\u00edt\u00e1sukat a hotel 80 szem\u00e9ly sz\u00e1m\u00e1ra alkalmas st\u00edlusos \u00e9tterm\u00e9ben.<\/p>\n            <\/div>\n<\/div>[vc_empty_space height=&#8221;20px&#8221;]<a itemprop=\"url\" href=\"https:\/\/wellnesspatince.sk\/hu\/etterem\/\" target=\"_blank\" style=\"color: #ffffff;border-color: #000000\" class=\"mkdf-btn mkdf-btn-medium mkdf-btn-solid mkdf-btn-custom-hover-bg mkdf-btn-custom-border-hover mkdf-btn-custom-hover-color mkdf-btn-icon\" data-hover-color=\"#ffffff\" data-hover-bg-color=\"#04adaa\" data-hover-border-color=\"#04adaa\" >\n    <span class=\"mkdf-btn-text\">Olvass t\u00f6bbet<\/span>\n    <i class=\"mkdf-icon-linear-icon lnr lnr-arrow-right \" ><\/i><\/a>\t\t<\/div>\n\t<\/div>\n<\/div><\/div><div class=\"mkdf-elements-holder  mkdf-eh-full-height mkdf-two-columns  mkdf-responsive-mode-680 \" ><div class=\"mkdf-eh-item    \" style=\"background-color: rgba(197,157,95,0.34)\" data-item-class=\"mkdf-eh-custom-6070\">\n\t<div class=\"mkdf-eh-item-inner\">\n\t\t<div class=\"mkdf-eh-item-content mkdf-eh-custom-6070\" style=\"padding: 30px 16% 50px\">\n\t\t\t<div class=\"mkdf-image-with-text-holder   mkdf-image-behavior-zoom\">\n    <div class=\"mkdf-iwt-image\">\n                                    <img loading=\"lazy\" decoding=\"async\" width=\"1920\" height=\"1080\" src=\"https:\/\/wellnesspatince.sk\/wp-content\/uploads\/2023\/02\/Wellness_Hotel_Patince_040.jpg\" class=\"attachment-full size-full\" alt=\"\" srcset=\"https:\/\/wellnesspatince.sk\/wp-content\/uploads\/2023\/02\/Wellness_Hotel_Patince_040.jpg 1920w, https:\/\/wellnesspatince.sk\/wp-content\/uploads\/2023\/02\/Wellness_Hotel_Patince_040-300x169.jpg 300w, https:\/\/wellnesspatince.sk\/wp-content\/uploads\/2023\/02\/Wellness_Hotel_Patince_040-1024x576.jpg 1024w, https:\/\/wellnesspatince.sk\/wp-content\/uploads\/2023\/02\/Wellness_Hotel_Patince_040-768x432.jpg 768w, https:\/\/wellnesspatince.sk\/wp-content\/uploads\/2023\/02\/Wellness_Hotel_Patince_040-1536x864.jpg 1536w, https:\/\/wellnesspatince.sk\/wp-content\/uploads\/2023\/02\/Wellness_Hotel_Patince_040-1320x743.jpg 1320w, https:\/\/wellnesspatince.sk\/wp-content\/uploads\/2023\/02\/Wellness_Hotel_Patince_040-600x338.jpg 600w\" sizes=\"auto, (max-width: 1920px) 100vw, 1920px\" \/>                        <\/div>\n    <div class=\"mkdf-iwt-text-holder\">\n        \n                    <h5 class=\"mkdf-iwt-title\" >POOL BAR<\/h5>\n        \n        \n\t\t            <p class=\"mkdf-iwt-text\" >Kevert italok, alkoholos \u00e9s alkoholmentes italok, meleg italok \u2013 mindezeket k\u00f6zvetlen\u00fcl a medenc\u00e9ben is \u00e9lvezheti.<\/p>\n            <\/div>\n<\/div>[vc_empty_space height=&#8221;20px&#8221;]<a itemprop=\"url\" href=\"https:\/\/wellnesspatince.sk\/hu\/pool_bar\/\" target=\"_blank\" style=\"color: #ffffff;border-color: #000000\" class=\"mkdf-btn mkdf-btn-medium mkdf-btn-solid mkdf-btn-custom-hover-bg mkdf-btn-custom-border-hover mkdf-btn-custom-hover-color mkdf-btn-icon\" data-hover-color=\"#ffffff\" data-hover-bg-color=\"#04adaa\" data-hover-border-color=\"#04adaa\" >\n    <span class=\"mkdf-btn-text\">Olvass t\u00f6bbet<\/span>\n    <i class=\"mkdf-icon-linear-icon lnr lnr-arrow-right \" ><\/i><\/a>\t\t<\/div>\n\t<\/div>\n<\/div><div class=\"mkdf-eh-item    \" style=\"background-color: rgba(197,157,95,0.18)\" data-item-class=\"mkdf-eh-custom-8391\">\n\t<div class=\"mkdf-eh-item-inner\">\n\t\t<div class=\"mkdf-eh-item-content mkdf-eh-custom-8391\" style=\"padding: 30px 16% 50px\">\n\t\t\t<div class=\"mkdf-image-with-text-holder   mkdf-image-behavior-zoom\">\n    <div class=\"mkdf-iwt-image\">\n                                    <img loading=\"lazy\" decoding=\"async\" width=\"1920\" height=\"1080\" src=\"https:\/\/wellnesspatince.sk\/wp-content\/uploads\/2023\/10\/happy-couple-ordering-two-cocktails-beach-bar.jpg\" class=\"attachment-full size-full\" alt=\"\" srcset=\"https:\/\/wellnesspatince.sk\/wp-content\/uploads\/2023\/10\/happy-couple-ordering-two-cocktails-beach-bar.jpg 1920w, https:\/\/wellnesspatince.sk\/wp-content\/uploads\/2023\/10\/happy-couple-ordering-two-cocktails-beach-bar-300x169.jpg 300w, https:\/\/wellnesspatince.sk\/wp-content\/uploads\/2023\/10\/happy-couple-ordering-two-cocktails-beach-bar-1024x576.jpg 1024w, https:\/\/wellnesspatince.sk\/wp-content\/uploads\/2023\/10\/happy-couple-ordering-two-cocktails-beach-bar-768x432.jpg 768w, https:\/\/wellnesspatince.sk\/wp-content\/uploads\/2023\/10\/happy-couple-ordering-two-cocktails-beach-bar-1536x864.jpg 1536w, https:\/\/wellnesspatince.sk\/wp-content\/uploads\/2023\/10\/happy-couple-ordering-two-cocktails-beach-bar-1320x743.jpg 1320w, https:\/\/wellnesspatince.sk\/wp-content\/uploads\/2023\/10\/happy-couple-ordering-two-cocktails-beach-bar-600x338.jpg 600w\" sizes=\"auto, (max-width: 1920px) 100vw, 1920px\" \/>                        <\/div>\n    <div class=\"mkdf-iwt-text-holder\">\n        \n                    <h5 class=\"mkdf-iwt-title\" >GRILL BAR<\/h5>\n        \n        \n\t\t            <p class=\"mkdf-iwt-text\" >Grill b\u00e1runkban a ny\u00e1ri szezonban olyan finom grillk\u00fcl\u00f6nlegess\u00e9gekkel k\u00e9sz\u00fcl\u00fcnk, amelyek \u00edz\u00fckkel \u00e9s arom\u00e1jukkal rabul ejtik \u00d6nt. H\u00fas, hal, z\u00f6lds\u00e9g - gazdag v\u00e1laszt\u00e9kkal \u00e1llunk rendelkez\u00e9s\u00e9re, \u00edgy kiv\u00e1laszthatja, ami tetszik.<\/p>\n            <\/div>\n<\/div>[vc_empty_space height=&#8221;20px&#8221;]<a itemprop=\"url\" href=\"https:\/\/wellnesspatince.sk\/hu\/grill-bar\/\" target=\"_blank\" style=\"color: #ffffff;background-color: #c59d5f;border-color: #c59d5f\" class=\"mkdf-btn mkdf-btn-medium mkdf-btn-solid mkdf-btn-custom-hover-bg mkdf-btn-custom-border-hover mkdf-btn-custom-hover-color mkdf-btn-icon\" data-hover-color=\"#ffffff\" data-hover-bg-color=\"#333132\" data-hover-border-color=\"#333132\" >\n    <span class=\"mkdf-btn-text\">Olvass t\u00f6bbet<\/span>\n    <i class=\"mkdf-icon-linear-icon lnr lnr-arrow-right \" ><\/i><\/a>\t\t<\/div>\n\t<\/div>\n<\/div><\/div>[vc_empty_space height=&#8221;50px&#8221;][\/vc_column][\/vc_row][vc_row css=&#8221;.vc_custom_1494232319573{padding-bottom: 70px !important;}&#8221;][vc_column][vc_empty_space height=&#8221;50px&#8221;][\/vc_column][\/vc_row]<\/p>\n","protected":false},"excerpt":{"rendered":"<p>[vc_row css=&#8221;.vc_custom_1494232319573{padding-bottom: 70px !important;}&#8221;][vc_column][vc_empty_space height=&#8221;50px&#8221;][\/vc_column][\/vc_row][vc_row css=&#8221;.vc_custom_1494232319573{padding-bottom: 70px !important;}&#8221;][vc_column][vc_empty_space height=&#8221;50px&#8221;][\/vc_column][\/vc_row]<\/p>\n","protected":false},"author":8,"featured_media":0,"parent":0,"menu_order":0,"comment_status":"closed","ping_status":"closed","template":"","meta":{"inline_featured_image":false,"footnotes":"","_wp_rev_ctl_limit":""},"class_list":["post-21122","page","type-page","status-publish","hentry"],"_links":{"self":[{"href":"https:\/\/wellnesspatince.sk\/hu\/wp-json\/wp\/v2\/pages\/21122","targetHints":{"allow":["GET"]}}],"collection":[{"href":"https:\/\/wellnesspatince.sk\/hu\/wp-json\/wp\/v2\/pages"}],"about":[{"href":"https:\/\/wellnesspatince.sk\/hu\/wp-json\/wp\/v2\/types\/page"}],"author":[{"embeddable":true,"href":"https:\/\/wellnesspatince.sk\/hu\/wp-json\/wp\/v2\/users\/8"}],"replies":[{"embeddable":true,"href":"https:\/\/wellnesspatince.sk\/hu\/wp-json\/wp\/v2\/comments?post=21122"}],"version-history":[{"count":10,"href":"https:\/\/wellnesspatince.sk\/hu\/wp-json\/wp\/v2\/pages\/21122\/revisions"}],"predecessor-version":[{"id":22770,"href":"https:\/\/wellnesspatince.sk\/hu\/wp-json\/wp\/v2\/pages\/21122\/revisions\/22770"}],"wp:attachment":[{"href":"https:\/\/wellnesspatince.sk\/hu\/wp-json\/wp\/v2\/media?parent=21122"}],"curies":[{"name":"wp","href":"https:\/\/api.w.org\/{rel}","templated":true}]}}