{"id":21109,"date":"2023-01-30T05:39:15","date_gmt":"2023-01-30T04:39:15","guid":{"rendered":"https:\/\/wellnesspatince.sk\/ucinky-vody\/"},"modified":"2024-02-19T11:30:53","modified_gmt":"2024-02-19T10:30:53","slug":"a-viz-hatasa","status":"publish","type":"page","link":"https:\/\/wellnesspatince.sk\/hu\/a-viz-hatasa\/","title":{"rendered":"A v\u00edz hat\u00e1sa"},"content":{"rendered":"<p>[vc_row][vc_column][vc_column_text]A\u00a0term\u00e1lforr\u00e1sok felhaszn\u00e1l\u00e1s\u00e1nak Paton r\u00e9gi hagyom\u00e1nyai vannak. M\u00e1r a\u00a013. sz\u00e1zadb\u00f3l sz\u00e1rmaz\u00f3 dokumentumok \u00edrnak a\u00a0gy\u00f3gyhat\u00e1s\u00fa h\u0151forr\u00e1sokr\u00f3l \u00e9s a\u00a0r\u00f3mai id\u0151kb\u0151l sz\u00e1rmaz\u00f3 f\u00fcrd\u0151k l\u00e9tez\u00e9s\u00e9r\u0151l. Azokban a\u00a0k\u00e1dakban, amelyeket a\u00a0forr\u00e1s k\u00f6zel\u00e9ben Nedetzky gr\u00f3f \u00e9p\u00edttetett, sikeresen gy\u00f3gy\u00edtott\u00e1k a\u00a0v\u00e9gtagok betegs\u00e9geit.<\/p>\n<ol start=\"1953\">\n<li>okt\u00f3ber 10-\u00e9n Dr. Ondrej Stollmann javaslat\u00e1ra a\u00a0pati term\u00e1lforr\u00e1st \u00e9s k\u00f6rny\u00e9k\u00e9t v\u00e9dett \u00f6vezett\u00e9 nyilv\u00e1n\u00edtott\u00e1k. Az egyik furat a\u00a0term\u00e1lt\u00f3 mellett tal\u00e1lhat\u00f3. Ezt 1953-ban f\u00fart\u00e1k.<\/li>\n<li>Az \u00e1sv\u00e1nyv\u00edz tov\u00e1bbi forr\u00e1sa az eml\u00edtett t\u00f3t\u00f3l nem messze tal\u00e1lhat\u00f3. A furat 160 m m\u00e9ly, de csak 146 m m\u00e9lys\u00e9gig \u00e9p\u00edtett\u00e9k ki. A v\u00edz h\u0151m\u00e9rs\u00e9klete 26,9\u00b0C.<\/li>\n<\/ol>\n<p><strong>A\u00a0harmadik forr\u00e1s a\u00a0term\u00e1lt\u00f3 el\u0151tti r\u00e9ten bugyog fel, a\u00a0f\u00fcrd\u0151 ter\u00fclete fel\u00e9 es\u0151 ir\u00e1nyban.<\/strong>\u00a0A\u00a0furatot 1982-ben \u00e9p\u00edtett\u00e9k ki, az \u00fcd\u00fcl\u0151k\u00f6zpont sz\u00e1m\u00e1ra. 170 m m\u00e9ly, \u00e9s meghagyt\u00e1k rajta az ac\u00e9lmaradv\u00e1nyokat. A\u00a0v\u00edz h\u0151m\u00e9rs\u00e9klete 26,2\u00b0C.<\/p>\n<p>A\u00a0pati term\u00e1lv\u00edz jellemz\u0151en magas ar\u00e1nyban tartalmaz sz\u00e9nhidr\u00e1tokat, kalciumot, magn\u00e9ziumot \u00e9s szulf\u00e1tokat, \u00e9s ennek k\u00f6sz\u00f6nhet\u0151en nagyon kedvez\u0151en hat a\u00a0mozg\u00e1sszervekre \u00e9s kit\u0171n\u0151 gy\u00f3gyszer azok megbeteged\u00e9sei ellen.<\/p>\n<p><strong>A mintegy 35\u00b0C h\u0151m\u00e9rs\u00e9klet\u0171 term\u00e1lv\u00edz nyugtat\u00f3 hat\u00e1ssal van a szervezetre,<\/strong> seg\u00edti a szervek, k\u00fcl\u00f6n\u00f6sen a v\u00e9gtagok h\u0151ell\u00e1t\u00e1s\u00e1t, amelyek mindig hidegebbek. A testh\u0151m\u00e9rs\u00e9klet emelked\u00e9se jelent\u0151sen felgyors\u00edtja a szervezet biok\u00e9miai folyamatait \u2013 emelkedik az oxig\u00e9nfogyaszt\u00e1s \u00e9s a sz\u00e9ndioxid kibocs\u00e1t\u00e1s, javul az izmok, \u00ednszalagok \u00e9s k\u00f6t\u0151sz\u00f6vetek rugalmass\u00e1ga, mik\u00f6zben cs\u00f6kken az izomfesz\u00fclts\u00e9g, n\u00f6vekedik a b\u0151r \u00e9s a testmag v\u00e9rell\u00e1t\u00e1sa a befogadott h\u0151 k\u00f6vetkezt\u00e9ben.<\/p>\n<p>&nbsp;[\/vc_column_text][\/vc_column][\/vc_row][vc_row content_text_aligment=&#8221;center&#8221; css=&#8221;.vc_custom_1494232305593{padding-top: 80px !important;padding-bottom: 30px !important;}&#8221;][vc_column width=&#8221;1\/2&#8243; offset=&#8221;vc_col-md-6&#8243;]<div class=\"mkdf-image-with-text-holder   mkdf-image-behavior-zoom\">\n    <div class=\"mkdf-iwt-image\">\n                                    <img loading=\"lazy\" decoding=\"async\" width=\"1920\" height=\"1080\" src=\"https:\/\/wellnesspatince.sk\/wp-content\/uploads\/2023\/01\/Wellness_Hotel_Patince_051.jpg\" class=\"attachment-full size-full\" alt=\"\" srcset=\"https:\/\/wellnesspatince.sk\/wp-content\/uploads\/2023\/01\/Wellness_Hotel_Patince_051.jpg 1920w, https:\/\/wellnesspatince.sk\/wp-content\/uploads\/2023\/01\/Wellness_Hotel_Patince_051-300x169.jpg 300w, https:\/\/wellnesspatince.sk\/wp-content\/uploads\/2023\/01\/Wellness_Hotel_Patince_051-1024x576.jpg 1024w, https:\/\/wellnesspatince.sk\/wp-content\/uploads\/2023\/01\/Wellness_Hotel_Patince_051-768x432.jpg 768w, https:\/\/wellnesspatince.sk\/wp-content\/uploads\/2023\/01\/Wellness_Hotel_Patince_051-1536x864.jpg 1536w, https:\/\/wellnesspatince.sk\/wp-content\/uploads\/2023\/01\/Wellness_Hotel_Patince_051-1320x743.jpg 1320w, https:\/\/wellnesspatince.sk\/wp-content\/uploads\/2023\/01\/Wellness_Hotel_Patince_051-600x338.jpg 600w\" sizes=\"auto, (max-width: 1920px) 100vw, 1920px\" \/>                        <\/div>\n    <div class=\"mkdf-iwt-text-holder\">\n        \n                    <h5 class=\"mkdf-iwt-title\" >R\u00d3MAI ISZAPF\u00dcRD\u0150<\/h5>\n        \n        \n\t\t            <p class=\"mkdf-iwt-text\" >K\u00fcl\u00f6nleges pihentet\u0151 f\u00fcrd\u0151 a hotel ter\u00fclet\u00e9n -\u00fcld\u00f6g\u00e9l\u00e9s a forr\u00e1s k\u00f6r\u00fcl, amely k\u00f6zvetlen\u00fcl a term\u00e1lt\u00f3ban tal\u00e1lhat\u00f3. A r\u00f3mai f\u00fcrd\u0151ben kellemesen el\u00fcld\u00f6g\u00e9lhet \u00e9s \u00e1tadhatja mag\u00e1t a term\u00e1lv\u00edz j\u00f3t\u00e9kony hat\u00e1s\u00e1nak, k\u00fcl\u00f6n\u00f6sen, ami az \u00edz\u00fcleteket \u00e9s az izmokat illeti. A term\u00e1lv\u00edz a saj\u00e1t t\u00falnyom\u00e1sa \u00e1ltal folyik ki a furatb\u00f3l. A h\u0151m\u00e9rs\u00e9klete 27\u00b0C.<\/p>\n            <\/div>\n<\/div>[vc_empty_space height=&#8221;40px&#8221;][\/vc_column][vc_column width=&#8221;1\/2&#8243; offset=&#8221;vc_col-md-6&#8243;]<div class=\"mkdf-image-with-text-holder   mkdf-image-behavior-zoom\">\n    <div class=\"mkdf-iwt-image\">\n                                    <img loading=\"lazy\" decoding=\"async\" width=\"1920\" height=\"1080\" src=\"https:\/\/wellnesspatince.sk\/wp-content\/uploads\/2023\/01\/Wellness_Hotel_Patince_083.jpg\" class=\"attachment-full size-full\" alt=\"\" srcset=\"https:\/\/wellnesspatince.sk\/wp-content\/uploads\/2023\/01\/Wellness_Hotel_Patince_083.jpg 1920w, https:\/\/wellnesspatince.sk\/wp-content\/uploads\/2023\/01\/Wellness_Hotel_Patince_083-300x169.jpg 300w, https:\/\/wellnesspatince.sk\/wp-content\/uploads\/2023\/01\/Wellness_Hotel_Patince_083-1024x576.jpg 1024w, https:\/\/wellnesspatince.sk\/wp-content\/uploads\/2023\/01\/Wellness_Hotel_Patince_083-768x432.jpg 768w, https:\/\/wellnesspatince.sk\/wp-content\/uploads\/2023\/01\/Wellness_Hotel_Patince_083-1536x864.jpg 1536w, https:\/\/wellnesspatince.sk\/wp-content\/uploads\/2023\/01\/Wellness_Hotel_Patince_083-1320x743.jpg 1320w, https:\/\/wellnesspatince.sk\/wp-content\/uploads\/2023\/01\/Wellness_Hotel_Patince_083-600x338.jpg 600w\" sizes=\"auto, (max-width: 1920px) 100vw, 1920px\" \/>                        <\/div>\n    <div class=\"mkdf-iwt-text-holder\">\n        \n                    <h5 class=\"mkdf-iwt-title\" >A TERM\u00c1LV\u00cdZ HAT\u00c1SA<\/h5>\n        \n        \n\t\t            <p class=\"mkdf-iwt-text\" >A forr\u00e1sokra jellemz\u0151 a magas sz\u00e9nhidr\u00e1t-, kalcium-, magn\u00e9zium- \u00e9s szulf\u00e1ttartalom, \u00e9s kedvez\u0151en hatnak a mozg\u00e1sszervekre \u00e9s azok betegs\u00e9geire. Ide\u00e1lis tulajdons\u00e1gokkal rendelkeznek a f\u00e1radt \u00edz\u00fcletek \u00e9s izmok regener\u00e1l\u00e1s\u00e1hoz, minden medenc\u00e9ben alkalmazzuk.<\/p>\n            <\/div>\n<\/div>[vc_empty_space height=&#8221;40px&#8221;][\/vc_column][\/vc_row]<\/p>\n","protected":false},"excerpt":{"rendered":"<p>[vc_row][vc_column][vc_column_text]A\u00a0term\u00e1lforr\u00e1sok felhaszn\u00e1l\u00e1s\u00e1nak Paton r\u00e9gi hagyom\u00e1nyai vannak. M\u00e1r a\u00a013. sz\u00e1zadb\u00f3l sz\u00e1rmaz\u00f3 dokumentumok \u00edrnak a\u00a0gy\u00f3gyhat\u00e1s\u00fa h\u0151forr\u00e1sokr\u00f3l \u00e9s a\u00a0r\u00f3mai id\u0151kb\u0151l sz\u00e1rmaz\u00f3 f\u00fcrd\u0151k l\u00e9tez\u00e9s\u00e9r\u0151l. Azokban a\u00a0k\u00e1dakban, amelyeket a\u00a0forr\u00e1s k\u00f6zel\u00e9ben Nedetzky gr\u00f3f \u00e9p\u00edttetett, sikeresen gy\u00f3gy\u00edtott\u00e1k a\u00a0v\u00e9gtagok betegs\u00e9geit. okt\u00f3ber 10-\u00e9n Dr. Ondrej Stollmann javaslat\u00e1ra a\u00a0pati term\u00e1lforr\u00e1st [&hellip;]<\/p>\n","protected":false},"author":2,"featured_media":0,"parent":0,"menu_order":0,"comment_status":"closed","ping_status":"closed","template":"","meta":{"inline_featured_image":false,"footnotes":"","_wp_rev_ctl_limit":""},"class_list":["post-21109","page","type-page","status-publish","hentry"],"_links":{"self":[{"href":"https:\/\/wellnesspatince.sk\/hu\/wp-json\/wp\/v2\/pages\/21109","targetHints":{"allow":["GET"]}}],"collection":[{"href":"https:\/\/wellnesspatince.sk\/hu\/wp-json\/wp\/v2\/pages"}],"about":[{"href":"https:\/\/wellnesspatince.sk\/hu\/wp-json\/wp\/v2\/types\/page"}],"author":[{"embeddable":true,"href":"https:\/\/wellnesspatince.sk\/hu\/wp-json\/wp\/v2\/users\/2"}],"replies":[{"embeddable":true,"href":"https:\/\/wellnesspatince.sk\/hu\/wp-json\/wp\/v2\/comments?post=21109"}],"version-history":[{"count":4,"href":"https:\/\/wellnesspatince.sk\/hu\/wp-json\/wp\/v2\/pages\/21109\/revisions"}],"predecessor-version":[{"id":23457,"href":"https:\/\/wellnesspatince.sk\/hu\/wp-json\/wp\/v2\/pages\/21109\/revisions\/23457"}],"wp:attachment":[{"href":"https:\/\/wellnesspatince.sk\/hu\/wp-json\/wp\/v2\/media?parent=21109"}],"curies":[{"name":"wp","href":"https:\/\/api.w.org\/{rel}","templated":true}]}}