{"id":21084,"date":"2021-03-02T13:51:08","date_gmt":"2021-03-02T12:51:08","guid":{"rendered":"https:\/\/wellnesspatince.sk\/ubytovanie\/"},"modified":"2023-03-09T10:17:48","modified_gmt":"2023-03-09T09:17:48","slug":"szallas","status":"publish","type":"page","link":"https:\/\/wellnesspatince.sk\/hu\/szallas\/","title":{"rendered":"SZ\u00c1LL\u00c1S"},"content":{"rendered":"<p>[vc_row css=&#8221;.vc_custom_1612963086244{padding-bottom: 55px !important;}&#8221;][vc_column]<div class=\"mkdf-hrl-holder mkdf-hrl-standard mkdf-normal-space     mkdf-hrl-two-columns mkdf-hrl-pag-infinite-scroll\"  data-type=\"standard\" data-number-of-columns=\"2\" data-space-between-items=\"normal\" data-number-of-items=\"8\" data-image-proportions=\"full\" data-enable-filter=\"no\" data-order-by=\"date\" data-order=\"ASC\" data-title-tag=\"h3\" data-enable-excerpt=\"yes\" data-excerpt-length=\"200\" data-pagination-type=\"infinite-scroll\" data-enable-sort=\"no\" data-max-num-pages=\"1\" data-next-page=\"2\">\n\t\t<div class=\"mkdf-grid-row\">\n\t\t<div class=\"mkdf-hrl-items-part\n                        mkdf-grid-col-12\n            \">\n\t\t\t<div class=\"mkdf-hrl-inner mkdf-outer-space clearfix\">\n\t\t\t\t    <article class=\"mkdf-hrl-item mkdf-item-space  post-21093 hotel-room type-hotel-room status-publish has-post-thumbnail hentry extra-service-tag-felszereles-gyerekeknek-bili-kiskad-fellepo-kis-kepcso-keresre extra-service-tag-gyerekagy-ingyenes amenity-tag-uncategorized-sk amenity-tag-furdokad-hajszarito-wc amenity-tag-furdokopeny amenity-tag-kozmetikai-keszlet amenity-tag-minibar amenity-tag-muholdas-tv amenity-tag-parkolas-a-szallodaban amenity-tag-wi-fi\">\n        <div class=\"mkdf-hrl-item-inner\">\n\t\t\t<div class=\"mkdf-hrl-item-image\">\n\t    <span class=\"mkdf-hrl-price-holder\">\n\t    <span class=\"mkdf-html-price-top\">Starting from<\/span>\n\t\t<span class=\"mkdf-hrl-price\">\n\t        <span class=\"mkdf-hrl-price-currency\">&euro;<\/span><span>110<\/span>\n\t    <\/span>\n\t    <span class=\"mkdf-html-price-night\">night<\/span>\n    <\/span>\n\t<img loading=\"lazy\" decoding=\"async\" width=\"1920\" height=\"1080\" src=\"https:\/\/wellnesspatince.sk\/wp-content\/uploads\/2017\/01\/Wellness_Hotel_Patince_hotel_1920x1080_53.jpg\" class=\"attachment-full size-full wp-post-image\" alt=\"\" srcset=\"https:\/\/wellnesspatince.sk\/wp-content\/uploads\/2017\/01\/Wellness_Hotel_Patince_hotel_1920x1080_53.jpg 1920w, https:\/\/wellnesspatince.sk\/wp-content\/uploads\/2017\/01\/Wellness_Hotel_Patince_hotel_1920x1080_53-300x169.jpg 300w, https:\/\/wellnesspatince.sk\/wp-content\/uploads\/2017\/01\/Wellness_Hotel_Patince_hotel_1920x1080_53-1024x576.jpg 1024w, https:\/\/wellnesspatince.sk\/wp-content\/uploads\/2017\/01\/Wellness_Hotel_Patince_hotel_1920x1080_53-768x432.jpg 768w, https:\/\/wellnesspatince.sk\/wp-content\/uploads\/2017\/01\/Wellness_Hotel_Patince_hotel_1920x1080_53-1536x864.jpg 1536w, https:\/\/wellnesspatince.sk\/wp-content\/uploads\/2017\/01\/Wellness_Hotel_Patince_hotel_1920x1080_53-1320x743.jpg 1320w, https:\/\/wellnesspatince.sk\/wp-content\/uploads\/2017\/01\/Wellness_Hotel_Patince_hotel_1920x1080_53-600x338.jpg 600w\" sizes=\"auto, (max-width: 1920px) 100vw, 1920px\" \/>    <a itemprop=\"url\" class=\"mkdf-hrl-link mkdf-block-drag-link\" href=\"https:\/\/wellnesspatince.sk\/hu\/hotel-room\/izby-economy\/\" target=\"_self\"><\/a>\n\t<\/div><div class=\"mkdf-hrl-item-content\">\n\t<h3 itemprop=\"name\" class=\"mkdf-hrl-item-title entry-title\">\n<a itemprop=\"url\" href=\"https:\/\/wellnesspatince.sk\/hu\/hotel-room\/izby-economy\/\" target=\"_self\">\n\tEconomy szoba<\/a>\n<\/h3>\t\t<p itemprop=\"description\" class=\"mkdf-pli-excerpt\">A 24\u33a1 nagys\u00e1g\u00fa Economy szob\u00e1k 2 szem\u00e9ly elsz\u00e1ll\u00e1sol\u00e1s\u00e1ra + 2 extra fekhely elhelyez\u00e9s\u00e9re alkalmasok (p\u00f3t\u00e1gy vagy gyerek\u00e1gy).<\/p>\n\t\t<div class=\"mkdf-post-read-more-button\">\n\t\t<a itemprop=\"url\" href=\"https:\/\/wellnesspatince.sk\/hu\/hotel-room\/izby-economy\/\" target=\"_self\"  class=\"mkdf-btn mkdf-btn-medium mkdf-btn-simple\"  >    <span class=\"mkdf-btn-text\">Check Details<\/span>    <\/a>\t<\/div>\n<\/div>        <\/div>\n    <\/article>\n    <article class=\"mkdf-hrl-item mkdf-item-space  post-21081 hotel-room type-hotel-room status-publish has-post-thumbnail hentry extra-service-tag-felszereles-gyerekeknek-bili-kiskad-fellepo-kis-kepcso-keresre extra-service-tag-gyerekagy-ingyenes amenity-tag-uncategorized-sk amenity-tag-uncategorized-sk-hu-12 amenity-tag-furdokad-hajszarito-wc amenity-tag-furdokopeny amenity-tag-kozmetikai-keszlet amenity-tag-minibar amenity-tag-muholdas-tv amenity-tag-parkolas-a-szallodaban amenity-tag-wi-fi\">\n        <div class=\"mkdf-hrl-item-inner\">\n\t\t\t<div class=\"mkdf-hrl-item-image\">\n\t    <span class=\"mkdf-hrl-price-holder\">\n\t    <span class=\"mkdf-html-price-top\">Starting from<\/span>\n\t\t<span class=\"mkdf-hrl-price\">\n\t        <span class=\"mkdf-hrl-price-currency\">&euro;<\/span><span>130<\/span>\n\t    <\/span>\n\t    <span class=\"mkdf-html-price-night\">night<\/span>\n    <\/span>\n\t<img loading=\"lazy\" decoding=\"async\" width=\"1920\" height=\"1080\" src=\"https:\/\/wellnesspatince.sk\/wp-content\/uploads\/2018\/12\/Wellness_Hotel_Patince_hotel_1920x1080_48.jpg\" class=\"attachment-full size-full wp-post-image\" alt=\"\" srcset=\"https:\/\/wellnesspatince.sk\/wp-content\/uploads\/2018\/12\/Wellness_Hotel_Patince_hotel_1920x1080_48.jpg 1920w, https:\/\/wellnesspatince.sk\/wp-content\/uploads\/2018\/12\/Wellness_Hotel_Patince_hotel_1920x1080_48-300x169.jpg 300w, https:\/\/wellnesspatince.sk\/wp-content\/uploads\/2018\/12\/Wellness_Hotel_Patince_hotel_1920x1080_48-1024x576.jpg 1024w, https:\/\/wellnesspatince.sk\/wp-content\/uploads\/2018\/12\/Wellness_Hotel_Patince_hotel_1920x1080_48-768x432.jpg 768w, https:\/\/wellnesspatince.sk\/wp-content\/uploads\/2018\/12\/Wellness_Hotel_Patince_hotel_1920x1080_48-1536x864.jpg 1536w, https:\/\/wellnesspatince.sk\/wp-content\/uploads\/2018\/12\/Wellness_Hotel_Patince_hotel_1920x1080_48-1320x743.jpg 1320w, https:\/\/wellnesspatince.sk\/wp-content\/uploads\/2018\/12\/Wellness_Hotel_Patince_hotel_1920x1080_48-600x338.jpg 600w\" sizes=\"auto, (max-width: 1920px) 100vw, 1920px\" \/>    <a itemprop=\"url\" class=\"mkdf-hrl-link mkdf-block-drag-link\" href=\"https:\/\/wellnesspatince.sk\/hu\/hotel-room\/standard-izby\/\" target=\"_self\"><\/a>\n\t<\/div><div class=\"mkdf-hrl-item-content\">\n\t<h3 itemprop=\"name\" class=\"mkdf-hrl-item-title entry-title\">\n<a itemprop=\"url\" href=\"https:\/\/wellnesspatince.sk\/hu\/hotel-room\/standard-izby\/\" target=\"_self\">\n\tStandard szob\u00e1k<\/a>\n<\/h3>\t\t<p itemprop=\"description\" class=\"mkdf-pli-excerpt\">A 20\u33a1 nagys\u00e1g\u00fa Standard szob\u00e1k 1 szem\u00e9ly elsz\u00e1ll\u00e1sol\u00e1s\u00e1ra alkalmasak p\u00f3t\u00e1gy lehet\u0151s\u00e9ge n\u00e9lk\u00fcl, a \u00a024\u33a1 nagys\u00e1g\u00fa szob\u00e1k 2 szem\u00e9ly elsz\u00e1ll\u00e1sol\u00e1s\u00e1ra + 2 extra fekhely elhelyez\u00e9<\/p>\n\t\t<div class=\"mkdf-post-read-more-button\">\n\t\t<a itemprop=\"url\" href=\"https:\/\/wellnesspatince.sk\/hu\/hotel-room\/standard-izby\/\" target=\"_self\"  class=\"mkdf-btn mkdf-btn-medium mkdf-btn-simple\"  >    <span class=\"mkdf-btn-text\">Check Details<\/span>    <\/a>\t<\/div>\n<\/div>        <\/div>\n    <\/article>\n    <article class=\"mkdf-hrl-item mkdf-item-space  post-21077 hotel-room type-hotel-room status-publish has-post-thumbnail hentry extra-service-tag-felszereles-gyerekeknek-bili-kiskad-fellepo-kis-kepcso-keresre extra-service-tag-gyerekagy-ingyenes amenity-tag-uncategorized-sk amenity-tag-furdokad-hajszarito-wc amenity-tag-furdokopeny amenity-tag-kozmetikai-keszlet amenity-tag-minibar amenity-tag-muholdas-tv amenity-tag-parkolas-a-szallodaban amenity-tag-vizforallo amenity-tag-wi-fi\">\n        <div class=\"mkdf-hrl-item-inner\">\n\t\t\t<div class=\"mkdf-hrl-item-image\">\n\t    <span class=\"mkdf-hrl-price-holder\">\n\t    <span class=\"mkdf-html-price-top\">Starting from<\/span>\n\t\t<span class=\"mkdf-hrl-price\">\n\t        <span class=\"mkdf-hrl-price-currency\">&euro;<\/span><span>150<\/span>\n\t    <\/span>\n\t    <span class=\"mkdf-html-price-night\">night<\/span>\n    <\/span>\n\t<img loading=\"lazy\" decoding=\"async\" width=\"1920\" height=\"1080\" src=\"https:\/\/wellnesspatince.sk\/wp-content\/uploads\/2019\/01\/Wellness_Hotel_Patince_superior_1920x1080_04.jpg\" class=\"attachment-full size-full wp-post-image\" alt=\"\" srcset=\"https:\/\/wellnesspatince.sk\/wp-content\/uploads\/2019\/01\/Wellness_Hotel_Patince_superior_1920x1080_04.jpg 1920w, https:\/\/wellnesspatince.sk\/wp-content\/uploads\/2019\/01\/Wellness_Hotel_Patince_superior_1920x1080_04-300x169.jpg 300w, https:\/\/wellnesspatince.sk\/wp-content\/uploads\/2019\/01\/Wellness_Hotel_Patince_superior_1920x1080_04-1024x576.jpg 1024w, https:\/\/wellnesspatince.sk\/wp-content\/uploads\/2019\/01\/Wellness_Hotel_Patince_superior_1920x1080_04-768x432.jpg 768w, https:\/\/wellnesspatince.sk\/wp-content\/uploads\/2019\/01\/Wellness_Hotel_Patince_superior_1920x1080_04-1536x864.jpg 1536w, https:\/\/wellnesspatince.sk\/wp-content\/uploads\/2019\/01\/Wellness_Hotel_Patince_superior_1920x1080_04-1320x743.jpg 1320w, https:\/\/wellnesspatince.sk\/wp-content\/uploads\/2019\/01\/Wellness_Hotel_Patince_superior_1920x1080_04-600x338.jpg 600w\" sizes=\"auto, (max-width: 1920px) 100vw, 1920px\" \/>    <a itemprop=\"url\" class=\"mkdf-hrl-link mkdf-block-drag-link\" href=\"https:\/\/wellnesspatince.sk\/hu\/hotel-room\/izby-superior\/\" target=\"_self\"><\/a>\n\t<\/div><div class=\"mkdf-hrl-item-content\">\n\t<h3 itemprop=\"name\" class=\"mkdf-hrl-item-title entry-title\">\n<a itemprop=\"url\" href=\"https:\/\/wellnesspatince.sk\/hu\/hotel-room\/izby-superior\/\" target=\"_self\">\n\tSuperior szob\u00e1k<\/a>\n<\/h3>\t\t<p itemprop=\"description\" class=\"mkdf-pli-excerpt\">A 31,5 \u33a1 nagys\u00e1g\u00fa Superior szob\u00e1k t\u00e1gas, erk\u00e9ly n\u00e9lk\u00fcli helyis\u00e9gek. A\u00a0szob\u00e1k felszerel\u00e9s\u00e9hez tartozik egy sz\u00e9tnyithat\u00f3 hever\u0151 \u00e9s a\u00a0l\u00e9gkondicion\u00e1l\u00e1s.<\/p>\n\t\t<div class=\"mkdf-post-read-more-button\">\n\t\t<a itemprop=\"url\" href=\"https:\/\/wellnesspatince.sk\/hu\/hotel-room\/izby-superior\/\" target=\"_self\"  class=\"mkdf-btn mkdf-btn-medium mkdf-btn-simple\"  >    <span class=\"mkdf-btn-text\">Check Details<\/span>    <\/a>\t<\/div>\n<\/div>        <\/div>\n    <\/article>\n    <article class=\"mkdf-hrl-item mkdf-item-space  post-21073 hotel-room type-hotel-room status-publish has-post-thumbnail hentry extra-service-tag-baby-cot-free-of-charge extra-service-tag-felszereles-gyerekeknek-bili-kiskad-fellepo-kis-kepcso-keresre extra-service-tag-gyerekagy-ingyenes amenity-tag-uncategorized-sk amenity-tag-uncategorized-sk-hu-12 amenity-tag-furdokad-hajszarito-wc amenity-tag-furdokopeny amenity-tag-kozmetikai-keszlet amenity-tag-minibar amenity-tag-muholdas-tv amenity-tag-parkolas-a-szallodaban amenity-tag-vizforallo amenity-tag-wi-fi\">\n        <div class=\"mkdf-hrl-item-inner\">\n\t\t\t<div class=\"mkdf-hrl-item-image\">\n\t    <span class=\"mkdf-hrl-price-holder\">\n\t    <span class=\"mkdf-html-price-top\">Starting from<\/span>\n\t\t<span class=\"mkdf-hrl-price\">\n\t        <span class=\"mkdf-hrl-price-currency\">&euro;<\/span><span>160<\/span>\n\t    <\/span>\n\t    <span class=\"mkdf-html-price-night\">night<\/span>\n    <\/span>\n\t<img loading=\"lazy\" decoding=\"async\" width=\"1920\" height=\"1080\" src=\"https:\/\/wellnesspatince.sk\/wp-content\/uploads\/2020\/12\/Wellness_Hotel_Patince_hotel_1920x1080_112.jpg\" class=\"attachment-full size-full wp-post-image\" alt=\"\" srcset=\"https:\/\/wellnesspatince.sk\/wp-content\/uploads\/2020\/12\/Wellness_Hotel_Patince_hotel_1920x1080_112.jpg 1920w, https:\/\/wellnesspatince.sk\/wp-content\/uploads\/2020\/12\/Wellness_Hotel_Patince_hotel_1920x1080_112-300x169.jpg 300w, https:\/\/wellnesspatince.sk\/wp-content\/uploads\/2020\/12\/Wellness_Hotel_Patince_hotel_1920x1080_112-1024x576.jpg 1024w, https:\/\/wellnesspatince.sk\/wp-content\/uploads\/2020\/12\/Wellness_Hotel_Patince_hotel_1920x1080_112-768x432.jpg 768w, https:\/\/wellnesspatince.sk\/wp-content\/uploads\/2020\/12\/Wellness_Hotel_Patince_hotel_1920x1080_112-1536x864.jpg 1536w, https:\/\/wellnesspatince.sk\/wp-content\/uploads\/2020\/12\/Wellness_Hotel_Patince_hotel_1920x1080_112-1320x743.jpg 1320w, https:\/\/wellnesspatince.sk\/wp-content\/uploads\/2020\/12\/Wellness_Hotel_Patince_hotel_1920x1080_112-600x338.jpg 600w\" sizes=\"auto, (max-width: 1920px) 100vw, 1920px\" \/>    <a itemprop=\"url\" class=\"mkdf-hrl-link mkdf-block-drag-link\" href=\"https:\/\/wellnesspatince.sk\/hu\/hotel-room\/lux-izby\/\" target=\"_self\"><\/a>\n\t<\/div><div class=\"mkdf-hrl-item-content\">\n\t<h3 itemprop=\"name\" class=\"mkdf-hrl-item-title entry-title\">\n<a itemprop=\"url\" href=\"https:\/\/wellnesspatince.sk\/hu\/hotel-room\/lux-izby\/\" target=\"_self\">\n\tDELUXE SZOB\u00c1K<\/a>\n<\/h3>\t\t<p itemprop=\"description\" class=\"mkdf-pli-excerpt\">A 42 \u33a1 nagys\u00e1g\u00fa DE Luxe szob\u00e1k 2 szem\u00e9ly vagy gyerekes csal\u00e1dok elsz\u00e1ll\u00e1sol\u00e1s\u00e1ra alkalmasak, esetleg ig\u00e9nyesebb vend\u00e9gek sz\u00e1m\u00e1ra, akik t\u00f6bb teret szeretn\u00e9nek.<\/p>\n\t\t<div class=\"mkdf-post-read-more-button\">\n\t\t<a itemprop=\"url\" href=\"https:\/\/wellnesspatince.sk\/hu\/hotel-room\/lux-izby\/\" target=\"_self\"  class=\"mkdf-btn mkdf-btn-medium mkdf-btn-simple\"  >    <span class=\"mkdf-btn-text\">Check Details<\/span>    <\/a>\t<\/div>\n<\/div>        <\/div>\n    <\/article>\n    <article class=\"mkdf-hrl-item mkdf-item-space  post-21067 hotel-room type-hotel-room status-publish has-post-thumbnail hentry extra-service-tag-felszereles-gyerekeknek-bili-kiskad-fellepo-kis-kepcso-keresre extra-service-tag-gyerekagy-ingyenes amenity-tag-uncategorized-sk amenity-tag-uncategorized-sk-hu-12 amenity-tag-furdokad-hajszarito-wc amenity-tag-furdokopeny amenity-tag-kozmetikai-keszlet amenity-tag-minibar amenity-tag-muholdas-tv amenity-tag-parkolas-a-szallodaban amenity-tag-vizforallo amenity-tag-wi-fi\">\n        <div class=\"mkdf-hrl-item-inner\">\n\t\t\t<div class=\"mkdf-hrl-item-image\">\n\t    <span class=\"mkdf-hrl-price-holder\">\n\t    <span class=\"mkdf-html-price-top\">Starting from<\/span>\n\t\t<span class=\"mkdf-hrl-price\">\n\t        <span class=\"mkdf-hrl-price-currency\">&euro;<\/span><span>200<\/span>\n\t    <\/span>\n\t    <span class=\"mkdf-html-price-night\">night<\/span>\n    <\/span>\n\t<img loading=\"lazy\" decoding=\"async\" width=\"1920\" height=\"1080\" src=\"https:\/\/wellnesspatince.sk\/wp-content\/uploads\/2021\/01\/Wellness_Hotel_Patince_hotel_1920x1080_97.jpg\" class=\"attachment-full size-full wp-post-image\" alt=\"\" srcset=\"https:\/\/wellnesspatince.sk\/wp-content\/uploads\/2021\/01\/Wellness_Hotel_Patince_hotel_1920x1080_97.jpg 1920w, https:\/\/wellnesspatince.sk\/wp-content\/uploads\/2021\/01\/Wellness_Hotel_Patince_hotel_1920x1080_97-300x169.jpg 300w, https:\/\/wellnesspatince.sk\/wp-content\/uploads\/2021\/01\/Wellness_Hotel_Patince_hotel_1920x1080_97-1024x576.jpg 1024w, https:\/\/wellnesspatince.sk\/wp-content\/uploads\/2021\/01\/Wellness_Hotel_Patince_hotel_1920x1080_97-768x432.jpg 768w, https:\/\/wellnesspatince.sk\/wp-content\/uploads\/2021\/01\/Wellness_Hotel_Patince_hotel_1920x1080_97-1536x864.jpg 1536w, https:\/\/wellnesspatince.sk\/wp-content\/uploads\/2021\/01\/Wellness_Hotel_Patince_hotel_1920x1080_97-1320x743.jpg 1320w, https:\/\/wellnesspatince.sk\/wp-content\/uploads\/2021\/01\/Wellness_Hotel_Patince_hotel_1920x1080_97-600x338.jpg 600w\" sizes=\"auto, (max-width: 1920px) 100vw, 1920px\" \/>    <a itemprop=\"url\" class=\"mkdf-hrl-link mkdf-block-drag-link\" href=\"https:\/\/wellnesspatince.sk\/hu\/hotel-room\/family-szobak\/\" target=\"_self\"><\/a>\n\t<\/div><div class=\"mkdf-hrl-item-content\">\n\t<h3 itemprop=\"name\" class=\"mkdf-hrl-item-title entry-title\">\n<a itemprop=\"url\" href=\"https:\/\/wellnesspatince.sk\/hu\/hotel-room\/family-szobak\/\" target=\"_self\">\n\tFAMILY SZOB\u00c1K<\/a>\n<\/h3>\t\t<p itemprop=\"description\" class=\"mkdf-pli-excerpt\">A 44 \u33a1 nagys\u00e1g\u00fa Family szob\u00e1k ide\u00e1lisak a\u00a0gyermekes csal\u00e1dok sz\u00e1m\u00e1ra. 5 mezonet szoba k\u00e9t k\u00fcl\u00f6n\u00e1ll\u00f3 h\u00e1l\u00f3val \u00e9s 4 \u00e1ggyal elegend\u0151 priv\u00e1t szf\u00e9r\u00e1t \u00e9s teret biztosit..<\/p>\n\t\t<div class=\"mkdf-post-read-more-button\">\n\t\t<a itemprop=\"url\" href=\"https:\/\/wellnesspatince.sk\/hu\/hotel-room\/family-szobak\/\" target=\"_self\"  class=\"mkdf-btn mkdf-btn-medium mkdf-btn-simple\"  >    <span class=\"mkdf-btn-text\">Check Details<\/span>    <\/a>\t<\/div>\n<\/div>        <\/div>\n    <\/article>\n    <article class=\"mkdf-hrl-item mkdf-item-space  post-21064 hotel-room type-hotel-room status-publish has-post-thumbnail hentry extra-service-tag-felszereles-gyerekeknek-bili-kiskad-fellepo-kis-kepcso-keresre extra-service-tag-gyerekagy-ingyenes amenity-tag-uncategorized-sk amenity-tag-uncategorized-sk-hu-12 amenity-tag-furdokad-hajszarito-wc amenity-tag-furdokopeny amenity-tag-kave-es-tea-keszlet amenity-tag-kozmetikai-keszlet amenity-tag-minibar amenity-tag-muholdas-tv amenity-tag-parkolas-a-szallodaban amenity-tag-vizforallo amenity-tag-wi-fi\">\n        <div class=\"mkdf-hrl-item-inner\">\n\t\t\t<div class=\"mkdf-hrl-item-image\">\n\t    <span class=\"mkdf-hrl-price-holder\">\n\t    <span class=\"mkdf-html-price-top\">Starting from<\/span>\n\t\t<span class=\"mkdf-hrl-price\">\n\t        <span class=\"mkdf-hrl-price-currency\">&euro;<\/span><span>230<\/span>\n\t    <\/span>\n\t    <span class=\"mkdf-html-price-night\">night<\/span>\n    <\/span>\n\t<img loading=\"lazy\" decoding=\"async\" width=\"1920\" height=\"1080\" src=\"https:\/\/wellnesspatince.sk\/wp-content\/uploads\/2022\/01\/Wellness_Hotel_Patince_hotel_1920x1080_41.jpg\" class=\"attachment-full size-full wp-post-image\" alt=\"\" srcset=\"https:\/\/wellnesspatince.sk\/wp-content\/uploads\/2022\/01\/Wellness_Hotel_Patince_hotel_1920x1080_41.jpg 1920w, https:\/\/wellnesspatince.sk\/wp-content\/uploads\/2022\/01\/Wellness_Hotel_Patince_hotel_1920x1080_41-300x169.jpg 300w, https:\/\/wellnesspatince.sk\/wp-content\/uploads\/2022\/01\/Wellness_Hotel_Patince_hotel_1920x1080_41-1024x576.jpg 1024w, https:\/\/wellnesspatince.sk\/wp-content\/uploads\/2022\/01\/Wellness_Hotel_Patince_hotel_1920x1080_41-768x432.jpg 768w, https:\/\/wellnesspatince.sk\/wp-content\/uploads\/2022\/01\/Wellness_Hotel_Patince_hotel_1920x1080_41-1536x864.jpg 1536w, https:\/\/wellnesspatince.sk\/wp-content\/uploads\/2022\/01\/Wellness_Hotel_Patince_hotel_1920x1080_41-1320x743.jpg 1320w, https:\/\/wellnesspatince.sk\/wp-content\/uploads\/2022\/01\/Wellness_Hotel_Patince_hotel_1920x1080_41-600x338.jpg 600w\" sizes=\"auto, (max-width: 1920px) 100vw, 1920px\" \/>    <a itemprop=\"url\" class=\"mkdf-hrl-link mkdf-block-drag-link\" href=\"https:\/\/wellnesspatince.sk\/hu\/hotel-room\/apartman-classic\/\" target=\"_self\"><\/a>\n\t<\/div><div class=\"mkdf-hrl-item-content\">\n\t<h3 itemprop=\"name\" class=\"mkdf-hrl-item-title entry-title\">\n<a itemprop=\"url\" href=\"https:\/\/wellnesspatince.sk\/hu\/hotel-room\/apartman-classic\/\" target=\"_self\">\n\tCLASSIC APARTMAN<\/a>\n<\/h3>\t\t<p itemprop=\"description\" class=\"mkdf-pli-excerpt\">A 34 \u33a1 nagys\u00e1g\u00fa k\u00e9t\u00e1gyas, modern berendez\u00e9s\u0171 apartmanban k\u00fcl\u00f6n h\u00e1l\u00f3 \u00e9s nappali r\u00e9sz tal\u00e1lhat\u00f3.<\/p>\n\t\t<div class=\"mkdf-post-read-more-button\">\n\t\t<a itemprop=\"url\" href=\"https:\/\/wellnesspatince.sk\/hu\/hotel-room\/apartman-classic\/\" target=\"_self\"  class=\"mkdf-btn mkdf-btn-medium mkdf-btn-simple\"  >    <span class=\"mkdf-btn-text\">Check Details<\/span>    <\/a>\t<\/div>\n<\/div>        <\/div>\n    <\/article>\n    <article class=\"mkdf-hrl-item mkdf-item-space  post-21060 hotel-room type-hotel-room status-publish has-post-thumbnail hentry extra-service-tag-felszereles-gyerekeknek-bili-kiskad-fellepo-kis-kepcso-keresre extra-service-tag-gyerekagy-ingyenes amenity-tag-uncategorized-sk amenity-tag-uncategorized-sk-hu-12 amenity-tag-furdokad-hajszarito-wc amenity-tag-furdokopeny amenity-tag-kave-es-tea-keszlet amenity-tag-kozmetikai-keszlet amenity-tag-minibar amenity-tag-muholdas-tv amenity-tag-parkolas-a-szallodaban amenity-tag-vizforallo amenity-tag-wi-fi\">\n        <div class=\"mkdf-hrl-item-inner\">\n\t\t\t<div class=\"mkdf-hrl-item-image\">\n\t    <span class=\"mkdf-hrl-price-holder\">\n\t    <span class=\"mkdf-html-price-top\">Starting from<\/span>\n\t\t<span class=\"mkdf-hrl-price\">\n\t        <span class=\"mkdf-hrl-price-currency\">&euro;<\/span><span>290<\/span>\n\t    <\/span>\n\t    <span class=\"mkdf-html-price-night\">night<\/span>\n    <\/span>\n\t<img loading=\"lazy\" decoding=\"async\" width=\"1920\" height=\"1080\" src=\"https:\/\/wellnesspatince.sk\/wp-content\/uploads\/2022\/01\/Wellness_Hotel_Patince_hotel_1920x1080_10.jpg\" class=\"attachment-full size-full wp-post-image\" alt=\"\" srcset=\"https:\/\/wellnesspatince.sk\/wp-content\/uploads\/2022\/01\/Wellness_Hotel_Patince_hotel_1920x1080_10.jpg 1920w, https:\/\/wellnesspatince.sk\/wp-content\/uploads\/2022\/01\/Wellness_Hotel_Patince_hotel_1920x1080_10-300x169.jpg 300w, https:\/\/wellnesspatince.sk\/wp-content\/uploads\/2022\/01\/Wellness_Hotel_Patince_hotel_1920x1080_10-1024x576.jpg 1024w, https:\/\/wellnesspatince.sk\/wp-content\/uploads\/2022\/01\/Wellness_Hotel_Patince_hotel_1920x1080_10-768x432.jpg 768w, https:\/\/wellnesspatince.sk\/wp-content\/uploads\/2022\/01\/Wellness_Hotel_Patince_hotel_1920x1080_10-1536x864.jpg 1536w, https:\/\/wellnesspatince.sk\/wp-content\/uploads\/2022\/01\/Wellness_Hotel_Patince_hotel_1920x1080_10-1320x743.jpg 1320w, https:\/\/wellnesspatince.sk\/wp-content\/uploads\/2022\/01\/Wellness_Hotel_Patince_hotel_1920x1080_10-600x338.jpg 600w\" sizes=\"auto, (max-width: 1920px) 100vw, 1920px\" \/>    <a itemprop=\"url\" class=\"mkdf-hrl-link mkdf-block-drag-link\" href=\"https:\/\/wellnesspatince.sk\/hu\/hotel-room\/apartman-de-luxe\/\" target=\"_self\"><\/a>\n\t<\/div><div class=\"mkdf-hrl-item-content\">\n\t<h3 itemprop=\"name\" class=\"mkdf-hrl-item-title entry-title\">\n<a itemprop=\"url\" href=\"https:\/\/wellnesspatince.sk\/hu\/hotel-room\/apartman-de-luxe\/\" target=\"_self\">\n\tDe Luxe Apartman<\/a>\n<\/h3>\t\t<p itemprop=\"description\" class=\"mkdf-pli-excerpt\">A kiv\u00e9telesen nagy, 63m2 alapter\u00fclet\u0171, n\u00e9gy\u00e1gyas luxus apartman k\u00e9nyelmes berendez\u00e9se az ig\u00e9nyesebb \u00fcgyfeleket szolg\u00e1lja. K\u00e9t k\u00fcl\u00f6n\u00e1ll\u00f3 h\u00e1l\u00f3helyis\u00e9ge k\u00f6z\u00fcl az egyikben francia\u00e1gy,<\/p>\n\t\t<div class=\"mkdf-post-read-more-button\">\n\t\t<a itemprop=\"url\" href=\"https:\/\/wellnesspatince.sk\/hu\/hotel-room\/apartman-de-luxe\/\" target=\"_self\"  class=\"mkdf-btn mkdf-btn-medium mkdf-btn-simple\"  >    <span class=\"mkdf-btn-text\">Check Details<\/span>    <\/a>\t<\/div>\n<\/div>        <\/div>\n    <\/article>\n    <article class=\"mkdf-hrl-item mkdf-item-space  post-21048 hotel-room type-hotel-room status-publish has-post-thumbnail hentry extra-service-tag-felszereles-gyerekeknek-bili-kiskad-fellepo-kis-kepcso-keresre extra-service-tag-gyerekagy-ingyenes amenity-tag-uncategorized-sk amenity-tag-furdokad-hajszarito-wc amenity-tag-furdokopeny amenity-tag-kave-es-tea-keszlet amenity-tag-kozmetikai-keszlet amenity-tag-minibar amenity-tag-muholdas-tv amenity-tag-parkolas-a-szallodaban amenity-tag-vizforallo amenity-tag-wi-fi\">\n        <div class=\"mkdf-hrl-item-inner\">\n\t\t\t<div class=\"mkdf-hrl-item-image\">\n\t    <span class=\"mkdf-hrl-price-holder\">\n\t    <span class=\"mkdf-html-price-top\">Starting from<\/span>\n\t\t<span class=\"mkdf-hrl-price\">\n\t        <span class=\"mkdf-hrl-price-currency\">&euro;<\/span><span>360<\/span>\n\t    <\/span>\n\t    <span class=\"mkdf-html-price-night\">night<\/span>\n    <\/span>\n\t<img loading=\"lazy\" decoding=\"async\" width=\"1920\" height=\"1080\" src=\"https:\/\/wellnesspatince.sk\/wp-content\/uploads\/2023\/01\/Wellness_Hotel_Patince_hotel_1920x1080_133.jpg\" class=\"attachment-full size-full wp-post-image\" alt=\"\" srcset=\"https:\/\/wellnesspatince.sk\/wp-content\/uploads\/2023\/01\/Wellness_Hotel_Patince_hotel_1920x1080_133.jpg 1920w, https:\/\/wellnesspatince.sk\/wp-content\/uploads\/2023\/01\/Wellness_Hotel_Patince_hotel_1920x1080_133-300x169.jpg 300w, https:\/\/wellnesspatince.sk\/wp-content\/uploads\/2023\/01\/Wellness_Hotel_Patince_hotel_1920x1080_133-1024x576.jpg 1024w, https:\/\/wellnesspatince.sk\/wp-content\/uploads\/2023\/01\/Wellness_Hotel_Patince_hotel_1920x1080_133-768x432.jpg 768w, https:\/\/wellnesspatince.sk\/wp-content\/uploads\/2023\/01\/Wellness_Hotel_Patince_hotel_1920x1080_133-1536x864.jpg 1536w, https:\/\/wellnesspatince.sk\/wp-content\/uploads\/2023\/01\/Wellness_Hotel_Patince_hotel_1920x1080_133-1320x743.jpg 1320w, https:\/\/wellnesspatince.sk\/wp-content\/uploads\/2023\/01\/Wellness_Hotel_Patince_hotel_1920x1080_133-600x338.jpg 600w\" sizes=\"auto, (max-width: 1920px) 100vw, 1920px\" \/>    <a itemprop=\"url\" class=\"mkdf-hrl-link mkdf-block-drag-link\" href=\"https:\/\/wellnesspatince.sk\/hu\/hotel-room\/imperial\/\" target=\"_self\"><\/a>\n\t<\/div><div class=\"mkdf-hrl-item-content\">\n\t<h3 itemprop=\"name\" class=\"mkdf-hrl-item-title entry-title\">\n<a itemprop=\"url\" href=\"https:\/\/wellnesspatince.sk\/hu\/hotel-room\/imperial\/\" target=\"_self\">\n\tImperial Apartman<\/a>\n<\/h3>\t\t<p itemprop=\"description\" class=\"mkdf-pli-excerpt\">Az exkluz\u00edv mezonet apartman nagys\u00e1ga 73m2, ide\u00e1lis 6 szem\u00e9ly elsz\u00e1ll\u00e1sol\u00e1s\u00e1ra. 3 \u00f6n\u00e1ll\u00f3 h\u00e1l\u00f3helyis\u00e9g, 2 francia\u00e1ggyal \u00e9s\u00a01 k\u00fcl\u00f6n\u00e1ll\u00f3 \u00e1gyakkal alkalmas nagyobb csal\u00e1dok vagy bar<\/p>\n\t\t<div class=\"mkdf-post-read-more-button\">\n\t\t<a itemprop=\"url\" href=\"https:\/\/wellnesspatince.sk\/hu\/hotel-room\/imperial\/\" target=\"_self\"  class=\"mkdf-btn mkdf-btn-medium mkdf-btn-simple\"  >    <span class=\"mkdf-btn-text\">Check Details<\/span>    <\/a>\t<\/div>\n<\/div>        <\/div>\n    <\/article>\n\t\t\t<\/div>\n\t\t\t\t\t<\/div>\n\t\t\t<\/div>\n<\/div>[\/vc_column][\/vc_row]<\/p>\n","protected":false},"excerpt":{"rendered":"<p>[vc_row css=&#8221;.vc_custom_1612963086244{padding-bottom: 55px !important;}&#8221;][vc_column][\/vc_column][\/vc_row]<\/p>\n","protected":false},"author":8,"featured_media":0,"parent":0,"menu_order":0,"comment_status":"closed","ping_status":"closed","template":"","meta":{"inline_featured_image":false,"footnotes":"","_wp_rev_ctl_limit":""},"class_list":["post-21084","page","type-page","status-publish","hentry"],"_links":{"self":[{"href":"https:\/\/wellnesspatince.sk\/hu\/wp-json\/wp\/v2\/pages\/21084","targetHints":{"allow":["GET"]}}],"collection":[{"href":"https:\/\/wellnesspatince.sk\/hu\/wp-json\/wp\/v2\/pages"}],"about":[{"href":"https:\/\/wellnesspatince.sk\/hu\/wp-json\/wp\/v2\/types\/page"}],"author":[{"embeddable":true,"href":"https:\/\/wellnesspatince.sk\/hu\/wp-json\/wp\/v2\/users\/8"}],"replies":[{"embeddable":true,"href":"https:\/\/wellnesspatince.sk\/hu\/wp-json\/wp\/v2\/comments?post=21084"}],"version-history":[{"count":3,"href":"https:\/\/wellnesspatince.sk\/hu\/wp-json\/wp\/v2\/pages\/21084\/revisions"}],"predecessor-version":[{"id":21087,"href":"https:\/\/wellnesspatince.sk\/hu\/wp-json\/wp\/v2\/pages\/21084\/revisions\/21087"}],"wp:attachment":[{"href":"https:\/\/wellnesspatince.sk\/hu\/wp-json\/wp\/v2\/media?parent=21084"}],"curies":[{"name":"wp","href":"https:\/\/api.w.org\/{rel}","templated":true}]}}