{"id":21038,"date":"2021-02-09T10:25:49","date_gmt":"2021-02-09T09:25:49","guid":{"rendered":"https:\/\/wellnesspatince.sk\/informacie\/"},"modified":"2026-02-11T11:08:16","modified_gmt":"2026-02-11T10:08:16","slug":"fontos-informacio","status":"publish","type":"page","link":"https:\/\/wellnesspatince.sk\/hu\/fontos-informacio\/","title":{"rendered":"FONTOS INFORM\u00c1CI\u00d3K AZ ITT-TART\u00d3ZKOD\u00c1SHOZ"},"content":{"rendered":"<p>[vc_row css=&#8221;.vc_custom_1613060678171{padding-top: 50px !important;padding-bottom: 50px !important;}&#8221;][vc_column][vc_column_text]<\/p>\n<h4><strong>Tisztelt vend\u00e9geink, \u00f6sszegy\u0171jt\u00f6tt\u00fck \u00d6n\u00f6knek a legfontosabb inform\u00e1ci\u00f3kat az itt-tart\u00f3zkod\u00e1suk idej\u00e9re. B\u00e1rmely k\u00e9rd\u00e9s eset\u00e9n l\u00e9pjen kapcsolatba a hotel recepci\u00f3j\u00e1val vagy a foglal\u00e1si oszt\u00e1llyal. Kellemes tart\u00f3zkod\u00e1st k\u00edv\u00e1nunk.<\/strong><\/h4>\n<p>[\/vc_column_text][\/vc_column][\/vc_row][vc_row css=&#8221;.vc_custom_1621864516646{padding-top: 0px !important;padding-bottom: 70px !important;}&#8221;][vc_column]<div class=\"mkdf-elements-holder   mkdf-one-column  mkdf-responsive-mode-768 \" ><div class=\"mkdf-eh-item    \"  data-item-class=\"mkdf-eh-custom-4252\">\n\t<div class=\"mkdf-eh-item-inner\">\n\t\t<div class=\"mkdf-eh-item-content mkdf-eh-custom-4252\" style=\"padding: 0px 5% 0px 0%\">\n\t\t\t<div class=\"mkdf-tabs information-tabs mkdf-tabs-boxed\">\n\t<ul class=\"mkdf-tabs-nav clearfix\">\n\t\t\t\t\t<li>\n\t\t\t\t\t\t\t\t\t<a href=\"#tab-recepcio\">RECEPCI\u00d3<\/a>\n\t\t\t\t\t\t\t<\/li>\n\t\t\t\t\t<li>\n\t\t\t\t\t\t\t\t\t<a href=\"#tab-internet\">INTERNET<\/a>\n\t\t\t\t\t\t\t<\/li>\n\t\t\t\t\t<li>\n\t\t\t\t\t\t\t\t\t<a href=\"#tab-parkolas\">PARKOL\u00c1S<\/a>\n\t\t\t\t\t\t\t<\/li>\n\t\t\t\t\t<li>\n\t\t\t\t\t\t\t\t\t<a href=\"#tab-etkezes\">\u00c9TKEZ\u00c9S<\/a>\n\t\t\t\t\t\t\t<\/li>\n\t\t\t\t\t<li>\n\t\t\t\t\t\t\t\t\t<a href=\"#tab-a-hotel-szolgaltatasai\">A HOTEL SZOLG\u00c1LTAT\u00c1SAI<\/a>\n\t\t\t\t\t\t\t<\/li>\n\t\t\t\t\t<li>\n\t\t\t\t\t\t\t\t\t<a href=\"#tab-felszereles-gyermekek-reszere\">FELSZEREL\u00c9S GYERMEKEK R\u00c9SZ\u00c9RE<\/a>\n\t\t\t\t\t\t\t<\/li>\n\t\t\t\t\t<li>\n\t\t\t\t\t\t\t\t\t<a href=\"#tab-animacios-program\">ANIM\u00c1CI\u00d3S PROGRAM<\/a>\n\t\t\t\t\t\t\t<\/li>\n\t\t\t\t\t<li>\n\t\t\t\t\t\t\t\t\t<a href=\"#tab-fizetokartyak\">FIZET\u0150K\u00c1RTY\u00c1K<\/a>\n\t\t\t\t\t\t\t<\/li>\n\t\t\t\t\t<li>\n\t\t\t\t\t\t\t\t\t<a href=\"#tab-mozgaskeptelen-vendegek\">MOZG\u00c1SK\u00c9PTELEN VEND\u00c9GEK<\/a>\n\t\t\t\t\t\t\t<\/li>\n\t\t\t\t\t<li>\n\t\t\t\t\t\t\t\t\t<a href=\"#tab-allatok-a-hotelban\">\u00c1LLATOK A HOTELBAN<\/a>\n\t\t\t\t\t\t\t<\/li>\n\t\t\t\t\t<li>\n\t\t\t\t\t\t\t\t\t<a href=\"#tab-dohanyzas\">DOH\u00c1NYZ\u00c1S<\/a>\n\t\t\t\t\t\t\t<\/li>\n\t\t\t\t\t<li>\n\t\t\t\t\t\t\t\t\t<a href=\"#tab-wellness-szolgaltatasok\">WELLNESS SZOLG\u00c1LTAT\u00c1SOK<\/a>\n\t\t\t\t\t\t\t<\/li>\n\t\t\t\t\t<li>\n\t\t\t\t\t\t\t\t\t<a href=\"#tab-nyitvatartas\">NYITVATART\u00c1S<\/a>\n\t\t\t\t\t\t\t<\/li>\n\t\t\t<\/ul>\n\t<div class=\"mkdf-tab-container\" id=\"tab-recepcio-926\">[vc_column_text]A hotel recepci\u00f3ja folyamatosan, a\u00a0nap 24 \u00f3r\u00e1j\u00e1ban a\u00a0rendelkez\u00e9s\u00fckre \u00e1ll. B\u00e1rmely k\u00e9rd\u00e9s, foglal\u00e1s vagy ig\u00e9ny eset\u00e9n b\u00e1rmikor kapcsolatba lehet l\u00e9pni vel\u00fcnk. Minden fontos inform\u00e1ci\u00f3t \u00e1tadunk \u00d6n\u00f6knek, amely az \u00d6n\u00f6k itteni tart\u00f3zkod\u00e1s\u00e1t \u00e9rinti.<\/p>\n<ul>\n<li><strong>CHECK IN<\/strong> a hotelben 15:00 \u00f3r\u00e1t\u00f3l lehets\u00e9ges<\/li>\n<li><strong>CHECK OUT<\/strong> a hotelben 10:00 \u00f3r\u00e1ig lehets\u00e9ges<\/li>\n<li><strong>LATE CHECK OUT<\/strong> \u2013 amennyiben k\u00e9s\u0151bb szeretn\u00e9k elhagyni a hotelt, l\u00e9pjenek k\u00e9rem kapcsolatba a hotel recepci\u00f3j\u00e1val. Late check &#8211; out 13:00 -ig 20 \u20ac, 15:00-ig 30 \u20ac \/ szoba.<\/li>\n<li><strong>EARLY CHECK IN<\/strong> \u2013 amennyiben hamar\u00e9bb szeretn\u00e9k bejelentkezni, l\u00e9pjenek k\u00e9rem kapcsolatba a hotel recepci\u00f3j\u00e1val. A szolg\u00e1ltat\u00e1s \u00e1ra 20 \u20ac.<\/li>\n<li><strong>TRANSZFER<\/strong> &#8211; \u00e9rdekl\u0151d\u00e9s eset\u00e9n k\u00e9rj\u00fck, l\u00e9pjen kapcsolatba sz\u00e1llod\u00e1nk recepci\u00f3j\u00e1val, sz\u00edvesen megszervezz\u00fck a taxi szolg\u00e1ltat\u00e1st Kom\u00e1rn\u00f3b\u00f3l az \u00d6n \u00e9rkez\u00e9s\u00e9re \/ t\u00e1voz\u00e1s\u00e1ra.<\/li>\n<li><strong>P\u00d3T \u00c1GY<\/strong> &#8211; ha szeretne egy p\u00f3t\u00e1gyat a szob\u00e1j\u00e1ba, k\u00e9rj\u00fck, vegye fel a kapcsolatot a sz\u00e1lloda recepci\u00f3j\u00e1val vagy a foglal\u00e1si oszt\u00e1llyal. A p\u00f3t\u00e1gy \u00e1ra 50 \u20ac \/ \u00e9jszaka.<\/li>\n<li><strong>CHIP ELVESZT\u00c9SE<\/strong> &#8211; sz\u00e1llod\u00e1nkban mindenhol chip \u00f3r\u00e1val fizetnek. Elveszt\u00e9se eset\u00e9n minden chipre 33 \u20ac b\u00fcntet\u00e9st sz\u00e1molunk fel.<\/li>\n<\/ul>\n<p>[\/vc_column_text]<\/div><div class=\"mkdf-tab-container\" id=\"tab-internet-30\">[vc_column_text]<\/p>\n<p class=\"p1\">A hotel eg\u00e9sz ter\u00fclet\u00e9n\u00a0<strong>ingyenes WI \u2013 FI<\/strong> szolg\u00e1lja az Internet-csatlakoz\u00e1st.<\/p>\n<p>[\/vc_column_text]<\/div><div class=\"mkdf-tab-container\" id=\"tab-parkolas-853\">[vc_column_text]A hotelban t\u00f6lt\u00f6tt id\u0151 alatt\u00a0<strong>ingyen parkolhatnak<\/strong> a hotel parkol\u00f3j\u00e1ban.[\/vc_column_text]<\/div><div class=\"mkdf-tab-container\" id=\"tab-etkezes-924\">[vc_column_text]80 f\u00e9r\u0151helyes, st\u00edlusos \u00e9tterm\u00fcnkben kiel\u00e9g\u00edthetik minden \u00e9tkez\u00e9si ig\u00e9ny\u00fcket. A\u00a0kit\u0171n\u0151 kulin\u00e1ris specialit\u00e1sok, helyi \u00e9s k\u00fclf\u00f6ldi \u00e9telek a\u00a0hazai \u00e9s region\u00e1lis termel\u0151kt\u0151l \u00e9s besz\u00e1ll\u00edt\u00f3kt\u00f3l sz\u00e1rmaz\u00f3 nyersanyagok, valamint a\u00a0szem\u00e9lyzet szolg\u00e1latk\u00e9szs\u00e9ge \u00e9s sz\u00edv\u00e9lyess\u00e9ge garant\u00e1lja a\u00a0feledhetetlen gasztro-\u00e9lm\u00e9nyt. A\u00a0ny\u00e1ri h\u00f3napok alatt az \u00e9telt vagy italt a\u00a0t\u00f3 melletti ny\u00e1ri teraszon is \u00e9lvezhetik.<\/p>\n<p>A\u00a0tart\u00f3zkod\u00e1s \u00e1ra mag\u00e1ban foglalja a\u00a0reggelit \u00e9s az italok n\u00e9lk\u00fcli vacsor\u00e1t is<\/p>\n<p><strong>Dress code<\/strong> az \u00e9tteremben \u2013 k\u00f6tetlen \u00f6lt\u00f6zetet javaslunk. A vend\u00e9gek nem l\u00e9phetnek be a sz\u00e1lloda \u00e9tterm\u00e9be f\u00fcrd\u0151ruh\u00e1ban, f\u00fcrd\u0151k\u00f6penyben vagy h\u00e1zi\u00e1llattal.<\/p>\n<ul>\n<li><strong>a reggelit<\/strong> sa hotel \u00e9tterm\u00e9ben, a\u00a0recepci\u00f3 mellett 7:30 \u2013 10:00 k\u00f6z\u00f6tt szolg\u00e1lj\u00e1k fel*<\/li>\n<li><strong>a vacsor\u00e1t<\/strong>\u00a0 17:30 \u2013 20:00 \u00f3ra k\u00f6z\u00f6tt szolg\u00e1lj\u00e1k fel*<\/li>\n<li><strong>eb\u00e9d<\/strong> \u2013 A la carte \u00e9tlap alapj\u00e1n az \u00e9tterem nyitvatart\u00e1si ideje alatt, 12:00 \u2013 15:00 \u00f3ra k\u00f6z\u00f6tt<\/li>\n<\/ul>\n<p data-start=\"30\" data-end=\"489\"><strong>*Vend\u00e9geink maxim\u00e1lis k\u00e9nyelme \u00e9s a kellemes tart\u00f3zkod\u00e1si \u00e9lm\u00e9ny \u00e9rdek\u00e9ben, teljes sz\u00e1llodai kihaszn\u00e1lts\u00e1g eset\u00e9n a reggelit \u00e9s a vacsor\u00e1t h\u00e1rom id\u0151s\u00e1vra osztjuk. Ennek k\u00f6sz\u00f6nhet\u0151en elker\u00fclj\u00fck az \u00e9tterem zs\u00fafolts\u00e1g\u00e1t, \u00e9s biztos\u00edtjuk, hogy minden vend\u00e9g nyugodtan \u00e9lvezhesse az \u00e9tkez\u00e9st \u00e9s a sz\u00e1lloda hangulat\u00e1t. H\u00e9tv\u00e9g\u00e9ken vagy a sz\u00e1lloda teljes kapacit\u00e1sa eset\u00e9n a reggelit 07:00 \u00e9s 10:00 \u00f3ra k\u00f6z\u00f6tt, a vacsor\u00e1t pedig 17:00 \u00e9s 20:00 \u00f3ra k\u00f6z\u00f6tt szolg\u00e1ljuk fel.<\/strong><\/p>\n<p data-start=\"491\" data-end=\"597\" data-is-last-node=\"\" data-is-only-node=\"\">\n<p data-start=\"491\" data-end=\"597\" data-is-last-node=\"\" data-is-only-node=\"\">\n<p data-start=\"491\" data-end=\"597\" data-is-last-node=\"\" data-is-only-node=\"\"><span style=\"color: #ff0000;\"><em><strong>K\u00e9rj\u00fck, el\u0151re jelezze fel\u00e9nk, amennyiben glut\u00e9nmentes, lakt\u00f3zmentes vagy egy\u00e9b speci\u00e1lis \u00e9trendet ig\u00e9nyel.<\/strong><\/em><\/span><\/p>\n<p>[\/vc_column_text]<\/div><div class=\"mkdf-tab-container\" id=\"tab-a-hotel-szolgaltatasai-811\">[vc_column_text]<strong>A vend\u00e9geink rendelkez\u00e9s\u00e9re \u00e1ll\u00f3 felszerel\u00e9s<\/strong> \u2013 vasal\u00f3 \u00e9s vasal\u00f3deszka k\u00f6lcs\u00f6nvehet\u0151, eml\u00e9kt\u00e1rgyak \u00e1rus\u00edt\u00e1sa, turista-inform\u00e1ci\u00f3, audiovizu\u00e1lis konferencia-technika k\u00f6lcs\u00f6nz\u00e9se (flipchart, projektor, plazma TV, sz\u00fcks\u00e9g szerint&#8230;), f\u00e9nym\u00e1sol\u00e1s, irodai szolg\u00e1ltat\u00e1sok, tolm\u00e1csol\u00e1s, asszisztens szolg\u00e1ltat\u00e1sok.[\/vc_column_text]<\/div><div class=\"mkdf-tab-container\" id=\"tab-felszereles-gyermekek-reszere-678\">[vc_column_text]<strong>Foglal\u00e1sakor t\u00e1j\u00e9koztasson benn\u00fcnket a\u00a0gyermeke sz\u00fcks\u00e9gleteir\u0151l.<\/strong><strong> I<\/strong><strong>ngyenesen<\/strong> k\u00e9relme alapj\u00e1n gyerek\u00e1gy (a rendelkez\u00e9sre \u00e1ll\u00e1s f\u00fcggv\u00e9ny\u00e9ben), gyereksz\u00e9k, gyerekeknek fell\u00e9p\u0151, gyerekk\u00e1d, \u00e9jjelied\u00e9ny, \u00fcveg meleg\u00edt\u0151, biztons\u00e1gi z\u00e1r a fi\u00f3kra, gyerekk\u00f6peny, gyerek men\u00fc az \u00e9tteremben. A recepci\u00f3n megv\u00e1s\u00e1rolhatja gyermeke sz\u00e1m\u00e1ra az alapvet\u0151 sz\u00fcks\u00e9gleti cikkeket \u2013 pelenka, pelenka a v\u00edzbe, \u00fasz\u00f3gumik a karra vagy az \u00fasz\u00e1shoz sz\u00fcks\u00e9ges eszk\u00f6z\u00f6k.[\/vc_column_text]<\/div><div class=\"mkdf-tab-container\" id=\"tab-animacios-program-85\">[vc_column_text]El\u0151szezonban minden p\u00e9nteken \u00e9s szombaton, a ny\u00e1ri szezonban pedig minden nap sz\u00f3rakoztat\u00f3 programokkal v\u00e1rjuk a gyerekeket \u00e9s feln\u0151tteket a sz\u00e1llod\u00e1ban \u2013 v\u00edzi torna, versenyek, gyerekbulik \u00e9s diszk\u00f3 a kabal\u00e1val. Tart\u00f3zkod\u00e1sa alatt ig\u00e9nybe veheti a gyereksarkokat a sz\u00e1lloda recepci\u00f3ja mellett \u00e9s a Term\u00e1lparkban.[\/vc_column_text]<\/div><div class=\"mkdf-tab-container\" id=\"tab-fizetokartyak-127\">[vc_column_text]Hotelunkban a\u00a0k\u00f6vetkez\u0151 fizet\u0151k\u00e1rtya t\u00edpusokat fogadjuk el: Master Card, VISA, VISA Electron, International Maestro, American Express. A\u00a0hotel fenntartja mag\u00e1nak a\u00a0jogot, hogy \u00e9rkez\u00e9skor ellen\u0151rizze a\u00a0fizet\u0151k\u00e1rty\u00e1kat.[\/vc_column_text]<\/div><div class=\"mkdf-tab-container\" id=\"tab-mozgaskeptelen-vendegek-333\">[vc_column_text]A hotelban 2 szoba \u00e1lla mozg\u00e1sk\u00e9ptelen vend\u00e9gek rendelkez\u00e9s\u00e9re.[\/vc_column_text]<\/div><div class=\"mkdf-tab-container\" id=\"tab-allatok-a-hotelban-18\">[vc_column_text]Sz\u00e1llod\u00e1nk h\u00e1zi\u00e1llatbar\u00e1t is. A h\u00e1zi\u00e1llatokkal (kuty\u00e1k \u00e9s macsk\u00e1k) val\u00f3 tart\u00f3zkod\u00e1s n\u00e1lunk lehets\u00e9ges. <strong>Nem megengedett azonban a vel\u00fck val\u00f3 tart\u00f3zkod\u00e1s a vend\u00e9gl\u00e1t\u00f3helyeken &#8211; \u00e9ttermekben \u00e9s b\u00e1rokban, valamint a Thermal parkban, a Wellness k\u00f6zpontban, a gyermekj\u00e1tsz\u00f3tereken, a sz\u00e1lloda szabadt\u00e9ri ter\u00fclet\u00e9n \u00e9s a Pati term\u00e1l f\u00fcrd\u0151ben.<\/strong> \u00c9rdekl\u0151d\u00e9s\u00fck eset\u00e9n sz\u00edvesen adunk ingyenesen k\u00f6lcs\u00f6n etet\u0151- \u00e9s itat\u00f3t\u00e1lat. A kuty\u00e1knak minden k\u00f6zter\u00fcleten p\u00f3r\u00e1zon \u00e9s gazd\u00e1juk k\u00eds\u00e9ret\u00e9ben kell tart\u00f3zkodniuk. A h\u00e1zi\u00e1llatokat nem szabad fel\u00fcgyelet n\u00e9lk\u00fcl hagyni. A sz\u00e1lloda tulajdon\u00e1ban keletkezett k\u00e1r eset\u00e9n a vend\u00e9g k\u00f6teles a keletkezett k\u00e1r teljes \u00f6sszeg\u00e9t megfizetni. A h\u00e1zi\u00e1llat-\u00e9rt 20 \u20ac \/ \u00e9jszaka d\u00edjat sz\u00e1m\u00edtunk fel.[\/vc_column_text]<\/div><div class=\"mkdf-tab-container\" id=\"tab-dohanyzas-475\">[vc_column_text]A Wellness Hotel Patince nemdoh\u00e1nyz\u00f3 hotel. Doh\u00e1nyozni csak a kinti teraszokon lehet. A doh\u00e1nyz\u00e1s szigor\u00faan tilos a szob\u00e1kban \u00e9s az erk\u00e9lyeken ennek megszeg\u00e9se eset\u00e9n <span style=\"color: #ff0000;\"><strong>50 \u20ac b\u00fcntet\u00e9st sz\u00e1molunk fel<\/strong><\/span> a tisztit\u00e1sra.[\/vc_column_text]<\/div><div class=\"mkdf-tab-container\" id=\"tab-wellness-szolgaltatasok-945\"><\/div><div class=\"mkdf-tab-container\" id=\"tab-nyitvatartas-248\">[vc_empty_space height=&#8221;50px&#8221;]<div class=\"mkdf-section-title-holder  mkdf-st-standard mkdf-st-ha-center mkdf-st-title-left mkdf-st-normal-space \" style=\"text-align: center\">\n\t<div class=\"mkdf-st-inner\">\n\t\t\t\t\t\t\t<h3 class=\"mkdf-st-title\" >\n\t\t\t\tNyitvatart\u00e1s 2026.01.01.-t\u0151l\t\t\t\t\t\t\t<\/h3>\n\t\t\t\t\t\t\t<div class=\"mkdf-st-separator\" style=\"background-color: #c59d5f\"><\/div>\n\t\t\t\t\t<\/div>\n<\/div><div class=\"mkdf-section-title-holder  mkdf-st-two-columns  mkdf-st-title-left mkdf-st-normal-space \" >\n\t<div class=\"mkdf-st-inner\">\n\t\t\t\t\t\t\t<h4 class=\"mkdf-st-title\" style=\"color: #c59d5f\">\n\t\t\t\tRestaur\u00e1ci\u00f3\t\t\t\t\t\t\t<\/h4>\n\t\t\t\t\t\t\t\t\t<h4 class=\"mkdf-st-text\" >\n\t\t\t\tH\u00e9tf\u0151 - Vas\u00e1rnap 07:00 - 20:30\t\t\t<\/h4>\n\t\t\t<\/div>\n<\/div><div class=\"mkdf-section-title-holder  mkdf-st-two-columns  mkdf-st-title-left mkdf-st-normal-space \" >\n\t<div class=\"mkdf-st-inner\">\n\t\t\t\t\t\t\t<h4 class=\"mkdf-st-title\" style=\"color: #c59d5f\">\n\t\t\t\tLobby bar\t\t\t\t\t\t\t<\/h4>\n\t\t\t\t\t\t\t\t\t<h4 class=\"mkdf-st-text\" >\n\t\t\t\tH\u00e9tf\u0151 - Vas\u00e1rnap 09:00 - 10:30 \/ 17:00 - 21:00\t\t\t<\/h4>\n\t\t\t<\/div>\n<\/div><div class=\"mkdf-section-title-holder  mkdf-st-two-columns  mkdf-st-title-left mkdf-st-normal-space \" >\n\t<div class=\"mkdf-st-inner\">\n\t\t\t\t\t\t\t<h4 class=\"mkdf-st-title\" style=\"color: #c59d5f\">\n\t\t\t\tPool bar\t\t\t\t\t\t\t<\/h4>\n\t\t\t\t\t\t\t\t\t<h4 class=\"mkdf-st-text\" >\n\t\t\t\tH\u00e9tf\u0151 - Vas\u00e1rnap 10:30 - 17:00\t\t\t<\/h4>\n\t\t\t<\/div>\n<\/div><div class=\"mkdf-section-title-holder  mkdf-st-two-columns  mkdf-st-title-left mkdf-st-normal-space \" >\n\t<div class=\"mkdf-st-inner\">\n\t\t\t\t\t\t\t<h4 class=\"mkdf-st-title\" style=\"color: #c59d5f\">\n\t\t\t\tBowling bar\t\t\t\t\t\t\t<\/h4>\n\t\t\t\t\t\t\t\t\t<h4 class=\"mkdf-st-text\" >\n\t\t\t\tSzerda - Vas\u00e1rnap 17:00 - 24:00\t\t\t<\/h4>\n\t\t\t<\/div>\n<\/div>[vc_column_text][\/vc_column_text]<div class=\"mkdf-section-title-holder  mkdf-st-two-columns  mkdf-st-title-left mkdf-st-normal-space \" >\n\t<div class=\"mkdf-st-inner\">\n\t\t\t\t\t\t\t<h4 class=\"mkdf-st-title\" style=\"color: #c59d5f\">\n\t\t\t\tPanorama Restaurant &amp; Bar\t\t\t\t\t\t\t<\/h4>\n\t\t\t\t\t\t\t\t\t<h4 class=\"mkdf-st-text\" >\n\t\t\t\tCs\u00fct\u00f6rt\u00f6k - Vas\u00e1rnap 11:00 - 17:00\t\t\t<\/h4>\n\t\t\t<\/div>\n<\/div><div class=\"mkdf-section-title-holder  mkdf-st-two-columns  mkdf-st-title-left mkdf-st-normal-space \" >\n\t<div class=\"mkdf-st-inner\">\n\t\t\t\t\t\t\t<h4 class=\"mkdf-st-title\" style=\"color: #c59d5f\">\n\t\t\t\tTerm\u00e1l park\t\t\t\t\t\t\t<\/h4>\n\t\t\t\t\t\t\t\t\t<h4 class=\"mkdf-st-text\" >\n\t\t\t\tH\u00e9tf\u0151 - P\u00e9ntek 10:00 - 20:00<br \/>\nSzombat - Vas\u00e1rnap 09:00 - 20:00\t\t\t<\/h4>\n\t\t\t<\/div>\n<\/div><div class=\"mkdf-section-title-holder  mkdf-st-two-columns  mkdf-st-title-left mkdf-st-normal-space \" >\n\t<div class=\"mkdf-st-inner\">\n\t\t\t\t\t\t\t<h4 class=\"mkdf-st-title\" style=\"color: #c59d5f\">\n\t\t\t\tWellness k\u00f6zpont\t\t\t\t\t\t\t<\/h4>\n\t\t\t\t\t\t\t\t\t<h4 class=\"mkdf-st-text\" >\n\t\t\t\tVas\u00e1rnap - Cs\u00fct\u00f6rt\u00f6k 16:00 - 20:00<br \/>\nP\u00e9ntek - Szombat 14:00 - 20:00\t\t\t<\/h4>\n\t\t\t<\/div>\n<\/div><div class=\"mkdf-section-title-holder  mkdf-st-two-columns  mkdf-st-title-left mkdf-st-normal-space \" >\n\t<div class=\"mkdf-st-inner\">\n\t\t\t\t\t\t\t<h4 class=\"mkdf-st-title\" style=\"color: #c59d5f\">\n\t\t\t\tBeauty k\u00f6zpont\t\t\t\t\t\t\t<\/h4>\n\t\t\t\t\t\t\t\t\t<h4 class=\"mkdf-st-text\" >\n\t\t\t\tVas\u00e1rnap - H\u00e9tf\u0151 z\u00e1rva, Kedd 13:00 - 17:00,<br \/>\nSzerda - Szombat 10:00 - 18:30\t\t\t<\/h4>\n\t\t\t<\/div>\n<\/div><div class=\"mkdf-section-title-holder  mkdf-st-two-columns  mkdf-st-title-left mkdf-st-normal-space \" >\n\t<div class=\"mkdf-st-inner\">\n\t\t\t\t\t\t\t<h4 class=\"mkdf-st-title\" style=\"color: #c59d5f\">\n\t\t\t\tMassz\u00e1zs k\u00f6zpont\t\t\t\t\t\t\t<\/h4>\n\t\t\t\t\t\t\t\t\t<h4 class=\"mkdf-st-text\" >\n\t\t\t\tH\u00e9tf\u0151 - Vas\u00e1rnap 12:00 - 20:00\t\t\t<\/h4>\n\t\t\t<\/div>\n<\/div><div class=\"mkdf-section-title-holder  mkdf-st-two-columns  mkdf-st-title-left mkdf-st-normal-space \" >\n\t<div class=\"mkdf-st-inner\">\n\t\t\t\t\t\t\t<h4 class=\"mkdf-st-title\" style=\"color: #c59d5f\">\n\t\t\t\tThai massz\u00e1zs k\u00f6zpont\t\t\t\t\t\t\t<\/h4>\n\t\t\t\t\t\t\t\t\t<h4 class=\"mkdf-st-text\" >\n\t\t\t\tH\u00e9tf\u0151 - Vas\u00e1rnap 11:00 - 13:00,14:00 - 20:00\t\t\t<\/h4>\n\t\t\t<\/div>\n<\/div>[vc_empty_space][vc_column_text]<\/p>\n<p style=\"text-align: center;\"><em><strong>Az \u00fczemeltet\u0151 fenntartja a jogot, hogy megv\u00e1ltoztassa a k\u00f6zpont nyitvatart\u00e1si idej\u00e9t (legal\u00e1bb 1 nappal kor\u00e1bban friss\u00edtse a honlapunkon a Nyitvatart\u00e1si id\u0151 \u00e9s hirdetm\u00e9nyek men\u00fcpontban).<\/strong><\/em><\/p>\n<p>[\/vc_column_text]<\/div><\/div>\t\t<\/div>\n\t<\/div>\n<\/div><\/div>[\/vc_column][\/vc_row]<\/p>\n","protected":false},"excerpt":{"rendered":"<p>[vc_row css=&#8221;.vc_custom_1613060678171{padding-top: 50px !important;padding-bottom: 50px !important;}&#8221;][vc_column][vc_column_text] Tisztelt vend\u00e9geink, \u00f6sszegy\u0171jt\u00f6tt\u00fck \u00d6n\u00f6knek a legfontosabb inform\u00e1ci\u00f3kat az itt-tart\u00f3zkod\u00e1suk idej\u00e9re. B\u00e1rmely k\u00e9rd\u00e9s eset\u00e9n l\u00e9pjen kapcsolatba a hotel recepci\u00f3j\u00e1val vagy a foglal\u00e1si oszt\u00e1llyal. Kellemes tart\u00f3zkod\u00e1st k\u00edv\u00e1nunk. [\/vc_column_text][\/vc_column][\/vc_row][vc_row css=&#8221;.vc_custom_1621864516646{padding-top: 0px !important;padding-bottom: 70px !important;}&#8221;][vc_column][\/vc_column][\/vc_row]<\/p>\n","protected":false},"author":8,"featured_media":0,"parent":0,"menu_order":0,"comment_status":"closed","ping_status":"closed","template":"","meta":{"inline_featured_image":false,"footnotes":"","_wp_rev_ctl_limit":""},"class_list":["post-21038","page","type-page","status-publish","hentry"],"_links":{"self":[{"href":"https:\/\/wellnesspatince.sk\/hu\/wp-json\/wp\/v2\/pages\/21038","targetHints":{"allow":["GET"]}}],"collection":[{"href":"https:\/\/wellnesspatince.sk\/hu\/wp-json\/wp\/v2\/pages"}],"about":[{"href":"https:\/\/wellnesspatince.sk\/hu\/wp-json\/wp\/v2\/types\/page"}],"author":[{"embeddable":true,"href":"https:\/\/wellnesspatince.sk\/hu\/wp-json\/wp\/v2\/users\/8"}],"replies":[{"embeddable":true,"href":"https:\/\/wellnesspatince.sk\/hu\/wp-json\/wp\/v2\/comments?post=21038"}],"version-history":[{"count":52,"href":"https:\/\/wellnesspatince.sk\/hu\/wp-json\/wp\/v2\/pages\/21038\/revisions"}],"predecessor-version":[{"id":26952,"href":"https:\/\/wellnesspatince.sk\/hu\/wp-json\/wp\/v2\/pages\/21038\/revisions\/26952"}],"wp:attachment":[{"href":"https:\/\/wellnesspatince.sk\/hu\/wp-json\/wp\/v2\/media?parent=21038"}],"curies":[{"name":"wp","href":"https:\/\/api.w.org\/{rel}","templated":true}]}}