{"id":20919,"date":"2021-02-11T18:52:34","date_gmt":"2021-02-11T17:52:34","guid":{"rendered":"https:\/\/wellnesspatince.sk\/kontakt\/"},"modified":"2024-02-12T13:31:01","modified_gmt":"2024-02-12T12:31:01","slug":"elerhetosegek","status":"publish","type":"page","link":"https:\/\/wellnesspatince.sk\/hu\/elerhetosegek\/","title":{"rendered":"KAPCSOLAT"},"content":{"rendered":"<p>[vc_row row_content_width=&#8221;grid&#8221; css=&#8221;.vc_custom_1495444795050{padding-top: 80px !important;padding-bottom: 120px !important;}&#8221;][vc_column offset=&#8221;vc_col-lg-6 vc_col-md-12&#8243;][vc_column_text]<\/p>\n<h3>WELLNESS HOTEL PATINCE ****<\/h3>\n<p>[\/vc_column_text]<div class=\"mkdf-elements-holder   mkdf-one-column  mkdf-responsive-mode-768 \" ><div class=\"mkdf-eh-item    \"  data-item-class=\"mkdf-eh-custom-2493\">\n\t<div class=\"mkdf-eh-item-inner\">\n\t\t<div class=\"mkdf-eh-item-content mkdf-eh-custom-2493\" style=\"padding: 0 25% 0 0\">\n\t\t\t[vc_column_text]<\/p>\n<p class=\"p1\">Patince 431<br \/>\n946 39 Patince<br \/>\nGPS: 47.7476958, 18.30733060419967[\/vc_column_text]\t\t<\/div>\n\t<\/div>\n<\/div><\/div>[vc_empty_space height=&#8221;20px&#8221;]<div class=\"mkdf-elements-holder   mkdf-two-columns  mkdf-responsive-mode-768 \" ><div class=\"mkdf-eh-item    \"  data-item-class=\"mkdf-eh-custom-7818\" data-1024-1280=\"0 12% 0 0\">\n\t<div class=\"mkdf-eh-item-inner\">\n\t\t<div class=\"mkdf-eh-item-content mkdf-eh-custom-7818\" style=\"padding: 0 17% 0 0\">\n\t\t\t[vc_column_text]<\/p>\n<h5>FOGLAL\u00c1SI OSZT\u00c1LY<\/h5>\n<p>[\/vc_column_text][vc_column_text]H<span class=\"font-medium break-words\" data-fragment-close-on-click=\"true\" data-fragment-target=\"#phraseDetails_container-0\">\u00e9tf\u0151<\/span> &#8211; Vas\u00e1rnap: 8:00 &#8211; 16:30<br \/>\nEmail: <a href=\"mailto:rezervacie@wellnesspatince.sk\">rezervacie@wellnesspatince.sk<\/a><br \/>\nTel..:\u00a0 <a href=\"tel:+421917654875\">+421 917 654 875 <\/a>[\/vc_column_text][vc_empty_space height=&#8221;14px&#8221;]\t\t<\/div>\n\t<\/div>\n<\/div><div class=\"mkdf-eh-item    \"  data-item-class=\"mkdf-eh-custom-4367\" data-1024-1280=\"0 12% 0 0\">\n\t<div class=\"mkdf-eh-item-inner\">\n\t\t<div class=\"mkdf-eh-item-content mkdf-eh-custom-4367\" style=\"padding: 0 25% 0 0\">\n\t\t\t[vc_column_text]<\/p>\n<h5>RECEPCI\u00d3<\/h5>\n<p>[\/vc_column_text][vc_column_text]Email: <a href=\"mailto:recepcia@wellnesspatince.sk\">recepcia@wellnesspatince.sk<\/a><\/p>\n<p>Tel.:\u00a0 <a href=\"tel:+421918886715\"> +421 918 886 715 <\/a>[\/vc_column_text][vc_empty_space height=&#8221;14px&#8221;]\t\t<\/div>\n\t<\/div>\n<\/div><\/div><div class=\"mkdf-elements-holder   mkdf-two-columns  mkdf-responsive-mode-768 \" ><div class=\"mkdf-eh-item    \"  data-item-class=\"mkdf-eh-custom-7393\" data-1024-1280=\"0 12% 0 0\">\n\t<div class=\"mkdf-eh-item-inner\">\n\t\t<div class=\"mkdf-eh-item-content mkdf-eh-custom-7393\" style=\"padding: 0 17% 0 0\">\n\t\t\t[vc_column_text]<\/p>\n<h5>MARKETING<\/h5>\n<p>[\/vc_column_text][vc_column_text]Email: <a href=\"mailto:marketing@wellnesspatince.sk\">marketing@wellnesspatince.sk<\/a>[\/vc_column_text][vc_empty_space height=&#8221;14px&#8221;]\t\t<\/div>\n\t<\/div>\n<\/div><div class=\"mkdf-eh-item    \"  data-item-class=\"mkdf-eh-custom-9112\" data-1024-1280=\"0 12% 0 0\">\n\t<div class=\"mkdf-eh-item-inner\">\n\t\t<div class=\"mkdf-eh-item-content mkdf-eh-custom-9112\" style=\"padding: 0 25% 0 0\">\n\t\t\t[vc_column_text]<\/p>\n<h5>KONGRESSZUSOK, RENDEZV\u00c9NYEK \u00c9S CSAPAT\u00c9P\u00cdT\u00c9SEK<\/h5>\n<p>[\/vc_column_text][vc_column_text]Email: <a href=\"mailto:kongresy@wellnesspatince.sk\">kongresy@wellnesspatince.sk<\/a>[\/vc_column_text][vc_empty_space height=&#8221;14px&#8221;]\t\t<\/div>\n\t<\/div>\n<\/div><\/div><div class=\"mkdf-elements-holder   mkdf-two-columns  mkdf-responsive-mode-768 \" ><div class=\"mkdf-eh-item    \"  data-item-class=\"mkdf-eh-custom-1502\" data-1024-1280=\"0 12% 0 0\">\n\t<div class=\"mkdf-eh-item-inner\">\n\t\t<div class=\"mkdf-eh-item-content mkdf-eh-custom-1502\" style=\"padding: 0 17% 0 0\">\n\t\t\t[vc_column_text]<\/p>\n<h5>SZ\u00c1ML\u00c1Z\u00c1SI ADATOK<\/h5>\n<p>[\/vc_column_text][vc_column_text]Wellness Invest, a. s.<br \/>\n<span class=\"ra\">Levelez\u00e9si c\u00edm : Patince 431, 946 39 Patince<\/span><\/p>\n<p><span class=\"ra\">Bejegyzett sz\u00e9khely: Mal\u00fd trh <\/span><span class=\"ra\">2\/A<\/span>, Bratislava, <span class=\"ra\">811 08<\/span><\/p>\n<p>K\u00d6Z\u00d6SS\u00c9GI AD\u00d3SZ\u00c1M: 47 240 008<\/p>\n<p>\u00c1FA: SK2023551904<\/p>\n<p>DI\u010c: 2023551904<\/p>\n<p>bank sz\u00e1mla: Slovensk\u00e1 sporite\u013e\u0148a, a.s.<\/p>\n<p>IBAN: SK3309000000005192054777<\/p>\n<p>SWIFT: GIBASKBX<\/p>\n<p>bejegyezve a Pozsonyi V\u00e1rosi B\u00edr\u00f3s\u00e1g III. kereskedelmi nyilv\u00e1ntart\u00e1s\u00e1ban, r\u00e9szleg: Sro, bejegyz\u00e9s sz\u00e1ma: 5607\/B<\/p>\n<p>&nbsp;<\/p>\n<p>&nbsp;[\/vc_column_text][vc_empty_space height=&#8221;14px&#8221;]\t\t<\/div>\n\t<\/div>\n<\/div><\/div>[\/vc_column][vc_column offset=&#8221;vc_col-lg-6 vc_col-md-12&#8243;]<div class=\"mkdf-elements-holder   mkdf-one-column  mkdf-responsive-mode-768 \" ><div class=\"mkdf-eh-item    \"  data-item-class=\"mkdf-eh-custom-2506\" data-1280-1600=\"5% 0% 0 4%\" data-768-1024=\"10% 0 0 0\" data-680-768=\"10% 0 0 0\" data-680=\"5% 0 0 0\">\n\t<div class=\"mkdf-eh-item-inner\">\n\t\t<div class=\"mkdf-eh-item-content mkdf-eh-custom-2506\" style=\"padding: 6% 0% 0 4%\">\n\t\t\t\n<div class=\"wpcf7 no-js\" id=\"wpcf7-f3858-o1\" lang=\"en-US\" dir=\"ltr\" data-wpcf7-id=\"3858\">\n<div class=\"screen-reader-response\"><p role=\"status\" aria-live=\"polite\" aria-atomic=\"true\"><\/p> <ul><\/ul><\/div>\n<form action=\"\/hu\/wp-json\/wp\/v2\/pages\/20919#wpcf7-f3858-o1\" method=\"post\" class=\"wpcf7-form init cf7_custom_style_2\" aria-label=\"Contact form\" novalidate=\"novalidate\" data-status=\"init\">\n<fieldset class=\"hidden-fields-container\"><input type=\"hidden\" name=\"_wpcf7\" value=\"3858\" \/><input type=\"hidden\" name=\"_wpcf7_version\" value=\"6.1.4\" \/><input type=\"hidden\" name=\"_wpcf7_locale\" value=\"en_US\" \/><input type=\"hidden\" name=\"_wpcf7_unit_tag\" value=\"wpcf7-f3858-o1\" \/><input type=\"hidden\" name=\"_wpcf7_container_post\" value=\"0\" \/><input type=\"hidden\" name=\"_wpcf7_posted_data_hash\" value=\"\" \/><input type=\"hidden\" name=\"_wpcf7_recaptcha_response\" value=\"\" \/>\n<\/fieldset>\n<div>\n\t<p><span class=\"wpcf7-form-control-wrap\" data-name=\"your-name\"><input size=\"40\" maxlength=\"400\" class=\"wpcf7-form-control wpcf7-text\" aria-invalid=\"false\" placeholder=\"Va\u0161e meno\" value=\"\" type=\"text\" name=\"your-name\" \/><\/span>\n\t<\/p>\n<\/div>\n<div>\n\t<p><span class=\"wpcf7-form-control-wrap\" data-name=\"email\"><input size=\"40\" maxlength=\"400\" class=\"wpcf7-form-control wpcf7-email wpcf7-validates-as-required wpcf7-text wpcf7-validates-as-email\" aria-required=\"true\" aria-invalid=\"false\" placeholder=\"V\u00e1\u0161 Email\" value=\"\" type=\"email\" name=\"email\" \/><\/span>\n\t<\/p>\n<\/div>\n<div>\n\t<p><span class=\"wpcf7-form-control-wrap\" data-name=\"message\"><textarea cols=\"40\" rows=\"7\" maxlength=\"2000\" class=\"wpcf7-form-control wpcf7-textarea wpcf7-validates-as-required\" aria-required=\"true\" aria-invalid=\"false\" placeholder=\"Va\u0161a spr\u00e1va\" name=\"message\"><\/textarea><\/span>\n\t<\/p>\n<\/div>\n<div>\n\t<p><input class=\"wpcf7-form-control wpcf7-submit has-spinner\" type=\"submit\" value=\"ODOSLA\u0164\" \/>\n\t<\/p>\n<\/div><div class=\"wpcf7-response-output\" aria-hidden=\"true\"><\/div>\n<\/form>\n<\/div>\n\t\t<\/div>\n\t<\/div>\n<\/div><\/div>[vc_gmaps link=&#8221;#E-8_JTNDaWZyYW1lJTIwc3JjJTNEJTIyaHR0cHMlM0ElMkYlMkZ3d3cuZ29vZ2xlLmNvbSUyRm1hcHMlMkZlbWJlZCUzRnBiJTNEJTIxMW0yMyUyMTFtOCUyMTFtMyUyMTFkODU4NDcuMzkyMzQxMDQ4NTYlMjEyZDE4LjIzNzc2ODklMjEzZDQ3Ljc0Nzg3MzYlMjEzbTIlMjExaTEwMjQlMjEyaTc2OCUyMTRmMTMuMSUyMTRtMTIlMjEzZTYlMjE0bTUlMjExczB4NDc2YTUwNGE2NWMxMDQ5NSUyNTNBMHhmOTRiMDc3OWJmYmIyZDlmJTIxMnNXZWxsbmVzcyUyNTIwSG90ZWwlMjUyMFBhdGluY2UlMjUyQyUyNTIwUGF0aW5jZSUyNTIwNDMxJTI1MkMlMjUyMDk0NiUyNTIwMzklMjUyMFBhdGluY2UlMjEzbTIlMjExZDQ3Ljc0Nzg5NDklMjEyZDE4LjMwNzgwODU5OTk5OTk5OCUyMTRtNCUyMTFzMHg0NzZhNTA0YTY1YzEwNDk1JTI1M0EweGY5NGIwNzc5YmZiYjJkOWYlMjEzbTIlMjExZDQ3Ljc0Nzg5NDklMjEyZDE4LjMwNzgwODU5OTk5OTk5OCUyMTVlMCUyMTNtMiUyMTFzc2slMjEyc3NrJTIxNHYxNjc0NDgzMDM0Njk5JTIxNW0yJTIxMXNzayUyMTJzc2slMjIlMjB3aWR0aCUzRCUyMjYwMCUyMiUyMGhlaWdodCUzRCUyMjQ1MCUyMiUyMHN0eWxlJTNEJTIyYm9yZGVyJTNBMCUzQiUyMiUyMGFsbG93ZnVsbHNjcmVlbiUzRCUyMiUyMiUyMGxvYWRpbmclM0QlMjJsYXp5JTIyJTIwcmVmZXJyZXJwb2xpY3klM0QlMjJuby1yZWZlcnJlci13aGVuLWRvd25ncmFkZSUyMiUzRSUzQyUyRmlmcmFtZSUzRQ==&#8221; css=&#8221;.vc_custom_1674483244456{margin-top: 40px !important;margin-left: 25px !important;}&#8221;][\/vc_column][\/vc_row][vc_row][vc_column][\/vc_column][\/vc_row][vc_row parallax=&#8221;content-moving&#8221; parallax_speed_bg=&#8221;&#8221; parallax_background_image=&#8221;4074&#8243; css=&#8221;.vc_custom_1494575010936{padding-top: 35px !important;padding-bottom: 80px !important;}&#8221;][vc_column]<div class=\"mkdf-elements-holder   mkdf-one-column  mkdf-responsive-mode-768 \" ><div class=\"mkdf-eh-item   mkdf-horizontal-alignment-center \"  data-item-class=\"mkdf-eh-custom-2248\" data-1280-1600=\"0 22%\" data-1024-1280=\"0 18%\" data-768-1024=\"0 30px\" data-680-768=\"0 40px\" data-680=\"0 10px\">\n\t<div class=\"mkdf-eh-item-inner\">\n\t\t<div class=\"mkdf-eh-item-content mkdf-eh-custom-2248\" style=\"padding: 0 25%\">\n\t\t\t<div class=\"mkdf-section-title-holder  mkdf-st-standard mkdf-st-ha-center mkdf-st-title-left mkdf-st-normal-space \" style=\"text-align: center\">\n\t<div class=\"mkdf-st-inner\">\n\t\t\t\t\t\t\t<h2 class=\"mkdf-st-title\" style=\"color: #ffffff\">\n\t\t\t\tNewsletter\t\t\t\t\t\t\t<\/h2>\n\t\t\t\t\t\t\t\t\t<span class=\"mkdf-st-text\" style=\"color: #ffffff;margin-top:7px\">\n\t\t\t\tZ\u00e1le\u017e\u00ed n\u00e1m na v\u00e1s a chceme aby ste boli informovan\u00ed. o na\u0161ich akci\u00e1ch a novink\u00e1ch. Prihl\u00e1ste sa do n\u00e1\u0161ho newslettra.\t\t\t<\/span>\n\t\t\t<\/div>\n<\/div>[vc_empty_space]\n<div class=\"wpcf7 no-js\" id=\"wpcf7-f3873-o2\" lang=\"en-US\" dir=\"ltr\" data-wpcf7-id=\"3873\">\n<div class=\"screen-reader-response\"><p role=\"status\" aria-live=\"polite\" aria-atomic=\"true\"><\/p> <ul><\/ul><\/div>\n<form action=\"\/hu\/wp-json\/wp\/v2\/pages\/20919#wpcf7-f3873-o2\" method=\"post\" class=\"wpcf7-form init cf7_custom_style_3\" aria-label=\"Contact form\" novalidate=\"novalidate\" data-status=\"init\">\n<fieldset class=\"hidden-fields-container\"><input type=\"hidden\" name=\"_wpcf7\" value=\"3873\" \/><input type=\"hidden\" name=\"_wpcf7_version\" value=\"6.1.4\" \/><input type=\"hidden\" name=\"_wpcf7_locale\" value=\"en_US\" \/><input type=\"hidden\" name=\"_wpcf7_unit_tag\" value=\"wpcf7-f3873-o2\" \/><input type=\"hidden\" name=\"_wpcf7_container_post\" value=\"0\" \/><input type=\"hidden\" name=\"_wpcf7_posted_data_hash\" value=\"\" \/><input type=\"hidden\" name=\"_wpcf7_recaptcha_response\" value=\"\" \/>\n<\/fieldset>\n<div class=\"mkdf-two-columns-form-without-space mkdf-newsletter-form mkdf-custom-width clearfix\">\n\t<div class=\"hidden\">\n\t\t<p>\n\n\t\t\t\t\t\t\t<span class=\"wpcf7-form-control-wrap mailpoetsignup-523\">\n\t\t\t<span class=\"wpcf7-form-control wpcf7-mailpoetsignup wpcf7-validates-as-required\">\n\t\t\t\t<label class=\"wpcf7-list-label\">\n\t\t\t\t<input type=\"checkbox\"\n\t\t\t\tname=\"mailpoetsignup-523[]\" value=\"\n\t\t\t\t\t\t\t\t\t\tNewsletter mailing list\t\t\t\t\"\n\t\t\t\tid=\"\" class=\"\"\n\t\t\t\t checked='checked'\t\t\t\t\/>Sign up for the newsletter\t\t\t\t\t<input type=\"hidden\" name=\"fieldVal\"  value=\"\n\t\t\t\t\t3\t\t\t\t\t\"\n\t\t\t\t<\/label>\n\t\t\t\t<br\/>\n\t\t\t\t<\/span>\n\n\t\t\t\t<\/span>\n\n\t\t\t\t\n\t\t<\/p>\n\t<\/div>\n\t<div class=\"mkdf-column-left\">\n\t\t<p><span class=\"wpcf7-form-control-wrap\" data-name=\"your-email\"><input size=\"40\" maxlength=\"100\" class=\"wpcf7-form-control wpcf7-email wpcf7-validates-as-required wpcf7-text wpcf7-validates-as-email\" aria-required=\"true\" aria-invalid=\"false\" placeholder=\"E-Mail\" value=\"\" type=\"email\" name=\"your-email\" \/><\/span>\n\t\t<\/p>\n\t<\/div>\n\t<div class=\"mkdf-column-right\">\n\t\t<p><input class=\"wpcf7-form-control wpcf7-submit has-spinner\" type=\"submit\" value=\"Po\u0161li\" \/>\n\t\t<\/p>\n\t<\/div>\n<\/div><div class=\"wpcf7-response-output\" aria-hidden=\"true\"><\/div>\n<\/form>\n<\/div>\n\t\t<\/div>\n\t<\/div>\n<\/div><\/div>[\/vc_column][\/vc_row]<\/p>\n","protected":false},"excerpt":{"rendered":"<p>[vc_row row_content_width=&#8221;grid&#8221; css=&#8221;.vc_custom_1495444795050{padding-top: 80px !important;padding-bottom: 120px !important;}&#8221;][vc_column offset=&#8221;vc_col-lg-6 vc_col-md-12&#8243;][vc_column_text] WELLNESS HOTEL PATINCE **** [\/vc_column_text][vc_empty_space height=&#8221;20px&#8221;][\/vc_column][vc_column offset=&#8221;vc_col-lg-6 vc_col-md-12&#8243;][vc_gmaps link=&#8221;#E-8_JTNDaWZyYW1lJTIwc3JjJTNEJTIyaHR0cHMlM0ElMkYlMkZ3d3cuZ29vZ2xlLmNvbSUyRm1hcHMlMkZlbWJlZCUzRnBiJTNEJTIxMW0yMyUyMTFtOCUyMTFtMyUyMTFkODU4NDcuMzkyMzQxMDQ4NTYlMjEyZDE4LjIzNzc2ODklMjEzZDQ3Ljc0Nzg3MzYlMjEzbTIlMjExaTEwMjQlMjEyaTc2OCUyMTRmMTMuMSUyMTRtMTIlMjEzZTYlMjE0bTUlMjExczB4NDc2YTUwNGE2NWMxMDQ5NSUyNTNBMHhmOTRiMDc3OWJmYmIyZDlmJTIxMnNXZWxsbmVzcyUyNTIwSG90ZWwlMjUyMFBhdGluY2UlMjUyQyUyNTIwUGF0aW5jZSUyNTIwNDMxJTI1MkMlMjUyMDk0NiUyNTIwMzklMjUyMFBhdGluY2UlMjEzbTIlMjExZDQ3Ljc0Nzg5NDklMjEyZDE4LjMwNzgwODU5OTk5OTk5OCUyMTRtNCUyMTFzMHg0NzZhNTA0YTY1YzEwNDk1JTI1M0EweGY5NGIwNzc5YmZiYjJkOWYlMjEzbTIlMjExZDQ3Ljc0Nzg5NDklMjEyZDE4LjMwNzgwODU5OTk5OTk5OCUyMTVlMCUyMTNtMiUyMTFzc2slMjEyc3NrJTIxNHYxNjc0NDgzMDM0Njk5JTIxNW0yJTIxMXNzayUyMTJzc2slMjIlMjB3aWR0aCUzRCUyMjYwMCUyMiUyMGhlaWdodCUzRCUyMjQ1MCUyMiUyMHN0eWxlJTNEJTIyYm9yZGVyJTNBMCUzQiUyMiUyMGFsbG93ZnVsbHNjcmVlbiUzRCUyMiUyMiUyMGxvYWRpbmclM0QlMjJsYXp5JTIyJTIwcmVmZXJyZXJwb2xpY3klM0QlMjJuby1yZWZlcnJlci13aGVuLWRvd25ncmFkZSUyMiUzRSUzQyUyRmlmcmFtZSUzRQ==&#8221; css=&#8221;.vc_custom_1674483244456{margin-top: 40px !important;margin-left: 25px !important;}&#8221;][\/vc_column][\/vc_row][vc_row][vc_column][\/vc_column][\/vc_row][vc_row parallax=&#8221;content-moving&#8221; parallax_speed_bg=&#8221;&#8221; parallax_background_image=&#8221;4074&#8243; css=&#8221;.vc_custom_1494575010936{padding-top: 35px !important;padding-bottom: 80px !important;}&#8221;][vc_column][\/vc_column][\/vc_row]<\/p>\n","protected":false},"author":8,"featured_media":0,"parent":0,"menu_order":0,"comment_status":"closed","ping_status":"closed","template":"full-width.php","meta":{"inline_featured_image":false,"footnotes":"","_wp_rev_ctl_limit":""},"class_list":["post-20919","page","type-page","status-publish","hentry"],"_links":{"self":[{"href":"https:\/\/wellnesspatince.sk\/hu\/wp-json\/wp\/v2\/pages\/20919","targetHints":{"allow":["GET"]}}],"collection":[{"href":"https:\/\/wellnesspatince.sk\/hu\/wp-json\/wp\/v2\/pages"}],"about":[{"href":"https:\/\/wellnesspatince.sk\/hu\/wp-json\/wp\/v2\/types\/page"}],"author":[{"embeddable":true,"href":"https:\/\/wellnesspatince.sk\/hu\/wp-json\/wp\/v2\/users\/8"}],"replies":[{"embeddable":true,"href":"https:\/\/wellnesspatince.sk\/hu\/wp-json\/wp\/v2\/comments?post=20919"}],"version-history":[{"count":7,"href":"https:\/\/wellnesspatince.sk\/hu\/wp-json\/wp\/v2\/pages\/20919\/revisions"}],"predecessor-version":[{"id":23376,"href":"https:\/\/wellnesspatince.sk\/hu\/wp-json\/wp\/v2\/pages\/20919\/revisions\/23376"}],"wp:attachment":[{"href":"https:\/\/wellnesspatince.sk\/hu\/wp-json\/wp\/v2\/media?parent=20919"}],"curies":[{"name":"wp","href":"https:\/\/api.w.org\/{rel}","templated":true}]}}