{"id":20891,"date":"2023-01-30T05:48:57","date_gmt":"2023-01-30T04:48:57","guid":{"rendered":"https:\/\/wellnesspatince.sk\/najcastejsie-otazky\/"},"modified":"2025-05-09T09:08:21","modified_gmt":"2025-05-09T07:08:21","slug":"gyik-gyakori-kerdesek","status":"publish","type":"page","link":"https:\/\/wellnesspatince.sk\/hu\/gyik-gyakori-kerdesek\/","title":{"rendered":"Gyik &#8211; gyakori k\u00e9rd\u00e9sek"},"content":{"rendered":"<p>[vc_row][vc_column][vc_column_text]<\/p>\n<h2><span style=\"color: #04adaa;\"><strong>SZ\u00c1LL\u00c1S<\/strong><\/span><\/h2>\n<p>[\/vc_column_text][\/vc_column][\/vc_row][vc_row css=&#8221;.vc_custom_1489593118775{padding-top: 78px !important;padding-bottom: 120px !important;}&#8221;][vc_column]<div class=\"mkdf-accordion-holder mkdf-ac-default  mkdf-accordion mkdf-ac-simple  clearfix\">\n\t<h2 class=\"mkdf-accordion-title\">\n    <span class=\"mkdf-accordion-mark\">\n\t\t<span class=\"mkdf_icon_plus icon_plus\"><\/span>\n\t\t<span class=\"mkdf_icon_minus icon_minus-06\"><\/span>\n\t<\/span>\n\t<span class=\"mkdf-tab-title\">Mikort\u00f3l lehet bejelentkezni \u00e9s meddig kell elhagyni a szob\u00e1t?<\/span>\n<\/h2>\n<div class=\"mkdf-accordion-content\">\n\t[vc_column_text]A check &#8211; in 15:00 \u00f3r\u00e1t\u00f3l, a check &#8211; out 10:00 \u00f3r\u00e1ig kell megt\u00f6rt\u00e9nnie.[\/vc_column_text]<\/div><h2 class=\"mkdf-accordion-title\">\n    <span class=\"mkdf-accordion-mark\">\n\t\t<span class=\"mkdf_icon_plus icon_plus\"><\/span>\n\t\t<span class=\"mkdf_icon_minus icon_minus-06\"><\/span>\n\t<\/span>\n\t<span class=\"mkdf-tab-title\">Hogyan fizethetek a sz\u00e1ll\u00e1som\u00e9rt?<\/span>\n<\/h2>\n<div class=\"mkdf-accordion-content\">\n\t[vc_column_text]K\u00e9szp\u00e9nzzel, hitelk\u00e1rty\u00e1val, \u00e1tutal\u00e1ssal, <u>aj\u00e1nd\u00e9kutalv\u00e1nnyal<\/u> vagy \u00fcd\u00fcl\u00e9si k\u00e1rty\u00e1val fizethet.[\/vc_column_text]<\/div><h2 class=\"mkdf-accordion-title\">\n    <span class=\"mkdf-accordion-mark\">\n\t\t<span class=\"mkdf_icon_plus icon_plus\"><\/span>\n\t\t<span class=\"mkdf_icon_minus icon_minus-06\"><\/span>\n\t<\/span>\n\t<span class=\"mkdf-tab-title\">Milyen k\u00e1rty\u00e1kkal fizethetek a sz\u00e1llod\u00e1ban?<\/span>\n<\/h2>\n<div class=\"mkdf-accordion-content\">\n\t[vc_column_text]Elfogadjuk a Doxx, az Edenred\/Ticket service \u00e9s a Gusto k\u00e1rty\u00e1kat.<strong> A hitelk\u00e1rty\u00e1s fizet\u00e9st a sz\u00e1ll\u00e1sfoglal\u00e1skor el\u0151re kell jelezni.<\/strong>[\/vc_column_text]<\/div><h2 class=\"mkdf-accordion-title\">\n    <span class=\"mkdf-accordion-mark\">\n\t\t<span class=\"mkdf_icon_plus icon_plus\"><\/span>\n\t\t<span class=\"mkdf_icon_minus icon_minus-06\"><\/span>\n\t<\/span>\n\t<span class=\"mkdf-tab-title\">Kell foglal\u00f3t fizetnem a megrendel\u00e9skor?<\/span>\n<\/h2>\n<div class=\"mkdf-accordion-content\">\n\t[vc_column_text]Alapesetben a foglal\u00e1skor a tart\u00f3zkod\u00e1s \u00e1r\u00e1nak 50%-\u00e1t kell befizetni. Tov\u00e1bbi inform\u00e1ci\u00f3\u00e9rt k\u00e9rj\u00fck, forduljon a foglal\u00e1si oszt\u00e1lyhoz: <u>rezervacie@wellnesspatince.sk<\/u> vagy <u>+421 917 654\u00a0875<\/u>.[\/vc_column_text]<\/div><h2 class=\"mkdf-accordion-title\">\n    <span class=\"mkdf-accordion-mark\">\n\t\t<span class=\"mkdf_icon_plus icon_plus\"><\/span>\n\t\t<span class=\"mkdf_icon_minus icon_minus-06\"><\/span>\n\t<\/span>\n\t<span class=\"mkdf-tab-title\">Mit tegyek, ha nem tudok a tervezett tart\u00f3zkod\u00e1si id\u0151re eljutni?<\/span>\n<\/h2>\n<div class=\"mkdf-accordion-content\">\n\t[vc_column_text]A sz\u00e1ll\u00e1s\u00e9rt utalv\u00e1nyokkal, az \u00e9tkez\u00e9s\u00e9rt pedig \u00e9tkez\u00e9si utalv\u00e1nyokkal fizethet. Tov\u00e1bbi inform\u00e1ci\u00f3\u00e9rt k\u00e9rj\u00fck, forduljon a recepci\u00f3hoz a<u> recepcia@wellnesspatince.sk <\/u>vagy a<u> +421 918 886 715<\/u> telefonsz\u00e1mon.[\/vc_column_text]<\/div><h2 class=\"mkdf-accordion-title\">\n    <span class=\"mkdf-accordion-mark\">\n\t\t<span class=\"mkdf_icon_plus icon_plus\"><\/span>\n\t\t<span class=\"mkdf_icon_minus icon_minus-06\"><\/span>\n\t<\/span>\n\t<span class=\"mkdf-tab-title\">Mit tegyek, ha nem tudok a tervezett tart\u00f3zkod\u00e1si id\u0151re eljutni?<\/span>\n<\/h2>\n<div class=\"mkdf-accordion-content\">\n\t[vc_column_text]Amennyiben \u00e1t kell \u00fctemeznie vagy le kell mondania tart\u00f3zkod\u00e1s\u00e1t, k\u00e9rj\u00fck, l\u00e9pjen kapcsolatba a foglal\u00e1si oszt\u00e1llyal a <u>rezervacie@wellnesspatince.sk<\/u> e-mail c\u00edmen vagy a <u>+421 917 654 875<\/u> telefonsz\u00e1mon.[\/vc_column_text]<\/div><h2 class=\"mkdf-accordion-title\">\n    <span class=\"mkdf-accordion-mark\">\n\t\t<span class=\"mkdf_icon_plus icon_plus\"><\/span>\n\t\t<span class=\"mkdf_icon_minus icon_minus-06\"><\/span>\n\t<\/span>\n\t<span class=\"mkdf-tab-title\">Mik a lemond\u00e1si felt\u00e9telek?<\/span>\n<\/h2>\n<div class=\"mkdf-accordion-content\">\n\t[vc_column_text]Az \u00e9rkez\u00e9s el\u0151tt legfeljebb 8 nappal t\u00f6rt\u00e9n\u0151 lemond\u00e1s eset\u00e9n nem sz\u00e1m\u00edtunk fel lemond\u00e1si d\u00edjat. Ha az \u00e9rkez\u00e9s el\u0151tt 7 nappal vagy ann\u00e1l r\u00f6videbb id\u0151vel lemondja a foglal\u00f3t, akkor az el\u0151leget \u00e1tutaljuk egy aj\u00e1nd\u00e9kutalv\u00e1nyra, amelyet egy \u00e9ven bel\u00fcl felhaszn\u00e1lhat. A r\u00e9szleteket l\u00e1sd <u>a szerz\u0151d\u00e9si felt\u00e9teleinkben.<\/u>[\/vc_column_text]<\/div><h2 class=\"mkdf-accordion-title\">\n    <span class=\"mkdf-accordion-mark\">\n\t\t<span class=\"mkdf_icon_plus icon_plus\"><\/span>\n\t\t<span class=\"mkdf_icon_minus icon_minus-06\"><\/span>\n\t<\/span>\n\t<span class=\"mkdf-tab-title\">Kiv\u00e1laszthatom a szob\u00e1m elhelyezked\u00e9s\u00e9t a foglal\u00e1skor?<\/span>\n<\/h2>\n<div class=\"mkdf-accordion-content\">\n\t[vc_column_text]A sz\u00e1lloda szem\u00e9lyzete mindent megtesz a k\u00fcl\u00f6nleges k\u00e9r\u00e9sek teljes\u00edt\u00e9se \u00e9rdek\u00e9ben. Nem tudjuk azonban garant\u00e1lni, hogy minden k\u00e9r\u00e9snek eleget tesz\u00fcnk, mivel ez hozz\u00e1f\u00e9rhet\u0151s\u00e9g f\u00fcggv\u00e9nye is.\u00a0 A szobafix\u00e1l\u00e1s\u00e9rt 5 \u20ac\/\u00e9jszaka d\u00edjat kell fizetni.[\/vc_column_text]<\/div><h2 class=\"mkdf-accordion-title\">\n    <span class=\"mkdf-accordion-mark\">\n\t\t<span class=\"mkdf_icon_plus icon_plus\"><\/span>\n\t\t<span class=\"mkdf_icon_minus icon_minus-06\"><\/span>\n\t<\/span>\n\t<span class=\"mkdf-tab-title\">Milyen dokumentumokat kell bemutatnom, amikor megkezdem a tart\u00f3zkod\u00e1somat?<\/span>\n<\/h2>\n<div class=\"mkdf-accordion-content\">\n\t[vc_column_text]Bejelentkez\u00e9skor szem\u00e9lyi igazolv\u00e1ny vagy \u00fatlev\u00e9l sz\u00fcks\u00e9ges; gyermekek eset\u00e9ben \u00fatlev\u00e9l vagy biztos\u00edt\u00e1si k\u00e1rtya sz\u00fcks\u00e9ges.[\/vc_column_text]<\/div><h2 class=\"mkdf-accordion-title\">\n    <span class=\"mkdf-accordion-mark\">\n\t\t<span class=\"mkdf_icon_plus icon_plus\"><\/span>\n\t\t<span class=\"mkdf_icon_minus icon_minus-06\"><\/span>\n\t<\/span>\n\t<span class=\"mkdf-tab-title\">Mikor van reggeli, eb\u00e9d \u00e9s vacsora?<\/span>\n<\/h2>\n<div class=\"mkdf-accordion-content\">\n\t[vc_column_text]A reggelit 07:30 \u00e9s 10:00 k\u00f6z\u00f6tt, az eb\u00e9det 12:00 \u00e9s 15:00 k\u00f6z\u00f6tt, a vacsor\u00e1t pedig 17:30 \u00e9s 20:00 k\u00f6z\u00f6tt szolg\u00e1lj\u00e1k fel.[\/vc_column_text]<\/div><h2 class=\"mkdf-accordion-title\">\n    <span class=\"mkdf-accordion-mark\">\n\t\t<span class=\"mkdf_icon_plus icon_plus\"><\/span>\n\t\t<span class=\"mkdf_icon_minus icon_minus-06\"><\/span>\n\t<\/span>\n\t<span class=\"mkdf-tab-title\">\u00c9tkezhetek a sz\u00e1llod\u00e1ban speci\u00e1lis \u00e9trenddel (glut\u00e9nmentes, veget\u00e1ri\u00e1nus, veg\u00e1n)?<\/span>\n<\/h2>\n<div class=\"mkdf-accordion-content\">\n\t[vc_column_text]Minden nap veget\u00e1ri\u00e1nus \u00e9teleket is k\u00e9sz\u00edt\u00fcnk. P\u00e9ld\u00e1ul glut\u00e9nmentes keny\u00e9r vagy n\u00f6v\u00e9nyi alap\u00fa tejp\u00f3tl\u00f3k mindig rendelkez\u00e9sre \u00e1llnak. Ha k\u00fcl\u00f6nleges kiv\u00e9telt szeretne tenni, k\u00e9rj\u00fck, el\u0151zetesen t\u00e1j\u00e9koztassa a foglal\u00e1si oszt\u00e1lyt, hogy szem\u00e9lyzet\u00fcnk felk\u00e9sz\u00fclhessen. K\u00f6nnyed\u00e9n elk\u00e9sz\u00edtj\u00fck az \u00e9teleket, amennyiben \u00d6n k\u00fcl\u00f6nf\u00e9le intoleranci\u00e1kban szenved (glut\u00e9n, lakt\u00f3z, hisztamin stb.). K\u00e9rj\u00fck, tart\u00f3zkod\u00e1sa alatt \u00e9rdekl\u0151dj\u00f6n az \u00e9tterem szem\u00e9lyzet\u00e9n\u00e9l err\u0151l a kiv\u00e9teles ell\u00e1t\u00e1sr\u00f3l.[\/vc_column_text]<\/div><h2 class=\"mkdf-accordion-title\">\n    <span class=\"mkdf-accordion-mark\">\n\t\t<span class=\"mkdf_icon_plus icon_plus\"><\/span>\n\t\t<span class=\"mkdf_icon_minus icon_minus-06\"><\/span>\n\t<\/span>\n\t<span class=\"mkdf-tab-title\">Hol tal\u00e1lhat\u00f3 a legk\u00f6zelebbi bankautomata?<\/span>\n<\/h2>\n<div class=\"mkdf-accordion-content\">\n\t[vc_column_text]A legk\u00f6zelebbi bankautomata a Patince \u00fcd\u00fcl\u0151ter\u00fclet bej\u00e1rat\u00e1n\u00e1l tal\u00e1lhat\u00f3.[\/vc_column_text]<\/div><h2 class=\"mkdf-accordion-title\">\n    <span class=\"mkdf-accordion-mark\">\n\t\t<span class=\"mkdf_icon_plus icon_plus\"><\/span>\n\t\t<span class=\"mkdf_icon_minus icon_minus-06\"><\/span>\n\t<\/span>\n\t<span class=\"mkdf-tab-title\">Hol tal\u00e1lhat\u00f3 a legk\u00f6zelebbi orvos vagy gy\u00f3gyszert\u00e1r?<\/span>\n<\/h2>\n<div class=\"mkdf-accordion-content\">\n\t[vc_column_text]A legk\u00f6zelebbi s\u00fcrg\u0151ss\u00e9gi oszt\u00e1ly Kom\u00e1romban tal\u00e1lhat\u00f3 (15 km). A legk\u00f6zelebbi gy\u00f3gyszert\u00e1r Marcelov\u00e1 v\u00e1ros\u00e1ban tal\u00e1lhat\u00f3 (10 km). Alapvet\u0151 gy\u00f3gyszerek (l\u00e1zcsillap\u00edt\u00f3, f\u00e1jdalomcsillap\u00edt\u00f3 stb.) a sz\u00e1lloda recepci\u00f3j\u00e1n is beszerezhet\u0151k.[\/vc_column_text]<\/div><h2 class=\"mkdf-accordion-title\">\n    <span class=\"mkdf-accordion-mark\">\n\t\t<span class=\"mkdf_icon_plus icon_plus\"><\/span>\n\t\t<span class=\"mkdf_icon_minus icon_minus-06\"><\/span>\n\t<\/span>\n\t<span class=\"mkdf-tab-title\">Milyen fel\u00e1rat kell fizetni a gyermekfelszerel\u00e9sek\u00e9rt szob\u00e1nk\u00e9nt?<\/span>\n<\/h2>\n<div class=\"mkdf-accordion-content\">\n\t[vc_column_text]A sz\u00e1lloda recepci\u00f3j\u00e1n ingyenesen biztos\u00edtanak kis\u00e1gyat (ha rendelkez\u00e9sre \u00e1ll), f\u00fcrd\u0151k\u00e1dat, bilit \u00e9s a mosd\u00f3kagyl\u00f3hoz tartoz\u00f3 l\u00e9pcs\u0151s s\u00e1mlit. A 6 \u00e9v alatti gyermekek ingyenesen sz\u00e1llhatnak meg. P\u00f3t\u00e1gy 50 \u20ac \/ \u00e9jszaka.[\/vc_column_text]<\/div><h2 class=\"mkdf-accordion-title\">\n    <span class=\"mkdf-accordion-mark\">\n\t\t<span class=\"mkdf_icon_plus icon_plus\"><\/span>\n\t\t<span class=\"mkdf_icon_minus icon_minus-06\"><\/span>\n\t<\/span>\n\t<span class=\"mkdf-tab-title\">Lehet a sz\u00e1llod\u00e1ban kozmetikumokat vagy m\u00e1s, egy\u00e9b kieg\u00e9sz\u00edt\u0151ket v\u00e1s\u00e1rolni a gyermekek sz\u00e1m\u00e1ra?<\/span>\n<\/h2>\n<div class=\"mkdf-accordion-content\">\n\t[vc_column_text]A sz\u00e1lloda recepci\u00f3j\u00e1n piperecikkeket (fogkefe, fogkr\u00e9m) kaphat gyermeke sz\u00e1m\u00e1ra. A wellness boltban lehet v\u00e1s\u00e1rolni pelenk\u00e1t \u00fasz\u00e1shoz, nedves t\u00f6rl\u0151kend\u0151ket, babakozmetikumokat &#8211; tusf\u00fcrd\u0151t, sampont, ny\u00e1ri id\u0151szakban test\u00e1pol\u00f3t vagy napolajat, rovarcs\u00edp\u00e9s elleni g\u00e9lt. K\u00fcl\u00f6nb\u00f6z\u0151 j\u00e1t\u00e9kok \u00e9s \u00fasz\u00f3felszerel\u00e9sek (\u00fasz\u00f3gumik, kar\u00fasz\u00f3k) is rendelkez\u00e9sre \u00e1llnak.[\/vc_column_text]<\/div><h2 class=\"mkdf-accordion-title\">\n    <span class=\"mkdf-accordion-mark\">\n\t\t<span class=\"mkdf_icon_plus icon_plus\"><\/span>\n\t\t<span class=\"mkdf_icon_minus icon_minus-06\"><\/span>\n\t<\/span>\n\t<span class=\"mkdf-tab-title\">Van a sz\u00e1llod\u00e1ban gyermekfel\u00fcgyelettel rendelkez\u0151 gyereksarok?<\/span>\n<\/h2>\n<div class=\"mkdf-accordion-content\">\n\t[vc_column_text]A sz\u00e1llod\u00e1ban k\u00e9t, k\u00fcl\u00f6nb\u00f6z\u0151 koroszt\u00e1lyokhoz igazod\u00f3 gyereksarokkal rendelkez\u00fcnk. Eg\u00e9sz h\u00e9ten, illetve a tematikus tart\u00f3zkod\u00e1s sor\u00e1n is rendelkez\u00e9sre \u00e1llnak. A gyermekfel\u00fcgyeletet \u00e9rkez\u00e9s el\u0151tt n\u00e9h\u00e1ny nappal el\u0151re kell k\u00e9rni.[\/vc_column_text]<\/div><h2 class=\"mkdf-accordion-title\">\n    <span class=\"mkdf-accordion-mark\">\n\t\t<span class=\"mkdf_icon_plus icon_plus\"><\/span>\n\t\t<span class=\"mkdf_icon_minus icon_minus-06\"><\/span>\n\t<\/span>\n\t<span class=\"mkdf-tab-title\">Van olyan szoba a sz\u00e1llod\u00e1ban, ahol megetethetem vagy megf\u00fcrdethetem a gyermekemet?<\/span>\n<\/h2>\n<div class=\"mkdf-accordion-content\">\n\t[vc_column_text]Sz\u00e1llod\u00e1nkban az els\u0151 emeleten tal\u00e1lhat\u00f3 az eg\u00e9sz \u00e9vben nyitva \u00e1ll\u00f3 \u00fagynevezett Mamaszoba (101-es sz\u00e1m), ahol a bab\u00e1t megmoshatja a k\u00e1dban, megetetheti, te\u00e1t k\u00e9sz\u00edthet neki, vagy \u00e9telt meleg\u00edthet (mikrohull\u00e1m\u00fa s\u00fct\u0151 \u00e9s v\u00edzforral\u00f3 \u00e1ll rendelkez\u00e9sre). Vannak babakozmetikumok is a baba sz\u00e1m\u00e1ra (tusf\u00fcrd\u0151, olaj, babakend\u0151k).[\/vc_column_text]<\/div><\/div>[\/vc_column][\/vc_row][vc_row][vc_column][vc_column_text]<\/p>\n<h2><strong><span style=\"color: #04adaa;\">WELLNESS CENTRUM \u00e9s THERMAL PARK<\/span><\/strong><\/h2>\n<p>[\/vc_column_text][\/vc_column][\/vc_row][vc_row css=&#8221;.vc_custom_1489593118775{padding-top: 78px !important;padding-bottom: 120px !important;}&#8221;][vc_column]<div class=\"mkdf-accordion-holder mkdf-ac-default  mkdf-accordion mkdf-ac-simple  clearfix\">\n\t<h2 class=\"mkdf-accordion-title\">\n    <span class=\"mkdf-accordion-mark\">\n\t\t<span class=\"mkdf_icon_plus icon_plus\"><\/span>\n\t\t<span class=\"mkdf_icon_minus icon_minus-06\"><\/span>\n\t<\/span>\n\t<span class=\"mkdf-tab-title\">Van term\u00e1lv\u00edz a medenc\u00e9kben?<\/span>\n<\/h2>\n<div class=\"mkdf-accordion-content\">\n\t[vc_column_text]Medenc\u00e9inkben saj\u00e1t, 27\u00b0C-os h\u00e9v\u00edzi term\u00e1lforr\u00e1sunk viz\u00e9t haszn\u00e1ljuk, amely 200 m m\u00e9lyr\u0151l ered. A patincei term\u00e1lv\u00edz magas bikarbon\u00e1t-, kalcium-, magn\u00e9zium- \u00e9s szulf\u00e1ttartalommal rendelkezik, ez\u00e9rt nagyon j\u00f3t\u00e9konyan hat a mozg\u00e1sszervekre \u00e9s a mozg\u00e1sszervi betegs\u00e9gek kezel\u00e9s\u00e9re. A medencevil\u00e1g egy olyan medencekomplexum, amely egy term\u00e1lfuratb\u00f3l sz\u00e1rmaz\u00f3 vizet haszn\u00e1l, ami speci\u00e1lisan kezelt, hogy higi\u00e9nikus \u00e9s eg\u00e9szs\u00e9ges legyen.[\/vc_column_text]<\/div><h2 class=\"mkdf-accordion-title\">\n    <span class=\"mkdf-accordion-mark\">\n\t\t<span class=\"mkdf_icon_plus icon_plus\"><\/span>\n\t\t<span class=\"mkdf_icon_minus icon_minus-06\"><\/span>\n\t<\/span>\n\t<span class=\"mkdf-tab-title\">Milyen medenc\u00e9k \u00e9s szaun\u00e1k tal\u00e1lhat\u00f3k a sz\u00e1llod\u00e1ban ?<\/span>\n<\/h2>\n<div class=\"mkdf-accordion-content\">\n\t[vc_column_text]Rendelkez\u00e9sre \u00e1ll egy nagy relax\u00e1ci\u00f3s medence k\u00fcl\u00f6nb\u00f6z\u0151 attrakci\u00f3kkal, egy gyermekmedence v\u00edzics\u00faszd\u00e1val, egy relax\u00e1ci\u00f3s medence \u00e9s egy jacuzzi. A szaunavil\u00e1g finn, sv\u00e9d, g\u0151z-, gy\u00f3gyn\u00f6v\u00e9ny- \u00e9s infraszaun\u00e1kb\u00f3l \u00e1ll, tov\u00e1bb\u00e1 van relax\u00e1ci\u00f3s szoba \u00e9s j\u00e9gf\u00fcrd\u0151 is.[\/vc_column_text]<\/div><h2 class=\"mkdf-accordion-title\">\n    <span class=\"mkdf-accordion-mark\">\n\t\t<span class=\"mkdf_icon_plus icon_plus\"><\/span>\n\t\t<span class=\"mkdf_icon_minus icon_minus-06\"><\/span>\n\t<\/span>\n\t<span class=\"mkdf-tab-title\">Milyen h\u0151m\u00e9rs\u00e9klet\u0171 a v\u00edz a medenc\u00e9kben?<\/span>\n<\/h2>\n<div class=\"mkdf-accordion-content\">\n\t[vc_column_text]A relax\u00e1ci\u00f3s medence v\u00edzh\u0151m\u00e9rs\u00e9klete 28-30 \u00b0C, a gyermekmedenc\u00e9ben 32-34 \u00b0C, az \u00fcl\u0151medenc\u00e9ben \u00e9s a pezsg\u0151f\u00fcrd\u0151ben 35-36 \u00b0C a v\u00edzh\u0151m\u00e9rs\u00e9klet.[\/vc_column_text]<\/div><h2 class=\"mkdf-accordion-title\">\n    <span class=\"mkdf-accordion-mark\">\n\t\t<span class=\"mkdf_icon_plus icon_plus\"><\/span>\n\t\t<span class=\"mkdf_icon_minus icon_minus-06\"><\/span>\n\t<\/span>\n\t<span class=\"mkdf-tab-title\">Haszn\u00e1lhatom a wellnesk\u00f6zpontot akkor is, ha nem a hotelben sz\u00e1llok meg?<\/span>\n<\/h2>\n<div class=\"mkdf-accordion-content\">\n\t[vc_column_text]A wellness-k\u00f6zpont a nem itt tart\u00f3zkod\u00f3 vend\u00e9gek sz\u00e1m\u00e1ra is nyitva \u00e1ll az ITT tal\u00e1lhat\u00f3 felt\u00e9telek szerint. Egy\u00e9ni vagy csoportos bel\u00e9p\u00e9st a recepci\u00f3n v\u00e1s\u00e1rolhat a megadott <u>\u00e1rlista szerint<\/u>.[\/vc_column_text]<\/div><h2 class=\"mkdf-accordion-title\">\n    <span class=\"mkdf-accordion-mark\">\n\t\t<span class=\"mkdf_icon_plus icon_plus\"><\/span>\n\t\t<span class=\"mkdf_icon_minus icon_minus-06\"><\/span>\n\t<\/span>\n\t<span class=\"mkdf-tab-title\">B\u00e9relhetek f\u00fcrd\u0151ruh\u00e1t vagy \u00fasz\u00f3felszerel\u00e9st a gyermekeimnek a sz\u00e1llod\u00e1ban?<\/span>\n<\/h2>\n<div class=\"mkdf-accordion-content\">\n\t[vc_column_text]F\u00fcrd\u0151ruh\u00e1k \u00e9s f\u00fcrd\u0151felszerel\u00e9sek a helysz\u00ednen tal\u00e1lhat\u00f3 Wellness Shopban v\u00e1s\u00e1rolhat\u00f3k meg.[\/vc_column_text]<\/div><h2 class=\"mkdf-accordion-title\">\n    <span class=\"mkdf-accordion-mark\">\n\t\t<span class=\"mkdf_icon_plus icon_plus\"><\/span>\n\t\t<span class=\"mkdf_icon_minus icon_minus-06\"><\/span>\n\t<\/span>\n\t<span class=\"mkdf-tab-title\">Van-e kerekessz\u00e9kkel megk\u00f6zel\u00edthet\u0151 wellness r\u00e9szleg a sz\u00e1llod\u00e1ban?<\/span>\n<\/h2>\n<div class=\"mkdf-accordion-content\">\n\t[vc_column_text]Igen, a medenc\u00e9k \u00e9s a szaun\u00e1k akad\u00e1lymentesen megk\u00f6zel\u00edthet\u0151k kerekessz\u00e9kkel, szaunavil\u00e1gunkon kereszt\u00fcl \u00e9rhet\u0151k el.[\/vc_column_text]<\/div><h2 class=\"mkdf-accordion-title\">\n    <span class=\"mkdf-accordion-mark\">\n\t\t<span class=\"mkdf_icon_plus icon_plus\"><\/span>\n\t\t<span class=\"mkdf_icon_minus icon_minus-06\"><\/span>\n\t<\/span>\n\t<span class=\"mkdf-tab-title\">Van k\u00fclt\u00e9ri medence a ny\u00e1ri szezonban?<\/span>\n<\/h2>\n<div class=\"mkdf-accordion-content\">\n\t[vc_column_text]A ny\u00e1ri szezonban egy kis gyermekmedence, egy sportmedence cs\u00faszd\u00e1val \u00e9s m\u00e1sz\u00f3fallal, egy sz\u00f3rakoztat\u00f3 gyermekmedence attrakci\u00f3kkal, egy medence 3 cs\u00faszd\u00e1val, egy \u00fasz\u00f3medence, egy szabadid\u0151s medence \u00e9s egy sportmedence \u00e1ll rendelkez\u00e9sre.[\/vc_column_text]<\/div><\/div>[\/vc_column][\/vc_row][vc_row][vc_column][vc_column_text]<\/p>\n<h2><strong><span style=\"color: #04adaa;\">S\u00c9TAHAJ\u00d3UTAK<\/span><\/strong><\/h2>\n<p>[\/vc_column_text][\/vc_column][\/vc_row][vc_row css=&#8221;.vc_custom_1489593118775{padding-top: 78px !important;padding-bottom: 120px !important;}&#8221;][vc_column]<div class=\"mkdf-accordion-holder mkdf-ac-default  mkdf-accordion mkdf-ac-simple  clearfix\">\n\t<h2 class=\"mkdf-accordion-title\">\n    <span class=\"mkdf-accordion-mark\">\n\t\t<span class=\"mkdf_icon_plus icon_plus\"><\/span>\n\t\t<span class=\"mkdf_icon_minus icon_minus-06\"><\/span>\n\t<\/span>\n\t<span class=\"mkdf-tab-title\">Mikor \u00e9s milyen \u00fatvonalon tartanak v\u00e1rosn\u00e9z\u0151 haj\u00f3utakat ?<\/span>\n<\/h2>\n<div class=\"mkdf-accordion-content\">\n\t[vc_column_text]A haj\u00f3kir\u00e1ndul\u00e1sok a haj\u00f3z\u00e1si szezon nyit\u00e1s\u00e1t\u00f3l (m\u00e1jus \/ j\u00f3 id\u0151j\u00e1r\u00e1s eset\u00e9n) a szezon z\u00e1r\u00e1s\u00e1ig (okt\u00f3ber\/november fordul\u00f3ja) minden szombaton 15:00 \u00f3rakor kezd\u0151dnek. A ny\u00e1ri szezonban hetente h\u00e1romszor (h\u00e9tf\u0151, szerda, szombat) tartanak haj\u00f3kir\u00e1ndul\u00e1sokat. A haj\u00f3 a kb. 2 km-re l\u00e9v\u0151 kik\u00f6t\u0151b\u0151l indul a Pat &#8211; Dunamocs &#8211; Pat \u00fatvonalon. Az eg\u00e9sz haj\u00f3\u00fat k\u00f6r\u00fclbel\u00fcl 1 \u00f3r\u00e1t vesz ig\u00e9nybe. <u>T<\/u><u>ov\u00e1bbi inform\u00e1ci\u00f3k a v\u00e1rosn\u00e9z\u0151 k\u00f6rutaz\u00e1sokr\u00f3l: recepcia@wellnesspatince.sk vagy a +421 918 886 715 telefonsz\u00e1mon.<br \/>\n<\/u>[\/vc_column_text]<\/div><h2 class=\"mkdf-accordion-title\">\n    <span class=\"mkdf-accordion-mark\">\n\t\t<span class=\"mkdf_icon_plus icon_plus\"><\/span>\n\t\t<span class=\"mkdf_icon_minus icon_minus-06\"><\/span>\n\t<\/span>\n\t<span class=\"mkdf-tab-title\">Foglalhatok priv\u00e1t v\u00e1rosn\u00e9z\u0151 haj\u00f3utat?<\/span>\n<\/h2>\n<div class=\"mkdf-accordion-content\">\n\t[vc_column_text]A haj\u00f3 mag\u00e1nc\u00e9l\u00fa haszn\u00e1lat\u00e1nak felt\u00e9teleir\u0151l a <u>kongresy@wellnesspatince.sk<\/u> c\u00edmen vagy a <u>+421 918 809 046<\/u> telefonsz\u00e1mon lehet \u00e9rdekl\u0151dni.[\/vc_column_text]<\/div><\/div>[\/vc_column][\/vc_row]<\/p>\n","protected":false},"excerpt":{"rendered":"<p>[vc_row][vc_column][vc_column_text] SZ\u00c1LL\u00c1S [\/vc_column_text][\/vc_column][\/vc_row][vc_row css=&#8221;.vc_custom_1489593118775{padding-top: 78px !important;padding-bottom: 120px !important;}&#8221;][vc_column][\/vc_column][\/vc_row][vc_row][vc_column][vc_column_text] WELLNESS CENTRUM \u00e9s THERMAL PARK [\/vc_column_text][\/vc_column][\/vc_row][vc_row css=&#8221;.vc_custom_1489593118775{padding-top: 78px !important;padding-bottom: 120px !important;}&#8221;][vc_column][\/vc_column][\/vc_row][vc_row][vc_column][vc_column_text] S\u00c9TAHAJ\u00d3UTAK [\/vc_column_text][\/vc_column][\/vc_row][vc_row css=&#8221;.vc_custom_1489593118775{padding-top: 78px !important;padding-bottom: 120px !important;}&#8221;][vc_column][\/vc_column][\/vc_row]<\/p>\n","protected":false},"author":2,"featured_media":0,"parent":0,"menu_order":0,"comment_status":"closed","ping_status":"closed","template":"","meta":{"inline_featured_image":false,"footnotes":"","_wp_rev_ctl_limit":""},"class_list":["post-20891","page","type-page","status-publish","hentry"],"_links":{"self":[{"href":"https:\/\/wellnesspatince.sk\/hu\/wp-json\/wp\/v2\/pages\/20891","targetHints":{"allow":["GET"]}}],"collection":[{"href":"https:\/\/wellnesspatince.sk\/hu\/wp-json\/wp\/v2\/pages"}],"about":[{"href":"https:\/\/wellnesspatince.sk\/hu\/wp-json\/wp\/v2\/types\/page"}],"author":[{"embeddable":true,"href":"https:\/\/wellnesspatince.sk\/hu\/wp-json\/wp\/v2\/users\/2"}],"replies":[{"embeddable":true,"href":"https:\/\/wellnesspatince.sk\/hu\/wp-json\/wp\/v2\/comments?post=20891"}],"version-history":[{"count":11,"href":"https:\/\/wellnesspatince.sk\/hu\/wp-json\/wp\/v2\/pages\/20891\/revisions"}],"predecessor-version":[{"id":25605,"href":"https:\/\/wellnesspatince.sk\/hu\/wp-json\/wp\/v2\/pages\/20891\/revisions\/25605"}],"wp:attachment":[{"href":"https:\/\/wellnesspatince.sk\/hu\/wp-json\/wp\/v2\/media?parent=20891"}],"curies":[{"name":"wp","href":"https:\/\/api.w.org\/{rel}","templated":true}]}}