{"id":20867,"date":"2021-02-09T10:17:59","date_gmt":"2021-02-09T09:17:59","guid":{"rendered":"https:\/\/wellnesspatince.sk\/vernostny-program\/"},"modified":"2025-02-20T09:05:14","modified_gmt":"2025-02-20T08:05:14","slug":"husegprogram-wellness-loyalty-club","status":"publish","type":"page","link":"https:\/\/wellnesspatince.sk\/hu\/husegprogram-wellness-loyalty-club\/","title":{"rendered":"H\u0171s\u00e9gprogram Patince Aqua Card"},"content":{"rendered":"<p>[vc_row row_content_width=&#8221;grid&#8221; css=&#8221;.vc_custom_1494578109812{padding-top: 110px !important;padding-bottom: 75px !important;}&#8221;][vc_column][vc_empty_space height=&#8221;10px&#8221;]<div class=\"mkdf-section-title-holder  mkdf-st-elegant  mkdf-st-title-left mkdf-st-normal-space \" >\n\t<div class=\"mkdf-st-inner\">\n\t\t\t\t\t<h6 class=\"mkdf-st-subtitle\" style=\"margin-bottom:2px\">\n\t\t\t\tH\u0171s\u00e9gprogram\t\t\t<\/h6>\n\t\t\t\t\t\t\t<h2 class=\"mkdf-st-title\" style=\"font-weight: 500\">\n\t\t\t\tPatince Aqua Card\t\t\t\t\t\t\t\t\t<span class=\"mkdf-st-e-separator\" ><\/span>\n\t\t\t\t\t\t\t<\/h2>\n\t\t\t\t\t\t\t\t\t<span class=\"mkdf-st-text\" style=\"line-height:30px;margin-top:15px\">\n\t\t\t\tElk\u00e9sz\u00edtett\u00fcnk egy \u00faj h\u0171s\u00e9gprogramot - a Patince Aqua Cardot, amellyel azonnali kedvezm\u00e9nyeket kaphat szolg\u00e1ltat\u00e1saink ig\u00e9nybev\u00e9tel\u00e9\u00e9rt. V\u00e1s\u00e1roljon klub\u00e1ron, haszn\u00e1lja ki az exkluz\u00edv akci\u00f3kat \u00e9s kedvezm\u00e9nyeket, \u00e9s lep\u0151dj\u00f6n meg vonz\u00f3 aj\u00e1nlatokkal. K\u00e9nyelmes h\u0171s\u00e9gprogram azonnali 10-20%-os kedvezm\u00e9nyekkel szolg\u00e1l. Exkluz\u00edv aj\u00e1nlatok, el\u0151ny\u00f6s sz\u00e1llodai akci\u00f3k, bel\u00e9p\u0151 a Thermal parkba \u00e9s a Wellness k\u00f6zpontba, valamint kedvezm\u00e9nyek a gasztron\u00f3miai szolg\u00e1ltat\u00e1sainkra. Klubk\u00e1rtya egyszeri 5 \u20ac-os d\u00edj ellen\u00e9ben ig\u00e9nyelhet\u0151.\t\t\t<\/span>\n\t\t\t<\/div>\n<\/div>[vc_separator][vc_empty_space height=&#8221;10px&#8221;]<div class=\"mkdf-section-title-holder  mkdf-st-elegant  mkdf-st-title-left mkdf-st-normal-space \" >\n\t<div class=\"mkdf-st-inner\">\n\t\t\t\t\t<h6 class=\"mkdf-st-subtitle\" style=\"margin-bottom:2px\">\n\t\t\t\tHogyan szerezhetsz tags\u00e1got?\t\t\t<\/h6>\n\t\t\t\t\t\t\t\t\t\t\t<span class=\"mkdf-st-text\" style=\"line-height:30px;margin-top:15px\">\n\t\t\t\tRegisztr\u00e1ljon a Patince Aqua Card Clubba szem\u00e9lyesen a sz\u00e1lloda recepci\u00f3j\u00e1n vagy a p\u00e9nzt\u00e1r\u00e1ban, t\u00f6ltse ki a regisztr\u00e1ci\u00f3s \u0171rlapot, \u00e9s az 5 \u20ac regisztr\u00e1ci\u00f3s d\u00edj befizet\u00e9se ut\u00e1n megkapja saj\u00e1t elektronikus klubk\u00e1rty\u00e1j\u00e1t, \u00e9s m\u00e1r haszn\u00e1lhatja is a h\u0171s\u00e9gprogramot.\t\t\t<\/span>\n\t\t\t<\/div>\n<\/div>[vc_separator]<div class=\"mkdf-section-title-holder  mkdf-st-elegant  mkdf-st-title-left mkdf-st-normal-space \" >\n\t<div class=\"mkdf-st-inner\">\n\t\t\t\t\t<h6 class=\"mkdf-st-subtitle\" style=\"margin-bottom:2px\">\n\t\t\t\tA klubk\u00e1rtya el\u0151nyei, haszn\u00e1lata \u00e9s \u00e9rv\u00e9nyess\u00e9ge?\t\t\t<\/h6>\n\t\t\t\t\t\t\t\t\t\t\t<span class=\"mkdf-st-text\" style=\"line-height:30px;margin-top:15px\">\n\t\t\t\tA Patince Aqua Card k\u00e1rty\u00e1val azonnali 10%-20%-os kedvezm\u00e9nyt kaphat, \u00e9s kihaszn\u00e1lhatja a k\u00fcl\u00f6nleges aj\u00e1nlatokat, kedvezm\u00e9nyes sz\u00e1llodai tart\u00f3zkod\u00e1st v\u00e1s\u00e1rolhat, prom\u00f3ci\u00f3s k\u00f3dokat kaphat az online v\u00e1s\u00e1rl\u00e1sokhoz \u00e9s egy\u00e9b exkluz\u00edv aj\u00e1nlatokat.\nA klubk\u00e1rtya nem \u00e1truh\u00e1zhat\u00f3, kiv\u00e9ve k\u00f6zvetlen csal\u00e1dtagokra. A klubk\u00e1rtya kedvezm\u00e9ny\u00e9t a k\u00e1rtyatulajdonos \u00e9s h\u00e1zast\u00e1rsa, illetve 18 \u00e9v alatti gyermekei vehetik ig\u00e9nybe. A klubk\u00e1rtya korl\u00e1tlan \u00e9rv\u00e9nyess\u00e9g\u0171. A klubk\u00e1rtya csak a klubprogram megsz\u0171n\u00e9sekor j\u00e1r le.\t\t\t<\/span>\n\t\t\t<\/div>\n<\/div>[vc_separator]<div class=\"mkdf-section-title-holder  mkdf-st-elegant  mkdf-st-title-left mkdf-st-normal-space \" >\n\t<div class=\"mkdf-st-inner\">\n\t\t\t\t\t<h6 class=\"mkdf-st-subtitle\" style=\"margin-bottom:2px\">\n\t\t\t\tKlubk\u00e1rty\u00e1val j\u00e1r\u00f3 kedvezm\u00e9nyek?\t\t\t<\/h6>\n\t\t\t\t\t\t\t\t\t\t\t<span class=\"mkdf-st-text\" style=\"line-height:30px;margin-top:15px\">\n\t\t\t\tLegyen tagja a h\u0171s\u00e9gprogramnak, \u00e9s takar\u00edtson meg ak\u00e1r 20%-ot mag\u00e1nak \u00e9s csal\u00e1dj\u00e1nak. Kapjon kedvezm\u00e9nyeket a Term\u00e1lparkba, a wellness kezel\u00e9sekre, a sz\u00e1llodai tart\u00f3zkod\u00e1sra vagy a vend\u00e9gl\u00e1t\u00f3helyeken t\u00f6rt\u00e9n\u0151 fizet\u00e9skor.\nKEDVEZM\u00c9NYEK A PATI WELLNESS HOTELBEN<br \/>\nT\u00e1rsas\u00e1g \u00e1ltal \u00fczemeltetett sz\u00e1ll\u00e1shelyeken:<br \/>\n- THERM\u00c1L PARK \u00c9S WELLNESS K\u00d6ZPONT - kedvez\u0151bb \u00e1rak a kiv\u00e1lasztott szolg\u00e1ltat\u00e1sokra (bel\u00e9p\u0151k a pult \u00e1rlist\u00e1j\u00e1b\u00f3l a szolg\u00e1ltat\u00e1sok eg\u00e9sz nap, 3 \u00f3ra), valamint a gyermek, di\u00e1k, nyugd\u00edjas, fogyat\u00e9kkal \u00e9l\u0151 szem\u00e9ly kateg\u00f3ri\u00e1b\u00f3l.<br \/>\n- SZ\u00c1LL\u00c1S - 15% kedvezm\u00e9ny a Pati Wellness Hotelben - nem \u00e9rv\u00e9nyes a visszat\u00e9r\u00edt\u00e9s n\u00e9lk\u00fcli f\u00e9lpanzi\u00f3s ell\u00e1t\u00e1sra, a kedvezm\u00e9nyes csomagokra \u00e9s a foglal\u00e1si rendszeren kereszt\u00fcl t\u00f6rt\u00e9n\u0151 online foglal\u00e1sra.<br \/>\n- GASTRO - 10% kedvezm\u00e9ny - \u00e9telek \u00e9s italok az aktu\u00e1lis \u00e9tel- \u00e9s itallapr\u00f3l, kiv\u00e9ve doh\u00e1nyterm\u00e9kek \u00e9s a napi men\u00fcn,<br \/>\n- KIEG\u00c9SZ\u00cdT\u0150 SZOLG\u00c1LTAT\u00c1SOK - 10% kedvezm\u00e9ny Pati Wellness Hotelben - klasszikus massz\u00e1zsok \u00e9s kezel\u00e9sek, kozmetikai szolg\u00e1ltat\u00e1sok \u00e9s kezel\u00e9sek.\t\t\t<\/span>\n\t\t\t<\/div>\n<\/div>[vc_separator][vc_empty_space height=&#8221;10px&#8221;][vc_empty_space height=&#8221;10px&#8221;]<div class=\"mkdf-accordion-holder mkdf-ac-default  mkdf-accordion mkdf-ac-boxed  clearfix\">\n\t<\/div><div class=\"mkdf-pricing-tables clearfix  mkdf-two-columns mkdf-pt-normal-space\"><div class=\"mkdf-pt-wrapper\"><div class=\"mkdf-price-table loyalty-club-button\">\n\t<div class=\"mkdf-pt-inner\" >\n\t\t<ul>\n\t\t\t\t\t\t\t\t\t<li class=\"mkdf-pt-content\">\n\t\t\t\t\t\t\t<\/li>\n\t\t\t<li class=\"mkdf-pt-prices\">\n\t\t\t\t\t\t\t\t\t<sup class=\"mkdf-pt-value\" >\u00c1ltal\u00e1nos felt\u00e9telek \u00e9s szab\u00e1lyok<\/sup>\n\t\t\t\t\t\t\t\t<span class=\"mkdf-pt-price\" >Patince Aqua Card<\/span>\n\t\t\t\t\t\t\t<\/li>\n\t\t\t\t\t\t\t<li class=\"mkdf-pt-button\">\n\t\t\t\t\t<a itemprop=\"url\" href=\"https:\/\/wellnesspatince.sk\/vseobecne-pravidla-a-podmienky-patince-aqua-card-2023_a5\/\" target=\"_self\"  class=\"mkdf-btn mkdf-btn-medium mkdf-btn-solid mkdf-btn-icon\"  >    <span class=\"mkdf-btn-text\">Tov\u00e1bbi inform\u00e1ci\u00f3k<\/span>    <i class=\"mkdf-icon-linear-icon lnr lnr-arrow-right \" ><\/i><\/a>\t\t\t\t<\/li>\t\t\t\t\n\t\t\t\t\t<\/ul>\n\t<\/div>\n<\/div><div class=\"mkdf-price-table loyalty-club-button\">\n\t<div class=\"mkdf-pt-inner\" >\n\t\t<ul>\n\t\t\t\t\t\t\t\t\t<li class=\"mkdf-pt-content\">\n\t\t\t\t\t\t\t<\/li>\n\t\t\t<li class=\"mkdf-pt-prices\">\n\t\t\t\t\t\t\t\t\t<sup class=\"mkdf-pt-value\" >H\u0171s\u00e9gprogram jelentkez\u00e9si \u0171rlap<\/sup>\n\t\t\t\t\t\t\t\t<span class=\"mkdf-pt-price\" >Patince Aqua Card<\/span>\n\t\t\t\t\t\t\t<\/li>\n\t\t\t\t\t\t\t<li class=\"mkdf-pt-button\">\n\t\t\t\t\t<a itemprop=\"url\" href=\"https:\/\/wellnesspatince.sk\/wp-content\/uploads\/2023\/08\/Patince_Aqua_Card_prihlaska_2023_SK_TLAC.pdf\" target=\"_self\"  class=\"mkdf-btn mkdf-btn-medium mkdf-btn-solid mkdf-btn-icon\"  >    <span class=\"mkdf-btn-text\">Let\u00f6lt\u00e9s<\/span>    <i class=\"mkdf-icon-linear-icon lnr lnr-arrow-right \" ><\/i><\/a>\t\t\t\t<\/li>\t\t\t\t\n\t\t\t\t\t<\/ul>\n\t<\/div>\n<\/div><\/div><\/div>[\/vc_column][\/vc_row]<\/p>\n","protected":false},"excerpt":{"rendered":"<p>[vc_row row_content_width=&#8221;grid&#8221; css=&#8221;.vc_custom_1494578109812{padding-top: 110px !important;padding-bottom: 75px !important;}&#8221;][vc_column][vc_empty_space height=&#8221;10px&#8221;][vc_separator][vc_empty_space height=&#8221;10px&#8221;][vc_separator][vc_separator][vc_separator][vc_empty_space height=&#8221;10px&#8221;][vc_empty_space height=&#8221;10px&#8221;][\/vc_column][\/vc_row]<\/p>\n","protected":false},"author":8,"featured_media":0,"parent":0,"menu_order":0,"comment_status":"closed","ping_status":"closed","template":"full-width.php","meta":{"inline_featured_image":false,"footnotes":"","_wp_rev_ctl_limit":""},"class_list":["post-20867","page","type-page","status-publish","hentry"],"_links":{"self":[{"href":"https:\/\/wellnesspatince.sk\/hu\/wp-json\/wp\/v2\/pages\/20867","targetHints":{"allow":["GET"]}}],"collection":[{"href":"https:\/\/wellnesspatince.sk\/hu\/wp-json\/wp\/v2\/pages"}],"about":[{"href":"https:\/\/wellnesspatince.sk\/hu\/wp-json\/wp\/v2\/types\/page"}],"author":[{"embeddable":true,"href":"https:\/\/wellnesspatince.sk\/hu\/wp-json\/wp\/v2\/users\/8"}],"replies":[{"embeddable":true,"href":"https:\/\/wellnesspatince.sk\/hu\/wp-json\/wp\/v2\/comments?post=20867"}],"version-history":[{"count":10,"href":"https:\/\/wellnesspatince.sk\/hu\/wp-json\/wp\/v2\/pages\/20867\/revisions"}],"predecessor-version":[{"id":25280,"href":"https:\/\/wellnesspatince.sk\/hu\/wp-json\/wp\/v2\/pages\/20867\/revisions\/25280"}],"wp:attachment":[{"href":"https:\/\/wellnesspatince.sk\/hu\/wp-json\/wp\/v2\/media?parent=20867"}],"curies":[{"name":"wp","href":"https:\/\/api.w.org\/{rel}","templated":true}]}}