{"id":20837,"date":"2021-02-11T16:35:51","date_gmt":"2021-02-11T15:35:51","guid":{"rendered":"https:\/\/wellnesspatince.sk\/darcekove-poukazky\/"},"modified":"2023-03-08T13:41:49","modified_gmt":"2023-03-08T12:41:49","slug":"ajandekutalvanyok","status":"publish","type":"page","link":"https:\/\/wellnesspatince.sk\/hu\/ajandekutalvanyok\/","title":{"rendered":"Aj\u00e1nd\u00e9kutalv\u00e1nyok"},"content":{"rendered":"<p>[vc_row row_content_width=&#8221;grid&#8221; css=&#8221;.vc_custom_1613057792323{padding-top: 70px !important;padding-bottom: 70px !important;}&#8221;][vc_column][vc_message message_box_style=&#8221;3d&#8221; message_box_color=&#8221;chino&#8221; icon_fontawesome=&#8221;fas fa-shopping-cart&#8221;]<\/p>\n<h5>\u00d6RVENDEZTESSE MEG SZERETTEIT, BAR\u00c1TAIT \u00c9S ISMER\u0150SEIT AZ IDE\u00c1LIS AJ\u00c1ND\u00c9KKAL.AJ\u00c1ND\u00c9KUTALV\u00c1NYOKAT K\u00cdN\u00c1LUNK \u00d6NNEK AZ \u00d6N \u00c1LTAL KIV\u00c1LASZTOTT B\u00c1RMELYIK TART\u00d3ZKOD\u00c1SRA AZ AJ\u00c1NLATUNKB\u00d3L.<\/h5>\n<p>Az utalv\u00e1nyokat postai \u00faton k\u00fcldj\u00fck \u00d6nnek, vagy elektronikus utalv\u00e1nyk\u00e9nt \u00e1ll\u00edtjuk ki.<\/p>\n<p>Az aj\u00e1nd\u00e9kutalv\u00e1nyok a v\u00e1s\u00e1rl\u00e1st\u00f3l sz\u00e1m\u00edtott 12 h\u00f3napig \u00e9rv\u00e9nyesek. A kiv\u00e1lasztott t\u00edpus\u00fa \u00fcd\u00fcl\u00e9seket online v\u00e1s\u00e1rolhatja meg a shop.wellnesspatince.sk weboldalon, vagy vegye fel a kapcsolatot foglal\u00e1si oszt\u00e1lyunkkal a <u>rezervacie@wellnesspatince.sk<\/u> e-mail c\u00edmen.<\/p>\n<p>&nbsp;[\/vc_message][\/vc_column][\/vc_row][vc_row row_content_width=&#8221;grid&#8221; simple_background_color=&#8221;#04adaa&#8221; css=&#8221;.vc_custom_1674561038200{padding-top: 70px !important;padding-bottom: 70px !important;}&#8221;][vc_column]<div class=\"mkdf-call-to-action-holder  mkdf-normal-layout  mkdf-three-quarters-columns\">\n\t<div class=\"mkdf-cta-inner \">\n\t\t<div class=\"mkdf-cta-text-holder\">\n\t\t\t<div class=\"mkdf-cta-text\"><em><span style=\"color: #ffffff;\">Aj\u00e1nd\u00e9kutalv\u00e1nyok sz\u00e1ll\u00e1shoz<\/span><\/em><\/p>\n<h3><span style=\"color: #ffffff;\">Sz\u00e1llodai tart\u00f3zkod\u00e1s<\/span><\/h3>\n<\/div>\n\t\t<\/div>\n\t\t<div class=\"mkdf-cta-button-holder\" >\n\t\t\t<div class=\"mkdf-cta-button\"><a itemprop=\"url\" href=\"https:\/\/shop.wellnesspatince.sk\/hu\/termekkategoriak\/szallas\/\" target=\"_blank\" style=\"color: #ffffff;background-color: #ad935f\" class=\"mkdf-btn mkdf-btn-medium mkdf-btn-solid mkdf-btn-custom-hover-bg mkdf-btn-custom-border-hover mkdf-btn-icon\" data-hover-bg-color=\"#111312\" data-hover-border-color=\"#111312\" >    <span class=\"mkdf-btn-text\">Online v\u00e1s\u00e1rl\u00e1s itt<\/span>    <i class=\"mkdf-icon-linear-icon lnr lnr-arrow-right \" ><\/i><\/a><\/div>\n\t\t<\/div>\n\t<\/div>\n<\/div>[\/vc_column][\/vc_row][vc_row][vc_column][vc_empty_space height=&#8221;1px&#8221;][\/vc_column][\/vc_row][vc_row row_content_width=&#8221;grid&#8221; simple_background_color=&#8221;#be9252&#8243; css=&#8221;.vc_custom_1677432853147{padding-top: 70px !important;padding-bottom: 70px !important;}&#8221;][vc_column]<div class=\"mkdf-call-to-action-holder  mkdf-normal-layout  mkdf-three-quarters-columns\">\n\t<div class=\"mkdf-cta-inner \">\n\t\t<div class=\"mkdf-cta-text-holder\">\n\t\t\t<div class=\"mkdf-cta-text\"><em><span style=\"color: #ffffff;\">Aj\u00e1nd\u00e9kutalv\u00e1nyok a term\u00e1lparkba \u00e9s a wellness k\u00f6zpontba<\/span><\/em><\/p>\n<h3><span style=\"color: #ffffff;\">Wellness utalv\u00e1nyok<\/span><\/h3>\n<\/div>\n\t\t<\/div>\n\t\t<div class=\"mkdf-cta-button-holder\" >\n\t\t\t<div class=\"mkdf-cta-button\"><a itemprop=\"url\" href=\"https:\/\/shop.wellnesspatince.sk\/hu\/termekkategoriak\/medence-szaunavilag\/\" target=\"_blank\" style=\"color: #ffffff;background-color: #04adaa\" class=\"mkdf-btn mkdf-btn-medium mkdf-btn-solid mkdf-btn-custom-hover-bg mkdf-btn-custom-hover-color mkdf-btn-icon\" data-hover-color=\"#ffffff\" data-hover-bg-color=\"#111312\" >    <span class=\"mkdf-btn-text\">Online v\u00e1s\u00e1rl\u00e1s itt<\/span>    <i class=\"mkdf-icon-linear-icon lnr lnr-arrow-right \" ><\/i><\/a><\/div>\n\t\t<\/div>\n\t<\/div>\n<\/div>[\/vc_column][\/vc_row][vc_row][vc_column][\/vc_column][\/vc_row]<\/p>\n","protected":false},"excerpt":{"rendered":"<p>[vc_row row_content_width=&#8221;grid&#8221; css=&#8221;.vc_custom_1613057792323{padding-top: 70px !important;padding-bottom: 70px !important;}&#8221;][vc_column][vc_message message_box_style=&#8221;3d&#8221; message_box_color=&#8221;chino&#8221; icon_fontawesome=&#8221;fas fa-shopping-cart&#8221;] \u00d6RVENDEZTESSE MEG SZERETTEIT, BAR\u00c1TAIT \u00c9S ISMER\u0150SEIT AZ IDE\u00c1LIS AJ\u00c1ND\u00c9KKAL.AJ\u00c1ND\u00c9KUTALV\u00c1NYOKAT K\u00cdN\u00c1LUNK \u00d6NNEK AZ \u00d6N \u00c1LTAL KIV\u00c1LASZTOTT B\u00c1RMELYIK TART\u00d3ZKOD\u00c1SRA AZ AJ\u00c1NLATUNKB\u00d3L. Az utalv\u00e1nyokat postai \u00faton k\u00fcldj\u00fck \u00d6nnek, vagy elektronikus utalv\u00e1nyk\u00e9nt \u00e1ll\u00edtjuk [&hellip;]<\/p>\n","protected":false},"author":8,"featured_media":0,"parent":0,"menu_order":0,"comment_status":"closed","ping_status":"closed","template":"full-width.php","meta":{"inline_featured_image":false,"footnotes":"","_wp_rev_ctl_limit":""},"class_list":["post-20837","page","type-page","status-publish","hentry"],"_links":{"self":[{"href":"https:\/\/wellnesspatince.sk\/hu\/wp-json\/wp\/v2\/pages\/20837","targetHints":{"allow":["GET"]}}],"collection":[{"href":"https:\/\/wellnesspatince.sk\/hu\/wp-json\/wp\/v2\/pages"}],"about":[{"href":"https:\/\/wellnesspatince.sk\/hu\/wp-json\/wp\/v2\/types\/page"}],"author":[{"embeddable":true,"href":"https:\/\/wellnesspatince.sk\/hu\/wp-json\/wp\/v2\/users\/8"}],"replies":[{"embeddable":true,"href":"https:\/\/wellnesspatince.sk\/hu\/wp-json\/wp\/v2\/comments?post=20837"}],"version-history":[{"count":3,"href":"https:\/\/wellnesspatince.sk\/hu\/wp-json\/wp\/v2\/pages\/20837\/revisions"}],"predecessor-version":[{"id":20863,"href":"https:\/\/wellnesspatince.sk\/hu\/wp-json\/wp\/v2\/pages\/20837\/revisions\/20863"}],"wp:attachment":[{"href":"https:\/\/wellnesspatince.sk\/hu\/wp-json\/wp\/v2\/media?parent=20837"}],"curies":[{"name":"wp","href":"https:\/\/api.w.org\/{rel}","templated":true}]}}