{"id":20823,"date":"2021-02-09T09:19:28","date_gmt":"2021-02-09T08:19:28","guid":{"rendered":"https:\/\/wellnesspatince.sk\/o-hoteli\/"},"modified":"2025-05-28T22:52:35","modified_gmt":"2025-05-28T20:52:35","slug":"szallodank","status":"publish","type":"page","link":"https:\/\/wellnesspatince.sk\/hu\/szallodank\/","title":{"rendered":"Sz\u00e1llod\u00e1nk"},"content":{"rendered":"<p>[vc_row row_content_width=&#8221;grid&#8221;][vc_column]<div class=\"mkdf-elements-holder   mkdf-two-columns  mkdf-responsive-mode-1024 \" ><div class=\"mkdf-eh-item    \"  data-item-class=\"mkdf-eh-custom-7411\" data-768-1024=\"8% 19% 8% 0\" data-680-768=\"10% 0% 6% 0\" data-680=\"11% 1% 8% 0\">\n\t<div class=\"mkdf-eh-item-inner\">\n\t\t<div class=\"mkdf-eh-item-content mkdf-eh-custom-7411\" style=\"padding: 6% 0% 0 5%\">\n\t\t\t<div class=\"mkdf-section-title-holder  mkdf-st-elegant  mkdf-st-title-left mkdf-st-normal-space \" >\n\t<div class=\"mkdf-st-inner\">\n\t\t\t\t\t\t\t<h2 class=\"mkdf-st-title\" >\n\t\t\t\tA HOTELR\u0150L\t\t\t\t\t\t\t\t\t<span class=\"mkdf-st-e-separator\" ><\/span>\n\t\t\t\t\t\t\t<\/h2>\n\t\t\t\t\t\t\t\t\t<span class=\"mkdf-st-text\" >\n\t\t\t\tT\u00f6k\u00e9letes kikapcsol\u00f3d\u00e1s, elvonul\u00e1s a rohan\u00f3 vil\u00e1gt\u00f3l \u00e9s a napi gondokt\u00f3l. Mindezt ma a Wellness Hotel Patince-ban tal\u00e1lja meg. A sz\u00e1lloda a gyermekes wellness-, csal\u00e1di \u00e9s id\u0151skor\u00faaknak sz\u00f3l\u00f3 \u00fcd\u00fcl\u00e9sekre \u00f6sszpontos\u00edt. A nyitrai r\u00e9gi\u00f3 legn\u00e9pszer\u0171bb l\u00e1tv\u00e1nyoss\u00e1ga m\u00e1r t\u00f6bb \u00e9ve haszn\u00e1lja a Patince-i forr\u00e1sok gy\u00f3gyviz\u00e9t. Ak\u00e1r t\u00edz medenc\u00e9ben is megm\u00e1rt\u00f3zhat - h\u00e1rom eg\u00e9sz \u00e9vben fedett \u00e9s h\u00e9t szabadt\u00e9ri medenc\u00e9ben. A wellness k\u00f6zpontban massz\u00e1zsok, pakol\u00e1sok \u00e9s spa kezel\u00e9sek sz\u00e9les v\u00e1laszt\u00e9ka biztos\u00edtja a teljes kikapcsol\u00f3d\u00e1st. A klasszikus massz\u00e1zsokt\u00f3l kezdve a m\u00e9regtelen\u00edt\u0151 arckezel\u00e9seken \u00e9s a revitaliz\u00e1l\u00f3 f\u00fcrd\u0151k\u00f6n \u00e1t a Garra Rufa halakkal t\u00f6rt\u00e9n\u0151 pedik\u0171rig mindenf\u00e9le k\u00e9nyeztet\u00e9st ig\u00e9nybe vehet. Teste t\u00f6k\u00e9letesen regener\u00e1l\u00f3dik wellness k\u00f6zpontunkban, ahol pezsg\u0151f\u00fcrd\u0151 \u00e9s 5 szauna v\u00e1rja. Sz\u00e1llod\u00e1nk az eg\u00e9sz csal\u00e1d sz\u00e1m\u00e1ra kikapcsol\u00f3d\u00e1st ny\u00fajt\u00f3 pihen\u0151hely. Am\u00edg \u00d6n a gy\u00f3gyf\u00fcrd\u0151ben lubickol, gyermekei a n\u00e9gy v\u00edzics\u00faszda egyik\u00e9n sz\u00f3rakozhatnak. De lehet, hogy ink\u00e1bb az anim\u00e1toraink \u00e1ltal fel\u00fcgyelt v\u00e1ltozatos eg\u00e9sz napos programokban vesznek majd r\u00e9szt. A hidegebb h\u00f3napokban pihenjenek egy\u00fctt a vad foly\u00f3val, barlanggal \u00e9s v\u00edzk\u00f6p\u0151kkel felszerelt relax\u00e1ci\u00f3s medenc\u00e9ben. A legkisebbek sz\u00e1m\u00e1ra gyermek sarok \u00e1ll rendelkez\u00e9sre.\t\t\t<\/span>\n\t\t\t<\/div>\n<\/div>[vc_empty_space height=&#8221;23px&#8221;]\t\t<\/div>\n\t<\/div>\n<\/div><\/div>[\/vc_column][\/vc_row][vc_row row_content_width=&#8221;grid&#8221;][vc_column]<div class=\"mkdf-elements-holder   mkdf-one-column  mkdf-responsive-mode-768 \" ><\/div>[vc_images_carousel images=&#8221;25684,25683,25681,25680,24637,24600,23398,23395,22977,22929,22933,22925,22927,22386,22385,22380,22371,22362,22346,24126&#8243; img_size=&#8221;full&#8221; slides_per_view=&#8221;5&#8243; autoplay=&#8221;yes&#8221; hide_pagination_control=&#8221;yes&#8221; hide_prev_next_buttons=&#8221;yes&#8221;][vc_separator][\/vc_column][\/vc_row][vc_row simple_background_color=&#8221;#f7f5f6&#8243; css=&#8221;.vc_custom_1494513831584{padding-top: 115px !important;padding-bottom: 115px !important;}&#8221;][vc_column][vc_row_inner row_content_width=&#8221;grid&#8221;][vc_column_inner]<div class=\"mkdf-elements-holder   mkdf-three-columns  mkdf-responsive-mode-768 \" ><div class=\"mkdf-eh-item    \"  data-item-class=\"mkdf-eh-custom-7278\" data-680-768=\"0 9% 3% 0\" data-680=\"0 9% 7% 0\">\n\t<div class=\"mkdf-eh-item-inner\">\n\t\t<div class=\"mkdf-eh-item-content mkdf-eh-custom-7278\" style=\"padding: 0 9% 0 0\">\n\t\t\t<div class=\"mkdf-section-title-holder  mkdf-st-standard  mkdf-st-title-left mkdf-st-normal-space \" >\n\t<div class=\"mkdf-st-inner\">\n\t\t\t\t\t\t\t<h5 class=\"mkdf-st-title\" style=\"font-weight: 700\">\n\t\t\t\tELSZ\u00c1LL\u00c1SOL\u00c1S A HOTELBEN\t\t\t\t\t\t\t<\/h5>\n\t\t\t\t\t\t\t\t\t<p class=\"mkdf-st-text\" style=\"margin-top:10px\">\n\t\t\t\tA Wellness Hotel Patince 98 k\u00fcl\u00f6nb\u00f6z\u0151 kateg\u00f3ri\u00e1j\u00fa szob\u00e1ban k\u00edn\u00e1l sz\u00e1ll\u00e1st. Standard, Economy, Family, Superior \u00e9s k\u00fcl\u00f6nb\u00f6z\u0151 t\u00edpus\u00fa lakoszt\u00e1lyok 2-6 f\u0151 r\u00e9sz\u00e9re. A sz\u00e1lloda teljes kapacit\u00e1sa 206 r\u00f6gz\u00edtett \u00e1gy \u00e9s 40 p\u00f3t\u00e1gy, \u00f6sszesen 246 f\u0151.\t\t\t<\/p>\n\t\t\t<\/div>\n<\/div>\t\t<\/div>\n\t<\/div>\n<\/div><div class=\"mkdf-eh-item    \"  data-item-class=\"mkdf-eh-custom-4904\" data-680-768=\"0 9% 3% 0\" data-680=\"0 9% 7% 0\">\n\t<div class=\"mkdf-eh-item-inner\">\n\t\t<div class=\"mkdf-eh-item-content mkdf-eh-custom-4904\" style=\"padding: 0 9% 0 0\">\n\t\t\t<div class=\"mkdf-section-title-holder  mkdf-st-standard  mkdf-st-title-left mkdf-st-normal-space \" >\n\t<div class=\"mkdf-st-inner\">\n\t\t\t\t\t\t\t<h5 class=\"mkdf-st-title\" style=\"font-weight: 700\">\n\t\t\t\tRELAX\u00c1CI\u00d3S \u00c9S WELLNESS SZOLG\u00c1LTAT\u00c1SOK\t\t\t\t\t\t\t<\/h5>\n\t\t\t\t\t\t\t\t\t<p class=\"mkdf-st-text\" style=\"margin-top:10px\">\n\t\t\t\tTerm\u00e1lpark 4 fedett term\u00e1lmedenc\u00e9vel \u00e9s 5 ny\u00e1ri medenc\u00e9vel, Wellnessk\u00f6zpont \u00f6t szaun\u00e1val, pezsg\u0151f\u00fcrd\u0151vel \u00e9s relax\u00e1ci\u00f3s szob\u00e1val, nyugtat\u00f3 massz\u00e1zsokkal, thai massz\u00e1zsokkal, sz\u00e9ps\u00e9gkezel\u00e9sekkel, manik\u0171rrel \u00e9s pedik\u0171rrel.\t\t\t<\/p>\n\t\t\t<\/div>\n<\/div>\t\t<\/div>\n\t<\/div>\n<\/div><div class=\"mkdf-eh-item    \"  data-item-class=\"mkdf-eh-custom-2726\">\n\t<div class=\"mkdf-eh-item-inner\">\n\t\t<div class=\"mkdf-eh-item-content mkdf-eh-custom-2726\" style=\"padding: 0 9% 0 0\">\n\t\t\t<div class=\"mkdf-section-title-holder  mkdf-st-standard  mkdf-st-title-left mkdf-st-normal-space \" >\n\t<div class=\"mkdf-st-inner\">\n\t\t\t\t\t\t\t<h5 class=\"mkdf-st-title\" style=\"font-weight: 700\">\n\t\t\t\tESEM\u00c9NYEK RENDEZV\u00c9NYEK\t\t\t\t\t\t\t<\/h5>\n\t\t\t\t\t\t\t\t\t<p class=\"mkdf-st-text\" style=\"margin-top:10px\">\n\t\t\t\tKonferenciatermeink sz\u00e9les v\u00e1laszt\u00e9ka a rendezv\u00e9nyek, k\u00e9pz\u00e9sek, kongresszusok, csapat\u00e9p\u00edt\u00e9sek \u00e9s v\u00e1llalati rendezv\u00e9nyek ter\u00e9n a leg\u00fajabb trendekhez \u00e9s k\u00f6vetelm\u00e9nyekhez igazodik. A sz\u00e1lloda 4 konferenciateremmel rendelkezik, amelyek 250 f\u0151 befogad\u00e1s\u00e1ra alkalmasak.\t\t\t<\/p>\n\t\t\t<\/div>\n<\/div>\t\t<\/div>\n\t<\/div>\n<\/div><\/div>[\/vc_column_inner][\/vc_row_inner][\/vc_column][\/vc_row][vc_row row_content_width=&#8221;grid&#8221; css=&#8221;.vc_custom_1494514444496{padding-top: 110px !important;padding-bottom: 86px !important;}&#8221;][vc_column offset=&#8221;vc_col-lg-6 vc_col-md-12&#8243;]<div class=\"mkdf-elements-holder   mkdf-one-column  mkdf-responsive-mode-768 \" ><div class=\"mkdf-eh-item    \"  data-item-class=\"mkdf-eh-custom-9532\" data-1024-1280=\"1% 7% 0 0\" data-680-768=\"2% 2% 0 0\">\n\t<div class=\"mkdf-eh-item-inner\">\n\t\t<div class=\"mkdf-eh-item-content mkdf-eh-custom-9532\" style=\"padding: 3% 7% 0 0\">\n\t\t\t<div class=\"mkdf-section-title-holder  mkdf-st-standard mkdf-st-ha-left mkdf-st-title-left mkdf-st-normal-space \" style=\"text-align: left\">\n\t<div class=\"mkdf-st-inner\">\n\t\t\t\t\t\t\t<h3 class=\"mkdf-st-title\" >\n\t\t\t\tT\u00d6RT\u00c9NET\u00dcNK \u00c9S A SZ\u00c1LLODA M\u00daLTJA\t\t\t\t\t\t\t<\/h3>\n\t\t\t\t\t\t\t\t\t<p class=\"mkdf-st-text\" style=\"margin-top:19px\">\n\t\t\t\tA szomsz\u00e9dos falu Izsa. Itt volt a r\u00f3mai katon\u00e1k t\u00e1borhelye. M\u00e1r az els\u0151 sz\u00e1zadban felfedezt\u00e9k a forr\u00f3 gy\u00f3gyforr\u00e1sokat. Az \u00e9rt\u00e9kes vizet b\u00e9l- \u00e9s gyomorpanaszok, b\u0151rbetegs\u00e9gek \u00e9s mozg\u00e1sszervi probl\u00e9m\u00e1k gy\u00f3gy\u00edt\u00e1s\u00e1ra haszn\u00e1lt\u00e1k. Hat\u00e1s\u00e1t m\u00e9g B\u00e9l M\u00e1ty\u00e1s is dics\u00e9rte. A f\u00f6ld gyomr\u00e1b\u00f3l sz\u00e1rmaz\u00f3 forr\u00f3 vizet is eml\u00edtette m\u0171veiben.<br \/>\nEgy kis forr\u00f3 t\u00f3 a patakok k\u00f6zel\u00e9ben szint\u00e9n megihlette Nedeczky gr\u00f3fot is. K\u00f6zel\u00fckben \u00e9p\u00edtett egy f\u00fcrd\u0151h\u00e1zat. A behozott gy\u00f3gyvizet nagy ed\u00e9nyekben meleg\u00edtett\u00e9k fel, \u00e9s az urak hossz\u00fa utaz\u00e1s ut\u00e1n felfriss\u00fcl\u00e9sre, de gy\u00f3gyul\u00e1sra \u00e9s l\u00e1badoz\u00e1sra is haszn\u00e1lt\u00e1k.<br \/>\nT\u00f6bb mint f\u00e9l \u00e9vsz\u00e1zadba telt, mire a patin\u00e1s gy\u00f3gyv\u00edz mindenki sz\u00e1m\u00e1ra el\u00e9rhet\u0151v\u00e9 v\u00e1lt. A gy\u00f3gyf\u00fcrd\u0151ipar az 1958-as term\u00e1lf\u00far\u00e1s ut\u00e1n fellend\u00fclt. Ez tette le a mai Wellness Hotel Patince alapjait, amely 2006-ban n\u0151tte ki mag\u00e1t napjainkban ismert form\u00e1j\u00e1ba.\t\t\t<\/p>\n\t\t\t<\/div>\n<\/div>\t\t<\/div>\n\t<\/div>\n<\/div><\/div>[vc_empty_space height=&#8221;40px&#8221;][\/vc_column][vc_column offset=&#8221;vc_col-lg-6 vc_col-md-12&#8243;]<div class=\"mkdf-elements-holder   mkdf-one-column  mkdf-responsive-mode-768 \" ><div class=\"mkdf-eh-item    \"  data-item-class=\"mkdf-eh-custom-6526\" data-1024-1280=\"1% 0 0 0\">\n\t<div class=\"mkdf-eh-item-inner\">\n\t\t<div class=\"mkdf-eh-item-content mkdf-eh-custom-6526\" style=\"padding: 0 0 0 0\">\n\t\t\t<div class=\"mkdf-progress-bar \">\n\t<h5 class=\"mkdf-pb-title-holder\" >\n\t\t<span class=\"mkdf-pb-title\">A HOTEL ELHELYEZKED\u00c9SE<\/span>\n\t\t<span class=\"mkdf-pb-percent\">0<\/span>\n\t<\/h5>\n\t<div class=\"mkdf-pb-content-holder\" >\n\t\t<div data-percentage=86 class=\"mkdf-pb-content\" ><\/div>\n\t<\/div>\n<\/div>[vc_empty_space height=&#8221;6px&#8221;]<div class=\"mkdf-progress-bar \">\n\t<h5 class=\"mkdf-pb-title-holder\" >\n\t\t<span class=\"mkdf-pb-title\">A SZ\u00c1LLODAI SZOLG\u00c1LTAT\u00c1SOK MIN\u0150S\u00c9GE<\/span>\n\t\t<span class=\"mkdf-pb-percent\">0<\/span>\n\t<\/h5>\n\t<div class=\"mkdf-pb-content-holder\" >\n\t\t<div data-percentage=89 class=\"mkdf-pb-content\" ><\/div>\n\t<\/div>\n<\/div>[vc_empty_space height=&#8221;6px&#8221;]<div class=\"mkdf-progress-bar \">\n\t<h5 class=\"mkdf-pb-title-holder\" >\n\t\t<span class=\"mkdf-pb-title\">WELLNESS SZOLG\u00c1LTAT\u00c1SOK<\/span>\n\t\t<span class=\"mkdf-pb-percent\">0<\/span>\n\t<\/h5>\n\t<div class=\"mkdf-pb-content-holder\" >\n\t\t<div data-percentage=96 class=\"mkdf-pb-content\" ><\/div>\n\t<\/div>\n<\/div>[vc_empty_space height=&#8221;6px&#8221;]<div class=\"mkdf-progress-bar \">\n\t<h5 class=\"mkdf-pb-title-holder\" >\n\t\t<span class=\"mkdf-pb-title\">L\u00c1TNIVAL\u00d3K GYEREKES CSAL\u00c1DOK SZ\u00c1M\u00c1RA<\/span>\n\t\t<span class=\"mkdf-pb-percent\">0<\/span>\n\t<\/h5>\n\t<div class=\"mkdf-pb-content-holder\" >\n\t\t<div data-percentage=83 class=\"mkdf-pb-content\" ><\/div>\n\t<\/div>\n<\/div><div class=\"mkdf-progress-bar \">\n\t<h5 class=\"mkdf-pb-title-holder\" >\n\t\t<span class=\"mkdf-pb-title\">GASZTRON\u00d3MIAI SZOLG\u00c1LTAT\u00c1SOK<\/span>\n\t\t<span class=\"mkdf-pb-percent\">0<\/span>\n\t<\/h5>\n\t<div class=\"mkdf-pb-content-holder\" >\n\t\t<div data-percentage=83 class=\"mkdf-pb-content\" ><\/div>\n\t<\/div>\n<\/div>\t\t<\/div>\n\t<\/div>\n<\/div><\/div>[vc_empty_space height=&#8221;40px&#8221;][\/vc_column][\/vc_row]<\/p>\n","protected":false},"excerpt":{"rendered":"<p>[vc_row row_content_width=&#8221;grid&#8221;][vc_column][\/vc_column][\/vc_row][vc_row row_content_width=&#8221;grid&#8221;][vc_column][vc_images_carousel images=&#8221;25684,25683,25681,25680,24637,24600,23398,23395,22977,22929,22933,22925,22927,22386,22385,22380,22371,22362,22346,24126&#8243; img_size=&#8221;full&#8221; slides_per_view=&#8221;5&#8243; autoplay=&#8221;yes&#8221; hide_pagination_control=&#8221;yes&#8221; hide_prev_next_buttons=&#8221;yes&#8221;][vc_separator][\/vc_column][\/vc_row][vc_row simple_background_color=&#8221;#f7f5f6&#8243; css=&#8221;.vc_custom_1494513831584{padding-top: 115px !important;padding-bottom: 115px !important;}&#8221;][vc_column][vc_row_inner row_content_width=&#8221;grid&#8221;][vc_column_inner][\/vc_column_inner][\/vc_row_inner][\/vc_column][\/vc_row][vc_row row_content_width=&#8221;grid&#8221; css=&#8221;.vc_custom_1494514444496{padding-top: 110px !important;padding-bottom: 86px !important;}&#8221;][vc_column offset=&#8221;vc_col-lg-6 vc_col-md-12&#8243;][vc_empty_space height=&#8221;40px&#8221;][\/vc_column][vc_column offset=&#8221;vc_col-lg-6 vc_col-md-12&#8243;][vc_empty_space height=&#8221;40px&#8221;][\/vc_column][\/vc_row]<\/p>\n","protected":false},"author":8,"featured_media":0,"parent":0,"menu_order":0,"comment_status":"closed","ping_status":"closed","template":"full-width.php","meta":{"inline_featured_image":false,"footnotes":"","_wp_rev_ctl_limit":""},"class_list":["post-20823","page","type-page","status-publish","hentry"],"_links":{"self":[{"href":"https:\/\/wellnesspatince.sk\/hu\/wp-json\/wp\/v2\/pages\/20823","targetHints":{"allow":["GET"]}}],"collection":[{"href":"https:\/\/wellnesspatince.sk\/hu\/wp-json\/wp\/v2\/pages"}],"about":[{"href":"https:\/\/wellnesspatince.sk\/hu\/wp-json\/wp\/v2\/types\/page"}],"author":[{"embeddable":true,"href":"https:\/\/wellnesspatince.sk\/hu\/wp-json\/wp\/v2\/users\/8"}],"replies":[{"embeddable":true,"href":"https:\/\/wellnesspatince.sk\/hu\/wp-json\/wp\/v2\/comments?post=20823"}],"version-history":[{"count":7,"href":"https:\/\/wellnesspatince.sk\/hu\/wp-json\/wp\/v2\/pages\/20823\/revisions"}],"predecessor-version":[{"id":25689,"href":"https:\/\/wellnesspatince.sk\/hu\/wp-json\/wp\/v2\/pages\/20823\/revisions\/25689"}],"wp:attachment":[{"href":"https:\/\/wellnesspatince.sk\/hu\/wp-json\/wp\/v2\/media?parent=20823"}],"curies":[{"name":"wp","href":"https:\/\/api.w.org\/{rel}","templated":true}]}}