{"id":21613,"date":"2023-03-14T18:41:05","date_gmt":"2023-03-14T17:41:05","guid":{"rendered":"https:\/\/wellnesspatince.sk\/seniorskyvylet\/"},"modified":"2025-08-01T16:37:53","modified_gmt":"2025-08-01T14:37:53","slug":"seniorskyvylet","status":"publish","type":"page","link":"https:\/\/wellnesspatince.sk\/cs\/seniorskyvylet\/","title":{"rendered":"Seniorsk\u00fd v\u00fdlet"},"content":{"rendered":"<p>[vc_row][vc_column][vc_column_text]<\/p>\n<h2><span style=\"color: #04adaa;\"><strong>SENIORSK\u00dd V\u00ddLET<\/strong><\/span><\/h2>\n<p style=\"text-align: left;\">Term\u00e1ln\u00ed voda se v Patinc\u00edch vyzna\u010duje vysok\u00fdm obsahem hydrouhli\u010ditan\u016f, v\u00e1pn\u00edku, ho\u0159\u010d\u00edku i s\u00edran\u016f a d\u00edky tomu velmi p\u0159\u00edzniv\u011b p\u016fsob\u00ed na pohybov\u00e9 \u00fastroj\u00ed a proti jeho chorob\u00e1m. Thermal park je komplex baz\u00e9n\u016f s vyu\u017eit\u00edm vody z term\u00e1ln\u00edho vrtu, kter\u00e1 je speci\u00e1ln\u011b upravov\u00e1na tak, aby byla zdravotn\u011b a hygienicky vyhovuj\u00edc\u00ed. Relaxace v term\u00e1ln\u00ed vod\u011b o teplot\u011b p\u0159ibli\u017en\u011b 35\u00b0C m\u00e1 uklid\u0148uj\u00edc\u00ed \u00fa\u010dinek na organismus.<\/p>\n<p style=\"text-align: left;\"><strong>VSTUP DO THERMAL PARKU A WELLNESS CENTRA ZAHRNUJE :<\/strong><\/p>\n<ul>\n<li><strong>Velk\u00fd relaxa\u010dn\u00ed baz\u00e9n<\/strong>, kter\u00fd je nejv\u011bt\u0161\u00edm kryt\u00fdm baz\u00e9nem na Slovensku s teplotou vody Max. 32\u00b0C a hloubkou 1,2m. Vyu\u017e\u00edt zde m\u016f\u017eete rozli\u010dn\u00e9 atrakce jako nap\u0159\u00edklad mas\u00e1\u017en\u00ed vodn\u00ed postele a d\u011bla, trysky, chrli\u010de, divok\u00e1 \u0159eka a jeskyn\u011b.<\/li>\n<li><strong>D\u011btsk\u00fd vnit\u0159n\u00ed baz\u00e9n <\/strong>s teplotou vody 34 \u00b0 C a hloubkou vody 70 cm. Dopln\u011bn je o d\u011btsk\u00fd tobog\u00e1n, kter\u00fd d\u011bti\u010dky miluj\u00ed.<\/li>\n<li>10 m\u00edstn\u00e1 <strong>v\u00ed\u0159ivka<\/strong> s teplotou vody 36\u00b0C a <strong>sedac\u00ed oddechov\u00fd baz\u00e9n<\/strong> s teplotou 36\u00b0C.<\/li>\n<li><strong>Wellness centrum<\/strong> &#8211; finsk\u00e1, \u0161v\u00e9dsk\u00e1, bylinkov\u00e1, parn\u00ed sauna, infrasauna, v\u00ed\u0159ivka, ochlazovac\u00ed baz\u00e9n, ledov\u00fd relax a odpo\u010dinkov\u00e1 m\u00edstnost<\/li>\n<li><strong>Venkovn\u00ed baz\u00e9ny<\/strong> (b\u011bhem letn\u00ed sez\u00f3ny) d\u011btsk\u00e9 venkovn\u00ed baz\u00e9ny se skluzavkami a atrakcemi, sedac\u00ed baz\u00e9n, sportovn\u00ed baz\u00e9n, velk\u00fd relaxa\u010dn\u00ed baz\u00e9n, sv\u011bt skluzavek, h\u0159i\u0161t\u011b a sportovi\u0161t\u011b<\/li>\n<li>Ned\u00edlnou \u010d\u00e1st\u00ed hotelu je jeho vlastn\u00ed lo\u010f <strong>Wellness 1<\/strong>, kter\u00e1 jezd\u00ed v pravideln\u00fdch intervalech. Lo\u010f kotv\u00ed v p\u0159\u00edstavu Mar\u00edna na \u0159\u00ed\u010dn\u00edm kilometru 1 752 obklopen\u00fd kr\u00e1snou p\u0159\u00edrodou a nedalek\u00fdmi lu\u017en\u00edmi lesy \u010di ostrovem Kormor\u00e1n\u016f. Plavby se konaj\u00ed zejm\u00e9na po trase Patince \u2013 Mo\u010da a zp\u011bt a d\u00e9lka plavby \u010din\u00ed 1 hod.<\/li>\n<\/ul>\n<p>[\/vc_column_text][vc_empty_space height=&#8221;60px&#8221;][\/vc_column][\/vc_row][vc_row][vc_column]<div class=\"mkdf-image-gallery  mkdf-ig-grid-type  mkdf-image-behavior-zoom \">\n\t<div class=\"mkdf-ig-inner mkdf-ig-grid mkdf-ig-four-columns mkdf-ig-normal-space\">\n\t\t\t\t\t<div class=\"mkdf-ig-image\">\n\t\t\t\t<div class=\"mkdf-ig-image-inner\">\n\t\t\t\t\t\t\t\t\t\t\t<img loading=\"lazy\" decoding=\"async\" width=\"1920\" height=\"1275\" src=\"https:\/\/wellnesspatince.sk\/wp-content\/uploads\/2024\/09\/Wellness_Hotel_Patince_2023_Wellness_LQ_10.jpg\" class=\"attachment-full size-full\" alt=\"\" srcset=\"https:\/\/wellnesspatince.sk\/wp-content\/uploads\/2024\/09\/Wellness_Hotel_Patince_2023_Wellness_LQ_10.jpg 1920w, https:\/\/wellnesspatince.sk\/wp-content\/uploads\/2024\/09\/Wellness_Hotel_Patince_2023_Wellness_LQ_10-300x199.jpg 300w, https:\/\/wellnesspatince.sk\/wp-content\/uploads\/2024\/09\/Wellness_Hotel_Patince_2023_Wellness_LQ_10-1024x680.jpg 1024w, https:\/\/wellnesspatince.sk\/wp-content\/uploads\/2024\/09\/Wellness_Hotel_Patince_2023_Wellness_LQ_10-768x510.jpg 768w, https:\/\/wellnesspatince.sk\/wp-content\/uploads\/2024\/09\/Wellness_Hotel_Patince_2023_Wellness_LQ_10-1536x1020.jpg 1536w, https:\/\/wellnesspatince.sk\/wp-content\/uploads\/2024\/09\/Wellness_Hotel_Patince_2023_Wellness_LQ_10-1320x877.jpg 1320w, https:\/\/wellnesspatince.sk\/wp-content\/uploads\/2024\/09\/Wellness_Hotel_Patince_2023_Wellness_LQ_10-600x398.jpg 600w\" sizes=\"auto, (max-width: 1920px) 100vw, 1920px\" \/>\t\t\t\t\t\t\t\t\t<\/div>\n\t\t\t<\/div>\n\t\t\t\t\t<div class=\"mkdf-ig-image\">\n\t\t\t\t<div class=\"mkdf-ig-image-inner\">\n\t\t\t\t\t\t\t\t\t\t\t<img loading=\"lazy\" decoding=\"async\" width=\"1920\" height=\"1275\" src=\"https:\/\/wellnesspatince.sk\/wp-content\/uploads\/2023\/10\/WH_Patince_Panorama_1920_07.jpg\" class=\"attachment-full size-full\" alt=\"\" srcset=\"https:\/\/wellnesspatince.sk\/wp-content\/uploads\/2023\/10\/WH_Patince_Panorama_1920_07.jpg 1920w, https:\/\/wellnesspatince.sk\/wp-content\/uploads\/2023\/10\/WH_Patince_Panorama_1920_07-300x199.jpg 300w, https:\/\/wellnesspatince.sk\/wp-content\/uploads\/2023\/10\/WH_Patince_Panorama_1920_07-1024x680.jpg 1024w, https:\/\/wellnesspatince.sk\/wp-content\/uploads\/2023\/10\/WH_Patince_Panorama_1920_07-768x510.jpg 768w, https:\/\/wellnesspatince.sk\/wp-content\/uploads\/2023\/10\/WH_Patince_Panorama_1920_07-1536x1020.jpg 1536w, https:\/\/wellnesspatince.sk\/wp-content\/uploads\/2023\/10\/WH_Patince_Panorama_1920_07-1320x877.jpg 1320w, https:\/\/wellnesspatince.sk\/wp-content\/uploads\/2023\/10\/WH_Patince_Panorama_1920_07-600x398.jpg 600w\" sizes=\"auto, (max-width: 1920px) 100vw, 1920px\" \/>\t\t\t\t\t\t\t\t\t<\/div>\n\t\t\t<\/div>\n\t\t\t\t\t<div class=\"mkdf-ig-image\">\n\t\t\t\t<div class=\"mkdf-ig-image-inner\">\n\t\t\t\t\t\t\t\t\t\t\t<img loading=\"lazy\" decoding=\"async\" width=\"1920\" height=\"1275\" src=\"https:\/\/wellnesspatince.sk\/wp-content\/uploads\/2023\/10\/WH_Patince_Panorama_1920_11.jpg\" class=\"attachment-full size-full\" alt=\"\" srcset=\"https:\/\/wellnesspatince.sk\/wp-content\/uploads\/2023\/10\/WH_Patince_Panorama_1920_11.jpg 1920w, https:\/\/wellnesspatince.sk\/wp-content\/uploads\/2023\/10\/WH_Patince_Panorama_1920_11-300x199.jpg 300w, https:\/\/wellnesspatince.sk\/wp-content\/uploads\/2023\/10\/WH_Patince_Panorama_1920_11-1024x680.jpg 1024w, https:\/\/wellnesspatince.sk\/wp-content\/uploads\/2023\/10\/WH_Patince_Panorama_1920_11-768x510.jpg 768w, https:\/\/wellnesspatince.sk\/wp-content\/uploads\/2023\/10\/WH_Patince_Panorama_1920_11-1536x1020.jpg 1536w, https:\/\/wellnesspatince.sk\/wp-content\/uploads\/2023\/10\/WH_Patince_Panorama_1920_11-1320x877.jpg 1320w, https:\/\/wellnesspatince.sk\/wp-content\/uploads\/2023\/10\/WH_Patince_Panorama_1920_11-600x398.jpg 600w\" sizes=\"auto, (max-width: 1920px) 100vw, 1920px\" \/>\t\t\t\t\t\t\t\t\t<\/div>\n\t\t\t<\/div>\n\t\t\t\t\t<div class=\"mkdf-ig-image\">\n\t\t\t\t<div class=\"mkdf-ig-image-inner\">\n\t\t\t\t\t\t\t\t\t\t\t<img loading=\"lazy\" decoding=\"async\" width=\"1920\" height=\"1275\" src=\"https:\/\/wellnesspatince.sk\/wp-content\/uploads\/2023\/07\/Wellness_Hotel_Patince_2023_Wellness_LQ_15.jpg\" class=\"attachment-full size-full\" alt=\"\" srcset=\"https:\/\/wellnesspatince.sk\/wp-content\/uploads\/2023\/07\/Wellness_Hotel_Patince_2023_Wellness_LQ_15.jpg 1920w, https:\/\/wellnesspatince.sk\/wp-content\/uploads\/2023\/07\/Wellness_Hotel_Patince_2023_Wellness_LQ_15-300x199.jpg 300w, https:\/\/wellnesspatince.sk\/wp-content\/uploads\/2023\/07\/Wellness_Hotel_Patince_2023_Wellness_LQ_15-1024x680.jpg 1024w, https:\/\/wellnesspatince.sk\/wp-content\/uploads\/2023\/07\/Wellness_Hotel_Patince_2023_Wellness_LQ_15-768x510.jpg 768w, https:\/\/wellnesspatince.sk\/wp-content\/uploads\/2023\/07\/Wellness_Hotel_Patince_2023_Wellness_LQ_15-1536x1020.jpg 1536w, https:\/\/wellnesspatince.sk\/wp-content\/uploads\/2023\/07\/Wellness_Hotel_Patince_2023_Wellness_LQ_15-1320x877.jpg 1320w, https:\/\/wellnesspatince.sk\/wp-content\/uploads\/2023\/07\/Wellness_Hotel_Patince_2023_Wellness_LQ_15-600x398.jpg 600w\" sizes=\"auto, (max-width: 1920px) 100vw, 1920px\" \/>\t\t\t\t\t\t\t\t\t<\/div>\n\t\t\t<\/div>\n\t\t\t<\/div>\n<\/div>[vc_column_text]<\/p>\n<h4 style=\"text-align: left;\"><strong>PODM\u00cdNKY AKCE:<\/strong><\/h4>\n<ul>\n<li><strong>Akce plat\u00ed pro organizovan\u00e9 skupiny minim\u00e1ln\u011b 10 senior\u016f nad 55 let<\/strong><\/li>\n<\/ul>\n<p>[\/vc_column_text][vc_separator][vc_column_text]<\/p>\n<h4><b>CEN\u00cdK SENIORSK\u00ddCH V\u00ddLET\u016e<\/b><\/h4>\n<p>[\/vc_column_text][\/vc_column][\/vc_row][vc_row][vc_column][vc_raw_html el_class=&#8221;school-trip&#8221;]JTNDdGFibGUlMjBib3JkZXIlM0UlMEElMjAlMjAlMjAlMjAlMjAlMjAlM0N0aGVhZCUyMHN0eWxlJTNEJTIyYmFja2dyb3VuZCUzQSUyMzA0YWRhYSUzQiUyMiUzRSUwQSUyMCUyMCUyMCUyMCUyMCUyMCUyMCUyMCUzQ3RyJTNFJTBBJTIwJTIwJTIwJTIwJTIwJTIwJTIwJTIwJTIwJTIwJTNDdGglMjByb3dzcGFuJTNEJTIyMiUyMiUyMHN0eWxlJTNEJTIyYm9yZGVyLXJpZ2h0JTNBJTIwMXB4JTIwc29saWQlMjAlMjM3ZWMyYzElM0IlMjIlM0UlM0MlMkZ0aCUzRSUwQSUyMCUyMCUyMCUyMCUyMCUyMCUyMCUyMCUyMCUyMCUzQ3RoJTIwY29sc3BhbiUzRCUyMjIlMjIlM0VTZW5pb3JzayVDMyVCRCUyMHYlQzMlQkRsZXQlM0MlMkZ0aCUzRSUwQSUyMCUyMCUyMCUyMCUyMCUyMCUyMCUyMCUzQ3RyJTNFJTBBJTIwJTIwJTIwJTIwJTIwJTIwJTIwJTIwJTIwJTIwJTNDdGglM0VPbmxpbmUlMjBuJUMzJUExa3VwJTIwMSUyMGRlbiUyMHAlQzUlOTllZGVtJTNDJTJGdGglM0UlMEElMjAlMjAlMjAlMjAlMjAlMjAlMjAlMjAlMjAlMjAlM0N0aCUzRUFxdWElMjBwb2tsYWRuYSUzQyUyRnRoJTNFJTBBJTIwJTIwJTIwJTIwJTIwJTIwJTIwJTIwJTNDJTJGdHIlM0UlMEElM0MlMkZ0aGVhZCUzRSUwQSUyMCUyMCUyMCUyMCUyMCUyMCUyMCUyMCUzQ3Rib2R5JTNFJTBBJTIwJTIwJTIwJTIwJTIwJTIwJTIwJTIwJTIwJTIwJTNDdHIlM0UlMEElMjAlMjAlMjAlMjAlMjAlMjAlMjAlMjAlMjAlMjAlMjAlMjAlM0N0ZCUzRUNlbG9kZW5uJUMzJUFEJTIwdnN0dXAlM0NiciUzRSUyMGRvJTIwVGhlcm1hbCUyMHBhcmt1JTNDJTJGdGQlM0UlMjAlMjAlMjAlMjAlMjAlMjAlMjAlMjAlMjAlMjAlMjAlMjAlMEElM0N0ZCUyMCUzRSUwQSUzQ2ElMjBocmVmJTNEJTIyaHR0cHMlM0ElMkYlMkZzaG9wLndlbGxuZXNzcGF0aW5jZS5zayUyRnByb2R1a3QlMkZzZW5pb3Jza3ktdnlsZXQtc28tdnN0dXBvbS1kby1zYXVub3ZlaG8tc3ZldGElMkYlMjIlMjBzdHlsZSUzRCUyMm1hcmdpbiUzQTVweCUyMDVweCUyMDAlMjAwJTNCJTIwZGlzcGxheSUzQWZsZXglM0IlMjBhbGlnbi1pdGVtcyUzQWNlbnRlciUzQiUyMGp1c3RpZnktY29udGVudCUzQWNlbnRlciUzQiUyMGdhcCUzQTEwcHglM0IlMjIlMjB0YXJnZXQlM0RfYmxhbmslM0UlMEElMjAlMjAlMjAlMjAlMjAlMjAlMjAlMjAlMjAlMjAlMjAlMjAlM0NzdmclMjB4bWxucyUzRCUyMmh0dHAlM0ElMkYlMkZ3d3cudzMub3JnJTJGMjAwMCUyRnN2ZyUyMiUyMGNsYXNzJTNEJTIyaWNvbiUyMGljb24tdGFibGVyJTIwaWNvbi10YWJsZXItc2hvcHBpbmctY2FydCUyMiUyMHdpZHRoJTNEJTIyMjQlMjIlMjBoZWlnaHQlM0QlMjIyNCUyMiUyMHZpZXdCb3glM0QlMjIwJTIwMCUyMDI0JTIwMjQlMjIlMjBzdHJva2Utd2lkdGglM0QlMjIyJTIyJTIwc3Ryb2tlJTNEJTIyY3VycmVudENvbG9yJTIyJTIwZmlsbCUzRCUyMm5vbmUlMjIlMjBzdHJva2UtbGluZWNhcCUzRCUyMnJvdW5kJTIyJTIwc3Ryb2tlLWxpbmVqb2luJTNEJTIycm91bmQlMjIlM0UlMEElMDklMDklM0NwYXRoJTIwc3Ryb2tlJTNEJTIybm9uZSUyMiUyMGQlM0QlMjJNMCUyMDBoMjR2MjRIMHolMjIlMjBmaWxsJTNEJTIybm9uZSUyMiUzRSUzQyUyRnBhdGglM0UlMEElMDklMDklM0NjaXJjbGUlMjBjeCUzRCUyMjYlMjIlMjBjeSUzRCUyMjE5JTIyJTIwciUzRCUyMjIlMjIlM0UlM0MlMkZjaXJjbGUlM0UlMEElMDklMDklM0NjaXJjbGUlMjBjeCUzRCUyMjE3JTIyJTIwY3klM0QlMjIxOSUyMiUyMHIlM0QlMjIyJTIyJTNFJTNDJTJGY2lyY2xlJTNFJTBBJTA5JTA5JTNDcGF0aCUyMGQlM0QlMjJNMTclMjAxN2gtMTF2LTE0aC0yJTIyJTNFJTNDJTJGcGF0aCUzRSUwQSUwOSUwOSUzQ3BhdGglMjBkJTNEJTIyTTYlMjA1bDE0JTIwMWwtMSUyMDdoLTEzJTIyJTNFJTNDJTJGcGF0aCUzRSUwQSUwOSUyMCUyMCUyMCUyMCUzQyUyRnN2ZyUzRSUwQSUyMCUyMCUyMCUyMCUyMCUyMCUyMCUyMCUyMCUyMCUyMCUyMCUzQ3AlM0UxMCUyMCVFMiU4MiVBQyUzQyUyRnAlM0UlMEElM0MlMkZhJTNFJTBBJTIwJTIwJTIwJTIwJTIwJTIwJTIwJTIwJTIwJTIwJTIwJTIwJTNDJTJGdGQlM0UlMEElMjAlMjAlMjAlMjAlMjAlMjAlMjAlMjAlMjAlMjAlMjAlMjAlM0N0ZCUzRTEyJTIwJUUyJTgyJUFDJTNDJTJGdGQlM0UlMEElMjAlMjAlMjAlMjAlMjAlMjAlMjAlMjAlMjAlMjAlMjAlMjAlMEElMjAlMjAlMjAlMjAlMjAlMjAlMjAlMjAlMjAlMjAlM0N0ciUzRSUwQSUyMCUyMCUyMCUyMCUyMCUyMCUyMCUyMCUyMCUyMCUyMCUyMCUzQ3RkJTNFQ2Vsb2Rlbm4lQzMlQUQlMjB2c3R1cCUzQ2JyJTNFZG8lMjBUaGVybWFsJTIwcGFya3UlMjBhJTIwV2VsbG5lc3MlMjBjZW50cmElM0MlMkZ0ZCUzRSUwQSUyMCUyMCUyMCUyMCUyMCUyMCUyMCUyMCUyMCUyMCUyMCUzQ3RkJTIwJTNFJTBBJTNDYSUyMGhyZWYlM0QlMjJodHRwcyUzQSUyRiUyRnNob3Aud2VsbG5lc3NwYXRpbmNlLnNrJTJGcHJvZHVrdCUyRnNlbmlvcnNreS12eWxldC1zby12c3R1cG9tLWRvLXNhdW5vdmVoby1zdmV0YSUyRiUyMiUyMHN0eWxlJTNEJTIybWFyZ2luJTNBNXB4JTIwNXB4JTIwMCUyMDAlM0IlMjBkaXNwbGF5JTNBZmxleCUzQiUyMGFsaWduLWl0ZW1zJTNBY2VudGVyJTNCJTIwanVzdGlmeS1jb250ZW50JTNBY2VudGVyJTNCJTIwZ2FwJTNBMTBweCUzQiUyMiUyMHRhcmdldCUzRF9ibGFuayUzRSUwQSUyMCUyMCUyMCUyMCUyMCUyMCUyMCUyMCUyMCUyMCUyMCUyMCUzQ3N2ZyUyMHhtbG5zJTNEJTIyaHR0cCUzQSUyRiUyRnd3dy53My5vcmclMkYyMDAwJTJGc3ZnJTIyJTIwY2xhc3MlM0QlMjJpY29uJTIwaWNvbi10YWJsZXIlMjBpY29uLXRhYmxlci1zaG9wcGluZy1jYXJ0JTIyJTIwd2lkdGglM0QlMjIyNCUyMiUyMGhlaWdodCUzRCUyMjI0JTIyJTIwdmlld0JveCUzRCUyMjAlMjAwJTIwMjQlMjAyNCUyMiUyMHN0cm9rZS13aWR0aCUzRCUyMjIlMjIlMjBzdHJva2UlM0QlMjJjdXJyZW50Q29sb3IlMjIlMjBmaWxsJTNEJTIybm9uZSUyMiUyMHN0cm9rZS1saW5lY2FwJTNEJTIycm91bmQlMjIlMjBzdHJva2UtbGluZWpvaW4lM0QlMjJyb3VuZCUyMiUzRSUwQSUwOSUwOSUzQ3BhdGglMjBzdHJva2UlM0QlMjJub25lJTIyJTIwZCUzRCUyMk0wJTIwMGgyNHYyNEgweiUyMiUyMGZpbGwlM0QlMjJub25lJTIyJTNFJTNDJTJGcGF0aCUzRSUwQSUwOSUwOSUzQ2NpcmNsZSUyMGN4JTNEJTIyNiUyMiUyMGN5JTNEJTIyMTklMjIlMjByJTNEJTIyMiUyMiUzRSUzQyUyRmNpcmNsZSUzRSUwQSUwOSUwOSUzQ2NpcmNsZSUyMGN4JTNEJTIyMTclMjIlMjBjeSUzRCUyMjE5JTIyJTIwciUzRCUyMjIlMjIlM0UlM0MlMkZjaXJjbGUlM0UlMEElMDklMDklM0NwYXRoJTIwZCUzRCUyMk0xNyUyMDE3aC0xMXYtMTRoLTIlMjIlM0UlM0MlMkZwYXRoJTNFJTBBJTA5JTA5JTNDcGF0aCUyMGQlM0QlMjJNNiUyMDVsMTQlMjAxbC0xJTIwN2gtMTMlMjIlM0UlM0MlMkZwYXRoJTNFJTBBJTA5JTIwJTIwJTIwJTIwJTNDJTJGc3ZnJTNFJTBBJTIwJTIwJTIwJTIwJTIwJTIwJTIwJTIwJTIwJTIwJTIwJTIwJTNDcCUzRTE4JTIwJUUyJTgyJUFDJTNDJTJGcCUzRSUwQSUzQyUyRmElM0UlMEElMjAlMjAlMjAlMjAlMjAlMjAlMjAlMjAlMjAlMjAlMjAlMjAlM0MlMkZ0ZCUzRSUwQSUyMCUyMCUyMCUyMCUyMCUyMCUyMCUyMCUyMCUyMCUyMCUyMCUzQ3RkJTNFMjAlMjAlRTIlODIlQUMlM0MlMkZ0ZCUzRSUwQSUyMCUyMCUyMCUyMCUyMCUyMCUyMCUyMCUyMCUyMCUzQyUyRnRyJTNFJTBBJTNDdHIlM0UlMEElMjAlMjAlMjAlMjAlMjAlMjAlMjAlMjAlMjAlMjAlMjAlMjAlM0N0ZCUzRUNlbG9kZW5uJUMzJUFEJTIwdnN0dXAlM0NiciUzRWRvJTIwVGhlcm1hbCUyMHBhcmt1JTIwYSUyMFdlbGxuZXNzJTIwY2VudHJhJTIwJTJCJTIwb2IlQzQlOUJkb3YlQzMlQTklMjBtZW51JTNDJTJGdGQlM0UlMEElMjAlMjAlMjAlMjAlMjAlMjAlMjAlMjAlMjAlMjAlMjAlM0N0ZCUyMCUzRSUwQSUzQ2ElMjBocmVmJTNEJTIyaHR0cHMlM0ElMkYlMkZzaG9wLndlbGxuZXNzcGF0aW5jZS5zayUyRnByb2R1a3QlMkZzZW5pb3Jza3ktdnlsZXQtb2JlZG92ZS1tZW51JTJGJTIyJTIwc3R5bGUlM0QlMjJtYXJnaW4lM0E1cHglMjA1cHglMjAwJTIwMCUzQiUyMGRpc3BsYXklM0FmbGV4JTNCJTIwYWxpZ24taXRlbXMlM0FjZW50ZXIlM0IlMjBqdXN0aWZ5LWNvbnRlbnQlM0FjZW50ZXIlM0IlMjBnYXAlM0ExMHB4JTNCJTIyJTIwdGFyZ2V0JTNEX2JsYW5rJTNFJTBBJTIwJTIwJTIwJTIwJTIwJTIwJTIwJTIwJTIwJTIwJTIwJTIwJTNDc3ZnJTIweG1sbnMlM0QlMjJodHRwJTNBJTJGJTJGd3d3LnczLm9yZyUyRjIwMDAlMkZzdmclMjIlMjBjbGFzcyUzRCUyMmljb24lMjBpY29uLXRhYmxlciUyMGljb24tdGFibGVyLXNob3BwaW5nLWNhcnQlMjIlMjB3aWR0aCUzRCUyMjI0JTIyJTIwaGVpZ2h0JTNEJTIyMjQlMjIlMjB2aWV3Qm94JTNEJTIyMCUyMDAlMjAyNCUyMDI0JTIyJTIwc3Ryb2tlLXdpZHRoJTNEJTIyMiUyMiUyMHN0cm9rZSUzRCUyMmN1cnJlbnRDb2xvciUyMiUyMGZpbGwlM0QlMjJub25lJTIyJTIwc3Ryb2tlLWxpbmVjYXAlM0QlMjJyb3VuZCUyMiUyMHN0cm9rZS1saW5lam9pbiUzRCUyMnJvdW5kJTIyJTNFJTBBJTA5JTA5JTNDcGF0aCUyMHN0cm9rZSUzRCUyMm5vbmUlMjIlMjBkJTNEJTIyTTAlMjAwaDI0djI0SDB6JTIyJTIwZmlsbCUzRCUyMm5vbmUlMjIlM0UlM0MlMkZwYXRoJTNFJTBBJTA5JTA5JTNDY2lyY2xlJTIwY3glM0QlMjI2JTIyJTIwY3klM0QlMjIxOSUyMiUyMHIlM0QlMjIyJTIyJTNFJTNDJTJGY2lyY2xlJTNFJTBBJTA5JTA5JTNDY2lyY2xlJTIwY3glM0QlMjIxNyUyMiUyMGN5JTNEJTIyMTklMjIlMjByJTNEJTIyMiUyMiUzRSUzQyUyRmNpcmNsZSUzRSUwQSUwOSUwOSUzQ3BhdGglMjBkJTNEJTIyTTE3JTIwMTdoLTExdi0xNGgtMiUyMiUzRSUzQyUyRnBhdGglM0UlMEElMDklMDklM0NwYXRoJTIwZCUzRCUyMk02JTIwNWwxNCUyMDFsLTElMjA3aC0xMyUyMiUzRSUzQyUyRnBhdGglM0UlMEElMDklMjAlMjAlMjAlMjAlM0MlMkZzdmclM0UlMEElMjAlMjAlMjAlMjAlMjAlMjAlMjAlMjAlMjAlMjAlMjAlMjAlM0NwJTNFMjMlMjAlRTIlODIlQUMlM0MlMkZwJTNFJTBBJTNDJTJGYSUzRSUwQSUyMCUyMCUyMCUyMCUyMCUyMCUyMCUyMCUyMCUyMCUyMCUyMCUzQyUyRnRkJTNFJTBBJTIwJTIwJTIwJTIwJTIwJTIwJTIwJTIwJTIwJTIwJTIwJTIwJTNDdGQlM0UyNSUyMCVFMiU4MiVBQyUzQyUyRnRkJTNFJTBBJTIwJTIwJTIwJTIwJTIwJTIwJTIwJTIwJTIwJTIwJTNDJTJGdHIlM0UlMEElMjAlMjAlMjAlMjAlMjAlMjAlMjAlMjAlM0MlMkZ0Ym9keSUzRSUwQSUyMCUyMCUyMCUyMCUyMCUyMCUwQSUyMCUyMCUyMCUyMCUzQyUyRnRhYmxlJTNF[\/vc_raw_html][\/vc_column][\/vc_row][vc_row][vc_column][vc_separator][vc_empty_space height=&#8221;60px&#8221;][\/vc_column][\/vc_row][vc_column width=&#8221;1\/2&#8243; offset=&#8221;vc_col-lg-3 vc_col-md-6&#8243;]<div class=\"mkdf-iwt clearfix  mkdf-iwt-icon-top mkdf-iwt-icon-medium mkdf-iwt-has-separator\">\n\t<div class=\"mkdf-iwt-icon\">\n\t\t\t\t\t<a itemprop=\"url\" href=\"https:\/\/wellnesspatince.sk\/cs\/oteviraci-hodiny-a-oznamy\/\" target=\"_blank\">\n\t\t\t\t\t\t\t\t\t    <span class=\"mkdf-icon-shortcode mkdf-normal   mkdf-icon-medium\"  data-hover-color=\"#333132\" data-color=\"#04adaa\">\n                    <i class=\"mkdf-icon-font-awesome fa fa-clock-o mkdf-icon-element\" style=\"color: #04adaa;font-size:60px\" ><\/i>            <\/span>\n\t\t\t\t\t\t\t\t<\/a>\n\t\t\t<\/div>\n\t<div class=\"mkdf-iwt-content\" >\n\t\t\t\t\t<h5 class=\"mkdf-iwt-title\" style=\"margin-top:25px\">\n\t\t\t\t\t\t\t\t\t<a itemprop=\"url\" href=\"https:\/\/wellnesspatince.sk\/cs\/oteviraci-hodiny-a-oznamy\/\" target=\"_blank\">\n\t\t\t\t\t\t\t\t<span class=\"mkdf-iwt-title-text\">Otev\u00edrac\u00ed hodiny<\/span>\n\t\t\t\t\t\t\t\t\t<\/a>\n\t\t\t\t\t\t\t\t\t\t\t<\/h5>\n\t\t\t\t\t\t\t<div class=\"mkdf-iwt-separator\" ><\/div>\n\t\t\t\t\t\t\t<p class=\"mkdf-iwt-text\" >Viz otev\u00edrac\u00ed hodiny a provozn\u00ed ozn\u00e1men\u00ed.<\/p>\n\t\t\t\t\t\t\t<a itemprop=\"url\" href=\"https:\/\/wellnesspatince.sk\/cs\/oteviraci-hodiny-a-oznamy\/\" target=\"_blank\" class=\"mkdf-iwt-link-text mkdf-btn mkdf-btn-simple\">\n\t\t\t\t<span class=\"mkdf-btn-text\">V\u00edce informac\u00ed<\/span>\n\t\t\t<\/a>\n\t\t\t<\/div>\n<\/div>[vc_empty_space height=&#8221;50px&#8221;][\/vc_column][vc_column width=&#8221;1\/2&#8243; offset=&#8221;vc_col-lg-3 vc_col-md-6&#8243;]<div class=\"mkdf-iwt clearfix  mkdf-iwt-icon-top mkdf-iwt-icon-medium mkdf-iwt-has-separator\">\n\t<div class=\"mkdf-iwt-icon\">\n\t\t\t\t\t<a itemprop=\"url\" href=\"https:\/\/shop.wellnesspatince.sk\/\" target=\"_blank\">\n\t\t\t\t\t\t\t\t\t    <span class=\"mkdf-icon-shortcode mkdf-normal   mkdf-icon-medium\"  data-hover-color=\"#333132\" data-color=\"#04adaa\">\n                    <i class=\"mkdf-icon-linea-icon icon-ecommerce-gift mkdf-icon-element\" style=\"color: #04adaa;font-size:60px\" ><\/i>            <\/span>\n\t\t\t\t\t\t\t\t<\/a>\n\t\t\t<\/div>\n\t<div class=\"mkdf-iwt-content\" >\n\t\t\t\t\t<h5 class=\"mkdf-iwt-title\" style=\"margin-top:25px\">\n\t\t\t\t\t\t\t\t\t<a itemprop=\"url\" href=\"https:\/\/shop.wellnesspatince.sk\/\" target=\"_blank\">\n\t\t\t\t\t\t\t\t<span class=\"mkdf-iwt-title-text\">Eshop - Online n\u00e1kup<\/span>\n\t\t\t\t\t\t\t\t\t<\/a>\n\t\t\t\t\t\t\t\t\t\t\t<\/h5>\n\t\t\t\t\t\t\t<div class=\"mkdf-iwt-separator\" ><\/div>\n\t\t\t\t\t\t\t<p class=\"mkdf-iwt-text\" >D\u00e1rkov\u00e9 vouchery a vstupenky pro extern\u00ed hosty s v\u00fdhodn\u011bj\u0161\u00edmi cenami na na\u0161em eshopu.<\/p>\n\t\t\t\t\t\t\t<a itemprop=\"url\" href=\"https:\/\/shop.wellnesspatince.sk\/\" target=\"_blank\" class=\"mkdf-iwt-link-text mkdf-btn mkdf-btn-simple\">\n\t\t\t\t<span class=\"mkdf-btn-text\">V\u00edce informac\u00ed<\/span>\n\t\t\t<\/a>\n\t\t\t<\/div>\n<\/div>[vc_empty_space height=&#8221;50px&#8221;][\/vc_column][vc_column width=&#8221;1\/2&#8243; offset=&#8221;vc_col-lg-3 vc_col-md-6&#8243;]<div class=\"mkdf-iwt clearfix  mkdf-iwt-icon-top mkdf-iwt-icon-medium mkdf-iwt-has-separator\">\n\t<div class=\"mkdf-iwt-icon\">\n\t\t\t\t\t<a itemprop=\"url\" href=\"https:\/\/wellnesspatince.sk\/cs\/cenik-vstupu\/\" target=\"_blank\">\n\t\t\t\t\t\t\t\t\t    <span class=\"mkdf-icon-shortcode mkdf-normal   mkdf-icon-medium\"  data-hover-color=\"#333132\" data-color=\"#04adaa\">\n                    <i class=\"mkdf-icon-linea-icon icon-ecommerce-receipt-euro mkdf-icon-element\" style=\"color: #04adaa;font-size:60px\" ><\/i>            <\/span>\n\t\t\t\t\t\t\t\t<\/a>\n\t\t\t<\/div>\n\t<div class=\"mkdf-iwt-content\" >\n\t\t\t\t\t<h5 class=\"mkdf-iwt-title\" style=\"margin-top:25px\">\n\t\t\t\t\t\t\t\t\t<a itemprop=\"url\" href=\"https:\/\/wellnesspatince.sk\/cs\/cenik-vstupu\/\" target=\"_blank\">\n\t\t\t\t\t\t\t\t<span class=\"mkdf-iwt-title-text\">CEN\u00cdK<\/span>\n\t\t\t\t\t\t\t\t\t<\/a>\n\t\t\t\t\t\t\t\t\t\t\t<\/h5>\n\t\t\t\t\t\t\t<div class=\"mkdf-iwt-separator\" ><\/div>\n\t\t\t\t\t\t\t<p class=\"mkdf-iwt-text\" >Cen\u00edk vstup\u016f do Thermal parku.<\/p>\n\t\t\t\t\t\t\t<a itemprop=\"url\" href=\"https:\/\/wellnesspatince.sk\/cs\/cenik-vstupu\/\" target=\"_blank\" class=\"mkdf-iwt-link-text mkdf-btn mkdf-btn-simple\">\n\t\t\t\t<span class=\"mkdf-btn-text\">V\u00edce informac\u00ed<\/span>\n\t\t\t<\/a>\n\t\t\t<\/div>\n<\/div>[vc_empty_space height=&#8221;50px&#8221;][\/vc_column][vc_column width=&#8221;1\/2&#8243; offset=&#8221;vc_col-lg-3 vc_col-md-6&#8243;]<div class=\"mkdf-iwt clearfix  mkdf-iwt-icon-top mkdf-iwt-icon-medium mkdf-iwt-has-separator\">\n\t<div class=\"mkdf-iwt-icon\">\n\t\t\t\t\t<a itemprop=\"url\" href=\"https:\/\/wellnesspatince.sk\/cs\/kontakt\/\" target=\"_blank\">\n\t\t\t\t\t\t\t\t\t    <span class=\"mkdf-icon-shortcode mkdf-normal   mkdf-icon-medium\"  data-hover-color=\"#333132\" data-color=\"#04adaa\">\n                    <i class=\"mkdf-icon-linea-icon icon-basic-mail mkdf-icon-element\" style=\"color: #04adaa;font-size:60px\" ><\/i>            <\/span>\n\t\t\t\t\t\t\t\t<\/a>\n\t\t\t<\/div>\n\t<div class=\"mkdf-iwt-content\" >\n\t\t\t\t\t<h5 class=\"mkdf-iwt-title\" style=\"margin-top:25px\">\n\t\t\t\t\t\t\t\t\t<a itemprop=\"url\" href=\"https:\/\/wellnesspatince.sk\/cs\/kontakt\/\" target=\"_blank\">\n\t\t\t\t\t\t\t\t<span class=\"mkdf-iwt-title-text\">Kontaktn\u00ed \u00fadaje<\/span>\n\t\t\t\t\t\t\t\t\t<\/a>\n\t\t\t\t\t\t\t\t\t\t\t<\/h5>\n\t\t\t\t\t\t\t<div class=\"mkdf-iwt-separator\" ><\/div>\n\t\t\t\t\t\t\t<p class=\"mkdf-iwt-text\" >E-mail : info@wellnesspatince.sk<\/p>\n\t\t\t\t\t\t\t<a itemprop=\"url\" href=\"https:\/\/wellnesspatince.sk\/cs\/kontakt\/\" target=\"_blank\" class=\"mkdf-iwt-link-text mkdf-btn mkdf-btn-simple\">\n\t\t\t\t<span class=\"mkdf-btn-text\">V\u00edce informac\u00ed<\/span>\n\t\t\t<\/a>\n\t\t\t<\/div>\n<\/div>[vc_empty_space height=&#8221;50px&#8221;][\/vc_column]<\/p>\n","protected":false},"excerpt":{"rendered":"<p>[vc_row][vc_column][vc_column_text] SENIORSK\u00dd V\u00ddLET Term\u00e1ln\u00ed voda se v Patinc\u00edch vyzna\u010duje vysok\u00fdm obsahem hydrouhli\u010ditan\u016f, v\u00e1pn\u00edku, ho\u0159\u010d\u00edku i s\u00edran\u016f a d\u00edky tomu velmi p\u0159\u00edzniv\u011b p\u016fsob\u00ed na pohybov\u00e9 \u00fastroj\u00ed a proti jeho chorob\u00e1m. Thermal park je komplex baz\u00e9n\u016f s vyu\u017eit\u00edm vody z term\u00e1ln\u00edho vrtu, [&hellip;]<\/p>\n","protected":false},"author":2,"featured_media":0,"parent":0,"menu_order":0,"comment_status":"closed","ping_status":"closed","template":"","meta":{"inline_featured_image":false,"footnotes":"","_wp_rev_ctl_limit":""},"class_list":["post-21613","page","type-page","status-publish","hentry"],"_links":{"self":[{"href":"https:\/\/wellnesspatince.sk\/cs\/wp-json\/wp\/v2\/pages\/21613","targetHints":{"allow":["GET"]}}],"collection":[{"href":"https:\/\/wellnesspatince.sk\/cs\/wp-json\/wp\/v2\/pages"}],"about":[{"href":"https:\/\/wellnesspatince.sk\/cs\/wp-json\/wp\/v2\/types\/page"}],"author":[{"embeddable":true,"href":"https:\/\/wellnesspatince.sk\/cs\/wp-json\/wp\/v2\/users\/2"}],"replies":[{"embeddable":true,"href":"https:\/\/wellnesspatince.sk\/cs\/wp-json\/wp\/v2\/comments?post=21613"}],"version-history":[{"count":9,"href":"https:\/\/wellnesspatince.sk\/cs\/wp-json\/wp\/v2\/pages\/21613\/revisions"}],"predecessor-version":[{"id":26100,"href":"https:\/\/wellnesspatince.sk\/cs\/wp-json\/wp\/v2\/pages\/21613\/revisions\/26100"}],"wp:attachment":[{"href":"https:\/\/wellnesspatince.sk\/cs\/wp-json\/wp\/v2\/media?parent=21613"}],"curies":[{"name":"wp","href":"https:\/\/api.w.org\/{rel}","templated":true}]}}