{"id":21542,"date":"2023-02-16T06:15:57","date_gmt":"2023-02-16T05:15:57","guid":{"rendered":"https:\/\/wellnesspatince.sk\/akcie_partneri\/"},"modified":"2024-06-29T08:22:30","modified_gmt":"2024-06-29T06:22:30","slug":"akce_partneri","status":"publish","type":"page","link":"https:\/\/wellnesspatince.sk\/cs\/akce_partneri\/","title":{"rendered":"Akce a na\u0161i partne\u0159i"},"content":{"rendered":"<p>[vc_row][vc_column css=&#8221;.vc_custom_1493886957095{padding-right: 13px !important;}&#8221;]<div class=\"mkdf-elements-holder   mkdf-three-columns  mkdf-responsive-mode-768 \" ><div class=\"mkdf-eh-item    \"  data-item-class=\"mkdf-eh-custom-7875\">\n\t<div class=\"mkdf-eh-item-inner\">\n\t\t<div class=\"mkdf-eh-item-content mkdf-eh-custom-7875\" style=\"padding: 0 0 0 0\">\n\t\t\t<div class=\"mkdf-banner-holder  mkdf-visible-on-default mkdf-banner-info-default\">\n    <div class=\"mkdf-banner-image\">\n        <img loading=\"lazy\" decoding=\"async\" width=\"800\" height=\"545\" src=\"https:\/\/wellnesspatince.sk\/wp-content\/uploads\/2023\/03\/Patince_800x545_Senior.jpg\" class=\"attachment-full size-full\" alt=\"\" srcset=\"https:\/\/wellnesspatince.sk\/wp-content\/uploads\/2023\/03\/Patince_800x545_Senior.jpg 800w, https:\/\/wellnesspatince.sk\/wp-content\/uploads\/2023\/03\/Patince_800x545_Senior-300x204.jpg 300w, https:\/\/wellnesspatince.sk\/wp-content\/uploads\/2023\/03\/Patince_800x545_Senior-768x523.jpg 768w, https:\/\/wellnesspatince.sk\/wp-content\/uploads\/2023\/03\/Patince_800x545_Senior-600x409.jpg 600w\" sizes=\"auto, (max-width: 800px) 100vw, 800px\" \/>    <\/div>\n    <div class=\"mkdf-banner-text-holder\" >\n\t    <div class=\"mkdf-banner-text-outer\">\n\t\t    <div class=\"mkdf-banner-text-inner\">\n\t\t        \t\t        \t\t            <h2 class=\"mkdf-banner-title\" >\n\t\t                SENIORSK\u00dd V\u00ddLET\t                <\/h2>\n\t\t        \t\t\t    \t\t\t\t    <p class=\"mkdf-banner-text\" >V\u00fdhodn\u00e1 akce pro skupiny senior\u016f od 10 osob vstup jen 9 \u20ac<\/p>\n\t\t\t\t\t\t\t\t\t\t            <a itemprop=\"url\" href=\"https:\/\/wellnesspatince.sk\/cs\/seniorskyvylet\/\" target=\"_blank\" class=\"mkdf-banner-link-text mkdf-btn mkdf-btn-solid mkdf-btn-medium mkdf-btn-icon\" >\n\t\t\t            <span class=\"mkdf-btn-text\">V\u00edce informac\u00ed<\/span>\n\t\t\t            <span class=\"mkdf-btn-icon lnr lnr-arrow-right\"><\/span>\n\t\t            <\/a>\n\t\t        \t\t\t<\/div>\n\t\t<\/div>\n\t<\/div>\n\t        <a itemprop=\"url\" class=\"mkdf-banner-link\" href=\"https:\/\/wellnesspatince.sk\/cs\/seniorskyvylet\/\" target=\"_blank\"><\/a>\n    <\/div>\t\t<\/div>\n\t<\/div>\n<\/div><div class=\"mkdf-eh-item    \"  data-item-class=\"mkdf-eh-custom-2721\">\n\t<div class=\"mkdf-eh-item-inner\">\n\t\t<div class=\"mkdf-eh-item-content mkdf-eh-custom-2721\" style=\"padding: 0 0 0 0\">\n\t\t\t<div class=\"mkdf-banner-holder  mkdf-visible-on-default mkdf-banner-info-default\">\n    <div class=\"mkdf-banner-image\">\n        <img loading=\"lazy\" decoding=\"async\" width=\"800\" height=\"545\" src=\"https:\/\/wellnesspatince.sk\/wp-content\/uploads\/2023\/03\/Patince_800x545_Deti.jpg\" class=\"attachment-full size-full\" alt=\"\" srcset=\"https:\/\/wellnesspatince.sk\/wp-content\/uploads\/2023\/03\/Patince_800x545_Deti.jpg 800w, https:\/\/wellnesspatince.sk\/wp-content\/uploads\/2023\/03\/Patince_800x545_Deti-300x204.jpg 300w, https:\/\/wellnesspatince.sk\/wp-content\/uploads\/2023\/03\/Patince_800x545_Deti-768x523.jpg 768w, https:\/\/wellnesspatince.sk\/wp-content\/uploads\/2023\/03\/Patince_800x545_Deti-600x409.jpg 600w\" sizes=\"auto, (max-width: 800px) 100vw, 800px\" \/>    <\/div>\n    <div class=\"mkdf-banner-text-holder\" >\n\t    <div class=\"mkdf-banner-text-outer\">\n\t\t    <div class=\"mkdf-banner-text-inner\">\n\t\t        \t\t        \t\t            <h2 class=\"mkdf-banner-title\" >\n\t\t                \u0160KOLN\u00cd V\u00ddLET\t                <\/h2>\n\t\t        \t\t\t    \t\t\t\t    <p class=\"mkdf-banner-text\" >V\u00fdhodn\u00e1 akce pro \u0161koln\u00ed v\u00fdlety a skupiny d\u011bti a studenty od 10 osob jen za 9 \u20ac<\/p>\n\t\t\t\t\t\t\t\t\t\t            <a itemprop=\"url\" href=\"https:\/\/wellnesspatince.sk\/cs\/skolnivylet\/\" target=\"_blank\" class=\"mkdf-banner-link-text mkdf-btn mkdf-btn-solid mkdf-btn-medium mkdf-btn-icon\" >\n\t\t\t            <span class=\"mkdf-btn-text\">V\u00edce informac\u00ed<\/span>\n\t\t\t            <span class=\"mkdf-btn-icon lnr lnr-arrow-right\"><\/span>\n\t\t            <\/a>\n\t\t        \t\t\t<\/div>\n\t\t<\/div>\n\t<\/div>\n\t        <a itemprop=\"url\" class=\"mkdf-banner-link\" href=\"https:\/\/wellnesspatince.sk\/cs\/skolnivylet\/\" target=\"_blank\"><\/a>\n    <\/div>\t\t<\/div>\n\t<\/div>\n<\/div><div class=\"mkdf-eh-item    \"  data-item-class=\"mkdf-eh-custom-3937\">\n\t<div class=\"mkdf-eh-item-inner\">\n\t\t<div class=\"mkdf-eh-item-content mkdf-eh-custom-3937\" style=\"padding: 0 0 0 0\">\n\t\t\t<div class=\"mkdf-banner-holder  mkdf-visible-on-default mkdf-banner-info-default\">\n    <div class=\"mkdf-banner-image\">\n        <img loading=\"lazy\" decoding=\"async\" width=\"800\" height=\"545\" src=\"https:\/\/wellnesspatince.sk\/wp-content\/uploads\/2023\/03\/Patince_800x545_A.jpg\" class=\"attachment-full size-full\" alt=\"\" srcset=\"https:\/\/wellnesspatince.sk\/wp-content\/uploads\/2023\/03\/Patince_800x545_A.jpg 800w, https:\/\/wellnesspatince.sk\/wp-content\/uploads\/2023\/03\/Patince_800x545_A-300x204.jpg 300w, https:\/\/wellnesspatince.sk\/wp-content\/uploads\/2023\/03\/Patince_800x545_A-768x523.jpg 768w, https:\/\/wellnesspatince.sk\/wp-content\/uploads\/2023\/03\/Patince_800x545_A-600x409.jpg 600w\" sizes=\"auto, (max-width: 800px) 100vw, 800px\" \/>    <\/div>\n    <div class=\"mkdf-banner-text-holder\" >\n\t    <div class=\"mkdf-banner-text-outer\">\n\t\t    <div class=\"mkdf-banner-text-inner\">\n\t\t        \t\t        \t\t            <h2 class=\"mkdf-banner-title\" >\n\t\t                Studentsk\u00e9 slevy\t                <\/h2>\n\t\t        \t\t\t    \t\t\t\t    <p class=\"mkdf-banner-text\" >Studentsk\u00e9 slevy s pr\u016fkazy ISIC, ITIC, EURO 26<\/p>\n\t\t\t\t\t\t\t\t\t\t            <a itemprop=\"url\" href=\"https:\/\/wellnesspatince.sk\/cs\/cenik-vstupu\/\" target=\"_blank\" class=\"mkdf-banner-link-text mkdf-btn mkdf-btn-solid mkdf-btn-medium mkdf-btn-icon\" >\n\t\t\t            <span class=\"mkdf-btn-text\">V\u00edce informac\u00ed<\/span>\n\t\t\t            <span class=\"mkdf-btn-icon lnr lnr-arrow-right\"><\/span>\n\t\t            <\/a>\n\t\t        \t\t\t<\/div>\n\t\t<\/div>\n\t<\/div>\n\t        <a itemprop=\"url\" class=\"mkdf-banner-link\" href=\"https:\/\/wellnesspatince.sk\/cs\/cenik-vstupu\/\" target=\"_blank\"><\/a>\n    <\/div>\t\t<\/div>\n\t<\/div>\n<\/div><\/div>[\/vc_column][\/vc_row]<\/p>\n","protected":false},"excerpt":{"rendered":"<p>[vc_row][vc_column css=&#8221;.vc_custom_1493886957095{padding-right: 13px !important;}&#8221;][\/vc_column][\/vc_row]<\/p>\n","protected":false},"author":2,"featured_media":0,"parent":0,"menu_order":0,"comment_status":"closed","ping_status":"closed","template":"full-width.php","meta":{"inline_featured_image":false,"footnotes":"","_wp_rev_ctl_limit":""},"class_list":["post-21542","page","type-page","status-publish","hentry"],"_links":{"self":[{"href":"https:\/\/wellnesspatince.sk\/cs\/wp-json\/wp\/v2\/pages\/21542","targetHints":{"allow":["GET"]}}],"collection":[{"href":"https:\/\/wellnesspatince.sk\/cs\/wp-json\/wp\/v2\/pages"}],"about":[{"href":"https:\/\/wellnesspatince.sk\/cs\/wp-json\/wp\/v2\/types\/page"}],"author":[{"embeddable":true,"href":"https:\/\/wellnesspatince.sk\/cs\/wp-json\/wp\/v2\/users\/2"}],"replies":[{"embeddable":true,"href":"https:\/\/wellnesspatince.sk\/cs\/wp-json\/wp\/v2\/comments?post=21542"}],"version-history":[{"count":11,"href":"https:\/\/wellnesspatince.sk\/cs\/wp-json\/wp\/v2\/pages\/21542\/revisions"}],"predecessor-version":[{"id":24154,"href":"https:\/\/wellnesspatince.sk\/cs\/wp-json\/wp\/v2\/pages\/21542\/revisions\/24154"}],"wp:attachment":[{"href":"https:\/\/wellnesspatince.sk\/cs\/wp-json\/wp\/v2\/media?parent=21542"}],"curies":[{"name":"wp","href":"https:\/\/api.w.org\/{rel}","templated":true}]}}