{"id":21344,"date":"2023-02-23T07:16:55","date_gmt":"2023-02-23T06:16:55","guid":{"rendered":"https:\/\/wellnesspatince.sk\/pobytove-baliky\/velkonocny-pobyt\/"},"modified":"2026-03-16T06:04:04","modified_gmt":"2026-03-16T05:04:04","slug":"velikonocni-pobyt","status":"publish","type":"page","link":"https:\/\/wellnesspatince.sk\/cs\/pobytove-balicky\/velikonocni-pobyt\/","title":{"rendered":"Velikono\u010dn\u00ed pobyt"},"content":{"rendered":"<p>[vc_row row_content_width=&#8221;grid&#8221; css=&#8221;.vc_custom_1494578109812{padding-top: 110px !important;padding-bottom: 75px !important;}&#8221;][vc_column]<div class=\"mkdf-section-title-holder  mkdf-st-elegant  mkdf-st-title-left mkdf-st-normal-space \" >\n\t<div class=\"mkdf-st-inner\">\n\t\t\t\t\t<h6 class=\"mkdf-st-subtitle\" >\n\t\t\t\tVelikono\u010dn\u00ed pobyt s bohat\u00fdm programem pro d\u011bti i dosp\u011bl\u00e9\t\t\t<\/h6>\n\t\t\t\t\t\t\t<h2 class=\"mkdf-st-title\" style=\"font-weight: 500;color: #04adaa\">\n\t\t\t\tVelikono\u010dn\u00ed pobyt\t\t\t\t\t\t\t\t\t<span class=\"mkdf-st-e-separator\" ><\/span>\n\t\t\t\t\t\t\t<\/h2>\n\t\t\t\t\t\t\t\t\t<span class=\"mkdf-st-text\" style=\"line-height:30px;margin-top:15px\">\n\t\t\t\tPre\u017eite Ve\u013ek\u00fa noc vo Wellness Hoteli Patince v znamen\u00ed oddychu, trad\u00edci\u00ed a spolo\u010dn\u00fdch z\u00e1\u017eitkov. \u010cak\u00e1 v\u00e1s pr\u00edjemn\u00e9 ubytovanie, relax v term\u00e1lnych baz\u00e9noch a pestr\u00fd program pre cel\u00fa rodinu. Deti sa m\u00f4\u017eu te\u0161i\u0165 na tematick\u00e9 anim\u00e1cie, tvoriv\u00e9 dielne, s\u00fa\u0165a\u017ee \u010di h\u013eadanie ve\u013ekono\u010dn\u00fdch prekvapen\u00ed. Dospel\u00ed si dopraj\u00fa chv\u00edle pohody vo wellness centre alebo si u\u017eij\u00fa sviato\u010dn\u00fa atmosf\u00e9ru pri sprievodn\u00fdch aktivit\u00e1ch. Nebude ch\u00fdba\u0165 ani tradi\u010dn\u00e1 \u0161iba\u010dka a \u010fal\u0161ie ve\u013ekono\u010dn\u00e9 prekvapenia, v\u010faka ktor\u00fdm si sviatky u\u017eijete naplno \u2013 bez starost\u00ed, zato s mno\u017estvom radosti a oddychu.\t\t\t<\/span>\n\t\t\t<\/div>\n<\/div>[vc_separator][vc_empty_space height=&#8221;20px&#8221;]<div class=\"mkdf-image-gallery  mkdf-ig-grid-type  mkdf-image-behavior-zoom \">\n\t<div class=\"mkdf-ig-inner mkdf-ig-grid mkdf-ig-four-columns mkdf-ig-small-space\">\n\t\t\t\t\t<div class=\"mkdf-ig-image\">\n\t\t\t\t<div class=\"mkdf-ig-image-inner\">\n\t\t\t\t\t\t\t\t\t\t\t<img loading=\"lazy\" decoding=\"async\" width=\"800\" height=\"545\" src=\"https:\/\/wellnesspatince.sk\/wp-content\/uploads\/2024\/03\/Patince_2.jpg\" class=\"attachment-full size-full\" alt=\"\" srcset=\"https:\/\/wellnesspatince.sk\/wp-content\/uploads\/2024\/03\/Patince_2.jpg 800w, https:\/\/wellnesspatince.sk\/wp-content\/uploads\/2024\/03\/Patince_2-300x204.jpg 300w, https:\/\/wellnesspatince.sk\/wp-content\/uploads\/2024\/03\/Patince_2-768x523.jpg 768w, https:\/\/wellnesspatince.sk\/wp-content\/uploads\/2024\/03\/Patince_2-600x409.jpg 600w\" sizes=\"auto, (max-width: 800px) 100vw, 800px\" \/>\t\t\t\t\t\t\t\t\t<\/div>\n\t\t\t<\/div>\n\t\t\t\t\t<div class=\"mkdf-ig-image\">\n\t\t\t\t<div class=\"mkdf-ig-image-inner\">\n\t\t\t\t\t\t\t\t\t\t\t<img loading=\"lazy\" decoding=\"async\" width=\"1920\" height=\"1275\" src=\"https:\/\/wellnesspatince.sk\/wp-content\/uploads\/2023\/10\/WH_Patince_Panorama_1920_45.jpg\" class=\"attachment-full size-full\" alt=\"\" srcset=\"https:\/\/wellnesspatince.sk\/wp-content\/uploads\/2023\/10\/WH_Patince_Panorama_1920_45.jpg 1920w, https:\/\/wellnesspatince.sk\/wp-content\/uploads\/2023\/10\/WH_Patince_Panorama_1920_45-300x199.jpg 300w, https:\/\/wellnesspatince.sk\/wp-content\/uploads\/2023\/10\/WH_Patince_Panorama_1920_45-1024x680.jpg 1024w, https:\/\/wellnesspatince.sk\/wp-content\/uploads\/2023\/10\/WH_Patince_Panorama_1920_45-768x510.jpg 768w, https:\/\/wellnesspatince.sk\/wp-content\/uploads\/2023\/10\/WH_Patince_Panorama_1920_45-1536x1020.jpg 1536w, https:\/\/wellnesspatince.sk\/wp-content\/uploads\/2023\/10\/WH_Patince_Panorama_1920_45-1320x877.jpg 1320w, https:\/\/wellnesspatince.sk\/wp-content\/uploads\/2023\/10\/WH_Patince_Panorama_1920_45-600x398.jpg 600w\" sizes=\"auto, (max-width: 1920px) 100vw, 1920px\" \/>\t\t\t\t\t\t\t\t\t<\/div>\n\t\t\t<\/div>\n\t\t\t\t\t<div class=\"mkdf-ig-image\">\n\t\t\t\t<div class=\"mkdf-ig-image-inner\">\n\t\t\t\t\t\t\t\t\t\t\t<img loading=\"lazy\" decoding=\"async\" width=\"1920\" height=\"1275\" src=\"https:\/\/wellnesspatince.sk\/wp-content\/uploads\/2023\/10\/WH_Patince_Panorama_1920_21.jpg\" class=\"attachment-full size-full\" alt=\"\" srcset=\"https:\/\/wellnesspatince.sk\/wp-content\/uploads\/2023\/10\/WH_Patince_Panorama_1920_21.jpg 1920w, https:\/\/wellnesspatince.sk\/wp-content\/uploads\/2023\/10\/WH_Patince_Panorama_1920_21-300x199.jpg 300w, https:\/\/wellnesspatince.sk\/wp-content\/uploads\/2023\/10\/WH_Patince_Panorama_1920_21-1024x680.jpg 1024w, https:\/\/wellnesspatince.sk\/wp-content\/uploads\/2023\/10\/WH_Patince_Panorama_1920_21-768x510.jpg 768w, https:\/\/wellnesspatince.sk\/wp-content\/uploads\/2023\/10\/WH_Patince_Panorama_1920_21-1536x1020.jpg 1536w, https:\/\/wellnesspatince.sk\/wp-content\/uploads\/2023\/10\/WH_Patince_Panorama_1920_21-1320x877.jpg 1320w, https:\/\/wellnesspatince.sk\/wp-content\/uploads\/2023\/10\/WH_Patince_Panorama_1920_21-600x398.jpg 600w\" sizes=\"auto, (max-width: 1920px) 100vw, 1920px\" \/>\t\t\t\t\t\t\t\t\t<\/div>\n\t\t\t<\/div>\n\t\t\t\t\t<div class=\"mkdf-ig-image\">\n\t\t\t\t<div class=\"mkdf-ig-image-inner\">\n\t\t\t\t\t\t\t\t\t\t\t<img loading=\"lazy\" decoding=\"async\" width=\"1920\" height=\"1275\" src=\"https:\/\/wellnesspatince.sk\/wp-content\/uploads\/2023\/10\/WH_Patince_Panorama_1920_07.jpg\" class=\"attachment-full size-full\" alt=\"\" srcset=\"https:\/\/wellnesspatince.sk\/wp-content\/uploads\/2023\/10\/WH_Patince_Panorama_1920_07.jpg 1920w, https:\/\/wellnesspatince.sk\/wp-content\/uploads\/2023\/10\/WH_Patince_Panorama_1920_07-300x199.jpg 300w, https:\/\/wellnesspatince.sk\/wp-content\/uploads\/2023\/10\/WH_Patince_Panorama_1920_07-1024x680.jpg 1024w, https:\/\/wellnesspatince.sk\/wp-content\/uploads\/2023\/10\/WH_Patince_Panorama_1920_07-768x510.jpg 768w, https:\/\/wellnesspatince.sk\/wp-content\/uploads\/2023\/10\/WH_Patince_Panorama_1920_07-1536x1020.jpg 1536w, https:\/\/wellnesspatince.sk\/wp-content\/uploads\/2023\/10\/WH_Patince_Panorama_1920_07-1320x877.jpg 1320w, https:\/\/wellnesspatince.sk\/wp-content\/uploads\/2023\/10\/WH_Patince_Panorama_1920_07-600x398.jpg 600w\" sizes=\"auto, (max-width: 1920px) 100vw, 1920px\" \/>\t\t\t\t\t\t\t\t\t<\/div>\n\t\t\t<\/div>\n\t\t\t<\/div>\n<\/div><div class=\"mkdf-section-title-holder  mkdf-st-elegant  mkdf-st-title-left mkdf-st-normal-space \" >\n\t<div class=\"mkdf-st-inner\">\n\t\t\t\t\t<h6 class=\"mkdf-st-subtitle\" style=\"margin-bottom:2px\">\n\t\t\t\tPobyt zahrnuje:\t\t\t<\/h6>\n\t\t\t\t\t\t\t\t\t\t\t<span class=\"mkdf-st-text\" style=\"line-height:30px;margin-top:15px\">\n\t\t\t\t\u2022 Ubytov\u00e1n\u00ed v pokoj\u00edch nebo apartm\u00e1nech od 3 noc\u00ed<br \/>\n\u2022 Polopenze - sn\u00eddan\u011b a ve\u010de\u0159e ve form\u011b bufetov\u00fdch stol\u016f nebo v\u00fdb\u011brem ze 4-chodov\u00e9ho menu (bez n\u00e1poj\u016f)<br \/>\n\u2022 Neomezen\u00fd vstup do Thermal parku: vnit\u0159n\u00ed term\u00e1ln\u00ed baz\u00e9ny: velk\u00fd relaxa\u010dn\u00ed baz\u00e9n, odpo\u010dinkov\u00fd baz\u00e9n, v\u00ed\u0159ivka, d\u011btsk\u00fd baz\u00e9n s tobog\u00e1nem<br \/>\n\u2022 Neomezen\u00fd vstup do Wellness centra: finsk\u00e1, \u0161v\u00e9dsk\u00e1, bylinkov\u00e1, parn\u00ed sauna, infrasauna, v\u00ed\u0159ivka, ochlazovac\u00ed baz\u00e9n, ledov\u00fd relax a odpo\u010dinkov\u00e1 m\u00edstnost<br \/>\n\u2022 Vstup do fitness centra<br \/>\n\u2022 V\u00edkendov\u00e9 Anima\u010dn\u00ed programy a aktivity, d\u011btsk\u00e9 koutky<br \/>\n\u2022 Bezplatn\u00e9 Wi \u2013 Fi p\u0159ipojen\u00ed<br \/>\n\u2022 Parkovi\u0161t\u011b\t\t\t<\/span>\n\t\t\t<\/div>\n<\/div>[vc_separator][vc_empty_space height=&#8221;20px&#8221;][vc_separator]<div class=\"mkdf-section-title-holder  mkdf-st-elegant  mkdf-st-title-left mkdf-st-normal-space \" >\n\t<div class=\"mkdf-st-inner\">\n\t\t\t\t\t<h6 class=\"mkdf-st-subtitle\" style=\"margin-bottom:2px\">\n\t\t\t\tPodm\u00ednky a cenov\u00e1 kalkulace:\t\t\t<\/h6>\n\t\t\t\t\t\t\t\t\t\t\t<span class=\"mkdf-st-text\" style=\"line-height:30px;margin-top:15px\">\n\t\t\t\t*Nab\u00eddka je platn\u00e1 na rezervace z cen\u00edkov\u00fdch cen tzn. (Ubytov\u00e1n\u00ed s polopenz\u00ed)<br \/>\n*Ubytov\u00e1n\u00ed v nadstandardn\u00edch pokoj\u00edch za p\u0159\u00edplatek.<br \/>\n*Doplatek m\u00edstn\u00edho poplatku: 1,00 \u20ac \/ dosp. osoba.\t\t\t<\/span>\n\t\t\t<\/div>\n<\/div>[vc_empty_space height=&#8221;20px&#8221;][vc_empty_space height=&#8221;20px&#8221;]<a itemprop=\"url\" href=\"https:\/\/wellnesspatince.sk\/wp-content\/uploads\/2026\/03\/Patince_Animacie_Velka_Noc_2026_A4-4-scaled.jpg\" target=\"_self\" style=\"background-color: #04adaa\" class=\"mkdf-btn mkdf-btn-medium mkdf-btn-solid\"  >\n    <span class=\"mkdf-btn-text\">Velikono\u010dn\u00ed anima\u010dn\u00fd program<\/span>\n    <\/a>[\/vc_column][\/vc_row][vc_row row_content_width=&#8221;grid&#8221; css=&#8221;.vc_custom_1494246094601{padding-top: 20px !important;padding-bottom: 50px !important;}&#8221;][vc_column offset=&#8221;vc_col-lg-4 vc_col-md-12&#8243;]<div class=\"mkdf-iwt clearfix  mkdf-iwt-icon-left mkdf-iwt-icon-tiny mkdf-iwt-has-separator\">\n\t<div class=\"mkdf-iwt-icon\">\n\t\t\t\t\t<a itemprop=\"url\" href=\"https:\/\/wellnesspatince.sk\/cs\/informace\/\" target=\"_blank\">\n\t\t\t\t\t\t\t\t\t    <span class=\"mkdf-icon-shortcode mkdf-circle   mkdf-icon-tiny\" style=\"background-color: #333132\" data-hover-background-color=\"#c59d5f\">\n                    <i class=\"mkdf-icon-font-awesome fa fa-info mkdf-icon-element\" style=\"\" ><\/i>            <\/span>\n\t\t\t\t\t\t\t\t<\/a>\n\t\t\t<\/div>\n\t<div class=\"mkdf-iwt-content\" style=\"padding: 0px 50px 0 16px\">\n\t\t\t\t\t<h5 class=\"mkdf-iwt-title\" style=\"margin-top:12px\">\n\t\t\t\t\t\t\t\t\t<a itemprop=\"url\" href=\"https:\/\/wellnesspatince.sk\/cs\/informace\/\" target=\"_blank\">\n\t\t\t\t\t\t\t\t<span class=\"mkdf-iwt-title-text\">INFORMACE K POBYTU<\/span>\n\t\t\t\t\t\t\t\t\t<\/a>\n\t\t\t\t\t\t\t\t\t\t\t\t\t<span class=\"mkdf-iwt-small-separator\" ><\/span>\n\t\t\t\t\t\t\t<\/h5>\n\t\t\t\t\t\t\t\t\t<p class=\"mkdf-iwt-text\" >Nejd\u016fle\u017eit\u011bj\u0161\u00ed informace k pobytu v na\u0161em hotelu.<\/p>\n\t\t\t\t\t\t\t<a itemprop=\"url\" href=\"https:\/\/wellnesspatince.sk\/cs\/informace\/\" target=\"_blank\" class=\"mkdf-iwt-link-text mkdf-btn mkdf-btn-simple\">\n\t\t\t\t<span class=\"mkdf-btn-text\">V\u00edce informac\u00ed<\/span>\n\t\t\t<\/a>\n\t\t\t<\/div>\n<\/div>[\/vc_column][vc_column offset=&#8221;vc_col-lg-4 vc_col-md-12&#8243;]<div class=\"mkdf-iwt clearfix  mkdf-iwt-icon-left mkdf-iwt-icon-tiny mkdf-iwt-has-separator\">\n\t<div class=\"mkdf-iwt-icon\">\n\t\t\t\t\t<a itemprop=\"url\" href=\"https:\/\/rezervacie.wellnesspatince.sk\/cs\/\" target=\"_blank\">\n\t\t\t\t\t\t\t\t\t    <span class=\"mkdf-icon-shortcode mkdf-circle   mkdf-icon-tiny\" style=\"background-color: #333132\" data-hover-background-color=\"#c59d5f\">\n                    <i class=\"mkdf-icon-linear-icon lnr lnr-phone mkdf-icon-element\" style=\"\" ><\/i>            <\/span>\n\t\t\t\t\t\t\t\t<\/a>\n\t\t\t<\/div>\n\t<div class=\"mkdf-iwt-content\" style=\"padding: 0px 50px 0 16px\">\n\t\t\t\t\t<h5 class=\"mkdf-iwt-title\" style=\"margin-top:12px\">\n\t\t\t\t\t\t\t\t\t<a itemprop=\"url\" href=\"https:\/\/rezervacie.wellnesspatince.sk\/cs\/\" target=\"_blank\">\n\t\t\t\t\t\t\t\t<span class=\"mkdf-iwt-title-text\">Rezervace pobytu<\/span>\n\t\t\t\t\t\t\t\t\t<\/a>\n\t\t\t\t\t\t\t\t\t\t\t\t\t<span class=\"mkdf-iwt-small-separator\" ><\/span>\n\t\t\t\t\t\t\t<\/h5>\n\t\t\t\t\t\t\t\t\t<p class=\"mkdf-iwt-text\" >Email : rezervacie@wellnesspatince.sk Rezervace : +421 917 654 875<\/p>\n\t\t\t\t\t\t\t<a itemprop=\"url\" href=\"https:\/\/rezervacie.wellnesspatince.sk\/cs\/\" target=\"_blank\" class=\"mkdf-iwt-link-text mkdf-btn mkdf-btn-simple\">\n\t\t\t\t<span class=\"mkdf-btn-text\">Online rezervace zde<\/span>\n\t\t\t<\/a>\n\t\t\t<\/div>\n<\/div>[\/vc_column][vc_column offset=&#8221;vc_col-lg-4 vc_col-md-12&#8243;]<div class=\"mkdf-iwt clearfix  mkdf-iwt-icon-left mkdf-iwt-icon-tiny mkdf-iwt-has-separator\">\n\t<div class=\"mkdf-iwt-icon\">\n\t\t\t\t\t\t\t\t\t    <span class=\"mkdf-icon-shortcode mkdf-circle   mkdf-icon-tiny\" style=\"background-color: #333132\" data-hover-background-color=\"#c59d5f\">\n                    <i class=\"mkdf-icon-font-awesome fa fa-calendar mkdf-icon-element\" style=\"\" ><\/i>            <\/span>\n\t\t\t\t\t\t<\/div>\n\t<div class=\"mkdf-iwt-content\" style=\"padding: 0 50px 0 16px\">\n\t\t\t\t\t<h5 class=\"mkdf-iwt-title\" style=\"margin-top:12px\">\n\t\t\t\t\t\t\t\t<span class=\"mkdf-iwt-title-text\">Platnost pobytu<\/span>\n\t\t\t\t\t\t\t\t\t\t\t\t\t<span class=\"mkdf-iwt-small-separator\" ><\/span>\n\t\t\t\t\t\t\t<\/h5>\n\t\t\t\t\t\t\t\t\t<p class=\"mkdf-iwt-text\" >Akce plat\u00ed b\u011bhem Velikono\u010dn\u00edch sv\u00e1tk\u016f<\/p>\n\t\t\t\t\t<\/div>\n<\/div>[\/vc_column][\/vc_row][vc_row row_content_width=&#8221;grid&#8221; simple_background_color=&#8221;#04adaa&#8221; css=&#8221;.vc_custom_1676018120294{padding-top: 70px !important;padding-bottom: 70px !important;background-color: #04adaa !important;}&#8221;][vc_column]<div class=\"mkdf-call-to-action-holder  mkdf-normal-layout  mkdf-three-quarters-columns\">\n\t<div class=\"mkdf-cta-inner \">\n\t\t<div class=\"mkdf-cta-text-holder\">\n\t\t\t<div class=\"mkdf-cta-text\"><em><span style=\"color: #ffffff;\">Rezervujte online<\/span><\/em><\/p>\n<h3><span style=\"color: #ffffff;\">ONLINE REZERV\u00c1CIA<\/span><\/h3>\n<\/div>\n\t\t<\/div>\n\t\t<div class=\"mkdf-cta-button-holder\" >\n\t\t\t<div class=\"mkdf-cta-button\"><a itemprop=\"url\" href=\"https:\/\/rezervacie.wellnesspatince.sk\/\" target=\"_blank\"  class=\"mkdf-btn mkdf-btn-medium mkdf-btn-solid mkdf-btn-custom-hover-bg mkdf-btn-custom-hover-color mkdf-btn-icon\" data-hover-color=\"#333132\" data-hover-bg-color=\"#ffffff\" >    <span class=\"mkdf-btn-text\">Rezerv\u00e1cia tu<\/span>    <i class=\"mkdf-icon-linear-icon lnr lnr-arrow-right \" ><\/i><\/a><\/div>\n\t\t<\/div>\n\t<\/div>\n<\/div>[\/vc_column][\/vc_row]<\/p>\n","protected":false},"excerpt":{"rendered":"<p>[vc_row row_content_width=&#8221;grid&#8221; css=&#8221;.vc_custom_1494578109812{padding-top: 110px !important;padding-bottom: 75px !important;}&#8221;][vc_column][vc_separator][vc_empty_space height=&#8221;20px&#8221;][vc_separator][vc_empty_space height=&#8221;20px&#8221;][vc_separator][vc_empty_space height=&#8221;20px&#8221;][vc_empty_space height=&#8221;20px&#8221;][\/vc_column][\/vc_row][vc_row row_content_width=&#8221;grid&#8221; css=&#8221;.vc_custom_1494246094601{padding-top: 20px !important;padding-bottom: 50px !important;}&#8221;][vc_column offset=&#8221;vc_col-lg-4 vc_col-md-12&#8243;][\/vc_column][vc_column offset=&#8221;vc_col-lg-4 vc_col-md-12&#8243;][\/vc_column][vc_column offset=&#8221;vc_col-lg-4 vc_col-md-12&#8243;][\/vc_column][\/vc_row][vc_row row_content_width=&#8221;grid&#8221; simple_background_color=&#8221;#04adaa&#8221; css=&#8221;.vc_custom_1676018120294{padding-top: 70px !important;padding-bottom: 70px !important;background-color: #04adaa !important;}&#8221;][vc_column][\/vc_column][\/vc_row]<\/p>\n","protected":false},"author":2,"featured_media":0,"parent":14892,"menu_order":0,"comment_status":"closed","ping_status":"closed","template":"full-width.php","meta":{"inline_featured_image":false,"footnotes":"","_wp_rev_ctl_limit":""},"class_list":["post-21344","page","type-page","status-publish","hentry"],"_links":{"self":[{"href":"https:\/\/wellnesspatince.sk\/cs\/wp-json\/wp\/v2\/pages\/21344","targetHints":{"allow":["GET"]}}],"collection":[{"href":"https:\/\/wellnesspatince.sk\/cs\/wp-json\/wp\/v2\/pages"}],"about":[{"href":"https:\/\/wellnesspatince.sk\/cs\/wp-json\/wp\/v2\/types\/page"}],"author":[{"embeddable":true,"href":"https:\/\/wellnesspatince.sk\/cs\/wp-json\/wp\/v2\/users\/2"}],"replies":[{"embeddable":true,"href":"https:\/\/wellnesspatince.sk\/cs\/wp-json\/wp\/v2\/comments?post=21344"}],"version-history":[{"count":14,"href":"https:\/\/wellnesspatince.sk\/cs\/wp-json\/wp\/v2\/pages\/21344\/revisions"}],"predecessor-version":[{"id":27129,"href":"https:\/\/wellnesspatince.sk\/cs\/wp-json\/wp\/v2\/pages\/21344\/revisions\/27129"}],"up":[{"embeddable":true,"href":"https:\/\/wellnesspatince.sk\/cs\/wp-json\/wp\/v2\/pages\/14892"}],"wp:attachment":[{"href":"https:\/\/wellnesspatince.sk\/cs\/wp-json\/wp\/v2\/media?parent=21344"}],"curies":[{"name":"wp","href":"https:\/\/api.w.org\/{rel}","templated":true}]}}