{"id":21231,"date":"2023-02-17T06:20:08","date_gmt":"2023-02-17T05:20:08","guid":{"rendered":"https:\/\/wellnesspatince.sk\/vyhliadkove-plavby\/"},"modified":"2026-04-10T10:13:21","modified_gmt":"2026-04-10T08:13:21","slug":"vyhlidkove-plavby","status":"publish","type":"page","link":"https:\/\/wellnesspatince.sk\/cs\/vyhlidkove-plavby\/","title":{"rendered":"Vyhl\u00eddkov\u00e9 plavby"},"content":{"rendered":"<p>[vc_row][vc_column][vc_column_text]<\/p>\n<h4><span style=\"color: #04adaa;\"><strong>V\u00edtejte v Marina Patince<\/strong><\/span><\/h4>\n<p>M\u00edt v\u00edtr ve vlasech a spole\u010dn\u011b si u\u017e\u00edt kr\u00e1sn\u00e9 chv\u00edle na vod\u011b. S ubytov\u00e1n\u00edm u n\u00e1s dostanete mo\u017enost p\u0159e\u017e\u00edt i neobvykl\u00fd z\u00e1\u017eitek. Vyhl\u00eddkov\u00e9 plavby po Dunaji, kotven\u00ed lod\u00ed a \u010dlun\u016f, firemn\u00ed i \u0161koln\u00ed fakultativn\u00ed v\u00fdlety. To v\u0161e nab\u00edz\u00ed Marina Patince.<\/p>\n<p>Lo\u010f, kterou se m\u016f\u017eete sv\u00e9st, vyr\u00e1\u017e\u00ed z p\u0159\u00edstavu Patince. Jej\u00ed n\u00e1zev je WELLNESS 1 a do sv\u00e9ho prvn\u00edho provozu byla uvedena v roce 1956 v lod\u011bnici V\u00e1c v Ma\u010farsku. Plav\u00ed se zejm\u00e9na na trase Patince &#8211; Mo\u010da a zp\u011bt. Maxim\u00e1ln\u00ed kapacita je 72 pasa\u017e\u00e9r\u016f. Cel\u00e1 plavba trv\u00e1 asi jednu hodinu. Lo\u010f sv\u016fj \u00fakol spl\u0148uje v\u00fdborn\u011b a t\u011b\u0161\u00ed se velk\u00e9 oblib\u011b hotelov\u00fdch host\u016f, ale i n\u00e1v\u0161t\u011bvn\u00edk\u016f p\u0159\u00edstavu.[\/vc_column_text][vc_empty_space][vc_column_text]<\/p>\n<p data-start=\"549\" data-end=\"716\"><strong>Od soboty 11. 4. 2026 se m\u016f\u017eete t\u011b\u0161it na nezapomenuteln\u00e9 plavby po Dunaji. Pono\u0159te se do kr\u00e1sy okoln\u00ed p\u0159\u00edrody a u\u017eijte si pohodlnou a bezpe\u010dnou j\u00edzdu pro celou rodinu.<\/strong><\/p>\n<p data-start=\"718\" data-end=\"876\"><strong>V p\u0159\u00edpad\u011b p\u0159\u00edzniv\u00e9ho po\u010das\u00ed se plavby uskute\u010dn\u00ed ka\u017edou sobotu v 15:00 hod. Cena vstupenky: 13 \u20ac dosp\u011bl\u00ed \/ 6,50 \u20ac d\u011bti (do 12 let) \/ 1 \u20ac d\u011bti (do 6 let \/ 120 cm).<\/strong><\/p>\n<p data-start=\"878\" data-end=\"954\"><strong>Kontakt na hotelovou recepci: <a class=\"decorated-link cursor-pointer\" rel=\"noopener\" data-start=\"908\" data-end=\"935\">recepcia@wellnesspatince.sk<\/a> \/ +421 918 886 715<\/strong><\/p>\n<p>[\/vc_column_text][\/vc_column][\/vc_row][vc_row content_text_aligment=&#8221;center&#8221; css=&#8221;.vc_custom_1494232305593{padding-top: 80px !important;padding-bottom: 30px !important;}&#8221;][vc_column width=&#8221;1\/2&#8243; offset=&#8221;vc_col-md-6&#8243;]<div class=\"mkdf-image-with-text-holder   mkdf-image-behavior-zoom\">\n    <div class=\"mkdf-iwt-image\">\n                                    <img loading=\"lazy\" decoding=\"async\" width=\"1920\" height=\"1080\" src=\"https:\/\/wellnesspatince.sk\/wp-content\/uploads\/2023\/02\/Wellness_Hotel_Patince_013.jpg\" class=\"attachment-full size-full\" alt=\"\" srcset=\"https:\/\/wellnesspatince.sk\/wp-content\/uploads\/2023\/02\/Wellness_Hotel_Patince_013.jpg 1920w, https:\/\/wellnesspatince.sk\/wp-content\/uploads\/2023\/02\/Wellness_Hotel_Patince_013-300x169.jpg 300w, https:\/\/wellnesspatince.sk\/wp-content\/uploads\/2023\/02\/Wellness_Hotel_Patince_013-1024x576.jpg 1024w, https:\/\/wellnesspatince.sk\/wp-content\/uploads\/2023\/02\/Wellness_Hotel_Patince_013-768x432.jpg 768w, https:\/\/wellnesspatince.sk\/wp-content\/uploads\/2023\/02\/Wellness_Hotel_Patince_013-1536x864.jpg 1536w, https:\/\/wellnesspatince.sk\/wp-content\/uploads\/2023\/02\/Wellness_Hotel_Patince_013-1320x743.jpg 1320w, https:\/\/wellnesspatince.sk\/wp-content\/uploads\/2023\/02\/Wellness_Hotel_Patince_013-600x338.jpg 600w\" sizes=\"auto, (max-width: 1920px) 100vw, 1920px\" \/>                        <\/div>\n    <div class=\"mkdf-iwt-text-holder\">\n        \n                    <h5 class=\"mkdf-iwt-title\" >PRAVIDELN\u00c9 PLAVBY<\/h5>\n        \n        \n\t\t            <p class=\"mkdf-iwt-text\" >B\u011bhem plavby lod\u00ed po Dunaji m\u016f\u017eete pohodln\u011b pozn\u00e1vat okoln\u00ed p\u0159\u00edrodu Podunaj\u00ed se zachoval\u00fdmi zbytky lu\u017en\u00edch les\u016f. Pravideln\u00e9 plavby se konaj\u00ed od kv\u011btna po \u0159\u00edjen ka\u017edou sobotu, ostatn\u00ed dny dle dohody nebo objedn\u00e1vky. Je nutn\u00e9 se p\u0159edem p\u0159ihl\u00e1sit na recepci hotelu, kde tak\u00e9 obdr\u017e\u00edte lodn\u00ed l\u00edstky, kter\u00e9 je nutn\u00e9 odevzdat p\u0159i n\u00e1stupu na lo\u010f. V m\u011bs\u00edc\u00edch listopad - b\u0159ezen lo\u010f nejezd\u00ed, v dubnu jezd\u00ed na z\u00e1klad\u011b individu\u00e1ln\u00edch objedn\u00e1vek a p\u0159\u00edzniv\u00fdch podm\u00ednek.<\/p>\n            <\/div>\n<\/div>[vc_empty_space height=&#8221;40px&#8221;][\/vc_column][vc_column width=&#8221;1\/2&#8243; offset=&#8221;vc_col-md-6&#8243;]<div class=\"mkdf-image-with-text-holder   mkdf-image-behavior-zoom\">\n    <div class=\"mkdf-iwt-image\">\n                                    <img loading=\"lazy\" decoding=\"async\" width=\"1920\" height=\"1080\" src=\"https:\/\/wellnesspatince.sk\/wp-content\/uploads\/2023\/02\/Wellness_Hotel_Patince_006.jpg\" class=\"attachment-full size-full\" alt=\"\" srcset=\"https:\/\/wellnesspatince.sk\/wp-content\/uploads\/2023\/02\/Wellness_Hotel_Patince_006.jpg 1920w, https:\/\/wellnesspatince.sk\/wp-content\/uploads\/2023\/02\/Wellness_Hotel_Patince_006-300x169.jpg 300w, https:\/\/wellnesspatince.sk\/wp-content\/uploads\/2023\/02\/Wellness_Hotel_Patince_006-1024x576.jpg 1024w, https:\/\/wellnesspatince.sk\/wp-content\/uploads\/2023\/02\/Wellness_Hotel_Patince_006-768x432.jpg 768w, https:\/\/wellnesspatince.sk\/wp-content\/uploads\/2023\/02\/Wellness_Hotel_Patince_006-1536x864.jpg 1536w, https:\/\/wellnesspatince.sk\/wp-content\/uploads\/2023\/02\/Wellness_Hotel_Patince_006-1320x743.jpg 1320w, https:\/\/wellnesspatince.sk\/wp-content\/uploads\/2023\/02\/Wellness_Hotel_Patince_006-600x338.jpg 600w\" sizes=\"auto, (max-width: 1920px) 100vw, 1920px\" \/>                        <\/div>\n    <div class=\"mkdf-iwt-text-holder\">\n        \n                    <h5 class=\"mkdf-iwt-title\" >P\u0158\u00cdSTAV PATINCE<\/h5>\n        \n        \n\t\t            <p class=\"mkdf-iwt-text\" >P\u0159\u00edstav Marina Patince se nach\u00e1z\u00ed v \u0159\u00ed\u010dn\u00edm kilometru 1 752 obklopen\u00fd kr\u00e1snou p\u0159\u00edrodou a nedalek\u00fdmi lu\u017en\u00edmi lesy \u010di ostrovem kormor\u00e1n\u016f. P\u0159\u00edstav byl vybudov\u00e1n v roce 2007. Poskytuje kotvi\u0161t\u011b pro osobn\u00ed lo\u010f WELLNESS 1, s n\u00ed\u017e se podnikaj\u00ed pravideln\u00e9 v\u00fdletn\u00ed plavby v okol\u00ed Patinec, \u0160t\u00farova, Kom\u00e1rna \u010di Ost\u0159ihomu. Najdete zde i jachta\u0159sk\u00fd p\u0159\u00edstav pro 25 \u2013 30 jachet. Samoz\u0159ejmost\u00ed je mo\u017enost spou\u0161t\u011bn\u00ed a vytahov\u00e1n\u00ed jachet. P\u0159\u00edstav Marina v\u0161ak nab\u00edz\u00ed ide\u00e1ln\u00ed podm\u00ednky i ke stanov\u00e1n\u00ed a kempov\u00e1n\u00ed v are\u00e1lu se sprchami, soci\u00e1ln\u00edm za\u0159\u00edzen\u00edm a d\u011btsk\u00fdm h\u0159i\u0161t\u011bm. Na tomto m\u00edst\u011b jsou ide\u00e1ln\u00ed podm\u00ednky pro organizov\u00e1n\u00ed r\u016fzn\u00fdch outdoorov\u00fdch akc\u00ed a teambuildingov\u00fdch aktivit. Na tomto \u00faseku Dunaje je povolena dokonce i j\u00edzda na vodn\u00edch sk\u00fatrech spolu s vodn\u00edm ly\u017eov\u00e1n\u00edm.<\/p>\n            <\/div>\n<\/div>[vc_empty_space height=&#8221;40px&#8221;][\/vc_column][\/vc_row][vc_row][vc_column]<div class=\"mkdf-image-gallery  mkdf-ig-carousel-type mkdf-has-shadow mkdf-image-behavior-lightbox \">\n\t<div class=\"mkdf-ig-slider mkdf-owl-slider\" data-number-of-items=\"4\" data-enable-loop=\"yes\" data-enable-autoplay=\"yes\" data-slider-speed=\"5000\" data-slider-speed-animation=\"600\" data-slider-padding=\"no\" data-enable-navigation=\"yes\" data-enable-pagination=\"yes\">\n\t\t\t<\/div>\n<\/div>[\/vc_column][\/vc_row][vc_row][vc_column]<div class=\"mkdf-image-gallery  mkdf-ig-carousel-type mkdf-has-shadow mkdf-image-behavior-lightbox \">\n\t<div class=\"mkdf-ig-slider mkdf-owl-slider\" data-number-of-items=\"4\" data-enable-loop=\"yes\" data-enable-autoplay=\"yes\" data-slider-speed=\"5000\" data-slider-speed-animation=\"600\" data-slider-padding=\"no\" data-enable-navigation=\"yes\" data-enable-pagination=\"yes\">\n\t\t\t\t\t<div class=\"mkdf-ig-image\">\n\t\t\t\t\t\t\t\t\t<a itemprop=\"image\" class=\"mkdf-ig-lightbox mkdf-block-drag-link\" href=\"https:\/\/wellnesspatince.sk\/wp-content\/uploads\/2023\/02\/Wellness_Hotel_Patince_000-2.jpg\" data-rel=\"prettyPhoto[image_gallery_pretty_photo-150]\" title=\"Wellness_Hotel_Patince_000\">\n\t\t\t\t\t\t\t\t\t<img loading=\"lazy\" decoding=\"async\" width=\"1920\" height=\"1080\" src=\"https:\/\/wellnesspatince.sk\/wp-content\/uploads\/2023\/02\/Wellness_Hotel_Patince_000-2.jpg\" class=\"attachment-full size-full\" alt=\"\" srcset=\"https:\/\/wellnesspatince.sk\/wp-content\/uploads\/2023\/02\/Wellness_Hotel_Patince_000-2.jpg 1920w, https:\/\/wellnesspatince.sk\/wp-content\/uploads\/2023\/02\/Wellness_Hotel_Patince_000-2-300x169.jpg 300w, https:\/\/wellnesspatince.sk\/wp-content\/uploads\/2023\/02\/Wellness_Hotel_Patince_000-2-1024x576.jpg 1024w, https:\/\/wellnesspatince.sk\/wp-content\/uploads\/2023\/02\/Wellness_Hotel_Patince_000-2-768x432.jpg 768w, https:\/\/wellnesspatince.sk\/wp-content\/uploads\/2023\/02\/Wellness_Hotel_Patince_000-2-1536x864.jpg 1536w, https:\/\/wellnesspatince.sk\/wp-content\/uploads\/2023\/02\/Wellness_Hotel_Patince_000-2-1320x743.jpg 1320w, https:\/\/wellnesspatince.sk\/wp-content\/uploads\/2023\/02\/Wellness_Hotel_Patince_000-2-600x338.jpg 600w\" sizes=\"auto, (max-width: 1920px) 100vw, 1920px\" \/>\t\t\t\t\t\t\t\t\t<\/a>\n\t\t\t\t\t\t\t<\/div>\n\t\t\t\t\t<div class=\"mkdf-ig-image\">\n\t\t\t\t\t\t\t\t\t<a itemprop=\"image\" class=\"mkdf-ig-lightbox mkdf-block-drag-link\" href=\"https:\/\/wellnesspatince.sk\/wp-content\/uploads\/2023\/02\/Wellness_Hotel_Patince_001-1.jpg\" data-rel=\"prettyPhoto[image_gallery_pretty_photo-150]\" title=\"Wellness_Hotel_Patince_001\">\n\t\t\t\t\t\t\t\t\t<img loading=\"lazy\" decoding=\"async\" width=\"1920\" height=\"1080\" src=\"https:\/\/wellnesspatince.sk\/wp-content\/uploads\/2023\/02\/Wellness_Hotel_Patince_001-1.jpg\" class=\"attachment-full size-full\" alt=\"\" srcset=\"https:\/\/wellnesspatince.sk\/wp-content\/uploads\/2023\/02\/Wellness_Hotel_Patince_001-1.jpg 1920w, https:\/\/wellnesspatince.sk\/wp-content\/uploads\/2023\/02\/Wellness_Hotel_Patince_001-1-300x169.jpg 300w, https:\/\/wellnesspatince.sk\/wp-content\/uploads\/2023\/02\/Wellness_Hotel_Patince_001-1-1024x576.jpg 1024w, https:\/\/wellnesspatince.sk\/wp-content\/uploads\/2023\/02\/Wellness_Hotel_Patince_001-1-768x432.jpg 768w, https:\/\/wellnesspatince.sk\/wp-content\/uploads\/2023\/02\/Wellness_Hotel_Patince_001-1-1536x864.jpg 1536w, https:\/\/wellnesspatince.sk\/wp-content\/uploads\/2023\/02\/Wellness_Hotel_Patince_001-1-1320x743.jpg 1320w, https:\/\/wellnesspatince.sk\/wp-content\/uploads\/2023\/02\/Wellness_Hotel_Patince_001-1-600x338.jpg 600w\" sizes=\"auto, (max-width: 1920px) 100vw, 1920px\" \/>\t\t\t\t\t\t\t\t\t<\/a>\n\t\t\t\t\t\t\t<\/div>\n\t\t\t\t\t<div class=\"mkdf-ig-image\">\n\t\t\t\t\t\t\t\t\t<a itemprop=\"image\" class=\"mkdf-ig-lightbox mkdf-block-drag-link\" href=\"https:\/\/wellnesspatince.sk\/wp-content\/uploads\/2023\/02\/Wellness_Hotel_Patince_002.jpg\" data-rel=\"prettyPhoto[image_gallery_pretty_photo-150]\" title=\"Wellness_Hotel_Patince_002\">\n\t\t\t\t\t\t\t\t\t<img loading=\"lazy\" decoding=\"async\" width=\"1920\" height=\"1080\" src=\"https:\/\/wellnesspatince.sk\/wp-content\/uploads\/2023\/02\/Wellness_Hotel_Patince_002.jpg\" class=\"attachment-full size-full\" alt=\"\" srcset=\"https:\/\/wellnesspatince.sk\/wp-content\/uploads\/2023\/02\/Wellness_Hotel_Patince_002.jpg 1920w, https:\/\/wellnesspatince.sk\/wp-content\/uploads\/2023\/02\/Wellness_Hotel_Patince_002-300x169.jpg 300w, https:\/\/wellnesspatince.sk\/wp-content\/uploads\/2023\/02\/Wellness_Hotel_Patince_002-1024x576.jpg 1024w, https:\/\/wellnesspatince.sk\/wp-content\/uploads\/2023\/02\/Wellness_Hotel_Patince_002-768x432.jpg 768w, https:\/\/wellnesspatince.sk\/wp-content\/uploads\/2023\/02\/Wellness_Hotel_Patince_002-1536x864.jpg 1536w, https:\/\/wellnesspatince.sk\/wp-content\/uploads\/2023\/02\/Wellness_Hotel_Patince_002-1320x743.jpg 1320w, https:\/\/wellnesspatince.sk\/wp-content\/uploads\/2023\/02\/Wellness_Hotel_Patince_002-600x338.jpg 600w\" sizes=\"auto, (max-width: 1920px) 100vw, 1920px\" \/>\t\t\t\t\t\t\t\t\t<\/a>\n\t\t\t\t\t\t\t<\/div>\n\t\t\t\t\t<div class=\"mkdf-ig-image\">\n\t\t\t\t\t\t\t\t\t<a itemprop=\"image\" class=\"mkdf-ig-lightbox mkdf-block-drag-link\" href=\"https:\/\/wellnesspatince.sk\/wp-content\/uploads\/2023\/02\/Wellness_Hotel_Patince_003.jpg\" data-rel=\"prettyPhoto[image_gallery_pretty_photo-150]\" title=\"Wellness_Hotel_Patince_003\">\n\t\t\t\t\t\t\t\t\t<img loading=\"lazy\" decoding=\"async\" width=\"1920\" height=\"1080\" src=\"https:\/\/wellnesspatince.sk\/wp-content\/uploads\/2023\/02\/Wellness_Hotel_Patince_003.jpg\" class=\"attachment-full size-full\" alt=\"\" srcset=\"https:\/\/wellnesspatince.sk\/wp-content\/uploads\/2023\/02\/Wellness_Hotel_Patince_003.jpg 1920w, https:\/\/wellnesspatince.sk\/wp-content\/uploads\/2023\/02\/Wellness_Hotel_Patince_003-300x169.jpg 300w, https:\/\/wellnesspatince.sk\/wp-content\/uploads\/2023\/02\/Wellness_Hotel_Patince_003-1024x576.jpg 1024w, https:\/\/wellnesspatince.sk\/wp-content\/uploads\/2023\/02\/Wellness_Hotel_Patince_003-768x432.jpg 768w, https:\/\/wellnesspatince.sk\/wp-content\/uploads\/2023\/02\/Wellness_Hotel_Patince_003-1536x864.jpg 1536w, https:\/\/wellnesspatince.sk\/wp-content\/uploads\/2023\/02\/Wellness_Hotel_Patince_003-1320x743.jpg 1320w, https:\/\/wellnesspatince.sk\/wp-content\/uploads\/2023\/02\/Wellness_Hotel_Patince_003-600x338.jpg 600w\" sizes=\"auto, (max-width: 1920px) 100vw, 1920px\" \/>\t\t\t\t\t\t\t\t\t<\/a>\n\t\t\t\t\t\t\t<\/div>\n\t\t\t\t\t<div class=\"mkdf-ig-image\">\n\t\t\t\t\t\t\t\t\t<a itemprop=\"image\" class=\"mkdf-ig-lightbox mkdf-block-drag-link\" href=\"https:\/\/wellnesspatince.sk\/wp-content\/uploads\/2023\/02\/Wellness_Hotel_Patince_004.jpg\" data-rel=\"prettyPhoto[image_gallery_pretty_photo-150]\" title=\"Wellness_Hotel_Patince_004\">\n\t\t\t\t\t\t\t\t\t<img loading=\"lazy\" decoding=\"async\" width=\"1920\" height=\"1080\" src=\"https:\/\/wellnesspatince.sk\/wp-content\/uploads\/2023\/02\/Wellness_Hotel_Patince_004.jpg\" class=\"attachment-full size-full\" alt=\"\" srcset=\"https:\/\/wellnesspatince.sk\/wp-content\/uploads\/2023\/02\/Wellness_Hotel_Patince_004.jpg 1920w, https:\/\/wellnesspatince.sk\/wp-content\/uploads\/2023\/02\/Wellness_Hotel_Patince_004-300x169.jpg 300w, https:\/\/wellnesspatince.sk\/wp-content\/uploads\/2023\/02\/Wellness_Hotel_Patince_004-1024x576.jpg 1024w, https:\/\/wellnesspatince.sk\/wp-content\/uploads\/2023\/02\/Wellness_Hotel_Patince_004-768x432.jpg 768w, https:\/\/wellnesspatince.sk\/wp-content\/uploads\/2023\/02\/Wellness_Hotel_Patince_004-1536x864.jpg 1536w, https:\/\/wellnesspatince.sk\/wp-content\/uploads\/2023\/02\/Wellness_Hotel_Patince_004-1320x743.jpg 1320w, https:\/\/wellnesspatince.sk\/wp-content\/uploads\/2023\/02\/Wellness_Hotel_Patince_004-600x338.jpg 600w\" sizes=\"auto, (max-width: 1920px) 100vw, 1920px\" \/>\t\t\t\t\t\t\t\t\t<\/a>\n\t\t\t\t\t\t\t<\/div>\n\t\t\t\t\t<div class=\"mkdf-ig-image\">\n\t\t\t\t\t\t\t\t\t<a itemprop=\"image\" class=\"mkdf-ig-lightbox mkdf-block-drag-link\" href=\"https:\/\/wellnesspatince.sk\/wp-content\/uploads\/2023\/02\/Wellness_Hotel_Patince_009.jpg\" data-rel=\"prettyPhoto[image_gallery_pretty_photo-150]\" title=\"Wellness_Hotel_Patince_009\">\n\t\t\t\t\t\t\t\t\t<img loading=\"lazy\" decoding=\"async\" width=\"1920\" height=\"1080\" src=\"https:\/\/wellnesspatince.sk\/wp-content\/uploads\/2023\/02\/Wellness_Hotel_Patince_009.jpg\" class=\"attachment-full size-full\" alt=\"\" srcset=\"https:\/\/wellnesspatince.sk\/wp-content\/uploads\/2023\/02\/Wellness_Hotel_Patince_009.jpg 1920w, https:\/\/wellnesspatince.sk\/wp-content\/uploads\/2023\/02\/Wellness_Hotel_Patince_009-300x169.jpg 300w, https:\/\/wellnesspatince.sk\/wp-content\/uploads\/2023\/02\/Wellness_Hotel_Patince_009-1024x576.jpg 1024w, https:\/\/wellnesspatince.sk\/wp-content\/uploads\/2023\/02\/Wellness_Hotel_Patince_009-768x432.jpg 768w, https:\/\/wellnesspatince.sk\/wp-content\/uploads\/2023\/02\/Wellness_Hotel_Patince_009-1536x864.jpg 1536w, https:\/\/wellnesspatince.sk\/wp-content\/uploads\/2023\/02\/Wellness_Hotel_Patince_009-1320x743.jpg 1320w, https:\/\/wellnesspatince.sk\/wp-content\/uploads\/2023\/02\/Wellness_Hotel_Patince_009-600x338.jpg 600w\" sizes=\"auto, (max-width: 1920px) 100vw, 1920px\" \/>\t\t\t\t\t\t\t\t\t<\/a>\n\t\t\t\t\t\t\t<\/div>\n\t\t\t\t\t<div class=\"mkdf-ig-image\">\n\t\t\t\t\t\t\t\t\t<a itemprop=\"image\" class=\"mkdf-ig-lightbox mkdf-block-drag-link\" href=\"https:\/\/wellnesspatince.sk\/wp-content\/uploads\/2023\/02\/Wellness_Hotel_Patince_011-1.jpg\" data-rel=\"prettyPhoto[image_gallery_pretty_photo-150]\" title=\"Wellness_Hotel_Patince_011\">\n\t\t\t\t\t\t\t\t\t<img loading=\"lazy\" decoding=\"async\" width=\"1920\" height=\"1080\" src=\"https:\/\/wellnesspatince.sk\/wp-content\/uploads\/2023\/02\/Wellness_Hotel_Patince_011-1.jpg\" class=\"attachment-full size-full\" alt=\"\" srcset=\"https:\/\/wellnesspatince.sk\/wp-content\/uploads\/2023\/02\/Wellness_Hotel_Patince_011-1.jpg 1920w, https:\/\/wellnesspatince.sk\/wp-content\/uploads\/2023\/02\/Wellness_Hotel_Patince_011-1-300x169.jpg 300w, https:\/\/wellnesspatince.sk\/wp-content\/uploads\/2023\/02\/Wellness_Hotel_Patince_011-1-1024x576.jpg 1024w, https:\/\/wellnesspatince.sk\/wp-content\/uploads\/2023\/02\/Wellness_Hotel_Patince_011-1-768x432.jpg 768w, https:\/\/wellnesspatince.sk\/wp-content\/uploads\/2023\/02\/Wellness_Hotel_Patince_011-1-1536x864.jpg 1536w, https:\/\/wellnesspatince.sk\/wp-content\/uploads\/2023\/02\/Wellness_Hotel_Patince_011-1-1320x743.jpg 1320w, https:\/\/wellnesspatince.sk\/wp-content\/uploads\/2023\/02\/Wellness_Hotel_Patince_011-1-600x338.jpg 600w\" sizes=\"auto, (max-width: 1920px) 100vw, 1920px\" \/>\t\t\t\t\t\t\t\t\t<\/a>\n\t\t\t\t\t\t\t<\/div>\n\t\t\t\t\t<div class=\"mkdf-ig-image\">\n\t\t\t\t\t\t\t\t\t<a itemprop=\"image\" class=\"mkdf-ig-lightbox mkdf-block-drag-link\" href=\"https:\/\/wellnesspatince.sk\/wp-content\/uploads\/2023\/02\/Wellness_Hotel_Patince_013-1.jpg\" data-rel=\"prettyPhoto[image_gallery_pretty_photo-150]\" title=\"Wellness_Hotel_Patince_013\">\n\t\t\t\t\t\t\t\t\t<img loading=\"lazy\" decoding=\"async\" width=\"1920\" height=\"1080\" src=\"https:\/\/wellnesspatince.sk\/wp-content\/uploads\/2023\/02\/Wellness_Hotel_Patince_013-1.jpg\" class=\"attachment-full size-full\" alt=\"\" srcset=\"https:\/\/wellnesspatince.sk\/wp-content\/uploads\/2023\/02\/Wellness_Hotel_Patince_013-1.jpg 1920w, https:\/\/wellnesspatince.sk\/wp-content\/uploads\/2023\/02\/Wellness_Hotel_Patince_013-1-300x169.jpg 300w, https:\/\/wellnesspatince.sk\/wp-content\/uploads\/2023\/02\/Wellness_Hotel_Patince_013-1-1024x576.jpg 1024w, https:\/\/wellnesspatince.sk\/wp-content\/uploads\/2023\/02\/Wellness_Hotel_Patince_013-1-768x432.jpg 768w, https:\/\/wellnesspatince.sk\/wp-content\/uploads\/2023\/02\/Wellness_Hotel_Patince_013-1-1536x864.jpg 1536w, https:\/\/wellnesspatince.sk\/wp-content\/uploads\/2023\/02\/Wellness_Hotel_Patince_013-1-1320x743.jpg 1320w, https:\/\/wellnesspatince.sk\/wp-content\/uploads\/2023\/02\/Wellness_Hotel_Patince_013-1-600x338.jpg 600w\" sizes=\"auto, (max-width: 1920px) 100vw, 1920px\" \/>\t\t\t\t\t\t\t\t\t<\/a>\n\t\t\t\t\t\t\t<\/div>\n\t\t\t\t\t<div class=\"mkdf-ig-image\">\n\t\t\t\t\t\t\t\t\t<a itemprop=\"image\" class=\"mkdf-ig-lightbox mkdf-block-drag-link\" href=\"https:\/\/wellnesspatince.sk\/wp-content\/uploads\/2023\/02\/Wellness_Hotel_Patince_015.jpg\" data-rel=\"prettyPhoto[image_gallery_pretty_photo-150]\" title=\"Wellness_Hotel_Patince_015\">\n\t\t\t\t\t\t\t\t\t<img loading=\"lazy\" decoding=\"async\" width=\"1920\" height=\"1080\" src=\"https:\/\/wellnesspatince.sk\/wp-content\/uploads\/2023\/02\/Wellness_Hotel_Patince_015.jpg\" class=\"attachment-full size-full\" alt=\"\" srcset=\"https:\/\/wellnesspatince.sk\/wp-content\/uploads\/2023\/02\/Wellness_Hotel_Patince_015.jpg 1920w, https:\/\/wellnesspatince.sk\/wp-content\/uploads\/2023\/02\/Wellness_Hotel_Patince_015-300x169.jpg 300w, https:\/\/wellnesspatince.sk\/wp-content\/uploads\/2023\/02\/Wellness_Hotel_Patince_015-1024x576.jpg 1024w, https:\/\/wellnesspatince.sk\/wp-content\/uploads\/2023\/02\/Wellness_Hotel_Patince_015-768x432.jpg 768w, https:\/\/wellnesspatince.sk\/wp-content\/uploads\/2023\/02\/Wellness_Hotel_Patince_015-1536x864.jpg 1536w, https:\/\/wellnesspatince.sk\/wp-content\/uploads\/2023\/02\/Wellness_Hotel_Patince_015-1320x743.jpg 1320w, https:\/\/wellnesspatince.sk\/wp-content\/uploads\/2023\/02\/Wellness_Hotel_Patince_015-600x338.jpg 600w\" sizes=\"auto, (max-width: 1920px) 100vw, 1920px\" \/>\t\t\t\t\t\t\t\t\t<\/a>\n\t\t\t\t\t\t\t<\/div>\n\t\t\t\t\t<div class=\"mkdf-ig-image\">\n\t\t\t\t\t\t\t\t\t<a itemprop=\"image\" class=\"mkdf-ig-lightbox mkdf-block-drag-link\" href=\"https:\/\/wellnesspatince.sk\/wp-content\/uploads\/2023\/02\/Wellness_Hotel_Patince_016.jpg\" data-rel=\"prettyPhoto[image_gallery_pretty_photo-150]\" title=\"Wellness_Hotel_Patince_016\">\n\t\t\t\t\t\t\t\t\t<img loading=\"lazy\" decoding=\"async\" width=\"1920\" height=\"1080\" src=\"https:\/\/wellnesspatince.sk\/wp-content\/uploads\/2023\/02\/Wellness_Hotel_Patince_016.jpg\" class=\"attachment-full size-full\" alt=\"\" srcset=\"https:\/\/wellnesspatince.sk\/wp-content\/uploads\/2023\/02\/Wellness_Hotel_Patince_016.jpg 1920w, https:\/\/wellnesspatince.sk\/wp-content\/uploads\/2023\/02\/Wellness_Hotel_Patince_016-300x169.jpg 300w, https:\/\/wellnesspatince.sk\/wp-content\/uploads\/2023\/02\/Wellness_Hotel_Patince_016-1024x576.jpg 1024w, https:\/\/wellnesspatince.sk\/wp-content\/uploads\/2023\/02\/Wellness_Hotel_Patince_016-768x432.jpg 768w, https:\/\/wellnesspatince.sk\/wp-content\/uploads\/2023\/02\/Wellness_Hotel_Patince_016-1536x864.jpg 1536w, https:\/\/wellnesspatince.sk\/wp-content\/uploads\/2023\/02\/Wellness_Hotel_Patince_016-1320x743.jpg 1320w, https:\/\/wellnesspatince.sk\/wp-content\/uploads\/2023\/02\/Wellness_Hotel_Patince_016-600x338.jpg 600w\" sizes=\"auto, (max-width: 1920px) 100vw, 1920px\" \/>\t\t\t\t\t\t\t\t\t<\/a>\n\t\t\t\t\t\t\t<\/div>\n\t\t\t<\/div>\n<\/div>[\/vc_column][\/vc_row]<\/p>\n","protected":false},"excerpt":{"rendered":"<p>[vc_row][vc_column][vc_column_text] V\u00edtejte v Marina Patince M\u00edt v\u00edtr ve vlasech a spole\u010dn\u011b si u\u017e\u00edt kr\u00e1sn\u00e9 chv\u00edle na vod\u011b. S ubytov\u00e1n\u00edm u n\u00e1s dostanete mo\u017enost p\u0159e\u017e\u00edt i neobvykl\u00fd z\u00e1\u017eitek. Vyhl\u00eddkov\u00e9 plavby po Dunaji, kotven\u00ed lod\u00ed a \u010dlun\u016f, firemn\u00ed i \u0161koln\u00ed fakultativn\u00ed v\u00fdlety. [&hellip;]<\/p>\n","protected":false},"author":2,"featured_media":0,"parent":0,"menu_order":0,"comment_status":"closed","ping_status":"closed","template":"","meta":{"inline_featured_image":false,"footnotes":"","_wp_rev_ctl_limit":""},"class_list":["post-21231","page","type-page","status-publish","hentry"],"_links":{"self":[{"href":"https:\/\/wellnesspatince.sk\/cs\/wp-json\/wp\/v2\/pages\/21231","targetHints":{"allow":["GET"]}}],"collection":[{"href":"https:\/\/wellnesspatince.sk\/cs\/wp-json\/wp\/v2\/pages"}],"about":[{"href":"https:\/\/wellnesspatince.sk\/cs\/wp-json\/wp\/v2\/types\/page"}],"author":[{"embeddable":true,"href":"https:\/\/wellnesspatince.sk\/cs\/wp-json\/wp\/v2\/users\/2"}],"replies":[{"embeddable":true,"href":"https:\/\/wellnesspatince.sk\/cs\/wp-json\/wp\/v2\/comments?post=21231"}],"version-history":[{"count":24,"href":"https:\/\/wellnesspatince.sk\/cs\/wp-json\/wp\/v2\/pages\/21231\/revisions"}],"predecessor-version":[{"id":27292,"href":"https:\/\/wellnesspatince.sk\/cs\/wp-json\/wp\/v2\/pages\/21231\/revisions\/27292"}],"wp:attachment":[{"href":"https:\/\/wellnesspatince.sk\/cs\/wp-json\/wp\/v2\/media?parent=21231"}],"curies":[{"name":"wp","href":"https:\/\/api.w.org\/{rel}","templated":true}]}}