{"id":21218,"date":"2022-08-21T20:52:25","date_gmt":"2022-08-21T18:52:25","guid":{"rendered":"https:\/\/wellnesspatince.sk\/aktivity-v-hoteli\/"},"modified":"2026-04-09T13:13:55","modified_gmt":"2026-04-09T11:13:55","slug":"aktivity-v-hotelu","status":"publish","type":"page","link":"https:\/\/wellnesspatince.sk\/cs\/aktivity-v-hotelu\/","title":{"rendered":"Aktivity v hotelu"},"content":{"rendered":"<p>[vc_row][vc_column][vc_column_text]<\/p>\n<h2 id=\"scroll-in\"><span style=\"color: #04adaa;\"><strong>VNIT\u0158N\u00cd AKTIVITY V HOTELU<\/strong><\/span><\/h2>\n<p>[\/vc_column_text][vc_column_text]<\/p>\n<p id=\"scroll-in\">V na\u0161em hotelu si sv\u00e9 z\u00e1liby najde ka\u017ed\u00fd a b\u011bhem pobytu se jist\u011b nebudete nudit. Interi\u00e9rov\u00e9 \u200b\u200bdopl\u0148kov\u00e9 aktivity pro v\u0161echny v\u011bkov\u00e9 kategorie v\u00e1m nab\u00edz\u00edme b\u011bhem cel\u00e9ho roku. V ka\u017ed\u00e9m po\u010das\u00ed si m\u016f\u017eete dop\u0159\u00e1t chv\u00edle z\u00e1bavy, ale i sportovn\u00edch a adrenalinov\u00fdch z\u00e1\u017eitk\u016f.<\/p>\n<p>[\/vc_column_text][\/vc_column][\/vc_row][vc_row content_text_aligment=&#8221;center&#8221; css=&#8221;.vc_custom_1494232305593{padding-top: 80px !important;padding-bottom: 30px !important;}&#8221;][vc_column width=&#8221;1\/2&#8243; offset=&#8221;vc_col-md-6&#8243;]<div class=\"mkdf-image-with-text-holder  mkdf-has-shadow mkdf-image-behavior-zoom\">\n    <div class=\"mkdf-iwt-image\">\n                                    <img loading=\"lazy\" decoding=\"async\" src=\"https:\/\/wellnesspatince.sk\/wp-content\/uploads\/2023\/10\/WH_Patince_Panorama_1920_31-1920x1080.jpg\" alt=\"\" width=\"1920\" height=\"1080\" \/>                        <\/div>\n    <div class=\"mkdf-iwt-text-holder\">\n        \n                    <h5 class=\"mkdf-iwt-title\" >ANIMA\u010cN\u00cd PROGRAMY<\/h5>\n        \n        \n\t\t            <p class=\"mkdf-iwt-text\" >Aby se va\u0161e d\u011bti b\u011bhem pobytu nenudily, p\u0159ipravili jsme pro n\u011b tak\u00e9 anima\u010dn\u00ed programy. Mohou si zatan\u010dit na mini diskot\u00e9ce nebo uk\u00e1zat svou zru\u010dnost, kreativitu a um\u011bleck\u00e9ho ducha b\u011bhem tv\u016fr\u010d\u00edch d\u00edlen. V r\u00e1mci anima\u010dn\u00edch program\u016f p\u0159ipravujeme tak\u00e9 bal\u00f3nkovou show, aquagym p\u0159\u00edmo v baz\u00e9nech. Samoz\u0159ejmost\u00ed jsou r\u016fzn\u00e9 sout\u011b\u017ee a ve\u010dern\u00ed kv\u00edzy.<\/p>\n            <\/div>\n<\/div>[vc_empty_space height=&#8221;40px&#8221;]<a itemprop=\"url\" href=\"https:\/\/wellnesspatince.sk\/wp-content\/uploads\/2026\/04\/Patince_Animacie_mimosezona_2026_A4_TLAC.pdf\" target=\"_self\" style=\"background-color: #04adaa\" class=\"mkdf-btn mkdf-btn-medium mkdf-btn-solid\"  >\n    <span class=\"mkdf-btn-text\">Anima\u010dn\u00ed program<\/span>\n    <\/a>[\/vc_column][vc_column width=&#8221;1\/2&#8243; offset=&#8221;vc_col-md-6&#8243;]<div class=\"mkdf-image-with-text-holder  mkdf-has-shadow mkdf-image-behavior-zoom\">\n    <div class=\"mkdf-iwt-image\">\n                                    <img loading=\"lazy\" decoding=\"async\" src=\"https:\/\/wellnesspatince.sk\/wp-content\/uploads\/2023\/07\/Wellness_Hotel_Patince_2023_Detsky_kutik_LQ_10-1920x1080.jpg\" alt=\"\" width=\"1920\" height=\"1080\" \/>                        <\/div>\n    <div class=\"mkdf-iwt-text-holder\">\n        \n                    <h5 class=\"mkdf-iwt-title\" >D\u011aTSK\u00c9 H\u0158I\u0160T\u011a<\/h5>\n        \n        \n\t\t            <p class=\"mkdf-iwt-text\" >Baz\u00e9nek s kuli\u010dkami, ply\u0161ov\u00e9 hra\u010dky nebo stoln\u00ed fotb\u00e1lek. N\u00e1\u0161 hotel nab\u00edz\u00ed dva pln\u011b vybaven\u00e9 d\u011btsk\u00e9 koutky. Koutek pro men\u0161\u00ed d\u011bti najdete u Lobby baru. Druh\u00fd d\u011btsk\u00fd koutek se nach\u00e1z\u00ed v Thermal parku u restaurace Panorama.<\/p>\n            <\/div>\n<\/div>[vc_empty_space height=&#8221;40px&#8221;][\/vc_column][\/vc_row][vc_row content_text_aligment=&#8221;center&#8221; css=&#8221;.vc_custom_1494232305593{padding-top: 80px !important;padding-bottom: 30px !important;}&#8221;][vc_column width=&#8221;1\/2&#8243; offset=&#8221;vc_col-md-6&#8243;]<div class=\"mkdf-image-with-text-holder  mkdf-has-shadow mkdf-image-behavior-zoom\">\n    <div class=\"mkdf-iwt-image\">\n                                    <img loading=\"lazy\" decoding=\"async\" src=\"https:\/\/wellnesspatince.sk\/wp-content\/uploads\/2023\/02\/Wellness_Hotel_Patince_1920x1080_19-1920x1080.jpg\" alt=\"\" width=\"1920\" height=\"1080\" \/>                        <\/div>\n    <div class=\"mkdf-iwt-text-holder\">\n        \n                    <h5 class=\"mkdf-iwt-title\" >AQUAGYM<\/h5>\n        \n        \n\t\t            <p class=\"mkdf-iwt-text\" >Aqua gym je pom\u011brn\u011b mlad\u00fd sport, kombinuj\u00edc\u00ed aerobn\u00ed aktivity a vodn\u00ed prost\u0159ed\u00ed.  Je zam\u011b\u0159en na zvy\u0161ov\u00e1n\u00ed fyzick\u00e9 kondice, sni\u017eov\u00e1n\u00ed hmotnosti a tvarov\u00e1n\u00ed postavy.<\/p>\n            <\/div>\n<\/div>[vc_empty_space height=&#8221;40px&#8221;][\/vc_column][vc_column width=&#8221;1\/2&#8243; offset=&#8221;vc_col-md-6&#8243;]<div class=\"mkdf-image-with-text-holder  mkdf-has-shadow mkdf-image-behavior-zoom\">\n    <div class=\"mkdf-iwt-image\">\n                                    <img loading=\"lazy\" decoding=\"async\" src=\"https:\/\/wellnesspatince.sk\/wp-content\/uploads\/2023\/02\/Wellness_Hotel_Patince_020-1920x1080.jpg\" alt=\"\" width=\"1920\" height=\"1080\" \/>                        <\/div>\n    <div class=\"mkdf-iwt-text-holder\">\n        \n                    <h5 class=\"mkdf-iwt-title\" >Bowling, kule\u010dn\u00edk, \u0161ipky a stoln\u00ed fotbal<\/h5>\n        \n        \n\t\t            <p class=\"mkdf-iwt-text\" >K aktivn\u00edmu odpo\u010dinku v\u00e1m poslou\u017e\u00ed dv\u011b bowlingov\u00e9 dr\u00e1hy, kule\u010dn\u00edk, \u0161ipky a stoln\u00ed fotbal. Dr\u00e1hy si m\u016f\u017eete rezervovat na recepci hotelu.<\/p>\n            <\/div>\n<\/div>[vc_empty_space height=&#8221;40px&#8221;][\/vc_column][\/vc_row][vc_row content_text_aligment=&#8221;center&#8221; css=&#8221;.vc_custom_1494232305593{padding-top: 80px !important;padding-bottom: 30px !important;}&#8221;][vc_column width=&#8221;1\/2&#8243; offset=&#8221;vc_col-md-6&#8243;]<div class=\"mkdf-image-with-text-holder  mkdf-has-shadow mkdf-image-behavior-zoom\">\n    <div class=\"mkdf-iwt-image\">\n                                    <img loading=\"lazy\" decoding=\"async\" src=\"https:\/\/wellnesspatince.sk\/wp-content\/uploads\/2023\/02\/Wellness_Hotel_Patince_1920x1080_56-1920x1080.jpg\" alt=\"\" width=\"1920\" height=\"1080\" \/>                        <\/div>\n    <div class=\"mkdf-iwt-text-holder\">\n        \n                    <h5 class=\"mkdf-iwt-title\" >FITNESS CENTRUM<\/h5>\n        \n        \n\t\t            <p class=\"mkdf-iwt-text\" >Chcete si b\u011bhem sv\u00e9ho pobytu zlep\u0161it kondici? I s t\u00edm v\u00e1m m\u016f\u017eeme pomoci. Sou\u010d\u00e1st\u00ed hotelov\u00e9ho vybaven\u00ed je i modern\u00ed posilovna. Hotelov\u00ed host\u00e9 maj\u00ed do fitness centra neomezen\u00fd vstup zdarma.<\/p>\n            <\/div>\n<\/div>[vc_empty_space height=&#8221;40px&#8221;][\/vc_column][vc_column width=&#8221;1\/2&#8243; offset=&#8221;vc_col-md-6&#8243;]<div class=\"mkdf-image-with-text-holder  mkdf-has-shadow mkdf-image-behavior-zoom\">\n    <div class=\"mkdf-iwt-image\">\n                                    <img loading=\"lazy\" decoding=\"async\" src=\"https:\/\/wellnesspatince.sk\/wp-content\/uploads\/2023\/02\/Wellness_Hotel_Patince_1920x1080_31-1920x1080.jpg\" alt=\"\" width=\"1920\" height=\"1080\" \/>                        <\/div>\n    <div class=\"mkdf-iwt-text-holder\">\n        \n                    <h5 class=\"mkdf-iwt-title\" >POWER J\u00d3GA<\/h5>\n        \n        \n\t\t            <p class=\"mkdf-iwt-text\" >Relaxovat a z\u00e1rove\u0148 si po\u0159\u00e1dn\u011b zacvi\u010dit m\u016f\u017eete tak\u00e9 p\u0159i na\u0161\u00ed power j\u00f3ze. Cvi\u010den\u00edm j\u00f3gy se zbav\u00edte zdravotn\u00edch probl\u00e9m\u016f, zv\u00fd\u0161\u00edte pru\u017enost a pohyblivost sv\u00e9ho t\u011bla, pos\u00edl\u00edte imunitn\u00ed syst\u00e9m a zlep\u0161\u00edte d\u00fdch\u00e1n\u00ed. Power j\u00f3ga si ve sv\u011bt\u011b z\u00edsk\u00e1v\u00e1 st\u00e1le v\u00edce p\u0159\u00edznivc\u016f, proto nev\u00e1hejte a vyzkou\u0161ejte ji.<\/p>\n            <\/div>\n<\/div>[vc_empty_space height=&#8221;40px&#8221;][\/vc_column][\/vc_row][vc_row equal_height=&#8221;yes&#8221; content_placement=&#8221;top&#8221; enable_arrows_animation=&#8221;no&#8221; css=&#8221;.vc_custom_1614164314443{padding-top: 0px !important;padding-right: 0px !important;padding-bottom: 0px !important;padding-left: 0px !important;}&#8221;][\/vc_row][vc_row][vc_column][vc_column_text]<\/p>\n<h2 id=\"scroll-in\"><span style=\"color: #04adaa;\"><strong>VN\u011aJ\u0160\u00cd AKTIVITY V HOTELU<\/strong><\/span><\/h2>\n<p>[\/vc_column_text][vc_column_text]Are\u00e1l Wellness Hotelu Patince je bohat\u00fd na z\u00e1\u017eitky a z\u00e1bavu. U n\u00e1s si sv\u00e9 obl\u00edben\u00e9 aktivity v ka\u017ed\u00e9m po\u010das\u00ed najdou nejen d\u011bti, ale tak\u00e9 dosp\u011bl\u00ed a senio\u0159i.[\/vc_column_text][\/vc_column][\/vc_row][vc_row content_text_aligment=&#8221;center&#8221; css=&#8221;.vc_custom_1494232305593{padding-top: 80px !important;padding-bottom: 30px !important;}&#8221;][vc_column width=&#8221;1\/2&#8243; offset=&#8221;vc_col-md-6&#8243;]<div class=\"mkdf-image-with-text-holder  mkdf-has-shadow mkdf-image-behavior-zoom\">\n    <div class=\"mkdf-iwt-image\">\n                                    <img loading=\"lazy\" decoding=\"async\" src=\"https:\/\/wellnesspatince.sk\/wp-content\/uploads\/2023\/02\/Wellness_Hotel_Patince_1920x1080_55-1920x1080.jpg\" alt=\"\" width=\"1920\" height=\"1080\" \/>                        <\/div>\n    <div class=\"mkdf-iwt-text-holder\">\n        \n                    <h5 class=\"mkdf-iwt-title\" >Cykloturistika<\/h5>\n        \n        \n\t\t            <p class=\"mkdf-iwt-text\" >V okol\u00ed na\u0161eho hotelu nehroz\u00ed \u017e\u00e1dn\u00e1 nuda. Milovn\u00edci cyklistiky si p\u0159ijdou na sv\u00e9. Sv\u00e1 kola m\u016f\u017eete prov\u011btrat na Dunajsk\u00e9 cyklostezce, kter\u00e1 je region\u00e1ln\u00ed tranzitn\u00ed trasou. Vede pod\u00e9l \u0159eky Dunaj a je sou\u010d\u00e1st\u00ed d\u00e1lkov\u00e9 cyklotrasy s\u00edt\u011b EuroVelo 6. Na t\u00e9to trase se m\u016f\u017eete vydat na v\u00fdlet do okol\u00ed Dunaje. T\u00fara je d\u00edky ni\u017e\u0161\u00ed n\u00e1ro\u010dnosti vhodn\u00e1 i pro d\u011bti a star\u0161\u00ed osoby. Bonusem nav\u00edc je, \u017ee si s sebou nemus\u00edte br\u00e1t kolo. Od dubna do \u0159\u00edjna si ho m\u016f\u017eete pohodln\u011b zap\u016fj\u010dit p\u0159\u00edmo na recepci hotelu.<\/p>\n            <\/div>\n<\/div>[vc_empty_space height=&#8221;40px&#8221;][\/vc_column][vc_column width=&#8221;1\/2&#8243; offset=&#8221;vc_col-md-6&#8243;]<div class=\"mkdf-image-with-text-holder  mkdf-has-shadow mkdf-image-behavior-zoom\">\n    <div class=\"mkdf-iwt-image\">\n                                    <img loading=\"lazy\" decoding=\"async\" src=\"https:\/\/wellnesspatince.sk\/wp-content\/uploads\/2023\/02\/Wellness_Hotel_Patince_1920x1080_75-1920x1080.jpg\" alt=\"\" width=\"1920\" height=\"1080\" \/>                        <\/div>\n    <div class=\"mkdf-iwt-text-holder\">\n        \n                    <h5 class=\"mkdf-iwt-title\" >Nordic Walking<\/h5>\n        \n        \n\t\t            <p class=\"mkdf-iwt-text\" >Nordic walking neboli seversk\u00e1 ch\u016fze za\u017e\u00edv\u00e1 v posledn\u00edch letech velk\u00fd rozmach. Pro hosty, kte\u0159\u00ed cht\u011bj\u00ed str\u00e1vit den aktivn\u011b s holemi v ruce a prozkoum\u00e1vat okol\u00ed, m\u00e1me celoro\u010dn\u011b k dispozici p\u016fj\u010dovnu hol\u00ed na nordic walking.<\/p>\n            <\/div>\n<\/div>[vc_empty_space height=&#8221;40px&#8221;][\/vc_column][\/vc_row][vc_row content_text_aligment=&#8221;center&#8221; css=&#8221;.vc_custom_1494232305593{padding-top: 80px !important;padding-bottom: 30px !important;}&#8221;][vc_column width=&#8221;1\/2&#8243; offset=&#8221;vc_col-md-6&#8243;]<div class=\"mkdf-image-with-text-holder   mkdf-image-behavior-zoom\">\n    <div class=\"mkdf-iwt-image\">\n                                    <img loading=\"lazy\" decoding=\"async\" src=\"https:\/\/wellnesspatince.sk\/wp-content\/uploads\/2023\/07\/Wellness_Hotel_Patince_2013_1920px_15-1920x1080.jpg\" alt=\"\" width=\"1920\" height=\"1080\" \/>                        <\/div>\n    <div class=\"mkdf-iwt-text-holder\">\n        \n                    <h5 class=\"mkdf-iwt-title\" >Ryba\u0159en\u00ed a \u0161lapadla<\/h5>\n        \n        \n\t\t            <p class=\"mkdf-iwt-text\" >R\u00e1di tr\u00e1v\u00edte \u010das u vody s ryb\u00e1\u0159sk\u00fdm prutem v ruce? Are\u00e1l Wellness hotelu Patince nab\u00edz\u00ed aktivity i pro milovn\u00edky ryba\u0159en\u00ed. V hotelov\u00e9m jeze\u0159e se proh\u00e1n\u011bj\u00ed majest\u00e1tn\u00ed 12 a v\u00edce kilov\u00ed kap\u0159i, amu\u0159i, tolstolbici a \u0161tiky. Jezero v are\u00e1lu hotelu je vhodn\u00e9 tak\u00e9 pro r\u016fzn\u00e9 vodn\u00ed sporty. Vyzkou\u0161ejte si b\u011bhem letn\u00edho pobytu j\u00edzdu na \u0161lapadlech.<\/p>\n            <\/div>\n<\/div>[vc_empty_space height=&#8221;40px&#8221;][\/vc_column][vc_column width=&#8221;1\/2&#8243; offset=&#8221;vc_col-md-6&#8243;]<div class=\"mkdf-image-with-text-holder  mkdf-has-shadow mkdf-image-behavior-zoom\">\n    <div class=\"mkdf-iwt-image\">\n                                    <img loading=\"lazy\" decoding=\"async\" src=\"https:\/\/wellnesspatince.sk\/wp-content\/uploads\/2023\/02\/Wellness_Hotel_Patince_1920x1080_70-1-1920x1080.jpg\" alt=\"\" width=\"1920\" height=\"1080\" \/>                        <\/div>\n    <div class=\"mkdf-iwt-text-holder\">\n        \n                    <h5 class=\"mkdf-iwt-title\" >Krmen\u00ed sumc\u016f<\/h5>\n        \n        \n\t\t            <p class=\"mkdf-iwt-text\" >Krmen\u00ed sumc\u016f, kter\u00e9 \u017eij\u00ed v na\u0161em term\u00e1ln\u00edm jez\u00edrku, za\u0159azujeme pravideln\u011b do na\u0161eho anima\u010dn\u00edho programu.<\/p>\n            <\/div>\n<\/div>[vc_empty_space height=&#8221;40px&#8221;][vc_tta_accordion][vc_tta_section title=&#8221;Kdo je sumec africk\u00fd?&#8221; tab_id=&#8221;1677411882651-859983a0-fa71&#8243;][vc_column_text]<strong>SUMEC AFRICK\u00dd (Clarias gariepinus) zaj\u00edmavosti:<\/strong><\/p>\n<ul>\n<li>sumec africk\u00fd se d\u00e1 chovat jen v akv\u00e1riu, nebo jez\u00edrku kde je voda teplej\u0161\u00ed ne\u017e 24 stup\u0148\u016f, ryba nem\u00e1 \u0161anci na p\u0159e\u017eit\u00ed v okoln\u00edch vod\u00e1ch<\/li>\n<li>v Asii nap\u0159\u00edklad ve Vietnamu, nebo Kambod\u017ei dostat na trhu mal\u00e9 sume\u010dky, kter\u00e9 tam lid\u00e9 chovaj\u00ed na zahrad\u011b jako dom\u00e1c\u00ed zv\u00ed\u0159ata a krm\u00ed je odpadem z kuchyn\u011b<\/li>\n<li>n\u011bkde volaj\u00ed africk\u00e9 sumci Walk fish \u2013 kr\u00e1\u010dej\u00edc\u00ed ryba nemaj\u00ed toti\u017e probl\u00e9m kr\u00e1\u010det na ploutv\u00edch jako na nohou<\/li>\n<li>africk\u00e9 sumci kr\u00e1kaj\u00ed jako vr\u00e1ny kdy\u017e jsou mimo vodn\u00ed prost\u0159ed\u00ed<\/li>\n<\/ul>\n<p>[\/vc_column_text][\/vc_tta_section][\/vc_tta_accordion][\/vc_column][\/vc_row][vc_row content_text_aligment=&#8221;center&#8221; css=&#8221;.vc_custom_1494232305593{padding-top: 80px !important;padding-bottom: 30px !important;}&#8221;][vc_column width=&#8221;1\/2&#8243; offset=&#8221;vc_col-md-6&#8243;]<div class=\"mkdf-image-with-text-holder  mkdf-has-shadow mkdf-image-behavior-zoom\">\n    <div class=\"mkdf-iwt-image\">\n                                    <img loading=\"lazy\" decoding=\"async\" src=\"https:\/\/wellnesspatince.sk\/wp-content\/uploads\/2023\/01\/Wellness_Hotel_Patince_071-1920x1080.jpg\" alt=\"\" width=\"1920\" height=\"1080\" \/>                        <\/div>\n    <div class=\"mkdf-iwt-text-holder\">\n        \n                    <h5 class=\"mkdf-iwt-title\" >Venkovn\u00ed atrakce<\/h5>\n        \n        \n\t\t            <p class=\"mkdf-iwt-text\" >Na na\u0161em venkovn\u00edm h\u0159i\u0161ti si p\u0159ijdou na sv\u00e9 i d\u011bti. Venkovn\u00ed h\u0159i\u0161t\u011b jsou p\u0159\u00edstupn\u00e1 \u2014 hrac\u00ed dome\u010dek se skluzavkou, lezeckou s\u00edt\u00ed a malou lezeckou st\u011bnou, houpa\u010dky, koloto\u010d a houpac\u00ed zv\u00ed\u0159\u00e1tka. Energii si mohou d\u011bti vyb\u00edt na velk\u00e9 \u0161estim\u00edstn\u00e9 d\u011btsk\u00e9 trampol\u00edn\u011b.<\/p>\n            <\/div>\n<\/div>[vc_empty_space height=&#8221;40px&#8221;][\/vc_column][vc_column width=&#8221;1\/2&#8243; offset=&#8221;vc_col-md-6&#8243;]<div class=\"mkdf-image-with-text-holder  mkdf-has-shadow mkdf-image-behavior-zoom\">\n    <div class=\"mkdf-iwt-image\">\n                                    <img loading=\"lazy\" decoding=\"async\" src=\"https:\/\/wellnesspatince.sk\/wp-content\/uploads\/2023\/02\/Wellness_Hotel_Patince_008-1920x1080.jpg\" alt=\"\" width=\"1920\" height=\"1080\" \/>                        <\/div>\n    <div class=\"mkdf-iwt-text-holder\">\n        \n                    <h5 class=\"mkdf-iwt-title\" >Minigolf<\/h5>\n        \n        \n\t\t            <p class=\"mkdf-iwt-text\" >Pokud m\u00e1te chu\u0165 si s p\u0159\u00e1teli nebo rodinou v n\u011b\u010dem zasout\u011b\u017eit, minigolf je ta spr\u00e1vn\u00e1 volba. Je to obl\u00edben\u00fd a nen\u00e1ro\u010dn\u00fd sport pro ka\u017ed\u00e9ho. K dispozici je od dubna do \u0159\u00edjna.<\/p>\n            <\/div>\n<\/div>[vc_empty_space height=&#8221;40px&#8221;][\/vc_column][\/vc_row][vc_row content_text_aligment=&#8221;center&#8221; css=&#8221;.vc_custom_1494232305593{padding-top: 80px !important;padding-bottom: 30px !important;}&#8221;][vc_column width=&#8221;1\/2&#8243; offset=&#8221;vc_col-md-6&#8243;]<div class=\"mkdf-image-with-text-holder  mkdf-has-shadow mkdf-image-behavior-zoom\">\n    <div class=\"mkdf-iwt-image\">\n                                    <img loading=\"lazy\" decoding=\"async\" src=\"https:\/\/wellnesspatince.sk\/wp-content\/uploads\/2023\/01\/Wellness_Hotel_Patince_061-1920x1080.jpg\" alt=\"\" width=\"1920\" height=\"1080\" \/>                        <\/div>\n    <div class=\"mkdf-iwt-text-holder\">\n        \n                    <h5 class=\"mkdf-iwt-title\" >Pl\u00e1\u017eov\u00fd volejbal, tenis<\/h5>\n        \n        \n\t\t            <p class=\"mkdf-iwt-text\" >O sportovn\u00ed vy\u017eit\u00ed nen\u00ed p\u0159i pobytech v na\u0161em hotelu nouze. B\u011bhem letn\u00edch pobyt\u016f si mohou skupiny lid\u00ed zdarma zahr\u00e1t pl\u00e1\u017eov\u00fd volejbal p\u0159\u00edmo u baz\u00e9n\u016f. Zvuk odskakuj\u00edc\u00edch m\u00ed\u010dk\u016f a pot st\u00e9kaj\u00edc\u00ed po \u010dele. Asi sto metr\u016f od hotelu si m\u016f\u017eete od dubna do \u0159\u00edjna zahr\u00e1t tenis na venkovn\u00edm kurtu s um\u011blou tr\u00e1vou.<\/p>\n            <\/div>\n<\/div>[vc_empty_space height=&#8221;40px&#8221;][\/vc_column][\/vc_row][vc_column css=&#8221;.vc_custom_1614164333616{padding-top: 0px !important;padding-bottom: 0px !important;}&#8221; offset=&#8221;vc_col-lg-3 vc_col-md-12&#8243;][\/vc_column][vc_column_text][\/vc_column_text]<\/p>\n","protected":false},"excerpt":{"rendered":"<p>[vc_row][vc_column][vc_column_text] VNIT\u0158N\u00cd AKTIVITY V HOTELU [\/vc_column_text][vc_column_text] V na\u0161em hotelu si sv\u00e9 z\u00e1liby najde ka\u017ed\u00fd a b\u011bhem pobytu se jist\u011b nebudete nudit. Interi\u00e9rov\u00e9 \u200b\u200bdopl\u0148kov\u00e9 aktivity pro v\u0161echny v\u011bkov\u00e9 kategorie v\u00e1m nab\u00edz\u00edme b\u011bhem cel\u00e9ho roku. V ka\u017ed\u00e9m po\u010das\u00ed si m\u016f\u017eete dop\u0159\u00e1t chv\u00edle [&hellip;]<\/p>\n","protected":false},"author":2,"featured_media":0,"parent":0,"menu_order":0,"comment_status":"closed","ping_status":"closed","template":"","meta":{"inline_featured_image":false,"footnotes":"","_wp_rev_ctl_limit":""},"class_list":["post-21218","page","type-page","status-publish","hentry"],"_links":{"self":[{"href":"https:\/\/wellnesspatince.sk\/cs\/wp-json\/wp\/v2\/pages\/21218","targetHints":{"allow":["GET"]}}],"collection":[{"href":"https:\/\/wellnesspatince.sk\/cs\/wp-json\/wp\/v2\/pages"}],"about":[{"href":"https:\/\/wellnesspatince.sk\/cs\/wp-json\/wp\/v2\/types\/page"}],"author":[{"embeddable":true,"href":"https:\/\/wellnesspatince.sk\/cs\/wp-json\/wp\/v2\/users\/2"}],"replies":[{"embeddable":true,"href":"https:\/\/wellnesspatince.sk\/cs\/wp-json\/wp\/v2\/comments?post=21218"}],"version-history":[{"count":22,"href":"https:\/\/wellnesspatince.sk\/cs\/wp-json\/wp\/v2\/pages\/21218\/revisions"}],"predecessor-version":[{"id":27276,"href":"https:\/\/wellnesspatince.sk\/cs\/wp-json\/wp\/v2\/pages\/21218\/revisions\/27276"}],"wp:attachment":[{"href":"https:\/\/wellnesspatince.sk\/cs\/wp-json\/wp\/v2\/media?parent=21218"}],"curies":[{"name":"wp","href":"https:\/\/api.w.org\/{rel}","templated":true}]}}