{"id":21110,"date":"2023-01-30T05:39:15","date_gmt":"2023-01-30T04:39:15","guid":{"rendered":"https:\/\/wellnesspatince.sk\/ucinky-vody\/"},"modified":"2023-07-21T13:35:09","modified_gmt":"2023-07-21T11:35:09","slug":"ucinky-vody","status":"publish","type":"page","link":"https:\/\/wellnesspatince.sk\/cs\/ucinky-vody\/","title":{"rendered":"\u00da\u010dinky vody"},"content":{"rendered":"<p>[vc_row][vc_column][vc_column_text]Vyu\u017e\u00edv\u00e1n\u00ed term\u00e1ln\u00edch pramen\u016f v Patinc\u00edch m\u00e1 dlouhou tradici. Ji\u017e v dokumentech ze 13. stolet\u00ed se hovo\u0159\u00ed o existenci hork\u00fdch pramen\u016f s l\u00e9\u010div\u00fdmi \u00fa\u010dinky a o existenci l\u00e1zn\u00ed z \u0159\u00edmsk\u00fdch dob. V l\u00e1zn\u00edch, kter\u00e9 nechal v bl\u00edzkosti pramene vybudovat hrab\u011b Nedetzky, se \u00fasp\u011b\u0161n\u011b l\u00e9\u010dily nemoci kon\u010detin.<\/p>\n<p>Dne 10. \u0159\u00edjna 1953 byl na n\u00e1vrh Dr. Ond\u0159eje Stollmana vyhl\u00e1\u0161en patinsk\u00fd term\u00e1ln\u00ed pramen a jeho okol\u00ed chr\u00e1n\u011bn\u00fdm \u00fazem\u00edm. Jeden z vrt\u016f se nach\u00e1z\u00ed u term\u00e1ln\u00edho jez\u00edrka. Byl vyvrt\u00e1n v roce 1953.<\/p>\n<p>Dal\u0161\u00ed zdroj vody se nach\u00e1z\u00ed jen kousek od zm\u00edn\u011bn\u00e9ho jezera. Vrt je hlubok\u00fd 160 m, ale je vybudov\u00e1n pouze do hloubky 146 m. Teplota vody je 26,9 \u00b0C.<\/p>\n<p><strong>T\u0159et\u00ed pramen vyv\u011br\u00e1 na louce p\u0159ed term\u00e1ln\u00edm jezerem sm\u011brem ke koupali\u0161ti.<\/strong> Vrt byl vybudov\u00e1n v roce 1982 pro pot\u0159eby rekrea\u010dn\u00edho st\u0159ediska a je 170 m hlubok\u00fd. Term\u00e1ln\u00ed voda z vrtu vyt\u00e9k\u00e1 vlastn\u00edm p\u0159etlakem. Jej\u00ed teplota dosahuje 26,2 \u00b0C.<\/p>\n<p>Term\u00e1ln\u00ed voda v Patinc\u00edch se vyzna\u010duje vysok\u00fdm obsahem hydrogenuhli\u010ditan\u016f, v\u00e1pn\u00edku, ho\u0159\u010d\u00edku a s\u00edran\u016f, co\u017e velmi p\u0159\u00edzniv\u011b p\u016fsob\u00ed na pohybov\u00e9 \u00fastroj\u00ed a \u010din\u00ed z n\u00ed vynikaj\u00edc\u00ed prost\u0159edek proti jeho onemocn\u011bn\u00edm.<\/p>\n<p><strong>Relaxace v term\u00e1ln\u00ed vod\u011b o teplot\u011b kolem 35 \u00b0C m\u00e1 na t\u011blo uklid\u0148uj\u00edc\u00ed \u00fa\u010dinky<\/strong>, podporuje p\u0159\u00edsun tepla, zejm\u00e9na do kon\u010detin, kter\u00e9 jsou v\u017edy chladn\u011bj\u0161\u00ed. Zv\u00fd\u0161en\u00ed t\u011blesn\u00e9 teploty zp\u016fsobuje v\u00fdrazn\u00e9 urychlen\u00ed biochemick\u00fdch zm\u011bn v t\u011ble \u2014 zvy\u0161uje se spot\u0159eba kysl\u00edku a v\u00fddej oxidu uhli\u010dit\u00e9ho, zlep\u0161uje se pru\u017enost sval\u016f, vaz\u016f a pojivov\u00fdch tk\u00e1n\u00ed, z\u00e1rove\u0148 se sni\u017euje svalov\u00e9 nap\u011bt\u00ed a v d\u016fsledku p\u0159ijat\u00e9ho tepla se zvy\u0161uje prokrven\u00ed k\u016f\u017ee a t\u011blesn\u00e9ho j\u00e1dra.[\/vc_column_text][\/vc_column][\/vc_row][vc_row content_text_aligment=&#8221;center&#8221; css=&#8221;.vc_custom_1494232305593{padding-top: 80px !important;padding-bottom: 30px !important;}&#8221;][vc_column width=&#8221;1\/2&#8243; offset=&#8221;vc_col-md-6&#8243;]<div class=\"mkdf-image-with-text-holder   mkdf-image-behavior-zoom\">\n    <div class=\"mkdf-iwt-image\">\n                                    <img loading=\"lazy\" decoding=\"async\" width=\"1920\" height=\"1080\" src=\"https:\/\/wellnesspatince.sk\/wp-content\/uploads\/2023\/01\/Wellness_Hotel_Patince_051.jpg\" class=\"attachment-full size-full\" alt=\"\" srcset=\"https:\/\/wellnesspatince.sk\/wp-content\/uploads\/2023\/01\/Wellness_Hotel_Patince_051.jpg 1920w, https:\/\/wellnesspatince.sk\/wp-content\/uploads\/2023\/01\/Wellness_Hotel_Patince_051-300x169.jpg 300w, https:\/\/wellnesspatince.sk\/wp-content\/uploads\/2023\/01\/Wellness_Hotel_Patince_051-1024x576.jpg 1024w, https:\/\/wellnesspatince.sk\/wp-content\/uploads\/2023\/01\/Wellness_Hotel_Patince_051-768x432.jpg 768w, https:\/\/wellnesspatince.sk\/wp-content\/uploads\/2023\/01\/Wellness_Hotel_Patince_051-1536x864.jpg 1536w, https:\/\/wellnesspatince.sk\/wp-content\/uploads\/2023\/01\/Wellness_Hotel_Patince_051-1320x743.jpg 1320w, https:\/\/wellnesspatince.sk\/wp-content\/uploads\/2023\/01\/Wellness_Hotel_Patince_051-600x338.jpg 600w\" sizes=\"auto, (max-width: 1920px) 100vw, 1920px\" \/>                        <\/div>\n    <div class=\"mkdf-iwt-text-holder\">\n        \n                    <h5 class=\"mkdf-iwt-title\" >\u0158\u00cdMSK\u00c9 L\u00c1ZN\u011a<\/h5>\n        \n        \n\t\t            <p class=\"mkdf-iwt-text\" >Speci\u00e1ln\u00ed relaxa\u010dn\u00ed koupel v are\u00e1lu hotelu \u2014 posezen\u00ed kolem pramene, kter\u00fd se nach\u00e1z\u00ed p\u0159\u00edmo v term\u00e1ln\u00edm jeze\u0159e. V \u0159\u00edmsk\u00fdch l\u00e1zn\u00edch se m\u016f\u017eete pohodln\u011b usadit a nechat p\u016fsobit term\u00e1ln\u00ed vodu na va\u0161e klouby a svaly, na kter\u00e9 m\u00e1 blahod\u00e1rn\u00e9 \u00fa\u010dinky. Term\u00e1ln\u00ed voda vyt\u00e9k\u00e1 z vrtu vlastn\u00edm tlakem. Jej\u00ed teplota dosahuje 27 \u00b0C.<\/p>\n            <\/div>\n<\/div>[vc_empty_space height=&#8221;40px&#8221;][\/vc_column][vc_column width=&#8221;1\/2&#8243; offset=&#8221;vc_col-md-6&#8243;]<div class=\"mkdf-image-with-text-holder   mkdf-image-behavior-zoom\">\n    <div class=\"mkdf-iwt-image\">\n                                    <img loading=\"lazy\" decoding=\"async\" width=\"1920\" height=\"1080\" src=\"https:\/\/wellnesspatince.sk\/wp-content\/uploads\/2023\/01\/Wellness_Hotel_Patince_083.jpg\" class=\"attachment-full size-full\" alt=\"\" srcset=\"https:\/\/wellnesspatince.sk\/wp-content\/uploads\/2023\/01\/Wellness_Hotel_Patince_083.jpg 1920w, https:\/\/wellnesspatince.sk\/wp-content\/uploads\/2023\/01\/Wellness_Hotel_Patince_083-300x169.jpg 300w, https:\/\/wellnesspatince.sk\/wp-content\/uploads\/2023\/01\/Wellness_Hotel_Patince_083-1024x576.jpg 1024w, https:\/\/wellnesspatince.sk\/wp-content\/uploads\/2023\/01\/Wellness_Hotel_Patince_083-768x432.jpg 768w, https:\/\/wellnesspatince.sk\/wp-content\/uploads\/2023\/01\/Wellness_Hotel_Patince_083-1536x864.jpg 1536w, https:\/\/wellnesspatince.sk\/wp-content\/uploads\/2023\/01\/Wellness_Hotel_Patince_083-1320x743.jpg 1320w, https:\/\/wellnesspatince.sk\/wp-content\/uploads\/2023\/01\/Wellness_Hotel_Patince_083-600x338.jpg 600w\" sizes=\"auto, (max-width: 1920px) 100vw, 1920px\" \/>                        <\/div>\n    <div class=\"mkdf-iwt-text-holder\">\n        \n                    <h5 class=\"mkdf-iwt-title\" >\u00da\u010cINKY TERM\u00c1LN\u00cd VODY<\/h5>\n        \n        \n\t\t            <p class=\"mkdf-iwt-text\" >Prameny se vyzna\u010duj\u00ed vysok\u00fdm obsahem hydrogenuhli\u010ditan\u016f, v\u00e1pn\u00edku, ho\u0159\u010d\u00edku a s\u00edran\u016f a maj\u00ed p\u0159\u00edzniv\u00fd vliv na pohybov\u00fd apar\u00e1t. Voda m\u00e1 ide\u00e1ln\u00ed vlastnosti pro regeneraci unaven\u00fdch kloub\u016f a sval\u016f a pou\u017e\u00edv\u00e1 se ve v\u0161ech baz\u00e9nech.<\/p>\n            <\/div>\n<\/div>[vc_empty_space height=&#8221;40px&#8221;][\/vc_column][\/vc_row]<\/p>\n","protected":false},"excerpt":{"rendered":"<p>[vc_row][vc_column][vc_column_text]Vyu\u017e\u00edv\u00e1n\u00ed term\u00e1ln\u00edch pramen\u016f v Patinc\u00edch m\u00e1 dlouhou tradici. Ji\u017e v dokumentech ze 13. stolet\u00ed se hovo\u0159\u00ed o existenci hork\u00fdch pramen\u016f s l\u00e9\u010div\u00fdmi \u00fa\u010dinky a o existenci l\u00e1zn\u00ed z \u0159\u00edmsk\u00fdch dob. V l\u00e1zn\u00edch, kter\u00e9 nechal v bl\u00edzkosti pramene vybudovat hrab\u011b Nedetzky, [&hellip;]<\/p>\n","protected":false},"author":2,"featured_media":0,"parent":0,"menu_order":0,"comment_status":"closed","ping_status":"closed","template":"","meta":{"inline_featured_image":false,"footnotes":"","_wp_rev_ctl_limit":""},"class_list":["post-21110","page","type-page","status-publish","hentry"],"_links":{"self":[{"href":"https:\/\/wellnesspatince.sk\/cs\/wp-json\/wp\/v2\/pages\/21110","targetHints":{"allow":["GET"]}}],"collection":[{"href":"https:\/\/wellnesspatince.sk\/cs\/wp-json\/wp\/v2\/pages"}],"about":[{"href":"https:\/\/wellnesspatince.sk\/cs\/wp-json\/wp\/v2\/types\/page"}],"author":[{"embeddable":true,"href":"https:\/\/wellnesspatince.sk\/cs\/wp-json\/wp\/v2\/users\/2"}],"replies":[{"embeddable":true,"href":"https:\/\/wellnesspatince.sk\/cs\/wp-json\/wp\/v2\/comments?post=21110"}],"version-history":[{"count":3,"href":"https:\/\/wellnesspatince.sk\/cs\/wp-json\/wp\/v2\/pages\/21110\/revisions"}],"predecessor-version":[{"id":22450,"href":"https:\/\/wellnesspatince.sk\/cs\/wp-json\/wp\/v2\/pages\/21110\/revisions\/22450"}],"wp:attachment":[{"href":"https:\/\/wellnesspatince.sk\/cs\/wp-json\/wp\/v2\/media?parent=21110"}],"curies":[{"name":"wp","href":"https:\/\/api.w.org\/{rel}","templated":true}]}}