{"id":20903,"date":"2023-02-26T13:00:45","date_gmt":"2023-02-26T12:00:45","guid":{"rendered":"https:\/\/wellnesspatince.sk\/otvaracie-hodiny-a-oznamy\/"},"modified":"2026-04-07T09:15:29","modified_gmt":"2026-04-07T07:15:29","slug":"oteviraci-hodiny-a-oznamy","status":"publish","type":"page","link":"https:\/\/wellnesspatince.sk\/cs\/oteviraci-hodiny-a-oznamy\/","title":{"rendered":"Otev\u00edrac\u00ed hodiny a oznamy"},"content":{"rendered":"<p>[vc_row][vc_column]<div class=\"mkdf-section-title-holder  mkdf-st-standard mkdf-st-ha-center mkdf-st-title-left mkdf-st-normal-space \" style=\"text-align: center\">\n\t<div class=\"mkdf-st-inner\">\n\t\t\t\t\t\t\t<h2 class=\"mkdf-st-title\" style=\"color: #ad935f\">\n\t\t\t\tOtev\u00edrac\u00ed hodiny od 01.01.2026\t\t\t\t\t\t\t<\/h2>\n\t\t\t\t\t\t\t<div class=\"mkdf-st-separator\" style=\"background-color: #ad935f\"><\/div>\n\t\t\t\t\t<\/div>\n<\/div>[vc_raw_html el_class=&#8221;wellness-prices&#8221;]JTIwJTNDdGFibGUlMjBib3JkZXIlM0UlMEElMjAlMjAlMjAlMjAlMjAlMjAlM0N0aGVhZCUzRSUwQSUyMCUyMCUyMCUyMCUyMCUyMCUyMCUyMCUzQ3RyJTNFJTBBJTIwJTIwJTIwJTIwJTIwJTIwJTIwJTIwJTIwJTIwJTNDdGglM0VUaGVybWFsJTIwcGFyayUzQyUyRnRoJTNFJTBBJTIwJTIwJTIwJTIwJTIwJTIwJTIwJTIwJTIwJTIwJTNDdGglM0VQcm92b3puJUMzJUFEJTIwZG9iYSUzQyUyRnRoJTNFJTBBJTIwJTIwJTIwJTIwJTIwJTIwJTIwJTIwJTNDJTJGdHIlM0UlMEElMjAlMjAlMjAlMjAlMjAlMjAlMjAlMjAlM0N0Ym9keSUzRSUwQSUyMCUyMCUyMCUyMCUyMCUyMCUyMCUyMCUyMCUyMCUzQ3RyJTNFJTBBJTIwJTIwJTIwJTIwJTIwJTIwJTIwJTIwJTIwJTIwJTIwJTIwJTNDdGQlM0VQb25kJUM0JTlCbCVDMyVBRCUyMC0lMjBQJUMzJUExdGVrJTNDJTJGdGQlM0UlMEElMjAlMjAlMjAlMjAlMjAlMjAlMjAlMjAlMjAlMjAlMjAlMjAlM0N0ZCUzRTEwJTNBMDAlMjAtJTIwMjAlM0EwMCUzQyUyRnRkJTNFJTBBJTIwJTIwJTIwJTIwJTIwJTIwJTIwJTIwJTIwJTIwJTNDJTJGdHIlM0UlMEElMjAlMjAlMjAlMjAlMjAlMjAlMjAlMjAlMjAlMjAlMjAlMjAlMjAlM0N0ZCUzRVNvYm90YSUyMC0lMjBOZWQlQzQlOUJsZSUzQyUyRnRkJTNFJTBBJTIwJTIwJTIwJTIwJTIwJTIwJTIwJTIwJTIwJTIwJTIwJTIwJTNDdGQlM0UwOSUzQTAwJTIwLSUyMDIwJTNBMDAlM0MlMkZ0ZCUzRSUwQSUyMCUyMCUyMCUyMCUyMCUyMCUyMCUyMCUyMCUyMCUzQ3RyJTNFJTBBJTIwJTIwJTIwJTIwJTIwJTIwJTIwJTIwJTIwJTIwJTIwJTIwJTBBJTIwJTIwJTIwJTIwJTIwJTIwJTIwJTIwJTIwJTIwJTNDJTJGdHIlM0UlMEElMjAlMjAlMjAlMjAlMjAlMjAlMjAlMjAlM0MlMkZ0Ym9keSUzRSUwQSUyMCUyMCUyMCUyMCUyMCUyMCUzQyUyRnRoZWFkJTNFJTBBJTIwJTIwJTIwJTIwJTNDJTJGdGFibGUlM0U=[\/vc_raw_html][vc_raw_html el_class=&#8221;wellness-prices&#8221;]JTIwJTNDdGFibGUlMjBib3JkZXIlM0UlMEElMjAlMjAlMjAlMjAlMjAlMjAlM0N0aGVhZCUzRSUwQSUyMCUyMCUyMCUyMCUyMCUyMCUyMCUyMCUzQ3RyJTNFJTBBJTIwJTIwJTIwJTIwJTIwJTIwJTIwJTIwJTIwJTIwJTNDdGglM0VXZWxsbmVzcyUyMGNlbnRydW0lM0MlMkZ0aCUzRSUwQSUyMCUyMCUyMCUyMCUyMCUyMCUyMCUyMCUyMCUyMCUzQ3RoJTNFUHJvdm96biVDMyVBRCUyMGRvYmElM0MlMkZ0aCUzRSUwQSUyMCUyMCUyMCUyMCUyMCUyMCUyMCUyMCUzQyUyRnRyJTNFJTBBJTIwJTIwJTIwJTIwJTIwJTIwJTIwJTIwJTNDdGJvZHklM0UlMEElMjAlMjAlMjAlMjAlMjAlMjAlMjAlMjAlMjAlMjAlM0N0ciUzRSUwQSUyMCUyMCUyMCUyMCUyMCUyMCUyMCUyMCUyMCUyMCUyMCUyMCUzQ3RkJTNFTmVkJUM0JTlCbGUlMjAtJTIwJUM0JThDdHZydGVrJTNDJTJGdGQlM0UlMEElMjAlMjAlMjAlMjAlMjAlMjAlMjAlMjAlMjAlMjAlMjAlMjAlM0N0ZCUzRTE2JTNBMDAlMjAtJTIwMjAlM0EwMCUzQyUyRnRkJTNFJTBBJTIwJTIwJTIwJTIwJTIwJTIwJTIwJTIwJTIwJTIwJTNDJTJGdHIlM0UlMEElMjAlMjAlMjAlMjAlMjAlMjAlMjAlMjAlMjAlMjAlMjAlMjAlMjAlM0N0ZCUzRVAlQzMlQTF0ZWslMjAtJTIwU29ib3RhJTNDJTJGdGQlM0UlMEElMjAlMjAlMjAlMjAlMjAlMjAlMjAlMjAlMjAlMjAlMjAlMjAlM0N0ZCUzRTE0JTNBMDAlMjAtJTIwMjAlM0EwMCUzQyUyRnRkJTNFJTBBJTIwJTIwJTIwJTIwJTIwJTIwJTIwJTIwJTIwJTIwJTNDdHIlM0UlMEElMjAlMjAlMjAlMjAlMjAlMjAlMjAlMjAlMjAlMjAlMjAlMjAlMEElMjAlMjAlMjAlMjAlMjAlMjAlMjAlMjAlMjAlMjAlM0MlMkZ0ciUzRSUwQSUyMCUyMCUyMCUyMCUyMCUyMCUyMCUyMCUzQyUyRnRib2R5JTNFJTBBJTIwJTIwJTIwJTIwJTIwJTIwJTNDJTJGdGhlYWQlM0UlMEElMjAlMjAlMjAlMjAlM0MlMkZ0YWJsZSUzRQ==[\/vc_raw_html][vc_column_text]<\/p>\n<p style=\"text-align: center;\"><em><strong>Provozovatel si vyhrazuje pr\u00e1vo na zm\u011bnu provozn\u00ed doby st\u0159ediska a atrakc\u00ed (aktualizace alespo\u0148 1 den p\u0159edem na webov\u00e9 str\u00e1nce).<\/strong><\/em><\/p>\n<p>[\/vc_column_text][\/vc_column][\/vc_row]<\/p>\n","protected":false},"excerpt":{"rendered":"<p>[vc_row][vc_column][vc_raw_html el_class=&#8221;wellness-prices&#8221;]JTIwJTNDdGFibGUlMjBib3JkZXIlM0UlMEElMjAlMjAlMjAlMjAlMjAlMjAlM0N0aGVhZCUzRSUwQSUyMCUyMCUyMCUyMCUyMCUyMCUyMCUyMCUzQ3RyJTNFJTBBJTIwJTIwJTIwJTIwJTIwJTIwJTIwJTIwJTIwJTIwJTNDdGglM0VUaGVybWFsJTIwcGFyayUzQyUyRnRoJTNFJTBBJTIwJTIwJTIwJTIwJTIwJTIwJTIwJTIwJTIwJTIwJTNDdGglM0VQcm92b3puJUMzJUFEJTIwZG9iYSUzQyUyRnRoJTNFJTBBJTIwJTIwJTIwJTIwJTIwJTIwJTIwJTIwJTNDJTJGdHIlM0UlMEElMjAlMjAlMjAlMjAlMjAlMjAlMjAlMjAlM0N0Ym9keSUzRSUwQSUyMCUyMCUyMCUyMCUyMCUyMCUyMCUyMCUyMCUyMCUzQ3RyJTNFJTBBJTIwJTIwJTIwJTIwJTIwJTIwJTIwJTIwJTIwJTIwJTIwJTIwJTNDdGQlM0VQb25kJUM0JTlCbCVDMyVBRCUyMC0lMjBQJUMzJUExdGVrJTNDJTJGdGQlM0UlMEElMjAlMjAlMjAlMjAlMjAlMjAlMjAlMjAlMjAlMjAlMjAlMjAlM0N0ZCUzRTEwJTNBMDAlMjAtJTIwMjAlM0EwMCUzQyUyRnRkJTNFJTBBJTIwJTIwJTIwJTIwJTIwJTIwJTIwJTIwJTIwJTIwJTNDJTJGdHIlM0UlMEElMjAlMjAlMjAlMjAlMjAlMjAlMjAlMjAlMjAlMjAlMjAlMjAlMjAlM0N0ZCUzRVNvYm90YSUyMC0lMjBOZWQlQzQlOUJsZSUzQyUyRnRkJTNFJTBBJTIwJTIwJTIwJTIwJTIwJTIwJTIwJTIwJTIwJTIwJTIwJTIwJTNDdGQlM0UwOSUzQTAwJTIwLSUyMDIwJTNBMDAlM0MlMkZ0ZCUzRSUwQSUyMCUyMCUyMCUyMCUyMCUyMCUyMCUyMCUyMCUyMCUzQ3RyJTNFJTBBJTIwJTIwJTIwJTIwJTIwJTIwJTIwJTIwJTIwJTIwJTIwJTIwJTBBJTIwJTIwJTIwJTIwJTIwJTIwJTIwJTIwJTIwJTIwJTNDJTJGdHIlM0UlMEElMjAlMjAlMjAlMjAlMjAlMjAlMjAlMjAlM0MlMkZ0Ym9keSUzRSUwQSUyMCUyMCUyMCUyMCUyMCUyMCUzQyUyRnRoZWFkJTNFJTBBJTIwJTIwJTIwJTIwJTNDJTJGdGFibGUlM0U=[\/vc_raw_html][vc_raw_html el_class=&#8221;wellness-prices&#8221;]JTIwJTNDdGFibGUlMjBib3JkZXIlM0UlMEElMjAlMjAlMjAlMjAlMjAlMjAlM0N0aGVhZCUzRSUwQSUyMCUyMCUyMCUyMCUyMCUyMCUyMCUyMCUzQ3RyJTNFJTBBJTIwJTIwJTIwJTIwJTIwJTIwJTIwJTIwJTIwJTIwJTNDdGglM0VXZWxsbmVzcyUyMGNlbnRydW0lM0MlMkZ0aCUzRSUwQSUyMCUyMCUyMCUyMCUyMCUyMCUyMCUyMCUyMCUyMCUzQ3RoJTNFUHJvdm96biVDMyVBRCUyMGRvYmElM0MlMkZ0aCUzRSUwQSUyMCUyMCUyMCUyMCUyMCUyMCUyMCUyMCUzQyUyRnRyJTNFJTBBJTIwJTIwJTIwJTIwJTIwJTIwJTIwJTIwJTNDdGJvZHklM0UlMEElMjAlMjAlMjAlMjAlMjAlMjAlMjAlMjAlMjAlMjAlM0N0ciUzRSUwQSUyMCUyMCUyMCUyMCUyMCUyMCUyMCUyMCUyMCUyMCUyMCUyMCUzQ3RkJTNFTmVkJUM0JTlCbGUlMjAtJTIwJUM0JThDdHZydGVrJTNDJTJGdGQlM0UlMEElMjAlMjAlMjAlMjAlMjAlMjAlMjAlMjAlMjAlMjAlMjAlMjAlM0N0ZCUzRTE2JTNBMDAlMjAtJTIwMjAlM0EwMCUzQyUyRnRkJTNFJTBBJTIwJTIwJTIwJTIwJTIwJTIwJTIwJTIwJTIwJTIwJTNDJTJGdHIlM0UlMEElMjAlMjAlMjAlMjAlMjAlMjAlMjAlMjAlMjAlMjAlMjAlMjAlMjAlM0N0ZCUzRVAlQzMlQTF0ZWslMjAtJTIwU29ib3RhJTNDJTJGdGQlM0UlMEElMjAlMjAlMjAlMjAlMjAlMjAlMjAlMjAlMjAlMjAlMjAlMjAlM0N0ZCUzRTE0JTNBMDAlMjAtJTIwMjAlM0EwMCUzQyUyRnRkJTNFJTBBJTIwJTIwJTIwJTIwJTIwJTIwJTIwJTIwJTIwJTIwJTNDdHIlM0UlMEElMjAlMjAlMjAlMjAlMjAlMjAlMjAlMjAlMjAlMjAlMjAlMjAlMEElMjAlMjAlMjAlMjAlMjAlMjAlMjAlMjAlMjAlMjAlM0MlMkZ0ciUzRSUwQSUyMCUyMCUyMCUyMCUyMCUyMCUyMCUyMCUzQyUyRnRib2R5JTNFJTBBJTIwJTIwJTIwJTIwJTIwJTIwJTNDJTJGdGhlYWQlM0UlMEElMjAlMjAlMjAlMjAlM0MlMkZ0YWJsZSUzRQ==[\/vc_raw_html][vc_column_text] Provozovatel si vyhrazuje pr\u00e1vo na zm\u011bnu provozn\u00ed doby st\u0159ediska a atrakc\u00ed (aktualizace alespo\u0148 1 den p\u0159edem na webov\u00e9 str\u00e1nce). [\/vc_column_text][\/vc_column][\/vc_row]<\/p>\n","protected":false},"author":2,"featured_media":0,"parent":0,"menu_order":0,"comment_status":"closed","ping_status":"closed","template":"","meta":{"inline_featured_image":false,"footnotes":"","_wp_rev_ctl_limit":""},"class_list":["post-20903","page","type-page","status-publish","hentry"],"_links":{"self":[{"href":"https:\/\/wellnesspatince.sk\/cs\/wp-json\/wp\/v2\/pages\/20903","targetHints":{"allow":["GET"]}}],"collection":[{"href":"https:\/\/wellnesspatince.sk\/cs\/wp-json\/wp\/v2\/pages"}],"about":[{"href":"https:\/\/wellnesspatince.sk\/cs\/wp-json\/wp\/v2\/types\/page"}],"author":[{"embeddable":true,"href":"https:\/\/wellnesspatince.sk\/cs\/wp-json\/wp\/v2\/users\/2"}],"replies":[{"embeddable":true,"href":"https:\/\/wellnesspatince.sk\/cs\/wp-json\/wp\/v2\/comments?post=20903"}],"version-history":[{"count":180,"href":"https:\/\/wellnesspatince.sk\/cs\/wp-json\/wp\/v2\/pages\/20903\/revisions"}],"predecessor-version":[{"id":27238,"href":"https:\/\/wellnesspatince.sk\/cs\/wp-json\/wp\/v2\/pages\/20903\/revisions\/27238"}],"wp:attachment":[{"href":"https:\/\/wellnesspatince.sk\/cs\/wp-json\/wp\/v2\/media?parent=20903"}],"curies":[{"name":"wp","href":"https:\/\/api.w.org\/{rel}","templated":true}]}}