{"id":20568,"date":"2023-02-27T05:46:00","date_gmt":"2023-02-27T04:46:00","guid":{"rendered":"https:\/\/wellnesspatince.creanet.sk\/thermal-park\/"},"modified":"2025-09-02T12:19:09","modified_gmt":"2025-09-02T10:19:09","slug":"thermal-park","status":"publish","type":"page","link":"https:\/\/wellnesspatince.sk\/cs\/thermal-park\/","title":{"rendered":"Thermal park i Letn\u00ed koupali\u0161t\u011b"},"content":{"rendered":"<p>[vc_row][vc_column][vc_column_text]<\/p>\n<h2><span style=\"color: #04adaa;\"><strong>VNIT\u0158N\u00cd BAZ\u00c9NY<\/strong><\/span><\/h2>\n<p>[\/vc_column_text][vc_column_text css_animation=&#8221;none&#8221;]<\/p>\n<p style=\"margin: 0cm 0cm 11.25pt 0cm;\"><span style=\"color: black;\">Tu pravou pohodu spojenou s regenerac\u00ed naleznete ve \u010dty\u0159ech vnit\u0159n\u00edch baz\u00e9nech v Thermal Parku. Napln\u011bn\u00e9 jsou vodou z vlastn\u00edho term\u00e1ln\u00edho pramene H\u00e9v\u00edz o teplot\u011b 27\u00b0C, kter\u00fd vyv\u011br\u00e1 z hloubky 200m. Term\u00e1ln\u00ed voda se v Patinc\u00edch vyzna\u010duje vysok\u00fdm obsahem hydrouhli\u010ditan\u016f, v\u00e1pn\u00edku, ho\u0159\u010d\u00edku i s\u00edran\u016f a d\u00edky tomu velmi p\u0159\u00edzniv\u011b p\u016fsob\u00ed na pohybov\u00e9 \u00fastroj\u00ed a proti jeho chorob\u00e1m.<\/span><\/p>\n<p><strong>\u00a0<\/strong>[\/vc_column_text][\/vc_column][\/vc_row][vc_row content_text_aligment=&#8221;center&#8221; css=&#8221;.vc_custom_1494232305593{padding-top: 80px !important;padding-bottom: 30px !important;}&#8221;][vc_column width=&#8221;1\/2&#8243; offset=&#8221;vc_col-md-6&#8243;]<div class=\"mkdf-image-with-text-holder   mkdf-image-behavior-zoom\">\n    <div class=\"mkdf-iwt-image\">\n                                    <img loading=\"lazy\" decoding=\"async\" src=\"https:\/\/wellnesspatince.sk\/wp-content\/uploads\/2023\/10\/WH_Patince_Panorama_1920_22-1920x1080.jpg\" alt=\"\" width=\"1920\" height=\"1080\" \/>                        <\/div>\n    <div class=\"mkdf-iwt-text-holder\">\n        \n                    <h5 class=\"mkdf-iwt-title\" >VELK\u00dd RELAXA\u010cN\u00cd BAZ\u00c9N<\/h5>\n        \n        \n\t\t            <p class=\"mkdf-iwt-text\" >V Thermal Parku najdete tak\u00e9 nejv\u011bt\u0161\u00ed kryt\u00fd relaxa\u010dn\u00ed baz\u00e9n na Slovensku s hloubkou vody 1,2 ma teplotou vody max. 1,2m. 30\u00b0C. V baz\u00e9nu se nach\u00e1z\u00ed tak\u00e9 mno\u017estv\u00edm atrakc\u00ed, jako jsou nap\u0159\u00edklad mas\u00e1\u017en\u00ed vodn\u00ed postele a d\u011bla, trysky, chrli\u010de, divok\u00e1 \u0159eka a jeskyn\u011b.<\/p>\n            <\/div>\n<\/div>[vc_empty_space height=&#8221;40px&#8221;][\/vc_column][vc_column width=&#8221;1\/2&#8243; offset=&#8221;vc_col-md-6&#8243;]<div class=\"mkdf-image-with-text-holder   mkdf-image-behavior-zoom\">\n    <div class=\"mkdf-iwt-image\">\n                                    <img loading=\"lazy\" decoding=\"async\" src=\"https:\/\/wellnesspatince.sk\/wp-content\/uploads\/2023\/10\/WH_Patince_Panorama_1920_29-1920x1080.jpg\" alt=\"\" width=\"1920\" height=\"1080\" \/>                        <\/div>\n    <div class=\"mkdf-iwt-text-holder\">\n        \n                    <h5 class=\"mkdf-iwt-title\" >ODDECHOV\u00dd BAZ\u00c9N<\/h5>\n        \n        \n\t\t            <p class=\"mkdf-iwt-text\" >Ide\u00e1ln\u00ed m\u00edsto k odpo\u010dinku. Voda v baz\u00e9nu m\u00e1 p\u0159\u00edjemn\u00fdch 36 \u00b0 C a m\u00e1 p\u0159\u00edzniv\u00e9 \u00fa\u010dinky na pohybov\u00e9 \u00fastroj\u00ed a jeho onemocn\u011bn\u00ed.<\/p>\n            <\/div>\n<\/div>[vc_empty_space height=&#8221;40px&#8221;][\/vc_column][\/vc_row][vc_row content_text_aligment=&#8221;center&#8221; css=&#8221;.vc_custom_1494232305593{padding-top: 80px !important;padding-bottom: 30px !important;}&#8221;][vc_column width=&#8221;1\/2&#8243; offset=&#8221;vc_col-md-6&#8243;]<div class=\"mkdf-image-with-text-holder   mkdf-image-behavior-zoom\">\n    <div class=\"mkdf-iwt-image\">\n                                    <img loading=\"lazy\" decoding=\"async\" src=\"https:\/\/wellnesspatince.sk\/wp-content\/uploads\/2023\/10\/WH_Patince_Panorama_1920_15-1920x1080.jpg\" alt=\"\" width=\"1920\" height=\"1080\" \/>                        <\/div>\n    <div class=\"mkdf-iwt-text-holder\">\n        \n                    <h5 class=\"mkdf-iwt-title\" >V\u00cd\u0158IVKA<\/h5>\n        \n        \n\t\t            <p class=\"mkdf-iwt-text\" >Chcete-li ve sv\u00e9m t\u011ble aktivovat samoozdravn\u00e9 s\u00edly organismu, nezapome\u0148te nav\u0161t\u00edvit desetim\u00edstnou v\u00ed\u0159ivku. Voda v n\u00ed dosahuje teploty 35\u00b0C. Pobyt v n\u00ed m\u00e1 mimo\u0159\u00e1dn\u011b p\u0159\u00edzniv\u00e9 \u00fa\u010dinky na lidsk\u00fd organismus a uvoln\u011bn\u00ed.<\/p>\n            <\/div>\n<\/div>[vc_empty_space height=&#8221;40px&#8221;][\/vc_column][vc_column width=&#8221;1\/2&#8243; offset=&#8221;vc_col-md-6&#8243;]<div class=\"mkdf-image-with-text-holder   mkdf-image-behavior-zoom\">\n    <div class=\"mkdf-iwt-image\">\n                                    <img loading=\"lazy\" decoding=\"async\" src=\"https:\/\/wellnesspatince.sk\/wp-content\/uploads\/2023\/10\/WH_Patince_Panorama_1920_21-1920x1080.jpg\" alt=\"\" width=\"1920\" height=\"1080\" \/>                        <\/div>\n    <div class=\"mkdf-iwt-text-holder\">\n        \n                    <h5 class=\"mkdf-iwt-title\" >D\u011aTSK\u00dd VNIT\u0158N\u00cd BAZ\u00c9N S TOBOGANEM<\/h5>\n        \n        \n\t\t            <p class=\"mkdf-iwt-text\" >Va\u0161e ratolesti se do sytosti vy\u0159\u00e1d\u00ed v baz\u00e9nku s tobog\u00e1nem s p\u0159\u00edjemn\u011b teplou vodou - 34\u00b0C a hloubkou jen do 70 cm.<\/p>\n            <\/div>\n<\/div>[vc_empty_space height=&#8221;40px&#8221;][\/vc_column][\/vc_row][vc_row content_text_aligment=&#8221;center&#8221; css=&#8221;.vc_custom_1494232305593{padding-top: 80px !important;padding-bottom: 30px !important;}&#8221;][vc_column width=&#8221;1\/2&#8243; offset=&#8221;vc_col-md-6&#8243;]<div class=\"mkdf-image-with-text-holder   mkdf-image-behavior-zoom\">\n    <div class=\"mkdf-iwt-image\">\n                                    <img loading=\"lazy\" decoding=\"async\" width=\"1920\" height=\"1080\" src=\"https:\/\/wellnesspatince.sk\/wp-content\/uploads\/2023\/01\/Wellness_Hotel_Patince_083-1.jpg\" class=\"attachment-full size-full\" alt=\"\" srcset=\"https:\/\/wellnesspatince.sk\/wp-content\/uploads\/2023\/01\/Wellness_Hotel_Patince_083-1.jpg 1920w, https:\/\/wellnesspatince.sk\/wp-content\/uploads\/2023\/01\/Wellness_Hotel_Patince_083-1-300x169.jpg 300w, https:\/\/wellnesspatince.sk\/wp-content\/uploads\/2023\/01\/Wellness_Hotel_Patince_083-1-1024x576.jpg 1024w, https:\/\/wellnesspatince.sk\/wp-content\/uploads\/2023\/01\/Wellness_Hotel_Patince_083-1-768x432.jpg 768w, https:\/\/wellnesspatince.sk\/wp-content\/uploads\/2023\/01\/Wellness_Hotel_Patince_083-1-1536x864.jpg 1536w, https:\/\/wellnesspatince.sk\/wp-content\/uploads\/2023\/01\/Wellness_Hotel_Patince_083-1-1320x743.jpg 1320w, https:\/\/wellnesspatince.sk\/wp-content\/uploads\/2023\/01\/Wellness_Hotel_Patince_083-1-600x338.jpg 600w\" sizes=\"auto, (max-width: 1920px) 100vw, 1920px\" \/>                        <\/div>\n    <div class=\"mkdf-iwt-text-holder\">\n        \n                    <h5 class=\"mkdf-iwt-title\" >\u0158\u00cdMSK\u00c1 BAHENN\u00c1 KOUPEL<\/h5>\n        \n        \n\t\t            <p class=\"mkdf-iwt-text\" >Speci\u00e1ln\u00ed relaxa\u010dn\u00ed koupel najdete p\u0159\u00edmo u term\u00e1ln\u00edho jez\u00edrka. M\u016f\u017eete si v n\u011bm p\u0159\u00edjemn\u011b posed\u011bt a nechat p\u016fsobit term\u00e1ln\u00ed vodu na klouby a svaly, na kter\u00e9 m\u00e1 blahod\u00e1rn\u00e9 \u00fa\u010dinky.<\/p>\n            <\/div>\n<\/div>[vc_empty_space height=&#8221;40px&#8221;][\/vc_column][\/vc_row][vc_row][vc_column][vc_column_text]<\/p>\n<h2><span style=\"color: #04adaa;\"><strong>VN\u011aJ\u0160\u00cd BAZ\u00c9NY<\/strong><\/span><\/h2>\n<p>[\/vc_column_text][vc_column_text css_animation=&#8221;none&#8221;]Venkovn\u00ed baz\u00e9ny jsou otev\u0159eny denn\u011b b\u011bhem letn\u00ed sez\u00f3ny v m\u011bs\u00edc\u00edch \u010dervenec a srpen.<\/p>\n<p><strong>\u00a0<\/strong>[\/vc_column_text][\/vc_column][\/vc_row][vc_row content_text_aligment=&#8221;center&#8221; css=&#8221;.vc_custom_1494232305593{padding-top: 80px !important;padding-bottom: 30px !important;}&#8221;][vc_column width=&#8221;1\/2&#8243; offset=&#8221;vc_col-md-6&#8243;]<div class=\"mkdf-image-with-text-holder   mkdf-image-behavior-zoom\">\n    <div class=\"mkdf-iwt-image\">\n                                    <img loading=\"lazy\" decoding=\"async\" src=\"https:\/\/wellnesspatince.sk\/wp-content\/uploads\/2023\/07\/Wellness_Hotel_Patince_2013_1920px_22-1920x1080.jpg\" alt=\"\" width=\"1920\" height=\"1080\" \/>                        <\/div>\n    <div class=\"mkdf-iwt-text-holder\">\n        \n                    <h5 class=\"mkdf-iwt-title\" >D\u011aTSK\u00dd VN\u011aJ\u0160\u00cd BAZ\u00c9N SE SKLUZAVKOU<\/h5>\n        \n        \n\t\t            <p class=\"mkdf-iwt-text\" >D\u011bti si sv\u00e9 z\u00e1bavy mohou u\u017e\u00edt i ve venkovn\u00edm baz\u00e9nu se skluzavkou a font\u00e1nou. Hloubka vody je pouh\u00fdch 40 cm a jej\u00ed teplota je 30\u00b0C.<\/p>\n            <\/div>\n<\/div>[vc_empty_space height=&#8221;40px&#8221;][\/vc_column][vc_column width=&#8221;1\/2&#8243; offset=&#8221;vc_col-md-6&#8243;]<div class=\"mkdf-image-with-text-holder   mkdf-image-behavior-zoom\">\n    <div class=\"mkdf-iwt-image\">\n                                    <img loading=\"lazy\" decoding=\"async\" src=\"https:\/\/wellnesspatince.sk\/wp-content\/uploads\/2023\/07\/Wellness_Hotel_Patince_2013_1920px_35-1920x1080.jpg\" alt=\"\" width=\"1920\" height=\"1080\" \/>                        <\/div>\n    <div class=\"mkdf-iwt-text-holder\">\n        \n                    <h5 class=\"mkdf-iwt-title\" >VN\u011aJ\u0160\u00cd LETN\u00cd BAZ\u00c9N S TOBOGANEM<\/h5>\n        \n        \n\t\t            <p class=\"mkdf-iwt-text\" >Venkovn\u00ed letn\u00ed baz\u00e9n je specifick\u00fd t\u00edm, \u017ee se v n\u011bm nach\u00e1z\u00ed nejen tobog\u00e1n, ale tak\u00e9 lezeck\u00e1 st\u011bna. Rozloha baz\u00e9nu je v\u00edce ne\u017e 600 m2.<\/p>\n            <\/div>\n<\/div>[vc_empty_space height=&#8221;40px&#8221;][\/vc_column][\/vc_row][vc_row content_text_aligment=&#8221;center&#8221; css=&#8221;.vc_custom_1494232305593{padding-top: 80px !important;padding-bottom: 30px !important;}&#8221;][vc_column width=&#8221;1\/2&#8243; offset=&#8221;vc_col-md-6&#8243;]<div class=\"mkdf-image-with-text-holder   mkdf-image-behavior-zoom\">\n    <div class=\"mkdf-iwt-image\">\n                                    <img loading=\"lazy\" decoding=\"async\" width=\"1920\" height=\"1080\" src=\"https:\/\/wellnesspatince.sk\/wp-content\/uploads\/2023\/02\/Wellness_Hotel_Patince_068-1.jpg\" class=\"attachment-full size-full\" alt=\"\" srcset=\"https:\/\/wellnesspatince.sk\/wp-content\/uploads\/2023\/02\/Wellness_Hotel_Patince_068-1.jpg 1920w, https:\/\/wellnesspatince.sk\/wp-content\/uploads\/2023\/02\/Wellness_Hotel_Patince_068-1-300x169.jpg 300w, https:\/\/wellnesspatince.sk\/wp-content\/uploads\/2023\/02\/Wellness_Hotel_Patince_068-1-1024x576.jpg 1024w, https:\/\/wellnesspatince.sk\/wp-content\/uploads\/2023\/02\/Wellness_Hotel_Patince_068-1-768x432.jpg 768w, https:\/\/wellnesspatince.sk\/wp-content\/uploads\/2023\/02\/Wellness_Hotel_Patince_068-1-1536x864.jpg 1536w, https:\/\/wellnesspatince.sk\/wp-content\/uploads\/2023\/02\/Wellness_Hotel_Patince_068-1-1320x743.jpg 1320w, https:\/\/wellnesspatince.sk\/wp-content\/uploads\/2023\/02\/Wellness_Hotel_Patince_068-1-600x338.jpg 600w\" sizes=\"auto, (max-width: 1920px) 100vw, 1920px\" \/>                        <\/div>\n    <div class=\"mkdf-iwt-text-holder\">\n        \n                    <h5 class=\"mkdf-iwt-title\" >TOBOGANOV\u00dd SV\u011aT<\/h5>\n        \n        \n\t\t            <p class=\"mkdf-iwt-text\" >B\u011bhem l\u00e9ta o z\u00e1bavu v Patinc\u00edch nen\u00ed nouze. U\u017e\u00edt si m\u016f\u017eete jedine\u010dnou atrakci v \u0161irok\u00e9m dalek\u00e9m okol\u00ed! Tobog\u00e1nov\u00fd sv\u011bt o celkov\u00e9 d\u00e9lce 150 m pot\u011b\u0161\u00ed nejednoho milovn\u00edka adrenalinu. V tobog\u00e1nov\u00e9m sv\u011bt\u011b naleznete nejdel\u0161\u00ed Anacondu, nejprud\u0161\u00ed Kamikaze a nej\u0161ir\u0161\u00ed Family-superskluzavka.<\/p>\n            <\/div>\n<\/div>[vc_empty_space height=&#8221;40px&#8221;][\/vc_column][vc_column width=&#8221;1\/2&#8243; offset=&#8221;vc_col-md-6&#8243;]<div class=\"mkdf-image-with-text-holder   mkdf-image-behavior-zoom\">\n    <div class=\"mkdf-iwt-image\">\n                                    <img loading=\"lazy\" decoding=\"async\" src=\"https:\/\/wellnesspatince.sk\/wp-content\/uploads\/2023\/07\/Wellness_Hotel_Patince_2013_1920px_32-1920x1080.jpg\" alt=\"\" width=\"1920\" height=\"1080\" \/>                        <\/div>\n    <div class=\"mkdf-iwt-text-holder\">\n        \n                    <h5 class=\"mkdf-iwt-title\" >REKREA\u010cN\u00cd D\u011aTSK\u00dd BAZ\u00c9N<\/h5>\n        \n        \n\t\t            <p class=\"mkdf-iwt-text\" >Slou\u017e\u00ed pro neplavce, ale zajist\u00ed z\u00e1bavu i pro v\u011bt\u0161\u00ed d\u011bti. Rekrea\u010dn\u00ed d\u011btsk\u00fd baz\u00e9n m\u00e1 teplotu vody od 27 \u2013 28 \u00b0C a rozm\u011bry 18m x 17m. Hloubka vody je od 60 cm do 100 cm.<\/p>\n            <\/div>\n<\/div>[vc_empty_space height=&#8221;40px&#8221;][\/vc_column][\/vc_row][vc_row content_text_aligment=&#8221;center&#8221; css=&#8221;.vc_custom_1494232305593{padding-top: 80px !important;padding-bottom: 30px !important;}&#8221;][vc_column width=&#8221;1\/2&#8243; offset=&#8221;vc_col-md-6&#8243;]<div class=\"mkdf-image-with-text-holder   mkdf-image-behavior-zoom\">\n    <div class=\"mkdf-iwt-image\">\n                                    <img loading=\"lazy\" decoding=\"async\" src=\"https:\/\/wellnesspatince.sk\/wp-content\/uploads\/2024\/07\/Wellness_Hotel_Patince_2013_1920px_00-1920x1080.jpg\" alt=\"\" width=\"1920\" height=\"1080\" \/>                        <\/div>\n    <div class=\"mkdf-iwt-text-holder\">\n        \n                    <h5 class=\"mkdf-iwt-title\" >SPORTOVN\u00cd BAZ\u00c9N<\/h5>\n        \n        \n\t\t            <p class=\"mkdf-iwt-text\" >Pokud jste jen rekrea\u010dn\u00edm plavcem, pr\u00e1v\u011b v tomto baz\u00e9nu si p\u0159ijdete na sv\u00e9. Je m\u00e9n\u011b n\u00e1ro\u010dn\u00fd na d\u00e9lku trati. Hloubka vody je 150 \u2013 160 cm. Rozm\u011bry: 18m x 12m.<\/p>\n            <\/div>\n<\/div>[vc_empty_space height=&#8221;40px&#8221;][\/vc_column][vc_column width=&#8221;1\/2&#8243; offset=&#8221;vc_col-md-6&#8243;]<div class=\"mkdf-image-with-text-holder   mkdf-image-behavior-zoom\">\n    <div class=\"mkdf-iwt-image\">\n                                    <img loading=\"lazy\" decoding=\"async\" src=\"https:\/\/wellnesspatince.sk\/wp-content\/uploads\/2024\/07\/Wellness_Hotel_Patince_2013_1920px_05-1920x1080.jpg\" alt=\"\" width=\"1920\" height=\"1080\" \/>                        <\/div>\n    <div class=\"mkdf-iwt-text-holder\">\n        \n                    <h5 class=\"mkdf-iwt-title\" >ODDECHOV\u00dd BAZ\u00c9N<\/h5>\n        \n        \n\t\t            <p class=\"mkdf-iwt-text\" >Po\u0159\u00e1dnou d\u00e1vku energie na\u010derp\u00e1te odpo\u010dinkem v oddychovem sedac\u00edm baz\u00e9nu. Teplota term\u00e1ln\u00ed vody je 27 \u2013 29 \u00b0C, rozm\u011bry baz\u00e9nu jsou 18m x 16m a hloubka vody 95 cm.<\/p>\n            <\/div>\n<\/div>[vc_empty_space height=&#8221;40px&#8221;][\/vc_column][\/vc_row][vc_row content_text_aligment=&#8221;center&#8221; css=&#8221;.vc_custom_1494232305593{padding-top: 80px !important;padding-bottom: 30px !important;}&#8221;][vc_column width=&#8221;1\/2&#8243; offset=&#8221;vc_col-md-6&#8243;][\/vc_column][vc_column width=&#8221;1\/2&#8243; offset=&#8221;vc_col-md-6&#8243;][\/vc_column][\/vc_row][vc_row row_content_width=&#8221;grid&#8221; content_text_aligment=&#8221;center&#8221; css=&#8221;.vc_custom_1493383119559{padding-top: 120px !important;padding-bottom: 85px !important;}&#8221;][vc_column width=&#8221;1\/2&#8243; offset=&#8221;vc_col-lg-3 vc_col-md-6&#8243;]<div class=\"mkdf-iwt clearfix  mkdf-iwt-icon-top mkdf-iwt-icon-medium mkdf-iwt-has-separator\">\n\t<div class=\"mkdf-iwt-icon\">\n\t\t\t\t\t<a itemprop=\"url\" href=\"https:\/\/wellnesspatince.sk\/cs\/oteviraci-hodiny-a-oznamy\/\" target=\"_blank\">\n\t\t\t\t\t\t\t\t\t    <span class=\"mkdf-icon-shortcode mkdf-normal   mkdf-icon-medium\"  data-hover-color=\"#333132\" data-color=\"#c59d5f\">\n                    <i class=\"mkdf-icon-font-awesome fa fa-clock-o mkdf-icon-element\" style=\"color: #c59d5f;font-size:60px\" ><\/i>            <\/span>\n\t\t\t\t\t\t\t\t<\/a>\n\t\t\t<\/div>\n\t<div class=\"mkdf-iwt-content\" >\n\t\t\t\t\t<h5 class=\"mkdf-iwt-title\" style=\"margin-top:25px\">\n\t\t\t\t\t\t\t\t\t<a itemprop=\"url\" href=\"https:\/\/wellnesspatince.sk\/cs\/oteviraci-hodiny-a-oznamy\/\" target=\"_blank\">\n\t\t\t\t\t\t\t\t<span class=\"mkdf-iwt-title-text\">Otev\u00edrac\u00ed hodiny<\/span>\n\t\t\t\t\t\t\t\t\t<\/a>\n\t\t\t\t\t\t\t\t\t\t\t<\/h5>\n\t\t\t\t\t\t\t<div class=\"mkdf-iwt-separator\" ><\/div>\n\t\t\t\t\t\t\t<p class=\"mkdf-iwt-text\" >Viz otev\u00edrac\u00ed hodiny a provozn\u00ed ozn\u00e1men\u00ed.<\/p>\n\t\t\t\t\t\t\t<a itemprop=\"url\" href=\"https:\/\/wellnesspatince.sk\/cs\/oteviraci-hodiny-a-oznamy\/\" target=\"_blank\" class=\"mkdf-iwt-link-text mkdf-btn mkdf-btn-simple\">\n\t\t\t\t<span class=\"mkdf-btn-text\">V\u00edce informac\u00ed<\/span>\n\t\t\t<\/a>\n\t\t\t<\/div>\n<\/div>[vc_empty_space height=&#8221;50px&#8221;][\/vc_column][vc_column width=&#8221;1\/2&#8243; offset=&#8221;vc_col-lg-3 vc_col-md-6&#8243;]<div class=\"mkdf-iwt clearfix  mkdf-iwt-icon-top mkdf-iwt-icon-medium mkdf-iwt-has-separator\">\n\t<div class=\"mkdf-iwt-icon\">\n\t\t\t\t\t<a itemprop=\"url\" href=\"https:\/\/shop.wellnesspatince.sk\/\" target=\"_blank\">\n\t\t\t\t\t\t\t\t\t    <span class=\"mkdf-icon-shortcode mkdf-normal   mkdf-icon-medium\"  data-hover-color=\"#333132\" data-color=\"#c59d5f\">\n                    <i class=\"mkdf-icon-linea-icon icon-ecommerce-gift mkdf-icon-element\" style=\"color: #c59d5f;font-size:60px\" ><\/i>            <\/span>\n\t\t\t\t\t\t\t\t<\/a>\n\t\t\t<\/div>\n\t<div class=\"mkdf-iwt-content\" >\n\t\t\t\t\t<h5 class=\"mkdf-iwt-title\" style=\"margin-top:25px\">\n\t\t\t\t\t\t\t\t\t<a itemprop=\"url\" href=\"https:\/\/shop.wellnesspatince.sk\/\" target=\"_blank\">\n\t\t\t\t\t\t\t\t<span class=\"mkdf-iwt-title-text\">Eshop - Online n\u00e1kup<\/span>\n\t\t\t\t\t\t\t\t\t<\/a>\n\t\t\t\t\t\t\t\t\t\t\t<\/h5>\n\t\t\t\t\t\t\t<div class=\"mkdf-iwt-separator\" ><\/div>\n\t\t\t\t\t\t\t<p class=\"mkdf-iwt-text\" >D\u00e1rkov\u00e9 vouchery a vstupenky pro extern\u00ed hosty s v\u00fdhodn\u011bj\u0161\u00edmi cenami na na\u0161em eshopu.<\/p>\n\t\t\t\t\t\t\t<a itemprop=\"url\" href=\"https:\/\/shop.wellnesspatince.sk\/\" target=\"_blank\" class=\"mkdf-iwt-link-text mkdf-btn mkdf-btn-simple\">\n\t\t\t\t<span class=\"mkdf-btn-text\">V\u00edce informac\u00ed<\/span>\n\t\t\t<\/a>\n\t\t\t<\/div>\n<\/div>[vc_empty_space height=&#8221;50px&#8221;][\/vc_column][vc_column width=&#8221;1\/2&#8243; offset=&#8221;vc_col-lg-3 vc_col-md-6&#8243;]<div class=\"mkdf-iwt clearfix  mkdf-iwt-icon-top mkdf-iwt-icon-medium mkdf-iwt-has-separator\">\n\t<div class=\"mkdf-iwt-icon\">\n\t\t\t\t\t<a itemprop=\"url\" href=\"https:\/\/wellnesspatince.sk\/cs\/cenik-vstupu\/\" target=\"_blank\">\n\t\t\t\t\t\t\t\t\t    <span class=\"mkdf-icon-shortcode mkdf-normal   mkdf-icon-medium\"  data-hover-color=\"#333132\" data-color=\"#c59d5f\">\n                    <i class=\"mkdf-icon-linea-icon icon-ecommerce-receipt-euro mkdf-icon-element\" style=\"color: #c59d5f;font-size:60px\" ><\/i>            <\/span>\n\t\t\t\t\t\t\t\t<\/a>\n\t\t\t<\/div>\n\t<div class=\"mkdf-iwt-content\" >\n\t\t\t\t\t<h5 class=\"mkdf-iwt-title\" style=\"margin-top:25px\">\n\t\t\t\t\t\t\t\t\t<a itemprop=\"url\" href=\"https:\/\/wellnesspatince.sk\/cs\/cenik-vstupu\/\" target=\"_blank\">\n\t\t\t\t\t\t\t\t<span class=\"mkdf-iwt-title-text\">CEN\u00cdK<\/span>\n\t\t\t\t\t\t\t\t\t<\/a>\n\t\t\t\t\t\t\t\t\t\t\t<\/h5>\n\t\t\t\t\t\t\t<div class=\"mkdf-iwt-separator\" ><\/div>\n\t\t\t\t\t\t\t<p class=\"mkdf-iwt-text\" >Cen\u00edk vstup\u016f do Thermal parku.<\/p>\n\t\t\t\t\t\t\t<a itemprop=\"url\" href=\"https:\/\/wellnesspatince.sk\/cs\/cenik-vstupu\/\" target=\"_blank\" class=\"mkdf-iwt-link-text mkdf-btn mkdf-btn-simple\">\n\t\t\t\t<span class=\"mkdf-btn-text\">V\u00edce informac\u00ed<\/span>\n\t\t\t<\/a>\n\t\t\t<\/div>\n<\/div>[vc_empty_space height=&#8221;50px&#8221;][\/vc_column][vc_column width=&#8221;1\/2&#8243; offset=&#8221;vc_col-lg-3 vc_col-md-6&#8243;]<div class=\"mkdf-iwt clearfix  mkdf-iwt-icon-top mkdf-iwt-icon-medium mkdf-iwt-has-separator\">\n\t<div class=\"mkdf-iwt-icon\">\n\t\t\t\t\t<a itemprop=\"url\" href=\"https:\/\/wellnesspatince.sk\/cs\/kontakt\/\" target=\"_blank\">\n\t\t\t\t\t\t\t\t\t    <span class=\"mkdf-icon-shortcode mkdf-normal   mkdf-icon-medium\"  data-hover-color=\"#333132\" data-color=\"#c59d5f\">\n                    <i class=\"mkdf-icon-linea-icon icon-basic-mail mkdf-icon-element\" style=\"color: #c59d5f;font-size:60px\" ><\/i>            <\/span>\n\t\t\t\t\t\t\t\t<\/a>\n\t\t\t<\/div>\n\t<div class=\"mkdf-iwt-content\" >\n\t\t\t\t\t<h5 class=\"mkdf-iwt-title\" style=\"margin-top:25px\">\n\t\t\t\t\t\t\t\t\t<a itemprop=\"url\" href=\"https:\/\/wellnesspatince.sk\/cs\/kontakt\/\" target=\"_blank\">\n\t\t\t\t\t\t\t\t<span class=\"mkdf-iwt-title-text\">Kontaktn\u00ed \u00fadaje<\/span>\n\t\t\t\t\t\t\t\t\t<\/a>\n\t\t\t\t\t\t\t\t\t\t\t<\/h5>\n\t\t\t\t\t\t\t<div class=\"mkdf-iwt-separator\" ><\/div>\n\t\t\t\t\t\t\t<p class=\"mkdf-iwt-text\" >E-mail : recepcia@wellnesspatince.sk, Tel.\u010d.: +421 918 886 715<\/p>\n\t\t\t\t\t\t\t<a itemprop=\"url\" href=\"https:\/\/wellnesspatince.sk\/cs\/kontakt\/\" target=\"_blank\" class=\"mkdf-iwt-link-text mkdf-btn mkdf-btn-simple\">\n\t\t\t\t<span class=\"mkdf-btn-text\">V\u00edce informac\u00ed<\/span>\n\t\t\t<\/a>\n\t\t\t<\/div>\n<\/div>[vc_empty_space height=&#8221;50px&#8221;][\/vc_column][\/vc_row]<\/p>\n","protected":false},"excerpt":{"rendered":"<p>[vc_row][vc_column][vc_column_text] VNIT\u0158N\u00cd BAZ\u00c9NY [\/vc_column_text][vc_column_text css_animation=&#8221;none&#8221;] Tu pravou pohodu spojenou s regenerac\u00ed naleznete ve \u010dty\u0159ech vnit\u0159n\u00edch baz\u00e9nech v Thermal Parku. Napln\u011bn\u00e9 jsou vodou z vlastn\u00edho term\u00e1ln\u00edho pramene H\u00e9v\u00edz o teplot\u011b 27\u00b0C, kter\u00fd vyv\u011br\u00e1 z hloubky 200m. Term\u00e1ln\u00ed voda se v Patinc\u00edch [&hellip;]<\/p>\n","protected":false},"author":2,"featured_media":0,"parent":0,"menu_order":0,"comment_status":"closed","ping_status":"closed","template":"","meta":{"inline_featured_image":false,"footnotes":"","_wp_rev_ctl_limit":""},"class_list":["post-20568","page","type-page","status-publish","hentry"],"_links":{"self":[{"href":"https:\/\/wellnesspatince.sk\/cs\/wp-json\/wp\/v2\/pages\/20568","targetHints":{"allow":["GET"]}}],"collection":[{"href":"https:\/\/wellnesspatince.sk\/cs\/wp-json\/wp\/v2\/pages"}],"about":[{"href":"https:\/\/wellnesspatince.sk\/cs\/wp-json\/wp\/v2\/types\/page"}],"author":[{"embeddable":true,"href":"https:\/\/wellnesspatince.sk\/cs\/wp-json\/wp\/v2\/users\/2"}],"replies":[{"embeddable":true,"href":"https:\/\/wellnesspatince.sk\/cs\/wp-json\/wp\/v2\/comments?post=20568"}],"version-history":[{"count":16,"href":"https:\/\/wellnesspatince.sk\/cs\/wp-json\/wp\/v2\/pages\/20568\/revisions"}],"predecessor-version":[{"id":26346,"href":"https:\/\/wellnesspatince.sk\/cs\/wp-json\/wp\/v2\/pages\/20568\/revisions\/26346"}],"wp:attachment":[{"href":"https:\/\/wellnesspatince.sk\/cs\/wp-json\/wp\/v2\/media?parent=20568"}],"curies":[{"name":"wp","href":"https:\/\/api.w.org\/{rel}","templated":true}]}}