{"id":15466,"date":"2021-05-06T09:19:11","date_gmt":"2021-05-06T07:19:11","guid":{"rendered":"https:\/\/wellnesspatince.creanet.sk\/pobytove-baliky\/wellness-tyzden\/"},"modified":"2026-03-27T11:23:25","modified_gmt":"2026-03-27T10:23:25","slug":"letni-pobyt","status":"publish","type":"page","link":"https:\/\/wellnesspatince.sk\/cs\/pobytove-balicky\/letni-pobyt\/","title":{"rendered":"FIRST MINUTE LETN\u00cd POBYT \u2013 4 NOCI ZA CENU 3 NOC\u00cd"},"content":{"rendered":"<p>[vc_row row_content_width=&#8221;grid&#8221; css=&#8221;.vc_custom_1494578109812{padding-top: 110px !important;padding-bottom: 75px !important;}&#8221;][vc_column]<div class=\"mkdf-section-title-holder  mkdf-st-elegant  mkdf-st-title-left mkdf-st-normal-space \" >\n\t<div class=\"mkdf-st-inner\">\n\t\t\t\t\t<h6 class=\"mkdf-st-subtitle\" >\n\t\t\t\tRezervujte si u\u017e te\u010f first minute pobyt za nejv\u00fdhodn\u011bj\u0161\u00ed cenu a u\u0161et\u0159ete a\u017e 25 %.\t\t\t<\/h6>\n\t\t\t\t\t\t\t<h2 class=\"mkdf-st-title\" style=\"font-weight: 500;color: #04adaa\">\n\t\t\t\tLETN\u00cd FIRST MINUTE POBYT \u2013 4 noci za cenu 3 noc\u00ed\t\t\t\t\t\t\t\t\t<span class=\"mkdf-st-e-separator\" ><\/span>\n\t\t\t\t\t\t\t<\/h2>\n\t\t\t\t\t\t\t\t\t<span class=\"mkdf-st-text\" style=\"line-height:30px;margin-top:15px\">\n\t\t\t\tNapl\u00e1nujte si letn\u00ed dovolenou ve Wellness Hotelu Patince s p\u0159edstihem a dop\u0159ejte si v\u00edce odpo\u010dinku za v\u00fdhodn\u011bj\u0161\u00ed cenu. V r\u00e1mci akce First Minute v\u00e1m p\u0159i rezervaci pobytu na 3 noci p\u0159id\u00e1me 1 noc nav\u00edc bez doplatku. Nab\u00eddka plat\u00ed na pobyty v term\u00ednu od 29. 6. do 31. 8. 2026 p\u0159i rezervaci do 30. 4. 2026. Dop\u0159ejte si a\u017e 4 dny relaxace za cenu t\u0159\u00ed a u\u017eijte si l\u00e9to naplno.<br \/>\n\u010cek\u00e1 v\u00e1s odpo\u010dinek v osmi baz\u00e9nech, vodn\u00ed atrakce, tobog\u00e1ny, ka\u017edodenn\u00ed anima\u010dn\u00ed programy i tematick\u00e9 v\u00edkendy. Rodiny pot\u011b\u0161\u00ed tak\u00e9 ubytov\u00e1n\u00ed d\u011bt\u00ed do 6 let zdarma. Sou\u010d\u00e1st\u00ed letn\u00ed atmosf\u00e9ry jsou vyhl\u00eddkov\u00e9 plavby po Dunaji, celodenn\u00ed anima\u010dn\u00ed aktivity a v\u00edkendov\u00e9 programy, d\u00edky nim\u017e se dovolen\u00e1 prom\u011bn\u00ed v nezapomenuteln\u00fd z\u00e1\u017eitek.\t\t\t<\/span>\n\t\t\t<\/div>\n<\/div>[vc_separator][vc_empty_space height=&#8221;20px&#8221;]<div class=\"mkdf-image-gallery  mkdf-ig-grid-type  mkdf-image-behavior-zoom \">\n\t<div class=\"mkdf-ig-inner mkdf-ig-grid mkdf-ig-four-columns mkdf-ig-small-space\">\n\t\t\t\t\t<div class=\"mkdf-ig-image\">\n\t\t\t\t<div class=\"mkdf-ig-image-inner\">\n\t\t\t\t\t\t\t\t\t\t\t<img loading=\"lazy\" decoding=\"async\" src=\"https:\/\/wellnesspatince.sk\/wp-content\/uploads\/2023\/02\/Wellness_Hotel_Patince_043-1-1920x1080.jpg\" alt=\"\" width=\"1920\" height=\"1080\" \/>\t\t\t\t\t\t\t\t\t<\/div>\n\t\t\t<\/div>\n\t\t\t\t\t<div class=\"mkdf-ig-image\">\n\t\t\t\t<div class=\"mkdf-ig-image-inner\">\n\t\t\t\t\t\t\t\t\t\t\t<img loading=\"lazy\" decoding=\"async\" src=\"https:\/\/wellnesspatince.sk\/wp-content\/uploads\/2023\/10\/WH_Patince_Panorama_1920_26-1920x1080.jpg\" alt=\"\" width=\"1920\" height=\"1080\" \/>\t\t\t\t\t\t\t\t\t<\/div>\n\t\t\t<\/div>\n\t\t\t\t\t<div class=\"mkdf-ig-image\">\n\t\t\t\t<div class=\"mkdf-ig-image-inner\">\n\t\t\t\t\t\t\t\t\t\t\t<img loading=\"lazy\" decoding=\"async\" src=\"https:\/\/wellnesspatince.sk\/wp-content\/uploads\/2023\/10\/Wellness_Hotel_Patince_Vodne_bicykle_WEB_00-1920x1080.jpg\" alt=\"\" width=\"1920\" height=\"1080\" \/>\t\t\t\t\t\t\t\t\t<\/div>\n\t\t\t<\/div>\n\t\t\t\t\t<div class=\"mkdf-ig-image\">\n\t\t\t\t<div class=\"mkdf-ig-image-inner\">\n\t\t\t\t\t\t\t\t\t\t\t<img loading=\"lazy\" decoding=\"async\" src=\"https:\/\/wellnesspatince.sk\/wp-content\/uploads\/2023\/07\/Wellness_Hotel_Patince_2013_1920px_32-1920x1080.jpg\" alt=\"\" width=\"1920\" height=\"1080\" \/>\t\t\t\t\t\t\t\t\t<\/div>\n\t\t\t<\/div>\n\t\t\t<\/div>\n<\/div><div class=\"mkdf-section-title-holder  mkdf-st-elegant  mkdf-st-title-left mkdf-st-normal-space \" >\n\t<div class=\"mkdf-st-inner\">\n\t\t\t\t\t<h6 class=\"mkdf-st-subtitle\" style=\"margin-bottom:2px\">\n\t\t\t\tPobyt zahrnuje:\t\t\t<\/h6>\n\t\t\t\t\t\t\t\t\t\t\t<span class=\"mkdf-st-text\" style=\"line-height:30px;margin-top:15px\">\n\t\t\t\t\u2022 Ubytov\u00e1n\u00ed v pokoj\u00edch nebo apartm\u00e1nech<br \/>\n\u2022 Polopenze - sn\u00eddan\u011b a ve\u010de\u0159e formou bufetu (bez n\u00e1poj\u016f)<br \/>\n\u2022Neomezen\u00fd vstup do term\u00e1ln\u00edho parku : vnit\u0159n\u00ed term\u00e1ln\u00ed baz\u00e9ny: velk\u00fd relaxa\u010dn\u00ed baz\u00e9n, relaxa\u010dn\u00ed baz\u00e9n, v\u00ed\u0159ivka, d\u011btsk\u00fd baz\u00e9n se skluzavkou, venkovn\u00ed baz\u00e9ny (v letn\u00ed sez\u00f3n\u011b) venkovn\u00ed baz\u00e9n s tobog\u00e1nem a atrakcemi, d\u011btsk\u00fd baz\u00e9n,<br \/>\n\u2022 Neomezen\u00fd vstup na letn\u00ed term\u00e1ln\u00ed koupali\u0161t\u011b Patince: sedac\u00ed baz\u00e9n, rekrea\u010dn\u00ed baz\u00e9n, sportovn\u00ed baz\u00e9n, tobog\u00e1ny, d\u011btsk\u00e1 h\u0159i\u0161t\u011b a sportovi\u0161t\u011b.<br \/>\n\u2022 Neomezen\u00fd vstup do Wellness centra: finsk\u00e1, \u0161v\u00e9dsk\u00e1, bylinkov\u00e1, parn\u00ed sauna, infrasauna, whirlpool, ochlazovac\u00ed baz\u00e9n, ledov\u00e1 relaxa\u010dn\u00ed a odpo\u010dinkov\u00e1 m\u00edstnost.<br \/>\n\u2022 Celodenn\u00ed anima\u010dn\u00ed programy pro d\u011bti i dosp\u011bl\u00e9 ka\u017ed\u00fd den od 29. 6. do 31. 8. 2026<br \/>\n\u2022 Letn\u00ed programy ka\u017ed\u00fd v\u00edkend od 29. 6. do 31. 8. 2026 \u2013 poh\u00e1dkov\u00e9 d\u011btsk\u00e9 programy, koncerty, d\u011btsk\u00e1 vystoupen\u00ed<br \/>\n\u2022 Neomezen\u00fd vstup do Fitness centra<br \/>\n\u2022 Bezplatn\u00e9 Wi-Fi p\u0159ipojen\u00ed<br \/>\n\u2022 Bezplatn\u00e9 parkovi\u0161t\u011b\t\t\t<\/span>\n\t\t\t<\/div>\n<\/div>[vc_separator]<div class=\"mkdf-section-title-holder  mkdf-st-elegant  mkdf-st-title-left mkdf-st-normal-space \" >\n\t<div class=\"mkdf-st-inner\">\n\t\t\t\t\t<h6 class=\"mkdf-st-subtitle\" style=\"margin-bottom:2px\">\n\t\t\t\tLetn\u00ed aktivity:\t\t\t<\/h6>\n\t\t\t\t\t\t\t\t\t\t\t<span class=\"mkdf-st-text\" style=\"line-height:30px;margin-top:15px\">\n\t\t\t\t\u2022 Celodenn\u00ed Anima\u010dn\u00ed programy a aktivity, d\u011btsk\u00e9 koutky<br \/>\n\u2022 Ka\u017edou sobotu poh\u00e1dkov\u00e9 programy pro rodiny s d\u011btmi<br \/>\n\u2022 Ka\u017edou ned\u011bli p\u011bnov\u00e1 show<br \/>\n\u2022 Vyhl\u00eddkov\u00e9 plavby po Dunaji - pond\u011bl\u00ed, st\u0159eda a sobota (za p\u0159\u00edplatek)<br \/>\n\u2022 Vstup do Term\u00e1ln\u00edho parku a Letn\u00edho koupali\u0161t\u011b Patince zdarma v den odjezdu\t\t\t<\/span>\n\t\t\t<\/div>\n<\/div><div class=\"mkdf-image-gallery  mkdf-ig-masonry-type  mkdf-image-behavior-lightbox \">\n\t<div class=\"mkdf-ig-inner mkdf-ig-masonry mkdf-ig-two-columns mkdf-ig-small-space\">\n\t\t<div class=\"mkdf-ig-grid-sizer\"><\/div>\n\t\t<div class=\"mkdf-ig-grid-gutter\"><\/div>\n\t\t\t<\/div>\n<\/div>[vc_separator]<div class=\"mkdf-section-title-holder  mkdf-st-elegant  mkdf-st-title-left mkdf-st-normal-space \" >\n\t<div class=\"mkdf-st-inner\">\n\t\t\t\t\t<h6 class=\"mkdf-st-subtitle\" style=\"margin-bottom:2px\">\n\t\t\t\tPodmienky a cenov\u00e1 kalkul\u00e1cia:\t\t\t<\/h6>\n\t\t\t\t\t\t\t\t\t\t\t<span class=\"mkdf-st-text\" style=\"line-height:30px;margin-top:15px\">\n\t\t\t\t*Akce plat\u00ed p\u0159i rezervaci prost\u0159ednictv\u00edm recepce nebo p\u0159es n\u00e1\u0161 online booking \u2013 rezerva\u010dn\u00ed syst\u00e9m na pobyty v term\u00ednu od 29. 6. do 31. 8. 2026 p\u0159i rezervaci do 30. 4. 2026. Rezervujte si pobyt 3+1 noc zdarma. Ubytov\u00e1n\u00ed v nadstandardn\u00edch pokoj\u00edch za p\u0159\u00edplatek.<br \/>\n\u2022 V r\u00e1mci pobytov\u00e9ho bal\u00ed\u010dku nav\u00edc z\u00edsk\u00e1te mo\u017enost vstupu do Thermal parku a na Letn\u00ed koupali\u0161t\u011b v den odjezdu po cel\u00fd den. Kontaktujte n\u00e1s e-mailem na rezervacie@wellnesspatince.sk<br \/>\n\u2022 V na\u0161em hotelu pou\u017e\u00edv\u00e1me flexibiln\u00ed ceny \u2013 \u010d\u00edm d\u0159\u00edve si pobyt rezervujete, t\u00edm v\u00edce u\u0161et\u0159\u00edte. D\u011bti do 6 let zdarma bez n\u00e1roku na l\u016f\u017eko.<br \/>\n\u2022 P\u0159ist\u00fdlka \u2013 cena p\u0159ist\u00fdlky je 50 \u20ac \/ noc. M\u00edstn\u00ed poplatek 1 \u20ac \/ noc \/ dosp\u011bl\u00e1 osoba.\t\t\t<\/span>\n\t\t\t<\/div>\n<\/div>[vc_separator][\/vc_column][\/vc_row][vc_row row_content_width=&#8221;grid&#8221; css=&#8221;.vc_custom_1494246094601{padding-top: 20px !important;padding-bottom: 50px !important;}&#8221;][vc_column offset=&#8221;vc_col-lg-4 vc_col-md-12&#8243;]<div class=\"mkdf-iwt clearfix  mkdf-iwt-icon-left mkdf-iwt-icon-tiny mkdf-iwt-has-separator\">\n\t<div class=\"mkdf-iwt-icon\">\n\t\t\t\t\t<a itemprop=\"url\" href=\"https:\/\/wellnesspatince.sk\/cs\/informace\/\" target=\"_blank\">\n\t\t\t\t\t\t\t\t\t    <span class=\"mkdf-icon-shortcode mkdf-circle   mkdf-icon-tiny\" style=\"background-color: #333132\" data-hover-background-color=\"#c59d5f\">\n                    <i class=\"mkdf-icon-font-awesome fa fa-info mkdf-icon-element\" style=\"\" ><\/i>            <\/span>\n\t\t\t\t\t\t\t\t<\/a>\n\t\t\t<\/div>\n\t<div class=\"mkdf-iwt-content\" style=\"padding: 0px 50px 0 16px\">\n\t\t\t\t\t<h5 class=\"mkdf-iwt-title\" style=\"margin-top:12px\">\n\t\t\t\t\t\t\t\t\t<a itemprop=\"url\" href=\"https:\/\/wellnesspatince.sk\/cs\/informace\/\" target=\"_blank\">\n\t\t\t\t\t\t\t\t<span class=\"mkdf-iwt-title-text\">INFORMACE K POBYTU<\/span>\n\t\t\t\t\t\t\t\t\t<\/a>\n\t\t\t\t\t\t\t\t\t\t\t\t\t<span class=\"mkdf-iwt-small-separator\" ><\/span>\n\t\t\t\t\t\t\t<\/h5>\n\t\t\t\t\t\t\t\t\t<p class=\"mkdf-iwt-text\" >Nejd\u016fle\u017eit\u011bj\u0161\u00ed informace k pobytu v na\u0161em hotelu.<\/p>\n\t\t\t\t\t\t\t<a itemprop=\"url\" href=\"https:\/\/wellnesspatince.sk\/cs\/informace\/\" target=\"_blank\" class=\"mkdf-iwt-link-text mkdf-btn mkdf-btn-simple\">\n\t\t\t\t<span class=\"mkdf-btn-text\">V\u00edce informac\u00ed<\/span>\n\t\t\t<\/a>\n\t\t\t<\/div>\n<\/div>[\/vc_column][vc_column offset=&#8221;vc_col-lg-4 vc_col-md-12&#8243;]<div class=\"mkdf-iwt clearfix  mkdf-iwt-icon-left mkdf-iwt-icon-tiny mkdf-iwt-has-separator\">\n\t<div class=\"mkdf-iwt-icon\">\n\t\t\t\t\t<a itemprop=\"url\" href=\"https:\/\/rezervacie.wellnesspatince.sk\/cs\/\" target=\"_blank\">\n\t\t\t\t\t\t\t\t\t    <span class=\"mkdf-icon-shortcode mkdf-circle   mkdf-icon-tiny\" style=\"background-color: #333132\" data-hover-background-color=\"#c59d5f\">\n                    <i class=\"mkdf-icon-linear-icon lnr lnr-phone mkdf-icon-element\" style=\"\" ><\/i>            <\/span>\n\t\t\t\t\t\t\t\t<\/a>\n\t\t\t<\/div>\n\t<div class=\"mkdf-iwt-content\" style=\"padding: 0px 50px 0 16px\">\n\t\t\t\t\t<h5 class=\"mkdf-iwt-title\" style=\"margin-top:12px\">\n\t\t\t\t\t\t\t\t\t<a itemprop=\"url\" href=\"https:\/\/rezervacie.wellnesspatince.sk\/cs\/\" target=\"_blank\">\n\t\t\t\t\t\t\t\t<span class=\"mkdf-iwt-title-text\">Rezervace pobytu<\/span>\n\t\t\t\t\t\t\t\t\t<\/a>\n\t\t\t\t\t\t\t\t\t\t\t\t\t<span class=\"mkdf-iwt-small-separator\" ><\/span>\n\t\t\t\t\t\t\t<\/h5>\n\t\t\t\t\t\t\t\t\t<p class=\"mkdf-iwt-text\" >Email : rezervacie@wellnesspatince.sk Rezervace : +421 917 654 875<\/p>\n\t\t\t\t\t\t\t<a itemprop=\"url\" href=\"https:\/\/rezervacie.wellnesspatince.sk\/cs\/\" target=\"_blank\" class=\"mkdf-iwt-link-text mkdf-btn mkdf-btn-simple\">\n\t\t\t\t<span class=\"mkdf-btn-text\">Online rezervace zde<\/span>\n\t\t\t<\/a>\n\t\t\t<\/div>\n<\/div>[\/vc_column][vc_column offset=&#8221;vc_col-lg-4 vc_col-md-12&#8243;]<div class=\"mkdf-iwt clearfix  mkdf-iwt-icon-left mkdf-iwt-icon-tiny mkdf-iwt-has-separator\">\n\t<div class=\"mkdf-iwt-icon\">\n\t\t\t\t\t\t\t\t\t    <span class=\"mkdf-icon-shortcode mkdf-circle   mkdf-icon-tiny\" style=\"background-color: #333132\" data-hover-background-color=\"#c59d5f\">\n                    <i class=\"mkdf-icon-font-awesome fa fa-calendar mkdf-icon-element\" style=\"\" ><\/i>            <\/span>\n\t\t\t\t\t\t<\/div>\n\t<div class=\"mkdf-iwt-content\" style=\"padding: 0 50px 0 16px\">\n\t\t\t\t\t<h5 class=\"mkdf-iwt-title\" style=\"margin-top:12px\">\n\t\t\t\t\t\t\t\t<span class=\"mkdf-iwt-title-text\">Platnost pobytu<\/span>\n\t\t\t\t\t\t\t\t\t\t\t\t\t<span class=\"mkdf-iwt-small-separator\" ><\/span>\n\t\t\t\t\t\t\t<\/h5>\n\t\t\t\t\t\t\t\t\t<p class=\"mkdf-iwt-text\" >Akce plat\u00ed na pobyty v term\u00ednu od 29. 6. do 31. 8. 2026 p\u0159i rezervaci do 30. 4. 2026.<\/p>\n\t\t\t\t\t<\/div>\n<\/div>[\/vc_column][\/vc_row][vc_row row_content_width=&#8221;grid&#8221; simple_background_color=&#8221;#04adaa&#8221; css=&#8221;.vc_custom_1676018120294{padding-top: 70px !important;padding-bottom: 70px !important;background-color: #04adaa !important;}&#8221;][vc_column]<div class=\"mkdf-call-to-action-holder  mkdf-normal-layout  mkdf-three-quarters-columns\">\n\t<div class=\"mkdf-cta-inner \">\n\t\t<div class=\"mkdf-cta-text-holder\">\n\t\t\t<div class=\"mkdf-cta-text\"><em><span style=\"color: #ffffff;\">Rezervujte online<\/span><\/em><\/p>\n<h3><span style=\"color: #ffffff;\">ONLINE REZERVACE<\/span><\/h3>\n<\/div>\n\t\t<\/div>\n\t\t<div class=\"mkdf-cta-button-holder\" >\n\t\t\t<div class=\"mkdf-cta-button\"><a itemprop=\"url\" href=\"https:\/\/rezervacie.wellnesspatince.sk\/\" target=\"_blank\"  class=\"mkdf-btn mkdf-btn-medium mkdf-btn-solid mkdf-btn-custom-hover-bg mkdf-btn-custom-hover-color mkdf-btn-icon\" data-hover-color=\"#333132\" data-hover-bg-color=\"#ffffff\" >    <span class=\"mkdf-btn-text\">Rezervace zde<\/span>    <i class=\"mkdf-icon-linear-icon lnr lnr-arrow-right \" ><\/i><\/a><\/div>\n\t\t<\/div>\n\t<\/div>\n<\/div>[\/vc_column][\/vc_row]<\/p>\n","protected":false},"excerpt":{"rendered":"<p>[vc_row row_content_width=&#8221;grid&#8221; css=&#8221;.vc_custom_1494578109812{padding-top: 110px !important;padding-bottom: 75px !important;}&#8221;][vc_column][vc_separator][vc_empty_space height=&#8221;20px&#8221;][vc_separator][vc_separator][vc_separator][\/vc_column][\/vc_row][vc_row row_content_width=&#8221;grid&#8221; css=&#8221;.vc_custom_1494246094601{padding-top: 20px !important;padding-bottom: 50px !important;}&#8221;][vc_column offset=&#8221;vc_col-lg-4 vc_col-md-12&#8243;][\/vc_column][vc_column offset=&#8221;vc_col-lg-4 vc_col-md-12&#8243;][\/vc_column][vc_column offset=&#8221;vc_col-lg-4 vc_col-md-12&#8243;][\/vc_column][\/vc_row][vc_row row_content_width=&#8221;grid&#8221; simple_background_color=&#8221;#04adaa&#8221; css=&#8221;.vc_custom_1676018120294{padding-top: 70px !important;padding-bottom: 70px !important;background-color: #04adaa !important;}&#8221;][vc_column][\/vc_column][\/vc_row]<\/p>\n","protected":false},"author":8,"featured_media":0,"parent":14892,"menu_order":0,"comment_status":"closed","ping_status":"closed","template":"full-width.php","meta":{"inline_featured_image":false,"footnotes":"","_wp_rev_ctl_limit":""},"class_list":["post-15466","page","type-page","status-publish","hentry"],"_links":{"self":[{"href":"https:\/\/wellnesspatince.sk\/cs\/wp-json\/wp\/v2\/pages\/15466","targetHints":{"allow":["GET"]}}],"collection":[{"href":"https:\/\/wellnesspatince.sk\/cs\/wp-json\/wp\/v2\/pages"}],"about":[{"href":"https:\/\/wellnesspatince.sk\/cs\/wp-json\/wp\/v2\/types\/page"}],"author":[{"embeddable":true,"href":"https:\/\/wellnesspatince.sk\/cs\/wp-json\/wp\/v2\/users\/8"}],"replies":[{"embeddable":true,"href":"https:\/\/wellnesspatince.sk\/cs\/wp-json\/wp\/v2\/comments?post=15466"}],"version-history":[{"count":63,"href":"https:\/\/wellnesspatince.sk\/cs\/wp-json\/wp\/v2\/pages\/15466\/revisions"}],"predecessor-version":[{"id":27219,"href":"https:\/\/wellnesspatince.sk\/cs\/wp-json\/wp\/v2\/pages\/15466\/revisions\/27219"}],"up":[{"embeddable":true,"href":"https:\/\/wellnesspatince.sk\/cs\/wp-json\/wp\/v2\/pages\/14892"}],"wp:attachment":[{"href":"https:\/\/wellnesspatince.sk\/cs\/wp-json\/wp\/v2\/media?parent=15466"}],"curies":[{"name":"wp","href":"https:\/\/api.w.org\/{rel}","templated":true}]}}