{"id":15177,"date":"2021-02-09T09:42:16","date_gmt":"2021-02-09T08:42:16","guid":{"rendered":"https:\/\/wellnesspatince.creanet.sk\/recenzie\/"},"modified":"2021-07-07T08:48:56","modified_gmt":"2021-07-07T06:48:56","slug":"recenze","status":"publish","type":"page","link":"https:\/\/wellnesspatince.sk\/cs\/recenze\/","title":{"rendered":"Recenze"},"content":{"rendered":"<p>[vc_row row_content_width=&#8221;grid&#8221; css=&#8221;.vc_custom_1493382952066{padding-top: 120px !important;padding-bottom: 120px !important;}&#8221;][vc_column]<div class=\"mkdf-testimonials-holder  mkdf-testimonials-standard mkdf-testimonials-pagination-dark clearfix\"><div class=\"mkdf-testimonials mkdf-owl-slider\" data-number-of-items=\"3\" data-enable-loop=\"yes\" data-enable-autoplay=\"yes\" data-slider-speed=\"5000\" data-slider-speed-animation=\"600\" data-slider-margin=\"30\" data-enable-navigation=\"yes\" data-enable-pagination=\"yes\"><div class=\"mkdf-testimonial-content\" id=\"mkdf-testimonials-15175\">\n\t\t\t<div class=\"mkdf-testimonial-image\">\n\t\t\t<img loading=\"lazy\" decoding=\"async\" width=\"85\" height=\"85\" src=\"https:\/\/wellnesspatince.sk\/wp-content\/uploads\/2017\/04\/h2-testimonials-img-2.png\" class=\"attachment-200x200 size-200x200 wp-post-image\" alt=\"a\" \/>\t\t<\/div>\n\t    <div class=\"mkdf-testimonial-text-holder\">\n\t                        <p class=\"mkdf-testimonial-text\">Ide\u00e1ln\u00ed hotel pro rodiny s d\u011btmi, mil\u00fd person\u00e1l, vynikaj\u00edc\u00ed strava a bezkonkuren\u010dn\u00ed wellness slu\u017eby. U\u017eili jsme si v\u00ed\u0159ivku s v\u00fdhledem na \u0161t\u00edty Vysok\u00fdch Tater a kr\u00e1sn\u00fd potok.<\/p>\n        \t        <\/div>\n<\/div><div class=\"mkdf-testimonial-content\" id=\"mkdf-testimonials-15414\">\n\t\t\t<div class=\"mkdf-testimonial-image\">\n\t\t\t<img loading=\"lazy\" decoding=\"async\" width=\"200\" height=\"200\" src=\"https:\/\/wellnesspatince.sk\/wp-content\/uploads\/2017\/04\/main-home-testimonials-2.png\" class=\"attachment-200x200 size-200x200 wp-post-image\" alt=\"\" srcset=\"https:\/\/wellnesspatince.sk\/wp-content\/uploads\/2017\/04\/main-home-testimonials-2.png 200w, https:\/\/wellnesspatince.sk\/wp-content\/uploads\/2017\/04\/main-home-testimonials-2-100x100.png 100w, https:\/\/wellnesspatince.sk\/wp-content\/uploads\/2017\/04\/main-home-testimonials-2-150x150.png 150w\" sizes=\"auto, (max-width: 200px) 100vw, 200px\" \/>\t\t<\/div>\n\t    <div class=\"mkdf-testimonial-text-holder\">\n\t                        <p class=\"mkdf-testimonial-text\">Maxim\u00e1ln\u00ed spokojenost !!! V\u0161em v\u0159ele doporu\u010duji nav\u0161t\u00edvit tento hotel, kter\u00fd se nach\u00e1z\u00ed v kr\u00e1sn\u00e9 p\u0159\u00edrod\u011b. \u0160irok\u00e1 nab\u00eddka wellness slu\u017eeb, n\u00e1dhern\u00fd hotel a velmi mnoho mo\u017enost\u00ed pro d\u011bti.<\/p>\n        \t        <\/div>\n<\/div><div class=\"mkdf-testimonial-content\" id=\"mkdf-testimonials-15416\">\n\t\t\t<div class=\"mkdf-testimonial-image\">\n\t\t\t<img loading=\"lazy\" decoding=\"async\" width=\"200\" height=\"200\" src=\"https:\/\/wellnesspatince.sk\/wp-content\/uploads\/2017\/04\/main-home-testimonials-1.png\" class=\"attachment-200x200 size-200x200 wp-post-image\" alt=\"d\" srcset=\"https:\/\/wellnesspatince.sk\/wp-content\/uploads\/2017\/04\/main-home-testimonials-1.png 200w, https:\/\/wellnesspatince.sk\/wp-content\/uploads\/2017\/04\/main-home-testimonials-1-100x100.png 100w, https:\/\/wellnesspatince.sk\/wp-content\/uploads\/2017\/04\/main-home-testimonials-1-150x150.png 150w\" sizes=\"auto, (max-width: 200px) 100vw, 200px\" \/>\t\t<\/div>\n\t    <div class=\"mkdf-testimonial-text-holder\">\n\t                        <p class=\"mkdf-testimonial-text\">Hotel je situov\u00e1n v kr\u00e1sn\u00e9m a tich\u00e9m prost\u0159ed\u00ed. Zcela nov\u00fd hotel n\u00e1s p\u0159\u00edjemn\u011b okouzlil a p\u0159ekvapil. Pokoje byly prostorn\u00e9 a velmi vkusn\u011b za\u0159\u00edzen\u00e9, \u010dist\u00e9 i v\u010detn\u011b koupelny. Wellness centrum je opravdu v\u00fdjime\u010dn\u00e9.<\/p>\n        \t        <\/div>\n<\/div><div class=\"mkdf-testimonial-content\" id=\"mkdf-testimonials-15418\">\n\t\t\t<div class=\"mkdf-testimonial-image\">\n\t\t\t<img loading=\"lazy\" decoding=\"async\" width=\"180\" height=\"180\" src=\"https:\/\/wellnesspatince.sk\/wp-content\/uploads\/2017\/05\/cintact-us-2-img-1.jpg\" class=\"attachment-200x200 size-200x200 wp-post-image\" alt=\"i\" srcset=\"https:\/\/wellnesspatince.sk\/wp-content\/uploads\/2017\/05\/cintact-us-2-img-1.jpg 180w, https:\/\/wellnesspatince.sk\/wp-content\/uploads\/2017\/05\/cintact-us-2-img-1-100x100.jpg 100w, https:\/\/wellnesspatince.sk\/wp-content\/uploads\/2017\/05\/cintact-us-2-img-1-150x150.jpg 150w\" sizes=\"auto, (max-width: 180px) 100vw, 180px\" \/>\t\t<\/div>\n\t    <div class=\"mkdf-testimonial-text-holder\">\n\t                        <p class=\"mkdf-testimonial-text\">V\u0161e bylo neskute\u010dn\u011b perfektn\u00ed. Ur\u010dit\u011b se vr\u00e1t\u00edme.<\/p>\n        \t        <\/div>\n<\/div><div class=\"mkdf-testimonial-content\" id=\"mkdf-testimonials-15420\">\n\t\t\t<div class=\"mkdf-testimonial-image\">\n\t\t\t<img loading=\"lazy\" decoding=\"async\" width=\"200\" height=\"200\" src=\"https:\/\/wellnesspatince.sk\/wp-content\/uploads\/2017\/03\/Team-img-1-300x300.jpg\" class=\"attachment-200x200 size-200x200 wp-post-image\" alt=\"a\" srcset=\"https:\/\/wellnesspatince.sk\/wp-content\/uploads\/2017\/03\/Team-img-1-300x300.jpg 300w, https:\/\/wellnesspatince.sk\/wp-content\/uploads\/2017\/03\/Team-img-1-100x100.jpg 100w, https:\/\/wellnesspatince.sk\/wp-content\/uploads\/2017\/03\/Team-img-1-150x150.jpg 150w, https:\/\/wellnesspatince.sk\/wp-content\/uploads\/2017\/03\/Team-img-1-550x550.jpg 550w, https:\/\/wellnesspatince.sk\/wp-content\/uploads\/2017\/03\/Team-img-1.jpg 600w\" sizes=\"auto, (max-width: 200px) 100vw, 200px\" \/>\t\t<\/div>\n\t    <div class=\"mkdf-testimonial-text-holder\">\n\t                        <p class=\"mkdf-testimonial-text\">Mil\u00fd person\u00e1l, \u010distota, chutn\u00e9 a pestr\u00e9 j\u00eddlo. Velk\u00e1 spokojenost.<\/p>\n        \t        <\/div>\n<\/div><\/div><\/div>[\/vc_column][\/vc_row]<\/p>\n","protected":false},"excerpt":{"rendered":"<p>[vc_row row_content_width=&#8221;grid&#8221; css=&#8221;.vc_custom_1493382952066{padding-top: 120px !important;padding-bottom: 120px !important;}&#8221;][vc_column][\/vc_column][\/vc_row]<\/p>\n","protected":false},"author":8,"featured_media":0,"parent":0,"menu_order":0,"comment_status":"closed","ping_status":"closed","template":"full-width.php","meta":{"inline_featured_image":false,"footnotes":"","_wp_rev_ctl_limit":""},"class_list":["post-15177","page","type-page","status-publish","hentry"],"_links":{"self":[{"href":"https:\/\/wellnesspatince.sk\/cs\/wp-json\/wp\/v2\/pages\/15177","targetHints":{"allow":["GET"]}}],"collection":[{"href":"https:\/\/wellnesspatince.sk\/cs\/wp-json\/wp\/v2\/pages"}],"about":[{"href":"https:\/\/wellnesspatince.sk\/cs\/wp-json\/wp\/v2\/types\/page"}],"author":[{"embeddable":true,"href":"https:\/\/wellnesspatince.sk\/cs\/wp-json\/wp\/v2\/users\/8"}],"replies":[{"embeddable":true,"href":"https:\/\/wellnesspatince.sk\/cs\/wp-json\/wp\/v2\/comments?post=15177"}],"version-history":[{"count":6,"href":"https:\/\/wellnesspatince.sk\/cs\/wp-json\/wp\/v2\/pages\/15177\/revisions"}],"predecessor-version":[{"id":15558,"href":"https:\/\/wellnesspatince.sk\/cs\/wp-json\/wp\/v2\/pages\/15177\/revisions\/15558"}],"wp:attachment":[{"href":"https:\/\/wellnesspatince.sk\/cs\/wp-json\/wp\/v2\/media?parent=15177"}],"curies":[{"name":"wp","href":"https:\/\/api.w.org\/{rel}","templated":true}]}}