{"id":15167,"date":"2021-02-09T10:25:49","date_gmt":"2021-02-09T09:25:49","guid":{"rendered":"https:\/\/wellnesspatince.creanet.sk\/informacie\/"},"modified":"2026-02-11T11:07:20","modified_gmt":"2026-02-11T10:07:20","slug":"informace","status":"publish","type":"page","link":"https:\/\/wellnesspatince.sk\/cs\/informace\/","title":{"rendered":"U\u017eite\u010dn\u00e9 informace"},"content":{"rendered":"<p>[vc_row css=&#8221;.vc_custom_1613060678171{padding-top: 50px !important;padding-bottom: 50px !important;}&#8221;][vc_column][vc_column_text]<\/p>\n<h4><strong>V\u00e1\u017een\u00ed host\u00e9, p\u0159ipravili jsme pro v\u00e1s nejd\u016fle\u017eit\u011bj\u0161\u00ed informace pro v\u00e1\u0161 pobyt v na\u0161em hotelu. V p\u0159\u00edpad\u011b dotaz\u016f se obra\u0165te na recepci nebo rezerva\u010dn\u00ed odd\u011blen\u00ed hotelu. P\u0159ejeme v\u00e1m p\u0159\u00edjemn\u00fd pobyt.<\/strong><\/h4>\n<p>[\/vc_column_text][\/vc_column][\/vc_row][vc_row css=&#8221;.vc_custom_1621864516646{padding-top: 0px !important;padding-bottom: 70px !important;}&#8221;][vc_column]<div class=\"mkdf-elements-holder   mkdf-one-column  mkdf-responsive-mode-768 \" ><div class=\"mkdf-eh-item    \"  data-item-class=\"mkdf-eh-custom-8680\">\n\t<div class=\"mkdf-eh-item-inner\">\n\t\t<div class=\"mkdf-eh-item-content mkdf-eh-custom-8680\" style=\"padding: 0px 5% 0px 0%\">\n\t\t\t<div class=\"mkdf-tabs information-tabs mkdf-tabs-boxed\">\n\t<ul class=\"mkdf-tabs-nav clearfix\">\n\t\t\t\t\t<li>\n\t\t\t\t\t\t\t\t\t<a href=\"#tab-recepce\">RECEPCE<\/a>\n\t\t\t\t\t\t\t<\/li>\n\t\t\t\t\t<li>\n\t\t\t\t\t\t\t\t\t<a href=\"#tab-internet\">INTERNET<\/a>\n\t\t\t\t\t\t\t<\/li>\n\t\t\t\t\t<li>\n\t\t\t\t\t\t\t\t\t<a href=\"#tab-parkovani\">PARKOV\u00c1N\u00cd<\/a>\n\t\t\t\t\t\t\t<\/li>\n\t\t\t\t\t<li>\n\t\t\t\t\t\t\t\t\t<a href=\"#tab-stravovani\">STRAVOV\u00c1N\u00cd<\/a>\n\t\t\t\t\t\t\t<\/li>\n\t\t\t\t\t<li>\n\t\t\t\t\t\t\t\t\t<a href=\"#tab-hotelove-sluzby\">HOTELOV\u00c9 SLU\u017dBY<\/a>\n\t\t\t\t\t\t\t<\/li>\n\t\t\t\t\t<li>\n\t\t\t\t\t\t\t\t\t<a href=\"#tab-vybaveni-pro-deti\">VYBAVEN\u00cd PRO D\u011aTI<\/a>\n\t\t\t\t\t\t\t<\/li>\n\t\t\t\t\t<li>\n\t\t\t\t\t\t\t\t\t<a href=\"#tab-animacni-program\">ANIMA\u010cN\u00cd PROGRAM<\/a>\n\t\t\t\t\t\t\t<\/li>\n\t\t\t\t\t<li>\n\t\t\t\t\t\t\t\t\t<a href=\"#tab-platebni-karty\">PLATEBN\u00cd KARTY<\/a>\n\t\t\t\t\t\t\t<\/li>\n\t\t\t\t\t<li>\n\t\t\t\t\t\t\t\t\t<a href=\"#tab-zdravotne-postizeni-hoste\">ZDRAVOTN\u011a POSTI\u017dEN\u00cd HOST\u00c9<\/a>\n\t\t\t\t\t\t\t<\/li>\n\t\t\t\t\t<li>\n\t\t\t\t\t\t\t\t\t<a href=\"#tab-pobyt-s-domacimi-zviraty\">POBYT S DOM\u00c1C\u00cdMI ZV\u00cd\u0158ATY<\/a>\n\t\t\t\t\t\t\t<\/li>\n\t\t\t\t\t<li>\n\t\t\t\t\t\t\t\t\t<a href=\"#tab-koureni\">KOU\u0158EN\u00cd<\/a>\n\t\t\t\t\t\t\t<\/li>\n\t\t\t\t\t<li>\n\t\t\t\t\t\t\t\t\t<a href=\"#tab-wellness-sluzby\">WELLNESS SLU\u017dBY<\/a>\n\t\t\t\t\t\t\t<\/li>\n\t\t\t\t\t<li>\n\t\t\t\t\t\t\t\t\t<a href=\"#tab-oteviraci-doba\">OTEV\u00cdRAC\u00cd DOBA<\/a>\n\t\t\t\t\t\t\t<\/li>\n\t\t\t<\/ul>\n\t<div class=\"mkdf-tab-container\" id=\"tab-recepce-366\">[vc_column_text]Na\u0161e hotelov\u00e1 recepce je v\u00e1m k dispozici 24 hodin denn\u011b. V p\u0159\u00edpad\u011b jak\u00fdchkoli dotaz\u016f, v\u00fdhrad nebo po\u017eadavk\u016f n\u00e1s m\u016f\u017eete kdykoli kontaktovat. P\u0159ed\u00e1me v\u00e1m v\u0161echny d\u016fle\u017eit\u00e9 informace t\u00fdkaj\u00edc\u00ed se va\u0161eho pobytu v na\u0161em hotelu.<\/p>\n<ul>\n<li><strong>CHECK &#8211; IN<\/strong> v hotelu prob\u00edh\u00e1 od 15:00.<\/li>\n<li><strong>CHECK &#8211; OUT<\/strong> z hotelu je mo\u017en\u00fd do 10:00.<\/li>\n<li><strong>LATE CHECK \u2013 OUT<\/strong> \u2014 pokud si p\u0159ejete odjet z hotelu pozd\u011bji, informujte se pros\u00edm na recepci hotelu o dostupnosti. Late check &#8211; out do 13:00 &#8211; 20 \u20ac, do 15:00 30 \u20ac \/ izba.<\/li>\n<li><strong>EARLY CHECK \u2013 IN<\/strong> \u2014 pokud si p\u0159ejete p\u0159ij\u00edt d\u0159\u00edve do hotelu, informujte se pros\u00edm na recepci hotelu o dostupnosti. Cena slu\u017eby \u010din\u00ed 20 \u20ac.<\/li>\n<li><strong>TRANSFER<\/strong> &#8211; pokud m\u00e1te z\u00e1jem o transfer, kontaktujte pros\u00edm na\u0161i hotelovou recepci, r\u00e1di v\u00e1m zajist\u00edme taxi slu\u017ebu z Kom\u00e1rna na m\u00edsto va\u0161eho p\u0159\u00edjezdu\/odjezdu.<\/li>\n<li><strong>P\u0158IST\u00ddLKA<\/strong> &#8211; pokud m\u00e1te z\u00e1jem o p\u0159ist\u00fdlku, kontaktujte pros\u00edm na\u0161i recepci nebo rezerva\u010dn\u00ed odd\u011blen\u00ed. Cena p\u0159ist\u00fdlky je 50 \u20ac \/ noc.<\/li>\n<li><strong>ZTR\u00c1TA \u010cIPOV\u00c9HO N\u00c1RAMKU<\/strong> &#8211; v na\u0161em hotelu plat\u00edte v\u0161ude \u010dipov\u00fdm n\u00e1ramkem. V p\u0159\u00edpad\u011b jeho ztr\u00e1ty \u00fa\u010dtujeme za ka\u017ed\u00fd \u010dipov\u00fd n\u00e1ramek pokutu 33 \u20ac.<\/li>\n<\/ul>\n<p>[\/vc_column_text]<\/div><div class=\"mkdf-tab-container\" id=\"tab-internet-415\">[vc_column_text]V cel\u00e9m hotelu je k dispozici <strong>bezplatn\u00e9 p\u0159ipojen\u00ed<\/strong> k internetu Wi-Fi.[\/vc_column_text]<\/div><div class=\"mkdf-tab-container\" id=\"tab-parkovani-433\">[vc_column_text]B\u011bhem pobytu m\u016f\u017eete <strong>zdarma parkovat<\/strong> na hotelov\u00e9m parkovi\u0161ti.[\/vc_column_text]<\/div><div class=\"mkdf-tab-container\" id=\"tab-stravovani-263\">[vc_column_text]Sv\u00e9 chut\u011b m\u016f\u017eete uspokojit ve stylov\u00e9 hotelov\u00e9 restauraci s kapacitou 80 osob. Lahodn\u00e9 kulin\u00e1\u0159sk\u00e9 speciality, region\u00e1ln\u00ed a mezin\u00e1rodn\u00ed pokrmy, suroviny od m\u00edstn\u00edch a region\u00e1ln\u00edch v\u00fdrobc\u016f a dodavatel\u016f, stejn\u011b jako vst\u0159\u00edcnost a srde\u010dnost na\u0161eho person\u00e1lu jsou z\u00e1rukou nezapomenuteln\u00e9ho gastronomick\u00e9ho z\u00e1\u017eitku. V letn\u00edch m\u011bs\u00edc\u00edch si m\u016f\u017eete vychutnat j\u00eddlo nebo pit\u00ed tak\u00e9 na letn\u00ed terase u rybn\u00edka. Sn\u00eddan\u011b a ve\u010de\u0159e bez n\u00e1poj\u016f jsou zahrnuty v cen\u011b pobytu. V restauraci se doporu\u010duje neform\u00e1ln\u00ed oble\u010den\u00ed. Do hotelov\u00e9 restaurace je zak\u00e1z\u00e1n vstup v plavk\u00e1ch, \u017eupanu a s dom\u00e1c\u00edmi mazl\u00ed\u010dky.<\/p>\n<ul>\n<li><strong>Sn\u00eddan\u011b<\/strong> se pod\u00e1v\u00e1 v hotelov\u00e9 restauraci vedle recepce od 7:30 do 10:00*<\/li>\n<li><strong>Ve\u010de\u0159e<\/strong> se pod\u00e1v\u00e1 od 17:30 do 20:00*<\/li>\n<li><strong>Ob\u011bd <\/strong>&#8211; A la carte menu je k dispozici b\u011bhem otev\u00edrac\u00ed doby restaurace od 12:00 do 15:00<\/li>\n<\/ul>\n<p data-start=\"25\" data-end=\"393\"><strong>*Pro v\u00e1\u0161 maxim\u00e1ln\u00ed komfort a p\u0159\u00edjemn\u00fd z\u00e1\u017eitek z pobytu p\u0159i pln\u00e9 obsazenosti hotelu \u010dasujeme sn\u00eddan\u011b a ve\u010de\u0159e do t\u0159\u00ed skupin. T\u00edmto zp\u016fsobem se vyh\u00fdb\u00e1me p\u0159epln\u011bn\u00ed restaurace a zajist\u00edme, aby si ka\u017ed\u00fd z v\u00e1s mohl v klidu vychutnat sv\u00e9 j\u00eddlo i atmosf\u00e9ru hotelu. B\u011bhem v\u00edkend\u016f nebo p\u0159i pln\u00e9 kapacit\u011b hotelu pod\u00e1v\u00e1me sn\u00eddan\u011b v \u010dase od 7:00 do 10:00 a ve\u010de\u0159e od 17:00 do 20:00.<\/strong><\/p>\n<p data-start=\"395\" data-end=\"490\" data-is-last-node=\"\" data-is-only-node=\"\">\n<p data-start=\"395\" data-end=\"490\" data-is-last-node=\"\" data-is-only-node=\"\">\n<p data-start=\"395\" data-end=\"490\" data-is-last-node=\"\" data-is-only-node=\"\"><span style=\"color: #ff0000;\"><em><strong>Pros\u00edme, informujte n\u00e1s p\u0159edem o bezlepkov\u00e9, bezlakt\u00f3zov\u00e9 nebo jin\u00e9 speci\u00e1ln\u00ed form\u011b stravov\u00e1n\u00ed.<\/strong><\/em><\/span><\/p>\n<p>[\/vc_column_text]<\/div><div class=\"mkdf-tab-container\" id=\"tab-hotelove-sluzby-264\">[vc_column_text]Vybaven\u00ed pro hosty \u2014 \u017eehli\u010dka a \u017eehlic\u00ed prkno k zap\u016fj\u010den\u00ed, prodej suven\u00fdr\u016f, turistick\u00e9 informa\u010dn\u00ed slu\u017eby, pron\u00e1jem audiovizu\u00e1ln\u00ed konferen\u010dn\u00ed techniky (flipchart, dataprojektor, plazmov\u00e1 televize, dle pot\u0159eby&#8230;), kop\u00edrov\u00e1n\u00ed, sekret\u00e1\u0159sk\u00e9 slu\u017eby, tlumo\u010den\u00ed, asisten\u010dn\u00ed slu\u017eby.[\/vc_column_text]<\/div><div class=\"mkdf-tab-container\" id=\"tab-vybaveni-pro-deti-45\">[vc_column_text]<strong>P\u0159i rezervaci n\u00e1s pros\u00edm informujte o pot\u0159eb\u00e1ch sv\u00e9ho d\u00edt\u011bte.<\/strong> D\u011btsk\u00e1 post\u00fdlka (v p\u0159\u00edpad\u011b dostupnosti), vysok\u00e1 \u017eidli\u010dka, d\u011btsk\u00e9 sch\u016fdky, d\u011btsk\u00e1 vani\u010dka, no\u010dn\u00edk, oh\u0159\u00edva\u010d lahv\u00ed, d\u011btsk\u00e1 pojistka do z\u00e1suvky, d\u011btsk\u00fd \u017eupan, d\u011btsk\u00e9 menu v restauraci jsou k dispozici na vy\u017e\u00e1d\u00e1n\u00ed <strong>zdarma<\/strong>. Na na\u0161ej recepcii na hotelov\u00e9 recepci si m\u016f\u017eete zakoupit pot\u0159eby pro miminka \u2014\u00a0 pleny do vody, plaveck\u00e9 ruk\u00e1vky nebo plaveck\u00e9 pot\u0159eby.[\/vc_column_text]<\/div><div class=\"mkdf-tab-container\" id=\"tab-animacni-program-980\">[vc_column_text]<\/p>\n<p data-start=\"106\" data-end=\"374\">Ka\u017ed\u00fd p\u00e1tek a sobotu v mimosez\u00f3n\u011b a b\u011bhem letn\u00ed sez\u00f3ny ka\u017ed\u00fd den prob\u00edh\u00e1 v hotelu z\u00e1bavn\u00fd program pro d\u011bti i dosp\u011bl\u00e9 \u2013 cvi\u010den\u00ed v baz\u00e9nu, sout\u011b\u017ee, d\u011btsk\u00e9 p\u00e1rty a diskot\u00e9ky s maskotem. B\u011bhem va\u0161eho pobytu m\u016f\u017eete vyu\u017e\u00edt d\u011btsk\u00e9 koutky u hotelov\u00e9 recepce a v Thermal parku.<\/p>\n<p>[\/vc_column_text]<\/div><div class=\"mkdf-tab-container\" id=\"tab-platebni-karty-707\">[vc_column_text]V na\u0161em hotelu p\u0159ij\u00edm\u00e1me n\u00e1sleduj\u00edc\u00ed typy kreditn\u00edch karet Master Card, VISA, VISA Electron, International Maestro, American Express. Hotel si vyhrazuje pr\u00e1vo autorizovat platebn\u00ed karty p\u0159i p\u0159\u00edjezdu.[\/vc_column_text]<\/div><div class=\"mkdf-tab-container\" id=\"tab-zdravotne-postizeni-hoste-983\">[vc_column_text]Hotel m\u00e1 2 pokoje pro handicapovan\u00e9 hosty.[\/vc_column_text]<\/div><div class=\"mkdf-tab-container\" id=\"tab-pobyt-s-domacimi-zviraty-207\">[vc_column_text]N\u00e1\u0161 hotel je tak\u00e9 p\u0159\u00e1telsk\u00fd k dom\u00e1c\u00edm mazl\u00ed\u010dk\u016fm. Pobyt s dom\u00e1c\u00edmi mazl\u00ed\u010dky (psy a ko\u010dkami) je u n\u00e1s mo\u017en\u00fd.<strong> Pobyt s nimi v\u0161ak nen\u00ed povolen ve stravovac\u00edch prostor\u00e1ch &#8211; restaurac\u00edch a barech, d\u00e1le v Thermal Parku, Wellness centru, d\u011btsk\u00fdch h\u0159i\u0161t\u00edch a ve venkovn\u00edm are\u00e1lu hotelu a term\u00e1ln\u00edm koupali\u0161ti Patince.<\/strong> V p\u0159\u00edpad\u011b Va\u0161eho z\u00e1jmu V\u00e1m r\u00e1di zdarma zap\u016fj\u010d\u00edme misky na krmivo a vodu. Ve v\u0161ech ve\u0159ejn\u00fdch prostor\u00e1ch mus\u00ed b\u00fdt psi na vod\u00edtku a v doprovodu sv\u00e9ho majitele. Dom\u00e1c\u00ed mazl\u00ed\u010dci nesm\u00ed b\u00fdt ponech\u00e1ni bez dozoru. V p\u0159\u00edpad\u011b po\u0161kozen\u00ed hotelov\u00e9ho majetku je host povinen uhradit vzniklou \u0161kodu v pln\u00e9 v\u00fd\u0161i. Za dom\u00e1c\u00ed zv\u00ed\u0159ata je \u00fa\u010dtov\u00e1n poplatek 20 \u20ac\/noc.[\/vc_column_text]<\/div><div class=\"mkdf-tab-container\" id=\"tab-koureni-415\">[vc_column_text]Wellness Hotel Patince je neku\u0159\u00e1ck\u00fd hotel. Kou\u0159en\u00ed je povoleno pouze na venkovn\u00edch teras\u00e1ch. V pokoj\u00edch a na balkonech je p\u0159\u00edsn\u011b zak\u00e1z\u00e1no kou\u0159it a za ka\u017ed\u00fd p\u0159estupek se \u00fa\u010dtuje <span style=\"color: #ff0000;\"><strong>pokuta 50 \u20ac<\/strong><\/span>.[\/vc_column_text]<\/div><div class=\"mkdf-tab-container\" id=\"tab-wellness-sluzby-302\">[vc_column_text]Cena zahrnuje neomezen\u00fd vstup do Thermal Parku a Wellness centra &#8211;<\/p>\n<ul>\n<li>Term\u00e1ln\u00ed park (baz\u00e9nov\u00fd sv\u011bt) s term\u00e1ln\u00ed vodou: velk\u00fd relaxa\u010dn\u00ed baz\u00e9n, relaxa\u010dn\u00ed baz\u00e9n, v\u00ed\u0159ivka, d\u011btsk\u00fd baz\u00e9n se skluzavkou.<\/li>\n<li>Wellness centrum (saunov\u00fd sv\u011bt) finsk\u00e1, \u0161v\u00e9dsk\u00e1, bylinkov\u00e1, parn\u00ed sauna, infrasauna, whirlpool, ochlazovac\u00ed baz\u00e9n, relaxa\u010dn\u00ed m\u00edstnost<\/li>\n<li>Fitness centrum<\/li>\n<\/ul>\n<p>[\/vc_column_text]<\/div><div class=\"mkdf-tab-container\" id=\"tab-oteviraci-doba-133\">[vc_empty_space height=&#8221;50px&#8221;]<div class=\"mkdf-section-title-holder  mkdf-st-standard mkdf-st-ha-center mkdf-st-title-left mkdf-st-normal-space \" style=\"text-align: center\">\n\t<div class=\"mkdf-st-inner\">\n\t\t\t\t\t\t\t<h3 class=\"mkdf-st-title\" >\n\t\t\t\tOtev\u00edrac\u00ed doba od 1.1.2026\t\t\t\t\t\t\t<\/h3>\n\t\t\t\t\t\t\t<div class=\"mkdf-st-separator\" style=\"background-color: #c59d5f\"><\/div>\n\t\t\t\t\t<\/div>\n<\/div><div class=\"mkdf-section-title-holder  mkdf-st-two-columns  mkdf-st-title-left mkdf-st-normal-space \" >\n\t<div class=\"mkdf-st-inner\">\n\t\t\t\t\t\t\t<h4 class=\"mkdf-st-title\" style=\"color: #c59d5f\">\n\t\t\t\tRestaurace\t\t\t\t\t\t\t<\/h4>\n\t\t\t\t\t\t\t\t\t<h4 class=\"mkdf-st-text\" >\n\t\t\t\tPond\u011bl\u00ed - Ned\u011ble 07:00 - 20:30\t\t\t<\/h4>\n\t\t\t<\/div>\n<\/div><div class=\"mkdf-section-title-holder  mkdf-st-two-columns  mkdf-st-title-left mkdf-st-normal-space \" >\n\t<div class=\"mkdf-st-inner\">\n\t\t\t\t\t\t\t<h4 class=\"mkdf-st-title\" style=\"color: #c59d5f\">\n\t\t\t\tLobby bar\t\t\t\t\t\t\t<\/h4>\n\t\t\t\t\t\t\t\t\t<h4 class=\"mkdf-st-text\" >\n\t\t\t\tPond\u011bl\u00ed - Ned\u011ble 09:00 10:30 \/ 17:00 - 21:00\t\t\t<\/h4>\n\t\t\t<\/div>\n<\/div><div class=\"mkdf-section-title-holder  mkdf-st-two-columns  mkdf-st-title-left mkdf-st-normal-space \" >\n\t<div class=\"mkdf-st-inner\">\n\t\t\t\t\t\t\t<h4 class=\"mkdf-st-title\" style=\"color: #c59d5f\">\n\t\t\t\tPool bar\t\t\t\t\t\t\t<\/h4>\n\t\t\t\t\t\t\t\t\t<h4 class=\"mkdf-st-text\" >\n\t\t\t\tPond\u011bl\u00ed - Ned\u011ble 10:30 - 17:00\t\t\t<\/h4>\n\t\t\t<\/div>\n<\/div><div class=\"mkdf-section-title-holder  mkdf-st-two-columns  mkdf-st-title-left mkdf-st-normal-space \" >\n\t<div class=\"mkdf-st-inner\">\n\t\t\t\t\t\t\t<h4 class=\"mkdf-st-title\" style=\"color: #c59d5f\">\n\t\t\t\tBowling bar\t\t\t\t\t\t\t<\/h4>\n\t\t\t\t\t\t\t\t\t<h4 class=\"mkdf-st-text\" >\n\t\t\t\tSt\u0159eda - Ned\u011ble 17:00 - 24:00\t\t\t<\/h4>\n\t\t\t<\/div>\n<\/div><div class=\"mkdf-section-title-holder  mkdf-st-two-columns  mkdf-st-title-left mkdf-st-normal-space \" >\n\t<div class=\"mkdf-st-inner\">\n\t\t\t\t\t\t\t<h4 class=\"mkdf-st-title\" style=\"color: #c59d5f\">\n\t\t\t\tPanorama Restaurant &amp; Bar\t\t\t\t\t\t\t<\/h4>\n\t\t\t\t\t\t\t\t\t<h4 class=\"mkdf-st-text\" >\n\t\t\t\t\u010ctvrtek - Ned\u011ble 11:00 - 17:00\t\t\t<\/h4>\n\t\t\t<\/div>\n<\/div><div class=\"mkdf-section-title-holder  mkdf-st-two-columns  mkdf-st-title-left mkdf-st-normal-space \" >\n\t<div class=\"mkdf-st-inner\">\n\t\t\t\t\t\t\t<h4 class=\"mkdf-st-title\" style=\"color: #c59d5f\">\n\t\t\t\tTerm\u00e1ln\u00ed park\t\t\t\t\t\t\t<\/h4>\n\t\t\t\t\t\t\t\t\t<h4 class=\"mkdf-st-text\" >\n\t\t\t\tPond\u011bl\u00ed - P\u00e1tek 10:00 - 20:00<br \/>\nSobota - Ned\u011ble 09:00 - 20:00\t\t\t<\/h4>\n\t\t\t<\/div>\n<\/div><div class=\"mkdf-section-title-holder  mkdf-st-two-columns  mkdf-st-title-left mkdf-st-normal-space \" >\n\t<div class=\"mkdf-st-inner\">\n\t\t\t\t\t\t\t<h4 class=\"mkdf-st-title\" style=\"color: #c59d5f\">\n\t\t\t\tWellness centrum\t\t\t\t\t\t\t<\/h4>\n\t\t\t\t\t\t\t\t\t<h4 class=\"mkdf-st-text\" >\n\t\t\t\tNed\u011ble - \u010ctvrtek 16:00 - 20:00<br \/>\nP\u00e1tek - Sobota 14:00 - 20:00\t\t\t<\/h4>\n\t\t\t<\/div>\n<\/div><div class=\"mkdf-section-title-holder  mkdf-st-two-columns  mkdf-st-title-left mkdf-st-normal-space \" >\n\t<div class=\"mkdf-st-inner\">\n\t\t\t\t\t\t\t<h4 class=\"mkdf-st-title\" style=\"color: #c59d5f\">\n\t\t\t\tBeauty centrum\t\t\t\t\t\t\t<\/h4>\n\t\t\t\t\t\t\t\t\t<h4 class=\"mkdf-st-text\" >\n\t\t\t\tNed\u011ble \u2013 Pond\u011bl\u00ed zav\u0159eno, \u00dater\u00fd 13:00 \u2013 17:00,<br \/>\nSt\u0159eda \u2013 Sobota 10:00 \u2013 18:30\t\t\t<\/h4>\n\t\t\t<\/div>\n<\/div><div class=\"mkdf-section-title-holder  mkdf-st-two-columns  mkdf-st-title-left mkdf-st-normal-space \" >\n\t<div class=\"mkdf-st-inner\">\n\t\t\t\t\t\t\t<h4 class=\"mkdf-st-title\" style=\"color: #c59d5f\">\n\t\t\t\tMas\u00e1\u017en\u00ed centrum\t\t\t\t\t\t\t<\/h4>\n\t\t\t\t\t\t\t\t\t<h4 class=\"mkdf-st-text\" >\n\t\t\t\tPond\u011bl\u00ed - Ned\u011ble 12:00 - 20:00\t\t\t<\/h4>\n\t\t\t<\/div>\n<\/div><div class=\"mkdf-section-title-holder  mkdf-st-two-columns  mkdf-st-title-left mkdf-st-normal-space \" >\n\t<div class=\"mkdf-st-inner\">\n\t\t\t\t\t\t\t<h4 class=\"mkdf-st-title\" style=\"color: #c59d5f\">\n\t\t\t\tThajsk\u00e9 mas\u00e1\u017ee\t\t\t\t\t\t\t<\/h4>\n\t\t\t\t\t\t\t\t\t<h4 class=\"mkdf-st-text\" >\n\t\t\t\tPond\u011bl\u00ed - Ned\u011ble 11:00 - 13:00 a 14:00 - 20:00\t\t\t<\/h4>\n\t\t\t<\/div>\n<\/div>[vc_empty_space][vc_column_text]<\/p>\n<p style=\"text-align: center;\"><em><strong>Provozovatel si vyhrazuje pr\u00e1vo na zm\u011bnu provozn\u00ed doby centra (aktualizace minim\u00e1ln\u011b 1 den p\u0159edem na na\u0161ich webov\u00fdch str\u00e1nk\u00e1ch v sekci &#8211; Provozn\u00ed doba a ozn\u00e1men\u00ed).<\/strong><\/em><\/p>\n<p>[\/vc_column_text]<\/div><\/div>\t\t<\/div>\n\t<\/div>\n<\/div><\/div>[\/vc_column][\/vc_row]<\/p>\n","protected":false},"excerpt":{"rendered":"<p>[vc_row css=&#8221;.vc_custom_1613060678171{padding-top: 50px !important;padding-bottom: 50px !important;}&#8221;][vc_column][vc_column_text] V\u00e1\u017een\u00ed host\u00e9, p\u0159ipravili jsme pro v\u00e1s nejd\u016fle\u017eit\u011bj\u0161\u00ed informace pro v\u00e1\u0161 pobyt v na\u0161em hotelu. V p\u0159\u00edpad\u011b dotaz\u016f se obra\u0165te na recepci nebo rezerva\u010dn\u00ed odd\u011blen\u00ed hotelu. P\u0159ejeme v\u00e1m p\u0159\u00edjemn\u00fd pobyt. [\/vc_column_text][\/vc_column][\/vc_row][vc_row css=&#8221;.vc_custom_1621864516646{padding-top: 0px !important;padding-bottom: 70px [&hellip;]<\/p>\n","protected":false},"author":8,"featured_media":0,"parent":0,"menu_order":0,"comment_status":"closed","ping_status":"closed","template":"","meta":{"inline_featured_image":false,"footnotes":"","_wp_rev_ctl_limit":""},"class_list":["post-15167","page","type-page","status-publish","hentry"],"_links":{"self":[{"href":"https:\/\/wellnesspatince.sk\/cs\/wp-json\/wp\/v2\/pages\/15167","targetHints":{"allow":["GET"]}}],"collection":[{"href":"https:\/\/wellnesspatince.sk\/cs\/wp-json\/wp\/v2\/pages"}],"about":[{"href":"https:\/\/wellnesspatince.sk\/cs\/wp-json\/wp\/v2\/types\/page"}],"author":[{"embeddable":true,"href":"https:\/\/wellnesspatince.sk\/cs\/wp-json\/wp\/v2\/users\/8"}],"replies":[{"embeddable":true,"href":"https:\/\/wellnesspatince.sk\/cs\/wp-json\/wp\/v2\/comments?post=15167"}],"version-history":[{"count":68,"href":"https:\/\/wellnesspatince.sk\/cs\/wp-json\/wp\/v2\/pages\/15167\/revisions"}],"predecessor-version":[{"id":26950,"href":"https:\/\/wellnesspatince.sk\/cs\/wp-json\/wp\/v2\/pages\/15167\/revisions\/26950"}],"wp:attachment":[{"href":"https:\/\/wellnesspatince.sk\/cs\/wp-json\/wp\/v2\/media?parent=15167"}],"curies":[{"name":"wp","href":"https:\/\/api.w.org\/{rel}","templated":true}]}}