{"id":14892,"date":"2021-02-11T19:00:16","date_gmt":"2021-02-11T18:00:16","guid":{"rendered":"https:\/\/wellnesspatince.creanet.sk\/pobytove-baliky\/"},"modified":"2026-04-30T10:43:20","modified_gmt":"2026-04-30T08:43:20","slug":"pobytove-balicky","status":"publish","type":"page","link":"https:\/\/wellnesspatince.sk\/cs\/pobytove-balicky\/","title":{"rendered":"Pobytov\u00e9 bal\u00ed\u010dky"},"content":{"rendered":"<p>[vc_row row_content_width=&#8221;grid&#8221; content_text_aligment=&#8221;center&#8221; css=&#8221;.vc_custom_1495445246145{padding-top: 120px !important;padding-bottom: 90px !important;}&#8221;][vc_column]<div class=\"mkdf-pricing-tables clearfix  mkdf-three-columns mkdf-pt-normal-space\"><div class=\"mkdf-pt-wrapper\"><div class=\"mkdf-price-table \">\n\t<div class=\"mkdf-pt-inner\" style=\"background-color: #faf9f8\">\n\t\t<ul>\n\t\t\t\t\t\t\t<li class=\"mkdf-pt-image\">\n\t\t\t\t\t<img loading=\"lazy\" decoding=\"async\" width=\"1920\" height=\"1080\" src=\"https:\/\/wellnesspatince.sk\/wp-content\/uploads\/2024\/02\/generative-ai-ecstatic-parents-kids-pool-1.jpg\" class=\"attachment-full size-full\" alt=\"\" srcset=\"https:\/\/wellnesspatince.sk\/wp-content\/uploads\/2024\/02\/generative-ai-ecstatic-parents-kids-pool-1.jpg 1920w, https:\/\/wellnesspatince.sk\/wp-content\/uploads\/2024\/02\/generative-ai-ecstatic-parents-kids-pool-1-300x169.jpg 300w, https:\/\/wellnesspatince.sk\/wp-content\/uploads\/2024\/02\/generative-ai-ecstatic-parents-kids-pool-1-1024x576.jpg 1024w, https:\/\/wellnesspatince.sk\/wp-content\/uploads\/2024\/02\/generative-ai-ecstatic-parents-kids-pool-1-768x432.jpg 768w, https:\/\/wellnesspatince.sk\/wp-content\/uploads\/2024\/02\/generative-ai-ecstatic-parents-kids-pool-1-1536x864.jpg 1536w, https:\/\/wellnesspatince.sk\/wp-content\/uploads\/2024\/02\/generative-ai-ecstatic-parents-kids-pool-1-1320x743.jpg 1320w, https:\/\/wellnesspatince.sk\/wp-content\/uploads\/2024\/02\/generative-ai-ecstatic-parents-kids-pool-1-600x338.jpg 600w\" sizes=\"auto, (max-width: 1920px) 100vw, 1920px\" \/>\t\t\t\t<\/li>\n\t\t\t\t\t\t\t\t\t\t<li class=\"mkdf-pt-title-holder\">\n\t\t\t\t\t<h5 class=\"mkdf-pt-title\" >WELLNESS POBYT<\/h5>\n\t\t\t\t<\/li>\n\t\t\t\t\t\t<li class=\"mkdf-pt-content\">\n\t\t\t\tRezervujte si pobyt ve <strong data-start=\"46\" data-end=\"73\">Wellness Hotelu Patince<\/strong> a z\u00edskejte <strong data-start=\"85\" data-end=\"102\">3. noc zdarma<\/strong>. Nab\u00eddka plat\u00ed pro pobyty do 30.6.2026 a\u00a0od 1.9.2026 do 21.12.2026.\t\t\t<\/li>\n\t\t\t<li class=\"mkdf-pt-prices\">\n\t\t\t\t\t\t\t\t\t<sup class=\"mkdf-pt-value\" >Akce<\/sup>\n\t\t\t\t\t\t\t\t<span class=\"mkdf-pt-price\" >3.noc zdarma<\/span>\n\t\t\t\t\t\t\t<\/li>\n\t\t\t\t\t\t\t<li class=\"mkdf-pt-button\">\n\t\t\t\t\t<a itemprop=\"url\" href=\"https:\/\/wellnesspatince.sk\/cs\/pobytove-balicky\/wellness-pobyt-noc50zlava\/\" target=\"_self\"  class=\"mkdf-btn mkdf-btn-medium mkdf-btn-outline mkdf-btn-icon\"  >    <span class=\"mkdf-btn-text\">Zobrazit v\u00edce<\/span>    <i class=\"mkdf-icon-linear-icon lnr lnr-arrow-right \" ><\/i><\/a>\t\t\t\t<\/li>\t\t\t\t\n\t\t\t\t\t<\/ul>\n\t<\/div>\n<\/div><div class=\"mkdf-price-table \">\n\t<div class=\"mkdf-pt-inner\" style=\"background-color: #faf9f8\">\n\t\t<ul>\n\t\t\t\t\t\t\t<li class=\"mkdf-pt-image\">\n\t\t\t\t\t<img loading=\"lazy\" decoding=\"async\" width=\"1920\" height=\"1080\" src=\"https:\/\/wellnesspatince.sk\/wp-content\/uploads\/2025\/02\/first-minute-leto_web.jpeg\" class=\"attachment-full size-full\" alt=\"\" srcset=\"https:\/\/wellnesspatince.sk\/wp-content\/uploads\/2025\/02\/first-minute-leto_web.jpeg 1920w, https:\/\/wellnesspatince.sk\/wp-content\/uploads\/2025\/02\/first-minute-leto_web-300x169.jpeg 300w, https:\/\/wellnesspatince.sk\/wp-content\/uploads\/2025\/02\/first-minute-leto_web-1024x576.jpeg 1024w, https:\/\/wellnesspatince.sk\/wp-content\/uploads\/2025\/02\/first-minute-leto_web-768x432.jpeg 768w, https:\/\/wellnesspatince.sk\/wp-content\/uploads\/2025\/02\/first-minute-leto_web-1536x864.jpeg 1536w, https:\/\/wellnesspatince.sk\/wp-content\/uploads\/2025\/02\/first-minute-leto_web-1320x743.jpeg 1320w, https:\/\/wellnesspatince.sk\/wp-content\/uploads\/2025\/02\/first-minute-leto_web-600x338.jpeg 600w\" sizes=\"auto, (max-width: 1920px) 100vw, 1920px\" \/>\t\t\t\t<\/li>\n\t\t\t\t\t\t\t\t\t\t<li class=\"mkdf-pt-title-holder\">\n\t\t\t\t\t<h5 class=\"mkdf-pt-title\" >FIRST MINUTE LETN\u00cd POBYT<\/h5>\n\t\t\t\t<\/li>\n\t\t\t\t\t\t<li class=\"mkdf-pt-content\">\n\t\t\t\tNapl\u00e1nujte si letn\u00ed dovolenou ve Wellness Hotelu Patince s p\u0159edstihem a dop\u0159ejte si v\u00edce odpo\u010dinku za v\u00fdhodn\u011bj\u0161\u00ed cenu. V r\u00e1mci akce First Minute v\u00e1m p\u0159i rezervaci pobytu na 3 noci p\u0159id\u00e1me 1 noc nav\u00edc bez doplatku. Nab\u00eddka plat\u00ed na pobyty v term\u00ednu od 29. 6. do 31. 8. 2026 p\u0159i rezervaci do 31. 5. 2026.\t\t\t<\/li>\n\t\t\t<li class=\"mkdf-pt-prices\">\n\t\t\t\t\t\t\t\t\t<sup class=\"mkdf-pt-value\" >Akce<\/sup>\n\t\t\t\t\t\t\t\t<span class=\"mkdf-pt-price\" >4 noci za cenu 3 noc\u00ed<\/span>\n\t\t\t\t\t\t\t<\/li>\n\t\t\t\t\t\t\t<li class=\"mkdf-pt-button\">\n\t\t\t\t\t<a itemprop=\"url\" href=\"https:\/\/wellnesspatince.sk\/cs\/pobytove-balicky\/letni-pobyt\/\" target=\"_self\"  class=\"mkdf-btn mkdf-btn-medium mkdf-btn-outline mkdf-btn-icon\"  >    <span class=\"mkdf-btn-text\">Zobrazit v\u00edce<\/span>    <i class=\"mkdf-icon-linear-icon lnr lnr-arrow-right \" ><\/i><\/a>\t\t\t\t<\/li>\t\t\t\t\n\t\t\t\t\t<\/ul>\n\t<\/div>\n<\/div><div class=\"mkdf-price-table \">\n\t<div class=\"mkdf-pt-inner\" style=\"background-color: #faf9f8\">\n\t\t<ul>\n\t\t\t\t\t\t\t<li class=\"mkdf-pt-image\">\n\t\t\t\t\t<img loading=\"lazy\" decoding=\"async\" width=\"1920\" height=\"1081\" src=\"https:\/\/wellnesspatince.sk\/wp-content\/uploads\/2025\/02\/rodinne_pobyty_web.jpeg\" class=\"attachment-full size-full\" alt=\"\" srcset=\"https:\/\/wellnesspatince.sk\/wp-content\/uploads\/2025\/02\/rodinne_pobyty_web.jpeg 1920w, https:\/\/wellnesspatince.sk\/wp-content\/uploads\/2025\/02\/rodinne_pobyty_web-300x169.jpeg 300w, https:\/\/wellnesspatince.sk\/wp-content\/uploads\/2025\/02\/rodinne_pobyty_web-1024x577.jpeg 1024w, https:\/\/wellnesspatince.sk\/wp-content\/uploads\/2025\/02\/rodinne_pobyty_web-768x432.jpeg 768w, https:\/\/wellnesspatince.sk\/wp-content\/uploads\/2025\/02\/rodinne_pobyty_web-1536x865.jpeg 1536w, https:\/\/wellnesspatince.sk\/wp-content\/uploads\/2025\/02\/rodinne_pobyty_web-1320x743.jpeg 1320w, https:\/\/wellnesspatince.sk\/wp-content\/uploads\/2025\/02\/rodinne_pobyty_web-600x338.jpeg 600w\" sizes=\"auto, (max-width: 1920px) 100vw, 1920px\" \/>\t\t\t\t<\/li>\n\t\t\t\t\t\t\t\t\t\t<li class=\"mkdf-pt-title-holder\">\n\t\t\t\t\t<h5 class=\"mkdf-pt-title\" >RODINN\u00c9 POBYTY<\/h5>\n\t\t\t\t<\/li>\n\t\t\t\t\t\t<li class=\"mkdf-pt-content\">\n\t\t\t\t<strong>Speci\u00e1ln\u00ed akce<\/strong> \u2013 d\u011bti do 12 let maj\u00ed pobyt na p\u0159ist\u00fdlce \u00fapln\u011b zdarma! Akce plat\u00ed na pobytydo 30.6.2026 a\u00a0od 1.9.2026 do 21.12.2026.\t\t\t<\/li>\n\t\t\t<li class=\"mkdf-pt-prices\">\n\t\t\t\t\t\t\t\t\t<sup class=\"mkdf-pt-value\" >D\u011bti do 12 let<\/sup>\n\t\t\t\t\t\t\t\t<span class=\"mkdf-pt-price\" >Zdarma<\/span>\n\t\t\t\t\t\t\t<\/li>\n\t\t\t\t\t\t\t<li class=\"mkdf-pt-button\">\n\t\t\t\t\t<a itemprop=\"url\" href=\"https:\/\/wellnesspatince.sk\/cs\/pobytove-balicky\/rodinnepobyty\/\" target=\"_self\"  class=\"mkdf-btn mkdf-btn-medium mkdf-btn-outline mkdf-btn-icon\"  >    <span class=\"mkdf-btn-text\">Zobrazit v\u00edce<\/span>    <i class=\"mkdf-icon-linear-icon lnr lnr-arrow-right \" ><\/i><\/a>\t\t\t\t<\/li>\t\t\t\t\n\t\t\t\t\t<\/ul>\n\t<\/div>\n<\/div><\/div><\/div>[\/vc_column][\/vc_row][vc_row row_content_width=&#8221;grid&#8221; content_text_aligment=&#8221;center&#8221; css=&#8221;.vc_custom_1495445246145{padding-top: 120px !important;padding-bottom: 90px !important;}&#8221;][vc_column]<div class=\"mkdf-pricing-tables clearfix  mkdf-three-columns mkdf-pt-normal-space\"><div class=\"mkdf-pt-wrapper\"><div class=\"mkdf-price-table \">\n\t<div class=\"mkdf-pt-inner\" style=\"background-color: #faf9f8\">\n\t\t<ul>\n\t\t\t\t\t\t\t<li class=\"mkdf-pt-image\">\n\t\t\t\t\t<img loading=\"lazy\" decoding=\"async\" width=\"800\" height=\"545\" src=\"https:\/\/wellnesspatince.sk\/wp-content\/uploads\/2023\/03\/Patince_800x545_Senior.jpg\" class=\"attachment-full size-full\" alt=\"\" srcset=\"https:\/\/wellnesspatince.sk\/wp-content\/uploads\/2023\/03\/Patince_800x545_Senior.jpg 800w, https:\/\/wellnesspatince.sk\/wp-content\/uploads\/2023\/03\/Patince_800x545_Senior-300x204.jpg 300w, https:\/\/wellnesspatince.sk\/wp-content\/uploads\/2023\/03\/Patince_800x545_Senior-768x523.jpg 768w, https:\/\/wellnesspatince.sk\/wp-content\/uploads\/2023\/03\/Patince_800x545_Senior-600x409.jpg 600w\" sizes=\"auto, (max-width: 800px) 100vw, 800px\" \/>\t\t\t\t<\/li>\n\t\t\t\t\t\t\t\t\t\t<li class=\"mkdf-pt-title-holder\">\n\t\t\t\t\t<h5 class=\"mkdf-pt-title\" >SENIOR POBYTY<\/h5>\n\t\t\t\t<\/li>\n\t\t\t\t\t\t<li class=\"mkdf-pt-content\">\n\t\t\t\tPobyt na 4 noci za cenu 3 noc\u00ed nebo pobyt na 7 noc\u00ed za cenu 5 noc\u00ed. Procedury v cen\u011b pobytu a v\u00fdhodn\u00e1 cena pobytu.\t\t\t<\/li>\n\t\t\t<li class=\"mkdf-pt-prices\">\n\t\t\t\t\t\t\t\t\t<sup class=\"mkdf-pt-value\" >4 noci za cenu 3 noci<\/sup>\n\t\t\t\t\t\t\t\t<span class=\"mkdf-pt-price\" >Akce<\/span>\n\t\t\t\t\t\t\t<\/li>\n\t\t\t\t\t\t\t<li class=\"mkdf-pt-button\">\n\t\t\t\t\t<a itemprop=\"url\" href=\"https:\/\/wellnesspatince.sk\/cs\/pobytove-balicky\/seniorsky-pobyt\/\" target=\"_self\"  class=\"mkdf-btn mkdf-btn-medium mkdf-btn-outline mkdf-btn-icon\"  >    <span class=\"mkdf-btn-text\">Zobrazit v\u00edce<\/span>    <i class=\"mkdf-icon-linear-icon lnr lnr-arrow-right \" ><\/i><\/a>\t\t\t\t<\/li>\t\t\t\t\n\t\t\t\t\t<\/ul>\n\t<\/div>\n<\/div><div class=\"mkdf-price-table \">\n\t<div class=\"mkdf-pt-inner\" style=\"background-color: #faf9f8\">\n\t\t<ul>\n\t\t\t\t\t\t\t<li class=\"mkdf-pt-image\">\n\t\t\t\t\t<img loading=\"lazy\" decoding=\"async\" width=\"1920\" height=\"1080\" src=\"https:\/\/wellnesspatince.sk\/wp-content\/uploads\/2023\/02\/Wellness_Hotel_Patince_1920x1080_68.jpg\" class=\"attachment-full size-full\" alt=\"\" srcset=\"https:\/\/wellnesspatince.sk\/wp-content\/uploads\/2023\/02\/Wellness_Hotel_Patince_1920x1080_68.jpg 1920w, https:\/\/wellnesspatince.sk\/wp-content\/uploads\/2023\/02\/Wellness_Hotel_Patince_1920x1080_68-300x169.jpg 300w, https:\/\/wellnesspatince.sk\/wp-content\/uploads\/2023\/02\/Wellness_Hotel_Patince_1920x1080_68-1024x576.jpg 1024w, https:\/\/wellnesspatince.sk\/wp-content\/uploads\/2023\/02\/Wellness_Hotel_Patince_1920x1080_68-768x432.jpg 768w, https:\/\/wellnesspatince.sk\/wp-content\/uploads\/2023\/02\/Wellness_Hotel_Patince_1920x1080_68-1536x864.jpg 1536w, https:\/\/wellnesspatince.sk\/wp-content\/uploads\/2023\/02\/Wellness_Hotel_Patince_1920x1080_68-1320x743.jpg 1320w, https:\/\/wellnesspatince.sk\/wp-content\/uploads\/2023\/02\/Wellness_Hotel_Patince_1920x1080_68-600x338.jpg 600w\" sizes=\"auto, (max-width: 1920px) 100vw, 1920px\" \/>\t\t\t\t<\/li>\n\t\t\t\t\t\t\t\t\t\t<li class=\"mkdf-pt-title-holder\">\n\t\t\t\t\t<h5 class=\"mkdf-pt-title\" >Ubytov\u00e1n\u00ed s polopenz\u00ed<\/h5>\n\t\t\t\t<\/li>\n\t\t\t\t\t\t<li class=\"mkdf-pt-content\">\n\t\t\t\tPobytov\u00fd bal\u00ed\u010dek bez dopl\u0148kov\u00fdch slu\u017eeb s polepenz\u00ed, vstupem do Thermal parku a Wellness centra.\t\t\t<\/li>\n\t\t\t<li class=\"mkdf-pt-prices\">\n\t\t\t\t\t\t\t\t\t<sup class=\"mkdf-pt-value\" >Pobyt od<\/sup>\n\t\t\t\t\t\t\t\t<span class=\"mkdf-pt-price\" >1 noci<\/span>\n\t\t\t\t\t\t\t<\/li>\n\t\t\t\t\t\t\t<li class=\"mkdf-pt-button\">\n\t\t\t\t\t<a itemprop=\"url\" href=\"https:\/\/wellnesspatince.sk\/cs\/pobytove-balicky\/ubytovani-s-polopenzi\/\" target=\"_self\"  class=\"mkdf-btn mkdf-btn-medium mkdf-btn-outline mkdf-btn-icon\"  >    <span class=\"mkdf-btn-text\">Zobrazit v\u00edce<\/span>    <i class=\"mkdf-icon-linear-icon lnr lnr-arrow-right \" ><\/i><\/a>\t\t\t\t<\/li>\t\t\t\t\n\t\t\t\t\t<\/ul>\n\t<\/div>\n<\/div><\/div><\/div>[\/vc_column][\/vc_row]<\/p>\n","protected":false},"excerpt":{"rendered":"<p>[vc_row row_content_width=&#8221;grid&#8221; content_text_aligment=&#8221;center&#8221; css=&#8221;.vc_custom_1495445246145{padding-top: 120px !important;padding-bottom: 90px !important;}&#8221;][vc_column][\/vc_column][\/vc_row][vc_row row_content_width=&#8221;grid&#8221; content_text_aligment=&#8221;center&#8221; css=&#8221;.vc_custom_1495445246145{padding-top: 120px !important;padding-bottom: 90px !important;}&#8221;][vc_column][\/vc_column][\/vc_row]<\/p>\n","protected":false},"author":8,"featured_media":0,"parent":0,"menu_order":0,"comment_status":"closed","ping_status":"closed","template":"full-width.php","meta":{"inline_featured_image":false,"footnotes":"","_wp_rev_ctl_limit":""},"class_list":["post-14892","page","type-page","status-publish","hentry"],"_links":{"self":[{"href":"https:\/\/wellnesspatince.sk\/cs\/wp-json\/wp\/v2\/pages\/14892","targetHints":{"allow":["GET"]}}],"collection":[{"href":"https:\/\/wellnesspatince.sk\/cs\/wp-json\/wp\/v2\/pages"}],"about":[{"href":"https:\/\/wellnesspatince.sk\/cs\/wp-json\/wp\/v2\/types\/page"}],"author":[{"embeddable":true,"href":"https:\/\/wellnesspatince.sk\/cs\/wp-json\/wp\/v2\/users\/8"}],"replies":[{"embeddable":true,"href":"https:\/\/wellnesspatince.sk\/cs\/wp-json\/wp\/v2\/comments?post=14892"}],"version-history":[{"count":119,"href":"https:\/\/wellnesspatince.sk\/cs\/wp-json\/wp\/v2\/pages\/14892\/revisions"}],"predecessor-version":[{"id":27315,"href":"https:\/\/wellnesspatince.sk\/cs\/wp-json\/wp\/v2\/pages\/14892\/revisions\/27315"}],"wp:attachment":[{"href":"https:\/\/wellnesspatince.sk\/cs\/wp-json\/wp\/v2\/media?parent=14892"}],"curies":[{"name":"wp","href":"https:\/\/api.w.org\/{rel}","templated":true}]}}