{"id":14632,"date":"2021-02-19T14:00:15","date_gmt":"2021-02-19T13:00:15","guid":{"rendered":"https:\/\/wellnesspatince.creanet.sk\/reklamacny-poriadok\/"},"modified":"2023-03-14T09:32:19","modified_gmt":"2023-03-14T08:32:19","slug":"reklamacny-poriadok","status":"publish","type":"page","link":"https:\/\/wellnesspatince.sk\/cs\/reklamacny-poriadok\/","title":{"rendered":"REKLAMA\u010cN\u00dd PORIADOK"},"content":{"rendered":"<p>[vc_row][vc_column][vc_column_text]<\/p>\n<h2 style=\"text-align: left;\"><b><span style=\"color: #04adaa;\">REKLAMA\u010cN\u00cd \u0158\u00c1D<\/span>\u00a0<\/b><\/h2>\n<p><b>\u00a0 \u00a0 \u00a0 \u00a0 \u00a0 \u00a0 \u00a0 \u00a0 \u00a0 I. P\u0159edm\u011bt Reklama\u010dn\u00edho \u0159\u00e1du a definice pojm\u016f<\/b><\/p>\n<p><b><span style=\"font-weight: 400;\"><strong>1.<\/strong>\u00a0Tento Reklama\u010dn\u00ed \u0159\u00e1d informuje Hosty o podm\u00ednk\u00e1ch, zp\u016fsobech a postupech uplat\u0148ov\u00e1n\u00ed a vy\u0159izov\u00e1n\u00ed jejich Reklamac\u00ed, kter\u00e9 se t\u00fdkaj\u00ed slu\u017eeb, kter\u00e9 Prod\u00e1vaj\u00edc\u00ed poskytuje ve sv\u00e9 Provozovn\u011b nebo mimo ni, a zbo\u017e\u00ed, kter\u00e9 Prod\u00e1vaj\u00edc\u00ed prod\u00e1v\u00e1 ve sv\u00e9 Provozovn\u011b nebo mimo ni, v\u010detn\u011b \u00fadaj\u016f o tom, kde m\u016f\u017ee Host Reklamaci uplatnit, ao prov\u00e1d\u011bn\u00ed z\u00e1ru\u010dn\u00edch oprav.<\/span><\/b><\/p>\n<p><span style=\"font-weight: 400;\"><strong>2.<\/strong> Pro \u00fa\u010dely tohoto Reklama\u010dn\u00edho \u0159\u00e1du maj\u00ed n\u00ed\u017ee uveden\u00e9 pojmy s velk\u00fdmi za\u010d\u00e1te\u010dn\u00edmi p\u00edsmeny pou\u017eit\u00e9 k vyj\u00e1d\u0159en\u00ed textu Reklama\u010dn\u00edho \u0159\u00e1du n\u00e1sleduj\u00edc\u00ed v\u00fdznam:<\/span><\/p>\n<p><span style=\"font-weight: 400;\"><strong>2.1\u201eHost\u201c <\/strong>je spot\u0159ebitel, tzn. fyzick\u00e1 osoba, kter\u00e1 uzav\u0159ela s Prod\u00e1vaj\u00edc\u00edm jako dodavatelem Smlouvu a p\u0159i uzav\u00edr\u00e1n\u00ed a pln\u011bn\u00ed Smlouvy nejedn\u00e1 v r\u00e1mci p\u0159edm\u011btu sv\u00e9 podnikatelsk\u00e9 \u010dinnosti, zam\u011bstn\u00e1n\u00ed nebo povol\u00e1n\u00ed,<\/span><\/p>\n<p><span style=\"font-weight: 400;\"><strong>2.2<\/strong> <strong>\u201eProd\u00e1vaj\u00edc\u00ed\u201c<\/strong> je spole\u010dnost Wellness Invest, a. s. se s\u00eddlem Mal\u00fd trh 2\/A, Bratislava, PS\u010c: 811 08 , I\u010c: 47 240 008, zapsanou vObchodn\u00edm rejst\u0159\u00edku Okresn\u00edho soudu Bratislava I, Odd\u00edl: Sro, Vlo\u017eka \u010d\u00edslo: 5607\/B,<\/span><\/p>\n<p><span style=\"font-weight: 400;\"><strong>2.3 \u201eProvozovna\u201c<\/strong> je ka\u017ed\u00e1 provozovna, ve kter\u00e9 Prod\u00e1vaj\u00edc\u00ed poskytuje slu\u017eby nebo prod\u00e1v\u00e1 zbo\u017e\u00ed. V dob\u011b vypracov\u00e1n\u00ed tohoto Reklama\u010dn\u00edho \u0159\u00e1du Provozovnou Prod\u00e1vaj\u00edc\u00edho je WELLNESS HOTEL PATINCE**** na adrese Patince 431, PS\u010c: 946 39, P\u0159\u00edstav Patince na \u0159ece Dunaj, r.km 1752<\/span><\/p>\n<p><b>2.4 Reklama\u010dn\u00ed \u0159\u00e1d <\/b>je tento REKLAMA\u010cN\u00cd \u0158\u00c1D WELLNESS HOTELA PATINCE**** vypracovan\u00fd Prod\u00e1vaj\u00edc\u00edm,<\/p>\n<p><span style=\"font-weight: 400;\"><strong>2.5 \u201eReklamace\u201c<\/strong> je uplatn\u011bn\u00ed odpov\u011bdnosti za vady slu\u017eby poskytnut\u00e9 Prod\u00e1vaj\u00edc\u00edm Hostovi na z\u00e1klad\u011b Smlouvy nebo za vady zbo\u017e\u00ed prodan\u00e9ho Prod\u00e1vaj\u00edc\u00edm Hostovi na z\u00e1klad\u011b Smlouvy,<\/span><\/p>\n<ul>\n<li><span style=\"font-weight: 400;\"><strong> \u201eVy\u0159\u00edzen\u00ed reklamace\u201c<\/strong> je ukon\u010den\u00ed reklama\u010dn\u00edho \u0159\u00edzen\u00ed v p\u0159\u00edpad\u011b vady zbo\u017e\u00ed p\u0159ed\u00e1n\u00edm opraven\u00e9ho zbo\u017e\u00ed, v\u00fdm\u011bnou zbo\u017e\u00ed, vr\u00e1cen\u00edm kupn\u00ed ceny zbo\u017e\u00ed, vyplacen\u00edm p\u0159im\u011b\u0159en\u00e9 slevy z kupn\u00ed ceny zbo\u017e\u00ed, p\u00edsemnou v\u00fdzvou k p\u0159evzet\u00ed pln\u011bn\u00ed nebo od\u016fvodn\u011bn\u00fdm zam\u00edtnut\u00edm Reklamace,<\/span><\/li>\n<li>v p\u0159\u00edpad\u011b vady slu\u017eby opravou vady slu\u017eby, v\u00fdm\u011bnou slu\u017eby, vr\u00e1cen\u00edm ceny za slu\u017ebu zbo\u017e\u00ed, vyplacen\u00edm p\u0159im\u011b\u0159en\u00e9 slevy z ceny za slu\u017ebu, p\u00edsemnou v\u00fdzvou k p\u0159evzet\u00ed pln\u011bn\u00ed nebo od\u016fvodn\u011bn\u00fdm zam\u00edtnut\u00edm Reklamace.<\/li>\n<\/ul>\n<p><span style=\"font-weight: 400;\"><strong>2.6<\/strong> <strong>\u201eSmlouva\u201c<\/strong> je smlouva uzav\u0159en\u00e1 mezi Hostem na stran\u011b jedn\u00e9 a Prod\u00e1vaj\u00edc\u00edm na stran\u011b druh\u00e9, p\u0159i jej\u00edm\u017e uzav\u00edr\u00e1n\u00ed a pln\u011bn\u00ed Prod\u00e1vaj\u00edc\u00ed jedn\u00e1 v r\u00e1mci p\u0159edm\u011btu sv\u00e9 podnikatelsk\u00e9 \u010dinnosti, a na jej\u00edm\u017e z\u00e1klad\u011b Prod\u00e1vaj\u00edc\u00ed Hostovi \u00faplatn\u011b poskytuje slu\u017ebu nebo prod\u00e1v\u00e1 zbo\u017e\u00ed.<\/span><\/p>\n<p><b>\u00a0 \u00a0 \u00a0 \u00a0 \u00a0 \u00a0 \u00a0 \u00a0 \u00a0II. Odpov\u011bdnost Prod\u00e1vaj\u00edc\u00edho za vady<\/b><\/p>\n<p><b><span style=\"font-weight: 400;\"><strong>1<\/strong>. Host m\u00e1 pr\u00e1vo na v\u00fdrobky a slu\u017eby v b\u011b\u017en\u00e9 kvalit\u011b.<\/span><\/b><\/p>\n<p><span style=\"font-weight: 400;\"><strong>2<\/strong>. Prod\u00e1vaj\u00edc\u00ed odpov\u00edd\u00e1 za vady, kter\u00e9 m\u00e1 slu\u017eba p\u0159i jej\u00edm \u00faplatn\u00e9m poskytnut\u00ed Hostovi. P\u0159i slu\u017eb\u011b poskytovan\u00e9 za ni\u017e\u0161\u00ed cenu Prod\u00e1vaj\u00edc\u00ed neodpov\u00edd\u00e1 za vadu, pro kterou byla sjedn\u00e1na ni\u017e\u0161\u00ed cena slu\u017eby.<\/span><\/p>\n<p><span style=\"font-weight: 400;\"><strong>3.<\/strong> Prod\u00e1vaj\u00edc\u00ed odpov\u00edd\u00e1 za vady, kter\u00e9 m\u00e1 prod\u00e1van\u00e9 zbo\u017e\u00ed p\u0159i jeho p\u0159evzet\u00ed Hostem. P\u0159i pou\u017eit\u00e9m zbo\u017e\u00ed Prod\u00e1vaj\u00edc\u00ed neodpov\u00edd\u00e1 za vady vznikl\u00e9 jejich pou\u017eit\u00edm nebo opot\u0159eben\u00edm. U zbo\u017e\u00ed prod\u00e1van\u00e9ho za ni\u017e\u0161\u00ed cenu Prod\u00e1vaj\u00edc\u00ed neodpov\u00edd\u00e1 za vadu, pro kterou byla sjedn\u00e1na ni\u017e\u0161\u00ed cena zbo\u017e\u00ed.<\/span><\/p>\n<p><span style=\"font-weight: 400;\"><strong>4.<\/strong> Nejde-li o zbo\u017e\u00ed, kter\u00e9 se rychle kaz\u00ed, nebo o pou\u017eit\u00e9 zbo\u017e\u00ed, odpov\u00edd\u00e1 Prod\u00e1vaj\u00edc\u00ed za vady, kter\u00e9 se vyskytnou po p\u0159evzet\u00ed zbo\u017e\u00ed Prod\u00e1vaj\u00edc\u00edm v z\u00e1ru\u010dn\u00ed dob\u011b (z\u00e1ruka).<\/span><\/p>\n<p><span style=\"font-weight: 400;\"><strong>5.<\/strong> Z\u00e1ru\u010dn\u00ed doba je \u010dty\u0159iadvacet (24) m\u011bs\u00edc\u016f. Je-li na prod\u00e1van\u00e9m zbo\u017e\u00ed, jeho obalu nebo n\u00e1vodu k n\u011bmu p\u0159ipojen\u00e9m vyzna\u010dena lh\u016fta k pou\u017eit\u00ed, neskon\u010d\u00ed z\u00e1ru\u010dn\u00ed doba p\u0159ed uplynut\u00edm t\u00e9to lh\u016fty.<\/span><\/p>\n<p><span style=\"font-weight: 400;\"><strong>6.<\/strong> Jde-li o pou\u017eit\u00e9 zbo\u017e\u00ed, Host a Prod\u00e1vaj\u00edc\u00ed se mohou dohodnout i na krat\u0161\u00ed z\u00e1ru\u010dn\u00ed dob\u011b, ne v\u0161ak krat\u0161\u00ed ne\u017e dvan\u00e1ct (12) m\u011bs\u00edc\u016f.<\/span><\/p>\n<p><span style=\"font-weight: 400;\"><strong>7.<\/strong> Na \u017e\u00e1dost kupuj\u00edc\u00edho je Prod\u00e1vaj\u00edc\u00ed povinen poskytnout z\u00e1ruku za zbo\u017e\u00ed p\u00edsemnou formou (z\u00e1ru\u010dn\u00ed list). Pokud to povaha v\u011bci umo\u017e\u0148uje, posta\u010d\u00ed m\u00edsto z\u00e1ru\u010dn\u00edho listu vydat doklad o koupi.<\/span><\/p>\n<p><span style=\"font-weight: 400;\"><strong>8.<\/strong> Z\u00e1ru\u010dn\u00ed doby za\u010d\u00ednaj\u00ed b\u011b\u017eet od p\u0159evzet\u00ed zbo\u017e\u00ed Hostem.<\/span><\/p>\n<p><span style=\"font-weight: 400;\"><strong>9<\/strong>. Doba od uplatn\u011bn\u00ed pr\u00e1va z odpov\u011bdnosti za vady a\u017e do doby, kdy Host po skon\u010den\u00ed opravy bylo povinen zbo\u017e\u00ed p\u0159evz\u00edt, se do z\u00e1ru\u010dn\u00ed doby nepo\u010d\u00edt\u00e1.<\/span><\/p>\n<ul>\n<li>Dojde-li k v\u00fdm\u011bn\u011b, za\u010dne b\u011b\u017eet z\u00e1ru\u010dn\u00ed doba znovu od p\u0159evzet\u00ed nov\u00e9ho zbo\u017e\u00ed. Tot\u00e9\u017e plat\u00ed, dojde-li k v\u00fdm\u011bn\u011b sou\u010d\u00e1stky, na kterou byla poskytnuta z\u00e1ruka.<\/li>\n<li>Prod\u00e1vaj\u00edc\u00ed odpov\u00edd\u00e1 za vady zbo\u017e\u00ed jen pokud zbo\u017e\u00ed p\u0159enechal Hostovi \u00faplatn\u011b (prodal), za vady slu\u017eby jen pokud slu\u017eby poskytl Hostovi \u00faplatn\u011b.<\/li>\n<\/ul>\n<p><b>\u00a0 \u00a0 \u00a0 \u00a0 \u00a0 III. Pr\u00e1va Hosta z odpov\u011bdnosti za vady<\/b><\/p>\n<p><b><span style=\"font-weight: 400;\"><strong>1<\/strong> . Jde-li o vadu slu\u017eby nebo vadu zbo\u017e\u00ed, za kterou Prod\u00e1vaj\u00edc\u00ed odpov\u00edd\u00e1 a kterou lze odstranit, m\u00e1 Host pr\u00e1vo, aby byla bezplatn\u011b, v\u010das a \u0159\u00e1dn\u011b odstran\u011bna. Prod\u00e1vaj\u00edc\u00ed je povinen vadu bez zbyte\u010dn\u00e9ho odkladu odstranit.<\/span><\/b><\/p>\n<p><span style=\"font-weight: 400;\"><strong>2<\/strong>. Host m\u016f\u017ee m\u00edsto odstran\u011bn\u00ed vady po\u017eadovat v\u00fdm\u011bnu zbo\u017e\u00ed, nebo t\u00fdk\u00e1-li se vada jen sou\u010d\u00e1sti zbo\u017e\u00ed, v\u00fdm\u011bnu sou\u010d\u00e1sti, pokud t\u00edm Prod\u00e1vaj\u00edc\u00edmu nevzniknou nep\u0159im\u011b\u0159en\u00e9 n\u00e1klady vzhledem k cen\u011b zbo\u017e\u00ed nebo z\u00e1va\u017enosti vady.<\/span><\/p>\n<p><span style=\"font-weight: 400;\"><strong>3.<\/strong> Prod\u00e1vaj\u00edc\u00ed m\u016f\u017ee v\u017edy nam\u00edsto odstran\u011bn\u00ed vady vym\u011bnit vadnou v\u011bc za bezvadnou, pokud to Hostovi nezp\u016fsob\u00ed z\u00e1va\u017en\u00e9 obt\u00ed\u017ee.<\/span><\/p>\n<p><span style=\"font-weight: 400;\"><strong>4.<\/strong> Jde-li o vadu, kterou nelze odstranit a kter\u00e1 br\u00e1n\u00ed tomu, aby v\u011bc mohla b\u00fdt \u0159\u00e1dn\u011b u\u017e\u00edv\u00e1na jako v\u011bc bez vady, m\u00e1 Host pr\u00e1vo na v\u00fdm\u011bnu v\u011bci nebo m\u00e1 pr\u00e1vo od Smlouvy odstoupit. Stejn\u00e1 pr\u00e1va p\u0159\u00edslu\u0161\u00ed Hostovi, jde-li sice o odstraniteln\u00e9 vady, pokud v\u0161ak Host nem\u016f\u017ee pro op\u011btovn\u00e9 vyskytnut\u00ed se vady po oprav\u011b nebo pro v\u011bt\u0161\u00ed po\u010det vad zbo\u017e\u00ed \u0159\u00e1dn\u011b u\u017e\u00edvat.<\/span><\/p>\n<p><span style=\"font-weight: 400;\"><strong>5<\/strong>. Pokud zbo\u017e\u00ed prod\u00e1van\u00e9 za ni\u017e\u0161\u00ed cenu nebo pou\u017eit\u00e9 zbo\u017e\u00ed m\u00e1 vadu, za kterou Prod\u00e1vaj\u00edc\u00ed odpov\u00edd\u00e1, m\u00e1 Host m\u00edsto pr\u00e1va na v\u00fdm\u011bnu v\u011bci pr\u00e1vo na p\u0159im\u011b\u0159enou slevu.<\/span><\/p>\n<p><b>\u00a0 \u00a0 \u00a0 \u00a0 \u00a0 \u00a0 \u00a0 \u00a0 IV. Uplatn\u011bn\u00ed Reklamace<\/b><\/p>\n<p><b><span style=\"font-weight: 400;\"><strong>1<\/strong>.Reklamaci m\u016f\u017ee uplatnit<\/span><\/b><\/p>\n<p><span style=\"font-weight: 400;\"><strong>1.1<\/strong> Host, kter\u00fd zbo\u017e\u00ed od Prod\u00e1vaj\u00edc\u00edho koupil, jde-li o Reklamaci zbo\u017e\u00ed,<\/span><\/p>\n<p><span style=\"font-weight: 400;\"><strong>1.2<\/strong> Host, kter\u00e9mu byla slu\u017eba Prod\u00e1vaj\u00edc\u00edho \u00faplatn\u011b poskytnuta, jde-li o reklamaci slu\u017eby.<\/span><\/p>\n<p><span style=\"font-weight: 400;\"><strong>2.<\/strong> Host m\u016f\u017ee uplatnit Reklamaci v Provozovn\u011b Prod\u00e1vaj\u00edc\u00edho, ve kter\u00e9 je p\u0159ijet\u00ed Reklamace mo\u017en\u00e9 s ohledem na poskytovan\u00e9 slu\u017eby nebo prod\u00e1van\u00e9 zbo\u017e\u00ed, nebo u ur\u010den\u00e9 osoby (je-li ur\u010dena). Ur\u010den\u00e1 osoba m\u016f\u017ee Reklamaci vy\u0159\u00eddit pouze p\u0159ed\u00e1n\u00edm opraven\u00e9ho zbo\u017e\u00ed, jinak reklamaci postoup\u00ed Prod\u00e1vaj\u00edc\u00edmu k vy\u0159\u00edzen\u00ed.<\/span><\/p>\n<p><span style=\"font-weight: 400;\"><strong>3.<\/strong> V Provozovn\u011b au ur\u010den\u00e9 osoby podle \u010dl\u00e1nku IV. bod 2. Reklama\u010dn\u00edho \u0159\u00e1du mus\u00ed b\u00fdt b\u011bhem provozn\u00ed doby p\u0159\u00edtomn\u00fd zam\u011bstnanec pov\u011b\u0159en vy\u0159izovat Reklamace.<\/span><\/p>\n<p><span style=\"font-weight: 400;\"><strong>4.<\/strong> V Reklamaci je Host povinen pravdiv\u011b uv\u00e9st d\u016fvod Reklamace a pravdiv\u011b skute\u010dnosti, na kter\u00fdch se Reklamace zakl\u00e1d\u00e1. P\u0159i uplatn\u011bn\u00ed Reklamace je Host povinen p\u0159edlo\u017eit:<\/span><\/p>\n<p><span style=\"font-weight: 400;\"><strong>4.1<\/strong> zbo\u017e\u00ed, kter\u00e9ho se Reklamace t\u00fdk\u00e1, jde-li o Reklamaci zbo\u017e\u00ed,<\/span><\/p>\n<p><span style=\"font-weight: 400;\"><strong>4.2<\/strong> doklad o koupi reklamovan\u00e9ho zbo\u017e\u00ed od Prod\u00e1vaj\u00edc\u00edho nebo doklad o \u00faplatn\u00e9m poskytnut\u00ed reklamovan\u00e9 slu\u017eby Prod\u00e1vaj\u00edc\u00edm.<br \/>\nHost je tak\u00e9 povinen poskytnout Prod\u00e1vaj\u00edc\u00edmu sou\u010dinnost pot\u0159ebnou pro Vy\u0159\u00edzen\u00ed Reklamace zejm\u00e9na t\u00edm, \u017ee poskytne Prod\u00e1vaj\u00edc\u00edmu pravdiv\u00e9 informace a vysv\u011btlen\u00ed t\u00fdkaj\u00edc\u00ed se vady poskytnut\u00e9 slu\u017eby nebo prodan\u00e9ho zbo\u017e\u00ed.<\/span><\/p>\n<p><b><span style=\"font-weight: 400;\"><strong>5<\/strong>. Pr\u00e1va z odpov\u011bdnosti za vady zbo\u017e\u00ed, pro kter\u00e9 plat\u00ed z\u00e1ru\u010dn\u00ed doba, zaniknou, nebyla-li uplatn\u011bna v z\u00e1ru\u010dn\u00ed dob\u011b.<\/span><\/b><\/p>\n<p><span style=\"font-weight: 400;\"><strong>6<\/strong>. Pr\u00e1va z odpov\u011bdnosti za vady p\u0159i slu\u017eb\u00e1ch a za vady u zbo\u017e\u00ed, kter\u00e9 se rychle kaz\u00ed, mus\u00ed b\u00fdt uplatn\u011bna nejpozd\u011bji v den n\u00e1sleduj\u00edc\u00ed po poskytnut\u00ed slu\u017eby nebo po koupi zbo\u017e\u00ed; jinak pr\u00e1va zaniknou.<\/span><\/p>\n<p><span style=\"font-weight: 400;\"><strong>7<\/strong>. Jde-li o pou\u017eit\u00e9 zbo\u017e\u00ed, zaniknou pr\u00e1va z odpov\u011bdnosti za vady, nebyla-li uplatn\u011bna do \u010dty\u0159iadvaceti (24) m\u011bs\u00edc\u016f ode dne p\u0159evzet\u00ed pou\u017eit\u00e9ho zbo\u017e\u00ed Hostem nebo do uplynut\u00ed krat\u0161\u00ed z\u00e1ru\u010dn\u00ed doby, na kter\u00e9 se Prod\u00e1vaj\u00edc\u00ed a Host dohodli.<\/span><\/p>\n<p><b>\u00a0 \u00a0 \u00a0 \u00a0 V. Postup uplat\u0148ov\u00e1n\u00ed a vy\u0159izov\u00e1n\u00ed Reklamac\u00ed<\/b><\/p>\n<p><b><span style=\"font-weight: 400;\"><strong>1<\/strong>.Pokud Host uplatn\u00ed Reklamaci, Prod\u00e1vaj\u00edc\u00ed nebo j\u00edm pov\u011b\u0159en\u00fd zam\u011bstnanec nebo ur\u010den\u00e1 osoba pou\u010d\u00ed Hosta o jeho pr\u00e1vech z odpov\u011bdnosti za vady, a na z\u00e1klad\u011b rozhodnut\u00ed Hosta, kter\u00e9 z t\u011bchto pr\u00e1v Host uplat\u0148uje, je povinen ur\u010dit zp\u016fsob Vy\u0159\u00edzen\u00ed Reklamace podle \u010dl\u00e1nku I. bod 2. . 2.6. Reklama\u010dn\u00edho \u0159\u00e1du ihned, ve slo\u017eit\u00fdch p\u0159\u00edpadech nejpozd\u011bji do t\u0159\u00ed (3) pracovn\u00edch dn\u016f ode dne uplatn\u011bn\u00ed Reklamace, v od\u016fvodn\u011bn\u00fdch p\u0159\u00edpadech, zejm\u00e9na vy\u017eaduje-li se slo\u017eit\u00e9 technick\u00e9 zhodnocen\u00ed stavu v\u00fdrobku nebo slu\u017eby, nejpozd\u011bji do t\u0159iceti (30) dn\u016f ode dne uplatn\u011bn\u00ed Reklamace.<\/span><\/b><\/p>\n<p><span style=\"font-weight: 400;\"><strong>2.<\/strong> Po ur\u010den\u00ed zp\u016fsobu Vy\u0159\u00edzen\u00ed Reklamace se Reklamace vy\u0159\u00edd\u00ed ihned, v od\u016fvodn\u011bn\u00fdch p\u0159\u00edpadech lze Reklamaci vy\u0159\u00eddit i pozd\u011bji; Vy\u0159\u00edzen\u00ed Reklamace v\u0161ak nesm\u00ed trvat d\u00e9le ne\u017e t\u0159icet (30) dn\u016f ode dne uplatn\u011bn\u00ed Reklamace.<\/span><\/p>\n<p><span style=\"font-weight: 400;\"><strong>3<\/strong>. Po marn\u00e9m uplynut\u00ed lh\u016fty pro Vy\u0159\u00edzen\u00ed Reklamace m\u00e1 Host pr\u00e1vo od Smlouvy odstoupit nebo m\u00e1 pr\u00e1vo na v\u00fdm\u011bnu zbo\u017e\u00ed za nov\u00e9 zbo\u017e\u00ed.<\/span><\/p>\n<p><span style=\"font-weight: 400;\"><strong>4. <\/strong>Prod\u00e1vaj\u00edc\u00ed je povinen p\u0159i uplatn\u011bn\u00ed Reklamace vydat Hostovi potvrzen\u00ed. Je-li Reklamace uplatn\u011bna prost\u0159ednictv\u00edm prost\u0159edk\u016f d\u00e1lkov\u00e9 komunikace, Prod\u00e1vaj\u00edc\u00ed je povinen potvrzen\u00ed o uplatn\u011bn\u00ed Reklamace doru\u010dit Hostovi ihned; nen\u00ed-li mo\u017en\u00e9 potvrzen\u00ed doru\u010dit ihned, mus\u00ed se doru\u010dit bez zbyte\u010dn\u00e9ho odkladu, nejpozd\u011bji v\u0161ak spolu s dokladem o vy\u0159\u00edzen\u00ed Reklamace; potvrzen\u00ed o uplatn\u011bn\u00ed Reklamace se nemus\u00ed doru\u010dovat, pokud Spot\u0159ebitel m\u00e1 mo\u017enost prok\u00e1zat uplatn\u011bn\u00ed Reklamace jin\u00fdm zp\u016fsobem.<\/span><\/p>\n<p><span style=\"font-weight: 400;\"><strong>5<\/strong>. Prod\u00e1vaj\u00edc\u00ed je povinen o vy\u0159\u00edzen\u00ed Reklamace vydat p\u00edsemn\u00fd doklad nejpozd\u011bji do t\u0159iceti (30) dn\u016f ode dne uplatn\u011bn\u00ed Reklamace.<\/span><\/p>\n<p><b>\u00a0 \u00a0 \u00a0VI. Z\u00e1v\u011bre\u010dn\u00e1 ustanoven\u00ed<\/b><\/p>\n<p><b><span style=\"font-weight: 400;\"><strong>1. <\/strong><\/span><\/b><span style=\"font-weight: 400;\">Pr\u00e1va Hosta a povinnosti Prod\u00e1vaj\u00edc\u00edho p\u0159i uplat\u0148ov\u00e1n\u00ed a vy\u0159izov\u00e1n\u00ed Reklamac\u00ed se \u0159\u00edd\u00ed Z\u00e1konem \u010d.j. \u010d. 40\/1964 Sb. Ob\u010dansk\u00fd z\u00e1kon\u00edk ve zn\u011bn\u00ed pozd\u011bj\u0161\u00edch p\u0159edpis\u016f a z\u00e1konem \u010d.j. 250\/2007 Sb. o ochran\u011b spot\u0159ebitele ao zm\u011bn\u011b z\u00e1kona Slovensk\u00e9 n\u00e1rodn\u00ed rady \u010d.j. 372\/1990 Sb. o p\u0159estupc\u00edch ve zn\u011bn\u00ed pozd\u011bj\u0161\u00edch p\u0159edpis\u016f ve zn\u011bn\u00ed pozd\u011bj\u0161\u00edch p\u0159edpis\u016f.<\/span><\/p>\n<p><span style=\"font-weight: 400;\"><strong>2.<\/strong> Prod\u00e1vaj\u00edc\u00ed je opr\u00e1vn\u011bn zm\u011bnit nebo zcela nahradit tento Reklama\u010dn\u00ed \u0159\u00e1d vyd\u00e1n\u00edm zm\u011bny nebo nov\u00e9ho REKLAMA\u010cN\u00cdHO \u0158\u00c1DU WELLNESS HOTELU PATINCE****.<\/span><\/p>\n<p><span style=\"font-weight: 400;\"><strong>3. <\/strong>Tento Reklama\u010dn\u00ed \u0159\u00e1d nab\u00fdv\u00e1 platnosti dnem jeho vypracov\u00e1n\u00ed Prod\u00e1vaj\u00edc\u00edm a \u00fa\u010dinnost 01.01.2023.<\/span><\/p>\n<p><span style=\"font-weight: 400;\">V Patinciach, d\u0148a 01.01.2023<\/span>[\/vc_column_text][\/vc_column][\/vc_row]<\/p>\n","protected":false},"excerpt":{"rendered":"<p>[vc_row][vc_column][vc_column_text] REKLAMA\u010cN\u00cd \u0158\u00c1D\u00a0 \u00a0 \u00a0 \u00a0 \u00a0 \u00a0 \u00a0 \u00a0 \u00a0 \u00a0 I. P\u0159edm\u011bt Reklama\u010dn\u00edho \u0159\u00e1du a definice pojm\u016f 1.\u00a0Tento Reklama\u010dn\u00ed \u0159\u00e1d informuje Hosty o podm\u00ednk\u00e1ch, zp\u016fsobech a postupech uplat\u0148ov\u00e1n\u00ed a vy\u0159izov\u00e1n\u00ed jejich Reklamac\u00ed, kter\u00e9 se t\u00fdkaj\u00ed slu\u017eeb, kter\u00e9 Prod\u00e1vaj\u00edc\u00ed [&hellip;]<\/p>\n","protected":false},"author":8,"featured_media":0,"parent":0,"menu_order":0,"comment_status":"closed","ping_status":"closed","template":"","meta":{"inline_featured_image":false,"footnotes":"","_wp_rev_ctl_limit":""},"class_list":["post-14632","page","type-page","status-publish","hentry"],"_links":{"self":[{"href":"https:\/\/wellnesspatince.sk\/cs\/wp-json\/wp\/v2\/pages\/14632","targetHints":{"allow":["GET"]}}],"collection":[{"href":"https:\/\/wellnesspatince.sk\/cs\/wp-json\/wp\/v2\/pages"}],"about":[{"href":"https:\/\/wellnesspatince.sk\/cs\/wp-json\/wp\/v2\/types\/page"}],"author":[{"embeddable":true,"href":"https:\/\/wellnesspatince.sk\/cs\/wp-json\/wp\/v2\/users\/8"}],"replies":[{"embeddable":true,"href":"https:\/\/wellnesspatince.sk\/cs\/wp-json\/wp\/v2\/comments?post=14632"}],"version-history":[{"count":4,"href":"https:\/\/wellnesspatince.sk\/cs\/wp-json\/wp\/v2\/pages\/14632\/revisions"}],"predecessor-version":[{"id":21387,"href":"https:\/\/wellnesspatince.sk\/cs\/wp-json\/wp\/v2\/pages\/14632\/revisions\/21387"}],"wp:attachment":[{"href":"https:\/\/wellnesspatince.sk\/cs\/wp-json\/wp\/v2\/media?parent=14632"}],"curies":[{"name":"wp","href":"https:\/\/api.w.org\/{rel}","templated":true}]}}