{"id":14629,"date":"2021-02-19T14:01:06","date_gmt":"2021-02-19T13:01:06","guid":{"rendered":"https:\/\/wellnesspatince.creanet.sk\/ochrana-osobnych-udajov\/"},"modified":"2025-11-13T08:34:05","modified_gmt":"2025-11-13T07:34:05","slug":"ochrana-osobnich-dat","status":"publish","type":"page","link":"https:\/\/wellnesspatince.sk\/cs\/ochrana-osobnich-dat\/","title":{"rendered":"OCHRANA OSOBN\u00cdCH DAT"},"content":{"rendered":"<p>[vc_row row_content_width=&#8221;grid&#8221; css=&#8221;.vc_custom_1494240440152{padding-bottom: 40px !important;}&#8221;][vc_column][vc_column_text]<\/p>\n<h1><strong><span style=\"color: #00b1b0;\">GDPR<\/span><\/strong><\/h1>\n<p>[\/vc_column_text][vc_column_text]Spole\u010dnost WELLNESS Invest, a. s. respektuje soukrom\u00ed v\u0161ech osob, s nimi\u017e p\u0159ich\u00e1z\u00edme do styku, bez ohledu na to, zda osobn\u00ed \u00fadaje zpracov\u00e1v\u00e1me sami nebo prost\u0159ednictv\u00edm jin\u00fdch subjekt\u016f. Je pro n\u00e1s d\u016fle\u017eit\u00e9, aby ka\u017ed\u00fd pochopil, jak\u00e9 osobn\u00ed \u00fadaje o v\u00e1s zpracov\u00e1v\u00e1me, pro\u010d tak \u010din\u00edme a jak\u00e1 jsou va\u0161e pr\u00e1va. Proto v\u00e1m doporu\u010dujeme p\u0159e\u010d\u00edst si tyto z\u00e1sady ochrany osobn\u00edch \u00fadaj\u016f, kter\u00e9 v\u00e1m poskytnou v\u00edce informac\u00ed o zpracov\u00e1n\u00ed va\u0161ich osobn\u00edch \u00fadaj\u016f spole\u010dnost\u00ed WELLNESS Invest, a. s..<\/p>\n<p>Tyto z\u00e1sady ochrany osobn\u00edch \u00fadaj\u016f stanov\u00ed, jak zpracov\u00e1v\u00e1me va\u0161e osobn\u00ed \u00fadaje p\u0159i v\u00fdkonu \u010dinnost\u00ed v pozici spr\u00e1vce nebo zpracovatele.<\/p>\n<p>Toto prohl\u00e1\u0161en\u00ed m\u016f\u017eeme \u010das od \u010dasu aktualizovat bez p\u0159edchoz\u00edho upozorn\u011bn\u00ed. Proto v\u00e1s \u017e\u00e1d\u00e1me, abyste si je pravideln\u011b prohl\u00ed\u017eeli. Tato verze prohl\u00e1\u0161en\u00ed byla vyd\u00e1na dne 11. listopadu 2025.<\/p>\n<p>Spole\u010dnost WELLNESS Invest, a. s. respektuje va\u0161e soukrom\u00ed, bez ohledu na to, zda va\u0161e osobn\u00ed \u00fadaje zpracov\u00e1v\u00e1me sami nebo jm\u00e9nem jin\u00fdch subjekt\u016f. Je pro n\u00e1s d\u016fle\u017eit\u00e9, abyste rozum\u011bli tomu, jak\u00e9 osobn\u00ed \u00fadaje o v\u00e1s zpracov\u00e1v\u00e1me, pro\u010d tak \u010din\u00edme a jak\u00e1 jsou va\u0161e pr\u00e1va. Proto v\u00e1m doporu\u010dujeme p\u0159e\u010d\u00edst si tyto z\u00e1sady ochrany osobn\u00edch \u00fadaj\u016f, kter\u00e9 v\u00e1m poskytnou v\u00edce informac\u00ed o zpracov\u00e1n\u00ed va\u0161ich osobn\u00edch \u00fadaj\u016f spole\u010dnost\u00ed WELLNESS Invest, a. s..<\/p>\n<p>Pokud jste Ostatn\u00ed [N\u00e1v\u0161t\u011bvn\u00edci webov\u00fdch str\u00e1nek provozovatele.], podrobn\u011bj\u0161\u00ed informace o zpracov\u00e1n\u00ed va\u0161ich \u00fadaj\u016f naleznete v \u010d\u00e1sti Prohl\u00e1\u0161en\u00ed o ochran\u011b osobn\u00edch \u00fadaj\u016f \u2013 Ostatn\u00ed [N\u00e1v\u0161t\u011bvn\u00edci webov\u00fdch str\u00e1nek provozovatele.].<\/p>\n<p>Pokud jste b\u00fdval\u00fd zam\u011bstnanec, podrobn\u011bj\u0161\u00ed informace o zpracov\u00e1n\u00ed va\u0161ich \u00fadaj\u016f naleznete v \u010d\u00e1sti Prohl\u00e1\u0161en\u00ed o ochran\u011b osobn\u00edch \u00fadaj\u016f \u2013 B\u00fdval\u00ed zam\u011bstnanci.<\/p>\n<p>Jste-li fyzick\u00e1 osoba [osoba, jej\u00ed\u017e osobn\u00ed \u00fadaje jsou obsa\u017eeny v \u00fa\u010detn\u00edch z\u00e1znamech], podrobn\u011bj\u0161\u00ed informace o zpracov\u00e1n\u00ed va\u0161ich \u00fadaj\u016f naleznete v \u010d\u00e1sti Prohl\u00e1\u0161en\u00ed o ochran\u011b osobn\u00edch \u00fadaj\u016f \u2013 fyzick\u00e9 osoby [osoby, jejich\u017e osobn\u00ed \u00fadaje jsou obsa\u017eeny v \u00fa\u010detn\u00edch z\u00e1znamech].<\/p>\n<p>Jste-li fyzick\u00e1 osoba [osoby pohybuj\u00edc\u00ed se v monitorovan\u00fdch prostor\u00e1ch], podrobn\u011bj\u0161\u00ed informace o zpracov\u00e1n\u00ed va\u0161ich \u00fadaj\u016f naleznete v \u010d\u00e1sti Prohl\u00e1\u0161en\u00ed o ochran\u011b osobn\u00edch \u00fadaj\u016f \u2013 fyzick\u00e9 osoby [osoby pohybuj\u00edc\u00ed se v monitorovan\u00fdch prostor\u00e1ch].<\/p>\n<p>Jste-li fyzick\u00e1 osoba [osoby, kter\u00e9 se z\u00fa\u010dastnily zprost\u0159edkovatelsk\u00fdch sout\u011b\u017e\u00ed], podrobn\u011bj\u0161\u00ed informace o zpracov\u00e1n\u00ed va\u0161ich \u00fadaj\u016f naleznete v \u010d\u00e1sti Prohl\u00e1\u0161en\u00ed o ochran\u011b osobn\u00edch \u00fadaj\u016f \u2013 fyzick\u00e9 osoby [osoby, kter\u00e9 se z\u00fa\u010dastnily zprost\u0159edkovatelsk\u00fdch sout\u011b\u017e\u00ed].<\/p>\n<p>Jste-li fyzick\u00e1 osoba [osoby, jejich\u017e osobn\u00ed \u00fadaje jsou obsa\u017eeny v uchov\u00e1van\u00e9 dokumentaci], podrobn\u011bj\u0161\u00ed informace o zpracov\u00e1n\u00ed va\u0161ich \u00fadaj\u016f naleznete v \u010d\u00e1sti Prohl\u00e1\u0161en\u00ed o ochran\u011b osobn\u00edch \u00fadaj\u016f \u2013 fyzick\u00e9 osoby [osoby, jejich\u017e osobn\u00ed \u00fadaje jsou obsa\u017eeny v uchov\u00e1van\u00e9 dokumentaci].<\/p>\n<p>Jste-li fyzick\u00e1 osoba [oznamovatel\u00e9 a osoby, jejich\u017e osobn\u00ed \u00fadaje jsou obsa\u017eeny v dokumentaci k p\u0159\u00edpadu. ], podrobn\u011bj\u0161\u00ed informace o zpracov\u00e1n\u00ed va\u0161ich \u00fadaj\u016f naleznete v \u010d\u00e1sti Prohl\u00e1\u0161en\u00ed o ochran\u011b osobn\u00edch \u00fadaj\u016f \u2013 fyzick\u00e9 osoby [oznamovatel\u00e9 a osoby, jejich\u017e osobn\u00ed \u00fadaje jsou obsa\u017eeny v dokumentaci k p\u0159\u00edpadu. ].<\/p>\n<p>Pokud jste agent, podrobn\u011bj\u0161\u00ed informace o zpracov\u00e1n\u00ed va\u0161ich \u00fadaj\u016f naleznete v \u010d\u00e1sti Prohl\u00e1\u0161en\u00ed o ochran\u011b osobn\u00edch \u00fadaj\u016f \u2013 agenti.<\/p>\n<p>Pokud jste potenci\u00e1ln\u00ed z\u00e1kazn\u00edk, podrobn\u011bj\u0161\u00ed informace o zpracov\u00e1n\u00ed va\u0161ich \u00fadaj\u016f naleznete v \u010d\u00e1sti Prohl\u00e1\u0161en\u00ed o ochran\u011b osobn\u00edch \u00fadaj\u016f \u2013 potenci\u00e1ln\u00ed z\u00e1kazn\u00edci.<\/p>\n<p>Pokud jste potenci\u00e1ln\u00ed z\u00e1kazn\u00edk [n\u00e1v\u0161t\u011bvn\u00edk webov\u00fdch str\u00e1nek provozovatele], podrobn\u011bj\u0161\u00ed informace o zpracov\u00e1n\u00ed va\u0161ich \u00fadaj\u016f naleznete v \u010d\u00e1sti Prohl\u00e1\u0161en\u00ed o ochran\u011b osobn\u00edch \u00fadaj\u016f \u2013 potenci\u00e1ln\u00ed z\u00e1kazn\u00edci [n\u00e1v\u0161t\u011bvn\u00edci webov\u00fdch str\u00e1nek provozovatele].<\/p>\n<p>Pokud jste potenci\u00e1ln\u00ed z\u00e1kazn\u00edk [odb\u011bratel newsletteru], podrobn\u011bj\u0161\u00ed informace o zpracov\u00e1n\u00ed va\u0161ich \u00fadaj\u016f naleznete v \u010d\u00e1sti Prohl\u00e1\u0161en\u00ed o ochran\u011b osobn\u00edch \u00fadaj\u016f \u2013 potenci\u00e1ln\u00ed z\u00e1kazn\u00edci [odb\u011bratel newsletteru].<\/p>\n<p>Pokud jste potenci\u00e1ln\u00ed z\u00e1kazn\u00edk [osoby, kter\u00e9 nav\u0161t\u00edvily webov\u00e9 str\u00e1nky provozovatele], najdete podrobn\u011bj\u0161\u00ed informace o zpracov\u00e1n\u00ed va\u0161ich \u00fadaj\u016f v \u010d\u00e1sti Prohl\u00e1\u0161en\u00ed o ochran\u011b osobn\u00edch \u00fadaj\u016f \u2013 potenci\u00e1ln\u00ed z\u00e1kazn\u00edci [osoby, kter\u00e9 nav\u0161t\u00edvily webov\u00e9 str\u00e1nky provozovatele].<\/p>\n<p>Pokud jste potenci\u00e1ln\u00ed z\u00e1kazn\u00edk [osoby, kter\u00e9 se z\u00fa\u010dastnily zprost\u0159edkovatelsk\u00fdch sout\u011b\u017e\u00ed], najdete podrobn\u011bj\u0161\u00ed informace o zpracov\u00e1n\u00ed va\u0161ich \u00fadaj\u016f v \u010d\u00e1sti Prohl\u00e1\u0161en\u00ed o ochran\u011b osobn\u00edch \u00fadaj\u016f \u2013 potenci\u00e1ln\u00ed z\u00e1kazn\u00edci [osoby, kter\u00e9 se z\u00fa\u010dastnily zprost\u0159edkovatelsk\u00fdch sout\u011b\u017e\u00ed].<\/p>\n<p>Pokud jste hostem na\u0161eho hotelu, podrobn\u011bj\u0161\u00ed informace o zpracov\u00e1n\u00ed va\u0161ich \u00fadaj\u016f naleznete v \u010d\u00e1sti Prohl\u00e1\u0161en\u00ed o ochran\u011b osobn\u00edch \u00fadaj\u016f \u2013 hotelov\u00ed host\u00e9.<\/p>\n<p>Pokud jste uchaze\u010d o zam\u011bstn\u00e1n\u00ed, podrobn\u011bj\u0161\u00ed informace o zpracov\u00e1n\u00ed va\u0161ich \u00fadaj\u016f naleznete v \u010d\u00e1sti Prohl\u00e1\u0161en\u00ed o ochran\u011b osobn\u00edch \u00fadaj\u016f \u2013 uchaze\u010di o zam\u011bstn\u00e1n\u00ed.<\/p>\n<p>Pokud jste zam\u011bstnancem, najdete podrobn\u011bj\u0161\u00ed informace o zpracov\u00e1n\u00ed va\u0161ich \u00fadaj\u016f v sekci Prohl\u00e1\u0161en\u00ed o ochran\u011b osobn\u00edch \u00fadaj\u016f \u2013 Zam\u011bstnanci.<\/p>\n<p>Pokud jste zam\u011bstnanec [Zam\u011bstnanci pohybuj\u00edc\u00ed se v monitorovan\u00fdch prostor\u00e1ch.], podrobn\u011bj\u0161\u00ed informace o zpracov\u00e1n\u00ed va\u0161ich \u00fadaj\u016f naleznete v \u010d\u00e1sti Prohl\u00e1\u0161en\u00ed o ochran\u011b osobn\u00edch \u00fadaj\u016f \u2013 Zam\u011bstnanci [Zam\u011bstnanci pohybuj\u00edc\u00ed se v monitorovan\u00fdch prostor\u00e1ch.].<\/p>\n<p>Pokud jste z\u00e1kazn\u00edk [\u010dlen v\u011brnostn\u00edho programu], podrobn\u011bj\u0161\u00ed informace o zpracov\u00e1n\u00ed va\u0161ich \u00fadaj\u016f naleznete v \u010d\u00e1sti Prohl\u00e1\u0161en\u00ed o ochran\u011b osobn\u00edch \u00fadaj\u016f \u2013 z\u00e1kazn\u00edci [\u010dlenov\u00e9 v\u011brnostn\u00edho programu].<\/p>\n<p>Pokud jste z\u00e1stupcem obchodn\u00edho partnera, podrobn\u011bj\u0161\u00ed informace o zpracov\u00e1n\u00ed va\u0161ich \u00fadaj\u016f naleznete v \u010d\u00e1sti Prohl\u00e1\u0161en\u00ed o ochran\u011b osobn\u00edch \u00fadaj\u016f \u2013 z\u00e1stupci obchodn\u00edch partner\u016f.<\/p>\n<p>Pokud jste z\u00e1stupcem z\u00e1kazn\u00edka, podrobn\u011bj\u0161\u00ed informace o zpracov\u00e1n\u00ed va\u0161ich \u00fadaj\u016f naleznete v \u010d\u00e1sti Prohl\u00e1\u0161en\u00ed o ochran\u011b osobn\u00edch \u00fadaj\u016f \u2013 z\u00e1stupci z\u00e1kazn\u00edk\u016f.<\/p>\n<p>Pokud jste z\u00e1stupcem partnersk\u00e9 spole\u010dnosti, podrobn\u011bj\u0161\u00ed informace o zpracov\u00e1n\u00ed va\u0161ich \u00fadaj\u016f naleznete v \u010d\u00e1sti Prohl\u00e1\u0161en\u00ed o ochran\u011b osobn\u00edch \u00fadaj\u016f \u2013 z\u00e1stupci partnersk\u00fdch spole\u010dnost\u00ed.<\/p>\n<p>Informace o zpracov\u00e1n\u00ed soubor\u016f cookie naleznete v sekci Webov\u00e9 str\u00e1nky a soubory cookie.<\/p>\n<p>Informace o ochran\u011b osobn\u00edch \u00fadaj\u016f pro akcion\u00e1\u0159e, partnery, statut\u00e1rn\u00ed org\u00e1ny a dozor\u010d\u00ed org\u00e1ny naleznete v sekci Akcion\u00e1\u0159i, partne\u0159i, statut\u00e1rn\u00ed org\u00e1ny a dozor\u010d\u00ed org\u00e1ny.<\/p>\n<p>Pokud chcete nahl\u00e1sit poru\u0161en\u00ed ochrany osobn\u00edch \u00fadaj\u016f nebo zaslat \u017e\u00e1dost t\u00fdkaj\u00edc\u00ed se pr\u00e1v subjektu \u00fadaj\u016f, pou\u017eijte pros\u00edm e-mailovou adresu zodpovednaosoba@ppprotect.sk nebo n\u00e1s kontaktujte po\u0161tou na adrese WELLNESS Invest, a. s..[\/vc_column_text][\/vc_column][\/vc_row]<\/p>\n","protected":false},"excerpt":{"rendered":"<p>[vc_row row_content_width=&#8221;grid&#8221; css=&#8221;.vc_custom_1494240440152{padding-bottom: 40px !important;}&#8221;][vc_column][vc_column_text] GDPR [\/vc_column_text][vc_column_text]Spole\u010dnost WELLNESS Invest, a. s. respektuje soukrom\u00ed v\u0161ech osob, s nimi\u017e p\u0159ich\u00e1z\u00edme do styku, bez ohledu na to, zda osobn\u00ed \u00fadaje zpracov\u00e1v\u00e1me sami nebo prost\u0159ednictv\u00edm jin\u00fdch subjekt\u016f. Je pro n\u00e1s d\u016fle\u017eit\u00e9, aby ka\u017ed\u00fd pochopil, [&hellip;]<\/p>\n","protected":false},"author":8,"featured_media":0,"parent":0,"menu_order":0,"comment_status":"closed","ping_status":"closed","template":"","meta":{"inline_featured_image":false,"footnotes":"","_wp_rev_ctl_limit":""},"class_list":["post-14629","page","type-page","status-publish","hentry"],"_links":{"self":[{"href":"https:\/\/wellnesspatince.sk\/cs\/wp-json\/wp\/v2\/pages\/14629","targetHints":{"allow":["GET"]}}],"collection":[{"href":"https:\/\/wellnesspatince.sk\/cs\/wp-json\/wp\/v2\/pages"}],"about":[{"href":"https:\/\/wellnesspatince.sk\/cs\/wp-json\/wp\/v2\/types\/page"}],"author":[{"embeddable":true,"href":"https:\/\/wellnesspatince.sk\/cs\/wp-json\/wp\/v2\/users\/8"}],"replies":[{"embeddable":true,"href":"https:\/\/wellnesspatince.sk\/cs\/wp-json\/wp\/v2\/comments?post=14629"}],"version-history":[{"count":7,"href":"https:\/\/wellnesspatince.sk\/cs\/wp-json\/wp\/v2\/pages\/14629\/revisions"}],"predecessor-version":[{"id":26619,"href":"https:\/\/wellnesspatince.sk\/cs\/wp-json\/wp\/v2\/pages\/14629\/revisions\/26619"}],"wp:attachment":[{"href":"https:\/\/wellnesspatince.sk\/cs\/wp-json\/wp\/v2\/media?parent=14629"}],"curies":[{"name":"wp","href":"https:\/\/api.w.org\/{rel}","templated":true}]}}