{"id":14625,"date":"2021-02-09T10:17:59","date_gmt":"2021-02-09T09:17:59","guid":{"rendered":"https:\/\/wellnesspatince.creanet.sk\/vernostny-program\/"},"modified":"2025-02-20T09:02:47","modified_gmt":"2025-02-20T08:02:47","slug":"vernostni-program","status":"publish","type":"page","link":"https:\/\/wellnesspatince.sk\/cs\/vernostni-program\/","title":{"rendered":"V\u011brnostn\u00ed klub Patince Aqua Card"},"content":{"rendered":"<p>[vc_row row_content_width=&#8221;grid&#8221; css=&#8221;.vc_custom_1494578109812{padding-top: 110px !important;padding-bottom: 75px !important;}&#8221;][vc_column][vc_empty_space height=&#8221;10px&#8221;]<div class=\"mkdf-section-title-holder  mkdf-st-elegant  mkdf-st-title-left mkdf-st-normal-space \" >\n\t<div class=\"mkdf-st-inner\">\n\t\t\t\t\t<h6 class=\"mkdf-st-subtitle\" style=\"margin-bottom:2px\">\n\t\t\t\tV\u011brnostn\u00ed program\t\t\t<\/h6>\n\t\t\t\t\t\t\t<h2 class=\"mkdf-st-title\" style=\"font-weight: 500\">\n\t\t\t\tPatince Aqua Card\t\t\t\t\t\t\t\t\t<span class=\"mkdf-st-e-separator\" ><\/span>\n\t\t\t\t\t\t\t<\/h2>\n\t\t\t\t\t\t\t\t\t<span class=\"mkdf-st-text\" style=\"line-height:30px;margin-top:15px\">\n\t\t\t\tP\u0159ipravili jsme pro v\u00e1s nov\u00fd v\u011brnostn\u00ed program Patince Aqua Card, se kter\u00fdm z\u00edsk\u00e1te okam\u017eit\u00e9 slevy za vyu\u017e\u00edv\u00e1n\u00ed na\u0161ich slu\u017eeb. Nakupujte za klubov\u00e9 ceny, vyu\u017eijte exkluzivn\u00edch akc\u00ed a slev a nechte se p\u0159ekvapit atraktivn\u00edmi nab\u00eddkami. V\u00fdhodn\u00fd V\u011brnostn\u00ed program s okam\u017eit\u00fdmi slevami 10 \u2013 20%. Exkluzivn\u00ed nab\u00eddky, v\u00fdhodn\u00e9 hotelov\u00e9 akce, vstupy do Thermal parku a Wellness centra a slevy v gastro provozech. Klubovou kartu si m\u016f\u017eete vy\u0159\u00eddit za jednor\u00e1zov\u00fd poplatek 5 \u20ac.\t\t\t<\/span>\n\t\t\t<\/div>\n<\/div>[vc_separator][vc_empty_space height=&#8221;10px&#8221;]<div class=\"mkdf-section-title-holder  mkdf-st-elegant  mkdf-st-title-left mkdf-st-normal-space \" >\n\t<div class=\"mkdf-st-inner\">\n\t\t\t\t\t<h6 class=\"mkdf-st-subtitle\" style=\"margin-bottom:2px\">\n\t\t\t\tJak z\u00edsk\u00e1te \u010dlenstv\u00ed?\t\t\t<\/h6>\n\t\t\t\t\t\t\t\t\t\t\t<span class=\"mkdf-st-text\" style=\"line-height:30px;margin-top:15px\">\n\t\t\t\tRegistrujte se v klubu Patince Aqua Card osobn\u011b na recepci hotelu nebo na pokladn\u00e1ch, vypl\u0148te p\u0159ihla\u0161ovac\u00ed formul\u00e1\u0159 a po zaplacen\u00ed registra\u010dn\u00edho poplatku 5 \u20ac dostanete na po\u010dk\u00e1n\u00ed vlastn\u00ed elektronickou klubovou kartu a m\u016f\u017eete za\u010d\u00edt vyu\u017e\u00edvat v\u011brnostn\u00ed program.\t\t\t<\/span>\n\t\t\t<\/div>\n<\/div>[vc_separator]<div class=\"mkdf-section-title-holder  mkdf-st-elegant  mkdf-st-title-left mkdf-st-normal-space \" >\n\t<div class=\"mkdf-st-inner\">\n\t\t\t\t\t<h6 class=\"mkdf-st-subtitle\" style=\"margin-bottom:2px\">\n\t\t\t\tV\u00fdhody, vyu\u017eit\u00ed a platnost klubov\u00e9 karty?\t\t\t<\/h6>\n\t\t\t\t\t\t\t\t\t\t\t<span class=\"mkdf-st-text\" style=\"line-height:30px;margin-top:15px\">\n\t\t\t\tS klubovou kartou Patince Aqua Card z\u00edsk\u00e1te okam\u017eitou slevu ve v\u00fd\u0161i 10% a\u017e 20% a m\u016f\u017eete vyu\u017e\u00edvat ak\u010dn\u00ed nab\u00eddky, zakoupit v\u00fdhodn\u00e9 hotelov\u00e9 pobyty, z\u00edskat v\u00fdhodn\u00e9 promo k\u00f3dy k n\u00e1kupu p\u0159es online obchod a dal\u0161\u00ed exkluzivn\u00ed nab\u00eddky.<br \/>\nKlubov\u00e1 karta je nep\u0159enosn\u00e1 krom\u011b p\u0159\u00edm\u00fdch rodinn\u00fdch p\u0159\u00edslu\u0161n\u00edk\u016f. Slevu z klubov\u00e9 karty m\u016f\u017ee vyu\u017e\u00edt dr\u017eitel karty a jeho man\u017eel, man\u017eelka nebo d\u011bti do 18 let. Klubov\u00e1 karta m\u00e1 neomezenou platnost. Platnost klubov\u00e9 karty skon\u010d\u00ed jen ukon\u010den\u00edm provozov\u00e1n\u00ed klubov\u00e9ho programu.\t\t\t<\/span>\n\t\t\t<\/div>\n<\/div>[vc_separator]<div class=\"mkdf-section-title-holder  mkdf-st-elegant  mkdf-st-title-left mkdf-st-normal-space \" >\n\t<div class=\"mkdf-st-inner\">\n\t\t\t\t\t<h6 class=\"mkdf-st-subtitle\" style=\"margin-bottom:2px\">\n\t\t\t\tSlevy s klubovou kartou?\t\t\t<\/h6>\n\t\t\t\t\t\t\t\t\t\t\t<span class=\"mkdf-st-text\" style=\"line-height:30px;margin-top:15px\">\n\t\t\t\tSta\u0148te se \u010dlenem v\u011brnostn\u00edho programu a u\u0161et\u0159ete a\u017e 20% pro sebe, svou rodinu. Z\u00edskejte slevy do Thermal parku, na wellness procedury, hotelov\u00e9 pobyty nebo p\u0159i \u00fahrad\u011b v gastronomick\u00fdch za\u0159\u00edzen\u00edch.<br \/>\nSLEVY V PROVOZU WELLNESS HOTEL PATINCE<br \/>\nprovozovan\u00e9 Spole\u010dnost\u00ed:<br \/>\n\u2022 THERMAL PARK A WELLNESS CENTRUM - v\u00fdhodn\u011bj\u0161\u00ed ceny vybran\u00fdch slu\u017eeb (vstupy z pultov\u00e9ho cen\u00edku slu\u017eeb celodenn\u00ed, 3 hodinov\u00fd) iz kategorie d\u00edt\u011b, student, d\u016fchodce, osoba ZTP<br \/>\n\u2022 UBYTOV\u00c1N\u00cd - sleva 15% Wellness Hotel Patince - neplat\u00ed pro ubytov\u00e1n\u00ed s polopenz\u00ed bez n\u00e1hrady, zv\u00fdhodn\u011bn\u00e9 bal\u00ed\u010dky a online rezervace prost\u0159ednictv\u00edm rezerva\u010dn\u00edho syst\u00e9mu.<br \/>\n\u2022 GASTRO - sleva 10% - j\u00eddla a n\u00e1poje z aktu\u00e1ln\u00edho j\u00eddeln\u00edho a n\u00e1pojov\u00e9ho l\u00edstku s v\u00fdjimkou tab\u00e1kov\u00fdch v\u00fdrobk\u016f, denn\u00edho menu, \u0161<br \/>\n\u2022 DOPL\u0147KOV\u00c9 SLU\u017dBY - sleva 10% Wellness Hotel Patince - klasick\u00e9 mas\u00e1\u017ee a procedury, kosmetick\u00e9 slu\u017eby a procedury:\t\t\t<\/span>\n\t\t\t<\/div>\n<\/div>[vc_separator][vc_empty_space height=&#8221;10px&#8221;][vc_empty_space height=&#8221;10px&#8221;]<div class=\"mkdf-accordion-holder mkdf-ac-default  mkdf-accordion mkdf-ac-boxed  clearfix\">\n\t<\/div><div class=\"mkdf-pricing-tables clearfix  mkdf-two-columns mkdf-pt-normal-space\"><div class=\"mkdf-pt-wrapper\"><div class=\"mkdf-price-table loyalty-club-button\">\n\t<div class=\"mkdf-pt-inner\" >\n\t\t<ul>\n\t\t\t\t\t\t\t\t\t<li class=\"mkdf-pt-content\">\n\t\t\t\t\t\t\t<\/li>\n\t\t\t<li class=\"mkdf-pt-prices\">\n\t\t\t\t\t\t\t\t\t<sup class=\"mkdf-pt-value\" >V\u0161eobecn\u00e9 podm\u00ednky a pravidla<\/sup>\n\t\t\t\t\t\t\t\t<span class=\"mkdf-pt-price\" >Patince Aqua Card<\/span>\n\t\t\t\t\t\t\t<\/li>\n\t\t\t\t\t\t\t<li class=\"mkdf-pt-button\">\n\t\t\t\t\t<a itemprop=\"url\" href=\"https:\/\/wellnesspatince.sk\/vseobecne-pravidla-a-podmienky-patince-aqua-card-2023_a5\/\" target=\"_self\"  class=\"mkdf-btn mkdf-btn-medium mkdf-btn-solid mkdf-btn-icon\"  >    <span class=\"mkdf-btn-text\">V\u00edce informac\u00ed<\/span>    <i class=\"mkdf-icon-linear-icon lnr lnr-arrow-right \" ><\/i><\/a>\t\t\t\t<\/li>\t\t\t\t\n\t\t\t\t\t<\/ul>\n\t<\/div>\n<\/div><div class=\"mkdf-price-table loyalty-club-button\">\n\t<div class=\"mkdf-pt-inner\" >\n\t\t<ul>\n\t\t\t\t\t\t\t\t\t<li class=\"mkdf-pt-content\">\n\t\t\t\t\t\t\t<\/li>\n\t\t\t<li class=\"mkdf-pt-prices\">\n\t\t\t\t\t\t\t\t\t<sup class=\"mkdf-pt-value\" >P\u0159ihl\u00e1\u0161ka do v\u011brnostn\u00edho programu<\/sup>\n\t\t\t\t\t\t\t\t<span class=\"mkdf-pt-price\" >Patince Aqua Card<\/span>\n\t\t\t\t\t\t\t<\/li>\n\t\t\t\t\t\t\t<li class=\"mkdf-pt-button\">\n\t\t\t\t\t<a itemprop=\"url\" href=\"https:\/\/wellnesspatince.sk\/wp-content\/uploads\/2023\/08\/Patince_Aqua_Card_prihlaska_2023_SK_TLAC.pdf\" target=\"_self\"  class=\"mkdf-btn mkdf-btn-medium mkdf-btn-solid mkdf-btn-icon\"  >    <span class=\"mkdf-btn-text\">Ke sta\u017een\u00ed<\/span>    <i class=\"mkdf-icon-linear-icon lnr lnr-arrow-right \" ><\/i><\/a>\t\t\t\t<\/li>\t\t\t\t\n\t\t\t\t\t<\/ul>\n\t<\/div>\n<\/div><\/div><\/div>[\/vc_column][\/vc_row]<\/p>\n","protected":false},"excerpt":{"rendered":"<p>[vc_row row_content_width=&#8221;grid&#8221; css=&#8221;.vc_custom_1494578109812{padding-top: 110px !important;padding-bottom: 75px !important;}&#8221;][vc_column][vc_empty_space height=&#8221;10px&#8221;][vc_separator][vc_empty_space height=&#8221;10px&#8221;][vc_separator][vc_separator][vc_separator][vc_empty_space height=&#8221;10px&#8221;][vc_empty_space height=&#8221;10px&#8221;][\/vc_column][\/vc_row]<\/p>\n","protected":false},"author":8,"featured_media":0,"parent":0,"menu_order":0,"comment_status":"closed","ping_status":"closed","template":"full-width.php","meta":{"inline_featured_image":false,"footnotes":"","_wp_rev_ctl_limit":""},"class_list":["post-14625","page","type-page","status-publish","hentry"],"_links":{"self":[{"href":"https:\/\/wellnesspatince.sk\/cs\/wp-json\/wp\/v2\/pages\/14625","targetHints":{"allow":["GET"]}}],"collection":[{"href":"https:\/\/wellnesspatince.sk\/cs\/wp-json\/wp\/v2\/pages"}],"about":[{"href":"https:\/\/wellnesspatince.sk\/cs\/wp-json\/wp\/v2\/types\/page"}],"author":[{"embeddable":true,"href":"https:\/\/wellnesspatince.sk\/cs\/wp-json\/wp\/v2\/users\/8"}],"replies":[{"embeddable":true,"href":"https:\/\/wellnesspatince.sk\/cs\/wp-json\/wp\/v2\/comments?post=14625"}],"version-history":[{"count":15,"href":"https:\/\/wellnesspatince.sk\/cs\/wp-json\/wp\/v2\/pages\/14625\/revisions"}],"predecessor-version":[{"id":25279,"href":"https:\/\/wellnesspatince.sk\/cs\/wp-json\/wp\/v2\/pages\/14625\/revisions\/25279"}],"wp:attachment":[{"href":"https:\/\/wellnesspatince.sk\/cs\/wp-json\/wp\/v2\/media?parent=14625"}],"curies":[{"name":"wp","href":"https:\/\/api.w.org\/{rel}","templated":true}]}}