{"id":14596,"date":"2021-02-24T12:48:01","date_gmt":"2021-02-24T11:48:01","guid":{"rendered":"https:\/\/wellnesspatince.creanet.sk\/akcie\/"},"modified":"2022-12-29T18:03:44","modified_gmt":"2022-12-29T17:03:44","slug":"akce","status":"publish","type":"page","link":"https:\/\/wellnesspatince.sk\/cs\/akce\/","title":{"rendered":"Akce"},"content":{"rendered":"<p>[vc_row][vc_column css=&#8221;.vc_custom_1493886957095{padding-right: 13px !important;}&#8221;]<div class=\"mkdf-elements-holder   mkdf-three-columns  mkdf-responsive-mode-768 \" ><div class=\"mkdf-eh-item    \"  data-item-class=\"mkdf-eh-custom-4512\">\n\t<div class=\"mkdf-eh-item-inner\">\n\t\t<div class=\"mkdf-eh-item-content mkdf-eh-custom-4512\" style=\"padding: 0 0 0 0\">\n\t\t\t<div class=\"mkdf-banner-holder  mkdf-visible-on-default mkdf-banner-info-default\">\n    <div class=\"mkdf-banner-image\">\n            <\/div>\n    <div class=\"mkdf-banner-text-holder\" >\n\t    <div class=\"mkdf-banner-text-outer\">\n\t\t    <div class=\"mkdf-banner-text-inner\">\n\t\t        \t\t            <h6 class=\"mkdf-banner-subtitle\" >\n\t\t\t            Program pro d\u011bti a dosp\u011bl\u00e9\t\t            <\/h6>\n\t\t        \t\t        \t\t            <h5 class=\"mkdf-banner-title\" >\n\t\t                ANIMA\u010cN\u00cd PROGRAM\t                <\/h5>\n\t\t        \t\t\t    \t\t\t\t    <p class=\"mkdf-banner-text\" >D\u011btsk\u00e9 anima\u010dn\u00ed programy s profesion\u00e1ln\u00edmi zku\u0161en\u00fdmi anim\u00e1tory zabav\u00ed nejen d\u011bti, ale i dosp\u011bl\u00e9.<\/p>\n\t\t\t\t\t\t\t\t\t\t            <a itemprop=\"url\" href=\"https:\/\/wellnesspatince.sk\/wp-content\/uploads\/2022\/11\/HoteL_Hills_Animacie_2022_A3-scaled.jpg\" target=\"_self\" class=\"mkdf-banner-link-text mkdf-btn mkdf-btn-solid mkdf-btn-medium mkdf-btn-icon\" >\n\t\t\t            <span class=\"mkdf-btn-text\">Pod\u00edvejte se na program<\/span>\n\t\t\t            <span class=\"mkdf-btn-icon lnr lnr-arrow-right\"><\/span>\n\t\t            <\/a>\n\t\t        \t\t\t<\/div>\n\t\t<\/div>\n\t<\/div>\n\t        <a itemprop=\"url\" class=\"mkdf-banner-link\" href=\"https:\/\/wellnesspatince.sk\/wp-content\/uploads\/2022\/11\/HoteL_Hills_Animacie_2022_A3-scaled.jpg\" target=\"_self\"><\/a>\n    <\/div>\t\t<\/div>\n\t<\/div>\n<\/div><div class=\"mkdf-eh-item    \"  data-item-class=\"mkdf-eh-custom-8281\">\n\t<div class=\"mkdf-eh-item-inner\">\n\t\t<div class=\"mkdf-eh-item-content mkdf-eh-custom-8281\" style=\"padding: 0 0 0 0\">\n\t\t\t<div class=\"mkdf-banner-holder  mkdf-visible-on-default mkdf-banner-info-default\">\n    <div class=\"mkdf-banner-image\">\n            <\/div>\n    <div class=\"mkdf-banner-text-holder\" >\n\t    <div class=\"mkdf-banner-text-outer\">\n\t\t    <div class=\"mkdf-banner-text-inner\">\n\t\t        \t\t        \t\t            <h5 class=\"mkdf-banner-title\" >\n\t\t                CHEF\u00b4S TABLE\t                <\/h5>\n\t\t        \t\t\t    \t\t\t\t    <p class=\"mkdf-banner-text\" >Gastronomick\u00e9 z\u00e1\u017eitkov\u00e9 pobyty s nejlep\u0161\u00edmi \u0161\u00e9fkucha\u0159i na Slovensku. Rezervujte si pobyty a ochutnejte to nejlep\u0161\u00ed z gastronomie.<\/p>\n\t\t\t\t\t\t\t\t\t\t            <a itemprop=\"url\" href=\"https:\/\/wellnesspatince.sk\/wp-content\/uploads\/2022\/12\/Chefs-TABLE_HORIZONT_HILLS_2023_A4-scaled.jpg\" target=\"_blank\" class=\"mkdf-banner-link-text mkdf-btn mkdf-btn-solid mkdf-btn-medium mkdf-btn-icon\" >\n\t\t\t            <span class=\"mkdf-btn-text\">Pod\u00edvejte se na na\u0161i nab\u00eddku<\/span>\n\t\t\t            <span class=\"mkdf-btn-icon lnr lnr-arrow-right\"><\/span>\n\t\t            <\/a>\n\t\t        \t\t\t<\/div>\n\t\t<\/div>\n\t<\/div>\n\t        <a itemprop=\"url\" class=\"mkdf-banner-link\" href=\"https:\/\/wellnesspatince.sk\/wp-content\/uploads\/2022\/12\/Chefs-TABLE_HORIZONT_HILLS_2023_A4-scaled.jpg\" target=\"_blank\"><\/a>\n    <\/div>\t\t<\/div>\n\t<\/div>\n<\/div><div class=\"mkdf-eh-item    \"  data-item-class=\"mkdf-eh-custom-7348\">\n\t<div class=\"mkdf-eh-item-inner\">\n\t\t<div class=\"mkdf-eh-item-content mkdf-eh-custom-7348\" style=\"padding: 0 0 0 0\">\n\t\t\t<div class=\"mkdf-banner-holder  mkdf-visible-on-default mkdf-banner-info-default\">\n    <div class=\"mkdf-banner-image\">\n            <\/div>\n    <div class=\"mkdf-banner-text-holder\" >\n\t    <div class=\"mkdf-banner-text-outer\">\n\t\t    <div class=\"mkdf-banner-text-inner\">\n\t\t        \t\t            <h6 class=\"mkdf-banner-subtitle\" >\n\t\t\t            D\u00e1rkov\u00e9 bal\u00ed\u010dky\t\t            <\/h6>\n\t\t        \t\t        \t\t            <h5 class=\"mkdf-banner-title\" >\n\t\t                Nejlep\u0161\u00ed d\u00e1rky - to jsou wellness a relaxa\u010dn\u00ed z\u00e1\u017eitky.\t                <\/h5>\n\t\t        \t\t\t    \t\t\t\t    <p class=\"mkdf-banner-text\" >Vyberte si z \u0161irok\u00e9 nab\u00eddky na\u0161ich slu\u017eeb a pot\u011b\u0161te skv\u011bl\u00fdm d\u00e1rkem svoji rodinu nebo p\u0159\u00e1tele. D\u00e1rkov\u00e9 bal\u00ed\u010dky si zakoup\u00edte jen online na shop.aquacity.sk<\/p>\n\t\t\t\t\t\t\t\t\t\t            <a itemprop=\"url\" href=\"https:\/\/shop.aquacity.sk\/kategoria-produktu\/aquapark-wellness\/\" target=\"_blank\" class=\"mkdf-banner-link-text mkdf-btn mkdf-btn-solid mkdf-btn-medium mkdf-btn-icon\" >\n\t\t\t            <span class=\"mkdf-btn-text\">V\u00edce informac\u00ed<\/span>\n\t\t\t            <span class=\"mkdf-btn-icon lnr lnr-arrow-right\"><\/span>\n\t\t            <\/a>\n\t\t        \t\t\t<\/div>\n\t\t<\/div>\n\t<\/div>\n\t        <a itemprop=\"url\" class=\"mkdf-banner-link\" href=\"https:\/\/shop.aquacity.sk\/kategoria-produktu\/aquapark-wellness\/\" target=\"_blank\"><\/a>\n    <\/div>\t\t<\/div>\n\t<\/div>\n<\/div><\/div>[\/vc_column][\/vc_row]<\/p>\n","protected":false},"excerpt":{"rendered":"<p>[vc_row][vc_column css=&#8221;.vc_custom_1493886957095{padding-right: 13px !important;}&#8221;][\/vc_column][\/vc_row]<\/p>\n","protected":false},"author":8,"featured_media":0,"parent":0,"menu_order":0,"comment_status":"closed","ping_status":"closed","template":"full-width.php","meta":{"inline_featured_image":false,"footnotes":"","_wp_rev_ctl_limit":""},"class_list":["post-14596","page","type-page","status-publish","hentry"],"_links":{"self":[{"href":"https:\/\/wellnesspatince.sk\/cs\/wp-json\/wp\/v2\/pages\/14596","targetHints":{"allow":["GET"]}}],"collection":[{"href":"https:\/\/wellnesspatince.sk\/cs\/wp-json\/wp\/v2\/pages"}],"about":[{"href":"https:\/\/wellnesspatince.sk\/cs\/wp-json\/wp\/v2\/types\/page"}],"author":[{"embeddable":true,"href":"https:\/\/wellnesspatince.sk\/cs\/wp-json\/wp\/v2\/users\/8"}],"replies":[{"embeddable":true,"href":"https:\/\/wellnesspatince.sk\/cs\/wp-json\/wp\/v2\/comments?post=14596"}],"version-history":[{"count":26,"href":"https:\/\/wellnesspatince.sk\/cs\/wp-json\/wp\/v2\/pages\/14596\/revisions"}],"predecessor-version":[{"id":19336,"href":"https:\/\/wellnesspatince.sk\/cs\/wp-json\/wp\/v2\/pages\/14596\/revisions\/19336"}],"wp:attachment":[{"href":"https:\/\/wellnesspatince.sk\/cs\/wp-json\/wp\/v2\/media?parent=14596"}],"curies":[{"name":"wp","href":"https:\/\/api.w.org\/{rel}","templated":true}]}}